{"id":64898,"date":"2024-09-08T11:12:26","date_gmt":"2024-09-08T11:12:26","guid":{"rendered":"https:\/\/velarogverkfaeri.is\/?post_type=product&#038;p=64898"},"modified":"2025-04-25T19:26:38","modified_gmt":"2025-04-25T19:26:38","slug":"stayer-kex-100-stk-p20-f-bj-120","status":"publish","type":"product","link":"https:\/\/velarogverkfaeri.is\/en\/verkfaeralausnir\/rafmagnsverkfaeri\/aukahlutir-med-rafmagnsverkfaerum-fagmenn\/product\/stayer-kex-100-stk-p20-f-bj-120\/","title":{"rendered":"STAYER Kex 100 stk P20 f. BJ 120"},"content":{"rendered":"<p><img decoding=\"async\" src=\"data:image\/png;base64,iVBORw0KGgoAAAANSUhEUgAAAn4AAABkCAYAAAAYAj20AAAAAXNSR0IArs4c6QAAAARnQU1BAACxjwv8YQUAAAAJcEhZcwAADsMAAA7DAcdvqGQAABW8SURBVHhe7d0NUJTXuQfwv43TzdQRGhuwtqJYkERwhQAG7QoIQRS\/jdzGSq5RcqNoq4ReFRMbzc2IqdFbozFGsbGaaKOJFKNiVCgQkRAqGhMkWBarAjc3LsaEpTpsy533nnf3LCy4IB8Kyvv\/zWzcc55dcMZnnvOc9yu9MjMzFRB1g4qKCgwaNEiOiLoOc4+6E\/OPuouae71u3rzJxo+6RX5+PgwGgxwRdR3mHnUn5h91FzX3viffExEREVEPx8aPiIiISCPY+BERERFpBBs\/IiIiIo1g40dERESkEWz8iIiIiDSCjR8RERGRRrDxIyIiItIINn5EREREGsHGj4iIiEgj2PgRERERaQQbPyIiIiKNYONHREREpBFs\/IiIiIg0go0fERERkUaw8SMiIiLSCDZ+1GNZLPLN3XLXfwFpCdOJukc1So\/m4+INOaQer3ON37clSHt9LuIMUYh\/fgOyrrByUdco3Z+MVS\/aXynYlZ6PKof0u7Z\/NgJ95yKjVk7cadX7EO\/rg4R0s5wgrbFcycGulMb6l1ba8Vy46\/lKPUu9GefeScHyp6Mw9elEbD5aiY6vvufxx8WrkXdNDqnH63jjV5uD5RETsdsUiXkrl2L2yGpsjjZgc6mMt6YqFbFeiciTQ6L2unZ6Hwpv+iFsTIR4ecB8OBnjR8xG2te2+MMT\/wvbdq5EWF\/b+I5zm4iVO3dhWZSLnMjBKq8o7Loih9SjXRSNWnTkMpxEY\/3bPT2ybfXPibuer9RziLV31Rg9Eg8Bj81eiiWzg2B+\/Qks3FstP0DUul43b95U5Pt2sRyei8A3gnDoxGJ4yTnUi1dv21s7y7fVqK3Xoe9DLtDZY1dE4xdZgsSLmxAqp0h78vPzYTAY5Kh98pYOxiafUzgw30POGLE9OgqFzxZh51Nucq6ZG2Zcuyn2xQ+64OG+OjlpY6kVeVoH6H7ghr595GS7iI2QVwp8s7Mwd7CcontWZ3IPX+9DvCEFD+\/Ix2uR9sZfcFL\/VNYa2NuecxbUVpvFf5vVxFY01FA38Xk5R\/e3juefRdQ+PRJqXsOnO6ajYZ\/gbO211zQXUdOcJE5jXp3BS05ql9O1m+57au51+IifzqW\/2PYW4K\/yCIuVY3LUG5EWH4zwiGewPGkiwkfMwK6LYv5UCsZPS0EpDmKZIRjj499Ble0bRB1XXwuzGXjYTTZ92Ynwi0ltyK1aMQ4PjMTylGVICPHB+JR826mR+mpkLA5GYHAk4qbHYFxgMNYXqJFK7IoZjOXZ6odsqlKj4Lc0R47URk8e4at6BwmjFiBDNJ\/bnhI5LZqCQtuHqAeqOvQHFI5eieWOTZ\/Ksf6p+ff8PmQlixoYE4Pl6SbUfvwSYn31GCfyLG6KmnOJyLOf2m2Wr2qujX\/xHWyO1SN8cgwmj9EjWuQezwRrXP0nOJzuggVLHJo+lZO1d3SIyLPpkQj3DcaqbIfLENT4M3oEjlJrnohHv4TPZciqpbWbeoyOn+oNX4ltsWVYY\/BB7NJU5F1seoVB6ZZ5WO+yBpnnjmLnnlPIfH0Q\/vjKPlwbsxLHfz9dfGI61ucX4fjOORho+wpRu1QdWtNwnV\/ixGeQN+VPeClSBpuoRNr6gwh5owg7X9+FA1+W4dBSg\/XoSemWGVhe\/gwOfVGM4yIfP\/00Gwmj23lcZeAcbNu\/FMMwFAn7RU7nr0SIDFHPc6nMCC9DEB6W4xYdTsafRnwkckrk3RwP9A2cj3X5ZfhUrXti7pXAg9j0XqX88K2qjh6D21qRk2peHliMB9N34ATP5mnb\/xjxdxjgO0yOnVDX3lXX5+ODL9RaVIyCAzNQ+FxCw2Uw1rhpfmPN2\/9rDLGFrFpcu2Wc7n+duLnDBaHrinD2xGaEfJ2KxGgfhMfvw0X1kDNKkLmvBpNnBMFSXY1r4mUZMRoBpwrQwUtgiG7h6m2Q1\/j5wcvXGzV7V2NbgbML7N0x0Bso3LtBblB00Fl7OzVPKxG1aD687L3eQy5Nd9JETnz\/gQflO9tlB35etldsqkMj57YYy+IcLjvo6wGvh9RTcJUo\/fgT1PZxQWlZuQw6EfUcfukjE1MfBH+YUHvTNiRta\/nUq62mTVJrmvyM7rH5mD86H+8dVXPTWc3rL1ZzO67dWtC5u3oFndcELNtThIJPtyPkbDIWbTGKWROqqs04kqweapavmRtw4cfu+L7ta0Sd1tc3AlETJ4jXHCx5PR0n1nlhV1KqkwKlQ9TGYmx6ohKbpvggMDoRGdZTF2qeesD3kXYe4SNtewAovdjYsIVuuIKSi1ewbYacsGu+ifj6GNZE6zF14RYUXhdZ+QDzjtpJ5J56PfPFFq+PstU0L085tHKD+4\/FH9aDMmpc5F6flnKPa7cWdLrxs9O5TcCSRUNRVaVmpDsGio1u2Fr1ULPji6fA6O7ReQ7FQHWXKsdN9HZBwJxN1tO8H8wwYnn8BtEgqnlaiS\/\/1vQyBaLWPD5mAnD4IPLa9dyzaqQtXYCqZ\/NxfM86zJ0xAaG+P5QxojYaGIGwgSU4Yj1654yzmlaNqsuAi6t6lNq2NtuaQGe4dmtBBxs\/C\/KSgxH3ej6u2fPLYkRGuhEBI4aLgR+ejB+KjM1voOHSv3ozrn0r3w\/2hhdqYOYDI+kOsVTnY\/u6VNSIBfVxOdfIjHMfn0Wttdjp4DXKIBrEGpHFfhg3ywNZWzfgnP2q+W9LcNF6LcyD6Psj4POzJdZpfHsMm7eqR7Nb8NNB+Bm+s95gQj2bbspvscznIH676B2U2muYqG+m6\/K9U3Wo\/UYsvg\/Jk2q1Z\/Hno63kE5FTQ7HglVmoXrcAm4vsxcaCqqPJiH8xx1rT1LU3a2tqw9pbm70G2z4zYFK42vH5ISzGBRlqXDZ\/tR9nO9zccZu1m3qEDjZ+OoQmrcGwrHkI9x2MUQE+8PONQsZj27Fptu2aloHxf8a2kR\/i33x9EG4IxqgRwUj8QBY6r+l4Up+D5SODRSwF52yzRO1Sum5Mw7VVgeHJKBy2GUd+F2G9aaOJb8tRuG8+xokcHK\/m4qx0hGxZhgARGvbrdLzml454kcPhBvVOt0S89ze1oLohOn4W6t6aiFGj9Bj11BnM\/K16U1ILekdgSqwF22P1GB8wF2m8CL8H88Dc\/VlI+MFmxI0QuRcg8uYRPdabZiFhqv3xQs15IOpZAwoX2uph+C\/346dPRMgYUdvpwtch7S09Ts7Rw+8RH4zy8sHUlO8w6Vlb7bOuvWPE2jtC1KJRIr6wAjMPbMNM9XSvEPCb3VjQOwVT\/dRapUfsYVeENDyT7TZrN\/UIHX6OXwOL2A2YLS0+K8gWh5NnAdmeZ4WWvkc9XqeepdYRLeaiYI81f1aaOn9Th4cfaluSqs+++uf3O\/osQOoqdyz37PWvrc9\/VJ8l+c+25xP1THcq\/5o+I7KZlmqapD7n75\/fayVvW6uXdN\/q1HP8GuhE0rm10rxZ484SR31wJJs+6kIt5qJgj8lhA3W+HYu07iE2fZpir39t\/Tfv0758ImqNWm+cNn2qlmqapOt7m7xtrV7Sfe2O3dxBRERERPc2Nn5EREREGsHGj4iIiEgj2PgRERERaQQbPyIiIiKNYONHREREpBFs\/IiIiIg0go0fERERkUaw8SMiIiLSCDZ+RERERBrBxo+IiIhII9j4EREREWkEGz8iIiIijWDjR0RERKQRbPyIiIiINIKNHxEREZFGsPEjIiIi0gg2fkREREQawcaPiIiISCN65eTkKPI9UZe6fPkyPD095Yio6zD3qDsx\/6i7qLnXSxHkmKhL5ebmYuzYsXJE1HWYe9SdmH\/UXdTc46leIiIiIo1g40dERESkEWz8iIiIiDSCjR8RERGRRrDxIyIiItIINn5EREREGsHGj4iIiEgj2PgRERERaQQbPyIiIiKNYONHREREpBFs\/IiIiIg0go0fERERkUaw8SMiIiLSCDZ+RERERBrBxo+IiIhII9j4EREREWkEGz+idjOh5HAeym\/IIRER0X2i842fpQbVphpY5NCRuSQLxw9nILekRs40slzOs8aO51c4\/S5RS8oPrMCKvcVypDIhd2MS3v1cDlU3ivCHZTtx9q4k1xfYseAF5FbLIWlOQ\/0SG4BKJznWWu0juhMs100wt7T5vCHW5eu3KX71NSjJVnP4Nnnq7GddL0aumv\/Zxahu\/mssYmPclp9L3aYTjZ8Jx5OCETBkKEICVqBAztqVb30CIc\/tRWXlaeyIG4opqRUyIopi5kKETXgVZyqv4KMXghGWlMXmj9rM1WLE+3vEgivHuJGH\/ev34r8\/KJITQskBbMm8Cp1OjonuCIuobRMRMv1VfHQyCzn7kxDuvxC5ZhkWWqt9RJ1WshGxj7pj2PDhiNvdPLeK8WbMUAwbKtbl2Lcba2Rz1zOwIng4knaLHD55BFtmijzdWiaDDm5kYUVQs59VvhVTAubhYOVVVB4Ua7lD\/lsuqH+3SKw90Phzo9c7btLpnqB0Qt03VxVT0Vpl3IAEJUfOWV3do8weEKO885UcX3pTmTxgrnLsH+rgtLLKc6Cy6pQ1oij\/yFQSPYOUDaVyTJqRk9Mka9ru3FolbMDzjTl3IkF5\/KknlckRbyoVcqpie6QyZOEROZL+8Z1iunpVqbHm4a3qakQ+q\/E6OdGMNd+vfqfUKSJnBxiUHZdkgO47Hc49wXj0iGJsyJE65Vi8mzJu899sw1ZrH5FNZ\/JPqbPVsQ\/nuymT37wiJ+3qlBoRM30wVxniUA9vUXNSOfaX7+RAKFVraoJy7F9ybFWn5DzvrUxenOBQW68q+2PdlHn7Gr97fm2Q4r\/ipG3wr6uK8ZJDAT2VrPg71mrqdmrudepUr66fO9x+5IpbDqqcOYUCQxwmDJBjzyhM8M5ATqF4X56HAsRhmsEWQp8oxMRUIPckd8XURn4j8BhOo6TcNiwpykPgrIUIvPQXFJhscxdLi+EXoLcNUIOCl8dg2LBgxMZEImyoO2JTHXa39WV4\/+nhCPCPFHEDQoYMx4pMh1MUanyW2EUHGGzxsBX4TIZIe7xjJsG7oejp4BXgg\/K\/y\/rVWu0juhN0rnBzd4eL07MZOriImJvrg3LcApdQjI90lQPBW62pZaj8XzkWLNkrkPz5ImxcYq+jqgqUF\/vg5yGN3\/WbOBOuH51CiTro7Q5vz2Z\/MZ34O8m3dG+4Kzd3VF4qBgb0h5scAz+EW3+x\/JotwKUylA8Z5BAD3PrpYP6G1wJQG\/XWY7h\/GYxGdVCBgsz+CAoKRVBYHj6xXudXhpIzOgQGDFIHsBx8HnH79HjrvBEfnzmPc+c3wu3lSVj9V2sYJRtnY8U3i3DYeF7EjTh3OBYFz8TjfVkErXHTIpwQv9D6\/YNJ8LKFSPPEpjW9DOPDQ62jVmsf0T3KknMEuR5RGO0hJ25kYfWi05iTmgTv3nLOyh3uQ8rwSWHjem3+qgI1pgo4XvJcfSYDx3cnIfrpLEzb8wIC5TzdG7rorl6RLGIHXPXVVTluyu0ng8VOw3mM6FaDEBikw2fnxCJrykPOdbVg6TA6OhS5HxcB9UYYy0Uj6Kd+1oLj6Rnw\/lUSxtq3nf3i8Fx8Hd59L0sMinFsbwWmLlnUUOB0QYvwK0Me3j2sHsWxxcercftGtl9\/7mDJqjJ1HtbiBfznZKeHX4TWax9Rt1ObvMVHMPblRbCWTNQg94XnUbJkJ37lbZ1wMAi\/+M1MlCQ9gfhlSVjxzBOI3VoGh2OHggklJ7NwcN8RmPrp4XGbg4\/U9e5O49e7eRGsQLkR8BoyCHjg1iy4aCyD91Db0RmitvALDkXlhTJYzhfhbNhIa8FyGx4M10\/+isqSL\/CZ90j49lE\/eRWmSpF7noPVQQN1s4H\/U99dRaVpEIYOsU5LtsUa9ep7NS6awT4tLeykVeYzr2LRGuBFx6MirdU+ontNvQmHlixETvQf8UqMrX2zZL+M5AOAi\/EtrFCbu1fTUHkpDWuXbUSuqIUu497CyQt\/wnNhUZj20lGc2DgZOp2rw2bYHWOTNuKtj4wo3DsCH05pPHtC94a70vh5BIyEy7liyEuwBJNYpN3h8RPxVizOoy8U40vroqoywVQlCqNH04WZqDW64SPhffI03i85jcCQEbZJ\/3EYe+kUckXuVQbpYdus9oe7B\/Dl+aZ3rFVVXoGLyw\/Fu\/7wcK\/A+QuOp+JEvl4SBc56nYwaF3805CuRUL4VcTP2wu\/tP+M\/HI6KtFr7iO4pNcj9jQHJpiTs\/X1UY+M26Em8sn0d5kRGIUI0dxEhPnB19cHPw4Ix0LqZFvXXxQejp0zCaG8dqk9mojzStvluTvfoTEx7NA+fnJcTdE+4O0f8AmMxzbQVW+QF8uaP3saH7nGY4C8G7uMwzZCGLfaL68v34t38SZg+jkdUqB289Qi0nML76UCEQe3MVHrrdX7v7\/4Co4NlMwgdxj89EzWpW3H8upwSi\/ba3Q9i2tRgMdDjF\/N9cHzzVpTL3s+cuRpbzoRiWqT6c\/WImOyKQ2pcNn\/m7Cze3KFlIn9iIzfC6+18\/G5c05NcrdY+ou5Unoa1L6fJOiaaviQDFhqTcDi98TIXlc47FONFU9fwitTDpZ8eY6eEwltt\/MqLcNZeS69nIOU1I\/59wUzrTZ7lW+dhdXbj9X+WC2n48EIwgobLCbo3yDt82+9EgjJkgFvTl8Pt4zWnVivjPNwU\/0Bv5VGPGGWHUQZUxj3KPH8R8\/dT\/D38lOQTDreVk2Z06pEGSp3y4RyRc57Jyhk5ozLteVLkop+y4ZycsKpTjG\/\/UnncY6DyuJqPIp6YflXGhH99p+SsNog89VbC\/AcqQ0S+bihyyMma08qGyeJ3qfFHxGvxWiU5lI9zuZ91PPdOKqtEXbul9jk83qfV2kckdDz\/rig7Im7Nv8QTtmjFm4ZbYkMWZ9pi6iOuBkQqO8QiXfF2zK2fc\/hsE+ojiRrW9jrlfLNaOm+PfJSR6qsjyqpQ8XM8\/WQtbVZrqdupuddLfSN7wDuv3gLz9Tro+rlC1+TOIJWImcTOwLWl29Kpp8vNzcXYsWPlqAu0mo+C+n+hESnp4u7kEUWCxWyC5QGRr\/J0B92\/7nru3S7XSNO6vPZZiZw0i\/p2Jxbc2+S3WivNdeqjZZzXUuo+au7d3bt6e8t\/eKeFz\/a8ITZ91GVazUfB+nyslguVzoVNH7XR7XKNqMuJnLxTC+5t8lutla3VUupeXfQ4FyIiIiLqbmz8iIiIiDSCjR8RERGRRrDxIyIiItIINn5EREREGsHGj4iIiEgj2PgRERERaQQbPyIiIiKNYONHREREpBFs\/IiIiIg0go0fERERkUaw8SMiIiLSCDZ+RERERBrBxo+IiIhII9j4EREREWkEGz8iIiIijWDjR0RERKQRbPyIiIiINKJXTk6OIt8TdanLly\/D09NTjoi6DnOPuhPzj7rL5cuX8f+rvMeNOXqbvAAAAABJRU5ErkJggg==\" alt=\"\"><\/p>","protected":false},"excerpt":{"rendered":"<p>Tegund:&nbsp;11.2493<\/p>","protected":false},"featured_media":67940,"comment_status":"closed","ping_status":"closed","template":"","meta":[],"product_brand":[],"product_cat":[739,592,515],"product_tag":[],"class_list":{"0":"post-64898","1":"product","2":"type-product","3":"status-publish","4":"has-post-thumbnail","6":"product_cat-aukahlutir-med-rafmagnsverkfaerum-fagmenn","7":"product_cat-rafmagnsverkfaeri","8":"product_cat-verkfaeralausnir","10":"first","11":"instock","12":"taxable","13":"shipping-taxable","14":"purchasable","15":"product-type-simple"},"yoast_head":"<!-- This site is optimized with the Yoast SEO plugin v27.3 - https:\/\/yoast.com\/product\/yoast-seo-wordpress\/ -->\n<title>STAYER Kex 100 stk P20 f. BJ 120 - V\u00e9lar &amp; Verkf\u00e6ri<\/title>\n<meta name=\"robots\" content=\"index, follow, max-snippet:-1, max-image-preview:large, max-video-preview:-1\" \/>\n<link rel=\"canonical\" href=\"https:\/\/velarogverkfaeri.is\/en\/verkfaeralausnir\/rafmagnsverkfaeri\/aukahlutir-med-rafmagnsverkfaerum-fagmenn\/product\/stayer-kex-100-stk-p20-f-bj-120\/\" \/>\n<meta property=\"og:locale\" content=\"en_US\" \/>\n<meta property=\"og:type\" content=\"article\" \/>\n<meta property=\"og:title\" content=\"STAYER Kex 100 stk P20 f. BJ 120 - V\u00e9lar &amp; Verkf\u00e6ri\" \/>\n<meta property=\"og:description\" content=\"Tegund:&nbsp;11.2493\" \/>\n<meta property=\"og:url\" content=\"https:\/\/velarogverkfaeri.is\/en\/verkfaeralausnir\/rafmagnsverkfaeri\/aukahlutir-med-rafmagnsverkfaerum-fagmenn\/product\/stayer-kex-100-stk-p20-f-bj-120\/\" \/>\n<meta property=\"og:site_name\" content=\"V\u00e9lar &amp; Verkf\u00e6ri\" \/>\n<meta property=\"article:publisher\" content=\"https:\/\/www.facebook.com\/VelarOgVerkfaeri\" \/>\n<meta property=\"article:modified_time\" content=\"2025-04-25T19:26:38+00:00\" \/>\n<meta property=\"og:image\" content=\"https:\/\/velarogverkfaeri.is\/wp-content\/uploads\/2024\/10\/b8f69d5a-ae1f-4a22-8ed6-e1bd10683f3d.jpeg\" \/>\n\t<meta property=\"og:image:width\" content=\"568\" \/>\n\t<meta property=\"og:image:height\" content=\"568\" \/>\n\t<meta property=\"og:image:type\" content=\"image\/jpeg\" \/>\n<meta name=\"twitter:card\" content=\"summary_large_image\" \/>\n<script type=\"application\/ld+json\" class=\"yoast-schema-graph\">{\"@context\":\"https:\\\/\\\/schema.org\",\"@graph\":[{\"@type\":\"WebPage\",\"@id\":\"https:\\\/\\\/velarogverkfaeri.is\\\/verkfaeralausnir\\\/rafmagnsverkfaeri\\\/aukahlutir-med-rafmagnsverkfaerum-fagmenn\\\/product\\\/stayer-kex-100-stk-p20-f-bj-120\\\/\",\"url\":\"https:\\\/\\\/velarogverkfaeri.is\\\/verkfaeralausnir\\\/rafmagnsverkfaeri\\\/aukahlutir-med-rafmagnsverkfaerum-fagmenn\\\/product\\\/stayer-kex-100-stk-p20-f-bj-120\\\/\",\"name\":\"STAYER Kex 100 stk P20 f. BJ 120 - V\u00e9lar &amp; Verkf\u00e6ri\",\"isPartOf\":{\"@id\":\"https:\\\/\\\/velarogverkfaeri.is\\\/en\\\/#website\"},\"primaryImageOfPage\":{\"@id\":\"https:\\\/\\\/velarogverkfaeri.is\\\/verkfaeralausnir\\\/rafmagnsverkfaeri\\\/aukahlutir-med-rafmagnsverkfaerum-fagmenn\\\/product\\\/stayer-kex-100-stk-p20-f-bj-120\\\/#primaryimage\"},\"image\":{\"@id\":\"https:\\\/\\\/velarogverkfaeri.is\\\/verkfaeralausnir\\\/rafmagnsverkfaeri\\\/aukahlutir-med-rafmagnsverkfaerum-fagmenn\\\/product\\\/stayer-kex-100-stk-p20-f-bj-120\\\/#primaryimage\"},\"thumbnailUrl\":\"https:\\\/\\\/velarogverkfaeri.is\\\/wp-content\\\/uploads\\\/2024\\\/10\\\/b8f69d5a-ae1f-4a22-8ed6-e1bd10683f3d.jpeg\",\"datePublished\":\"2024-09-08T11:12:26+00:00\",\"dateModified\":\"2025-04-25T19:26:38+00:00\",\"breadcrumb\":{\"@id\":\"https:\\\/\\\/velarogverkfaeri.is\\\/verkfaeralausnir\\\/rafmagnsverkfaeri\\\/aukahlutir-med-rafmagnsverkfaerum-fagmenn\\\/product\\\/stayer-kex-100-stk-p20-f-bj-120\\\/#breadcrumb\"},\"inLanguage\":\"en-US\",\"potentialAction\":[{\"@type\":\"ReadAction\",\"target\":[\"https:\\\/\\\/velarogverkfaeri.is\\\/verkfaeralausnir\\\/rafmagnsverkfaeri\\\/aukahlutir-med-rafmagnsverkfaerum-fagmenn\\\/product\\\/stayer-kex-100-stk-p20-f-bj-120\\\/\"]}]},{\"@type\":\"ImageObject\",\"inLanguage\":\"en-US\",\"@id\":\"https:\\\/\\\/velarogverkfaeri.is\\\/verkfaeralausnir\\\/rafmagnsverkfaeri\\\/aukahlutir-med-rafmagnsverkfaerum-fagmenn\\\/product\\\/stayer-kex-100-stk-p20-f-bj-120\\\/#primaryimage\",\"url\":\"https:\\\/\\\/velarogverkfaeri.is\\\/wp-content\\\/uploads\\\/2024\\\/10\\\/b8f69d5a-ae1f-4a22-8ed6-e1bd10683f3d.jpeg\",\"contentUrl\":\"https:\\\/\\\/velarogverkfaeri.is\\\/wp-content\\\/uploads\\\/2024\\\/10\\\/b8f69d5a-ae1f-4a22-8ed6-e1bd10683f3d.jpeg\",\"width\":568,\"height\":568},{\"@type\":\"BreadcrumbList\",\"@id\":\"https:\\\/\\\/velarogverkfaeri.is\\\/verkfaeralausnir\\\/rafmagnsverkfaeri\\\/aukahlutir-med-rafmagnsverkfaerum-fagmenn\\\/product\\\/stayer-kex-100-stk-p20-f-bj-120\\\/#breadcrumb\",\"itemListElement\":[{\"@type\":\"ListItem\",\"position\":1,\"name\":\"Home\",\"item\":\"https:\\\/\\\/velarogverkfaeri.is\\\/\"},{\"@type\":\"ListItem\",\"position\":2,\"name\":\"Vefverslun\",\"item\":\"https:\\\/\\\/velarogverkfaeri.is\\\/vefverslun\\\/\"},{\"@type\":\"ListItem\",\"position\":3,\"name\":\"STAYER Kex 100 stk P20 f. BJ 120\"}]},{\"@type\":\"WebSite\",\"@id\":\"https:\\\/\\\/velarogverkfaeri.is\\\/en\\\/#website\",\"url\":\"https:\\\/\\\/velarogverkfaeri.is\\\/en\\\/\",\"name\":\"V\u00e9lar & Verkf\u00e6ri\",\"description\":\"Umbo\u00f0s- og heildverslun fr\u00e1 \u00e1rinu 1919\",\"publisher\":{\"@id\":\"https:\\\/\\\/velarogverkfaeri.is\\\/en\\\/#organization\"},\"potentialAction\":[{\"@type\":\"SearchAction\",\"target\":{\"@type\":\"EntryPoint\",\"urlTemplate\":\"https:\\\/\\\/velarogverkfaeri.is\\\/en\\\/?s={search_term_string}\"},\"query-input\":{\"@type\":\"PropertyValueSpecification\",\"valueRequired\":true,\"valueName\":\"search_term_string\"}}],\"inLanguage\":\"en-US\"},{\"@type\":\"Organization\",\"@id\":\"https:\\\/\\\/velarogverkfaeri.is\\\/en\\\/#organization\",\"name\":\"V\u00e9lar & Verkf\u00e6ri\",\"url\":\"https:\\\/\\\/velarogverkfaeri.is\\\/en\\\/\",\"logo\":{\"@type\":\"ImageObject\",\"inLanguage\":\"en-US\",\"@id\":\"https:\\\/\\\/velarogverkfaeri.is\\\/en\\\/#\\\/schema\\\/logo\\\/image\\\/\",\"url\":\"https:\\\/\\\/velarogverkfaeri.is\\\/wp-content\\\/uploads\\\/2021\\\/10\\\/vv_logo_350x100.png\",\"contentUrl\":\"https:\\\/\\\/velarogverkfaeri.is\\\/wp-content\\\/uploads\\\/2021\\\/10\\\/vv_logo_350x100.png\",\"width\":350,\"height\":100,\"caption\":\"V\u00e9lar & Verkf\u00e6ri\"},\"image\":{\"@id\":\"https:\\\/\\\/velarogverkfaeri.is\\\/en\\\/#\\\/schema\\\/logo\\\/image\\\/\"},\"sameAs\":[\"https:\\\/\\\/www.facebook.com\\\/VelarOgVerkfaeri\"]}]}<\/script>\n<!-- \/ Yoast SEO plugin. -->","yoast_head_json":{"title":"STAYER Kex 100 stk P20 f. BJ 120 - V\u00e9lar &amp; Verkf\u00e6ri","robots":{"index":"index","follow":"follow","max-snippet":"max-snippet:-1","max-image-preview":"max-image-preview:large","max-video-preview":"max-video-preview:-1"},"canonical":"https:\/\/velarogverkfaeri.is\/en\/verkfaeralausnir\/rafmagnsverkfaeri\/aukahlutir-med-rafmagnsverkfaerum-fagmenn\/product\/stayer-kex-100-stk-p20-f-bj-120\/","og_locale":"en_US","og_type":"article","og_title":"STAYER Kex 100 stk P20 f. BJ 120 - V\u00e9lar &amp; Verkf\u00e6ri","og_description":"Tegund:&nbsp;11.2493","og_url":"https:\/\/velarogverkfaeri.is\/en\/verkfaeralausnir\/rafmagnsverkfaeri\/aukahlutir-med-rafmagnsverkfaerum-fagmenn\/product\/stayer-kex-100-stk-p20-f-bj-120\/","og_site_name":"V\u00e9lar &amp; Verkf\u00e6ri","article_publisher":"https:\/\/www.facebook.com\/VelarOgVerkfaeri","article_modified_time":"2025-04-25T19:26:38+00:00","og_image":[{"width":568,"height":568,"url":"https:\/\/velarogverkfaeri.is\/wp-content\/uploads\/2024\/10\/b8f69d5a-ae1f-4a22-8ed6-e1bd10683f3d.jpeg","type":"image\/jpeg"}],"twitter_card":"summary_large_image","schema":{"@context":"https:\/\/schema.org","@graph":[{"@type":"WebPage","@id":"https:\/\/velarogverkfaeri.is\/verkfaeralausnir\/rafmagnsverkfaeri\/aukahlutir-med-rafmagnsverkfaerum-fagmenn\/product\/stayer-kex-100-stk-p20-f-bj-120\/","url":"https:\/\/velarogverkfaeri.is\/verkfaeralausnir\/rafmagnsverkfaeri\/aukahlutir-med-rafmagnsverkfaerum-fagmenn\/product\/stayer-kex-100-stk-p20-f-bj-120\/","name":"STAYER Kex 100 stk P20 f. BJ 120 - V\u00e9lar &amp; Verkf\u00e6ri","isPartOf":{"@id":"https:\/\/velarogverkfaeri.is\/en\/#website"},"primaryImageOfPage":{"@id":"https:\/\/velarogverkfaeri.is\/verkfaeralausnir\/rafmagnsverkfaeri\/aukahlutir-med-rafmagnsverkfaerum-fagmenn\/product\/stayer-kex-100-stk-p20-f-bj-120\/#primaryimage"},"image":{"@id":"https:\/\/velarogverkfaeri.is\/verkfaeralausnir\/rafmagnsverkfaeri\/aukahlutir-med-rafmagnsverkfaerum-fagmenn\/product\/stayer-kex-100-stk-p20-f-bj-120\/#primaryimage"},"thumbnailUrl":"https:\/\/velarogverkfaeri.is\/wp-content\/uploads\/2024\/10\/b8f69d5a-ae1f-4a22-8ed6-e1bd10683f3d.jpeg","datePublished":"2024-09-08T11:12:26+00:00","dateModified":"2025-04-25T19:26:38+00:00","breadcrumb":{"@id":"https:\/\/velarogverkfaeri.is\/verkfaeralausnir\/rafmagnsverkfaeri\/aukahlutir-med-rafmagnsverkfaerum-fagmenn\/product\/stayer-kex-100-stk-p20-f-bj-120\/#breadcrumb"},"inLanguage":"en-US","potentialAction":[{"@type":"ReadAction","target":["https:\/\/velarogverkfaeri.is\/verkfaeralausnir\/rafmagnsverkfaeri\/aukahlutir-med-rafmagnsverkfaerum-fagmenn\/product\/stayer-kex-100-stk-p20-f-bj-120\/"]}]},{"@type":"ImageObject","inLanguage":"en-US","@id":"https:\/\/velarogverkfaeri.is\/verkfaeralausnir\/rafmagnsverkfaeri\/aukahlutir-med-rafmagnsverkfaerum-fagmenn\/product\/stayer-kex-100-stk-p20-f-bj-120\/#primaryimage","url":"https:\/\/velarogverkfaeri.is\/wp-content\/uploads\/2024\/10\/b8f69d5a-ae1f-4a22-8ed6-e1bd10683f3d.jpeg","contentUrl":"https:\/\/velarogverkfaeri.is\/wp-content\/uploads\/2024\/10\/b8f69d5a-ae1f-4a22-8ed6-e1bd10683f3d.jpeg","width":568,"height":568},{"@type":"BreadcrumbList","@id":"https:\/\/velarogverkfaeri.is\/verkfaeralausnir\/rafmagnsverkfaeri\/aukahlutir-med-rafmagnsverkfaerum-fagmenn\/product\/stayer-kex-100-stk-p20-f-bj-120\/#breadcrumb","itemListElement":[{"@type":"ListItem","position":1,"name":"Home","item":"https:\/\/velarogverkfaeri.is\/"},{"@type":"ListItem","position":2,"name":"Vefverslun","item":"https:\/\/velarogverkfaeri.is\/vefverslun\/"},{"@type":"ListItem","position":3,"name":"STAYER Kex 100 stk P20 f. BJ 120"}]},{"@type":"WebSite","@id":"https:\/\/velarogverkfaeri.is\/en\/#website","url":"https:\/\/velarogverkfaeri.is\/en\/","name":"V\u00e9lar & Verkf\u00e6ri","description":"Umbo\u00f0s- og heildverslun fr\u00e1 \u00e1rinu 1919","publisher":{"@id":"https:\/\/velarogverkfaeri.is\/en\/#organization"},"potentialAction":[{"@type":"SearchAction","target":{"@type":"EntryPoint","urlTemplate":"https:\/\/velarogverkfaeri.is\/en\/?s={search_term_string}"},"query-input":{"@type":"PropertyValueSpecification","valueRequired":true,"valueName":"search_term_string"}}],"inLanguage":"en-US"},{"@type":"Organization","@id":"https:\/\/velarogverkfaeri.is\/en\/#organization","name":"V\u00e9lar & Verkf\u00e6ri","url":"https:\/\/velarogverkfaeri.is\/en\/","logo":{"@type":"ImageObject","inLanguage":"en-US","@id":"https:\/\/velarogverkfaeri.is\/en\/#\/schema\/logo\/image\/","url":"https:\/\/velarogverkfaeri.is\/wp-content\/uploads\/2021\/10\/vv_logo_350x100.png","contentUrl":"https:\/\/velarogverkfaeri.is\/wp-content\/uploads\/2021\/10\/vv_logo_350x100.png","width":350,"height":100,"caption":"V\u00e9lar & Verkf\u00e6ri"},"image":{"@id":"https:\/\/velarogverkfaeri.is\/en\/#\/schema\/logo\/image\/"},"sameAs":["https:\/\/www.facebook.com\/VelarOgVerkfaeri"]}]}},"_links":{"self":[{"href":"https:\/\/velarogverkfaeri.is\/en\/wp-json\/wp\/v2\/product\/64898","targetHints":{"allow":["GET"]}}],"collection":[{"href":"https:\/\/velarogverkfaeri.is\/en\/wp-json\/wp\/v2\/product"}],"about":[{"href":"https:\/\/velarogverkfaeri.is\/en\/wp-json\/wp\/v2\/types\/product"}],"replies":[{"embeddable":true,"href":"https:\/\/velarogverkfaeri.is\/en\/wp-json\/wp\/v2\/comments?post=64898"}],"wp:featuredmedia":[{"embeddable":true,"href":"https:\/\/velarogverkfaeri.is\/en\/wp-json\/wp\/v2\/media\/67940"}],"wp:attachment":[{"href":"https:\/\/velarogverkfaeri.is\/en\/wp-json\/wp\/v2\/media?parent=64898"}],"wp:term":[{"taxonomy":"product_brand","embeddable":true,"href":"https:\/\/velarogverkfaeri.is\/en\/wp-json\/wp\/v2\/product_brand?post=64898"},{"taxonomy":"product_cat","embeddable":true,"href":"https:\/\/velarogverkfaeri.is\/en\/wp-json\/wp\/v2\/product_cat?post=64898"},{"taxonomy":"product_tag","embeddable":true,"href":"https:\/\/velarogverkfaeri.is\/en\/wp-json\/wp\/v2\/product_tag?post=64898"}],"curies":[{"name":"wp","href":"https:\/\/api.w.org\/{rel}","templated":true}]}}