{"id":64882,"date":"2024-09-08T10:42:22","date_gmt":"2024-09-08T10:42:22","guid":{"rendered":"https:\/\/velarogverkfaeri.is\/?post_type=product&#038;p=64882"},"modified":"2026-04-16T07:46:49","modified_gmt":"2026-04-16T07:46:49","slug":"stayer-pappir-10-stk-delta-multitool-pro-300-multi-l20-12-556","status":"publish","type":"product","link":"https:\/\/velarogverkfaeri.is\/en\/verkfaeralausnir\/slipi-og-skurdarvorur\/sandpappir\/product\/stayer-pappir-10-stk-delta-multitool-pro-300-multi-l20-12-556\/","title":{"rendered":"STAYER Papp\u00edr 10 stk Delta MULTITOOL PRO 300 \/ MULTI L20 12.556"},"content":{"rendered":"<p><img decoding=\"async\" src=\"data:image\/png;base64,iVBORw0KGgoAAAANSUhEUgAAAn0AAABxCAYAAACgLhWfAAAAAXNSR0IArs4c6QAAAARnQU1BAACxjwv8YQUAAAAJcEhZcwAADsMAAA7DAcdvqGQAABkwSURBVHhe7d0NUBRXggfwf26tG6usmslpMam4DEJ2cMmB4KoXy6AGlYBEiBCouAkmG02yFXCTMMl5wp4XyG1OSVwl5epwGz+yCY4bDfiFBpFRJmDkTMQ1G4gsTBJlcks53HphKm45teT6Xs88BAFBRjBo\/3\/WFP3e63lS0\/26\/9Nf3FFdXa3ExcWBiK6Pw+EAx8z3g5\/96MVlQyOJ69fw+Dv5k4iIiIhuYwx9RERERBrA0EdERESkAQx9RERERBrA0EdERESkAQx9RERERBrA0EdERESkAQx9RERERBrA0EdERESkAQx9RERERBrA0EdERESkAQx9RERERBrA0EdERESkAQx9RERERBrA0EdERESkAQx9RERERBrA0HeztX2GyppmeGWxf154B55h2Hmdtaj81C1LREREdLv5wVNPPVUQGhoqi3QtjTYLNlSOQUzsPRgn63zOlWHNf2xB2w8XItIo6wbyXwVIeO0SHv3ZP8Egq3o7vToMD\/yLB\/HPxaG7SzccRavxn3sqYa\/q\/TqLMVNnIfSqX2xo2t7LREbVvXgx6R5ZQ9dy7tw53DpjxguP+yK8Y8ZBN0ZWSd5ztTha24Av\/mcsTCEG9GoelW7KZ9\/ZgUbHUfyhoRXef\/ghjON6fDKdXjjrKvHJpy1D+9xulT5vwK01LkaO96Ibf\/0\/Md7+XlaovK2oqziOz5svQBc6CYbrXRhX3teCdt0kmO4c6aU4et2M9avfZXdlnLXg6867EGocKxv68nrc+N+OS\/jrpa5XJ8aMG+sfe94OtF\/09Gi7hO96bZfVgy9HPxLb5P\/2wmi6C7oROCzHI33Xqf2kDbuLNuBwm6yQGn+fj602G078WVYMlcuKlIlZcMiiatqKvSjelo1IWfYzIHh6PObNVV9TcLnKBqehqzwDwTcQ+Oj21F5uQUKYCVOnRuGVGlkpeaqyMHfhWtS7zqMibwbmWuyDHH3WiM5mbE0Jh2XXebhdZbDMiEJOVYe\/7eIh5MwwI\/stO6pr7Ni1UnxuT5eh3d96bbdKn3TDvMcsmBsVhcx3WmWN4LEjJ2YB1tefh6sqDwkxFjguybYBeJusyIh4CJsq1OVoQ\/79PZYxDa\/GIvFZG3Fv72UnxlKuGFuWd9RlcBCb0sORYm2WjX3VrY7CzJnzkZHU9SrCadmGmlzMnDodyVfa5mPTSdkmON96CDMfLMA+MWYrih\/D3CQrnLJtWFVXVys0uOrng5T05CRl7ht\/kjWqT5RXfvyY8lxmkPLiEVk1mCPPKWHzNiutsqh8tVlJvvs5ZWhL4byyZd41\/s9vv1HcFy4oHd\/Kcm\/XaG\/dHKuEPV8lSzSQW2bM+Jb1J8qv5\/ReV8R6GxqsvHJcFr+tUl4Mna78+qwsj2Ij\/dm7dzyihGXuUDpkWTmzRpkbuko58Te18I3S2vKNr9rnz9uU9LvnK1uuDOb+3Sp93ijN70vEOFr141jlxedjleTN52WlotT\/a7ASk1sjS5fFviT4yn6k44PNyq4W36Tf5T8p726u8i\/XloPK4bOXfdWqy3ufUsLmbFB6zq4lI7p+XfbvF\/f\/POiqZad01CiHj\/YYS2fFOBP768O+cdaXmhOe29u9zK6i7vufLBVrQD\/UfkNFv1cGtPiVrtHNjeKRviEITstAUGkZGmUZH5XicOwUmK86yie+1U2cja3nZFFwvGAU3w56fHvoUlOABxYWiP7KkDM9Cg8s3Q6XqHZZZ+OeF+z+ea5bB+oKZuPee2f4vkHMDTci462e30gGa6fbzjgDgozGvqeSnLWoQyYWx8ryuHgkJbXCUdPPOqoxrpY\/IvL+OdDLMmKS8bDhIE74Br0BJnPvizLuhF4nfnhrkR9hQk6FPBLTZkNmSDpKxIAeVX3SCPHCsToLjSu24xcRssqnGXU1wOK0ObKsQ1xSMlzH7L5tvT4cKMlIx271kI569Db1EZyYGO1fruZFSIzoXmi6qGiYna34WpZpGOn828o+Y0Q\/B4nze4wlczR+Ipapq9cZP79WOFtEV+P6H2iur8T+1mAQa0BfjXttwM+zkXhlQIt+Rmi8MvQNhSkZj4bYcPhTf7HuYBmmpSRf89q8Qc0twIe\/SRcT6XizvgEf7lgOk79lyLz7cpD53hQUN7TgQ9HXmYYiBBUsQv7H19dOGiI2Ps6wEATJoipovA6ev\/DUUdDEEDSeqIVHluFphavDDVePe5w8TXZUlq7F8qQN0K9bi0fVC291c\/BLawbqLAVwXBIBYG0uPCvX4gkxoEdVnzQivMdyserTbBRlTe61U29Fi3MSTD0\/+wkG6Ns6\/MvOnI3y0gW+4Lc8RQS+pXtQnNr\/gnIdKYMzaTZmyTLdfN7qg3CY4jHrWjtqL\/CHXy3AA+pBnLnpWH+sxza1UzSeLECG2jZ9NjLX2eHpVBu8+KLJjX+89y44d61F7koLctcdgmuErrdh6BsSIxZnRqPk\/VNiAdqxa286nkwOOPINIy8q9x6CeYUFcV3fFMZn4tnll1Hye\/WI4WDtpHVBEyeJb68XZEm7TD\/Nw8OnLMhYKja8Kx9HysLN+KLXEHfVH0LFrjKcvnwXTOPvlLUio80vxOtJB5H\/9OPIP5mNQhEAVKOtTxpmHjtWvfRHPPuWBebruc\/CGAKTu7X7GsvQeCwcXwvHV9FYON+\/fPs4Z0X2a8DLeen9Himim+CSHfnPH0RcQe\/r7buEYHHB2ygs\/QAf1tej9N\/CcWDpAqxv8rea0taieMMe2OobcKSiAOZSMW6L1LNtF+B2AacLnsJWJGPFyixMa8rBA0ttI3IdLkPfEOkeTMes0lLUnbTjD2mLMGtU3EzlX2l+FDpJlv3UHTm+U6cGaydN+UHfu8++aGmGOTxEljRMH483P22BNSse81ILUFrzJhbqdepZmSsiM4vwpvjid+bES+jIju1xtFyHuJRkuGtqEfyC2DF0bRtGXZ80fLxw5GfhgFhOzt+qAdyCNXvPw7U3H7lFdt9Ou89o+7IFjebJCFan1VO6aQtwOOM4ztimoCQpC5UXfXN185zC+qwCYPV2rDDLOrq5Ot048EIWqhPexr8n9fp21UPQXJEJjGos1yHowVfx8oOtcByTl83cPQeJsUZfaNcZ4\/HLvHi4KtTT\/GOhnyDGa97vUbhkCkzGyXh0YyESP9qD6hF4ihpD31CNS8eShDLkvnQcD\/+06zqN79tdMJqAzxuuvkbva9d56PXqN\/zB2klTomZgVtNn+Nx3akHlhvtr8aXAdPWXAs3SGWCOXSQ20JOhaz+Oamc87u\/vq\/34RUhN6cDpU3Kj3vkZ1ufV4om12fh6dS4qr5x7FUZTnzSsgtPeRPGvVsgnKYhlEG6AIXwO5k0PgR7RmBbbjIazcmahvU0sh7AQmERgbFyXhf1JR1GePRn66XmwbTZg\/ZKi7rs21VC45CHsjtgJm5iHvg8dcLwUi1VuC2wb4ruvox2UDroBnqqhE+PXzwjzj3X44sse43Oceu3fBXj+KsvDiKEvAHFL0sVqsAgLY2TFVe6EQdeM+jP+c\/nepiKsL\/VN9i9sMsyiN8913MJ\/bTokLhW\/01vW7m+JTivWvDMWix+eIQqDtZOmGB\/E4tgybOq6kcdpQ8lHIhg8yBNH6k729MfyOpzODlSuXQvX8hVIFBtvT0Uucrb3eLD6xUPYV67DtBj\/EVJncRZKZhbi5Z8VoCjTjldW2\/3XbY2yPmk46WCeK4J3SvcrLupO6KPikThXvb7PiHmpc1C50Qqn+iVLLLfd22qRmJYs2nSIXOkPfF30sYU4UmER+wRBDXxps7ElfCeqioYSNmj4iMBniUVWiwXle7P7nL73fFSE3N\/4r631VBUgf1frlXGn7vs37QtB3Hwx7jx2rFlp675Oz9uMzRvLYEqK913HP21pNqDun+WXOk9FGRymRZg1Eo8l5CNbro96K3b\/j2Xp+\/iUlt8mKRF3BykxMWZlbuYO5fDGHrfw\/3mH8rhoS97Y9egX8f6FQUpYaKRy37R8pV7UDP74lP4e2XJZadn2mHKfKVj0Yxb\/f6Ty4t4Lsk01SPvJVcp9dwcrL34wQveJ30ZujTFTpbwo1rOwq16xypavZHPLDmVZjLqORioxpkhl1ZEejyUYxUb6s798dluPzyVIuU+M35auxzN0fKJsyYxUwkxiXPvGULDy+BufyMdrbFaSTY8p+7seueB7fIdZjNFvRlefI4j7Ej91+33VYz\/+9idll1geEeo2PlQsqxz5SJZBnPjn3uPX\/7qqbw0ZufXLvz\/t\/Tmr+9fWbUl96n0vuX+uzlHLOf5Hrv3FP+7U5ewfd5HKsh1yP\/+3b5T6zV37337GrNCyQ7SHyjFrSlK2jNCzee5QP8i4uDgZAWnYXOpA+3djEdTfcxJEmwcG6K8c+lX\/aoL41m7o55bxoeoUfV28DN14Q5+\/wOAzQLv6NHGvbhh+h9ucw+HA7TFmhnG9u0lu1mevPpnfNxb6Oz2jju1LgP5aY+wabpU+A3X7jIuRoW5f1e1+v\/sEGtSoXL\/U\/alXd\/X4G2jc+fa\/Yps77hpjVv2rHaJZbxTvlVXDjad3R4r6jLRrDW7RdvUCFytNf88ICsQYta8BNvIDtOv0w\/Q70C1iGNe724xu\/DU2yirf8w+HHqRulT5pZKjbVwa+24y6P+09\/gYad7797wBj1ve8QPFeWRwJDH1EREREGsDQR0RERKQBDH1EREREGsDQR0RERKQBDH1EREREGsDQR0RERKQBDH1EREREGsDQR0RERKQBDH1EREREGsDQR0RERKQBDH1EREQ3yutG47FDqCw\/hLpzXlkpeVtRJ+ory2vh6tU0oB59Oho7ZCVR4Bj6iIiIboTHjtyZ05FdfBDVNTasmReF3GMy3Ym2nJgFWF9\/Hq6qPCTEWOC45G8aiLepCBkR87Gm1C76PIhN6eFIWPeZbCUKDEMfERFRwLyotDyOxqeP4sP3i1G4bifKmxrw6nz\/n80\/\/cYyONK2o7QgG89sPIrihFLkW5t9bZ4KK3Y7fZN+3maUWO3wiEmdOROF1fWwWYtEn8Uo3bYc7qLtcPjnJAoIQx8REVGgLh3Evop4PLt8sqwQdDr4I18z6mqAxWlzfCXRgLikZLiO2eESJX04UJKR7g9+nc3YmvoITkyMhl6ddYwR5lB\/L1eIfn1tRAFi6CMiIgqUsxmfG6cg2FOLrQUW5K4sQMnHXdfftaLFOQkmoyyqJhigb+vwHc2DORvlpQt8wW95igh8S\/egOLXnzEB7\/SFUvmNBwlI7Fu\/IwzRZTxQIhj4iIqJAuVvh6tguwt5xmH+ahxWpOuxOnYH8j2V7b8YQmMR72mURofFYOL4Wjq+isXB+j6OFPm401tix772DcI+fAtNYWU0UIIY+IiKiQBkM0BsyUfi7PMRFGGGKzUPh8zrsP3DK19wnp33ZgkbzZASr0+op3bQFOJxxHGdsU1CSlIXKi765JCPiLEUormjBSVs09qcsx+422UQUAIY+IiKiQIVOQaS7GV\/3eBSL3nAnPJ5vxFQ0psU2o+Gsv17V3tYKhIXABC8a12Vhf9JRlGdPhn56HmybDVi\/pAg97+3oootIx+KIWpxokBVEAWDoIyIiCpQxA08m2bFlu\/+OXPXo3YHSZiTOV2\/eMGJe6hxUbrTC2elv272tFolpyVBv9Yhc6Q98XfSxhThSYYFZTDuty5B\/rPvZfN6mMuxvmoHpUbKCKAAMfURERAHTIbGoDLPeX4CpU6MwM3w23o3ZiddT\/XfeBi1Zi1cnWJES3rcNY\/w\/riLrzGkZQEE47gmLwgNTTbg3YRt+ZP0dnrjb304UiDuqq6uVuLg4WSSiwTgcDnDMfD\/42Y9eXDaA96IbXp0R+nGyogevxw0PDAjS93oMyyB877usg95okI+B0SauX8ODR\/qIiIiGgW58\/4FPpdMbhxz4VL73aTzw0fBh6CMiIiLSAIY+IiIiIg1g6CMiIiLSAIY+IiIiIg1g6CMiIiLSAIY+IiIiIg1g6CMiIiLSAIY+IiIiIg1g6CMiIiLSAIY+IiIiIg1g6CMiIrpBXmctKssPofLYZ\/B0ysou3lbUqW3ltXB5Zd318LrReEx93yE4GjtkJVHgGPqIiIhugOutBZj65HZfoHOXL8PMFCucXcHPY0dOzAKsrz8PV1UeEmIscFySbQPwNhUhI2I+1pTaUV1zEJvSw5Gw7jPZShQYhj4iIqKAncLWtRfwTPHbeCZjEZ4o2oOXvWtRctrfevqNZXCkbUdpQTae2XgUxQmlyLc2+9o8FVbsdvom\/bzNKLHa4RGTOnMmCqvrYbMWoXBdMUq3LYe7aDsc\/jmJAsLQR0REFDA99MYOeL6VRYyFfoKcRDPqaoDFaXNkWYe4pGS4jtnhEiV9OFCSke4Pfp3N2Jr6CE5MjBY9CmOMMIfq1KluOp2\/jShADH1EREQBm4xnN2Sibuls5O\/6DM6KfKxHIX5xn9rWihbnJJiMvhn9JhigbxMhUZ02Z6O8dIEv+C1PEYFv6R4Up\/acGWivP4TKdyxIWGrH4h15mCbriQLB0EdERHRDxkJnDkFH6WNIeboWs558EEGypQ9jCEzuVrTLIkLjsXB8LRxfRWPh\/MmysosbjTV27HvvINzjp8A0VlYTBYihj4iIKFBtNmQ9fQG\/KNuJN99vwJkTefCujEXuMf9tun1y2pctaDRPRrA6rZ7STVuAwxnHccY2BSVJWai86JtLMiLOUoTiihactEVjf8py7G6TTUQBYOgjIiIKVMNx1CWkI1FebKcLzcTLK+7C7n21ohSNabHNaDjrb1O1t7UCYSEwwYvGdVnYn3QU5dmToZ+eB9tmA9YvKULPezu66CLSsTiiFicaZAVRABj6iIiIAmUSAa68DJW+i\/SEzg6cPtWMyAj1VK0R81LnoHKjfIRLZzN2b6tFYloydOJf5Ep\/4Ouijy3EkQoLzGLaaV2G\/GPdz+bzNpVhf9MMTI+SFUQBYOgjIiIKVEQetr3WgVeiTJgpEtnM8HCs\/64IRT8P8TUHLVmLVydYkRKuts3GuzE78XqqvCt3jP\/HVWSdOS0DKAjHPWFReGCqCfcmbMOPrL\/DE3f724kCcUd1dbUSFxcni0Q0GIfDAY6Z7wc\/+9FL88um0wvPxQ5gnBH6cbKuB6\/HDQ8MCNL3egzLIHzvu6yD3mjA0N55e+HYHx480kdERHSjxqjBrP\/Ap9LpjUMOfCrf+zQe+Gj4MPQRERERaQBDHxEREZEGMPQRERERaQBDHxEREZEGMPQRERERaQBDHxEREZEGMPQRERERaQBDHxEREZEGMPQRERERaQBDHxEREZEGMPQREREFzAuP2w2PVxa7dHag8dghVJYfgqOxQ1b24G1FnWirLK+Fq\/d7B3LlfYdQd24obyRi6CMiIgpIe7kFCWEmTJ0ahVdqZKXq4iHkzoiC5R07qmsOYlN6OFKszbJR8NiRE7MA6+vPw1WVh4QYCxyXZNsAvE1WZEQ8hE0Var825N8fhZyqfgIl0TUw9BEREQUgaH4BbCc\/wAqzrOgyRo95Gxpw5J0iFK4rRuk+CzyvFaGy0998+o1lcKRtR2lBNp7ZeBTFCaXIl6HQU2HFbqdv0s\/bjBKrHR4xqRszCc9W1MNmVfvdiXLrbBz41Xb0nJ1oIAx9REREgRhnQJDRCMMYWe6in4PE+QZZEMzR+Ama4WpTC82oqwEWp83xNYkoh7ikZLiO2eESJX04UJKR7g9+nc3YmvoITkyMhl6d1bwIiRE6dcpHFxUNs7MVX8sy0WAY+oiIiEaQt\/ogHKZ4zDKppVa0OCfBZPQ1+U0wQN\/W4TuaB3M2yksX+ILf8hQR+JbuQXFqz5m7uY6UwZk0G7NkmWgwDH1EREQj5ZId+c8fRFxBNiJlVR\/GEJjcrWiXRYTGY+H4Wji+isbC+ZNlZS\/nrMh+DXg5Lx3dx\/6IBsbQR0RENBI63TjwQhaqE97Gvyd1n+4dK39e8WULGs2TEaxOq6d00xbgcMZxnLFNQUlSFiov+ubq5jmF9VkFwOrtfa8nJBoAQx8REdGw64DjpViscltg2xDvvybPJxrTYpvRcFYWhfa2ViAsBCZ40bguC\/uTjqI8ezL00\/Ng22zA+iVF3TdrqKFwyUPYHbETNjEP0VAw9BEREQ0rEfgsschqsaB8bzbMV93oYcS81Dmo3GiFU72bV4S43dtqkZiWDJ34F7nSH\/i66GMLcaTCAt8BPd9RwNnYEr4TVUU9gyTR9WHoIyIiGjI7ciYacc\/EGVjTBBz4mTo9G1vPAa7tj2H5Lje8nxYgIUStl68X7L53Bi1Zi1cnWJESHoWZ4bPxbsxOvJ4qr8zrfSewStbV5c3GmnqgvfRxTO3qU7xSrK3+GYgGcUd1dbUSFxcni0Q0GIfDAY6Z7wc\/+9GLy2bovB43PDAgSM9bMQbD9Wt48EgfERHR90CnNzLw0U3F0EdERESkAQx9RERERBrA0EdERESkAQx9RERERBrA0EdERESkAQx9RERERBrA0EdERESkAQx9RERERBrA0EdERESkAQx9RERERBrA0EdERESkAQx9RERERBrA0EdERESkAQx9RERERBrA0EdERESkAQx9RERERBrA0EdERER02wP+HzX2AunKgeO2AAAAAElFTkSuQmCC\" alt=\"\"><\/p>","protected":false},"excerpt":{"rendered":"<p>Tegund:&nbsp;12.556<\/p>","protected":false},"featured_media":67922,"comment_status":"closed","ping_status":"closed","template":"","meta":[],"product_brand":[],"product_cat":[724,593,515],"product_tag":[],"class_list":{"0":"post-64882","1":"product","2":"type-product","3":"status-publish","4":"has-post-thumbnail","6":"product_cat-sandpappir","7":"product_cat-slipi-og-skurdarvorur","8":"product_cat-verkfaeralausnir","10":"first","11":"instock","12":"taxable","13":"shipping-taxable","14":"purchasable","15":"product-type-simple"},"yoast_head":"<!-- This site is optimized with the Yoast SEO plugin v27.3 - https:\/\/yoast.com\/product\/yoast-seo-wordpress\/ -->\n<title>STAYER Papp\u00edr 10 stk Delta MULTITOOL PRO 300 \/ MULTI L20 12.556 - V\u00e9lar &amp; Verkf\u00e6ri<\/title>\n<meta name=\"robots\" content=\"index, follow, max-snippet:-1, max-image-preview:large, max-video-preview:-1\" \/>\n<link rel=\"canonical\" href=\"https:\/\/velarogverkfaeri.is\/en\/verkfaeralausnir\/slipi-og-skurdarvorur\/sandpappir\/product\/stayer-pappir-10-stk-delta-multitool-pro-300-multi-l20-12-556\/\" \/>\n<meta property=\"og:locale\" content=\"en_US\" \/>\n<meta property=\"og:type\" content=\"article\" \/>\n<meta property=\"og:title\" content=\"STAYER Papp\u00edr 10 stk Delta MULTITOOL PRO 300 \/ MULTI L20 12.556 - V\u00e9lar &amp; Verkf\u00e6ri\" \/>\n<meta property=\"og:description\" content=\"Tegund:&nbsp;12.556\" \/>\n<meta property=\"og:url\" content=\"https:\/\/velarogverkfaeri.is\/en\/verkfaeralausnir\/slipi-og-skurdarvorur\/sandpappir\/product\/stayer-pappir-10-stk-delta-multitool-pro-300-multi-l20-12-556\/\" \/>\n<meta property=\"og:site_name\" content=\"V\u00e9lar &amp; Verkf\u00e6ri\" \/>\n<meta property=\"article:publisher\" content=\"https:\/\/www.facebook.com\/VelarOgVerkfaeri\" \/>\n<meta property=\"article:modified_time\" content=\"2026-04-16T07:46:49+00:00\" \/>\n<meta property=\"og:image\" content=\"https:\/\/velarogverkfaeri.is\/wp-content\/uploads\/2024\/10\/7f7f5327-dd82-4a8d-a6d9-05e89693c0b6.png\" \/>\n\t<meta property=\"og:image:width\" content=\"777\" \/>\n\t<meta property=\"og:image:height\" content=\"781\" \/>\n\t<meta property=\"og:image:type\" content=\"image\/png\" \/>\n<meta name=\"twitter:card\" content=\"summary_large_image\" \/>\n<script type=\"application\/ld+json\" class=\"yoast-schema-graph\">{\"@context\":\"https:\\\/\\\/schema.org\",\"@graph\":[{\"@type\":\"WebPage\",\"@id\":\"https:\\\/\\\/velarogverkfaeri.is\\\/verkfaeralausnir\\\/slipi-og-skurdarvorur\\\/sandpappir\\\/product\\\/stayer-pappir-10-stk-delta-multitool-pro-300-multi-l20-12-556\\\/\",\"url\":\"https:\\\/\\\/velarogverkfaeri.is\\\/verkfaeralausnir\\\/slipi-og-skurdarvorur\\\/sandpappir\\\/product\\\/stayer-pappir-10-stk-delta-multitool-pro-300-multi-l20-12-556\\\/\",\"name\":\"STAYER Papp\u00edr 10 stk Delta MULTITOOL PRO 300 \\\/ MULTI L20 12.556 - V\u00e9lar &amp; Verkf\u00e6ri\",\"isPartOf\":{\"@id\":\"https:\\\/\\\/velarogverkfaeri.is\\\/en\\\/#website\"},\"primaryImageOfPage\":{\"@id\":\"https:\\\/\\\/velarogverkfaeri.is\\\/verkfaeralausnir\\\/slipi-og-skurdarvorur\\\/sandpappir\\\/product\\\/stayer-pappir-10-stk-delta-multitool-pro-300-multi-l20-12-556\\\/#primaryimage\"},\"image\":{\"@id\":\"https:\\\/\\\/velarogverkfaeri.is\\\/verkfaeralausnir\\\/slipi-og-skurdarvorur\\\/sandpappir\\\/product\\\/stayer-pappir-10-stk-delta-multitool-pro-300-multi-l20-12-556\\\/#primaryimage\"},\"thumbnailUrl\":\"https:\\\/\\\/velarogverkfaeri.is\\\/wp-content\\\/uploads\\\/2024\\\/10\\\/7f7f5327-dd82-4a8d-a6d9-05e89693c0b6.png\",\"datePublished\":\"2024-09-08T10:42:22+00:00\",\"dateModified\":\"2026-04-16T07:46:49+00:00\",\"breadcrumb\":{\"@id\":\"https:\\\/\\\/velarogverkfaeri.is\\\/verkfaeralausnir\\\/slipi-og-skurdarvorur\\\/sandpappir\\\/product\\\/stayer-pappir-10-stk-delta-multitool-pro-300-multi-l20-12-556\\\/#breadcrumb\"},\"inLanguage\":\"en-US\",\"potentialAction\":[{\"@type\":\"ReadAction\",\"target\":[\"https:\\\/\\\/velarogverkfaeri.is\\\/verkfaeralausnir\\\/slipi-og-skurdarvorur\\\/sandpappir\\\/product\\\/stayer-pappir-10-stk-delta-multitool-pro-300-multi-l20-12-556\\\/\"]}]},{\"@type\":\"ImageObject\",\"inLanguage\":\"en-US\",\"@id\":\"https:\\\/\\\/velarogverkfaeri.is\\\/verkfaeralausnir\\\/slipi-og-skurdarvorur\\\/sandpappir\\\/product\\\/stayer-pappir-10-stk-delta-multitool-pro-300-multi-l20-12-556\\\/#primaryimage\",\"url\":\"https:\\\/\\\/velarogverkfaeri.is\\\/wp-content\\\/uploads\\\/2024\\\/10\\\/7f7f5327-dd82-4a8d-a6d9-05e89693c0b6.png\",\"contentUrl\":\"https:\\\/\\\/velarogverkfaeri.is\\\/wp-content\\\/uploads\\\/2024\\\/10\\\/7f7f5327-dd82-4a8d-a6d9-05e89693c0b6.png\",\"width\":777,\"height\":781},{\"@type\":\"BreadcrumbList\",\"@id\":\"https:\\\/\\\/velarogverkfaeri.is\\\/verkfaeralausnir\\\/slipi-og-skurdarvorur\\\/sandpappir\\\/product\\\/stayer-pappir-10-stk-delta-multitool-pro-300-multi-l20-12-556\\\/#breadcrumb\",\"itemListElement\":[{\"@type\":\"ListItem\",\"position\":1,\"name\":\"Home\",\"item\":\"https:\\\/\\\/velarogverkfaeri.is\\\/\"},{\"@type\":\"ListItem\",\"position\":2,\"name\":\"Vefverslun\",\"item\":\"https:\\\/\\\/velarogverkfaeri.is\\\/vefverslun\\\/\"},{\"@type\":\"ListItem\",\"position\":3,\"name\":\"STAYER Papp\u00edr 10 stk Delta MULTITOOL PRO 300 \\\/ MULTI L20 12.556\"}]},{\"@type\":\"WebSite\",\"@id\":\"https:\\\/\\\/velarogverkfaeri.is\\\/en\\\/#website\",\"url\":\"https:\\\/\\\/velarogverkfaeri.is\\\/en\\\/\",\"name\":\"V\u00e9lar & Verkf\u00e6ri\",\"description\":\"Umbo\u00f0s- og heildverslun fr\u00e1 \u00e1rinu 1919\",\"publisher\":{\"@id\":\"https:\\\/\\\/velarogverkfaeri.is\\\/en\\\/#organization\"},\"potentialAction\":[{\"@type\":\"SearchAction\",\"target\":{\"@type\":\"EntryPoint\",\"urlTemplate\":\"https:\\\/\\\/velarogverkfaeri.is\\\/en\\\/?s={search_term_string}\"},\"query-input\":{\"@type\":\"PropertyValueSpecification\",\"valueRequired\":true,\"valueName\":\"search_term_string\"}}],\"inLanguage\":\"en-US\"},{\"@type\":\"Organization\",\"@id\":\"https:\\\/\\\/velarogverkfaeri.is\\\/en\\\/#organization\",\"name\":\"V\u00e9lar & Verkf\u00e6ri\",\"url\":\"https:\\\/\\\/velarogverkfaeri.is\\\/en\\\/\",\"logo\":{\"@type\":\"ImageObject\",\"inLanguage\":\"en-US\",\"@id\":\"https:\\\/\\\/velarogverkfaeri.is\\\/en\\\/#\\\/schema\\\/logo\\\/image\\\/\",\"url\":\"https:\\\/\\\/velarogverkfaeri.is\\\/wp-content\\\/uploads\\\/2021\\\/10\\\/vv_logo_350x100.png\",\"contentUrl\":\"https:\\\/\\\/velarogverkfaeri.is\\\/wp-content\\\/uploads\\\/2021\\\/10\\\/vv_logo_350x100.png\",\"width\":350,\"height\":100,\"caption\":\"V\u00e9lar & Verkf\u00e6ri\"},\"image\":{\"@id\":\"https:\\\/\\\/velarogverkfaeri.is\\\/en\\\/#\\\/schema\\\/logo\\\/image\\\/\"},\"sameAs\":[\"https:\\\/\\\/www.facebook.com\\\/VelarOgVerkfaeri\"]}]}<\/script>\n<!-- \/ Yoast SEO plugin. -->","yoast_head_json":{"title":"STAYER Papp\u00edr 10 stk Delta MULTITOOL PRO 300 \/ MULTI L20 12.556 - V\u00e9lar &amp; Verkf\u00e6ri","robots":{"index":"index","follow":"follow","max-snippet":"max-snippet:-1","max-image-preview":"max-image-preview:large","max-video-preview":"max-video-preview:-1"},"canonical":"https:\/\/velarogverkfaeri.is\/en\/verkfaeralausnir\/slipi-og-skurdarvorur\/sandpappir\/product\/stayer-pappir-10-stk-delta-multitool-pro-300-multi-l20-12-556\/","og_locale":"en_US","og_type":"article","og_title":"STAYER Papp\u00edr 10 stk Delta MULTITOOL PRO 300 \/ MULTI L20 12.556 - V\u00e9lar &amp; Verkf\u00e6ri","og_description":"Tegund:&nbsp;12.556","og_url":"https:\/\/velarogverkfaeri.is\/en\/verkfaeralausnir\/slipi-og-skurdarvorur\/sandpappir\/product\/stayer-pappir-10-stk-delta-multitool-pro-300-multi-l20-12-556\/","og_site_name":"V\u00e9lar &amp; Verkf\u00e6ri","article_publisher":"https:\/\/www.facebook.com\/VelarOgVerkfaeri","article_modified_time":"2026-04-16T07:46:49+00:00","og_image":[{"width":777,"height":781,"url":"https:\/\/velarogverkfaeri.is\/wp-content\/uploads\/2024\/10\/7f7f5327-dd82-4a8d-a6d9-05e89693c0b6.png","type":"image\/png"}],"twitter_card":"summary_large_image","schema":{"@context":"https:\/\/schema.org","@graph":[{"@type":"WebPage","@id":"https:\/\/velarogverkfaeri.is\/verkfaeralausnir\/slipi-og-skurdarvorur\/sandpappir\/product\/stayer-pappir-10-stk-delta-multitool-pro-300-multi-l20-12-556\/","url":"https:\/\/velarogverkfaeri.is\/verkfaeralausnir\/slipi-og-skurdarvorur\/sandpappir\/product\/stayer-pappir-10-stk-delta-multitool-pro-300-multi-l20-12-556\/","name":"STAYER Papp\u00edr 10 stk Delta MULTITOOL PRO 300 \/ MULTI L20 12.556 - V\u00e9lar &amp; Verkf\u00e6ri","isPartOf":{"@id":"https:\/\/velarogverkfaeri.is\/en\/#website"},"primaryImageOfPage":{"@id":"https:\/\/velarogverkfaeri.is\/verkfaeralausnir\/slipi-og-skurdarvorur\/sandpappir\/product\/stayer-pappir-10-stk-delta-multitool-pro-300-multi-l20-12-556\/#primaryimage"},"image":{"@id":"https:\/\/velarogverkfaeri.is\/verkfaeralausnir\/slipi-og-skurdarvorur\/sandpappir\/product\/stayer-pappir-10-stk-delta-multitool-pro-300-multi-l20-12-556\/#primaryimage"},"thumbnailUrl":"https:\/\/velarogverkfaeri.is\/wp-content\/uploads\/2024\/10\/7f7f5327-dd82-4a8d-a6d9-05e89693c0b6.png","datePublished":"2024-09-08T10:42:22+00:00","dateModified":"2026-04-16T07:46:49+00:00","breadcrumb":{"@id":"https:\/\/velarogverkfaeri.is\/verkfaeralausnir\/slipi-og-skurdarvorur\/sandpappir\/product\/stayer-pappir-10-stk-delta-multitool-pro-300-multi-l20-12-556\/#breadcrumb"},"inLanguage":"en-US","potentialAction":[{"@type":"ReadAction","target":["https:\/\/velarogverkfaeri.is\/verkfaeralausnir\/slipi-og-skurdarvorur\/sandpappir\/product\/stayer-pappir-10-stk-delta-multitool-pro-300-multi-l20-12-556\/"]}]},{"@type":"ImageObject","inLanguage":"en-US","@id":"https:\/\/velarogverkfaeri.is\/verkfaeralausnir\/slipi-og-skurdarvorur\/sandpappir\/product\/stayer-pappir-10-stk-delta-multitool-pro-300-multi-l20-12-556\/#primaryimage","url":"https:\/\/velarogverkfaeri.is\/wp-content\/uploads\/2024\/10\/7f7f5327-dd82-4a8d-a6d9-05e89693c0b6.png","contentUrl":"https:\/\/velarogverkfaeri.is\/wp-content\/uploads\/2024\/10\/7f7f5327-dd82-4a8d-a6d9-05e89693c0b6.png","width":777,"height":781},{"@type":"BreadcrumbList","@id":"https:\/\/velarogverkfaeri.is\/verkfaeralausnir\/slipi-og-skurdarvorur\/sandpappir\/product\/stayer-pappir-10-stk-delta-multitool-pro-300-multi-l20-12-556\/#breadcrumb","itemListElement":[{"@type":"ListItem","position":1,"name":"Home","item":"https:\/\/velarogverkfaeri.is\/"},{"@type":"ListItem","position":2,"name":"Vefverslun","item":"https:\/\/velarogverkfaeri.is\/vefverslun\/"},{"@type":"ListItem","position":3,"name":"STAYER Papp\u00edr 10 stk Delta MULTITOOL PRO 300 \/ MULTI L20 12.556"}]},{"@type":"WebSite","@id":"https:\/\/velarogverkfaeri.is\/en\/#website","url":"https:\/\/velarogverkfaeri.is\/en\/","name":"V\u00e9lar & Verkf\u00e6ri","description":"Umbo\u00f0s- og heildverslun fr\u00e1 \u00e1rinu 1919","publisher":{"@id":"https:\/\/velarogverkfaeri.is\/en\/#organization"},"potentialAction":[{"@type":"SearchAction","target":{"@type":"EntryPoint","urlTemplate":"https:\/\/velarogverkfaeri.is\/en\/?s={search_term_string}"},"query-input":{"@type":"PropertyValueSpecification","valueRequired":true,"valueName":"search_term_string"}}],"inLanguage":"en-US"},{"@type":"Organization","@id":"https:\/\/velarogverkfaeri.is\/en\/#organization","name":"V\u00e9lar & Verkf\u00e6ri","url":"https:\/\/velarogverkfaeri.is\/en\/","logo":{"@type":"ImageObject","inLanguage":"en-US","@id":"https:\/\/velarogverkfaeri.is\/en\/#\/schema\/logo\/image\/","url":"https:\/\/velarogverkfaeri.is\/wp-content\/uploads\/2021\/10\/vv_logo_350x100.png","contentUrl":"https:\/\/velarogverkfaeri.is\/wp-content\/uploads\/2021\/10\/vv_logo_350x100.png","width":350,"height":100,"caption":"V\u00e9lar & Verkf\u00e6ri"},"image":{"@id":"https:\/\/velarogverkfaeri.is\/en\/#\/schema\/logo\/image\/"},"sameAs":["https:\/\/www.facebook.com\/VelarOgVerkfaeri"]}]}},"_links":{"self":[{"href":"https:\/\/velarogverkfaeri.is\/en\/wp-json\/wp\/v2\/product\/64882","targetHints":{"allow":["GET"]}}],"collection":[{"href":"https:\/\/velarogverkfaeri.is\/en\/wp-json\/wp\/v2\/product"}],"about":[{"href":"https:\/\/velarogverkfaeri.is\/en\/wp-json\/wp\/v2\/types\/product"}],"replies":[{"embeddable":true,"href":"https:\/\/velarogverkfaeri.is\/en\/wp-json\/wp\/v2\/comments?post=64882"}],"wp:featuredmedia":[{"embeddable":true,"href":"https:\/\/velarogverkfaeri.is\/en\/wp-json\/wp\/v2\/media\/67922"}],"wp:attachment":[{"href":"https:\/\/velarogverkfaeri.is\/en\/wp-json\/wp\/v2\/media?parent=64882"}],"wp:term":[{"taxonomy":"product_brand","embeddable":true,"href":"https:\/\/velarogverkfaeri.is\/en\/wp-json\/wp\/v2\/product_brand?post=64882"},{"taxonomy":"product_cat","embeddable":true,"href":"https:\/\/velarogverkfaeri.is\/en\/wp-json\/wp\/v2\/product_cat?post=64882"},{"taxonomy":"product_tag","embeddable":true,"href":"https:\/\/velarogverkfaeri.is\/en\/wp-json\/wp\/v2\/product_tag?post=64882"}],"curies":[{"name":"wp","href":"https:\/\/api.w.org\/{rel}","templated":true}]}}