{"id":64877,"date":"2024-09-08T10:27:56","date_gmt":"2024-09-08T10:27:56","guid":{"rendered":"https:\/\/velarogverkfaeri.is\/?post_type=product&#038;p=64877"},"modified":"2026-04-12T11:30:36","modified_gmt":"2026-04-12T11:30:36","slug":"stayer-sandpappir-f-gifsslipivel-5-stk-hp-750-be","status":"publish","type":"product","link":"https:\/\/velarogverkfaeri.is\/en\/verkfaeralausnir\/slipi-og-skurdarvorur\/sandpappir\/product\/stayer-sandpappir-f-gifsslipivel-5-stk-hp-750-be\/","title":{"rendered":"STAYER Sandpapp\u00edr f. Gifssl\u00edpiv\u00e9l 5 stk HP 750 BE"},"content":{"rendered":"<p><img decoding=\"async\" src=\"data:image\/png;base64,iVBORw0KGgoAAAANSUhEUgAAAUQAAACbCAYAAAAa9eKIAAAAAXNSR0IArs4c6QAAAARnQU1BAACxjwv8YQUAAAAJcEhZcwAADsMAAA7DAcdvqGQAABidSURBVHhe7d0PVFNXngfwb6ecxq0nsXSI7cygdIvQBcRSSgcsaITGf1QZWO0KOK3orEg7q3Q6YHoU8KjgEeHMCHpqSWcQO\/7BqQ7U+q+UwiBmbGZp67SltGI6\/klnXMMeT5PVY+a4270vuUBAQGsFYvl+zkl9v3eTlDyS77v35fHuXY2NjV\/jO+LMmTN46KGHZDVyjNTXPRBuk4Fx+\/SkbI+MjAzcdeXKle9MIJpMJsTGxspq5Bipr3sg3CYD4\/bpyWw2Y9q0afierImIRjwGIhGRxEAkIpIYiEREEgORiEhiIBIRSQxEIiKJgUhEJDEQiYgkBiIRkcRAJCKSGIhERBIDkYhIYiASEUkMRCIiiYFIRCQxEImIJAYi3RKnUy7cNk5Yjh9F2wVZEg2DwQvEa044bDZ0eNwcl2XbncB5Hs3GImQnRyHpp9ko39cKx6VGFCwxwiLv4uZ+nY4+AsJpMaH+8FHUN4nHXpMrO4nnNytth02w3vZwuRU2NG8xoGBXq6y7OVuMKFi1Bc02d92xNx2RoRk45HDXt8dFNBctw\/ZPZUnez2kXn2u7+AT00vXePgrz2Zt8c\/fxXM5LPfOj49L1z6Xc53bmyuAF4pc7sDgmCnOSZ2OhvOXWnpeNXs4hgk8Xh7w6ICazECvmjcOnpYmIicoFFi1CoLxbx2EDkkKDESNe53qTXClZKxMxeenrrrCzHV4G3XwRpJ2hKJ5\/ZXQiyj88B2vDGiRFG9A87DuLq7Acrsb+omqYe4S3E\/UVRdi\/901YrrjX+CWuxauVqzFV7a5ppLGh3hCHmNBw6GLy8We5VuE8ZcTCx1JQUdeIY8erUZQQhZUNdtnan\/OoWtD7uc5jT3oUZkzvzo+Fv9wLq2xF2xYsjAhAZFQUFu+6fbkyuENm7XJsN7XgbXl7deE42eDNnGheuwz7w8twcN9qpCXOgj4lB7mLwkSbDdYL3b9cP91qVDbVYFlnQnb5AFWlF5FRVoGMlFlIK96DFc5S7Dnpbj35q2U4lvQqdq3OREbpIZTpa1D4Wru7cVgFISK0FruPeOyJbTXYfyoees\/XqA7CFF0QbjYP3Xt6sffv3UsWnI7+28hbaTHl5Rrx+Vje1TnopLp7PBbXmlC5uRjrNlThjc1P4tDGHb1GVT1ZK8XIYEIy9LLupkXG77rz4+3K5+AvW\/DwIpS904JNibK+TQYvEM9Y0OaruekPjde49ie8VQOkLUvu+tkdDdn4xecrsMsQBPNb76JDrsdoDfy0WmjulnUXNTRaO+z\/I0uMgvr7chHtMIve5JykzhnPVJgyYzasf2zs3vsNo6lJyTh5+EjX0KXjyF58mTIRKs93tNgeYbONrp\/XeSIfutBs1Mvhs2s4\/VPRM1YC7lo79i+Jgi5+EVb+IhG6SSmo6noeO8xr4xAZEYt5yQnQ6dLwh7OyibyeylcLv\/s1uEfWXQJFByJYJQtxv9CJCLRY8TdZX+esES+WByF\/TbL4JHg6jS9O3QeNRpa9qeRnr+eDvrXBC8T\/vSpe7Ot4cUYUZsZGYWFONSzXHwLwPl+24wtEISRA1hYjFq8CctfPQsQE0Us88SHaZFP\/grB44wL8+Wd6FO5rhaWuEOVYh6wopc0Ki2U8\/LWuO7qJN5Za9Dxv6yG5W6TSpWB6Uy3qXUN4G945YMPTiY+72vqimpyHwrkNWF\/YCOflRmxaexHL1oo9uY8Y1WxdjBJNId45eRiVO4\/jnc3jsX1dtWuH4nwrF0v2Po6yllNoEnv\/9xrKMaW\/Nz\/dsazvvgnLjMn4sax7EkPl7C14eNN66PvoOV3FOfzh53pXfsxMzhYjlcEPkMELxCdEl3bbduw6LLq6dTsw\/UIBkl6svf4ArFfSYoyv+Ef0cKoMRzBnVxmmdP3CRNDflFG452F\/2GsX4ZnnTYhOfwp+suU62nHwt53v7nkOq0jMW\/IJ9h+0iR2aGC4jE+nBsqlPoodbUA7d2\/nIfiEff1lSJg8htOKd6q8wJ+VxOOVBceekyYg4fkLsUJyoP3AU\/ksyoVe2s0KlhbZzmb4blN5fMbAip3fvz81iVIbK5cif0dee8HGkb6nAr\/fW4+0mEzYn2VAye4XcUQ+ewQtEdST0uiCoRE8Bo8OQYciEf11jjwOwXuleDTTiw2w5a0fzy2k49owRGfJAifPyV2JIMAE\/dJf9u1CN7OcvImtPFTbtbMGJhhw4VyWgoMm9Oxjl+q8H5fDCzTzvEAlJSsWXb72LtqYjUCXN7j\/IO42Ox\/TE82g+Ph6ZP1OOtSouwmqz46DB46D4vFJ89uBYMcy6CJsYb6v7HQ\/RHc\/xAcqziwDDtj6OsQsiLA3FrdBePoqSVQYUrHoNf8H72C6W97uGYBpEJMYjcLRY9FEhZMlqpGuPos6stA2ewf1SxdO9qj73El5H+xSmP9aO3QsTkIcSlC3oHNvaRa+mEerY2OsOJF\/n0xMw65O7hgGqgFSsWPYA9r\/1J1FNxKOT2\/Hp5+42RceF80CA6CXKetgFL0Daf2\/Fi78dg\/R5nmP7fnxcikJTJvIyz6Fk7VE59B\/rOiwwdYPHQXHXbTWiRZtWvNh\/KIdV6LtHGVk9m4L9j1Rhe2aQXNmLKhZZogeYNTceU+OUW5jY8WoRIpZD+xwp3KMcNhx0gxOIygZZVYqTlzprESbbjLDMiO\/nWII30WJOarwY4gG6xMflFytOWLalYmVDPPJfinStGZC\/CLfDtV1fNCiv\/+QH7QgJniAKLXRzY1H\/ijwNR\/niocoEveiJec8OYxzmpGlhDRWhruyhByJ+\/oqVRjy6JgdpvyzHnD\/mYr3rNIsw\/OuSIBwq39J97Fhshw7Xe0KFaH0sLBVb0Sy3kfPUERzjlyp3PuWzn6oXQ+EqHCyO7\/Wlqh3mbQZUnRDvjwfDoFfO4Oi6PYkfYTxixHLIg2I4XWlAeUv3GR2Ouq3YbZmFGdFyxSAZnED0GQ99nA0FMQGIiY2CblI4Vn6UispNfR9L8CqORqxXTpkxPIWTz4cj7JFgxAQG45md45B3pAJPd\/2GG7EyMABhgXEoOQUcWqos61GlfKiDc\/DKmq+wPioYOvn6y\/+3GMVL3Kcd+c1bi9X3G\/HMJKVNj92TqlA417u2jN9zNWjdduPfl6UyGxX+m5CfIO7pE4ncskSYX8p3BZ3\/kj\/g1SfexDOh7u0QI15v9hvu04v85pVh0xQTsiJEW0w4dPl2hMS4msjbKWcZKO\/9hCK0oRZZyrI868BcoEfJh2LUU5MhPjfKZ8J9m29UzhV8H4dKq1FS+77raQbi\/1Q87KvCERkRhZkx4jO4vBVzdpbIHfR5VM12P29WDdBWHOdaXtngeui3cteVK1e+lsuDQPkrDjucozTwUw\/+B95kMiFWDGm\/HTusItT8A9z9c9eZ8D63+PMrf61zSezl7tVC3UdPSzkHz4Fvv21uz+seRMpfIYjNoPbVuI8pe7os2v5PddvfH16\/TYbZsG0f8ft2irHvde+Dfrg+I1dVUGvFY+S6wWA2mzFt2rTBPoaovBDtkITh7aPpCkOF63yrW\/35fdyvv68wVKjUd9q2uUWuc8b6+RAo53KOhG1AbuL3fbNhqHB9RgY5DD0N3ZcqRERejoFIRCQxEImIJAYiEZHEQCQikhiIREQSA5GISGIgEhFJDEQiIomBSEQkMRCJiCQGIhGRxEAkIpIYiEREEgORiEhiIBIRSQxEIiKJgUhEJDEQiYgkBiIRkcRAJCKSGIhERBIDkYhIYiASEUkMRCIiiYFIRCQxEMntbC2qmuyyIBqZGIgkOFG\/cSvs92tkLV22o+OSUxY3yXke5sNHUS9u5rP9P9Z5yQbHZVkQeQkGIgEX9mK77Tmkh8sarahIDkfkpHDo0nfAKtfeiPOUEQsfS0FFXSOOHa9GUUIUVjZc3+t0NhkwIyoKi3edl2uIvAMDkWA98DqcM+LhJ2tgAtJfa0Bd6SxZd3PUGbHfIguFsx17jI1wiEXV3eOxuNaEys3FWLehCm9sfhKHNu6A591xuRFF2e8jOiVIriDyHgzEEc+Jv\/znOUREjpO1QgW1Vgu\/MaNk3U0dCOxZmO4OxWvtqFqQhvd+MBFqpTFwFvTBKmXJRRU6EYEWK\/4ma+X\/1bxuBT5dtg3LguUqIi\/CQBzxzsF6NgohAbK8kcBM7Ns1zRWKWfNFGKbtQdlcrWzsyfrum7DMmIwfy9rZVIC8jzJRvDRIRC6R92EgjnhWWCxajO070\/oWEI\/pviY0n5mI6bp+hr5njXixGFiRk+wOP0cj8g0fY\/HW5Qj0cd2DyOswEOmbUYbJqU\/jnZR6vLd9IvYkZ6P+kmzr5PgA5dlFgEEMjcUQ2zVULlyBQyIav\/itAQWrDCg5IHqmBwpRsKURHa4HEQ0\/BuKINwGhwe2w3NRXyU60bc7GwRmHsC8zCOrHcrD91xqUP7ul+4sTJTCfTcH+R6qwXdyn0w\/nlqCsYBmmxsW7bjETNBgzIRZTH\/N3H38k8gIMxBFvLLT+p2G9IMsBqRDy4mFXGHZST16PA7ViGKwUrt6jHtsnVOFgcbxH0KkQGDcL+sTu25TQ+6AOjYc+rvfxRDvM2wwob7DJmmjoMBBHPBWi9VE4+UH3OYFWox5hgQEIW1oLnCrCTGU5p9Hd2NfxP7nOXKBHyYdAR00GYpTHyNt84zc53\/A0jlVUo6Kk5qbPfyS6XRiIBL+EJGh27UWbrP0z69FqOdvzVhovW\/sXvaHXY+RtX6bnKT1uyv+jr\/VAJHJNZdB\/X4PrT\/ohGlwMRAK0qVimq8X+E7IeTo4PULXcCO3SFI8TxYmGBgORXKJzy6Eb5QUXd\/ieGtFrapCn45mKNPQYiOSmjsSUx3pd3GE4jA5CSADDkIYHA5GISGIgEhFJDEQiIomBSEQkMRCJiCQGIhGRxEAkIpIYiEREEgORul2zo63JPWNec9s3\/6sVp8Xkemx9Uysc1+RKydHWeMvPSzRUGIjkdukoCuKiYNipzJh3BK+mhWO+sV023pilMgW6uUV463gj6l5bhOnJxq5rJFqMidD9vBpW6\/vYvlg8byVn2yPvxEAkNx81pha34MBryox5Zdj1++VwFG9Fvaun54TldSOalan1OokArdorA\/NUKV4oHY9C82GUbSjGpp0taNqf6b5Goq0aRcUq5O6uQEbmalTuXQ0UFaKeczKTF2Igkps6Fnqdx98yPzwRj6JdXjhWhbH+rcj7ST7MSig6GrFydjnswQ8ojWg7UA0syYTe49LXqs4\/R\/7wBMyTF2D6g7JW5mMJPIpjLbIm8iIMROqT89gRHPNPQLS\/u1YnlOFgnh0rn81A1vR8aH5djRWui0E48cXnNvzLI2Nh2Vfqmi+lYPNRWJ3ux1nPtAIPPuBxKa\/74DcW+Mou70DkRRiIdD1lMvmXjmDq6kyEyFUK9ROzEX2mEc2+szFnYmdv8iJsVuBkUSZ2YDYyf\/HvePTzXMz8WXU\/k0dpMVb0Fr\/8+0VZE3kPBiL1dM2GQzkr0KSvQP4MjyG0GCYXTM8DfvUxml44h2xlYilXJ28U1N8HQnJ2YN38MPhrgzCvdD30Jw6gSZkWxece5U4ezsNyWozIH+rratlEw4uBSB7saH45Afm25ajc6DlJlB2HXsrF1Q0N2JSggd\/cClSmncALqxvFgFmLwCAV\/nrG45vj0WOgEj1HxxXAf9LjUH\/0SfesfLDBekoL\/x\/IksiLMBBJEmFoSED26eV4ozqz12TyGjy9rcUVhp0CF+zG2yI0le9OItIygUoj6uW30I66Whzzn4XoAKUxBXMuGlHR4D7\/0FG3Awe1qZgerlScYY+8CwORXKyvL0LWPhucHxch6ZHuGfNuZrY9BOfglTVfYX10OGbGhkO3\/ByyKnPcxx99IpG9LRWfPR+OmN5tnGGPvMxdV65c+Vou3\/FMJhNiY2NlNXJ4zet22tEhOoJqrabXXMvCNSccl5y4x1e0eYbr5VpkL7uK\/J2pt3VSqZH6XrhZ3D49mc1mTJs2jT1Euo1UGvj1FYYKH5U7KD3DkDPskZdhINLw4Qx75GUYiDR8OMMeeRkGIhGRxEAkIpIYiEREEgORiEhiIBIRSQxEIiKJgUhEJDEQiYgkBiIRkcRAJCKSGIhERBIDkYhIYiASEUkMRCIiiYFIRCQxEImIJAYiEZHEQCQikhiIREQSA5GISGIgEhFJDEQiIomBSEQkMRCJiCQGIhGRxEAkIpIYiCQ54bDZ4HDK8pu4bEfHpT4eeM2OtqajqD\/ciLZLcp0HR1ujaDuK5ja7XEM0vBiIhI7DBiSFBiMmJgrrTXLlTWlFRXI4IieFQ5e+A1a51uVaO6rmh8Ow7xysH5YjKyYRVWdlm2AxJkL382pYre9j++JwzK88L1uIhg8DkeCnW43KphosC5QrOjnbscfYCIcsFY46I\/ZbZIEJSH+tAXWls2TdrWP\/GpT4rEfllkxkrK7Brl\/+AyUba0U\/VLBVo6hYhdzdFcjIFP\/vvauBokLUX3Y9lGjYMBAJGK2Bn1YLzd2y7qR6AP6ncrFwrckVio6GbMx5xY7Ase5mcQeoxeP8xoySdbeTJ0yIfmY2\/GTt\/9RPEFh3An9Wig9PwDx5AaY\/6GoCAuIxPfAojrXImmiYMBBpABpMKW1AriMbi5ekY06hBpt+l4MItWzu13lYPxc9TxGWXTQiOPFfsIteoPVMK\/DgA11hCdwHPxGyX9lv5QAm0e3DQKQb0CBiRixsTSZoZ6Yg9IZh2A+tEoBW2Dpk3YMWY0Vv8cu\/X5Q10fBgINKAHA0GzCkACltasPhMJhZva3cfB7wRlfy3k7UdXyAM\/j8Syz73uNd1OQ\/LaeDhh8bJmmh4MBCpf5dqkZd\/FYXvlGGKrxZPb9mDtPfSkN9wo0gch4jHVPjs83ZZCxfEMFo7Dj\/yAfwnPQ71R5+g67sZ2GA9pYX\/D2RJNEwYiNQ\/32SUNYkw7Bwm+wRh3m9bsCmhd\/fvehFPL8BXFVvR7PqK2o76nXsxJvUnCHE1pmDORSMqGtznHzrqduCgNhXTw5XKDvM2A8obbK42oqHEQBzxGrEyMABhgXEoOQUcWqos67vPGRQ9uh48aqtRL+4r7r+0FjhVhJnKck6juzEqF5ueaUV2VDhmRoRjpTUHr\/xHkLvNJxLZ21Lx2fPhiIkNh275OWRV5rjDEqdxrKIaFSU1Pc9rJBoCd125cuVruXzHM5lMiI2NldXI4dWvW\/krln+o4OfbR6\/ymhOOS07c46uByjN4L9cie9lV5O9M9fgm+psZqe+Fm8Xt05PZbMa0adPYQ6RBppzj2FcYKnyU8xh7haHjA1QtN0K7NOWWw5DoVjEQybt8T43oNTXI0934OCXR7cZAJO8yOgghAQxDGh4MRCIiiYFIRCQxEImIJAYiEZHEQCQikhiIREQSA5GISGIgkldxtFSjvvsyOERDioFIbk47Omz2m7vWYaeuWfVuMHNeX7Py9TMjn1prx6trqtHndWSJBhkDccSzod4Qh5jQcOhi8t1zntyMS0dREBcFw85GHDt+BK+mhWO+0eP6h50uN6JAuaKN56x8A83IF7AIWerfYPcpWRMNIQbiiKfFlJdrcHDfcvSedE8Jvaq9niHnhOV1o\/sahz5qTC1uwYHXirFuQxl2\/X45HMVbUX\/NfU83J5rXrcCn+mR5aS+3AWfkgwpTEv1x6ECrqyIaSgxEgspXC7\/7Neh9YX+oRUTuSUOWDEWLMQVLToxFyD8pbbHQ6zSu9S4PT8SjaIf1gqwFZ1MB8j7KRPHzYXKN24Az8gmqSU9CfdzE6yHSkGMgUv98gpCxbw9ilFBckoglpudEry4Zfr0vGis4jx3BMf8ERPvLFWKoXJT9PtK3ip5nj\/sPPCOfS0AQHv64FX+VJdFQYSDSwEQoTpl5H5qbziNi7lO9wk1Swu+lI5i6OlMOje1oXpOLT1\/Ydv3k930ZcEY+oqHDQKQBWSpTsPDtf8OBlh0I3DkbK+t6fZt8zYZDOSvQpK9A\/gz3ENrZVIS8GtHxs\/wGBasMKCithfVsLUpWbUGzMlVK76t7ec7IRzSMGIjUL2dbKQwHZmPXvkwE+kZixe\/KoNmYioqu8wRFT\/DlBOTblqNyYzy6pmz2T0L+lkKk6+IxNU7cngjCGE0QYuIi8cN7B56Rr9so+S\/R0GEgUr9UITnYp4RhZ1CpY5FXd1gOg0UYGhKQfXo53qj2uI+gCoyFPnFW900XBrVvGKYkxiJw9A1m5FNYPsFn4YH4Z1kSDRUG4kjXkO2eOS+hCG2oRZayPNvY\/Q1v72OGsra+vghZ+2xwflyEpEeUmfrkrXPWvYEMNCOf0NFyAs5p8ej8foZoqHDWve+AO\/Z19zkjnw175qfAtuE4VgTLVbeAs8oNjNunJ866R8Ovrxn5Pt6BPb45WPwtwpDo1gD\/D2pqbkHBIEA3AAAAAElFTkSuQmCC\" alt=\"\"><\/p>","protected":false},"excerpt":{"rendered":"<p>Tegund:&nbsp;12.451<\/p>","protected":false},"featured_media":67917,"comment_status":"closed","ping_status":"closed","template":"","meta":[],"product_brand":[],"product_cat":[724,593,515],"product_tag":[],"class_list":{"0":"post-64877","1":"product","2":"type-product","3":"status-publish","4":"has-post-thumbnail","6":"product_cat-sandpappir","7":"product_cat-slipi-og-skurdarvorur","8":"product_cat-verkfaeralausnir","10":"first","11":"instock","12":"taxable","13":"shipping-taxable","14":"purchasable","15":"product-type-simple"},"yoast_head":"<!-- This site is optimized with the Yoast SEO plugin v27.3 - https:\/\/yoast.com\/product\/yoast-seo-wordpress\/ -->\n<title>STAYER Sandpapp\u00edr f. Gifssl\u00edpiv\u00e9l 5 stk HP 750 BE - V\u00e9lar &amp; Verkf\u00e6ri<\/title>\n<meta name=\"robots\" content=\"index, follow, max-snippet:-1, max-image-preview:large, max-video-preview:-1\" \/>\n<link rel=\"canonical\" href=\"https:\/\/velarogverkfaeri.is\/en\/verkfaeralausnir\/slipi-og-skurdarvorur\/sandpappir\/product\/stayer-sandpappir-f-gifsslipivel-5-stk-hp-750-be\/\" \/>\n<meta property=\"og:locale\" content=\"en_US\" \/>\n<meta property=\"og:type\" content=\"article\" \/>\n<meta property=\"og:title\" content=\"STAYER Sandpapp\u00edr f. Gifssl\u00edpiv\u00e9l 5 stk HP 750 BE - V\u00e9lar &amp; Verkf\u00e6ri\" \/>\n<meta property=\"og:description\" content=\"Tegund:&nbsp;12.451\" \/>\n<meta property=\"og:url\" content=\"https:\/\/velarogverkfaeri.is\/en\/verkfaeralausnir\/slipi-og-skurdarvorur\/sandpappir\/product\/stayer-sandpappir-f-gifsslipivel-5-stk-hp-750-be\/\" \/>\n<meta property=\"og:site_name\" content=\"V\u00e9lar &amp; Verkf\u00e6ri\" \/>\n<meta property=\"article:publisher\" content=\"https:\/\/www.facebook.com\/VelarOgVerkfaeri\" \/>\n<meta property=\"article:modified_time\" content=\"2026-04-12T11:30:36+00:00\" \/>\n<meta property=\"og:image\" content=\"https:\/\/velarogverkfaeri.is\/wp-content\/uploads\/2024\/10\/9314afe0-36b9-4d2e-be15-fb5261b4e788.jpeg\" \/>\n\t<meta property=\"og:image:width\" content=\"768\" \/>\n\t<meta property=\"og:image:height\" content=\"768\" \/>\n\t<meta property=\"og:image:type\" content=\"image\/jpeg\" \/>\n<meta name=\"twitter:card\" content=\"summary_large_image\" \/>\n<script type=\"application\/ld+json\" class=\"yoast-schema-graph\">{\"@context\":\"https:\\\/\\\/schema.org\",\"@graph\":[{\"@type\":\"WebPage\",\"@id\":\"https:\\\/\\\/velarogverkfaeri.is\\\/verkfaeralausnir\\\/slipi-og-skurdarvorur\\\/sandpappir\\\/product\\\/stayer-sandpappir-f-gifsslipivel-5-stk-hp-750-be\\\/\",\"url\":\"https:\\\/\\\/velarogverkfaeri.is\\\/verkfaeralausnir\\\/slipi-og-skurdarvorur\\\/sandpappir\\\/product\\\/stayer-sandpappir-f-gifsslipivel-5-stk-hp-750-be\\\/\",\"name\":\"STAYER Sandpapp\u00edr f. Gifssl\u00edpiv\u00e9l 5 stk HP 750 BE - V\u00e9lar &amp; Verkf\u00e6ri\",\"isPartOf\":{\"@id\":\"https:\\\/\\\/velarogverkfaeri.is\\\/en\\\/#website\"},\"primaryImageOfPage\":{\"@id\":\"https:\\\/\\\/velarogverkfaeri.is\\\/verkfaeralausnir\\\/slipi-og-skurdarvorur\\\/sandpappir\\\/product\\\/stayer-sandpappir-f-gifsslipivel-5-stk-hp-750-be\\\/#primaryimage\"},\"image\":{\"@id\":\"https:\\\/\\\/velarogverkfaeri.is\\\/verkfaeralausnir\\\/slipi-og-skurdarvorur\\\/sandpappir\\\/product\\\/stayer-sandpappir-f-gifsslipivel-5-stk-hp-750-be\\\/#primaryimage\"},\"thumbnailUrl\":\"https:\\\/\\\/velarogverkfaeri.is\\\/wp-content\\\/uploads\\\/2024\\\/10\\\/9314afe0-36b9-4d2e-be15-fb5261b4e788.jpeg\",\"datePublished\":\"2024-09-08T10:27:56+00:00\",\"dateModified\":\"2026-04-12T11:30:36+00:00\",\"breadcrumb\":{\"@id\":\"https:\\\/\\\/velarogverkfaeri.is\\\/verkfaeralausnir\\\/slipi-og-skurdarvorur\\\/sandpappir\\\/product\\\/stayer-sandpappir-f-gifsslipivel-5-stk-hp-750-be\\\/#breadcrumb\"},\"inLanguage\":\"en-US\",\"potentialAction\":[{\"@type\":\"ReadAction\",\"target\":[\"https:\\\/\\\/velarogverkfaeri.is\\\/verkfaeralausnir\\\/slipi-og-skurdarvorur\\\/sandpappir\\\/product\\\/stayer-sandpappir-f-gifsslipivel-5-stk-hp-750-be\\\/\"]}]},{\"@type\":\"ImageObject\",\"inLanguage\":\"en-US\",\"@id\":\"https:\\\/\\\/velarogverkfaeri.is\\\/verkfaeralausnir\\\/slipi-og-skurdarvorur\\\/sandpappir\\\/product\\\/stayer-sandpappir-f-gifsslipivel-5-stk-hp-750-be\\\/#primaryimage\",\"url\":\"https:\\\/\\\/velarogverkfaeri.is\\\/wp-content\\\/uploads\\\/2024\\\/10\\\/9314afe0-36b9-4d2e-be15-fb5261b4e788.jpeg\",\"contentUrl\":\"https:\\\/\\\/velarogverkfaeri.is\\\/wp-content\\\/uploads\\\/2024\\\/10\\\/9314afe0-36b9-4d2e-be15-fb5261b4e788.jpeg\",\"width\":768,\"height\":768},{\"@type\":\"BreadcrumbList\",\"@id\":\"https:\\\/\\\/velarogverkfaeri.is\\\/verkfaeralausnir\\\/slipi-og-skurdarvorur\\\/sandpappir\\\/product\\\/stayer-sandpappir-f-gifsslipivel-5-stk-hp-750-be\\\/#breadcrumb\",\"itemListElement\":[{\"@type\":\"ListItem\",\"position\":1,\"name\":\"Home\",\"item\":\"https:\\\/\\\/velarogverkfaeri.is\\\/\"},{\"@type\":\"ListItem\",\"position\":2,\"name\":\"Vefverslun\",\"item\":\"https:\\\/\\\/velarogverkfaeri.is\\\/vefverslun\\\/\"},{\"@type\":\"ListItem\",\"position\":3,\"name\":\"STAYER Sandpapp\u00edr f. Gifssl\u00edpiv\u00e9l 5 stk HP 750 BE\"}]},{\"@type\":\"WebSite\",\"@id\":\"https:\\\/\\\/velarogverkfaeri.is\\\/en\\\/#website\",\"url\":\"https:\\\/\\\/velarogverkfaeri.is\\\/en\\\/\",\"name\":\"V\u00e9lar & Verkf\u00e6ri\",\"description\":\"Umbo\u00f0s- og heildverslun fr\u00e1 \u00e1rinu 1919\",\"publisher\":{\"@id\":\"https:\\\/\\\/velarogverkfaeri.is\\\/en\\\/#organization\"},\"potentialAction\":[{\"@type\":\"SearchAction\",\"target\":{\"@type\":\"EntryPoint\",\"urlTemplate\":\"https:\\\/\\\/velarogverkfaeri.is\\\/en\\\/?s={search_term_string}\"},\"query-input\":{\"@type\":\"PropertyValueSpecification\",\"valueRequired\":true,\"valueName\":\"search_term_string\"}}],\"inLanguage\":\"en-US\"},{\"@type\":\"Organization\",\"@id\":\"https:\\\/\\\/velarogverkfaeri.is\\\/en\\\/#organization\",\"name\":\"V\u00e9lar & Verkf\u00e6ri\",\"url\":\"https:\\\/\\\/velarogverkfaeri.is\\\/en\\\/\",\"logo\":{\"@type\":\"ImageObject\",\"inLanguage\":\"en-US\",\"@id\":\"https:\\\/\\\/velarogverkfaeri.is\\\/en\\\/#\\\/schema\\\/logo\\\/image\\\/\",\"url\":\"https:\\\/\\\/velarogverkfaeri.is\\\/wp-content\\\/uploads\\\/2021\\\/10\\\/vv_logo_350x100.png\",\"contentUrl\":\"https:\\\/\\\/velarogverkfaeri.is\\\/wp-content\\\/uploads\\\/2021\\\/10\\\/vv_logo_350x100.png\",\"width\":350,\"height\":100,\"caption\":\"V\u00e9lar & Verkf\u00e6ri\"},\"image\":{\"@id\":\"https:\\\/\\\/velarogverkfaeri.is\\\/en\\\/#\\\/schema\\\/logo\\\/image\\\/\"},\"sameAs\":[\"https:\\\/\\\/www.facebook.com\\\/VelarOgVerkfaeri\"]}]}<\/script>\n<!-- \/ Yoast SEO plugin. -->","yoast_head_json":{"title":"STAYER Sandpapp\u00edr f. Gifssl\u00edpiv\u00e9l 5 stk HP 750 BE - V\u00e9lar &amp; Verkf\u00e6ri","robots":{"index":"index","follow":"follow","max-snippet":"max-snippet:-1","max-image-preview":"max-image-preview:large","max-video-preview":"max-video-preview:-1"},"canonical":"https:\/\/velarogverkfaeri.is\/en\/verkfaeralausnir\/slipi-og-skurdarvorur\/sandpappir\/product\/stayer-sandpappir-f-gifsslipivel-5-stk-hp-750-be\/","og_locale":"en_US","og_type":"article","og_title":"STAYER Sandpapp\u00edr f. Gifssl\u00edpiv\u00e9l 5 stk HP 750 BE - V\u00e9lar &amp; Verkf\u00e6ri","og_description":"Tegund:&nbsp;12.451","og_url":"https:\/\/velarogverkfaeri.is\/en\/verkfaeralausnir\/slipi-og-skurdarvorur\/sandpappir\/product\/stayer-sandpappir-f-gifsslipivel-5-stk-hp-750-be\/","og_site_name":"V\u00e9lar &amp; Verkf\u00e6ri","article_publisher":"https:\/\/www.facebook.com\/VelarOgVerkfaeri","article_modified_time":"2026-04-12T11:30:36+00:00","og_image":[{"width":768,"height":768,"url":"https:\/\/velarogverkfaeri.is\/wp-content\/uploads\/2024\/10\/9314afe0-36b9-4d2e-be15-fb5261b4e788.jpeg","type":"image\/jpeg"}],"twitter_card":"summary_large_image","schema":{"@context":"https:\/\/schema.org","@graph":[{"@type":"WebPage","@id":"https:\/\/velarogverkfaeri.is\/verkfaeralausnir\/slipi-og-skurdarvorur\/sandpappir\/product\/stayer-sandpappir-f-gifsslipivel-5-stk-hp-750-be\/","url":"https:\/\/velarogverkfaeri.is\/verkfaeralausnir\/slipi-og-skurdarvorur\/sandpappir\/product\/stayer-sandpappir-f-gifsslipivel-5-stk-hp-750-be\/","name":"STAYER Sandpapp\u00edr f. Gifssl\u00edpiv\u00e9l 5 stk HP 750 BE - V\u00e9lar &amp; Verkf\u00e6ri","isPartOf":{"@id":"https:\/\/velarogverkfaeri.is\/en\/#website"},"primaryImageOfPage":{"@id":"https:\/\/velarogverkfaeri.is\/verkfaeralausnir\/slipi-og-skurdarvorur\/sandpappir\/product\/stayer-sandpappir-f-gifsslipivel-5-stk-hp-750-be\/#primaryimage"},"image":{"@id":"https:\/\/velarogverkfaeri.is\/verkfaeralausnir\/slipi-og-skurdarvorur\/sandpappir\/product\/stayer-sandpappir-f-gifsslipivel-5-stk-hp-750-be\/#primaryimage"},"thumbnailUrl":"https:\/\/velarogverkfaeri.is\/wp-content\/uploads\/2024\/10\/9314afe0-36b9-4d2e-be15-fb5261b4e788.jpeg","datePublished":"2024-09-08T10:27:56+00:00","dateModified":"2026-04-12T11:30:36+00:00","breadcrumb":{"@id":"https:\/\/velarogverkfaeri.is\/verkfaeralausnir\/slipi-og-skurdarvorur\/sandpappir\/product\/stayer-sandpappir-f-gifsslipivel-5-stk-hp-750-be\/#breadcrumb"},"inLanguage":"en-US","potentialAction":[{"@type":"ReadAction","target":["https:\/\/velarogverkfaeri.is\/verkfaeralausnir\/slipi-og-skurdarvorur\/sandpappir\/product\/stayer-sandpappir-f-gifsslipivel-5-stk-hp-750-be\/"]}]},{"@type":"ImageObject","inLanguage":"en-US","@id":"https:\/\/velarogverkfaeri.is\/verkfaeralausnir\/slipi-og-skurdarvorur\/sandpappir\/product\/stayer-sandpappir-f-gifsslipivel-5-stk-hp-750-be\/#primaryimage","url":"https:\/\/velarogverkfaeri.is\/wp-content\/uploads\/2024\/10\/9314afe0-36b9-4d2e-be15-fb5261b4e788.jpeg","contentUrl":"https:\/\/velarogverkfaeri.is\/wp-content\/uploads\/2024\/10\/9314afe0-36b9-4d2e-be15-fb5261b4e788.jpeg","width":768,"height":768},{"@type":"BreadcrumbList","@id":"https:\/\/velarogverkfaeri.is\/verkfaeralausnir\/slipi-og-skurdarvorur\/sandpappir\/product\/stayer-sandpappir-f-gifsslipivel-5-stk-hp-750-be\/#breadcrumb","itemListElement":[{"@type":"ListItem","position":1,"name":"Home","item":"https:\/\/velarogverkfaeri.is\/"},{"@type":"ListItem","position":2,"name":"Vefverslun","item":"https:\/\/velarogverkfaeri.is\/vefverslun\/"},{"@type":"ListItem","position":3,"name":"STAYER Sandpapp\u00edr f. Gifssl\u00edpiv\u00e9l 5 stk HP 750 BE"}]},{"@type":"WebSite","@id":"https:\/\/velarogverkfaeri.is\/en\/#website","url":"https:\/\/velarogverkfaeri.is\/en\/","name":"V\u00e9lar & Verkf\u00e6ri","description":"Umbo\u00f0s- og heildverslun fr\u00e1 \u00e1rinu 1919","publisher":{"@id":"https:\/\/velarogverkfaeri.is\/en\/#organization"},"potentialAction":[{"@type":"SearchAction","target":{"@type":"EntryPoint","urlTemplate":"https:\/\/velarogverkfaeri.is\/en\/?s={search_term_string}"},"query-input":{"@type":"PropertyValueSpecification","valueRequired":true,"valueName":"search_term_string"}}],"inLanguage":"en-US"},{"@type":"Organization","@id":"https:\/\/velarogverkfaeri.is\/en\/#organization","name":"V\u00e9lar & Verkf\u00e6ri","url":"https:\/\/velarogverkfaeri.is\/en\/","logo":{"@type":"ImageObject","inLanguage":"en-US","@id":"https:\/\/velarogverkfaeri.is\/en\/#\/schema\/logo\/image\/","url":"https:\/\/velarogverkfaeri.is\/wp-content\/uploads\/2021\/10\/vv_logo_350x100.png","contentUrl":"https:\/\/velarogverkfaeri.is\/wp-content\/uploads\/2021\/10\/vv_logo_350x100.png","width":350,"height":100,"caption":"V\u00e9lar & Verkf\u00e6ri"},"image":{"@id":"https:\/\/velarogverkfaeri.is\/en\/#\/schema\/logo\/image\/"},"sameAs":["https:\/\/www.facebook.com\/VelarOgVerkfaeri"]}]}},"_links":{"self":[{"href":"https:\/\/velarogverkfaeri.is\/en\/wp-json\/wp\/v2\/product\/64877","targetHints":{"allow":["GET"]}}],"collection":[{"href":"https:\/\/velarogverkfaeri.is\/en\/wp-json\/wp\/v2\/product"}],"about":[{"href":"https:\/\/velarogverkfaeri.is\/en\/wp-json\/wp\/v2\/types\/product"}],"replies":[{"embeddable":true,"href":"https:\/\/velarogverkfaeri.is\/en\/wp-json\/wp\/v2\/comments?post=64877"}],"wp:featuredmedia":[{"embeddable":true,"href":"https:\/\/velarogverkfaeri.is\/en\/wp-json\/wp\/v2\/media\/67917"}],"wp:attachment":[{"href":"https:\/\/velarogverkfaeri.is\/en\/wp-json\/wp\/v2\/media?parent=64877"}],"wp:term":[{"taxonomy":"product_brand","embeddable":true,"href":"https:\/\/velarogverkfaeri.is\/en\/wp-json\/wp\/v2\/product_brand?post=64877"},{"taxonomy":"product_cat","embeddable":true,"href":"https:\/\/velarogverkfaeri.is\/en\/wp-json\/wp\/v2\/product_cat?post=64877"},{"taxonomy":"product_tag","embeddable":true,"href":"https:\/\/velarogverkfaeri.is\/en\/wp-json\/wp\/v2\/product_tag?post=64877"}],"curies":[{"name":"wp","href":"https:\/\/api.w.org\/{rel}","templated":true}]}}