{"id":64520,"date":"2024-09-03T10:28:40","date_gmt":"2024-09-03T10:28:40","guid":{"rendered":"https:\/\/velarogverkfaeri.is\/?post_type=product&#038;p=64520"},"modified":"2026-03-31T16:45:26","modified_gmt":"2026-03-31T16:45:26","slug":"dewalt-rafstod","status":"publish","type":"product","link":"https:\/\/velarogverkfaeri.is\/en\/lykillausnir\/orkuver\/rafstodvar-orkuver\/product\/dewalt-rafstod\/","title":{"rendered":"DeWALT Rafst\u00f6\u00f0 inverter 4200\/4200w"},"content":{"rendered":"<p><b>V\u00f6rul\u00fdsing Dewalt DXGNi42E inverter rafall 4,2kW<\/b><\/p>\n<p>&#8211; Rafst\u00f6\u00f0 ger\u00f0 eins og fer\u00f0at\u00f6ska til a\u00f0 au\u00f0velda flutning. Me\u00f0 handfangi og hj\u00f3lum.<\/p>\n<p>&#8211; H\u00e1marksl\u00e9ttleiki, 4-gengis v\u00e9l.<\/p>\n<p>&#8211; Sparneytni til a\u00f0 draga \u00far ey\u00f0slu og hlj\u00f3\u00f0stigi \u00e1 me\u00f0alstyrk.<\/p>\n<p>&#8211; STAFR\u00c6NN SKJ\u00c1R me\u00f0 lestri \u00e1 spennu, t\u00ed\u00f0ni og vinnut\u00edma.<\/p>\n<p>&#8211; Ol\u00eduvi\u00f0v\u00f6run me\u00f0 sj\u00e1lfvirkri st\u00f6\u00f0vun ef ol\u00eduleysi er. Ofhle\u00f0sluvi\u00f0v\u00f6run.<\/p>\n<p>&#8211; \u00dattak 230 V (16 A.), USB 5V (2,1 A og 1,0 A), DC 12 V (8,3 A).<\/p>\n<p>&#8211; Jar\u00f0tenging.<\/p>\n<p><\/p>\n<p><b>T\u00e6knil\u00fdsing:<\/b><\/p>\n<p>Spenna 230 V<\/p>\n<p>H\u00e1marksafl 4,2 KW<\/p>\n<p>Nafnafl 3,8 KW<\/p>\n<p>T\u00ed\u00f0ni (Hz) 50 Hz<\/p>\n<p>\u00dattak 2 x 16A, USB 5V (2,1A + 1A)<\/p>\n<p>\u00dattak DC 12V (8,3A)<\/p>\n<p>Eldsneytisr\u00fdmi 8L<\/p>\n<p>Hlj\u00f3\u00f0stig vi\u00f0 7 metrar 63dBA<\/p>\n<p>V\u00e9l Ger\u00f0 GK175-Vi<\/p>\n<p>V\u00e9l &#8211; handvirk \/ rafst\u00fdr\u00f0 stilling<\/p>\n<p>V\u00e9l &#8211; Slagr\u00fdmi 175 cc<\/p>\n<p>V\u00e9l &#8211; Ol\u00edur\u00fdmi 0,45L<\/p>\n<p>Rafall &#8211; aflstu\u00f0ull 1<\/p>\n<p>Vi\u00f0v\u00f6run um l\u00e1gt ol\u00edustig J\u00c1<\/p>\n<p>Ofhle\u00f0sluv\u00edsir J\u00c1<\/p>\n<p>Me\u00f0 handfangi og hj\u00f3lum<\/p>\n<p>Eigin \u00feyngd 31,5 kg<\/p>\n<p>Heildar\u00feyngd 33,5 kg<\/p>\n<p>V\u00f6rum\u00e1l 580 x 385 x 530 mm<\/p>","protected":false},"excerpt":{"rendered":"<p>Tegund:&nbsp;DW-DXGNi42E<\/p>","protected":false},"featured_media":64607,"comment_status":"closed","ping_status":"closed","template":"","meta":[],"product_brand":[],"product_cat":[517,883,887],"product_tag":[1015,1011],"class_list":{"0":"post-64520","1":"product","2":"type-product","3":"status-publish","4":"has-post-thumbnail","6":"product_cat-lykillausnir","7":"product_cat-orkuver","8":"product_cat-rafstodvar-orkuver","9":"product_tag-rafstodvar","10":"product_tag-vetur","12":"first","13":"instock","14":"taxable","15":"shipping-taxable","16":"purchasable","17":"product-type-simple"},"yoast_head":"<!-- This site is optimized with the Yoast SEO plugin v27.3 - https:\/\/yoast.com\/product\/yoast-seo-wordpress\/ -->\n<title>DeWALT Rafst\u00f6\u00f0 inverter 4200\/4200w - V\u00e9lar &amp; Verkf\u00e6ri<\/title>\n<meta name=\"robots\" content=\"index, follow, max-snippet:-1, max-image-preview:large, max-video-preview:-1\" \/>\n<link rel=\"canonical\" href=\"https:\/\/velarogverkfaeri.is\/en\/lykillausnir\/orkuver\/rafstodvar-orkuver\/product\/dewalt-rafstod\/\" \/>\n<meta property=\"og:locale\" content=\"en_US\" \/>\n<meta property=\"og:type\" content=\"article\" \/>\n<meta property=\"og:title\" content=\"DeWALT Rafst\u00f6\u00f0 inverter 4200\/4200w - V\u00e9lar &amp; Verkf\u00e6ri\" \/>\n<meta property=\"og:description\" content=\"Tegund:&nbsp;DW-DXGNi42E\" \/>\n<meta property=\"og:url\" content=\"https:\/\/velarogverkfaeri.is\/en\/lykillausnir\/orkuver\/rafstodvar-orkuver\/product\/dewalt-rafstod\/\" \/>\n<meta property=\"og:site_name\" content=\"V\u00e9lar &amp; Verkf\u00e6ri\" \/>\n<meta property=\"article:publisher\" content=\"https:\/\/www.facebook.com\/VelarOgVerkfaeri\" \/>\n<meta property=\"article:modified_time\" content=\"2026-03-31T16:45:26+00:00\" \/>\n<meta property=\"og:image\" content=\"https:\/\/velarogverkfaeri.is\/wp-content\/uploads\/2024\/09\/42f6e887-9ed0-4d4b-96fc-55ddef27c3ed.png\" \/>\n\t<meta property=\"og:image:width\" content=\"750\" \/>\n\t<meta property=\"og:image:height\" content=\"678\" \/>\n\t<meta property=\"og:image:type\" content=\"image\/png\" \/>\n<meta name=\"twitter:card\" content=\"summary_large_image\" \/>\n<meta name=\"twitter:label1\" content=\"Est. reading time\" \/>\n\t<meta name=\"twitter:data1\" content=\"1 minute\" \/>\n<script type=\"application\/ld+json\" class=\"yoast-schema-graph\">{\"@context\":\"https:\\\/\\\/schema.org\",\"@graph\":[{\"@type\":\"WebPage\",\"@id\":\"https:\\\/\\\/velarogverkfaeri.is\\\/lykillausnir\\\/orkuver\\\/rafstodvar-orkuver\\\/product\\\/dewalt-rafstod\\\/\",\"url\":\"https:\\\/\\\/velarogverkfaeri.is\\\/lykillausnir\\\/orkuver\\\/rafstodvar-orkuver\\\/product\\\/dewalt-rafstod\\\/\",\"name\":\"DeWALT Rafst\u00f6\u00f0 inverter 4200\\\/4200w - V\u00e9lar &amp; Verkf\u00e6ri\",\"isPartOf\":{\"@id\":\"https:\\\/\\\/velarogverkfaeri.is\\\/en\\\/#website\"},\"primaryImageOfPage\":{\"@id\":\"https:\\\/\\\/velarogverkfaeri.is\\\/lykillausnir\\\/orkuver\\\/rafstodvar-orkuver\\\/product\\\/dewalt-rafstod\\\/#primaryimage\"},\"image\":{\"@id\":\"https:\\\/\\\/velarogverkfaeri.is\\\/lykillausnir\\\/orkuver\\\/rafstodvar-orkuver\\\/product\\\/dewalt-rafstod\\\/#primaryimage\"},\"thumbnailUrl\":\"https:\\\/\\\/velarogverkfaeri.is\\\/wp-content\\\/uploads\\\/2024\\\/09\\\/42f6e887-9ed0-4d4b-96fc-55ddef27c3ed.png\",\"datePublished\":\"2024-09-03T10:28:40+00:00\",\"dateModified\":\"2026-03-31T16:45:26+00:00\",\"breadcrumb\":{\"@id\":\"https:\\\/\\\/velarogverkfaeri.is\\\/lykillausnir\\\/orkuver\\\/rafstodvar-orkuver\\\/product\\\/dewalt-rafstod\\\/#breadcrumb\"},\"inLanguage\":\"en-US\",\"potentialAction\":[{\"@type\":\"ReadAction\",\"target\":[\"https:\\\/\\\/velarogverkfaeri.is\\\/lykillausnir\\\/orkuver\\\/rafstodvar-orkuver\\\/product\\\/dewalt-rafstod\\\/\"]}]},{\"@type\":\"ImageObject\",\"inLanguage\":\"en-US\",\"@id\":\"https:\\\/\\\/velarogverkfaeri.is\\\/lykillausnir\\\/orkuver\\\/rafstodvar-orkuver\\\/product\\\/dewalt-rafstod\\\/#primaryimage\",\"url\":\"https:\\\/\\\/velarogverkfaeri.is\\\/wp-content\\\/uploads\\\/2024\\\/09\\\/42f6e887-9ed0-4d4b-96fc-55ddef27c3ed.png\",\"contentUrl\":\"https:\\\/\\\/velarogverkfaeri.is\\\/wp-content\\\/uploads\\\/2024\\\/09\\\/42f6e887-9ed0-4d4b-96fc-55ddef27c3ed.png\",\"width\":750,\"height\":678},{\"@type\":\"BreadcrumbList\",\"@id\":\"https:\\\/\\\/velarogverkfaeri.is\\\/lykillausnir\\\/orkuver\\\/rafstodvar-orkuver\\\/product\\\/dewalt-rafstod\\\/#breadcrumb\",\"itemListElement\":[{\"@type\":\"ListItem\",\"position\":1,\"name\":\"Home\",\"item\":\"https:\\\/\\\/velarogverkfaeri.is\\\/\"},{\"@type\":\"ListItem\",\"position\":2,\"name\":\"Vefverslun\",\"item\":\"https:\\\/\\\/velarogverkfaeri.is\\\/vefverslun\\\/\"},{\"@type\":\"ListItem\",\"position\":3,\"name\":\"DeWALT Rafst\u00f6\u00f0 inverter 4200\\\/4200w\"}]},{\"@type\":\"WebSite\",\"@id\":\"https:\\\/\\\/velarogverkfaeri.is\\\/en\\\/#website\",\"url\":\"https:\\\/\\\/velarogverkfaeri.is\\\/en\\\/\",\"name\":\"V\u00e9lar & Verkf\u00e6ri\",\"description\":\"Umbo\u00f0s- og heildverslun fr\u00e1 \u00e1rinu 1919\",\"publisher\":{\"@id\":\"https:\\\/\\\/velarogverkfaeri.is\\\/en\\\/#organization\"},\"potentialAction\":[{\"@type\":\"SearchAction\",\"target\":{\"@type\":\"EntryPoint\",\"urlTemplate\":\"https:\\\/\\\/velarogverkfaeri.is\\\/en\\\/?s={search_term_string}\"},\"query-input\":{\"@type\":\"PropertyValueSpecification\",\"valueRequired\":true,\"valueName\":\"search_term_string\"}}],\"inLanguage\":\"en-US\"},{\"@type\":\"Organization\",\"@id\":\"https:\\\/\\\/velarogverkfaeri.is\\\/en\\\/#organization\",\"name\":\"V\u00e9lar & Verkf\u00e6ri\",\"url\":\"https:\\\/\\\/velarogverkfaeri.is\\\/en\\\/\",\"logo\":{\"@type\":\"ImageObject\",\"inLanguage\":\"en-US\",\"@id\":\"https:\\\/\\\/velarogverkfaeri.is\\\/en\\\/#\\\/schema\\\/logo\\\/image\\\/\",\"url\":\"https:\\\/\\\/velarogverkfaeri.is\\\/wp-content\\\/uploads\\\/2021\\\/10\\\/vv_logo_350x100.png\",\"contentUrl\":\"https:\\\/\\\/velarogverkfaeri.is\\\/wp-content\\\/uploads\\\/2021\\\/10\\\/vv_logo_350x100.png\",\"width\":350,\"height\":100,\"caption\":\"V\u00e9lar & Verkf\u00e6ri\"},\"image\":{\"@id\":\"https:\\\/\\\/velarogverkfaeri.is\\\/en\\\/#\\\/schema\\\/logo\\\/image\\\/\"},\"sameAs\":[\"https:\\\/\\\/www.facebook.com\\\/VelarOgVerkfaeri\"]}]}<\/script>\n<!-- \/ Yoast SEO plugin. -->","yoast_head_json":{"title":"DeWALT Rafst\u00f6\u00f0 inverter 4200\/4200w - V\u00e9lar &amp; Verkf\u00e6ri","robots":{"index":"index","follow":"follow","max-snippet":"max-snippet:-1","max-image-preview":"max-image-preview:large","max-video-preview":"max-video-preview:-1"},"canonical":"https:\/\/velarogverkfaeri.is\/en\/lykillausnir\/orkuver\/rafstodvar-orkuver\/product\/dewalt-rafstod\/","og_locale":"en_US","og_type":"article","og_title":"DeWALT Rafst\u00f6\u00f0 inverter 4200\/4200w - V\u00e9lar &amp; Verkf\u00e6ri","og_description":"Tegund:&nbsp;DW-DXGNi42E","og_url":"https:\/\/velarogverkfaeri.is\/en\/lykillausnir\/orkuver\/rafstodvar-orkuver\/product\/dewalt-rafstod\/","og_site_name":"V\u00e9lar &amp; Verkf\u00e6ri","article_publisher":"https:\/\/www.facebook.com\/VelarOgVerkfaeri","article_modified_time":"2026-03-31T16:45:26+00:00","og_image":[{"width":750,"height":678,"url":"https:\/\/velarogverkfaeri.is\/wp-content\/uploads\/2024\/09\/42f6e887-9ed0-4d4b-96fc-55ddef27c3ed.png","type":"image\/png"}],"twitter_card":"summary_large_image","twitter_misc":{"Est. reading time":"1 minute"},"schema":{"@context":"https:\/\/schema.org","@graph":[{"@type":"WebPage","@id":"https:\/\/velarogverkfaeri.is\/lykillausnir\/orkuver\/rafstodvar-orkuver\/product\/dewalt-rafstod\/","url":"https:\/\/velarogverkfaeri.is\/lykillausnir\/orkuver\/rafstodvar-orkuver\/product\/dewalt-rafstod\/","name":"DeWALT Rafst\u00f6\u00f0 inverter 4200\/4200w - V\u00e9lar &amp; Verkf\u00e6ri","isPartOf":{"@id":"https:\/\/velarogverkfaeri.is\/en\/#website"},"primaryImageOfPage":{"@id":"https:\/\/velarogverkfaeri.is\/lykillausnir\/orkuver\/rafstodvar-orkuver\/product\/dewalt-rafstod\/#primaryimage"},"image":{"@id":"https:\/\/velarogverkfaeri.is\/lykillausnir\/orkuver\/rafstodvar-orkuver\/product\/dewalt-rafstod\/#primaryimage"},"thumbnailUrl":"https:\/\/velarogverkfaeri.is\/wp-content\/uploads\/2024\/09\/42f6e887-9ed0-4d4b-96fc-55ddef27c3ed.png","datePublished":"2024-09-03T10:28:40+00:00","dateModified":"2026-03-31T16:45:26+00:00","breadcrumb":{"@id":"https:\/\/velarogverkfaeri.is\/lykillausnir\/orkuver\/rafstodvar-orkuver\/product\/dewalt-rafstod\/#breadcrumb"},"inLanguage":"en-US","potentialAction":[{"@type":"ReadAction","target":["https:\/\/velarogverkfaeri.is\/lykillausnir\/orkuver\/rafstodvar-orkuver\/product\/dewalt-rafstod\/"]}]},{"@type":"ImageObject","inLanguage":"en-US","@id":"https:\/\/velarogverkfaeri.is\/lykillausnir\/orkuver\/rafstodvar-orkuver\/product\/dewalt-rafstod\/#primaryimage","url":"https:\/\/velarogverkfaeri.is\/wp-content\/uploads\/2024\/09\/42f6e887-9ed0-4d4b-96fc-55ddef27c3ed.png","contentUrl":"https:\/\/velarogverkfaeri.is\/wp-content\/uploads\/2024\/09\/42f6e887-9ed0-4d4b-96fc-55ddef27c3ed.png","width":750,"height":678},{"@type":"BreadcrumbList","@id":"https:\/\/velarogverkfaeri.is\/lykillausnir\/orkuver\/rafstodvar-orkuver\/product\/dewalt-rafstod\/#breadcrumb","itemListElement":[{"@type":"ListItem","position":1,"name":"Home","item":"https:\/\/velarogverkfaeri.is\/"},{"@type":"ListItem","position":2,"name":"Vefverslun","item":"https:\/\/velarogverkfaeri.is\/vefverslun\/"},{"@type":"ListItem","position":3,"name":"DeWALT Rafst\u00f6\u00f0 inverter 4200\/4200w"}]},{"@type":"WebSite","@id":"https:\/\/velarogverkfaeri.is\/en\/#website","url":"https:\/\/velarogverkfaeri.is\/en\/","name":"V\u00e9lar & Verkf\u00e6ri","description":"Umbo\u00f0s- og heildverslun fr\u00e1 \u00e1rinu 1919","publisher":{"@id":"https:\/\/velarogverkfaeri.is\/en\/#organization"},"potentialAction":[{"@type":"SearchAction","target":{"@type":"EntryPoint","urlTemplate":"https:\/\/velarogverkfaeri.is\/en\/?s={search_term_string}"},"query-input":{"@type":"PropertyValueSpecification","valueRequired":true,"valueName":"search_term_string"}}],"inLanguage":"en-US"},{"@type":"Organization","@id":"https:\/\/velarogverkfaeri.is\/en\/#organization","name":"V\u00e9lar & Verkf\u00e6ri","url":"https:\/\/velarogverkfaeri.is\/en\/","logo":{"@type":"ImageObject","inLanguage":"en-US","@id":"https:\/\/velarogverkfaeri.is\/en\/#\/schema\/logo\/image\/","url":"https:\/\/velarogverkfaeri.is\/wp-content\/uploads\/2021\/10\/vv_logo_350x100.png","contentUrl":"https:\/\/velarogverkfaeri.is\/wp-content\/uploads\/2021\/10\/vv_logo_350x100.png","width":350,"height":100,"caption":"V\u00e9lar & Verkf\u00e6ri"},"image":{"@id":"https:\/\/velarogverkfaeri.is\/en\/#\/schema\/logo\/image\/"},"sameAs":["https:\/\/www.facebook.com\/VelarOgVerkfaeri"]}]}},"_links":{"self":[{"href":"https:\/\/velarogverkfaeri.is\/en\/wp-json\/wp\/v2\/product\/64520","targetHints":{"allow":["GET"]}}],"collection":[{"href":"https:\/\/velarogverkfaeri.is\/en\/wp-json\/wp\/v2\/product"}],"about":[{"href":"https:\/\/velarogverkfaeri.is\/en\/wp-json\/wp\/v2\/types\/product"}],"replies":[{"embeddable":true,"href":"https:\/\/velarogverkfaeri.is\/en\/wp-json\/wp\/v2\/comments?post=64520"}],"wp:featuredmedia":[{"embeddable":true,"href":"https:\/\/velarogverkfaeri.is\/en\/wp-json\/wp\/v2\/media\/64607"}],"wp:attachment":[{"href":"https:\/\/velarogverkfaeri.is\/en\/wp-json\/wp\/v2\/media?parent=64520"}],"wp:term":[{"taxonomy":"product_brand","embeddable":true,"href":"https:\/\/velarogverkfaeri.is\/en\/wp-json\/wp\/v2\/product_brand?post=64520"},{"taxonomy":"product_cat","embeddable":true,"href":"https:\/\/velarogverkfaeri.is\/en\/wp-json\/wp\/v2\/product_cat?post=64520"},{"taxonomy":"product_tag","embeddable":true,"href":"https:\/\/velarogverkfaeri.is\/en\/wp-json\/wp\/v2\/product_tag?post=64520"}],"curies":[{"name":"wp","href":"https:\/\/api.w.org\/{rel}","templated":true}]}}