{"id":63802,"date":"2024-08-14T14:28:27","date_gmt":"2024-08-14T14:28:27","guid":{"rendered":"https:\/\/velarogverkfaeri.is\/?post_type=product&#038;p=63802"},"modified":"2025-12-18T12:03:35","modified_gmt":"2025-12-18T12:03:35","slug":"kapro-thrifotur-lettur-stillanlegur-i-allt-ad-15mtr-haed-halda-1-4-festing","status":"publish","type":"product","link":"https:\/\/velarogverkfaeri.is\/en\/verkfaeralausnir\/laser\/thrifaetur-og-aukahlutir\/product\/kapro-thrifotur-lettur-stillanlegur-i-allt-ad-15mtr-haed-halda-1-4-festing\/","title":{"rendered":"KAPRO \u00der\u00edf\u00f3tur l\u00e9ttur stillanlegur \u00ed allt a\u00f0 1,5mtr h\u00e6\u00f0, halda, 1\/4&#8243; festing"},"content":{"rendered":"<p>Maximum height: Up to 1.5m<\/p>\n<p>Adjustable legs<\/p>\n<p>Adjustable height hand crank<\/p>\n<p>Carrying handle<\/p>\n<p>Aliment vial<\/p>\n<p>1\/4# tread<\/p>","protected":false},"excerpt":{"rendered":"<p>Tegund:\u00a0886-19<\/p>\n<p><\/p>","protected":false},"featured_media":78139,"comment_status":"closed","ping_status":"closed","template":"","meta":[],"product_brand":[],"product_cat":[589,515,1075],"product_tag":[],"class_list":{"0":"post-63802","1":"product","2":"type-product","3":"status-publish","4":"has-post-thumbnail","6":"product_cat-laser","7":"product_cat-verkfaeralausnir","8":"product_cat-thrifaetur-og-aukahlutir","10":"first","11":"instock","12":"taxable","13":"shipping-taxable","14":"purchasable","15":"product-type-simple"},"yoast_head":"<!-- This site is optimized with the Yoast SEO plugin v27.3 - https:\/\/yoast.com\/product\/yoast-seo-wordpress\/ -->\n<title>KAPRO \u00der\u00edf\u00f3tur l\u00e9ttur stillanlegur \u00ed allt a\u00f0 1,5mtr h\u00e6\u00f0, halda, 1\/4&quot; festing - V\u00e9lar &amp; Verkf\u00e6ri<\/title>\n<meta name=\"robots\" content=\"index, follow, max-snippet:-1, max-image-preview:large, max-video-preview:-1\" \/>\n<link rel=\"canonical\" href=\"https:\/\/velarogverkfaeri.is\/en\/verkfaeralausnir\/laser\/thrifaetur-og-aukahlutir\/product\/kapro-thrifotur-lettur-stillanlegur-i-allt-ad-15mtr-haed-halda-1-4-festing\/\" \/>\n<meta property=\"og:locale\" content=\"en_US\" \/>\n<meta property=\"og:type\" content=\"article\" \/>\n<meta property=\"og:title\" content=\"KAPRO \u00der\u00edf\u00f3tur l\u00e9ttur stillanlegur \u00ed allt a\u00f0 1,5mtr h\u00e6\u00f0, halda, 1\/4&quot; festing - V\u00e9lar &amp; Verkf\u00e6ri\" \/>\n<meta property=\"og:description\" content=\"Tegund:\u00a0886-19\" \/>\n<meta property=\"og:url\" content=\"https:\/\/velarogverkfaeri.is\/en\/verkfaeralausnir\/laser\/thrifaetur-og-aukahlutir\/product\/kapro-thrifotur-lettur-stillanlegur-i-allt-ad-15mtr-haed-halda-1-4-festing\/\" \/>\n<meta property=\"og:site_name\" content=\"V\u00e9lar &amp; Verkf\u00e6ri\" \/>\n<meta property=\"article:publisher\" content=\"https:\/\/www.facebook.com\/VelarOgVerkfaeri\" \/>\n<meta property=\"article:modified_time\" content=\"2025-12-18T12:03:35+00:00\" \/>\n<meta property=\"og:image\" content=\"https:\/\/velarogverkfaeri.is\/wp-content\/uploads\/2025\/11\/bf84c3ad-799c-40d3-9326-161dc0e6cf1f.png\" \/>\n\t<meta property=\"og:image:width\" content=\"515\" \/>\n\t<meta property=\"og:image:height\" content=\"564\" \/>\n\t<meta property=\"og:image:type\" content=\"image\/png\" \/>\n<meta name=\"twitter:card\" content=\"summary_large_image\" \/>\n<meta name=\"twitter:label1\" content=\"Est. reading time\" \/>\n\t<meta name=\"twitter:data1\" content=\"1 minute\" \/>\n<script type=\"application\/ld+json\" class=\"yoast-schema-graph\">{\"@context\":\"https:\\\/\\\/schema.org\",\"@graph\":[{\"@type\":\"WebPage\",\"@id\":\"https:\\\/\\\/velarogverkfaeri.is\\\/verkfaeralausnir\\\/laser\\\/thrifaetur-og-aukahlutir\\\/product\\\/kapro-thrifotur-lettur-stillanlegur-i-allt-ad-15mtr-haed-halda-1-4-festing\\\/\",\"url\":\"https:\\\/\\\/velarogverkfaeri.is\\\/verkfaeralausnir\\\/laser\\\/thrifaetur-og-aukahlutir\\\/product\\\/kapro-thrifotur-lettur-stillanlegur-i-allt-ad-15mtr-haed-halda-1-4-festing\\\/\",\"name\":\"KAPRO \u00der\u00edf\u00f3tur l\u00e9ttur stillanlegur \u00ed allt a\u00f0 1,5mtr h\u00e6\u00f0, halda, 1\\\/4\\\" festing - V\u00e9lar &amp; Verkf\u00e6ri\",\"isPartOf\":{\"@id\":\"https:\\\/\\\/velarogverkfaeri.is\\\/en\\\/#website\"},\"primaryImageOfPage\":{\"@id\":\"https:\\\/\\\/velarogverkfaeri.is\\\/verkfaeralausnir\\\/laser\\\/thrifaetur-og-aukahlutir\\\/product\\\/kapro-thrifotur-lettur-stillanlegur-i-allt-ad-15mtr-haed-halda-1-4-festing\\\/#primaryimage\"},\"image\":{\"@id\":\"https:\\\/\\\/velarogverkfaeri.is\\\/verkfaeralausnir\\\/laser\\\/thrifaetur-og-aukahlutir\\\/product\\\/kapro-thrifotur-lettur-stillanlegur-i-allt-ad-15mtr-haed-halda-1-4-festing\\\/#primaryimage\"},\"thumbnailUrl\":\"https:\\\/\\\/velarogverkfaeri.is\\\/wp-content\\\/uploads\\\/2025\\\/11\\\/bf84c3ad-799c-40d3-9326-161dc0e6cf1f.png\",\"datePublished\":\"2024-08-14T14:28:27+00:00\",\"dateModified\":\"2025-12-18T12:03:35+00:00\",\"breadcrumb\":{\"@id\":\"https:\\\/\\\/velarogverkfaeri.is\\\/verkfaeralausnir\\\/laser\\\/thrifaetur-og-aukahlutir\\\/product\\\/kapro-thrifotur-lettur-stillanlegur-i-allt-ad-15mtr-haed-halda-1-4-festing\\\/#breadcrumb\"},\"inLanguage\":\"en-US\",\"potentialAction\":[{\"@type\":\"ReadAction\",\"target\":[\"https:\\\/\\\/velarogverkfaeri.is\\\/verkfaeralausnir\\\/laser\\\/thrifaetur-og-aukahlutir\\\/product\\\/kapro-thrifotur-lettur-stillanlegur-i-allt-ad-15mtr-haed-halda-1-4-festing\\\/\"]}]},{\"@type\":\"ImageObject\",\"inLanguage\":\"en-US\",\"@id\":\"https:\\\/\\\/velarogverkfaeri.is\\\/verkfaeralausnir\\\/laser\\\/thrifaetur-og-aukahlutir\\\/product\\\/kapro-thrifotur-lettur-stillanlegur-i-allt-ad-15mtr-haed-halda-1-4-festing\\\/#primaryimage\",\"url\":\"https:\\\/\\\/velarogverkfaeri.is\\\/wp-content\\\/uploads\\\/2025\\\/11\\\/bf84c3ad-799c-40d3-9326-161dc0e6cf1f.png\",\"contentUrl\":\"https:\\\/\\\/velarogverkfaeri.is\\\/wp-content\\\/uploads\\\/2025\\\/11\\\/bf84c3ad-799c-40d3-9326-161dc0e6cf1f.png\",\"width\":515,\"height\":564},{\"@type\":\"BreadcrumbList\",\"@id\":\"https:\\\/\\\/velarogverkfaeri.is\\\/verkfaeralausnir\\\/laser\\\/thrifaetur-og-aukahlutir\\\/product\\\/kapro-thrifotur-lettur-stillanlegur-i-allt-ad-15mtr-haed-halda-1-4-festing\\\/#breadcrumb\",\"itemListElement\":[{\"@type\":\"ListItem\",\"position\":1,\"name\":\"Home\",\"item\":\"https:\\\/\\\/velarogverkfaeri.is\\\/\"},{\"@type\":\"ListItem\",\"position\":2,\"name\":\"Vefverslun\",\"item\":\"https:\\\/\\\/velarogverkfaeri.is\\\/vefverslun\\\/\"},{\"@type\":\"ListItem\",\"position\":3,\"name\":\"KAPRO \u00der\u00edf\u00f3tur l\u00e9ttur stillanlegur \u00ed allt a\u00f0 1,5mtr h\u00e6\u00f0, halda, 1\\\/4&#8243; festing\"}]},{\"@type\":\"WebSite\",\"@id\":\"https:\\\/\\\/velarogverkfaeri.is\\\/en\\\/#website\",\"url\":\"https:\\\/\\\/velarogverkfaeri.is\\\/en\\\/\",\"name\":\"V\u00e9lar & Verkf\u00e6ri\",\"description\":\"Umbo\u00f0s- og heildverslun fr\u00e1 \u00e1rinu 1919\",\"publisher\":{\"@id\":\"https:\\\/\\\/velarogverkfaeri.is\\\/en\\\/#organization\"},\"potentialAction\":[{\"@type\":\"SearchAction\",\"target\":{\"@type\":\"EntryPoint\",\"urlTemplate\":\"https:\\\/\\\/velarogverkfaeri.is\\\/en\\\/?s={search_term_string}\"},\"query-input\":{\"@type\":\"PropertyValueSpecification\",\"valueRequired\":true,\"valueName\":\"search_term_string\"}}],\"inLanguage\":\"en-US\"},{\"@type\":\"Organization\",\"@id\":\"https:\\\/\\\/velarogverkfaeri.is\\\/en\\\/#organization\",\"name\":\"V\u00e9lar & Verkf\u00e6ri\",\"url\":\"https:\\\/\\\/velarogverkfaeri.is\\\/en\\\/\",\"logo\":{\"@type\":\"ImageObject\",\"inLanguage\":\"en-US\",\"@id\":\"https:\\\/\\\/velarogverkfaeri.is\\\/en\\\/#\\\/schema\\\/logo\\\/image\\\/\",\"url\":\"https:\\\/\\\/velarogverkfaeri.is\\\/wp-content\\\/uploads\\\/2021\\\/10\\\/vv_logo_350x100.png\",\"contentUrl\":\"https:\\\/\\\/velarogverkfaeri.is\\\/wp-content\\\/uploads\\\/2021\\\/10\\\/vv_logo_350x100.png\",\"width\":350,\"height\":100,\"caption\":\"V\u00e9lar & Verkf\u00e6ri\"},\"image\":{\"@id\":\"https:\\\/\\\/velarogverkfaeri.is\\\/en\\\/#\\\/schema\\\/logo\\\/image\\\/\"},\"sameAs\":[\"https:\\\/\\\/www.facebook.com\\\/VelarOgVerkfaeri\"]}]}<\/script>\n<!-- \/ Yoast SEO plugin. -->","yoast_head_json":{"title":"KAPRO \u00der\u00edf\u00f3tur l\u00e9ttur stillanlegur \u00ed allt a\u00f0 1,5mtr h\u00e6\u00f0, halda, 1\/4\" festing - V\u00e9lar &amp; Verkf\u00e6ri","robots":{"index":"index","follow":"follow","max-snippet":"max-snippet:-1","max-image-preview":"max-image-preview:large","max-video-preview":"max-video-preview:-1"},"canonical":"https:\/\/velarogverkfaeri.is\/en\/verkfaeralausnir\/laser\/thrifaetur-og-aukahlutir\/product\/kapro-thrifotur-lettur-stillanlegur-i-allt-ad-15mtr-haed-halda-1-4-festing\/","og_locale":"en_US","og_type":"article","og_title":"KAPRO \u00der\u00edf\u00f3tur l\u00e9ttur stillanlegur \u00ed allt a\u00f0 1,5mtr h\u00e6\u00f0, halda, 1\/4\" festing - V\u00e9lar &amp; Verkf\u00e6ri","og_description":"Tegund:\u00a0886-19","og_url":"https:\/\/velarogverkfaeri.is\/en\/verkfaeralausnir\/laser\/thrifaetur-og-aukahlutir\/product\/kapro-thrifotur-lettur-stillanlegur-i-allt-ad-15mtr-haed-halda-1-4-festing\/","og_site_name":"V\u00e9lar &amp; Verkf\u00e6ri","article_publisher":"https:\/\/www.facebook.com\/VelarOgVerkfaeri","article_modified_time":"2025-12-18T12:03:35+00:00","og_image":[{"width":515,"height":564,"url":"https:\/\/velarogverkfaeri.is\/wp-content\/uploads\/2025\/11\/bf84c3ad-799c-40d3-9326-161dc0e6cf1f.png","type":"image\/png"}],"twitter_card":"summary_large_image","twitter_misc":{"Est. reading time":"1 minute"},"schema":{"@context":"https:\/\/schema.org","@graph":[{"@type":"WebPage","@id":"https:\/\/velarogverkfaeri.is\/verkfaeralausnir\/laser\/thrifaetur-og-aukahlutir\/product\/kapro-thrifotur-lettur-stillanlegur-i-allt-ad-15mtr-haed-halda-1-4-festing\/","url":"https:\/\/velarogverkfaeri.is\/verkfaeralausnir\/laser\/thrifaetur-og-aukahlutir\/product\/kapro-thrifotur-lettur-stillanlegur-i-allt-ad-15mtr-haed-halda-1-4-festing\/","name":"KAPRO \u00der\u00edf\u00f3tur l\u00e9ttur stillanlegur \u00ed allt a\u00f0 1,5mtr h\u00e6\u00f0, halda, 1\/4\" festing - V\u00e9lar &amp; Verkf\u00e6ri","isPartOf":{"@id":"https:\/\/velarogverkfaeri.is\/en\/#website"},"primaryImageOfPage":{"@id":"https:\/\/velarogverkfaeri.is\/verkfaeralausnir\/laser\/thrifaetur-og-aukahlutir\/product\/kapro-thrifotur-lettur-stillanlegur-i-allt-ad-15mtr-haed-halda-1-4-festing\/#primaryimage"},"image":{"@id":"https:\/\/velarogverkfaeri.is\/verkfaeralausnir\/laser\/thrifaetur-og-aukahlutir\/product\/kapro-thrifotur-lettur-stillanlegur-i-allt-ad-15mtr-haed-halda-1-4-festing\/#primaryimage"},"thumbnailUrl":"https:\/\/velarogverkfaeri.is\/wp-content\/uploads\/2025\/11\/bf84c3ad-799c-40d3-9326-161dc0e6cf1f.png","datePublished":"2024-08-14T14:28:27+00:00","dateModified":"2025-12-18T12:03:35+00:00","breadcrumb":{"@id":"https:\/\/velarogverkfaeri.is\/verkfaeralausnir\/laser\/thrifaetur-og-aukahlutir\/product\/kapro-thrifotur-lettur-stillanlegur-i-allt-ad-15mtr-haed-halda-1-4-festing\/#breadcrumb"},"inLanguage":"en-US","potentialAction":[{"@type":"ReadAction","target":["https:\/\/velarogverkfaeri.is\/verkfaeralausnir\/laser\/thrifaetur-og-aukahlutir\/product\/kapro-thrifotur-lettur-stillanlegur-i-allt-ad-15mtr-haed-halda-1-4-festing\/"]}]},{"@type":"ImageObject","inLanguage":"en-US","@id":"https:\/\/velarogverkfaeri.is\/verkfaeralausnir\/laser\/thrifaetur-og-aukahlutir\/product\/kapro-thrifotur-lettur-stillanlegur-i-allt-ad-15mtr-haed-halda-1-4-festing\/#primaryimage","url":"https:\/\/velarogverkfaeri.is\/wp-content\/uploads\/2025\/11\/bf84c3ad-799c-40d3-9326-161dc0e6cf1f.png","contentUrl":"https:\/\/velarogverkfaeri.is\/wp-content\/uploads\/2025\/11\/bf84c3ad-799c-40d3-9326-161dc0e6cf1f.png","width":515,"height":564},{"@type":"BreadcrumbList","@id":"https:\/\/velarogverkfaeri.is\/verkfaeralausnir\/laser\/thrifaetur-og-aukahlutir\/product\/kapro-thrifotur-lettur-stillanlegur-i-allt-ad-15mtr-haed-halda-1-4-festing\/#breadcrumb","itemListElement":[{"@type":"ListItem","position":1,"name":"Home","item":"https:\/\/velarogverkfaeri.is\/"},{"@type":"ListItem","position":2,"name":"Vefverslun","item":"https:\/\/velarogverkfaeri.is\/vefverslun\/"},{"@type":"ListItem","position":3,"name":"KAPRO \u00der\u00edf\u00f3tur l\u00e9ttur stillanlegur \u00ed allt a\u00f0 1,5mtr h\u00e6\u00f0, halda, 1\/4&#8243; festing"}]},{"@type":"WebSite","@id":"https:\/\/velarogverkfaeri.is\/en\/#website","url":"https:\/\/velarogverkfaeri.is\/en\/","name":"V\u00e9lar & Verkf\u00e6ri","description":"Umbo\u00f0s- og heildverslun fr\u00e1 \u00e1rinu 1919","publisher":{"@id":"https:\/\/velarogverkfaeri.is\/en\/#organization"},"potentialAction":[{"@type":"SearchAction","target":{"@type":"EntryPoint","urlTemplate":"https:\/\/velarogverkfaeri.is\/en\/?s={search_term_string}"},"query-input":{"@type":"PropertyValueSpecification","valueRequired":true,"valueName":"search_term_string"}}],"inLanguage":"en-US"},{"@type":"Organization","@id":"https:\/\/velarogverkfaeri.is\/en\/#organization","name":"V\u00e9lar & Verkf\u00e6ri","url":"https:\/\/velarogverkfaeri.is\/en\/","logo":{"@type":"ImageObject","inLanguage":"en-US","@id":"https:\/\/velarogverkfaeri.is\/en\/#\/schema\/logo\/image\/","url":"https:\/\/velarogverkfaeri.is\/wp-content\/uploads\/2021\/10\/vv_logo_350x100.png","contentUrl":"https:\/\/velarogverkfaeri.is\/wp-content\/uploads\/2021\/10\/vv_logo_350x100.png","width":350,"height":100,"caption":"V\u00e9lar & Verkf\u00e6ri"},"image":{"@id":"https:\/\/velarogverkfaeri.is\/en\/#\/schema\/logo\/image\/"},"sameAs":["https:\/\/www.facebook.com\/VelarOgVerkfaeri"]}]}},"_links":{"self":[{"href":"https:\/\/velarogverkfaeri.is\/en\/wp-json\/wp\/v2\/product\/63802","targetHints":{"allow":["GET"]}}],"collection":[{"href":"https:\/\/velarogverkfaeri.is\/en\/wp-json\/wp\/v2\/product"}],"about":[{"href":"https:\/\/velarogverkfaeri.is\/en\/wp-json\/wp\/v2\/types\/product"}],"replies":[{"embeddable":true,"href":"https:\/\/velarogverkfaeri.is\/en\/wp-json\/wp\/v2\/comments?post=63802"}],"wp:featuredmedia":[{"embeddable":true,"href":"https:\/\/velarogverkfaeri.is\/en\/wp-json\/wp\/v2\/media\/78139"}],"wp:attachment":[{"href":"https:\/\/velarogverkfaeri.is\/en\/wp-json\/wp\/v2\/media?parent=63802"}],"wp:term":[{"taxonomy":"product_brand","embeddable":true,"href":"https:\/\/velarogverkfaeri.is\/en\/wp-json\/wp\/v2\/product_brand?post=63802"},{"taxonomy":"product_cat","embeddable":true,"href":"https:\/\/velarogverkfaeri.is\/en\/wp-json\/wp\/v2\/product_cat?post=63802"},{"taxonomy":"product_tag","embeddable":true,"href":"https:\/\/velarogverkfaeri.is\/en\/wp-json\/wp\/v2\/product_tag?post=63802"}],"curies":[{"name":"wp","href":"https:\/\/api.w.org\/{rel}","templated":true}]}}