{"id":63296,"date":"2023-04-28T17:52:37","date_gmt":"2023-04-28T17:52:37","guid":{"rendered":"https:\/\/velarogverkfaeri.is\/uncategorized\/product\/varta-hledslubanki-15000mah\/"},"modified":"2025-04-25T18:14:53","modified_gmt":"2025-04-25T18:14:53","slug":"varta-hledslubanki-15000mah","status":"publish","type":"product","link":"https:\/\/velarogverkfaeri.is\/en\/lykillausnir\/utivistarvorur\/ferdahledslubankar\/product\/varta-hledslubanki-15000mah\/","title":{"rendered":"VARTA Hle\u00f0slubanki 15000mAh"},"content":{"rendered":"<p>Rafhl\u00f6\u00f0ugeta: 15000 mAh<\/p>\n<p>Rafhl\u00f6\u00f0ut\u00e6kni: lit\u00edum fj\u00f6lli\u00f0a (Li-Po) 3,7 V<\/p>\n<p>4 hv\u00edtir LED gefa til kynna framvindu hle\u00f0slu og afhle\u00f0slu (bl\u00e1 LED fyrir hra\u00f0hle\u00f0slu 3.0)<\/p>\n<p>H\u00e1marksafl: 74 Wh<\/p>\n<p>H\u00e6gt er a\u00f0 hla\u00f0a rafmagnsbankann \u00feegar veri\u00f0 er a\u00f0 hla\u00f0a fars\u00edmann l\u00edka<\/p>\n<p>Setti\u00f0 inniheldur 50 cm USB Type-C sn\u00faru<\/p>\n<p>Aflgjafi (inntak) 1x USB micro 1x USB ger\u00f0 C<\/p>\n<p>Aflgjafi (\u00fattak) 2x USB A 1x USB ger\u00f0 C<\/p>\n<p>Tengitengi: USB, USB-A, USB-C<\/p>\n<p>Tenging hle\u00f0slut\u00e6kis: Alhli\u00f0a<\/p>\n<p>\u00datb\u00fain n\u00fat\u00edmalegri VARTA \u00f6ryggist\u00e6kni<\/p>\n<p>Hra\u00f0orkuhle\u00f0sla: 3,0<\/p>\n<p>\u00deyngd: 345 g<\/p>\n<p>St\u00e6r\u00f0: 135 mm x 72 mm x 20,5 mm<\/p>","protected":false},"excerpt":{"rendered":"<p>Tegund:&nbsp;4008496019588<\/p>","protected":false},"featured_media":63293,"comment_status":"closed","ping_status":"closed","template":"","meta":[],"product_brand":[],"product_cat":[938,688,517,600,601],"product_tag":[1027],"class_list":{"0":"post-63296","1":"product","2":"type-product","3":"status-publish","4":"has-post-thumbnail","6":"product_cat-ferdahledslubankar","7":"product_cat-ferdahledslubatteri","8":"product_cat-lykillausnir","9":"product_cat-rafhlodur-lykillausnir","10":"product_cat-utivistarvorur","11":"product_tag-3dagar","13":"first","14":"instock","15":"taxable","16":"shipping-taxable","17":"purchasable","18":"product-type-simple"},"yoast_head":"<!-- This site is optimized with the Yoast SEO plugin v27.3 - https:\/\/yoast.com\/product\/yoast-seo-wordpress\/ -->\n<title>VARTA Hle\u00f0slubanki 15000mAh - V\u00e9lar &amp; Verkf\u00e6ri<\/title>\n<meta name=\"robots\" content=\"index, follow, max-snippet:-1, max-image-preview:large, max-video-preview:-1\" \/>\n<link rel=\"canonical\" href=\"https:\/\/velarogverkfaeri.is\/en\/lykillausnir\/utivistarvorur\/ferdahledslubankar\/product\/varta-hledslubanki-15000mah\/\" \/>\n<meta property=\"og:locale\" content=\"en_US\" \/>\n<meta property=\"og:type\" content=\"article\" \/>\n<meta property=\"og:title\" content=\"VARTA Hle\u00f0slubanki 15000mAh - V\u00e9lar &amp; Verkf\u00e6ri\" \/>\n<meta property=\"og:description\" content=\"Tegund:&nbsp;4008496019588\" \/>\n<meta property=\"og:url\" content=\"https:\/\/velarogverkfaeri.is\/en\/lykillausnir\/utivistarvorur\/ferdahledslubankar\/product\/varta-hledslubanki-15000mah\/\" \/>\n<meta property=\"og:site_name\" content=\"V\u00e9lar &amp; Verkf\u00e6ri\" \/>\n<meta property=\"article:publisher\" content=\"https:\/\/www.facebook.com\/VelarOgVerkfaeri\" \/>\n<meta property=\"article:modified_time\" content=\"2025-04-25T18:14:53+00:00\" \/>\n<meta property=\"og:image\" content=\"https:\/\/velarogverkfaeri.is\/wp-content\/uploads\/2024\/08\/b444ba4a-bad3-4a85-892c-003757b9d769.jpeg\" \/>\n\t<meta property=\"og:image:width\" content=\"500\" \/>\n\t<meta property=\"og:image:height\" content=\"500\" \/>\n\t<meta property=\"og:image:type\" content=\"image\/jpeg\" \/>\n<meta name=\"twitter:card\" content=\"summary_large_image\" \/>\n<script type=\"application\/ld+json\" class=\"yoast-schema-graph\">{\"@context\":\"https:\\\/\\\/schema.org\",\"@graph\":[{\"@type\":\"WebPage\",\"@id\":\"https:\\\/\\\/velarogverkfaeri.is\\\/lykillausnir\\\/utivistarvorur\\\/ferdahledslubankar\\\/product\\\/varta-hledslubanki-15000mah\\\/\",\"url\":\"https:\\\/\\\/velarogverkfaeri.is\\\/lykillausnir\\\/utivistarvorur\\\/ferdahledslubankar\\\/product\\\/varta-hledslubanki-15000mah\\\/\",\"name\":\"VARTA Hle\u00f0slubanki 15000mAh - V\u00e9lar &amp; Verkf\u00e6ri\",\"isPartOf\":{\"@id\":\"https:\\\/\\\/velarogverkfaeri.is\\\/en\\\/#website\"},\"primaryImageOfPage\":{\"@id\":\"https:\\\/\\\/velarogverkfaeri.is\\\/lykillausnir\\\/utivistarvorur\\\/ferdahledslubankar\\\/product\\\/varta-hledslubanki-15000mah\\\/#primaryimage\"},\"image\":{\"@id\":\"https:\\\/\\\/velarogverkfaeri.is\\\/lykillausnir\\\/utivistarvorur\\\/ferdahledslubankar\\\/product\\\/varta-hledslubanki-15000mah\\\/#primaryimage\"},\"thumbnailUrl\":\"https:\\\/\\\/velarogverkfaeri.is\\\/wp-content\\\/uploads\\\/2024\\\/08\\\/b444ba4a-bad3-4a85-892c-003757b9d769.jpeg\",\"datePublished\":\"2023-04-28T17:52:37+00:00\",\"dateModified\":\"2025-04-25T18:14:53+00:00\",\"breadcrumb\":{\"@id\":\"https:\\\/\\\/velarogverkfaeri.is\\\/lykillausnir\\\/utivistarvorur\\\/ferdahledslubankar\\\/product\\\/varta-hledslubanki-15000mah\\\/#breadcrumb\"},\"inLanguage\":\"en-US\",\"potentialAction\":[{\"@type\":\"ReadAction\",\"target\":[\"https:\\\/\\\/velarogverkfaeri.is\\\/lykillausnir\\\/utivistarvorur\\\/ferdahledslubankar\\\/product\\\/varta-hledslubanki-15000mah\\\/\"]}]},{\"@type\":\"ImageObject\",\"inLanguage\":\"en-US\",\"@id\":\"https:\\\/\\\/velarogverkfaeri.is\\\/lykillausnir\\\/utivistarvorur\\\/ferdahledslubankar\\\/product\\\/varta-hledslubanki-15000mah\\\/#primaryimage\",\"url\":\"https:\\\/\\\/velarogverkfaeri.is\\\/wp-content\\\/uploads\\\/2024\\\/08\\\/b444ba4a-bad3-4a85-892c-003757b9d769.jpeg\",\"contentUrl\":\"https:\\\/\\\/velarogverkfaeri.is\\\/wp-content\\\/uploads\\\/2024\\\/08\\\/b444ba4a-bad3-4a85-892c-003757b9d769.jpeg\",\"width\":500,\"height\":500},{\"@type\":\"BreadcrumbList\",\"@id\":\"https:\\\/\\\/velarogverkfaeri.is\\\/lykillausnir\\\/utivistarvorur\\\/ferdahledslubankar\\\/product\\\/varta-hledslubanki-15000mah\\\/#breadcrumb\",\"itemListElement\":[{\"@type\":\"ListItem\",\"position\":1,\"name\":\"Home\",\"item\":\"https:\\\/\\\/velarogverkfaeri.is\\\/\"},{\"@type\":\"ListItem\",\"position\":2,\"name\":\"Vefverslun\",\"item\":\"https:\\\/\\\/velarogverkfaeri.is\\\/vefverslun\\\/\"},{\"@type\":\"ListItem\",\"position\":3,\"name\":\"VARTA Hle\u00f0slubanki 15000mAh\"}]},{\"@type\":\"WebSite\",\"@id\":\"https:\\\/\\\/velarogverkfaeri.is\\\/en\\\/#website\",\"url\":\"https:\\\/\\\/velarogverkfaeri.is\\\/en\\\/\",\"name\":\"V\u00e9lar & Verkf\u00e6ri\",\"description\":\"Umbo\u00f0s- og heildverslun fr\u00e1 \u00e1rinu 1919\",\"publisher\":{\"@id\":\"https:\\\/\\\/velarogverkfaeri.is\\\/en\\\/#organization\"},\"potentialAction\":[{\"@type\":\"SearchAction\",\"target\":{\"@type\":\"EntryPoint\",\"urlTemplate\":\"https:\\\/\\\/velarogverkfaeri.is\\\/en\\\/?s={search_term_string}\"},\"query-input\":{\"@type\":\"PropertyValueSpecification\",\"valueRequired\":true,\"valueName\":\"search_term_string\"}}],\"inLanguage\":\"en-US\"},{\"@type\":\"Organization\",\"@id\":\"https:\\\/\\\/velarogverkfaeri.is\\\/en\\\/#organization\",\"name\":\"V\u00e9lar & Verkf\u00e6ri\",\"url\":\"https:\\\/\\\/velarogverkfaeri.is\\\/en\\\/\",\"logo\":{\"@type\":\"ImageObject\",\"inLanguage\":\"en-US\",\"@id\":\"https:\\\/\\\/velarogverkfaeri.is\\\/en\\\/#\\\/schema\\\/logo\\\/image\\\/\",\"url\":\"https:\\\/\\\/velarogverkfaeri.is\\\/wp-content\\\/uploads\\\/2021\\\/10\\\/vv_logo_350x100.png\",\"contentUrl\":\"https:\\\/\\\/velarogverkfaeri.is\\\/wp-content\\\/uploads\\\/2021\\\/10\\\/vv_logo_350x100.png\",\"width\":350,\"height\":100,\"caption\":\"V\u00e9lar & Verkf\u00e6ri\"},\"image\":{\"@id\":\"https:\\\/\\\/velarogverkfaeri.is\\\/en\\\/#\\\/schema\\\/logo\\\/image\\\/\"},\"sameAs\":[\"https:\\\/\\\/www.facebook.com\\\/VelarOgVerkfaeri\"]}]}<\/script>\n<!-- \/ Yoast SEO plugin. -->","yoast_head_json":{"title":"VARTA Hle\u00f0slubanki 15000mAh - V\u00e9lar &amp; Verkf\u00e6ri","robots":{"index":"index","follow":"follow","max-snippet":"max-snippet:-1","max-image-preview":"max-image-preview:large","max-video-preview":"max-video-preview:-1"},"canonical":"https:\/\/velarogverkfaeri.is\/en\/lykillausnir\/utivistarvorur\/ferdahledslubankar\/product\/varta-hledslubanki-15000mah\/","og_locale":"en_US","og_type":"article","og_title":"VARTA Hle\u00f0slubanki 15000mAh - V\u00e9lar &amp; Verkf\u00e6ri","og_description":"Tegund:&nbsp;4008496019588","og_url":"https:\/\/velarogverkfaeri.is\/en\/lykillausnir\/utivistarvorur\/ferdahledslubankar\/product\/varta-hledslubanki-15000mah\/","og_site_name":"V\u00e9lar &amp; Verkf\u00e6ri","article_publisher":"https:\/\/www.facebook.com\/VelarOgVerkfaeri","article_modified_time":"2025-04-25T18:14:53+00:00","og_image":[{"width":500,"height":500,"url":"https:\/\/velarogverkfaeri.is\/wp-content\/uploads\/2024\/08\/b444ba4a-bad3-4a85-892c-003757b9d769.jpeg","type":"image\/jpeg"}],"twitter_card":"summary_large_image","schema":{"@context":"https:\/\/schema.org","@graph":[{"@type":"WebPage","@id":"https:\/\/velarogverkfaeri.is\/lykillausnir\/utivistarvorur\/ferdahledslubankar\/product\/varta-hledslubanki-15000mah\/","url":"https:\/\/velarogverkfaeri.is\/lykillausnir\/utivistarvorur\/ferdahledslubankar\/product\/varta-hledslubanki-15000mah\/","name":"VARTA Hle\u00f0slubanki 15000mAh - V\u00e9lar &amp; Verkf\u00e6ri","isPartOf":{"@id":"https:\/\/velarogverkfaeri.is\/en\/#website"},"primaryImageOfPage":{"@id":"https:\/\/velarogverkfaeri.is\/lykillausnir\/utivistarvorur\/ferdahledslubankar\/product\/varta-hledslubanki-15000mah\/#primaryimage"},"image":{"@id":"https:\/\/velarogverkfaeri.is\/lykillausnir\/utivistarvorur\/ferdahledslubankar\/product\/varta-hledslubanki-15000mah\/#primaryimage"},"thumbnailUrl":"https:\/\/velarogverkfaeri.is\/wp-content\/uploads\/2024\/08\/b444ba4a-bad3-4a85-892c-003757b9d769.jpeg","datePublished":"2023-04-28T17:52:37+00:00","dateModified":"2025-04-25T18:14:53+00:00","breadcrumb":{"@id":"https:\/\/velarogverkfaeri.is\/lykillausnir\/utivistarvorur\/ferdahledslubankar\/product\/varta-hledslubanki-15000mah\/#breadcrumb"},"inLanguage":"en-US","potentialAction":[{"@type":"ReadAction","target":["https:\/\/velarogverkfaeri.is\/lykillausnir\/utivistarvorur\/ferdahledslubankar\/product\/varta-hledslubanki-15000mah\/"]}]},{"@type":"ImageObject","inLanguage":"en-US","@id":"https:\/\/velarogverkfaeri.is\/lykillausnir\/utivistarvorur\/ferdahledslubankar\/product\/varta-hledslubanki-15000mah\/#primaryimage","url":"https:\/\/velarogverkfaeri.is\/wp-content\/uploads\/2024\/08\/b444ba4a-bad3-4a85-892c-003757b9d769.jpeg","contentUrl":"https:\/\/velarogverkfaeri.is\/wp-content\/uploads\/2024\/08\/b444ba4a-bad3-4a85-892c-003757b9d769.jpeg","width":500,"height":500},{"@type":"BreadcrumbList","@id":"https:\/\/velarogverkfaeri.is\/lykillausnir\/utivistarvorur\/ferdahledslubankar\/product\/varta-hledslubanki-15000mah\/#breadcrumb","itemListElement":[{"@type":"ListItem","position":1,"name":"Home","item":"https:\/\/velarogverkfaeri.is\/"},{"@type":"ListItem","position":2,"name":"Vefverslun","item":"https:\/\/velarogverkfaeri.is\/vefverslun\/"},{"@type":"ListItem","position":3,"name":"VARTA Hle\u00f0slubanki 15000mAh"}]},{"@type":"WebSite","@id":"https:\/\/velarogverkfaeri.is\/en\/#website","url":"https:\/\/velarogverkfaeri.is\/en\/","name":"V\u00e9lar & Verkf\u00e6ri","description":"Umbo\u00f0s- og heildverslun fr\u00e1 \u00e1rinu 1919","publisher":{"@id":"https:\/\/velarogverkfaeri.is\/en\/#organization"},"potentialAction":[{"@type":"SearchAction","target":{"@type":"EntryPoint","urlTemplate":"https:\/\/velarogverkfaeri.is\/en\/?s={search_term_string}"},"query-input":{"@type":"PropertyValueSpecification","valueRequired":true,"valueName":"search_term_string"}}],"inLanguage":"en-US"},{"@type":"Organization","@id":"https:\/\/velarogverkfaeri.is\/en\/#organization","name":"V\u00e9lar & Verkf\u00e6ri","url":"https:\/\/velarogverkfaeri.is\/en\/","logo":{"@type":"ImageObject","inLanguage":"en-US","@id":"https:\/\/velarogverkfaeri.is\/en\/#\/schema\/logo\/image\/","url":"https:\/\/velarogverkfaeri.is\/wp-content\/uploads\/2021\/10\/vv_logo_350x100.png","contentUrl":"https:\/\/velarogverkfaeri.is\/wp-content\/uploads\/2021\/10\/vv_logo_350x100.png","width":350,"height":100,"caption":"V\u00e9lar & Verkf\u00e6ri"},"image":{"@id":"https:\/\/velarogverkfaeri.is\/en\/#\/schema\/logo\/image\/"},"sameAs":["https:\/\/www.facebook.com\/VelarOgVerkfaeri"]}]}},"_links":{"self":[{"href":"https:\/\/velarogverkfaeri.is\/en\/wp-json\/wp\/v2\/product\/63296","targetHints":{"allow":["GET"]}}],"collection":[{"href":"https:\/\/velarogverkfaeri.is\/en\/wp-json\/wp\/v2\/product"}],"about":[{"href":"https:\/\/velarogverkfaeri.is\/en\/wp-json\/wp\/v2\/types\/product"}],"replies":[{"embeddable":true,"href":"https:\/\/velarogverkfaeri.is\/en\/wp-json\/wp\/v2\/comments?post=63296"}],"wp:featuredmedia":[{"embeddable":true,"href":"https:\/\/velarogverkfaeri.is\/en\/wp-json\/wp\/v2\/media\/63293"}],"wp:attachment":[{"href":"https:\/\/velarogverkfaeri.is\/en\/wp-json\/wp\/v2\/media?parent=63296"}],"wp:term":[{"taxonomy":"product_brand","embeddable":true,"href":"https:\/\/velarogverkfaeri.is\/en\/wp-json\/wp\/v2\/product_brand?post=63296"},{"taxonomy":"product_cat","embeddable":true,"href":"https:\/\/velarogverkfaeri.is\/en\/wp-json\/wp\/v2\/product_cat?post=63296"},{"taxonomy":"product_tag","embeddable":true,"href":"https:\/\/velarogverkfaeri.is\/en\/wp-json\/wp\/v2\/product_tag?post=63296"}],"curies":[{"name":"wp","href":"https:\/\/api.w.org\/{rel}","templated":true}]}}