{"id":63009,"date":"2024-08-03T14:59:10","date_gmt":"2024-08-03T14:59:10","guid":{"rendered":"https:\/\/velarogverkfaeri.is\/?post_type=product&#038;p=63009"},"modified":"2025-12-30T15:01:02","modified_gmt":"2025-12-30T15:01:02","slug":"starrett-snidmat","status":"publish","type":"product","link":"https:\/\/velarogverkfaeri.is\/en\/verkfaeralausnir\/maelitaeki\/vinklar\/product\/starrett-snidmat\/","title":{"rendered":"STARRETT Sni\u00f0m\u00e1t"},"content":{"rendered":"<p><img decoding=\"async\" src=\"data:image\/png;base64,iVBORw0KGgoAAAANSUhEUgAAAOMAAAB5CAYAAADLc5ZpAAAAAXNSR0IArs4c6QAAAARnQU1BAACxjwv8YQUAAAAJcEhZcwAADsMAAA7DAcdvqGQAACpHSURBVHhe7Z0PTBtH3ve\/9+bkKq8c5ZFRK6xUuD3FyalOKwXlFW7eg3CCchfgVYCqQNUAujpIdbg2oXcNSY\/Q50m4XkL6NtDnCc6rlj4KpCokKhAViAqOSsxdYqsJkVIcNTi6YJTEqBFWI6yLWAXtO7M7a6+NvfwPJt2PtODxrHdnZuc385vdne\/8gidARUVl2fkf7L+KisoyoxqjikqcoBqjikqcoBqjikqcoBqjikqcoBqjikqcoBqjikqcoBqjikqcoBqjikqc8IQZoxu2qm74WSie8V+oQW6zm4WU8KO7ykZy9pjx21Gzo2WW51055T43Hm++lsgYaQVKR3p6aMstrYHtko\/FLwPf25C+uwMxU\/CAVL70\/ei+z8Iz4D+\/H7bvWWAe6DIOoavUxEKLg\/9aC2pKc8Uy31GGmpNO+KZYJMF9cvb5gy4Th86VYHFT+HiYUz7jiCXsGYtwor8f\/Wzr+s8SJHbVoO02i14GTHDBfpMFIvD12+FJZIEVCHejCVVntSipbxfLvP1TWF9yoeZDBwJsH5X4RtEYh4aGkJqail\/84hfCfxqeN2uNeCVDj2seWacfcKPt\/QJkkZY867X9aLvJkS85OI\/XwhFWgzgMflIL+wMxFLjRhv2vZZEeIAsF77fB81D8fiY2vZoJ7zeD5GgRTHlgd6WgMJ2FKVN+DDbXoGwH7dnl5xF7\/YKjTrS9TeJkbkzMdN3vxn7SS3la30UuyavQo5Keev959suY54qCrKeTE\/B6kPx6Pow6jfjFKg30W62waHvg9BN3i5y3otWJY6+Rc5xkzudDL7qPV6BgOz1vLiqOO2Q9qdxFEz97b4byV\/6RfN8Iol5XEe52Nxp2i703jWu5FqoPSnFhCOW1X5ZukjahvGLkk+C70IAKoXwj8zn\/+rTo0FkbsfjNb35DZ3QENxqeHeN8175GfoiFBH4a5ts\/qOMv\/sTCj0aEcJ93UgzL4ie\/q+frvp0Qv6dMXuXrj1zkhW+87fzBI338CPvZxA80zOLIGRv3dZGzR+F6I994fZK\/2nCY75PSwKDnO2yf4IdsVXzXj+J39zor+aqvR\/jJR2J44rtGflfDVZ6dlh\/vqSLHYwGKUrp+7OKrfr+Lb\/yHLGUkPVU9Ylj5XPKyHOf7PniF\/8wtBMKYJMfb3XCZH2fHiIY8f+QXpCxImr4bF8\/7aJIf+bqKr+y8J0aHlSX5XFTKV\/7XZf4eTdSjCf6qrZQ\/HLxGsn0VrivPD\/PN1nr+opQGEte67yC7Hkpx4Ux8e5ivOjPMT7B033PU87tPDYuRhPB8kpw66\/nK00Oh\/f9Bw2z\/+danJUCxZ\/z73\/\/OPolEhpVpQwVppaQxY\/qOWozlWpG2lkXf6IE71YrMJNaSk54zf4cWPS4\/NC+lQuMaDLpX3PUBcCnJ0JLP7h430t7KhIH9TLsxH3lC6y+GFXmkQfLvDLD3y0eOATjOA9mp9Ogh9Ds+xpFcAzSrxLB2SxqS7\/piunwzpiulCCVbdSwQzuzPpUPmv\/fC8gILytC8aMXhVA\/q\/lCGig+b0H3Fi0CsnkuAlMU7xJXdohPPS3pSQwopd1+sgjTDUm6GnuZvlRbJeYXw\/+AVo+QoXFfq4XBIhF4qBhJXdHgf0oSiV4oLh+MCSEjUQ8vSrU\/dg+MFBjFyGn709epgLTaF9t9aiIzrDtKPLrA+LTKKxkh6QvZJJDKsTPiYsb\/3CDZfqiEumuiy+O94YT\/MbjZIW2Wb6IZpNiF1tQuDQm3kMHSJQ8oWelX8GLltR63gboS2d88Ck4oVT8Q7Rkp4YyZSXGR8KO1\/tw92QzaS2cUIMhWA+1wtKgT3hZ6ngjQvsZhFumjlYR+nMadzxUa3uQRHmk\/heFkanrrbiZrictgEI4jBlA\/Ok5J7TLbXjsHJoqZhSBINUYJU7MgioyheVzJqzy\/zo74gF2V\/rkXTeTd8pFTERkgpLhwdMfb1\/aXIfa0cNcc74BwNQKONlhqKD6MXmlCeIUtP+us45qL1cGH1adFhPWRUvv\/++6CrSv\/T8OyI4qZSJi7yhw+JLsA0Ny8S4nYJrip1UYn7Nd1li4aymyq5hRPf1hH3TDzi8Kkqvv2O8HGam7q76Sp\/719iOPLY4emfIV3UTbVFxEa4qbHPNVOeFXh0j28\/QFxE5k1Gc1Preob5ceaihadTnoYo5Rpj3xmvK4W4ihN3hvm+Lw\/zuyyf8UPS+SlKcZH8a5wf+a6Lb\/xTPl\/1TSh14fmMkvYgC6hPS4Biz7hp0yYMDAxQgxX+0\/BioX1aD48nipsj8UIatMRV9RMXFcRFFds9LfTrPBgeFQLzRpuaB22\/AwFuED3eTLyyjkUE8WPwkhGWsmToV7OvpibZh2gsJF1zPVc0xGeRg5Gt+So9NiSNYyLqDQkPXLfzsHO7EdI9H9p7Tbu5NUcUr+sUR8qc\/CeuonadEZnF1TiU54aD3uFWiouAE3YkrNbBsCUH1qPVMFy4TEohGjokcrcwHLUMFqc+LRZL+GgjAo64RJ+3AKni2E+zORubO2vQcMkHjlYi4qp5zreFfPVVJjK+7EFdlwapm6XaQsY52ZvRWd0A5xi7IA886D7rjHEhYrCKXGzjNbR83gNsJ0bPvg6hw3PPOzFwiR2Vpv2kDR1iSIS4T77g+Goh6ZrFueREdZ90eDnDC9tH3fD42flJ5fZdaULjFRM2SOMwjQ9jwedveiRpBuC4xUamJL0d5LyDYmjeKF7XgAN1e1vgZnfFEfDAeYl48DR9SnEReNsrUdvrFY9P8LsGMLhONgyIyOcrOyZQe7gDHnZsbmwQbcQN5harPi0SS2iM4Tdwst6ohctYjX3prMiIQZQ07kPi+f0ooP58QRV6YEayrPBNvzXBp0vBJvlwYH0JTuxPRM++AuG4uQeIQW1JJtVxbujTN8PXb0B20NDDMZVVk7TtEm\/Pv9EAz9a92INRjLAKoEvJg\/5MMdK3Nwk3AhaSrpnOFcJPxmNZaLrBgjJ0WUdwNMOPln3FwnHSc4tJhdXCUlcCIxt3mTLz4D5A4t63kyPpkFOZjbGPSR5YejUkHUU3R2K\/GDEblK7r2kzs+6MGbW+zxxd\/aELgtWrkU89EKS4C4xvVMLvrUJxL61YuDrrWo7pc8p4i80n6v\/RqfJoxivpd4uOL4k\/cMKaYxP0XqT4tBqoglYpKnPD43FQVFRVFVGNUUYkTVGNUUYkTVGNUUYkTVGNUUYkTVGNUUYkTVGNUUYkTnjBjfLwyCfNjJaTxMTLmgK2dvg0zE6Tc3rfDLSgs+OFoleYwPjkskTHGp+xGcDLvY2URjW\/KB8fxCmGCsiCr0eoJr8T+QbQEJ\/VWoCFsqhiJvtYSmkT7dgMcYyxiuZjyoO30BPJ2sLdhaPoPlon5214QPgn4gQ\/j6\/XQTWmgXa1D2g49ek4+WSoGS9gzxp\/sxsqGg\/OTWngzj6KLlunZI8j+sQ4NA1J1JA3g0QYECprRS+J7\/3svknpr0HKLRd\/vRt3xAAo\/6yXXoxfNe5LQU90Smkq2DPi6OqEpzIFeeF0vAPsnTUDhCTF\/Xc3Ya+hBzVnxpXOfywNTphbOf6Yg83nyxepklLzkQgubkvckoGiMT5rshiIxpSLEnk1RcoK4WqJcBE1PCwYvsF6YimDRuYmuYyggx5ULWE3EOh79H81A7vfBnrAXJS+yd3s1epgL8+BzsxkS9y9jYN0eWIR5nwStEfllaXCSSkzxXxmA\/h0Lktnkbu36fFjSnHCyxlEQcboR6llzd4s9Z6yyFgS5LomyHbQnC5bZXXtQOkM6RnQ8sF9\/AduSWBBecuxs5Ej5W6WFcUchNl33CF6FPsuK\/CQD8t+RjJfkITUDXI\/ziekdFY3RarUGZ\/fT\/zQ8bx540DewBtkp7BXcKS86PupBwlutYkv+mQWaL8nFe6BBcuoauK7IipgbwsDDNJhpRRrtQN3XCbB+wVr4Mg1aPlmguxIzLSzeewYNdgP20HNeaIdV24QmqUcirlZLdQ+S3m0V0tNelQz3V2xq8ItW8t0JFKW8h3ZyXOuL4tdKx3N\/kYv9F6I4tZpNyM+KmM3+wA+dQS9+HhsFjM8FX5YWeN6IDT+OC66sj9jsemk6O8OwcQP841Kj48VpmwumqnahDFrLNWg6VIG6YDq7cDzlGup7Q66v4+QZ4NXjQk\/WW5+Ka3+tRAVxO7P\/1iV4Q63k2jSdiaI5RBkdgse0SfZCthFpphu4eFMq1wA85zoxnq7w0rZmAzZz1zAU9QQrD0VjfOJkN2KhKBVBUZCcuOmAPc2C\/PWsRV9rQkl5kfg5JrGPZyrtwpGsKNVvrQGmRJY+Chk\/dncGkJ2uML9AswaasfGYDZXmf2rg84dis\/9oDfWcm\/NQ+NQGZL8lpVMDQ0Y29P\/0Bo3LWGZFjlRm63JQmMIhk4piScdIyUTmXW\/UWSCBf7qhf17euGhgemMnEr6uFOtLRinqHxahOlpZBNHCYBqHb7nHvouEojE+abIbsVCWiiAoSE7473iQvDGix\/ol+x+LWUpYxIaD+1QDxrKJ2ylNSF4wBujC6v1TJFEarJEnTJuABJlx659hDRDjqVUJ0ISlJ4H0amNRGwPuIfk2rJwCcHx0DN7fHRfrywUyZlzdhtrzyjf91qzmMCZ5MCscRWO02WxBA6T\/aXje0DHOm3kY7wz5+EX\/KTNWth3ZTmsEcVV\/qxVdVeqiIhXm4HWPMHJhO4Kcp1n0PImdlpnRkEr7+CCGSMZ3jv91CJYXZzgvNwEuMSHK5GkR7l8c9LpYsY+Z0T70PGsNjYnpmLHAipR+4rWI3zzxKBrjkyq7EcmMaVFA9ysThr4Xb5IsPRw8X9TBmXKIjD8jDHGdEfhhOOhCCtwmZfUM6a3IR\/2vgFv\/DB9ceW8OQ5fwOBuSEJrVxOgesQCFIw3v6ihp4ZQHhFRSRLto3sHyomiMi0o8yW5EMGNalHjeDLOjCR1y+Yovw0UzNGRQE1PwNxLh\/OLHSHxdDbCv3w3L5ii9mc6M7EATbJJ8R4Ck45QD5hRipARdSjYmPrXByeQoArc60OQgaaePCZYB7bMGeG\/LGkBSjqYeGzrkN3DOn0bn8ykQcxANDj6vHsbgHdmVzRIaY\/zJbjiPir+Rb8LjhlmkJSb0t7XZGBXkK7JQUG2HPiOfRVJMyHzVjSpy3P29M1t3zLupxFnr\/KgbbVWReZDWldAirXIvEruYfMcf6jGadQgl64UfA2vTsPfdRHTuFh9TlDaMIrs2JMnx2KHG5x4KNaK0HOsKETjNXmrILUX9Dy+EyWlMgwxhXNzm8PqxglFlN5YAztWAmgcl0e+KqgTxnTsG5+b3kD\/Pni3Qfwwt2j2wbnkyrPHxualPLH44vggpj+G+E7ZPJ0LPU1Viot+ejcCZ7tm78HIeutHmTkHJE2KIFNUYF4wO5q0a9FSzN1f+1IPE9\/aFnqeqxEZjQsnONeg8N5sXxeWQBvD0ENLejCazuXJR3VQVlThB7RlVVOIE1RhVVOIE1RhVVOIE1RhVVOKEJ8wYxdWYxHcZ5Z9XMH47ana0zC4fy6VmICyTvlJKeunqhbs5FzVRX9iYHUtmjMJk1eBKQDLi\/sLRi5WFhiuxb7Z7ml8PWy9ekYXmV5eJQ+dKYGLBhUPzJ3+Dh04MrkDD+dDUqKXBh47dr6Nl2hJv09MTTaKFSobUlLKZNVRy5KRzfs8nF5HIOk6nvx3KmP\/zZdVNjUaiEcPnY0xYpms62gE2pXeFEj7zpbe5GimeGtQsZa866oT7pTR4v4k22VhZooW70YSqs1qU1LeL+7R\/CutLLtR8+DPSwFlU2Y0YcLe70fC2+MA8fUe4iJIg7XBNLsL0rkwOg8LB07ofBdvZb88Px744Uz7Yg8eZLtYUxups5Bvs6LvLwjICAz3Aq4WQz2CUt9pyyQ6afmFp7tYKEidrRWeQ+BjsP4ZykifR5QwXtFIqrzAUXjifxmo9zG9ZoR8YDJ4ndhoJDz3BOCqt0e2Z2SQ8\/bdgft2C7FWumWfmR0i0BLweJNNJy9KqrsK6\/FZYYkwqF3qsa5IUCk2jLfZL\/w9F6RChDqXnhotgEUIiXiyvt2niyTUh4YpWJ469Rn7HPB+hvgalVTh4zzegQph7S487CzU7+tA\/FnTpcLqLtNHwbAlfylmGfPlpukS4pZG\/Kq1jPTnCdx2oDC7rTZekLrXU8e0\/sHWw75DfljTzw2KIn3TW87saLvP36M8fTfIj9jq+dJu0LLR8iehJ\/nJDJd98nR1n8p4Y9ojBcMjvbF38+J12vuqUdCYJuiw3Ob9PlgeyX+WBLn5EWgL8p6t8o6Wevxp1aW7CoxG+\/YM6vs\/LdvhpWAhf\/IkGhvjG3+fwB78a5iceCbEE2VLWM5SXfGnyoVM5YUtrh4ixdPbkZb7+QJ94HsU0krL8eBdf\/497\/CRNI0lD35FSfps8j5E8GuI\/+6+r4lLwPzTz9XR5+CBR0hN2PnIKkq\/d5DqPB8tEmSHbK3zOB+38MDvNxHeNfKm1nVw9Sni9oEupN343LuaF1qGvq\/jKTnFPYdn7fa3B40z6LvL1VnL9WToi67h8CfWJbw8LdVNIMznuvX\/QusrKIAaKPePCZDdYq0FakLCN9hRsD2iSseczK5KlFk9jwMupGozJWjH9qxbkb2QvPQnSDm4MCz1MAM7ecRSVyWUhdqJwM42LgIo5\/Zts4qog5pQBtyPGWI60jJPrXkGmtweD8lb8ph2ulMzwmQ7r8vHxhzkwSHPq1iYjbYsPvlizz2eS+FhbhJIdRmijzaaYRXlJxJTviIawWnITJrLM4uwXpTQGnLA\/KIJlqx4amkaShsyyQiSLe0aFu+aEJpPNvtiYiaQfIkWklCVaNC9acTjVg7o\/lKHiwyZ0X\/EioNjrb4L1LdKTssut3WKB1TiAwWnyHBokv0Nc3i06MS+0DqWkQiOtSM1xCOj0weXdNYlp2PN\/88O8ouj4cbF3DUkDKU92XP3WEhRxHijNmlU0xkiZjciwMma8dzY0DghuZ98jMTLuOmGTtDLJVnA0aKoChmfDK9RTwUrKYeKhAfqwd0CpVAT7KGdsFPbPy0MXm27FpFGI5S6NjpLi1CJtO9ATlELkMPiNF5np00eLgRsdqJVcR7JVtLKIKMws8aFDQjRDlJihvGZHZOWvwYBseptiGh9OIJAkW7KbQtIbrdhFSKN5XYfMjSxIRttm\/bWIIYCyRAtFt7kER5pP4XhZGp6624ma4nLYghpFkZDUhJWhBht+rcFotBuKZPjiPFmDMknKRd5Z6NJg\/bUDpQUFKD\/YgI5LpBHQaEXDVcSH0an1eC6sUEgZ\/LlIYW7mDMa4qLIb0eAG0fDBAJJ2Hkf7BfFCtFeFmaoCk6SMNQqVIBxzFRv8y7e3lO9R0knHhoE+UVDpgQM9yJ7+AvjdDtTY\/MjeLyrL0eOeKGZxMZi3xMeCykuOvPL3kh50DdabDGFlGTONxCA1T8221AkPSE\/a3IDXZYb9Ohk\/2a8ojNmjSLRIaNYZkbljDz5uPYTEc00Rkp5zhTSwJ0hDZCjBcanjCOssSE+5oxrt7a04Wk56zOsNKD0oLk2+FCga41LKbgjcdMGbtxM5G5mbQJicmml0L7EGa1aRbn82YkS6RHCRkhSzYRVxz1JvwX6TtHX9dhh+N32iq\/+6C8Y3LUheF4pREsdaiMTHwsorFhqh4t\/6PFTJFNOoXQMNiZutDfgvOWH8f+FG3d\/\/JTJd9lkKKIvPBQcj912lx4akcUF2YzqkTML25zD8A4ekaTpJHrhu52HndiMkz5\/+LliiXEBUfiBupi4pGTlvfYzqdXZcjtbDhqFH0qpbGAm7NAG4zzmiKuVJKBrjkpOYBM2AA9LNuMDNDtg+HRQDM6KFeXsC2k454acFRiql71ILzrjE2DDI+C8vUIuado841qD7XmlD942ZKzIVyg18Y0OnK0XmaoXQPWuAs98hS4MNti4xTmAVcZ3HfGI8YUESH3MpL+HY4scZWZuGnVvsaOwXD6yYRq0Z2bo2NEnyHnS8+eWZkGsXhg8XBwwwS2oDQfTYluqFU1I7jyRMokWHlzO8sH3UDY+fXS\/h+jWh8YoJG6I6FIM4c8oOL9vdT6\/JWAZeThTDIYjRaAbgkEumnCSGL4aA2x2o\/DB0HDpXdeAaGUNK3pHGh7GohqnDtqwJ2E7K62YT6r1aJIg7RGV5jfHpHOzZPob6N6j7kouqHg0sVUXweJXajxCaLVbse6YTu3LJ73OL0XArBXlknDcdMv57\/1NkeutRKu17w4iXN87C3dIkI\/PfSIuW8Ur0Z4svWlCt7wlLw94KMuy8w+J1ZuQ93YbijCw03SDhhUh8zKG8Yst3REe\/3QpTbwsGaU+jmEYNkstJnCTv8UYDPFvykEOjIrlph91kjirtoduyGe7gM0dliRZd1hEczfCjZV+xOC4n5Vzbq4WlLpZsCGkwUifRuVcc95ae1sBalSPenApDh5zKbIwJkinpgoSLpqwaRTdHxB5sYwmqt7pR9wZ7tPGBC+v\/YkUyqzamzDy4D5D0vD\/dddWm70O10YWDBSQ+owC1rvXKEiIEdT6jyhMHfc448urC5TsfN8vbM6qoqARRjVFFJU5Q3VQVlThB7RlVVOIE1RhVVOIE1RhVVOIE1RhVVOKEJ8wY5ZIK8s8rk5hqCT9HpnxwnOyAe8aXpsh1f78JbiZBwt3sQEvMF8rjiyUzxpUtu7E8RrxoxjfFwT86iO7WBtSU1kw\/JudEA32TJWyT5dkfWttfkORQmoj9mPCcPY2JvHyYZK+w+K+0sdkysnKbGod\/rQH6R4B2tQaajfnIvN+Elliv3sURqpv6BOK\/UIe6Hh\/0Wy3I2xqlK3kwDl\/xiYiXt61MZ4c0RkcbEChoFmah9P73XiT11ixvZb7bgU5NIXKC75ZycDdXoPa6ASX\/QWfLhN624W44EMhIxvA1LfJTxNfp9NvzgC9DagnxiqIx\/mxlN2bAd0EupxCSaRB6ttshSYqsXcfgkE9ojZSrcHUwLyG6jINAQOF4MV4E12VV48hbOUhO0tIZntO5Tw5iiKHic\/8yBtbtgUVYtp2gNSK\/LA1Ol7ggrHBNLolSFbQsg5Icd+0ymYsGWTpF2RB3UL5CKrMA3NK1216A\/a2e0GyJCDz9bryQKpvSe7cbbdiLj980wxCcbiGiedEiTBY2v1kCkzThe5URmS8NoDvee0f60D8WVGaD7iJtNDxbVrTsRjRZCgY9Z+XpIVEWg8kpVJ4WUzRkK+ZL\/9TIX\/aJ+ZkYbORLD13kxbNO8BcPUbkKJoVB5SoOFYfJVUSWmeLxxvv4g7\/\/LGY6JaJeB3Kcw2HSFzJk0h1BqCTHx5cFyQh6TYpL6vguSZJDuCa7+d1H2vlhJpMx4STpDEpMDPGNRcX8bttVVmYT\/FVbKb\/bejBMuqN93+6QfEgYVAKknfwNMfJVPd\/6jy6+3prDb9u2jc+x1vMXfSwyFp5mvuor+VHiD8We8WcruxETP\/p6dbAWm0RZDEFOoRAZ1x3B8Za5zAJzopgf7eY8FPrdotSC34meKSpXweYOULmK8p2KchWUmMejEo7nLfOScPT7faR3r2e9exYK3m+DO6ZLQdCsgWZsPOh1GMusyJEkOYRrwiGTCkaxqUXalExk3vXK5u5lY295MiszLZLzCvGUMRtWmXTHK9v1GL0TpW8MeOF+2iCTuuDg85Ke8QKH7L91CS5267tJ6KluUZ4fmWSE3uuL2fvGA4rGGCmzERlWZgXLbsTEh9ELTSin04qCx3odx1zSgQxIYoYjIkvPmBcTLxnnIFdBUTjeAtBlHMKJw9U4cY5cjwtdOJE7hrrDsx9T6Z8JywW5JgnQhK2rnwAdxkJDhkgpEZrv1cTAWZCiTUiAzx+lRaAyH3ROaJAAxsdysK9KZvzr82HNdsIxTZNVRkSDEo8oGuPPXXYjKinvoT3yOMGbH8qsIemNO4Te3Qpr4gAGY1kjNwEuMSG8IVlWNKQs2UfGGmLcwkToFYyiMf7sZTemoUMidwvDM+lfRoO4Sdor7jhomf1wHG+BO1bFXWcEIsvqtgfDz5DejwUfK8TItFOk4Q2iw3MbnRiM6AXH709AG9Y7R0AbFCoZwoLxiKIxLjkrQHYjHD1e2TGB2sOhZcO5sUG0nZ\/FyrvaZKStmkGuIqaMQwzm1RPosOnXbrScY2VBoOXe6UmBiY4IdGZkB5pgk9IZ8KDjlAPmFCVdsyVEq4dh1BsmcUhn2Dv\/2gAnK6vArQ40XctE2vNiOCpjPoybDHHUu09neY0xbmU3IqQM6cZUvbXp1fg0YxT1u+ht+iwUf+KGMcU0ixaXpOHPIbmK3F1N8G3JDhs\/K8k4TIMuiJPbNK+XE+ijjxKuBRVUEoLkofQUh8LafCYrQtJZuTckq\/GHeoxmHULJNB2bx4URZpMbQ\/JGKikfR\/cnoudP9FEKSf\/nARQezIdBPi6NwHfNBeNLMyueLifqfMblZLQDFfYNOPHmfO6J\/oy424FjrmS8VzBPY5ryoOXwEDL\/XWpw4pPl7Rl\/VnBwt7fAOcYcWur+neyBOU01xBlZl0Nc5zPonqYIPjt8vZ3Q7IxvQ6SoxvjY0MCUboLnRLn45sqyu38rCVJ2b+zEms7ZvCgeDneDjIdX70TRCihn1U1VUYkT1J5RRSVOUI1RRSVOUI1RRSVOUI1RRSVOeOKMcXmlKsRJr8Ld0s\/n8TiePsjf0TK7B\/lMVkLlyWHJjNF9Mgu1bFWjMOJedmMB3GpD40QJWi\/0ozfyQf7NFlQ0ixN0p0EMq+KsF8K0qHMl85oWNV8Ct+STu8tQ0zwYXDFL5fGyhD1jAjynbXDM5kXuJ4WHAaz51YboS4BvzETmNXuUF7Q5DH7rQebWx\/+qFnejCZVHRpHyF7bQa\/sJlKztxK4PHXE91ehJRdEYFya7YUBhxQuwn1S6sKIkQ5izJe85hc9OeM8zmQtJnmEmCY07DpkEhC187UOF3wou7jUHjtH3TiPTxRAkNwT5CDoptyU47YjKUaS\/3Qbn0QISF81V1sOc7oH9WsRTa24IA2MZ2LaOBsLLQ0mSJIwpPwabmYSFIGvRDa98ZknUni4AxxkP8v5mDU5ephN\/jTuqcfjpNnSwWREzS5\/EliFRmSP0oX8sqMwG3UXaaHi2SHIP93oO8nVyiQe57AaVZNjXxYeJPMjj6eeiUr7u6xFRnuHRPb7rQCm\/+48yKY6fLvONJfX8VaYCMWR7hc\/5QCYB8V0jX2pt5+8JIWX5jeBvYyhSTHx7mN91pI8fYeeauN7M77Y088M0bZRokhVyfurjDwflKESojMdBu3RCWXnMIEkiPxdNV9WZ4ZAUiKOe332KiZO4m\/mcA33hZUyhUhrRvqcMNvKVX4slNhvpk1gyJCpzQ7FnXJjshog+y4oX+hfgrv66BNZcgzjfcZUeOa+Zwf22MCTFsdaMzN\/54A2+t2iA5U3ZLHA6s+MlFwZp\/IzyGwkoovIRUefZ+HHx\/FOwvJMJA+tItC+WoPr\/ONFzZZbvaJG0mv0DGAzuTqVDJpDJVMzCmIUkiQTHBZCQqA9JgaTuwXHppeoXStD1YSamLRRKFeKS9NO\/pzybBM2d0IliS5\/MLEOiMnsUjTFSZiMyPCuoAb01k7uqAK1k7KPAL4nJrF7DAiIJpEaNBY09UgKCVCZSL0dp5ZlRfsMAXdTaSfFhFC9gQ+SxTWZMRJOLiIoWadsB+yW2\/wMnHGuzYY5q\/IQZJEkkdKlWrO8vRe5r5ag53gHnaAAa7cyTumZLbOmTmWRIVOaCojEumuxGYg6sL9lR1xttFPZ4WTT5DQmOm1Mjo9mcijUDTuE3gStOrNm6KfpcyLlIkqw2IP9gO7qaj8JCes9rn5Ri\/0xlvTYB+lFf1HEx7oyCizDAmCxAhkQlHEVjXEzZDequplyqhz1iGoxmgsME+yzwkMM4+zg\/SKsccQPB5wWSqMjtguQ39EhaNV1yw+cZhF4Xq2uLAnE\/M592wvmAuL2XDMjeHKMHm4MkCRdg36\/WwbCFNHxHq2G4cDm6oUloNsGksePytBtNHNyuIWw2zmbC0QJkSFSmoWiMi4rgrqbA0XBGJqFggFHfiZ5rkttG5\/jZEONp3CwhPconIVmMwBUb6m6n4mWqRr0g+Q0dtmVNoOkTO7xsdypX0fC1Gdlb5uYSmn5rgPNUCwYMZhiDLl8Ec5Ak8bZXorbXGxRk8rvIuHSdzL2PeneTuMyFRnQesIXmWE4F4DlXi4P3i8gYUfxKmQXIkKhM4\/EZI4W6q6\/qZT0fqRDlFnCfFgvjjdy3W8BlWMKlHOeMGZZcDXoOiI82ij8HrFU57EYFOd+c5DfCoZIbh7a4UfeG+Gij9FQAhXUlsQ0qFhvNMFwaQkq6gq7MHCRJjG9Uw+yuQzHNE9n3oGs9qsuTRff3RgtyD0aX8dC8YMHx\/Ulw\/bVYfHxSUIGWB3n47P20kCHPwPxlSFQiUeczqqjECY+3Z1RRUYmJaowqKnGCaowqKnGCaowqKnGCaowqKnGCaowqKnGCaowqKnHCijTGpZLW8F+oQW7zEzLfQJXlWHEsmTG6T9K3QWTbCpB0oIuIdpU+hlechcnANSiTVg5+uwH2uyxO5WfLEvaMRTghf5P\/7HGUaM+gqnVhb56ufAJwfLgLnWtLcKKdlk0vWv+SAvcH+2Ffgt5eZeWgaIwLk92IQKODscCCtG9CE0\/911pQUyq+Q5r12v4IOQcuJLcRTUoiCEd64Xdhk142f+hF9\/EKmQRFhAzEmCTJwWQzLsjcOZlrN7PcBAdPK5O6oJIY553oeN8WmlQbywO41YE2XTWqdxiDWjmaRDP2vGdCRy9rqCJ7zvfb4AnmXZTmGOw\/hnJy7mDaI\/P1o\/i1ygqCvpsaCyqzQXeRNhqeLUO2Rl4S1wgxwrdbPxO\/v9POVx7o4kf+JUTw\/E9X+UZLSD5DkLhouMyPy+QcdjHJCknSgyeh4dOV\/MEeUSKChq827OIbvxtnMh2T\/MjXVXxlJ4t\/NMw3W6r4do8k2THEN1u3haQyZFIWM8lNRKZv5JvDfPE2lufxPv7g71k+I6DHbRxkATmPRviLnUM8Pdu9zkq+SpIaIVDpECnvgjTH73P4g18xmQ0K+W37XpKvoBQJydcfX1GWAFGJOxSNUW6I0jZbphnjowl++CtSwW1DYRowckJGNs53HQgZpsg433esVTAGub5OyBBjINfUcX\/Gl0raMBKDMt2aCGOMrMxX\/yuUvr4DB\/k+prMjco\/v2hutAQpnyLaNb7zOArNGrhVEPhfJdHconuaQ5o2EPF8qKwJFNzVSZiMyrEzE6r90es6PeThSHppeE7jRgVpJ\/YxsFa0sgso5TK3Hc2HzcHTI\/HMRxElHHEa\/2o+yMyaUZEVMgp3ywXlScvHI9tqx4FLd\/jseJG+MkET8JfsfBSW5Ce9Pm4M6OyJPEX+TfVwoUwG4z9UyFTqajwpSmjIMOiTIp21RicjEBBZgKORLJT5RNMaFyW6Y8d5Z2Q2cc6dw6C0z9FIlutuBGpsf2fuZZifZThSzuBkZwtAaC1rfGkPTefn8Pg6DJ2owYCjBcencZ98Lmx+p0SySxazRzMv29AaSmkcsIGfKC8c5tyDH4euqQeN4Nqqbe1n5nUCRuFd0yPG0i5UvlWVD0RgXU3YjEv91F4xvWpC8LlSJJoM3PUSJi5Gw6eK0t3CQPomSjOwsI3QpVpTcOQbb99KOHrhu52HndhInHZYcU4rV\/cqEoe8X426uAUatC+55KN7pjCQNrigz4W850BbQQAs\/Bi8ZYSlLhl4Sv5qaZB9isEYL32gMTVWVFcMSPtpQRvesAc5+h\/jckcpfXLLB1iXGUZeUSlzYTjpl8U2o92oR7oxpYCIGrTnVBLdwt5EYsWYAjlvhMh5BsYrnzTA7mtAhj\/+yQ\/w8J7RITtWg7ZQ8fS044xJjBYINSwTrc5A\/ehC155j0B4Ebc6LhmBv5pIGheX\/ueScGLrG7pBx1u21QTOV6qla+GPlSWU6WzRjxogXV+h7skuQvbqVgbwUwekeM1qbvQ7XRhYMFJD6jALVyKQk5GhMsf05Cy0d2Yhg65FRmY+xjJuNxoAeasmoU3RwRe9RVRpTUZmNUiM9CQbUd+ox84TBzhaZv3zOdYvoLytF0PwXZKSySLmCTSxoIFgyHjH0Pf4a8B02i9AdJR\/En15DyH0eQSUWzCCaS5sTzu4SxdNYbDfBs3Ys9GMVILAMnjVB+lZQvlu+MIvKtykriZy+7wbkaUPOgBEeyZilNGBMvOnbbsaHRosoUqsyL5esZlwU\/HF+ElMxw3wnbpxOkR5u7IXI3OtByyScqslFVtXYbev53mmqIKvPmZ9cz0sVkbB83oft7PzRJaSj5C3FjZ6kOFwZ9S+aLejR85YCX08GUtRfV76SF7harqMwRVR1ORSVO+Jm5qSoq8Qrw\/wFGza6GlH5vSQAAAABJRU5ErkJggg==\" alt=\"\"><\/p>","protected":false},"excerpt":{"rendered":"<p>Tegund:&nbsp;K15-N DS0627<\/p>","protected":false},"featured_media":63959,"comment_status":"closed","ping_status":"closed","template":"","meta":[],"product_brand":[],"product_cat":[590,515,1073],"product_tag":[],"class_list":{"0":"post-63009","1":"product","2":"type-product","3":"status-publish","4":"has-post-thumbnail","6":"product_cat-maelitaeki","7":"product_cat-verkfaeralausnir","8":"product_cat-vinklar","10":"first","11":"instock","12":"taxable","13":"shipping-taxable","14":"purchasable","15":"product-type-simple"},"yoast_head":"<!-- This site is optimized with the Yoast SEO plugin v27.3 - https:\/\/yoast.com\/product\/yoast-seo-wordpress\/ -->\n<title>STARRETT Sni\u00f0m\u00e1t - V\u00e9lar &amp; Verkf\u00e6ri<\/title>\n<meta name=\"robots\" content=\"index, follow, max-snippet:-1, max-image-preview:large, max-video-preview:-1\" \/>\n<link rel=\"canonical\" href=\"https:\/\/velarogverkfaeri.is\/en\/verkfaeralausnir\/maelitaeki\/onnur-maelitaeki\/product\/starrett-snidmat\/\" \/>\n<meta property=\"og:locale\" content=\"en_US\" \/>\n<meta property=\"og:type\" content=\"article\" \/>\n<meta property=\"og:title\" content=\"STARRETT Sni\u00f0m\u00e1t - V\u00e9lar &amp; Verkf\u00e6ri\" \/>\n<meta property=\"og:description\" content=\"Tegund:&nbsp;K15-N DS0627\" \/>\n<meta property=\"og:url\" content=\"https:\/\/velarogverkfaeri.is\/en\/verkfaeralausnir\/maelitaeki\/onnur-maelitaeki\/product\/starrett-snidmat\/\" \/>\n<meta property=\"og:site_name\" content=\"V\u00e9lar &amp; Verkf\u00e6ri\" \/>\n<meta property=\"article:publisher\" content=\"https:\/\/www.facebook.com\/VelarOgVerkfaeri\" \/>\n<meta property=\"article:modified_time\" content=\"2025-12-30T15:01:02+00:00\" \/>\n<meta property=\"og:image\" content=\"https:\/\/velarogverkfaeri.is\/wp-content\/uploads\/2024\/08\/ea79c08b-36d8-4b65-92dd-d58e9af6cbec.jpg\" \/>\n\t<meta property=\"og:image:width\" content=\"1147\" \/>\n\t<meta property=\"og:image:height\" content=\"532\" \/>\n\t<meta property=\"og:image:type\" content=\"image\/jpeg\" \/>\n<meta name=\"twitter:card\" content=\"summary_large_image\" \/>\n<script type=\"application\/ld+json\" class=\"yoast-schema-graph\">{\"@context\":\"https:\\\/\\\/schema.org\",\"@graph\":[{\"@type\":\"WebPage\",\"@id\":\"https:\\\/\\\/velarogverkfaeri.is\\\/verkfaeralausnir\\\/maelitaeki\\\/onnur-maelitaeki\\\/product\\\/starrett-snidmat\\\/\",\"url\":\"https:\\\/\\\/velarogverkfaeri.is\\\/verkfaeralausnir\\\/maelitaeki\\\/onnur-maelitaeki\\\/product\\\/starrett-snidmat\\\/\",\"name\":\"STARRETT Sni\u00f0m\u00e1t - V\u00e9lar &amp; Verkf\u00e6ri\",\"isPartOf\":{\"@id\":\"https:\\\/\\\/velarogverkfaeri.is\\\/en\\\/#website\"},\"primaryImageOfPage\":{\"@id\":\"https:\\\/\\\/velarogverkfaeri.is\\\/verkfaeralausnir\\\/maelitaeki\\\/onnur-maelitaeki\\\/product\\\/starrett-snidmat\\\/#primaryimage\"},\"image\":{\"@id\":\"https:\\\/\\\/velarogverkfaeri.is\\\/verkfaeralausnir\\\/maelitaeki\\\/onnur-maelitaeki\\\/product\\\/starrett-snidmat\\\/#primaryimage\"},\"thumbnailUrl\":\"https:\\\/\\\/velarogverkfaeri.is\\\/wp-content\\\/uploads\\\/2024\\\/08\\\/ea79c08b-36d8-4b65-92dd-d58e9af6cbec.jpg\",\"datePublished\":\"2024-08-03T14:59:10+00:00\",\"dateModified\":\"2025-12-30T15:01:02+00:00\",\"breadcrumb\":{\"@id\":\"https:\\\/\\\/velarogverkfaeri.is\\\/verkfaeralausnir\\\/maelitaeki\\\/onnur-maelitaeki\\\/product\\\/starrett-snidmat\\\/#breadcrumb\"},\"inLanguage\":\"en-US\",\"potentialAction\":[{\"@type\":\"ReadAction\",\"target\":[\"https:\\\/\\\/velarogverkfaeri.is\\\/verkfaeralausnir\\\/maelitaeki\\\/onnur-maelitaeki\\\/product\\\/starrett-snidmat\\\/\"]}]},{\"@type\":\"ImageObject\",\"inLanguage\":\"en-US\",\"@id\":\"https:\\\/\\\/velarogverkfaeri.is\\\/verkfaeralausnir\\\/maelitaeki\\\/onnur-maelitaeki\\\/product\\\/starrett-snidmat\\\/#primaryimage\",\"url\":\"https:\\\/\\\/velarogverkfaeri.is\\\/wp-content\\\/uploads\\\/2024\\\/08\\\/ea79c08b-36d8-4b65-92dd-d58e9af6cbec.jpg\",\"contentUrl\":\"https:\\\/\\\/velarogverkfaeri.is\\\/wp-content\\\/uploads\\\/2024\\\/08\\\/ea79c08b-36d8-4b65-92dd-d58e9af6cbec.jpg\",\"width\":1147,\"height\":532},{\"@type\":\"BreadcrumbList\",\"@id\":\"https:\\\/\\\/velarogverkfaeri.is\\\/verkfaeralausnir\\\/maelitaeki\\\/onnur-maelitaeki\\\/product\\\/starrett-snidmat\\\/#breadcrumb\",\"itemListElement\":[{\"@type\":\"ListItem\",\"position\":1,\"name\":\"Home\",\"item\":\"https:\\\/\\\/velarogverkfaeri.is\\\/\"},{\"@type\":\"ListItem\",\"position\":2,\"name\":\"Vefverslun\",\"item\":\"https:\\\/\\\/velarogverkfaeri.is\\\/vefverslun\\\/\"},{\"@type\":\"ListItem\",\"position\":3,\"name\":\"STARRETT Sni\u00f0m\u00e1t\"}]},{\"@type\":\"WebSite\",\"@id\":\"https:\\\/\\\/velarogverkfaeri.is\\\/en\\\/#website\",\"url\":\"https:\\\/\\\/velarogverkfaeri.is\\\/en\\\/\",\"name\":\"V\u00e9lar & Verkf\u00e6ri\",\"description\":\"Umbo\u00f0s- og heildverslun fr\u00e1 \u00e1rinu 1919\",\"publisher\":{\"@id\":\"https:\\\/\\\/velarogverkfaeri.is\\\/en\\\/#organization\"},\"potentialAction\":[{\"@type\":\"SearchAction\",\"target\":{\"@type\":\"EntryPoint\",\"urlTemplate\":\"https:\\\/\\\/velarogverkfaeri.is\\\/en\\\/?s={search_term_string}\"},\"query-input\":{\"@type\":\"PropertyValueSpecification\",\"valueRequired\":true,\"valueName\":\"search_term_string\"}}],\"inLanguage\":\"en-US\"},{\"@type\":\"Organization\",\"@id\":\"https:\\\/\\\/velarogverkfaeri.is\\\/en\\\/#organization\",\"name\":\"V\u00e9lar & Verkf\u00e6ri\",\"url\":\"https:\\\/\\\/velarogverkfaeri.is\\\/en\\\/\",\"logo\":{\"@type\":\"ImageObject\",\"inLanguage\":\"en-US\",\"@id\":\"https:\\\/\\\/velarogverkfaeri.is\\\/en\\\/#\\\/schema\\\/logo\\\/image\\\/\",\"url\":\"https:\\\/\\\/velarogverkfaeri.is\\\/wp-content\\\/uploads\\\/2021\\\/10\\\/vv_logo_350x100.png\",\"contentUrl\":\"https:\\\/\\\/velarogverkfaeri.is\\\/wp-content\\\/uploads\\\/2021\\\/10\\\/vv_logo_350x100.png\",\"width\":350,\"height\":100,\"caption\":\"V\u00e9lar & Verkf\u00e6ri\"},\"image\":{\"@id\":\"https:\\\/\\\/velarogverkfaeri.is\\\/en\\\/#\\\/schema\\\/logo\\\/image\\\/\"},\"sameAs\":[\"https:\\\/\\\/www.facebook.com\\\/VelarOgVerkfaeri\"]}]}<\/script>\n<!-- \/ Yoast SEO plugin. -->","yoast_head_json":{"title":"STARRETT Sni\u00f0m\u00e1t - V\u00e9lar &amp; Verkf\u00e6ri","robots":{"index":"index","follow":"follow","max-snippet":"max-snippet:-1","max-image-preview":"max-image-preview:large","max-video-preview":"max-video-preview:-1"},"canonical":"https:\/\/velarogverkfaeri.is\/en\/verkfaeralausnir\/maelitaeki\/onnur-maelitaeki\/product\/starrett-snidmat\/","og_locale":"en_US","og_type":"article","og_title":"STARRETT Sni\u00f0m\u00e1t - V\u00e9lar &amp; Verkf\u00e6ri","og_description":"Tegund:&nbsp;K15-N DS0627","og_url":"https:\/\/velarogverkfaeri.is\/en\/verkfaeralausnir\/maelitaeki\/onnur-maelitaeki\/product\/starrett-snidmat\/","og_site_name":"V\u00e9lar &amp; Verkf\u00e6ri","article_publisher":"https:\/\/www.facebook.com\/VelarOgVerkfaeri","article_modified_time":"2025-12-30T15:01:02+00:00","og_image":[{"width":1147,"height":532,"url":"https:\/\/velarogverkfaeri.is\/wp-content\/uploads\/2024\/08\/ea79c08b-36d8-4b65-92dd-d58e9af6cbec.jpg","type":"image\/jpeg"}],"twitter_card":"summary_large_image","schema":{"@context":"https:\/\/schema.org","@graph":[{"@type":"WebPage","@id":"https:\/\/velarogverkfaeri.is\/verkfaeralausnir\/maelitaeki\/onnur-maelitaeki\/product\/starrett-snidmat\/","url":"https:\/\/velarogverkfaeri.is\/verkfaeralausnir\/maelitaeki\/onnur-maelitaeki\/product\/starrett-snidmat\/","name":"STARRETT Sni\u00f0m\u00e1t - V\u00e9lar &amp; Verkf\u00e6ri","isPartOf":{"@id":"https:\/\/velarogverkfaeri.is\/en\/#website"},"primaryImageOfPage":{"@id":"https:\/\/velarogverkfaeri.is\/verkfaeralausnir\/maelitaeki\/onnur-maelitaeki\/product\/starrett-snidmat\/#primaryimage"},"image":{"@id":"https:\/\/velarogverkfaeri.is\/verkfaeralausnir\/maelitaeki\/onnur-maelitaeki\/product\/starrett-snidmat\/#primaryimage"},"thumbnailUrl":"https:\/\/velarogverkfaeri.is\/wp-content\/uploads\/2024\/08\/ea79c08b-36d8-4b65-92dd-d58e9af6cbec.jpg","datePublished":"2024-08-03T14:59:10+00:00","dateModified":"2025-12-30T15:01:02+00:00","breadcrumb":{"@id":"https:\/\/velarogverkfaeri.is\/verkfaeralausnir\/maelitaeki\/onnur-maelitaeki\/product\/starrett-snidmat\/#breadcrumb"},"inLanguage":"en-US","potentialAction":[{"@type":"ReadAction","target":["https:\/\/velarogverkfaeri.is\/verkfaeralausnir\/maelitaeki\/onnur-maelitaeki\/product\/starrett-snidmat\/"]}]},{"@type":"ImageObject","inLanguage":"en-US","@id":"https:\/\/velarogverkfaeri.is\/verkfaeralausnir\/maelitaeki\/onnur-maelitaeki\/product\/starrett-snidmat\/#primaryimage","url":"https:\/\/velarogverkfaeri.is\/wp-content\/uploads\/2024\/08\/ea79c08b-36d8-4b65-92dd-d58e9af6cbec.jpg","contentUrl":"https:\/\/velarogverkfaeri.is\/wp-content\/uploads\/2024\/08\/ea79c08b-36d8-4b65-92dd-d58e9af6cbec.jpg","width":1147,"height":532},{"@type":"BreadcrumbList","@id":"https:\/\/velarogverkfaeri.is\/verkfaeralausnir\/maelitaeki\/onnur-maelitaeki\/product\/starrett-snidmat\/#breadcrumb","itemListElement":[{"@type":"ListItem","position":1,"name":"Home","item":"https:\/\/velarogverkfaeri.is\/"},{"@type":"ListItem","position":2,"name":"Vefverslun","item":"https:\/\/velarogverkfaeri.is\/vefverslun\/"},{"@type":"ListItem","position":3,"name":"STARRETT Sni\u00f0m\u00e1t"}]},{"@type":"WebSite","@id":"https:\/\/velarogverkfaeri.is\/en\/#website","url":"https:\/\/velarogverkfaeri.is\/en\/","name":"V\u00e9lar & Verkf\u00e6ri","description":"Umbo\u00f0s- og heildverslun fr\u00e1 \u00e1rinu 1919","publisher":{"@id":"https:\/\/velarogverkfaeri.is\/en\/#organization"},"potentialAction":[{"@type":"SearchAction","target":{"@type":"EntryPoint","urlTemplate":"https:\/\/velarogverkfaeri.is\/en\/?s={search_term_string}"},"query-input":{"@type":"PropertyValueSpecification","valueRequired":true,"valueName":"search_term_string"}}],"inLanguage":"en-US"},{"@type":"Organization","@id":"https:\/\/velarogverkfaeri.is\/en\/#organization","name":"V\u00e9lar & Verkf\u00e6ri","url":"https:\/\/velarogverkfaeri.is\/en\/","logo":{"@type":"ImageObject","inLanguage":"en-US","@id":"https:\/\/velarogverkfaeri.is\/en\/#\/schema\/logo\/image\/","url":"https:\/\/velarogverkfaeri.is\/wp-content\/uploads\/2021\/10\/vv_logo_350x100.png","contentUrl":"https:\/\/velarogverkfaeri.is\/wp-content\/uploads\/2021\/10\/vv_logo_350x100.png","width":350,"height":100,"caption":"V\u00e9lar & Verkf\u00e6ri"},"image":{"@id":"https:\/\/velarogverkfaeri.is\/en\/#\/schema\/logo\/image\/"},"sameAs":["https:\/\/www.facebook.com\/VelarOgVerkfaeri"]}]}},"_links":{"self":[{"href":"https:\/\/velarogverkfaeri.is\/en\/wp-json\/wp\/v2\/product\/63009","targetHints":{"allow":["GET"]}}],"collection":[{"href":"https:\/\/velarogverkfaeri.is\/en\/wp-json\/wp\/v2\/product"}],"about":[{"href":"https:\/\/velarogverkfaeri.is\/en\/wp-json\/wp\/v2\/types\/product"}],"replies":[{"embeddable":true,"href":"https:\/\/velarogverkfaeri.is\/en\/wp-json\/wp\/v2\/comments?post=63009"}],"wp:featuredmedia":[{"embeddable":true,"href":"https:\/\/velarogverkfaeri.is\/en\/wp-json\/wp\/v2\/media\/63959"}],"wp:attachment":[{"href":"https:\/\/velarogverkfaeri.is\/en\/wp-json\/wp\/v2\/media?parent=63009"}],"wp:term":[{"taxonomy":"product_brand","embeddable":true,"href":"https:\/\/velarogverkfaeri.is\/en\/wp-json\/wp\/v2\/product_brand?post=63009"},{"taxonomy":"product_cat","embeddable":true,"href":"https:\/\/velarogverkfaeri.is\/en\/wp-json\/wp\/v2\/product_cat?post=63009"},{"taxonomy":"product_tag","embeddable":true,"href":"https:\/\/velarogverkfaeri.is\/en\/wp-json\/wp\/v2\/product_tag?post=63009"}],"curies":[{"name":"wp","href":"https:\/\/api.w.org\/{rel}","templated":true}]}}