{"id":63008,"date":"2024-08-03T14:42:51","date_gmt":"2024-08-03T14:42:51","guid":{"rendered":"https:\/\/velarogverkfaeri.is\/?post_type=product&#038;p=63008"},"modified":"2025-10-23T13:16:32","modified_gmt":"2025-10-23T13:16:32","slug":"starrett-smidavinkill-4","status":"publish","type":"product","link":"https:\/\/velarogverkfaeri.is\/en\/verkfaeralausnir\/maelitaeki\/vinklar\/product\/starrett-smidavinkill-4\/","title":{"rendered":"STARRETT Sm\u00ed\u00f0avinkill DS0622"},"content":{"rendered":"<p>L\u00e9ttur sm\u00ed\u00f0avinkill til a\u00f0 leggja \u00fat 90 og 45 gr\u00e1\u00f0u skur\u00f0.&nbsp;<\/p>\n<p>\u00dar steyptu \u00e1li og ry\u00f0fr\u00edu st\u00e1li<\/p>\n<p><\/p>\n<p><img decoding=\"async\" src=\"data:image\/png;base64,iVBORw0KGgoAAAANSUhEUgAAAM0AAACICAYAAABEKW+2AAAAAXNSR0IArs4c6QAAAARnQU1BAACxjwv8YQUAAAAJcEhZcwAADsMAAA7DAcdvqGQAACaOSURBVHhe7Z0PTFRX3ve\/+\/pkGp+M6WaMDRM3zu4TZ2122k0gJrA+K+UJlF2BJwKNQtMC2aJ5HWlX6VNFu0DfFbavhX0r7D4yPql0I2OzoClgFjEFzOKwVSatkChjKmO2DLEOqWFSw6SGieS+59x77syd4c4\/GP6o52OuzJkzc+\/5c3\/nz53zPb8fCARwOJyY+V\/sL4fDiRFuNBxOnHCj4XDihBsNhxMnK2A0DliqLsLDQvHhwcUqCznDY45nALU7rbHl46YFRy4trLQWg6MtD7WXY7nuE1In8wifrwQbDb1QBjIyAkdeaS0sV90sfqWg6cpG85c+Fp6Ps+1VZJyKservX8SRWD+rhi4Lxy6UwMSCCeGhCxdPVKBwBy33bBS+VY+uW14WSYgzzabSHhzL1LHQ44Pn0hFYbrLAErEEPU0RTg4OYpAdPX8uQVJPLTq+ZtErRZIR45dsUNxGAXwj6B0A9Cz4+OHBQF097qRWo72Hlnsf2n9fBJythPUO+wgnYagazdjYGLZv344f\/OAH4l8aXjDPGvFyph6jTvWu3jNqRW1pntgrZe86go7byt7AB2f7Ean13FmB5kvjwTf9nBsDpHXNo70ajR+M0KOtzUGBYQD937CwAu9QL\/DKbhhYmBIuXbQly9jViOH2ChJ3BBfvi2+TkzjQ8W4hsuflQxqOjgw2Yi\/JhzTUCh6i+r6+iOa3pO9GzMccO+bhhnMuHyXb9NCskd7R6Iwo2JeDYZsjbJojlb2yxXacIt\/52hnI355G2KakODXcl5tRsZP2eHmoOGGDW07znAcjbaw+xbiLcD2MIS4Esbz2B9JtHaUlKY1yCj8YRsdb5ByK8vXe6sCRXdnk86QHfrcDTuV5w9ZbBOiPm6H88pe\/pD94+g8ajo1poedwizDGQiLfjQud7zUIV75jYRLbcriHfJJwt1OoPNojTHwvRpDPXhdaypuE67NScHa4SdjTfE24R8OPZoWJgQah9CX5\/LPCteZKoe3GjBgSZu9JYacUDIaky0KuSa5XdWacvSdzT+g82iaMu3uEKgtLeZR0Cd8qPkt5NCHmsd\/FPhCUZ5LfX+cKNZ+OCzOPxFiCogxmrwtN5S3C9Wk50xNCz9FKofOuFBRutAhVveInhbEzuULVZ9LrYEj+jlYJnU5WFmqEpjlKHqd7q4SWG9LrMUuxUPpfLcI1txQ5M9IilB67IkhXC65zWmeVZ8ekvJI6u\/c5DUtlPvP3OqHqHCsHGmdrEvaz+ogUF8y40GZuEq58y4KkrNsP1wj97P5SplvE1SnUHO8XJli+Zr6iYZb2iPWmci8zVHuaf\/zjH+yVRGg4Mh2ooC2mfOysx1SeGenPsmglGwvw4fu5MKxl4WdTkL7VDfcDGvBiuG8aRWVp0GtIcI0GhszXsTuZxhHu92Pgh2aUvKiVwho90nZnwkFaVlVIaze78WVkuXoxomxMbg\/AnpoFI2uhRSKmS4VbvXBsNyNrE00ogfSuBTu16LWztu7ZIpTsNEKrvIaMJgUHTpuRomPf1Rjwi+0aTMnNpAI6zzierTbP0CG3xgzN36pQRuaQzRcG4JyK0mLGmce0snKkJUlp1CbnY7fHAZcYUuJBf58O5mKTlFdSZ\/ptu5F5wyZOqH0+L9Yn6QNx2w\/gRKHUv0eKC8ZH\/iVBLxcDKeuiusNIZ7dBKI5eB9L3ZcHAile7pQD52l4M0\/KNVm9hUDUa0rOwVxKh4cgEz2kG+44j+Wot6erVK9F7qwv18tCEHBXtLIIUzcxDA\/RBxvYMuanYy6lJDHy8N2Cc9CgmQ5Bw98rkJKlSLdJ3AL1D8iDPh5HPXMjKmD+bCZ+u+XjuusicQhou+I\/KjsBQyqDDejWDkflmGJaaMmmYSQ46xIibtQbkVp7EmdMHkb9xFraPKlD4f7rCDnEosefRgE3MYCQU9RCEG5OXW7E3U1EOGa+i0S5Vio7coJsHS5G3ay9qT3RheNILjVY6UaS4YEwoKPOgqTAPZe\/Uo\/WSg1xV6x+WBuPBxNcDqBeHioHj7fOkASV1E7XewsF6nCBu3rzpH6LRvzQcG2G6tJkrQp2\/Ow8Znr15Wrh+l3WPhDFLldAjdr33hJ73yLBJfFdGcX7FsCU6iu89It37e53k7ITv+oW65utkoEdQDl8iposQMtSZNyQIQpFfP6HDswah56tpYZYN34LOF1c+g5n5okXY\/9cJKaA2PIuQx+DhmSLvIsp6Vr5Wy6sK308LE1\/0CC3\/VTB\/uBkpTgkZws3cHRf6\/1on7Ck\/LYyxbATXRZj7kRG53sJ\/V7WneeGFFzA0NEQNSvxLw0uB54YdxjfKkbIx0KLQFkBiHdatccIVbkikS4Lvq3HSV8TJGtIFb7+DgdukXRwcgOFXKfMazcjpmo92gx5O5\/zBSkzctsOV\/zpyt+j8reXsXJy5umnB2z3zHx5oDZuw7jvV54Vx5zE2dEjy3cF4uAm8l+VrrQ6Grbkwf1ANw+Vr4oQ9UlwQpGzEj5IhnHajEVnF1TiW74CN1Od8tNBvdGJ8kgVDWGi9LcEj5xB8bgx\/bAW2p5AsBKP7kQHDgzZ4aGWRwnBftcDSI8XRDKftWI+OM8OKeCvO2aVYkPlJvrcetZ1OeOX4Lztw8Vb0G067PRPezyzotqciawt7U0HkdBHWkOHJlFuKJ2iSc5DcTeYSV93wid\/xwnmpQxo3RyNpEzRDNjjZve293QXLRyNSIBTx3NLLILakw9RNhipfsutTHjhx8eNuaJ9n84KQNEfN44LQ4+WdM6iv64KTNXa+qRF0kCEUrRVXZyXq+1z+NHrsQxjZSOYxUeKC8NrQcNAKh9yYep0YvkqKUZ7jkIbH7ZYLXoOUnGR0VzdjWJ7j0XI5T+4pGrvAelsCowl+EJD9Wj3sxmoczlCZqb1Yjmp9L\/bkkc\/mFaP5TioOVpDpx10pWrPVjMPPdQfF55M5iQSZn7z7EZnYN6FUjr9lxC+2qI2DQyCT76wf2uDOfFn9t5ko6YIuDfkbOlCcmY3WWyRMeq+SlsNIunQEhXQ8X1iFXqSRyb308YhsyMWBHVNoeo18LyMPVb0alFcVwema33M4PsnDEbVf6TUmlDcdRNJQI\/YW0vNkIO8tKya3Kso9NM3R8rhAtBnV+ChzEk17pEe8xX9ywJhqEntz42vVSHM0oJhek+S1xr4Z1Xulnj5SXBDPZuHwmxp0vMUeOf+mFd5d1SjYKEXrUvOhP1eMjB2t4sMHbC7BySNJ6D1cKJXL0V5gawrpEwkLrDeup+Fw4mTph2cczhMGNxoOJ0640XA4ccKNhsOJE240HE6ccKPhcOKEGw2HEycrYDRPt9xZ1KbIGpynnTk3bKe64Ii+iCMK5J56dwAOUQPkg\/OCNbbVGAskwUazmuXOK2NsCTMSUaRVizJxxS4VU1kxorwxfMNoVpS7dCjy7BmB1S+2iiLYWyac589iJr8AJvqz\/5wPnskRXGxvRi25ZyKW2R0rypR5e+DG9GY9dHMaaNdqYMzLwvRHVjjZkpxEswQ9zSqVOz\/muHvqcU5bgpOdtFz70Famxbm6Lvhv\/QfTcBefDEgyxMPM9iEgjcYHzfAWtqGPvN\/3l4PY1Fe7slLob7rQrdmN3CQp6LncgIZeN\/TbypG\/LULXM+dC16cepMi6KoLb7oQpS4vhf6Yi6yfkjTV65OYDHX1L092oGs0TKXeORITzRJX6PgzE5e1vxkV7F9vAggwZyHsV7cNo3EXOq9zUwhvhfKqto5fc9vk4UBgQsmm3vITtminyPuM+OYkhzC4H969haOMBlG9l69C0RhSUpWOY3GwUUdp8VdqYg5aBvx6+GfDLimneAumUhtgOUneSjFiWNXvhkOtrRyGOtDvDrkJ3Djrws+0BkZkuuxrH9+UiZZOWqnXC4r50Dp7\/zMdmxaI0fbYZBZsMKPhtLvSyrmZLFkxDFyHlMMHQtWehyFoa+aDh2FDRIKwWuXNYXUXk80SW+s4IV47tEZo+Z7qP2Qmh\/1ix8JJCtxKqRYl4vul+oebXp8OkUwEpi+kbbUJd65ikBaKQ89T9neUhFDVNzuw1oenDa+L3qa6kuKRB6JFlv3d7hKqS\/cL+453COKu3mWGSTll7ROuwqFjYb7nO5MkzwnVLqbDfXEPK4p6kCyJl0Xl4f0C2HQSVGXeS\/9WZr99hfNsvNJyheY6sk5EZP1sldLpYIIGo9jRPpNw5HDGcJ6zU1zOM3rkilG9jy2I1BmTtfR0pUigsYc9Ht3a6VB5hayep98rIzMaebh3KX5dWD1M8HlJul5vYhhbSBhIOdSmNhGYdNFPT\/p7bWGZGriz73ZiL3ak+ZL1aACOrN21qFrK+cQWGg8jBwb0pTJ6sRUr+bjxjzIFZ3tyDlMXLO\/SYvKvS13hdcGwwBG1kEh0vbGedyNwVyHM0DGSeM+mOMNRbIKpGEypvDg1HZpXKncMR9TwRpL5TLsz8nAyZWFCE3DCRKzVW6bAaJphpmV7uw+ndPljeH\/APz3SZx3CyrhonL9D4HpzMm0JDXexPKfXPBeUCz6xZD43cmImshw5TgeFxqISb5nstMUQWpGjXr4fbo2K5D2fgpfqeOPDZWzFK5jspQWmKjOZfNerXXySqRmOxWPyGQv\/S8IKhLfcb+ZjuHg4UuAyZDNZaPMg50i5OUKmRnSxmcZgl39VEvJ\/SqjoDxikf++Lfgm8x51lH0rjskF5XRzeI2DCAa2pPmejGFNvMMCcNBT9hU+KbgS9p\/XyR12rk4QharyajPHUFyloFVaN5ouXOoSzmPJtIL\/OlY35jkHAc6FD0KvPxwHbCCke4R6wbjUBoHr92Yvw50puw4LJCeiTtHGkUY8QzdA4dF2r9G49kZBSi0S5NAyJt2ev73ic+gk40qkaTUFah3DmIxZxHS+ZgazpIK8gqjub1r+cQtJeMxo2peH6nUb3xjTBqyXUusTQSqCz63J1UpGygIR1eeN4B64Xg+G5nKkx0uqVLQ463FRY5nV4nus7YkJZKjGkl0OphmHSpbAGlji77eMhIoBOHUqVpwPEd4WWW7m+mYfq3xPelS2A0q1XuHPKAgh7iyoRFyKbpd985jKSePdIj5z2tcG\/NQRqLpZiy8uE4Ss77bqSegkE3Rs9jMt0gNEip+ACZ962oEOXMeag468XumgK\/XJs+si3xyfHZKD3jw+56OZ6ks\/KgP53Zv2nCZPYxlGwWI1cAI9JMDowt6coIN0a+NOKFTSyYQLjcOdFMdqFi4Kc4+UZCtzd\/8iDz2UZ7Cg6pbgiYAO5YUevIwrGdYX67WgRLPzx7ovHB0WkN7HRChz2nepGWzg0mKhtzyZDxHC5G2BN6wcy5cbFbg5K8xBsMhRvNotDAlGGC8+Re6Zf0FR\/2PE6QsnvtdazrTsSCTSWkIbvQjXWvFwVvNZxA+PCMw4kT3tNwOHHCjYbDiRNuNBxOnHCj4XDi5AkxGqUy8\/GXRIusiAfoxUjRo+GAdWctBmI5eTx5XwESbjRh5b2L9Yi85FBje8I9QMt804WK4qWTA6tjQsmFY8iKsrm4yFLmPQHw4ZmSJ9oDdACX3YEXMlzoHU3oDyRPDapGk1C5cxgieTQW5bejbtj8EuS345NBK+EeoIOZc8L2zzSUvJEDjX0s\/OputZ5SMQyMXyKtHDZLeXPdDnhd3vtHhRdoZd4Tno7Fo2o0ZrPZr9akf2k4oZBW2\/KHSWz\/PdPRnD+MzX2N6FLcrMMnz2I65wP00PiWTIz+ocOv9\/bZLWj4Nl8SXHWeQL5mCL3y6ucgfOQ8jXBnsfOcr0bqjcaIG0qkZKbCfjlUWe5G\/2UDcpR6DjLEqT+vQ\/n\/9Igrb\/tO74an0SI6wdXtOE6udQhp4kYXx5FLVyLTDSH+2Iv1+6Q8950uh+avpDJl6cMNC7o9+TjRo7JyN4bykgnrw0bmFulJM9KhpT561g1heBG6Btupc6QhOSGWbV\/TdlJHlag4O4Oc\/yuVSXuZBq3nRtQN03UOzQMGHPikD4OXO2HWtqLV7ws1PhaVjgWgajSLkzuzjSSIhQcdtOVln4jFo7H+lXIUbGEro0X5rQPjYosdRQathHuADsGHkS80yEqWzmPM3ASHfeFWE79EWkkayvfKdSjJpT1fLcwF4+LSET+qRrM4uXMaDp0nrSFtEZUHbXnZJ0SieDQ2\/Ci44p\/x30xRZNBKuAfoYLzDGF2vMP6NaUj6sn\/BN1PcEmklhk2SwciQNKlVYSwsKh0LQNVoEip3VoMMN5rfG8Km10+g87JkVJ1VQSYVgegyaCULkTJTX4yGIXYzPbChFznzNwaJKNVWp+jPIekgRyQRlZ9FlVcAr30A1hOvKgz3VTIfHMCwyjCPEx5Vo1lyufOiPBpHkUEr4R6gFXhw5aoRHzGj8x+fZGH+HI5AN754OBNUdlQ+vOyslnQoUDWaJScej8bziCKDVsI9QAf45gqGDGnzl8tvfAnbXcPzf7PRGWAa7fY\/SfRNkeHhyS4psJyslnQoWBmjicOjsRqRZdBKFiFlfsI8QDsvD8C0TW1PAB1+sdWh8puNEUW\/S8bQQeal+Q92JO8uYnHLyWpJRwCup+Fw4mRlehoO5zGGGw2HEyfcaDicOOFGw+HECTcaDidOuNFwOHHCjYbDiZMnxGieLLnz0+UBmmqjWmGLYWUE1c603mJam\/s2dPS44l8ilQASbjSPt9x5ZYwtcUbiw\/AJumog+LDcZNEPA2KtjJ1lqI3gE3O58A4SgzGVIJ2tjPAphGmFbwWLx6bvr4dhwyygXQfNhnQUbOyFZTBRa5djhw\/Pnii8mJ4K8URHDvOLNM4Hx5laDBkPSyulO08g59sGNKzATefHNwLrjWSUvMiWNU12ofbcepipMI16sH5zE3qrOySXHD4HbN9nIuWfo9Dmp4GKATTJJTB9aU3wtrbRUTWap1buHAX35Wbm01L2Ziy9vzo8QFPcmFqzSX2tHJU5387HgTyDtFJ6jQ5pZUXwDY1IZSeOBIbhusTyKHtnjub5+ha58RV5o+n03lL0Fu92wPmQfSEE79XLwH+k+VeQO3odyPptFgzsDe2WAuxOHpVccmhMKN+XAl1qecDI6NrCDB96ry6z4dO1Z6H8csHenSN55u0RqmSvx7PXhabyFuH6NPMmPDsh9Byt9HsCpt6GS8sbhM6vmLdi0dtwmzAuhYTIXp+Vnn8T5QFaumbl2THmzXhWuPc5DUspWjUeoB9dF1r81w1BWf5+FF6WaXxRqdDwtwnJO\/Oje6ROSoX9byrq4btrQktJwPs2TWfxm6QeZQ\/QNJ3m\/UKNsm66q4T93fekDwRB6ubDJuEaOxcN33NMhKR9hpQVqROannDMXBHqmJfq5UK1p3lq5c5h8aC\/TwdzsYl5M6Y+LXcj84bNPwdaFR6gH3jg\/nYATWxDCXGTiVuRWmEyN3ioUDQ+XwKzvyfSI3dXGnz\/sTtQD8+mIetXbrgUvV7Om6QeZVkxTeczP0XOPmXd5ED\/T7UJuwvOB5v9vQopGOh\/ZhCHXTK+m1aMknOaQuUMSrQGmB64EyZljgVVowmVN4eGI\/MYy53D4sbk5VbspUv6\/ed6FY12+USrxAM0Nag\/H0N1i7ShRM+f8zF1vD72hwxJ+uB0\/guwfu06FpBYT6plyi8ANEAXVE00nRqsU6ZVux7rFa7XA\/jgJcM28g11pi6ioduI13dE2zQrxPCXAVWjedrlzqqkHkJn6HkGzTFtaLciHqAJmqQ0mCv0GBoN9zx3Br61ScGGshogBlN7Cih\/Nwv6SL3MCqFqNE+93HkeOiT57mA8zIQ2IsvmAZqMBIeaYaWCNzU2\/BjGG+PBzmEfODG6hvQELLi8aKBdKzaBwUzZ0HgWMNfkxmgwVAqtjbkRTQSqRrPkPAZy52D0eHnnDOrrusg4XHrHNzWCjkuO6Aa5bB6giWk\/vxmOs4E0UqPo6hxHquji2YT0f++FxV8WHgyf6YBGxev28qCHYc0duJQF6B1B69lp7K6I1WAIpDwnk4xBmzguNStjNKtW7hzOAzQ5U0Y1PsqcRNMeJrv9kwPGVFMMLRxJw7J4gCaQcq1+3QfrW+xBALmWr7gOBRulaGPxMbEsikW5dSV6nzus7nV7WdAiZdsMRm+zIMEzdA7WnmaU0Z8SlHUQ4Udx3w07fMkvLGtPw+XOKwH3AC1Bdw495UP5bwO\/1cSHF7YPrNBWmpGyjFazMj3NUwX3AB0WTQqKnh+C9ebCZp2+mx1wpJYsq8FQeE+zHHhGYD3RjI4hF3wbTMitqMYBlR07n07o6g4r3JnlSKd7XsfKfRtaL+tRUmxc1qEZhRsNhxMnfHjG4cQJNxoOJ0640XA4ccKNhsOJk8fWaBKndgwlDi\/EK0nCPDovI6vca3OsLInRBAnMdhSi4v0uOJZzGWpcBPu2jMsLcdz4JJGXKNCiS\/crUH\/BIS1rEQlNyxJDDC9jf1f4ZfUPyE2u9BkahagN2Sr32hwriTcaukL1D7ew+c02ydlRTzuqsz1oOdi67LLU1Yanrxb1zlRUt1E57yD6PqlD0ZwVle0q\/mGWCRPsoh8eNahvHmcSC3D8qBrNwuXOPoycu4zU2kPIlYVLVLC1tRzVr7gwIjuIZdJaZ\/vbop6GbvwQzXuxe1Ahw20bUXgCJjcjlUfLm0cwlK1e2HPTljajAh32RhSydJCzzdtgQ5Q5++W7Voz4uwKpZwjvpTgY9z+B\/FfToJdd22l0MBaakfO5DQ6VtLjOH4E15IZ2dc5\/TySs52hCmPRQXnglC67PVJy4zjkxYE\/F7gwWZqhLmdVl22IdjNrQSNfriT1oSE8atNEHla2vzO4ycUN\/3AyFyptplHzQcGyMCafNTD4bCSqt\/fUeocUvAY4sfxZcnULl0U5hXJbV3mgT9v86IBGm8uiWG9JrGb+EONq5SZpbDvcILCWEYNnzzN\/rhD3H+4UJ9nXx2uVtwrgowSXfLSoVKv9blvfOCNctpULd31UFx2I6qz4dlyTTqoSk5W6nUHVGFnlTJoTOw+zaN1qEql72yUdUttwg9LtYIr8bF8NXaHlFkkeTc7TcmBWuN9cJ\/axsZWa\/aBLqBmaCpdikHmqUZfEVDQfk1fNl2y8Lue+RevMXhzJ\/oTJwKkUn4S\/YyVcxqj3NYuTOvnUaBGv9wpBahBK\/BDiy\/Nk5NIDkMoW33hdLUJ4nvY5KHJ6R5+PBlUvPoFy52QO5dvV\/DqP3S7lNjN1LsW7HMZjX9qLqN2WoPdFFhkXMK1o4NqYhdXQADvkzkyOw\/1zFm1kkz9GR5NGURxqk\/MqAgaCe3QvbJSBne\/AKaLrxRfq+4I0v8rW9Eby5rUcR9bKstpD6\/hX0PmuG2X8P6JH2ahEZFaiX3WpC1WhC5c2h4diRum15iXfQ055QaW0E+bNvZh30IeuSAvLnGFiwZ2Q3JvEz\/DTIUzCgN6VhxsOebMTlpVgDw44DOPmXj3DwFQNmP29FRXEtur4ONyjR4+W8adiYsMz1pR2m1PnezKJ6jo6Ai7YeW7KQaifzF\/nz3\/RjwJATshDSg4mvB1Av7sYTON4+H8nXaKgcWsHUJGD8cXBZbcjCoV1q3tpWF6pGs3C5swbaGQ+mWYhOM82yNPjPEVy+RZE\/z85pqcJ5YSTIM3IQPt\/ilJhknqfblILcN6rx0V\/yMfVhV7CiUoF2axqm\/07nHGROaDchbTOLCGHBnqNFiHFmT2GAuRB0XrYjNVPt5p2\/p9rg4HHkxrPQ8glA1WgWLnc2IuXnAxiId6l3FPnzuh+64Yrktpt8J9jjL918g71clLRaj01r5suc3c4R6HXxirdIr1t5cf7jXe2PselfPeGN8Nl0ZGEIY7dHMJqaTkp4PovyHM3Qbs+HdtAGL2lkel1ZeJkJ1wJood\/oxDjpIBJC0iZinRPBE3+vA11DYR+ArxpUjWYxmF4pgauaDDlue\/zjdZ+HDB9Ia7leG6a7iCJ\/NmZkYfRMV1C89YL0mqL7NxNGLvRLT61E+bMFFjk+Bmm1xj0V5omXDi9lz6D1TwN+WS79fvPf0pCzNd6uz4j0F7tR\/\/EI3LIRih6eW9GtNfnluvPTQuYc2zQ4e8qB5K3qot6onqNV8xbCGiOyjKOwftwL7EgPHjqLkHTkJKO7ujmgDXrgxMXzw4GnYfHItje8hJwHpJ6UMvCPmzC5dmV2LIiHhBsNHZce\/8tueM9WSl6MqTT4PSumt32AQyETSz\/R5M8bC3AoezIoPmuXQo+yuQjVPx9CBZM019uTsXsXi4sqrTYh6xUHqkhaj\/Qp5lwMKnM+ttWBhtekx6ylZ7zY3VAyfzIeFQ1MZSdwUD+Exv\/N5h+FFbC6klH9jnyTqqdFk5wK4\/cmpJDGWZVInqMjyaND0Gckwz1oQE5ymAZhcwlOHklC7+FCMf15R4mBbU0hTYtEXLJtkuP0d6qx2V4jzTV31cNurIY57sZo+eF6mseB21Yc+Yo0Rju5cG01kPiehpNY5ty4eGYUqVu5wawWuNGsZugqgbwKjGYc8u8ow1l5+PCMw4kT3tNwOHHCjYbDiRNuNBxOnHCj4XDi5LE1mqde7sxZMZbEaLjceZHM+eCZHMHF9mbUltYuUePAWSiJNxoud140nssNaOh1Q7+tHPnbeKGtNlSNhsudEyd39oxaWRzz7KzUzoRZSKnLrsbxfblI2aRVca8nXdPhP6\/sadoLh+zxWvbMLH+DlsUivDBzQqA\/boZC5c00Sj5oODa43DlI7kw9Dx9u98t9Z91XhCYz+66jTcg92q+4rjqhEmLpmsXCfst15mlauuZ+c43Q9Pk9yTMzyWPn4f3+PC7OCzMnFNWehsudZRYpd6ZiNZ3ev5GGJikdB\/5fgSQD+FkJet7P8q8Qjo8cHNybwjxNS9d8xpgD8za9pBkieXx5hx6TdwO92sK9MHNCUTWaUHlzaDh2nnK5sy4d5udtKC0sxN6aZnRddcGr0frFcAvGoMN65TnoNdeuC1yXoF2\/Hm45jYvywswJRdVouNw5CjHLnUkLvrManZ3t+GDvdmhuNKO0JhatCWc1o2o0XO4ss0i5s88rKSnlPQH2fYjqjQO4xh8hP9aoGs1i4HJnBV93ofL9wHdxfxhDo2SOw+YWMcmQOauOhBsNlzsr2FKC6m3ydzOQ954dm39HJuTU3m5ZkceHao8lXE\/D4cRJ4nsaDucJhxsNhxMn3Gg4nDjhRsPhxAk3Gg4nTrjRcDhxwo2Gw4mTx8polkri7Llci7y2x93nMOPmY+j1+TEj4UbjOEV\/eVccO8tQ2zYCzypeMqLLPIae0mXwOTznwUhbLcpEx0jZKHyrGQOR1tRxViVL0NOEOP45fwIl2nOoWkEPxqsDL2zv70H3syU42UnLpg\/tv0uF470jGOALOB8rVI1m4XJnFUQPxuVI\/8zmlxBTCXBtqeRuYp4nYjBf+2JrTKW8F+FSleH6SK\/2NiyjbCUm8xQsyn39EmApSmTKhub99JpMsnxZMYxRDGlE6fSoGza\/1+G356XPKcuKRY\/Ew+h6VyGPDtej3ulCh64a1TuNkniMoElKw4FDJnT1sQYltCcKkiBLMueRwUbsJdf2pz00X99Kb3OWELr2LBQqb6ZR8kHDsTJmCUiFA0wInWbmYfgulS73CBPfixGC8N11oaW8Sbguy4mpvLj5mjAtSnlnhXufN5HwdYFGB6S\/s8L42UqhpleW51IPxXuEli+mJbkvle\/+rUqolOW7j8aFtvIqodPJdMffjQlt5pcC3pEVnpKpdLq0vEHo\/Ip99m6PUFXSJsg+lkPTN\/FZnVD8EstzBE\/KoiR7hAWUPJoQrnSPiR6S73VXClV\/m5DyQJj5osWfd1Hm\/OtcoUbpHZp6dT5I8iWnlebrzZcD+eIsCapGozQY+YiVeUbzaEYY\/5TciJYxVvnzCRjDtNBzNGBAEtNCf2O7eNPKn7vXW6MwmDDQfQjINUUcp4XSINfihBGFS\/EQowm96a7\/dyB9\/UdrQtyH3xN6Dqo1FMGMWV6at49BdJT7F9C9AeS9CRjONmF\/pHxxlgTV4VmovDk0HJkOVCgfBFBvX9\/m4\/hek1+O673VhXp5dxhyVLSzCCovntuMHwdJVXTIeqeI+Zr0YfLTIyg7Z0JJdoi\/ljk3hk\/JQxty7GqELGr23HUiZUuI671\/YX9VMPwoWLkfkFa74fou2b9XgQSVDrOXi4XuKHOhnu18Q\/NRQUpTQajM+aEX65JC3O1FyBcnMagazcLlzpQ0HDqveBBw4QyO0Q0c5Mr+pgu1Fg9yjrRL+6KR42Qxi4vKGMbWlaN93xRaLym3ePJh5GQthgwlOCFf+\/whkpIAmgXrpUNYp1mQjegNJDWPWEDJnAu2Cw5RPu3uqUXLdA6q2\/pY+Z1EBJG4eD5tovLFiRlVo1m43Dk6nht2GN8oR8rGQGUH\/NBL8uKJIDUybX3JpF58nYKcbCN0qWaU3G2ExS+rdsL+dT5e30Hi5NOSc8qxVNk5djMRT+8MMGrtcDxgwTjQGUka7A5\/mvzcsaHDq4EWHoxcNaK8LMW\/ew3mZtmLMKzTwj2pbDw4y8ESPHKOjO5HBgwP2qTfbWRpco8UR4diVF5sOTWsiG9Fk0uL4EGIBiZieJozrXCIT5eIsWmGYLvDnqQ9cKLrlAV+UfNP0pBma0WXMv6vXdLruNAiZbsGHWeU6bPinF2KFfE3ACFszkXBZA3qLzjhZZ\/xTQ2judGBAtIQ0Lz\/+CfDGFJ6OyZ5iJjKzVnIGk1EvjjxsOxGgxfLUa3vxR4mTW6+k4qDFcDkXSlam3EY1UY7agpJfGYh6u2bUb03Zf6QSGNC+TubYP3jALmBdcitzMHUh8XiXIB6HdaUVaPo9oTUQ1Hvx\/U5mBTjs1FYPQB9ZoF4mnih6Tv8XLeU\/sK9aL2fipxUFhnRkzKZm9WdRv6DVpTS75J0FP9pFKm\/P44stj2ViaQ56dIeca6X\/VoznNsO4gAmMRHOEEljUVAl54vlO7OIvMtZSp5aubPP3ozaByU4nr3Ync5d6No\/gJ+2lGMZ1hRwVgHL39OsCB7YPumCU56L3B+G5aMZ0kPEbzC+W12wXnVLO+3MeeHstKD339O5wTxFPDU9Dd0E3fJhKy7e9ECzKR0lvyPDty0LePJEf7X\/pAnNn9rg8ulgyj6I6t+mB54Ocp54+G40HE6cPCXDMw4ncXCj4XDiAvj\/5x5+9XsJe94AAAAASUVORK5CYII=\" alt=\"\"><\/p>","protected":false},"excerpt":{"rendered":"<p>Tegund:&nbsp;K53M-350-S DS0622<\/p>","protected":false},"featured_media":63958,"comment_status":"closed","ping_status":"closed","template":"","meta":[],"product_brand":[],"product_cat":[590,515,1073],"product_tag":[],"class_list":{"0":"post-63008","1":"product","2":"type-product","3":"status-publish","4":"has-post-thumbnail","6":"product_cat-maelitaeki","7":"product_cat-verkfaeralausnir","8":"product_cat-vinklar","10":"first","11":"instock","12":"taxable","13":"shipping-taxable","14":"purchasable","15":"product-type-simple"},"yoast_head":"<!-- This site is optimized with the Yoast SEO plugin v27.3 - https:\/\/yoast.com\/product\/yoast-seo-wordpress\/ -->\n<title>STARRETT Sm\u00ed\u00f0avinkill DS0622 - V\u00e9lar &amp; Verkf\u00e6ri<\/title>\n<meta name=\"robots\" content=\"index, follow, max-snippet:-1, max-image-preview:large, max-video-preview:-1\" \/>\n<link rel=\"canonical\" href=\"https:\/\/velarogverkfaeri.is\/en\/verkfaeralausnir\/maelitaeki\/vinklar\/product\/starrett-smidavinkill-4\/\" \/>\n<meta property=\"og:locale\" content=\"en_US\" \/>\n<meta property=\"og:type\" content=\"article\" \/>\n<meta property=\"og:title\" content=\"STARRETT Sm\u00ed\u00f0avinkill DS0622 - V\u00e9lar &amp; Verkf\u00e6ri\" \/>\n<meta property=\"og:description\" content=\"Tegund:&nbsp;K53M-350-S DS0622\" \/>\n<meta property=\"og:url\" content=\"https:\/\/velarogverkfaeri.is\/en\/verkfaeralausnir\/maelitaeki\/vinklar\/product\/starrett-smidavinkill-4\/\" \/>\n<meta property=\"og:site_name\" content=\"V\u00e9lar &amp; Verkf\u00e6ri\" \/>\n<meta property=\"article:publisher\" content=\"https:\/\/www.facebook.com\/VelarOgVerkfaeri\" \/>\n<meta property=\"article:modified_time\" content=\"2025-10-23T13:16:32+00:00\" \/>\n<meta property=\"og:image\" content=\"https:\/\/velarogverkfaeri.is\/wp-content\/uploads\/2024\/08\/7bcd5a76-c806-4c66-af67-d842384ca593.png\" \/>\n\t<meta property=\"og:image:width\" content=\"4395\" \/>\n\t<meta property=\"og:image:height\" content=\"4395\" \/>\n\t<meta property=\"og:image:type\" content=\"image\/png\" \/>\n<meta name=\"twitter:card\" content=\"summary_large_image\" \/>\n<script type=\"application\/ld+json\" class=\"yoast-schema-graph\">{\"@context\":\"https:\\\/\\\/schema.org\",\"@graph\":[{\"@type\":\"WebPage\",\"@id\":\"https:\\\/\\\/velarogverkfaeri.is\\\/verkfaeralausnir\\\/maelitaeki\\\/vinklar\\\/product\\\/starrett-smidavinkill-4\\\/\",\"url\":\"https:\\\/\\\/velarogverkfaeri.is\\\/verkfaeralausnir\\\/maelitaeki\\\/vinklar\\\/product\\\/starrett-smidavinkill-4\\\/\",\"name\":\"STARRETT Sm\u00ed\u00f0avinkill DS0622 - V\u00e9lar &amp; Verkf\u00e6ri\",\"isPartOf\":{\"@id\":\"https:\\\/\\\/velarogverkfaeri.is\\\/en\\\/#website\"},\"primaryImageOfPage\":{\"@id\":\"https:\\\/\\\/velarogverkfaeri.is\\\/verkfaeralausnir\\\/maelitaeki\\\/vinklar\\\/product\\\/starrett-smidavinkill-4\\\/#primaryimage\"},\"image\":{\"@id\":\"https:\\\/\\\/velarogverkfaeri.is\\\/verkfaeralausnir\\\/maelitaeki\\\/vinklar\\\/product\\\/starrett-smidavinkill-4\\\/#primaryimage\"},\"thumbnailUrl\":\"https:\\\/\\\/velarogverkfaeri.is\\\/wp-content\\\/uploads\\\/2024\\\/08\\\/7bcd5a76-c806-4c66-af67-d842384ca593.png\",\"datePublished\":\"2024-08-03T14:42:51+00:00\",\"dateModified\":\"2025-10-23T13:16:32+00:00\",\"breadcrumb\":{\"@id\":\"https:\\\/\\\/velarogverkfaeri.is\\\/verkfaeralausnir\\\/maelitaeki\\\/vinklar\\\/product\\\/starrett-smidavinkill-4\\\/#breadcrumb\"},\"inLanguage\":\"en-US\",\"potentialAction\":[{\"@type\":\"ReadAction\",\"target\":[\"https:\\\/\\\/velarogverkfaeri.is\\\/verkfaeralausnir\\\/maelitaeki\\\/vinklar\\\/product\\\/starrett-smidavinkill-4\\\/\"]}]},{\"@type\":\"ImageObject\",\"inLanguage\":\"en-US\",\"@id\":\"https:\\\/\\\/velarogverkfaeri.is\\\/verkfaeralausnir\\\/maelitaeki\\\/vinklar\\\/product\\\/starrett-smidavinkill-4\\\/#primaryimage\",\"url\":\"https:\\\/\\\/velarogverkfaeri.is\\\/wp-content\\\/uploads\\\/2024\\\/08\\\/7bcd5a76-c806-4c66-af67-d842384ca593.png\",\"contentUrl\":\"https:\\\/\\\/velarogverkfaeri.is\\\/wp-content\\\/uploads\\\/2024\\\/08\\\/7bcd5a76-c806-4c66-af67-d842384ca593.png\",\"width\":4395,\"height\":4395},{\"@type\":\"BreadcrumbList\",\"@id\":\"https:\\\/\\\/velarogverkfaeri.is\\\/verkfaeralausnir\\\/maelitaeki\\\/vinklar\\\/product\\\/starrett-smidavinkill-4\\\/#breadcrumb\",\"itemListElement\":[{\"@type\":\"ListItem\",\"position\":1,\"name\":\"Home\",\"item\":\"https:\\\/\\\/velarogverkfaeri.is\\\/\"},{\"@type\":\"ListItem\",\"position\":2,\"name\":\"Vefverslun\",\"item\":\"https:\\\/\\\/velarogverkfaeri.is\\\/vefverslun\\\/\"},{\"@type\":\"ListItem\",\"position\":3,\"name\":\"STARRETT Sm\u00ed\u00f0avinkill DS0622\"}]},{\"@type\":\"WebSite\",\"@id\":\"https:\\\/\\\/velarogverkfaeri.is\\\/en\\\/#website\",\"url\":\"https:\\\/\\\/velarogverkfaeri.is\\\/en\\\/\",\"name\":\"V\u00e9lar & Verkf\u00e6ri\",\"description\":\"Umbo\u00f0s- og heildverslun fr\u00e1 \u00e1rinu 1919\",\"publisher\":{\"@id\":\"https:\\\/\\\/velarogverkfaeri.is\\\/en\\\/#organization\"},\"potentialAction\":[{\"@type\":\"SearchAction\",\"target\":{\"@type\":\"EntryPoint\",\"urlTemplate\":\"https:\\\/\\\/velarogverkfaeri.is\\\/en\\\/?s={search_term_string}\"},\"query-input\":{\"@type\":\"PropertyValueSpecification\",\"valueRequired\":true,\"valueName\":\"search_term_string\"}}],\"inLanguage\":\"en-US\"},{\"@type\":\"Organization\",\"@id\":\"https:\\\/\\\/velarogverkfaeri.is\\\/en\\\/#organization\",\"name\":\"V\u00e9lar & Verkf\u00e6ri\",\"url\":\"https:\\\/\\\/velarogverkfaeri.is\\\/en\\\/\",\"logo\":{\"@type\":\"ImageObject\",\"inLanguage\":\"en-US\",\"@id\":\"https:\\\/\\\/velarogverkfaeri.is\\\/en\\\/#\\\/schema\\\/logo\\\/image\\\/\",\"url\":\"https:\\\/\\\/velarogverkfaeri.is\\\/wp-content\\\/uploads\\\/2021\\\/10\\\/vv_logo_350x100.png\",\"contentUrl\":\"https:\\\/\\\/velarogverkfaeri.is\\\/wp-content\\\/uploads\\\/2021\\\/10\\\/vv_logo_350x100.png\",\"width\":350,\"height\":100,\"caption\":\"V\u00e9lar & Verkf\u00e6ri\"},\"image\":{\"@id\":\"https:\\\/\\\/velarogverkfaeri.is\\\/en\\\/#\\\/schema\\\/logo\\\/image\\\/\"},\"sameAs\":[\"https:\\\/\\\/www.facebook.com\\\/VelarOgVerkfaeri\"]}]}<\/script>\n<!-- \/ Yoast SEO plugin. -->","yoast_head_json":{"title":"STARRETT Sm\u00ed\u00f0avinkill DS0622 - V\u00e9lar &amp; Verkf\u00e6ri","robots":{"index":"index","follow":"follow","max-snippet":"max-snippet:-1","max-image-preview":"max-image-preview:large","max-video-preview":"max-video-preview:-1"},"canonical":"https:\/\/velarogverkfaeri.is\/en\/verkfaeralausnir\/maelitaeki\/vinklar\/product\/starrett-smidavinkill-4\/","og_locale":"en_US","og_type":"article","og_title":"STARRETT Sm\u00ed\u00f0avinkill DS0622 - V\u00e9lar &amp; Verkf\u00e6ri","og_description":"Tegund:&nbsp;K53M-350-S DS0622","og_url":"https:\/\/velarogverkfaeri.is\/en\/verkfaeralausnir\/maelitaeki\/vinklar\/product\/starrett-smidavinkill-4\/","og_site_name":"V\u00e9lar &amp; Verkf\u00e6ri","article_publisher":"https:\/\/www.facebook.com\/VelarOgVerkfaeri","article_modified_time":"2025-10-23T13:16:32+00:00","og_image":[{"width":4395,"height":4395,"url":"https:\/\/velarogverkfaeri.is\/wp-content\/uploads\/2024\/08\/7bcd5a76-c806-4c66-af67-d842384ca593.png","type":"image\/png"}],"twitter_card":"summary_large_image","schema":{"@context":"https:\/\/schema.org","@graph":[{"@type":"WebPage","@id":"https:\/\/velarogverkfaeri.is\/verkfaeralausnir\/maelitaeki\/vinklar\/product\/starrett-smidavinkill-4\/","url":"https:\/\/velarogverkfaeri.is\/verkfaeralausnir\/maelitaeki\/vinklar\/product\/starrett-smidavinkill-4\/","name":"STARRETT Sm\u00ed\u00f0avinkill DS0622 - V\u00e9lar &amp; Verkf\u00e6ri","isPartOf":{"@id":"https:\/\/velarogverkfaeri.is\/en\/#website"},"primaryImageOfPage":{"@id":"https:\/\/velarogverkfaeri.is\/verkfaeralausnir\/maelitaeki\/vinklar\/product\/starrett-smidavinkill-4\/#primaryimage"},"image":{"@id":"https:\/\/velarogverkfaeri.is\/verkfaeralausnir\/maelitaeki\/vinklar\/product\/starrett-smidavinkill-4\/#primaryimage"},"thumbnailUrl":"https:\/\/velarogverkfaeri.is\/wp-content\/uploads\/2024\/08\/7bcd5a76-c806-4c66-af67-d842384ca593.png","datePublished":"2024-08-03T14:42:51+00:00","dateModified":"2025-10-23T13:16:32+00:00","breadcrumb":{"@id":"https:\/\/velarogverkfaeri.is\/verkfaeralausnir\/maelitaeki\/vinklar\/product\/starrett-smidavinkill-4\/#breadcrumb"},"inLanguage":"en-US","potentialAction":[{"@type":"ReadAction","target":["https:\/\/velarogverkfaeri.is\/verkfaeralausnir\/maelitaeki\/vinklar\/product\/starrett-smidavinkill-4\/"]}]},{"@type":"ImageObject","inLanguage":"en-US","@id":"https:\/\/velarogverkfaeri.is\/verkfaeralausnir\/maelitaeki\/vinklar\/product\/starrett-smidavinkill-4\/#primaryimage","url":"https:\/\/velarogverkfaeri.is\/wp-content\/uploads\/2024\/08\/7bcd5a76-c806-4c66-af67-d842384ca593.png","contentUrl":"https:\/\/velarogverkfaeri.is\/wp-content\/uploads\/2024\/08\/7bcd5a76-c806-4c66-af67-d842384ca593.png","width":4395,"height":4395},{"@type":"BreadcrumbList","@id":"https:\/\/velarogverkfaeri.is\/verkfaeralausnir\/maelitaeki\/vinklar\/product\/starrett-smidavinkill-4\/#breadcrumb","itemListElement":[{"@type":"ListItem","position":1,"name":"Home","item":"https:\/\/velarogverkfaeri.is\/"},{"@type":"ListItem","position":2,"name":"Vefverslun","item":"https:\/\/velarogverkfaeri.is\/vefverslun\/"},{"@type":"ListItem","position":3,"name":"STARRETT Sm\u00ed\u00f0avinkill DS0622"}]},{"@type":"WebSite","@id":"https:\/\/velarogverkfaeri.is\/en\/#website","url":"https:\/\/velarogverkfaeri.is\/en\/","name":"V\u00e9lar & Verkf\u00e6ri","description":"Umbo\u00f0s- og heildverslun fr\u00e1 \u00e1rinu 1919","publisher":{"@id":"https:\/\/velarogverkfaeri.is\/en\/#organization"},"potentialAction":[{"@type":"SearchAction","target":{"@type":"EntryPoint","urlTemplate":"https:\/\/velarogverkfaeri.is\/en\/?s={search_term_string}"},"query-input":{"@type":"PropertyValueSpecification","valueRequired":true,"valueName":"search_term_string"}}],"inLanguage":"en-US"},{"@type":"Organization","@id":"https:\/\/velarogverkfaeri.is\/en\/#organization","name":"V\u00e9lar & Verkf\u00e6ri","url":"https:\/\/velarogverkfaeri.is\/en\/","logo":{"@type":"ImageObject","inLanguage":"en-US","@id":"https:\/\/velarogverkfaeri.is\/en\/#\/schema\/logo\/image\/","url":"https:\/\/velarogverkfaeri.is\/wp-content\/uploads\/2021\/10\/vv_logo_350x100.png","contentUrl":"https:\/\/velarogverkfaeri.is\/wp-content\/uploads\/2021\/10\/vv_logo_350x100.png","width":350,"height":100,"caption":"V\u00e9lar & Verkf\u00e6ri"},"image":{"@id":"https:\/\/velarogverkfaeri.is\/en\/#\/schema\/logo\/image\/"},"sameAs":["https:\/\/www.facebook.com\/VelarOgVerkfaeri"]}]}},"_links":{"self":[{"href":"https:\/\/velarogverkfaeri.is\/en\/wp-json\/wp\/v2\/product\/63008","targetHints":{"allow":["GET"]}}],"collection":[{"href":"https:\/\/velarogverkfaeri.is\/en\/wp-json\/wp\/v2\/product"}],"about":[{"href":"https:\/\/velarogverkfaeri.is\/en\/wp-json\/wp\/v2\/types\/product"}],"replies":[{"embeddable":true,"href":"https:\/\/velarogverkfaeri.is\/en\/wp-json\/wp\/v2\/comments?post=63008"}],"wp:featuredmedia":[{"embeddable":true,"href":"https:\/\/velarogverkfaeri.is\/en\/wp-json\/wp\/v2\/media\/63958"}],"wp:attachment":[{"href":"https:\/\/velarogverkfaeri.is\/en\/wp-json\/wp\/v2\/media?parent=63008"}],"wp:term":[{"taxonomy":"product_brand","embeddable":true,"href":"https:\/\/velarogverkfaeri.is\/en\/wp-json\/wp\/v2\/product_brand?post=63008"},{"taxonomy":"product_cat","embeddable":true,"href":"https:\/\/velarogverkfaeri.is\/en\/wp-json\/wp\/v2\/product_cat?post=63008"},{"taxonomy":"product_tag","embeddable":true,"href":"https:\/\/velarogverkfaeri.is\/en\/wp-json\/wp\/v2\/product_tag?post=63008"}],"curies":[{"name":"wp","href":"https:\/\/api.w.org\/{rel}","templated":true}]}}