{"id":63007,"date":"2024-08-03T14:42:51","date_gmt":"2024-08-03T14:42:51","guid":{"rendered":"https:\/\/velarogverkfaeri.is\/?post_type=product&#038;p=63007"},"modified":"2025-10-23T13:16:30","modified_gmt":"2025-10-23T13:16:30","slug":"starrett-smidavinkill-3","status":"publish","type":"product","link":"https:\/\/velarogverkfaeri.is\/en\/verkfaeralausnir\/maelitaeki\/vinklar\/product\/starrett-smidavinkill-3\/","title":{"rendered":"STARRETT Sm\u00ed\u00f0avinkill DS06214"},"content":{"rendered":"<p>L\u00e9ttur sm\u00ed\u00f0avinkill til a\u00f0 leggja \u00fat 90 og 45 gr\u00e1\u00f0u skur\u00f0.&nbsp;<\/p>\n<p>\u00dar steyptu \u00e1li og ry\u00f0fr\u00edu st\u00e1li<\/p>\n<p><\/p>\n<p><img decoding=\"async\" src=\"data:image\/png;base64,iVBORw0KGgoAAAANSUhEUgAAANIAAACNCAYAAADCQSRgAAAAAXNSR0IArs4c6QAAAARnQU1BAACxjwv8YQUAAAAJcEhZcwAADsMAAA7DAcdvqGQAACZ1SURBVHhe7Z0PTFRX3ve\/+\/pkGp+M6WaIDRM3zu4TZ93stJtAfAPrs1KeMLIr8EagUWhaIFs0r0i7Sp8q2gX6rrJ9re5bYfeR8UmlG8FmQbOAKWAKmMVhq5BWSJQxlTEtQ6xDapjUMGnDRHLfc+49d+bOvzszMMMfPZ\/m1jlz7tx7\/tzf+XM53\/P7gUAAh8NZFP+D\/cvhcBYBNyQOJw5wQ+Jw4gA3JA4nDnBD4nDiADckDicOcEPicOLAMhqSDZbqHrhYKDZc6Km2kCusclwDqNvZGl0+bltw5MrCSmsx2FryUHc1mvs+IXUSRHT5SpAh0ZtnIjPTd+SV1sFy3cnilwuarmw0fu5h4WDsLS8j82yUj8PDHhyJ9txQ6Mw4drkEJhaMC9870HO6EoU7aLlno\/CNenTecbNIQoxpNpV241iWjoVWD64rR2C5zQJLQAJ7pCKcGRzEIDu6\/1KC5O46tH\/FopeLZCMmrliheLR8eEbROwDoWXD14cLA8XrcS6tBWzct9z60\/aEIuFCF1nvsFE5CUDWk8fFxbNu2DT\/4wQ\/Ef2l4wTxrxPYsPcbsoYcJrrFW1JXmib1X9q4jaL+r7DU8sLcdkVrZnZVovDLhbwjzTgyQVjiP9n40flCl51ubgwLDAPq\/ZmEF7qFe4KXdMLAwJVy6aIuXuesUhtsqSdwR9DwUvyYXsaH97UJkB+VDGsqODp7CXpIPaZjmP7z1fNWDxjek36rmY54dQThhn89HyVY9NGukbzQ6Iwr25WDYagubZrWyV7bstrPkN1\/ZffnbcwrWaSkuFM6rjajcSXvGPFSetsIpp3nehdEWVp9iXA8c30cRF4BYXvt96W4doyUpjYYK3xtG+xvkGorydd9px5Fd2eR80lO\/3Q678rph6y1K6Fq7cPzqV7+i6\/C8Bw1Hx4zQfbhJGGchkW8nhI53TgrXvmVhEtt0uJucSbjfIVQd7RYmvxMjyLk3habyBuHmnBScG24Q9jTeEB7Q8OM5YXLgpFD6onz9OeFGY5XQcmtWDAlzD6SwXQr6Q9JlIfck96s+P8G+k3kgdBxtESac3UK1haU8QrqEbxTnUh5Pinnsd7AT\/PJM8vubXKH27xPC7GMxlqAog7mbQkN5k3BzRs70pNB9tErouC8FhVtNQnWveKYwfj5XqP5E+uwPyd\/RaqHDzsoiFIFpjpDHmd5qoemW9HncUiyU\/meTcMMpRc6ONgmlx64J0t3865zWWdWFcSmvpM4efErDUpnP\/uO4UH2RlQONszYI+1l9qMX5MyG0VDQI175hQVLWbYdrhX72fCnTLeLoEGpP9AuTLF+zX9AwS7tqvYV4lkOg2iP985\/\/ZJ8kAsPqtKOStqzysbMe03kVyHiWRSvZUID3382FYS0LP5uKjC1OOB\/RgBvDfTMoKkuHXkOCazQwZL2K3Sk0jvCwHwM\/rEDJC1oprNEjfXcWbKQFDglpFec2bIfZ0YtRZaNzdwAjaWYYWUsuopquENzphW1bBcwbaUIJpBcu2KlF7whrE58tQslOI7TKe8hoUnHgXAVSdey3GgN+uU2Dabk5VUDnLSeyQ81bdMitrYDm42qUkTlp4+UB2KcjtKwx5jG9rBzpyVIatSn52O2ywSGGlLjQ36dDRbFJyiupM\/3W3ci6ZRUn7R6PG0nJel\/ctgM4XSiNA9Ti\/PGQ\/5Khl4uBlHXR8cPIYI9BILZeGzL2mWFgxavdXIB8bS+GaflGqrcoUDUk0gOxTxKBYXX850iDfSeQcr2ODBNCV6z7Tifq5WENOSrbWAQprtnvDdD7GeAz5EFjH6enMPDhXp\/B0qOYDF\/CPT9TU6SatcjYAfQOyQNED0Y\/ccCcGTw7Cp+uYFz3HWSOIg01vEdVu28YZtAhKZQRyXw9DEttmTREJQcdnsTMWgNyq87g\/LmDyN8wB+sHlSj8P51hh0eU6PNowEZmRBKKevDDiamrzdibpSiHzJdxakSqFB15aDcNliJv117Une7E8JQbGq10IbU4f0woKHOhoTAPZW\/Vo\/mKjdxV6x3S+uPC5FcDqBeHmb7jzUukUSV1E7HeooH1TCG5ffu2d3hH\/6Xh6AjTHc5eE457hwIBQ7vXzwk377OulTBuqRa6xW77gdD9Dhlyid\/KKK6vGPJERvG7x2Ro8E4HuTrh237heONNMkgkKIc+qukiBAyTgoYTfijy6yVwaHdS6P5iRphjQz+\/68WUT39mP2sS9v9tUgqEGtqp5NF\/aKfIu4iynpWfQ+U1BN\/NCJOfdQtN\/1kQPFRVi1NChn+z9yeE\/r8dF\/aUnxPGWTb86yLM88hQrzf138qo9kjPP\/88hoaGqLGJ\/9JwInDdGoHxtXKkbvC1PLSlkFiHdWvscIQbTumS4fligvQpMbKGdN\/b7mHgLmk\/Bwdg+HVqUOOqnq5gtOv1sNuDBzpRcXcEjvxXkbtZ521V5+ZjzNVtC97sDn5BoTVsxLpvQ76njDmP0aFDsuceJsK9JHCzfK3VwbAlFxXv1cBw9Yb4UkAtzg9SNuKpZPin3WCEubgGx\/JtsJL6DEYL\/QY7JqZYMIBF1Rsjga+\/A\/A4MfxhK7AtlWTLH92PDBgetMJFK5AUkPO6BZZuKY4WQvqOJLSfH1bEt+LiiBQLMt\/Jd9ejrsMOtxz\/eTt67kR+CLXbsuD+xIKukTSYN7MvFaini7CGDG2mnVI8QZOSg5QuMje57oRH\/I0b9ivt0jg8EskboRmyws6ed\/fdTlg+GJUCgYjXlj76sTkDpi4yzPmc3Z\/yyI6eD7ug\/RmbZwSkOWIeF4Qe23fOov54J+ysAfRMj6KdDL9orTg6qlDf5\/Cm0TUyhNENZF4UIc4PtxUnD7bCJjewbjuGr5NilOdMpDFyOuWC1yA1JwVdNY0YlueMtFwukWeKxi6m3hgJNCT\/lw3Zr9RjxFiDw5khZoMvlKNG34s9eeTcvGI03kvDwUoynbkvRWu2VODwc11+8flkjiNB5jtvfwCzowGlcvwdI365OdS4OgAywTf\/0Apn1vbQfzuKkC7o0pG\/vh3FWdlovkPCpJcraTqM5CtHUEjnB4XV6EU6UqP5e+b6XBzYMY2GV8jvMvNQ3atBeXUR7I7gHsb2UR6OhFptoDGhvOEgkodOYW8hvU4m8t5oxdQWRbkHpjlSHheINrMGH2RNoWGP9Lq5+M82GNNMYq9vfKUG6baTKKb3JHmtHdmEmr3SiEAtzo9nzTj8ugbtb7DX379thntXDQo2SNG6tHzoLxYjc0ez+IIDm0pw5kgyeg8XSuVytBfYkkr6TsJi6o3BpeYcThxYuqEdh\/MEww2Jw4kD3JA4nDjADYnDiQPckDicOMANicOJA9yQOJw4sIyG9HRLzUVtj6xhetqZd8J6thO2yItRIkCeqbcHYBM1VB7YL7fGtDphMSTIkFay1Hx5DDBuhiMK3+pQJq5kpgK1VowqHxYmNZdEjmWoa7P7r0N0jaLVK2CLIIJcIuyXLmA2vwAmunxh3gPX1Ch62hpRR56ZoDKjRhcuf4+cmNmkh25eA+1aDYx5Zsx80Ao7W26USBLYI61Qqfkqx9ldj4vaEpzpoOXah5YyLS4e74RkDh7YztdhyHgYHVdJfMdp5HxzEicH5QWrpCF5rxHuwhb0kTrp++tBbOyrW14Z+ted6NLsRm6yFHRdJentdUK\/tRz5WwO7KA+G\/1wPh\/k9dNPn6tIJMX+NTA7jHLHDZNZi+Ms0mH9CvlijR24+0N6X+G5J1ZCeSKm5GirXiSiz\/t4Xl7e\/ET0jnWyTETLcIN9Vtg3j1C5yXeXGI26V64VsRd3EFPJxoNAnDtRufhHbNNPke8K8Hda7JD7PIK0gX6NDelkRPEOjUnk9vIGhDQdQvoWtu9MaUVCWgWHyAFJEWfl1X4\/mrYevB7ySbpo3Xzql4bmN1J0k4ZYl5W7Y5PraUYgjgb2iAvugDT\/f5hPu6bJrcGJfLlI3aqnayR8q4kw6GCDizIfTJq3c1mdXoGCjAQW\/y4WelQ82m2Ea6oGUwwRC19qFQ9YiyQcNR0cIDcdKkZqH1ZaoX0ddZj0rXDu2R2j4lOlm5iaF\/mPFwosK3U+glkf1ejP9Qu1vzkXUwNCymLnVIhxvHg\/WUnmhMuoO8n9CKE3T3A2h4f0b4u+pLqe45KTQLUuu75PrlewX9p\/oECZYvc0Ok3TK2i1ah0XFwn7LTSYNnxVuWkqF\/RW1pCweSLoqUhYdh\/f7JPN+KNIWgiD907eTwjgrLy9fkPxH0GlNXKgWOhwskCBUe6QnUmoejiiuE1Zm7RpG73wRyrey5cIaA8x7X0WqFApL2OvRbbqulKts0yX1cplZ2djTpUP5q9Kq6tCsg+b7af8eXImGxE\/PeOONZRXIlSXXG3KxO80D88sFMLJ606aZYf7awYaSlBwc3JvKpOFapObvxjPGHFTIG7CQsti+Q4+p+yH6JLcDtvUGv81mVHnWAJNSoUtGED1dbuRkqi\/TNpB505QzXJ8YH1QNKVBaHhhWZ4VKzcMR8ToqMutpB2Z\/QYZbLChCHiLl2cFEK9sOhQkVtEyv9uHcbg8s7w5IQ7s4oH\/OLxd4Zk0SNHIDJ5IEHRSGGSifp\/leS4yTBSnapCQ4XSFM+ftZuKk+akHQ+WAjpnPKkeqXvmA0\/6oJff84ompIFovFazz0XxpeMLSFfy0fM13Dwa0jmXDWWVzIOdImToKp4Z0pZnGYI7\/VqD5j6dUdPoOVj32xb7u4mOusI2lcckjvrKObeKwfwI2wbwRn4VmbHCyMk\/GQ+OSk8PErEmJEZM5q\/Z\/HUP7CMpR7CFQN6YmWmgeymOtsJL3R57bww6e4YUO7Wu+z\/scw3prw39XnkR1jpFdJop83GIHAPH5lx8RzpNdhwSWF9FzaedJQxoQH9o9OYjjtGCqiNCLPdx7xdXgiUTWkuLICpeZ+LOY6WjKnW9OO5uvsEad5\/dtF+O0BpHFiOpa\/I3kbEiVGGLXkPldYGglUkn7xXhpS19OQCRn\/3guLNw8uDJ9vh0Yuc106ctzNsMjpdNvRed6K9DRiYMuBVg\/DlCPEdl7hcXY3YmDTfpSnRN+HOr+egenfEtvnJtCQVqrUPOAlCD3EFRaLkKzT3751GMnde6TX33ua4dySg3QWSzGZ82E7Sq77dhTzGbq5fh6TSPuhQWrle8h62IpKUUqeh8oLbuyuLfBK5Y3Fx8Q8FIuS6Sr0PndYUeYknVUHvenM\/m0DprKPoWQTi15yjEg32TAedQNjQ9efetBeLcnFfYfaH7udGP3ciOc3smCC4FLzRDHVicqBn+LMa3HdIv\/Jg8yPT42k4lDITSDjwL1W1NnMOLYz5K4ccWPphnZPNGTy29Hq26GGDpnO9iI9gxtRRDbkkuHmRfSo7CG+YMTX4xqU5CXWiCjckOKCBqZME+xn9korApZ9yLSaIGX3yqtY1xWPRatKSON2uQvrXi3y34Y6QfChHYcTB3iPxOHEAW5IHE4c4IbE4cQBbkgcThx4wgxJqYBd\/XJ0kWXxfL6YbQAiYUPrzjoMRHPxWPK+zCTMkMJKq2P0qr30UAN8wj2fy3zdicripZFi+zCh5PIxmKPZoD6ReY8zfGgXiifa87kPx4gNz2c60DsW1z\/gPJWoGlJcpeZhUPPkLUqfx5SbXbwZmwRdSSxy9Cfa8zmDytK\/TEfJaznQjIz7rwhXEqpHVQwhY5enK4fcUt4cd33exvf+SeH9XJn3uKcjvqgaUkVFhVcVS\/+l4bhCWnfLH6ew7Q9Mh3TpMDb1nUKn4gEePnMBMzlss4umLIz9sd2rv\/eMWHDym3ycuUziOk4jXzOEXnlVuB8ecp1TcHo3zahB2q1Tqpt+pGalYeRqoNLfif6rBuSkKRaykuFR\/SUdyv+7W9Qv9Z3bDdcpi+joWbfjBLnXIaQXnyFxJ5BLV2jPO9D5p14k7ZPy3HeuHJq\/kQqWZSK3LOhy5eN09yBO7AgY\/0RRXjJhfSjJ3CE9bmYGtNRH1LohDC9CA2I9e5E0LqfFsu1r2EbqqAqVF2aR83+lMmkr06D54mhoY3VcROOAAQc+6sPg1Q5UaJvR7PXtGxuLSsciUTWkxUnN2WYfpCXwO2gLzc6IxpO3\/qVyFGxmq5dF6bMNE2LLHkGCroR7Pg\/Ag9HPNDCnSNcxZm2EbWThlhS7PF1JOsr3ynUoSdVdX8QirPCxuHQsDlVDWpzUPB2HLpFWk7acyoO20OwMkQievA0\/8n8YnvE+YBEk6Eq453N\/3MMYS1I0CBvSkfx5\/4IfsJjl6UoMGyUjkiFpClWF0bCodCwSVUOKq9Q8FGSo0vjOEDa+elrah40YWke1n5mpEFmCrmQhMnLqW9QwxB6wR1b0Iid48xZVmXxoiv4SkA5yBA3jQrGo8vLhHhlA6+mXFcb8MplfDmA4xBCREx2qhpRwqfmiPHlHkKAr4Z7PFbhw7boRHzBD9B4fmRE8JyTQzUm+n\/UrOyrdXnJWSjrCoGpICScWT95BRJCgK+Gez318fQ1DhvRgacGGF7HNMRz8NyWdAaaxLu8bTM80GVqe6ZQCS8lKSUcYlteQYvDkHQp1CbqSRcjInzDP5\/arAzBtDbVHgw6\/3GIL8TclI4p+n4Khg8w7+R9HkLK7iMUtJSslHaHheiQOJw4sb4\/E4TwhcEPicOIANyQOJw5wQ+Jw4gA3JA4nDnBD4nDiADckDicOPGGG9GRJzZ8uz+dUW9YMaxQrPKj2qPkO0yo9tKK92xH78q84kzBDWt1S8+UxwPgZjgfDp+nqB\/\/DcptFR\/J8vgy4B4kRmUqQwVZ4eBRiv8I3\/AV5Mw+TYFg\/B2jXQbM+AwUbemHxOpxeHvjQ7onEjZnpAI+J5Kh4gcZF8ny+DHhG0XorBSWyv6OpTtRdTEIFFftRz+2vb0RvTbvk\/sVjg\/W7LKR+OQZtfjqocEKTUgLT561x3vI4NlQN6amVmkfAebURlTvJdbxevKXvxR5l2T2fU5yYXrMx9NrAiJ7P6YhhGI4rLI+yV\/JIHt\/vEGNQ5I2m031H0au83Q779+wHAbivXwX+I927st7Wa4P5d2YY2BfazQXYnTImuX\/RmFC+LxW6tHKf4dG1lJke9F5fxsaArrULx68W7NU8hEdqGaXn7bmbQkN5k3BzhnmqnpsUuo9WeT1gUy\/bpeUnhY4vmKdx0ct2izAhhQR1b+dKD+bx8nwu3bPqwjjz4j0nPPiUhqUUrRjP549vCk3e+wYQyfM5jS8qFU5+PCl5JX\/8gNRJqbD\/dUU9fHtDaCrxeZ2n6Sx+ndSj7PmcprNiv1CrrJuuamF\/1wPpBD9I3bzfINxg16LhB7bJgLTPkrIidULTE47Za8Jx5p19OVDtkZ5aqXlYXOjv06Gi2MS8eGug37obWbes3jnVivB8\/sgF5zcDaGCbfogbgdxRa63JXEPp+fxnJajw9lh65O5Kh+c\/dvvq4dl0mH\/thEPRO+a8TupRlnTTdD7zU+TsU9ZNDvRfhnop4ID90SZv70MKBvqfG8Qhm4zndivGyDVNgdIPJVoDTI+cCZGRR4OqIQVKywPD6qxiqXlYnJi62oy9VP7gvdbLODUiX2iFeD6nRvaXY6hpkjb96P5LPqZP1Ef\/IiNZ75\/OfwGS1q5jAYkkUi3TXlGlATq\/aqLp1GCdMq3aJCRNz4QYenvgJkM+8ovQTPfgZJcRr+6ItAFaQGOwxKga0tMuNQ9J2iF0BF5nsCKqTQyXxfM5QZOcjopKPYbGwr1bjuD5fLkgRlR3Fih\/2wy9Wm+0AlA1pKdeah6EDsmee5gIM2lWZck8n5NR5FAjWqmIMBSRPJ8vORpo14rNoj\/TVpy6AFTU5kZpRFSGro26YY03qoaUcFaB1NwfPbbvnEX98U4yrpe+8UyPov2KLbKRLpnnc2LuP9sE2wVfGqmhdHZMIM1Ex18RPJ8vOXoY1tyDQ1mA7lE0X5jB7spojYhAynMq2ei3cedSsryGtGKl5uE8n5MrZdbgg6wpNOxhkuc\/22BMM0XREpI0LInncwIp15pXPWh9g71sIPfyFB9HwQYpWt3z+VKjRerWWYzdZUGCa+giWrsbUUb\/rKGsA5U\/5HtujcCT8vyy9Uhcar6ccM\/nEnQH2bMelP\/O97ek2HDD+l4rtFUVSF0mS1reHumpgns+D4smFUU\/G0Lr7YXNYj2322FLK1k2I6LwHmkpcY2i9XQj2occ8Kw3IbeyBgdC7Nz6dEJXqbTCmVWODLpHerQ8tKL5qh4lxcZlG9ZRuCFxOHGAD+04nDjADYnDiQPckDicOMANicOJA6vekOKnKg0kBu\/by0ncPJkvIavIW3m0JNSQ\/ER7OwpR+W4nbMu1PDci\/r5aY\/K+HTMeSTgnit6ozKES9Zdt0pIdkcC0JBhijJn7O8NLEB6RB1\/pAzcCERu3VeStPFoSZ0h05e4f72DT6y2SA67uNtRku9B0sHlZJcErAVdfHertaahpoVLqQfR9dBxF862oagvhn2iJMGFE9AMVCuobyp7MApyQqBrSwqXmHoxevIq0ukPIlcVgVAS3pRw1LzkwKjtBZrJme9uboh6Jbs4RyWu3c1AhgW4ZVXjAJg8olabLG3wwlK1j2GvTFjmzEu0jp1DI0kGuFrQJiigx90qnWzHq7TKkHiS8d25\/nF8C+S+nQy+7ZdToYCysQM6nVthCpMVx6QhaAx5yR0fwdyJhPaYTwqSH8vxLZjg+CeGoeN6OgZE07M5kYUZoGXloybxYB2NWnKLrE8WeNqDH9duMhW4ZsPy7AsUM\/YNsOKi0nJ4iHzQcHePCuQomXVaDypp\/s0do8sqv1aXngqNDqDraIUzIkuZbLcL+3\/jk2VSa3nRL+izjlW9HujZJc9PhboGlhOAvOZ\/9x3Fhz4l+YZL9XLx3eYswIcqfyW+LSoWq\/5Kl1bPCTUupcPwfIcXeYjqr\/z4hydVDEpCW+x1C9XlZYE+ZFDoOs3vfahKqe9mZj6lk\/KTQ72CJ\/HZCDF+j5aUmTSfXaLo1J9xsPC70s7KVmfusQTg+MOsvgyf1UKssiy9o2CdtD5bMbxdy3yH15i0OZf4CJfh0GwAS\/oxdfJWg2iMtRmruWaeBv6YyDGlFKPHKr9Wl5\/ahAaSUKbxUv1CC8jzpc0Ri8AgejAvXrjyDcuWGHOTeNf9rGL2fy21n9N65dTuOoWJtL6p\/W4a6051kSMW894VjQzrSxgZgk8+ZGsXIL0J43VPzmK4mTac81iD11wYM+I0A3LBeAXK2+a8Mp5uTZOzz35wkX9ur4nUwCUXUu3ioBeYPr6H32QpUeJ8BPdJfLiKjh9Blt1JRNaRAaXlgOHqkLl9eDu\/3lilQ1qwiPffMroM+YB2WT3oeBQv2CO7EFH6On\/p5yAb0pnTMutjbk5i8c2tg2HEAZ\/76AQ6+ZMDcp82oLK5D51fhBjR6bM+bgZWJ9Ryfj8CUFux1L6LHdBUctEXZbEbaCJkPyed\/3Y8BQ07AYlAXJr8aQL24i5LvePOSmu\/cQCm6gukpwPhj\/7Jab8ahXaG8Cq5cVA1p4VJzDbSzLsywEJ3KVsiy7L+ouCuMID2fm9dSdfnCiJNHcD88nsUpXsm8UbcxFbmv1eCDv+Zj+v1Of+WqAu2WdMz8g85hyBxzxIT0TSwigAV7TBchBps9jQHm\/tJ+dQRpWaEe6OA98wYHTyA3lsWmTxiqhrRwqbkRqb8YwECsy+IjSM\/X\/dAJh5oLe\/Ibf0\/XdIMU9nFRsnY9Nq4Jlpg77aPQ62IVxJHeuaon+FWz9sfY+K+u8Ib5bAbMGML43VGMpWWQEg5mUR7TGdpt+dAOWuEmDU+vw4ztTAzoQwv9BjsmSEcSF5I3Eoud9H+54Lahcyjsy\/gViaohLQbTSyVw1JDhyl2Xd\/zvcZGhB2lVk7RhupUI0nNjphlj5zv94lsvS58pun8zYfRyv\/S2TJSeW2CR46OQtWuc02HetOnwYvYsmv884JVE0983fpyOnC2xdpFGZLzQhfoPR+GUDVP0bN6MLq3JK5UOTguZw2zV4MJZG1K2hBZUR\/SYHjJvAawxwmwcQ+uHvcCODP9htwhJR04KumoafdqqR3b0XBr2vYWLRTK\/\/kXkPCL1pJTgf9iAqbXLs4PEQkmYIdFx7om\/7ob7QpXkvZvKst9pxczW93AoYPLqJZL0fEMBDmVP+cWbdyn0PJuKUPOLIVQyOXn9SAp272JxEWXtJphfsqGapPVIn2IOx6AS82NbbDj5ivTKt\/S8G7tPlgRP+COigansNA7qh3Dqf7P5TGElWh0pqHlLfnBDp0WTkgbjdyakkkY8JGoe09Wk6QHoM1PgHDQgJyVMI7GpBGeOJKP3cKGY\/ryjxOi2pJLmRiImyTzJccZbNdg0UivNXXfVY8RYg4qYG6jlheuRVhN3W3HkC9JA7eRiwJVG4nokTnyZd6Ln\/BjStnAjWolwQ1oN0NUOeZUYyzzk3QmIs7LgQzsOJw7wHonDiQPckDicOMANicOJA9yQOJw4sOoN6amXmnNWBAk1JC41XyTzHrimRtHT1oi60roENRiceJA4Q+JS80XjunoSJ3ud0G8tR\/5WXmgrGVVD4lLz+EnNXWOtLI55NFdqj8IsJtVl1+DEvlykbtSGcA0p3dPmva7sYd0Nm+zpXfZILv+ClsUivI9zVKB\/kA0HlZbTU+SDhqODS839pObU4\/bhNq\/Ues55TWioYL+1tQi5R\/sV9w1NoHxbumexsN9yk3lYl+65v6JWaPj0geSRnOSx4\/B+bx4X532co4Zqj8Sl5jKLlJpTAaBO793sRJOcgQP\/r0CSTPy8BN3vmr0rp2MjBwf3pjIP69I9nzHmoGKrXtJckTxu36HH1H1f77dw7+McNVQNKVBaHhiOnqdcaq7LQMXPrCgtLMTe2kZ0XnfArdF6BYYLxqBDkvIa9J5r1\/nuS9AmJcEpp3FR3sc5aqgaEpeaRyBqqTlp6XfWoKOjDe\/t3QbNrUaU1kaj1eGsFlQNiUvNZRYpNfe4JcWqvEfDvvdRs2EAN\/jr7CcGVUNaDFxqruCrTlS96\/stHg5jaIzMmdhcJSoJOGdFkzBD4lJzBZtLULNV\/m0m8t4Zwabfk0k\/tcE7rcjjw7xVD9cjcThxIHE9EofzFMENicOJA9yQOJw4wA2Jw4kD3JA4nDjADYnDiQPckDicOLAqDSlR8nLX1TrktTwhvrZvr0Jv56uYhBmS7SxdQaA4dpahrmUUrhW8HEaXdQzdpUvga3vehdGWOpSJzrqyUfhGIwbU1hByVjwJ7JECnFFdOo0S7UVUL6Pn7pWBG9Z396Dr2RKc6aBl04e236fB9s4RDPBFrKsWVUNauNQ8BKLn7nJkfGL1yrep\/LquVHJtEuSBGx44rjBZuSij7oEjpATaQ3q\/N2EZY6tRmYdsUWrtlV9LUSLTVjTup\/dkcvGriiGQYjgkytbHnLB6vW2\/GZQ+uyzpFj1xD6PzbYU0PVzPe68T7boa1Ow0SoI8giY5HQcOmdDZxxqZwB7LT\/4tScxHB09hL7m3N+2B+fpG+pqzRNC1duGg0nJ6inzQcLSMW3wybR+TQkcF86x9n8rGu4XJ78QIQfj2ptBU3iDclKXcVNrdeEOYEWXUc8KDTxtI+KZAo32y6zlh4kKVUNsrS6OpZ+49QtNnM5LUmkqnP64WqmTp9OMJoaW8WuiwM833t+NCS8WLPq\/gCg\/hVLZeWn5S6PiCnXu\/W6guaRFk3+KB6Zv85LhQ\/CLLs4oHcVEOP8oCSh5PCte6xkXP4A+6qoTqjyelPBBmP2vy5l2UmP8mV6hVekWn3swPknzJaaX5en27L1+chKNqSEojko9oCTKkx7PCxN\/Jw2kZZw9EMD4DmRG6j\/qMSmJG6D\/VJj7I8nkPemsVRhQGui8EuaeI7ZxQ6udmnzCqcK8fYEiBD+LN\/\/Klr\/9obYAr\/QdC98FQjYc\/45YXg\/aViIxyPwm6V4O8VwTD3iLsV8sXJ+GoDu0CpeWBYXXaUal82UC90n2TjxN7TV4ptPtOJ+rlXX3IUdnGIqi0e34Tfuwn9dHB\/FYR853qwdTfj6Dsogkl2QH+guadGD4rD4vIsesUZEG5674dqZsD3Eb+C\/s3BIYf+e+k4JO1O+H4NsW7d4QElW2zj4uF7gR0uZ7tWETzUUlKU0GgxPx7N9YlB7iKVMkXJ\/6oGtLCpeaUdBy6pHjZcPk8jtFNNuQH4OtO1FlcyDnSJu17R44zxSwuIuMYX1eOtn3TaL6i3K7Lg9EzdRgylOC0fO9Lh0hKfGgWrFUPYJ1mQXajN5DUPGYBJfMOWC\/bROm6s7sOTTM5qGnpY+V3BioCffF62njli7MgVA1p4VLzyLhujcD4WjlSN\/gegDnvBF2Sdk\/6KcFpK21l3sBTkZNthC6tAiX3T8HilbTbMfJVPl7dQeLky5JryrFUQTt+Ox5vDQ0wakdge8SCMaAzkjSM2Lxp8nLPina3Blq4MHrdiPKyVO+uQ5ifYx\/CsE4L55SyQeEsNQl8\/a2O7kcGDA9apb8rybLwbimODuOotNtydlgR34wGhxb+AxgNTMQYNeebYRPfahED1AzBeo+9wXtkR+dZC7yC8p+kI93ajE5l\/N86pc8xoUXqNg3azyvT14qLI1KsiLdRCGBTLgqmalF\/2Q43O8czPYzGUzYUkMaB5v3HPxnGkNLLN8mDaio3mWEei0e+OAtl2QwJL5SjRt+LPUwW3ngvDQcrgan7UrQ28zBqjCOoLSTxWYWoH9mEmr2pwcMpjQnlb21E658GyEOtQ25VDqbfLxbnFtTbtqasBkV3J6WejHr9rs\/BlBifjcKaAeizCsTLxApN3+HnuqT0F+5F88M05KSxSFUP4mSud\/wc8h81o5T+lqSj+M9jSPvDCZjZVmMmkubkK3vEuWP2K42wbz2IA5jCZDjjJA1IQbWcL5bvrCLyLWepeOql5p6RRtQ9KsGJ7MXulu9A5\/4B\/LSpHEuwNoKzwli+HmlZcMH6USfs8tzm4TAsH8ySniR2I\/Lc6UTrdae0Q9K8G\/YOC3r\/PYMb0VPKU9cj0Y30Le83o+e2C5qNGSj5PRn6bV7AGy+6+uCjBjT+3QqHRwdT9kHU\/C7D91aS81TBdxHicOLAUza043ASAzckDicOcEPicOIANyQOZ9EA\/x+X8R4\/ukqnUgAAAABJRU5ErkJggg==\" alt=\"\"><\/p>","protected":false},"excerpt":{"rendered":"<p>Tegund:&nbsp;K53M-300-S DS06214<\/p>","protected":false},"featured_media":63957,"comment_status":"closed","ping_status":"closed","template":"","meta":[],"product_brand":[],"product_cat":[590,515,1073],"product_tag":[],"class_list":{"0":"post-63007","1":"product","2":"type-product","3":"status-publish","4":"has-post-thumbnail","6":"product_cat-maelitaeki","7":"product_cat-verkfaeralausnir","8":"product_cat-vinklar","10":"first","11":"instock","12":"taxable","13":"shipping-taxable","14":"purchasable","15":"product-type-simple"},"yoast_head":"<!-- This site is optimized with the Yoast SEO plugin v27.3 - https:\/\/yoast.com\/product\/yoast-seo-wordpress\/ -->\n<title>STARRETT Sm\u00ed\u00f0avinkill DS06214 - V\u00e9lar &amp; Verkf\u00e6ri<\/title>\n<meta name=\"robots\" content=\"index, follow, max-snippet:-1, max-image-preview:large, max-video-preview:-1\" \/>\n<link rel=\"canonical\" href=\"https:\/\/velarogverkfaeri.is\/en\/verkfaeralausnir\/maelitaeki\/vinklar\/product\/starrett-smidavinkill-3\/\" \/>\n<meta property=\"og:locale\" content=\"en_US\" \/>\n<meta property=\"og:type\" content=\"article\" \/>\n<meta property=\"og:title\" content=\"STARRETT Sm\u00ed\u00f0avinkill DS06214 - V\u00e9lar &amp; Verkf\u00e6ri\" \/>\n<meta property=\"og:description\" content=\"Tegund:&nbsp;K53M-300-S DS06214\" \/>\n<meta property=\"og:url\" content=\"https:\/\/velarogverkfaeri.is\/en\/verkfaeralausnir\/maelitaeki\/vinklar\/product\/starrett-smidavinkill-3\/\" \/>\n<meta property=\"og:site_name\" content=\"V\u00e9lar &amp; Verkf\u00e6ri\" \/>\n<meta property=\"article:publisher\" content=\"https:\/\/www.facebook.com\/VelarOgVerkfaeri\" \/>\n<meta property=\"article:modified_time\" content=\"2025-10-23T13:16:30+00:00\" \/>\n<meta property=\"og:image\" content=\"https:\/\/velarogverkfaeri.is\/wp-content\/uploads\/2024\/08\/7ad4f3fb-148a-4b45-96ca-ab080b5318a1.jpg\" \/>\n\t<meta property=\"og:image:width\" content=\"2284\" \/>\n\t<meta property=\"og:image:height\" content=\"2560\" \/>\n\t<meta property=\"og:image:type\" content=\"image\/jpeg\" \/>\n<meta name=\"twitter:card\" content=\"summary_large_image\" \/>\n<script type=\"application\/ld+json\" class=\"yoast-schema-graph\">{\"@context\":\"https:\\\/\\\/schema.org\",\"@graph\":[{\"@type\":\"WebPage\",\"@id\":\"https:\\\/\\\/velarogverkfaeri.is\\\/verkfaeralausnir\\\/maelitaeki\\\/vinklar\\\/product\\\/starrett-smidavinkill-3\\\/\",\"url\":\"https:\\\/\\\/velarogverkfaeri.is\\\/verkfaeralausnir\\\/maelitaeki\\\/vinklar\\\/product\\\/starrett-smidavinkill-3\\\/\",\"name\":\"STARRETT Sm\u00ed\u00f0avinkill DS06214 - V\u00e9lar &amp; Verkf\u00e6ri\",\"isPartOf\":{\"@id\":\"https:\\\/\\\/velarogverkfaeri.is\\\/en\\\/#website\"},\"primaryImageOfPage\":{\"@id\":\"https:\\\/\\\/velarogverkfaeri.is\\\/verkfaeralausnir\\\/maelitaeki\\\/vinklar\\\/product\\\/starrett-smidavinkill-3\\\/#primaryimage\"},\"image\":{\"@id\":\"https:\\\/\\\/velarogverkfaeri.is\\\/verkfaeralausnir\\\/maelitaeki\\\/vinklar\\\/product\\\/starrett-smidavinkill-3\\\/#primaryimage\"},\"thumbnailUrl\":\"https:\\\/\\\/velarogverkfaeri.is\\\/wp-content\\\/uploads\\\/2024\\\/08\\\/7ad4f3fb-148a-4b45-96ca-ab080b5318a1.jpg\",\"datePublished\":\"2024-08-03T14:42:51+00:00\",\"dateModified\":\"2025-10-23T13:16:30+00:00\",\"breadcrumb\":{\"@id\":\"https:\\\/\\\/velarogverkfaeri.is\\\/verkfaeralausnir\\\/maelitaeki\\\/vinklar\\\/product\\\/starrett-smidavinkill-3\\\/#breadcrumb\"},\"inLanguage\":\"en-US\",\"potentialAction\":[{\"@type\":\"ReadAction\",\"target\":[\"https:\\\/\\\/velarogverkfaeri.is\\\/verkfaeralausnir\\\/maelitaeki\\\/vinklar\\\/product\\\/starrett-smidavinkill-3\\\/\"]}]},{\"@type\":\"ImageObject\",\"inLanguage\":\"en-US\",\"@id\":\"https:\\\/\\\/velarogverkfaeri.is\\\/verkfaeralausnir\\\/maelitaeki\\\/vinklar\\\/product\\\/starrett-smidavinkill-3\\\/#primaryimage\",\"url\":\"https:\\\/\\\/velarogverkfaeri.is\\\/wp-content\\\/uploads\\\/2024\\\/08\\\/7ad4f3fb-148a-4b45-96ca-ab080b5318a1.jpg\",\"contentUrl\":\"https:\\\/\\\/velarogverkfaeri.is\\\/wp-content\\\/uploads\\\/2024\\\/08\\\/7ad4f3fb-148a-4b45-96ca-ab080b5318a1.jpg\",\"width\":2284,\"height\":2560},{\"@type\":\"BreadcrumbList\",\"@id\":\"https:\\\/\\\/velarogverkfaeri.is\\\/verkfaeralausnir\\\/maelitaeki\\\/vinklar\\\/product\\\/starrett-smidavinkill-3\\\/#breadcrumb\",\"itemListElement\":[{\"@type\":\"ListItem\",\"position\":1,\"name\":\"Home\",\"item\":\"https:\\\/\\\/velarogverkfaeri.is\\\/\"},{\"@type\":\"ListItem\",\"position\":2,\"name\":\"Vefverslun\",\"item\":\"https:\\\/\\\/velarogverkfaeri.is\\\/vefverslun\\\/\"},{\"@type\":\"ListItem\",\"position\":3,\"name\":\"STARRETT Sm\u00ed\u00f0avinkill DS06214\"}]},{\"@type\":\"WebSite\",\"@id\":\"https:\\\/\\\/velarogverkfaeri.is\\\/en\\\/#website\",\"url\":\"https:\\\/\\\/velarogverkfaeri.is\\\/en\\\/\",\"name\":\"V\u00e9lar & Verkf\u00e6ri\",\"description\":\"Umbo\u00f0s- og heildverslun fr\u00e1 \u00e1rinu 1919\",\"publisher\":{\"@id\":\"https:\\\/\\\/velarogverkfaeri.is\\\/en\\\/#organization\"},\"potentialAction\":[{\"@type\":\"SearchAction\",\"target\":{\"@type\":\"EntryPoint\",\"urlTemplate\":\"https:\\\/\\\/velarogverkfaeri.is\\\/en\\\/?s={search_term_string}\"},\"query-input\":{\"@type\":\"PropertyValueSpecification\",\"valueRequired\":true,\"valueName\":\"search_term_string\"}}],\"inLanguage\":\"en-US\"},{\"@type\":\"Organization\",\"@id\":\"https:\\\/\\\/velarogverkfaeri.is\\\/en\\\/#organization\",\"name\":\"V\u00e9lar & Verkf\u00e6ri\",\"url\":\"https:\\\/\\\/velarogverkfaeri.is\\\/en\\\/\",\"logo\":{\"@type\":\"ImageObject\",\"inLanguage\":\"en-US\",\"@id\":\"https:\\\/\\\/velarogverkfaeri.is\\\/en\\\/#\\\/schema\\\/logo\\\/image\\\/\",\"url\":\"https:\\\/\\\/velarogverkfaeri.is\\\/wp-content\\\/uploads\\\/2021\\\/10\\\/vv_logo_350x100.png\",\"contentUrl\":\"https:\\\/\\\/velarogverkfaeri.is\\\/wp-content\\\/uploads\\\/2021\\\/10\\\/vv_logo_350x100.png\",\"width\":350,\"height\":100,\"caption\":\"V\u00e9lar & Verkf\u00e6ri\"},\"image\":{\"@id\":\"https:\\\/\\\/velarogverkfaeri.is\\\/en\\\/#\\\/schema\\\/logo\\\/image\\\/\"},\"sameAs\":[\"https:\\\/\\\/www.facebook.com\\\/VelarOgVerkfaeri\"]}]}<\/script>\n<!-- \/ Yoast SEO plugin. -->","yoast_head_json":{"title":"STARRETT Sm\u00ed\u00f0avinkill DS06214 - V\u00e9lar &amp; Verkf\u00e6ri","robots":{"index":"index","follow":"follow","max-snippet":"max-snippet:-1","max-image-preview":"max-image-preview:large","max-video-preview":"max-video-preview:-1"},"canonical":"https:\/\/velarogverkfaeri.is\/en\/verkfaeralausnir\/maelitaeki\/vinklar\/product\/starrett-smidavinkill-3\/","og_locale":"en_US","og_type":"article","og_title":"STARRETT Sm\u00ed\u00f0avinkill DS06214 - V\u00e9lar &amp; Verkf\u00e6ri","og_description":"Tegund:&nbsp;K53M-300-S DS06214","og_url":"https:\/\/velarogverkfaeri.is\/en\/verkfaeralausnir\/maelitaeki\/vinklar\/product\/starrett-smidavinkill-3\/","og_site_name":"V\u00e9lar &amp; Verkf\u00e6ri","article_publisher":"https:\/\/www.facebook.com\/VelarOgVerkfaeri","article_modified_time":"2025-10-23T13:16:30+00:00","og_image":[{"width":2284,"height":2560,"url":"https:\/\/velarogverkfaeri.is\/wp-content\/uploads\/2024\/08\/7ad4f3fb-148a-4b45-96ca-ab080b5318a1.jpg","type":"image\/jpeg"}],"twitter_card":"summary_large_image","schema":{"@context":"https:\/\/schema.org","@graph":[{"@type":"WebPage","@id":"https:\/\/velarogverkfaeri.is\/verkfaeralausnir\/maelitaeki\/vinklar\/product\/starrett-smidavinkill-3\/","url":"https:\/\/velarogverkfaeri.is\/verkfaeralausnir\/maelitaeki\/vinklar\/product\/starrett-smidavinkill-3\/","name":"STARRETT Sm\u00ed\u00f0avinkill DS06214 - V\u00e9lar &amp; Verkf\u00e6ri","isPartOf":{"@id":"https:\/\/velarogverkfaeri.is\/en\/#website"},"primaryImageOfPage":{"@id":"https:\/\/velarogverkfaeri.is\/verkfaeralausnir\/maelitaeki\/vinklar\/product\/starrett-smidavinkill-3\/#primaryimage"},"image":{"@id":"https:\/\/velarogverkfaeri.is\/verkfaeralausnir\/maelitaeki\/vinklar\/product\/starrett-smidavinkill-3\/#primaryimage"},"thumbnailUrl":"https:\/\/velarogverkfaeri.is\/wp-content\/uploads\/2024\/08\/7ad4f3fb-148a-4b45-96ca-ab080b5318a1.jpg","datePublished":"2024-08-03T14:42:51+00:00","dateModified":"2025-10-23T13:16:30+00:00","breadcrumb":{"@id":"https:\/\/velarogverkfaeri.is\/verkfaeralausnir\/maelitaeki\/vinklar\/product\/starrett-smidavinkill-3\/#breadcrumb"},"inLanguage":"en-US","potentialAction":[{"@type":"ReadAction","target":["https:\/\/velarogverkfaeri.is\/verkfaeralausnir\/maelitaeki\/vinklar\/product\/starrett-smidavinkill-3\/"]}]},{"@type":"ImageObject","inLanguage":"en-US","@id":"https:\/\/velarogverkfaeri.is\/verkfaeralausnir\/maelitaeki\/vinklar\/product\/starrett-smidavinkill-3\/#primaryimage","url":"https:\/\/velarogverkfaeri.is\/wp-content\/uploads\/2024\/08\/7ad4f3fb-148a-4b45-96ca-ab080b5318a1.jpg","contentUrl":"https:\/\/velarogverkfaeri.is\/wp-content\/uploads\/2024\/08\/7ad4f3fb-148a-4b45-96ca-ab080b5318a1.jpg","width":2284,"height":2560},{"@type":"BreadcrumbList","@id":"https:\/\/velarogverkfaeri.is\/verkfaeralausnir\/maelitaeki\/vinklar\/product\/starrett-smidavinkill-3\/#breadcrumb","itemListElement":[{"@type":"ListItem","position":1,"name":"Home","item":"https:\/\/velarogverkfaeri.is\/"},{"@type":"ListItem","position":2,"name":"Vefverslun","item":"https:\/\/velarogverkfaeri.is\/vefverslun\/"},{"@type":"ListItem","position":3,"name":"STARRETT Sm\u00ed\u00f0avinkill DS06214"}]},{"@type":"WebSite","@id":"https:\/\/velarogverkfaeri.is\/en\/#website","url":"https:\/\/velarogverkfaeri.is\/en\/","name":"V\u00e9lar & Verkf\u00e6ri","description":"Umbo\u00f0s- og heildverslun fr\u00e1 \u00e1rinu 1919","publisher":{"@id":"https:\/\/velarogverkfaeri.is\/en\/#organization"},"potentialAction":[{"@type":"SearchAction","target":{"@type":"EntryPoint","urlTemplate":"https:\/\/velarogverkfaeri.is\/en\/?s={search_term_string}"},"query-input":{"@type":"PropertyValueSpecification","valueRequired":true,"valueName":"search_term_string"}}],"inLanguage":"en-US"},{"@type":"Organization","@id":"https:\/\/velarogverkfaeri.is\/en\/#organization","name":"V\u00e9lar & Verkf\u00e6ri","url":"https:\/\/velarogverkfaeri.is\/en\/","logo":{"@type":"ImageObject","inLanguage":"en-US","@id":"https:\/\/velarogverkfaeri.is\/en\/#\/schema\/logo\/image\/","url":"https:\/\/velarogverkfaeri.is\/wp-content\/uploads\/2021\/10\/vv_logo_350x100.png","contentUrl":"https:\/\/velarogverkfaeri.is\/wp-content\/uploads\/2021\/10\/vv_logo_350x100.png","width":350,"height":100,"caption":"V\u00e9lar & Verkf\u00e6ri"},"image":{"@id":"https:\/\/velarogverkfaeri.is\/en\/#\/schema\/logo\/image\/"},"sameAs":["https:\/\/www.facebook.com\/VelarOgVerkfaeri"]}]}},"_links":{"self":[{"href":"https:\/\/velarogverkfaeri.is\/en\/wp-json\/wp\/v2\/product\/63007","targetHints":{"allow":["GET"]}}],"collection":[{"href":"https:\/\/velarogverkfaeri.is\/en\/wp-json\/wp\/v2\/product"}],"about":[{"href":"https:\/\/velarogverkfaeri.is\/en\/wp-json\/wp\/v2\/types\/product"}],"replies":[{"embeddable":true,"href":"https:\/\/velarogverkfaeri.is\/en\/wp-json\/wp\/v2\/comments?post=63007"}],"wp:featuredmedia":[{"embeddable":true,"href":"https:\/\/velarogverkfaeri.is\/en\/wp-json\/wp\/v2\/media\/63957"}],"wp:attachment":[{"href":"https:\/\/velarogverkfaeri.is\/en\/wp-json\/wp\/v2\/media?parent=63007"}],"wp:term":[{"taxonomy":"product_brand","embeddable":true,"href":"https:\/\/velarogverkfaeri.is\/en\/wp-json\/wp\/v2\/product_brand?post=63007"},{"taxonomy":"product_cat","embeddable":true,"href":"https:\/\/velarogverkfaeri.is\/en\/wp-json\/wp\/v2\/product_cat?post=63007"},{"taxonomy":"product_tag","embeddable":true,"href":"https:\/\/velarogverkfaeri.is\/en\/wp-json\/wp\/v2\/product_tag?post=63007"}],"curies":[{"name":"wp","href":"https:\/\/api.w.org\/{rel}","templated":true}]}}