{"id":63005,"date":"2024-08-03T14:42:51","date_gmt":"2024-08-03T14:42:51","guid":{"rendered":"https:\/\/velarogverkfaeri.is\/?post_type=product&#038;p=63005"},"modified":"2025-10-23T13:16:28","modified_gmt":"2025-10-23T13:16:28","slug":"starrett-smidavinkill","status":"publish","type":"product","link":"https:\/\/velarogverkfaeri.is\/en\/verkfaeralausnir\/maelitaeki\/vinklar\/product\/starrett-smidavinkill\/","title":{"rendered":"STARRETT Sm\u00ed\u00f0avinkill DS0620"},"content":{"rendered":"<p>L\u00e9ttur sm\u00ed\u00f0avinkill til a\u00f0 leggja \u00fat 90 og 45 gr\u00e1\u00f0u skur\u00f0.&nbsp;<\/p>\n<p>\u00dar steyptu \u00e1li og ry\u00f0fr\u00edu st\u00e1li<\/p>\n<p><\/p>\n<p><img decoding=\"async\" src=\"data:image\/png;base64,iVBORw0KGgoAAAANSUhEUgAAAMkAAACDCAYAAAAnBT8PAAAAAXNSR0IArs4c6QAAAARnQU1BAACxjwv8YQUAAAAJcEhZcwAADsMAAA7DAcdvqGQAACXVSURBVHhe7Z0PTFRX3ve\/+\/pkGt+M6WaIDRM3zj5PnHVT2iYQE1iflfIEZFfgjUCj0FQgWzRvkXaVPhW0C\/RZZfe1sm+F3ZXxSUs3gk1FU8AUMAXMImyVSSskypjKmC1DrENqmNQwacNEcp9z7j135t75d2dgGFDPx1yZM2fm3vPn\/s6fO+d7fj8SCOBwOCH5X+wvh8MJQRyNxAZLTS9cLBQdLvTWWMgZHnFcg6jf2R5ZPm5acPjS4kprKdja8lB\/OZLrPiZ1EkBgvmJkJPTEGcjI8B15pfWwXHWy+JWCpisbzV96WDgQe9vLyDgdYVXf78XhSD8bDEMWjl4sQRILxoQfHOg9WYnCHbTcs1H4RgO6brlZJCHKNCeV9uBopoGFHh1clw7DcpMFYkwMe5IinBoawhA7ev5SgsSeenR8zaJXikQzJi8NQ3Hb+PCMoW8QMLLgo4cLg8cacCe1Fud6aLn349zvi4CzVWi\/wz7CWTIqI5mYmMC2bdvwox\/9SPxLw4vmaTO2Zxoxbg\/edbvG21Ffmif2Otm7DqPjtrK198B+7rDUOu6sRPOlSfVNvuDEIGk982ivReOHwvRYa3NQYBrEwDcsrMA90ge8tBsmFqaEShdtqTJ2NWL0XCWJO4ze++Lb5CQ2dLxdiOyAfEjDy7GhRuwj+ZCGTuohp+frXjS\/IX03bD4W2BGAE\/aFfJRsNUK3RnpHZzCj4LUcjA7bQqY5XNkrW2TbafKdr+2+\/O1txPCMFBcM5+VmVO6kPVoeKk8OwymnecGFsTZWn2JcLxw\/RBDnh1he+33pbh+nJSmNYgrfHUXHG+QcivJ13+rA4V3Z5POkh327A3bleUPWWxDo0y2ZX\/7yl\/RJl\/eg4ciYFXqqW4QJFhL5blLofOeEcOU7FiaxLdU95JOEu51C1ZEeYep7MYJ89rrQUt4kXJ+XgvOjTcLe5mvCPRp+OC9MDZ4QSl+Uzz8vXGuuEtpuzIkhYf6eFLZLQTUkXRZyTXK9mjOT7D2Ze0LnkTZh0tkj1FhYyjXSJXyr+Czl4ZSYxwEH+4AqzyS\/v84V6j6ZFOYeirEERRnMXxeayluE67NypqeEniNVQuddKSjcaBFq+sRPChNncoWaz6TXakj+jtQInXZWFsHwT7NGHmf7aoSWG9LrCUuxUPqfLcI1pxQ5N9YilB69IkhXU9c5rbOqsxNSXkmd3fuchqUyn\/v7MaHmPCsHGjfcJOxn9REuTs2k0FbRJFz5lgVJWZ+rrhMG2P2lTLeIo1OoOz4gTLF8zX1FwyztYest8F5W9ST\/+Mc\/2CsJ\/3B4OlBJW0T52NmAmbwKpD\/NopVsKMB7f8yFaS0LP52C9C1OOB\/QgBuj\/bMoKkuDUUeCa3QwZe7B7mQaR7g\/gMEfV6Dkeb0U1hmRtjsTNtJyBoW0ZvMbtiPL0YcxZWNxexDW1CyYWQssEjZdQbjVB9u2CmRtpAklkN6zYKcefVbWlj1dhJKdZuiV15DRpeDABxVIMbDv6kz4xTYdZuRmUAGdJxzPDjZPMCC3rgK6T2tQRuaAzRcHYZ8J0yJSosxjWlk50hKlNOqT87HbZYNDDClxYaDfgIriJCmvpM6MW3cj88awOAH2eNxISDT64rYdwMlCqf8OF6fGQ\/4lwigXAynromPVSGe3gT+2PhvSX8uCiRWvfnMB8vV9GKXlq1VvfqiMhPQc7JWEfzg86jnJUP9xJF8lk\/ebwSvNfasLDfJQgxyV51gEKYq5H0wwqozrKXITsZcz0xj8cJ\/PGOlRTIYUoe6N6WlShXqk7wD6RuRBmwdjnzmQlRE4GwmdrkBcdx1kTiB1\/96jqsM3NDIZkBDMQGS+GYWlrkwaNpKDDhmiZq0JuVWncOaDg8jfMI\/h98kk\/r+6Qg5ZKJHn0YSNzEAkFPWgwonpy63Yl6koh4yX0WiVKsVAbshNQ6XI27UP9Se7MDrthk4vnShcnJokFJS50FSYh7K3GtB6yUauqvcOM9W4MPX1IBrEoZ\/vePMCaTBJ3WjWmz+sRxG5efOmd8hF\/9JwZAQZblHmrgjHvN2z33Dr9Q+E63dZd0eYsNQIPWJXek\/oeYcMg8R3ZRTnVwxDtFF87yHprt\/pJGcnfDcgHGu+TgZuBOVwJGy6CH5Dl4AuXoUiv178h1snhJ6vZoV5NhxTnS+qfKqZ+6JF2P\/xlBQINtwKk0f1cEuRdxFlPStfB8trEL6fFaa+6BFa\/rMgcPgYLk4JGZLN3Z0UBj4+Juwt\/0CYYNlQ10WI+5ERvt4Cv6vqSZ577jmMjIxQwxH\/0vBy4LphhfnVcqRs8LUY1MIl1mHdGjscoYY4hkR4vpokfUGUrCFd6rY7GLxN2r2hQZh+lRLQKIZPVyD69UbY7YGDj4i4bYUjfw9yNxu8reH8QpS5umnBmz2Bk329aSPWfRf0eV7UeYwMAxI9dzAZasLtZvlaa4BpSy4q3q2F6fI1cYIdLk4FKRvxo2RIpt9gRlZxLY7m2zBM6jMQPYwb7JicZkE\/oq23GD4C9sPjxOiH7cC2FJJkNYafmDA6NAwXrRySeedVCyw9UhzNYNqOBHScGVXEt+O8VYoFmV\/kuxtQ32mHW47\/sgO9t7RvMP22TLg\/s6DbmoqszexNBeHTRVhDhhszTimeoEvOQXI3mQtcdcIjfscN+6UOadyrReJG6EaGYWf3svt2Fyzvj0kBf8RzSy9VbE5HUjcZenzJrk95YEfvh93Q\/5yN6\/3SrJnHRWHE9p1zaDjWBTtr3DwzY+ggQyJaK47OKjT0O7xpdFlHMLaBzEM04lS4h3HiYDtscuPptmP0KilGeY5CGhqnUy54HVJyktFd24xReY5Gy+UCuadobJT1FkMjUU\/cs19pgNVci+qMIDOr58tRa+zD3jzy2bxiNN9JxcFKMn24K0XrtlSg+pluVXw+mVNIkPnF2++TiXgTSuX4W2b8YnOwcawfZLKc9eNhODO3B\/9tRCNdMKQhf30HijOz0XqLhEnvVNJSjcRLh1FIx+OFNehDGpmMSx8Py\/pcHNgxg6ZXyPcy8lDTp0N5TRHsjsCewfZRHg4H+xVcl4TypoNIHGnEvkJ6ngzkvdGO6S2KcvdPs1YeF4k+oxbvZ06jaa\/0yLX4zzaYU5PE3tr8Si3SbCdQTK9J8lpn3YTafVJPHi5OxdNZqH5dh4432CPg37TCvasWBRukaENqPozni5Gxo1V8WIBNJTh1OBF91YVSuRzpA7akkD6PEGW98QWOHI4Gyzfc4nAeE7iRcDgacCPhcDTgRsLhaMCNhMPRgBsJh6MBNxIOR4M4GsmTLd8VtRmyBuVJZ8GJ4dNdsGkukiD1\/nYrbEzK7LndhfYQK3WXkxgZyWqW766MccXSKJxDPjFTWZ2feIjJdyUBWhnqz9nV69pcY2j3ios0BGpxwn7hLObyC5BEf1YXRVf1KBPzR+XHzT5h18IsXE+bYHwI6NfqoNtcgKz7rXFXXcawJ1ml8t1HHI+1GQ3TWXi3k5Tr5U4c3zGDE3+W5cge2M7UY8Rcjc7LJL7zJHK+PYETQ\/LiRtJIvNsMd2Eb+kmd9P\/tIDb216+stPebLnTrdiM3UQq6h5rQSu8dmr+hfrS9vhF9tR2iZsVzi+QzMwWT43oUpErLbIw78oGPFzsiWRwqI3ks5bvhCHMeTenqD764vP3N6LV2sQ0XyLCSvFd5bhSNu8h5lZswuMOcjy3wUyOJmQ6+ohYz5c8w4dOCHcO383EgzyStJF5jQFpZETwjY1J53b+GkQ0HUL6FrePSm1FQlo5Rq10MilLdq76eyFsP3wx6ZbI0b750SkNmG6k7SRYry3TdsMn1taMQh\/17MwX2IRue3eYTVTnsHuTsYPkjUHHU7hfGQW8b3fPlqNhC8vRqCZJkkdgaM7JeGEFvPA2drt2SkbUk8kHDkRFk\/f5qke+G1BWEP0946eqccOXoXqHpc6Z7mJ8SBo4WCy8qdBv+Woyw55sdEOp+\/UGQdM4JU7Z7ku5FhupijrJy9NeKiFBpaif5nxBMkzJ\/TWh675p4TqqrKC45IfTIMta75Hwl+4X9xzuFSVZvc6MknbL2htZhUbGw33KdyW3nhOuWUmF\/RR0pC5JO+h4pi87q\/T4ZsgpF2hjztjbhhELiLMps3xmQ8hcKe5tQ84nyLMuLqid5LOW7oYjgPCGlq65R9C0UoXwrWzaqMyFr3x6kSKGQhDwf3WroUnmQrYb0MD1rVK2IdfZ3w523XVrNGpR10P0wo+55lehI\/MysN95cVoFcWca6IRe7Uz3IerkAZlZv+tQsZH3jgK+PzcHBfSmsZ9MjJX83njLnoELejIKUxfYdRkzfDdKXuB2wrTepNt7QPVuCPeu7UcVUjaV\/daOoJitM\/ggbzTA6nCF7q1ijMhJ\/ua5\/ODyrVL4bCs3zhJGuzjgw94JZrXkgN4jy04FEKoUNjedmK5qdOShPjvKLYTA+o8oFnlqTAJ3ceIkkkBtWYXT+kmSa77XE8FiQok9IgNMVxEx\/mIOb6lsUuIca0Tidg5N0TkXum7bX9eh4t9e300ow\/Ax9uVEZicVi8RoG\/UvDi4a2zK\/mY7Z7NDAzZPJWb3Eh5\/A5cUJJC+dUMYvDPPmuLuz9k1bT6TNG+Xgt+i3flnKedSSN8cRDH4N+noajr0oajdDMwbM2MVC0JOMh8YkJoePjigMDlxJRIc+5CHROUrFlBH1BFYcrg8pIHmv5rj9LOQ\/p7vVf2uLWknlut+PEF6k4us\/PQNb\/FOYbk9KQTeaBHeOkN0igrzeYAf88fm3H5DOkt2DBuEJ6HP0CaQS9eEgZ6oOkxeNTWgaDGrpe3XstJyojiSmrUL6rYinn0ZM51JoOtF5lT+5oXj8+D9VeJzonZqL5nSTUTfFNL5oHzdhfxuYBKpKQ\/u99sHjz4MLomQ7o5DI3pCHH3QqLnE63HV1nhpGWSoxnJdAbYZp2KIzajLQXFOknuG\/34my3CalB5NVeZpyYTTLFrTeMoZGsVvmu3wMFeoi\/\/C9BBky\/+1Y1Env2So+A97bCuSUHaSyWkpSVD9sRct63B7Wf6dONtPOY7NQP26eN6L3AZKaKPMibaZuLj4p5KBZlqFXoe6ZaUeYknVUHvenM\/k0TprOPomQTi447xCiSbJhQNB7m4nex292OSlF+nE0m7nfw7O8qkBKmGpzjZCTyQrC9uZYHLt+NFdNdqBz8GU6ROQMnDGQ+2mhNwaGgG9BFwIId7ccmkPVfBXHbw3n5hluPNR7YOtt9O3HQYczpPqSlcwPRZEMuGQKeR2+YPYXDQR+B6\/bEz0Ao3EgWhQ5JGUmwn9on\/VK94sOYRwlSdq\/swbruSBY4qvHc6kL32j0oinM58+EWh6MB70k4HA24kXA4GnAj4XA04EbC4WjwiBuJUnm4cirEmLIiHnqXIq3Wwob2nfUYjOTk0eQ9jsTMSELKVaP0\/hp\/qHE95h56Zb7pQmVxO+yhlsAsC0kouXgUWWHXvjOWM+9LgA+3KI+1h14fDqsNz2U40Dce5Q8UTzgqI4mpfDcE4TzOinLScSeGvZLaN6OT9SrhHnrVUKnvP9NQ8moOdNYJ9cpgJcF6QsWwLnrJr3IYLOXNcdvnFXffnxReepV5j3k6Fo\/KSCoqKrxqRPqXhmMKaZUtf5jGtt8zHcmFamzqb0SX4uYcPXUWsznvoofGt2Ri\/A8dkBTZ5OtWC058m49TF0lc50nk60bQJ68OVuEh52mEM4ud50ItUm80ht0AISUzFdbL8pVknBi4bEJOqmK1HRmyNFwwoPy\/e0T9Sf8Hu+FqtIhOSw07jpNrHUJa8SkSdxy568nnFxzo+lMfEl6T8tz\/QTl0H5PKk6UANyzoduXjZM8Qju\/wG5NEUF4yIX2YyNBNFTLSoac+WtaNYHQJ6\/yHT58nDcdJsWz7m7aROqpC5dk55Pw\/qUzOlenQen4suCE6zqN50IQDH\/WLG1tU6FvR6vVlGR1LSkcUqIxkafJdtvEBsWDVQVtW9olIPM4aXypHwWa2ilWUk9owKbbIGrJeJdxDrx8ejH2hQxZTNJozN8JmXbyVRC\/5VZKG8n1yHUryX9dXKkVMxCwtHZGjMpKlyXfTcOgCae1oi6c8aMvKPiGi4XHW9BN1RT\/lvXk0ZL1KuIdeNe5RjCcojH1DGhK\/HFj0zRO15FeJaaNkIDIkTcGqMBKWlI4oUBlJTOW7wSDDh+Z3RrBxz0lpnyhiRJ01KhMKg7asV8lipLnUl55phN08D4bRh5zAjSzCSo+DU\/QXv3SQI2BoFYwllZcPt3UQ7SdfVhjqy2Q+N4jRIMM2TiAqI1l2+e6SPM5qyHqVcA+9Cly4ctWM95mReY+PshA4ByPQjRp+mFOVnef7qEty6ayWdBBURrLsRONxNgANWa8S7qHXxzdXMGJKU8+rKBtexDbHaOBvJgYTksa7vU\/6PDNkuHeqSwrEk9WSDkJ8jSQKj7PBCC\/rVbIEae5j5qHXfnkQSVuDadoN+MUWW5DfTMwo+l0yRg4yL7p\/sCJ5dxGLiyerJR1cT8LhaBLfnoTDeQThRsLhaMCNhMPRgBsJh6MBNxIORwNuJByOBtxIOBwNHnEjebzku0+Wh16qDWrFcAQrD6h2pPUW05rcH0ZHjyP6JUdLIGZG8mjLd1fGuGJnFB6MnqS\/yqsPy00WreWhdwVwDxEDSSpBOlt54FEIsVQeeAmz9xNgWj8PUHcL69NRsKEPFq\/z1OWHD7ceC9yYnfHzNEaOiudpnJaH3hXAM4b2G8koeZ4tE5ruQv35BFRQIZafB154bBj+PhMp\/xyHPj8NdHG8LrkESV+2R71N6mJRGckTK9\/VwHnZ50dd8jYrvb86PPRSnJhZszH4WjNND720px+F4xLLo+w9V8sz8S2ff3hZJuu+pegN3vbzN6\/AffUy8B9p3hXWtj4bsn6bBRN7Q\/TAmzwuuWjQJaH8tRQYUst9RkXX5mV40Hc1ToZO127J\/HLR3ncDvc16UXqInb8uNJW3CNdnmbfX+Smh50iV11Mr9QZbWn5C6PyKecQVvcG2CZNSSAjvlVfpaTdWHnqla1adnWDeZueFe5\/TsJSi1eGhl\/DwutDiva4fWh56aXxRqXDi0ynJe+7De6ROSoX9ryvq4btrQkuJzzsyTWfx66QeZQ+9NJ0V+4U6Zd101wj7u+9JH1BB6ua9JuEaOxcN37NN+aV9jpQVqRPmkTcoc1eEY8yL8HKj6kmeWPluSCQ\/6hXFaj\/qmTeGvXOYlffQS3jggvPbQTSxDRDETRFuhWtlydhe6aH35yWo8PY0RuTuSoPnP3b76uHpNGT9ygmHolfLeZ3UoyyTpel86mfIeU1ZNzkw\/jPYBNsB+4NN3l6DFAyMz6q9VnlutmOcnDPJf3m\/Er0JSQ+cS5bmRoLKSPzluv7h8DzC8t2QODF9uRX7VF6mXkajVT7RKvHQSw3oL0dR2yJtgNDzl3zMHG+I\/KFAolGdzn8BEtauYwGJBFItM17BmwkGVTXRdOqwTplWfQISgnrI9cBNhmHkG8GZ6cWJbjP27NDaxMnP0JcRlZE86fLdoKQeQqf\/eYYqItpALd4eemV0iWmoqDRiZDzU81UND70rBTGQ+tNA+dtZMIbrReKMykieePluAAYkeu5gMsQENCxx9NDrGmlGOxV4BUPLQ2\/c0UG\/Vmzy1MwMo\/EsUFGXG6GBUGlvMM+9sUdlJMvOIyDfVWPE9p1zaDjWRcbR0juemTF0XLJpG2AcPfQafr4JtrO+NFIj6OqcRGoSHRNpeOiNO0aY1tyBQ1mA7jG0np3F7spIDYRAynM60azaNHC5iK+RrFr5bigPveRMGbV4P3MaTXuZjPTPNphT\/fypB4WkIU4eemm51u7xoP0NNnEn1\/IUH0PBBik6vIfeeKNHytY5jN9mQYJr5Dzae5pRRh\/tK+sgzI\/QnhtWeJKfi0tPwuW78YR76JWgO1Oe9qD8t77fSqLDjeF326GvCu\/KOlbEtyd5ouAeekOiS0HRz0fQfnNxs0bPzQ7YUkviYiAU3pMsJ64xtJ9sRseIA571ScitrMWBIDtCPpnQ1RPtcGaWI53umRwp94fRetmIkmJzXIZaFG4kHI4GfLjF4WjAjYTD0YAbCYejATcSDkeDR85IYqfm8ycKL7ErScw87saRVepVN1JiaiQqQdWOQlT+sQu2eCxeWhRq34RReYmNGo8kahIFSXQpeyUaLtqkZSIi\/mlZZoihZezvCr3M\/AG5qZU+HzXQbLhWqVfdSImdkdAVnH+4hU2vt0nObXrOoTbbhZaDrXGTWa5WXP31aLCnoraNylOH0P\/RMRQttKPqXBD\/IHEiCVbRD0swqG8WeyILcNRGsnj5rgdj5y8jtf4QcmWhDhUobSlH7UsOjMkOPZlU1H7uTVFPQjcq0PIu6xxSyErbxhSeWsnNR+W+8mYHDGWrFvLctCXNqESHtRGFLB3kbAEbQoiyXa8ctR1j3qZeavlDe5FV4\/wnkP9yGoyyqzKdAebCCuR8PgxbkLQ4LhxGu98N7OgMfE8kpGdfQoj0UJ57KQuOz4I43VywY9Cait0ZLMwILs0NLkMW62B8GI10vZvYQ\/r1lKqNKagMO767n0QN\/TFRhsp16VvyQcORMSF8UMHkoOGgUtFf7xVavJLW8HJewdEpVB3pFCZlmeiNNmH\/r32SVyr3bbkhvZbxSmK1zk3S3FLdI7CUENQy3rm\/HxP2Hh8QptjXxWuXtwmToqSUfLeoVKj6qyxXnROuW0qFY38PKqAV01nzyaQkAQ6KX1rudgo1Z2TRMmVK6Kxm177RItT0sU8+pDLcE8KAgyXyu0kxfIWWVzi5LzlHy4154XrzMWGAla3M\/BdNwrHBObW0mNRDnbIsvqJhn1w4UIa8Xch9h9SbtziU+fOXNVNpNQl\/wU6+ClH1JEuR73rW6aDWsoUgtQglXklreDmvfWQQyWUKb6rPl6A8T3qtSRSeawNx4cqlp1Cu3JyAXLv2\/4yi70u5zYvci6xhx1FUrO1DzW\/KUH+yiwxzmNerUGxIQ+r4IGzyZ6bHYH0hiLeqcJ59w8l9KQ91SPmVCYOqntuN4UtAzjb1CmG6UUP6a+qNGvL1fWG8dSWgiHrBDbbQ+P4V9D1dgQrvPWBE2stFpNcPXnarAZWR+Mt1\/cORI3XD8pJn1dMYf6loGDmvZ24djH7renxy3ghYtOdaJ6bxLH6m8uQKGJPSMOdiTyKi8iKrg2nHAZz62\/s4+JIJ85+3orK4Hl1fhxpkGLE9bxbDTEjl+NKKpNRAb1Wann3D4KCtxeYspFrJ\/EP+\/DcDGDTl+C0cdGHq60E0iLvF+I43L4TzFekv71UwMw2Yf6ouq\/VZOLQrmDeu1YHKSBYv39VBP+fCLAvRaWGFLHX9SxgXXhpy3vkFPVXsLo4Yea5V4fEsTWlI5mmGjSnIfbUW7\/8tHzPvdakVgwr0W9Iw+3c6ZyBzOmsS0jaxCD8W7dlXhBhj9gwGmUs4+2UrUjOD3ayBe3oNDR1HbjQLEx9hVEayePmuGSkvDGIw2qXPGnLedT92whHOjTL5jtojK90sgr1cklTYiI1rAmW7TvsYjIZoxUqkV63qDXzcqv8pNv5vV2ijezodWRjBxO0xjKemkxIOZEmefRn6bfnQDw3DTRqVPkcWtjOhlg89jBvsmCQdQExI3EiscUo9UXfb0DUS8oH0iqMykqWQ9FIJHLVkCHHb5R1ve1xkOEBawwR9iO5AQ85rzsjC+JkuVXz7Rek1xfBvSRi7OCA9VRLlvBZY5PgIpMI650yIJ1IGvJg9h9Y\/D3plpvT7zZ+mIWdLtF2bGenPd6PhwzE4ZaMTPfC2oluf5JWfBqaFzBm26nD2tA3JW4KLVDU9+wbNmx9rzMgyj6P9wz5gR7p6KCxC0pGTjO7aZp825oEdvRdGfU+ropEhr38ROQ9IPSllzR82YXrtyijuIyFmRkLHlcf\/thvus1WSl1kqdX2nHbNb38Uhv4mgFy0574YCHMqeVsVn7VLoMTYVofaFEVQyiW6DNRm7d7E4TalwErJesqGGpPVwv2LOxKCy3aNbbDjxivTYs\/SMG7tPlAROnjXRIansJA4aR9D4f9n8obAS7Y5k1L4l35TB06JLToX5+ySkkMY3KOE8+4aT+\/phzEiGc8iEnOQQDcCmEpw6nIi+6kIx\/XlHiEFtSSFNiURUMmSS4\/S3arHJWifNFXc1wGquRUXUjU\/84HqS1cztdhz+ijQ+O7lQayWJXU\/CiS0LTvSeGUfqFm4gKw03ktUI\/RU+rxLjGYe8O55wVg4+3OJwNOA9CYejATcSDkcDbiQcjgbcSDgcDR45I3ni5bucuBNTI+Hy3SWy4IFregy955pRX1q\/TI0BJ1piZyRcvrtkXJdP4ESfE8at5cjfygtttaAyEi7fjZ181zXezuKY512ldiTEwkNDdi2Ov5aLlI36IO7SpGvavOeVPQG7YZM9Esuec+Vv0LJYgpdcDoP+mChD5br0Lfmg4cjg8l2VfJd6hq0+55WvzjuvCE0V7Lu2NiH3yIDiusHxl8RK1ywW9luuM0\/A0jX3V9QJTZ\/fkzznkjx2Vu\/35nFpXnI5MqqehMt3ZZYo36XiLIPRu\/GDLjEdB\/5\/gbQs\/tkS9Pwxy7uCNjpycHBfCvMELF3zKXMOKrYaJc0MyeP2HUZM3\/X1Wov3ksuRURmJv1zXPxw5T7h815COip8Po7SwEPvqmtF11QG3Tu8Vfy0akwEJynPQa65d57suQZ+QAKecxiV5yeXIqIyEy3c1iFi+S1ronbXo7DyHd\/dtg+5GM0rrItFacFYjKiPh8l2ZJcp3PW5JKShr2l97D7UbBnGNP9J9JFEZyVLg8l0FX3eh6o++7+L+KEbGyRyFzQ0iktVyVg0xMxIu31WwmUzyt8rfzUDeO1Zs+h2ZQFP7utWOPD70eqTgehIOR4PY9SQczmMKNxIORwNuJByOBtxIOBwNuJFwOBpwI+FwNOBGwuFo8EgYyXJJdl2X65HX9qj6hPXj5iPolfcRIWZGYjtNf9lWHDvLUN82BtcqXoJhyDyKntI4+IRdcGGsrR5loiOcbBS+0YzBcGvSOKuKGPYkfo5eLpxEif48albQw+zqwI3hP+5F99MlONVJy6Yf536XCts7hzHIFzw+EqiMZPHy3SCIHmbLkf7ZsFcSSyWt9aWS+4EAT7Fgvs7F1pZKU3vhCCor9ZBe601YxtnKRebJVZSveiWtUpTIzDCa99NrMgnuZcWwRDFEEaXA404Me73CvhmQPrsskxU9xo6i622F3DdUj3mnCx2GWtTuNEtiKYIuMQ0HDiWhq581IP49jUpSK8l2x4YasY9c25t2\/3x9K73NWQbo2i0ZKtelb8kHDUfKhMUnffUxJXRWMA+wd6kUt0eY+l6MEITvrgst5U3CdVkeS+WyzdeEWVGaOi\/c+7yJhK8LNNonZZ0XJs9WCXV9styUepDdK7R8MSvJV6kc9dMaoUqWoz6cFNrKa4ROO9PRfjchtFW86PNeq\/BkS6XApeUnhM6v2Gfv9gg1JW2C7APXP31Tnx0Til9keQ7j6VaUGI+xgJKHU8KV7gnRg+297iqh5tMpKQ+EuS9avHkXZbu\/zhXqlN57qdfdgyRfclppvl7f7ssXJ6aojERpIPIRKQFG8nBOmPyE3HiWCVbZgfhu\/lmh54jPYCRmhYHGc+JNKn\/uXl+dwkBCQHX05Joitg+EUpWrZ8KYwsWzn5H432TX\/+pL38CROj93zveEnoPBGgY1E5YXA3T42ij191TbLmvrGfY2YX+4fHFiimq45S\/X9Q+HpwOVyok79eb0bT6O70vyykvdt7rQIO9eQo7KcyyCymUXNuGnKqmGAVlvFTFfgR5Mf3IYZeeTUJLt569jwYnR0\/JQhRy7GiGLdF137UjZ7OdK7V\/Y3yCYfqJWnvukwk44vkv2au0lqBSWvVwqdMeTiw1sZxaaj0pSmgr8Zbs\/uLEu0c99Wph8cZaGykgWL9+lpOHQBcXE\/eIZHKUbDsiV+00X6i0u5Bw+J+3LRY5TxSxOkwlMrCvHuddm0HpJueWQB2On6jFiKsFJ+doXDpGU+NAtWv\/rxzrdomzCaCKpecgCShYcGL5oE+XAzp56tMzmoLatn5XfKYQRPYvn08cqXxxNVEayePmuNq4bVphfLUfKBl\/l+vyAS3LZKZW6lrauZBIuvk5BTrYZhtQKlNxthMUrE7bD+nU+9uwgcfJpyTnlWKpcnLgZi6drJpj1VtgesGAUGMwkDVabN01e7gyjw62DHmTSftWM8rIU7+4qWJhnL0KwTg\/ntLKx4CwnMXwEHB7DT0wYHRqWfjeRpbY9UhwdWlG5rOX0qCK+FU0OPdSDCh2SiKHpzrTCJj79IcalG8HwHfak64EdXact8Ip0\/zUNacOt6FLGf9wlvY4KPVK26dBxRpm+dpy3SrEiXoP3Y1MuCqbr0HDRDjf7jGdmFM2NNhQQw6d5\/+m\/jmJE6Y2W5CFsKjdlIWs8FvniRELcjATPl6PW2Ie9TGrbfCcVByuB6btStD6jGrVmK+oKSXxmIRqsm1C7LyVwiKNLQvlbG9H+p0FywxqQW5WDmfeKxbE89QqrK6tF0e0pqQei3mkbcjAtxmejsHYQxswC8TTRQtNX\/Uy3lP7CfWi9n4qcVBYZ1tMtmVsd+wD5D1pRSr9L0lH853Gk\/v44sth2SUkkzYmX9opztexXmmHfehAHMI2pUIZHGoeCGjlfLN+ZReRdznLwxMl3PdZm1D8owfHspe6M7UDX\/kH8rKUccfjNnrOCxK8nWRFcGP6oC3Z5LnF\/FJb350gPEL2BeG51of2qU9oJZsENe6cFff+ezg3kCeCx70noptmW91rRe9MF3cZ0lPyODMc2L+LJEP1V\/KMmNH8yDIfHgKTsg6j9bbrv6R3nsYXvlsLhhAX4H5sP9yZFBstBAAAAAElFTkSuQmCC\" alt=\"\"><\/p>","protected":false},"excerpt":{"rendered":"<p>Tegund:&nbsp;K53M-200-S DS0620<\/p>","protected":false},"featured_media":63955,"comment_status":"closed","ping_status":"closed","template":"","meta":[],"product_brand":[],"product_cat":[590,515,1073],"product_tag":[],"class_list":{"0":"post-63005","1":"product","2":"type-product","3":"status-publish","4":"has-post-thumbnail","6":"product_cat-maelitaeki","7":"product_cat-verkfaeralausnir","8":"product_cat-vinklar","10":"first","11":"instock","12":"taxable","13":"shipping-taxable","14":"purchasable","15":"product-type-simple"},"yoast_head":"<!-- This site is optimized with the Yoast SEO plugin v27.3 - https:\/\/yoast.com\/product\/yoast-seo-wordpress\/ -->\n<title>STARRETT Sm\u00ed\u00f0avinkill DS0620 - V\u00e9lar &amp; Verkf\u00e6ri<\/title>\n<meta name=\"robots\" content=\"index, follow, max-snippet:-1, max-image-preview:large, max-video-preview:-1\" \/>\n<link rel=\"canonical\" href=\"https:\/\/velarogverkfaeri.is\/en\/verkfaeralausnir\/maelitaeki\/vinklar\/product\/starrett-smidavinkill\/\" \/>\n<meta property=\"og:locale\" content=\"en_US\" \/>\n<meta property=\"og:type\" content=\"article\" \/>\n<meta property=\"og:title\" content=\"STARRETT Sm\u00ed\u00f0avinkill DS0620 - V\u00e9lar &amp; Verkf\u00e6ri\" \/>\n<meta property=\"og:description\" content=\"Tegund:&nbsp;K53M-200-S DS0620\" \/>\n<meta property=\"og:url\" content=\"https:\/\/velarogverkfaeri.is\/en\/verkfaeralausnir\/maelitaeki\/vinklar\/product\/starrett-smidavinkill\/\" \/>\n<meta property=\"og:site_name\" content=\"V\u00e9lar &amp; Verkf\u00e6ri\" \/>\n<meta property=\"article:publisher\" content=\"https:\/\/www.facebook.com\/VelarOgVerkfaeri\" \/>\n<meta property=\"article:modified_time\" content=\"2025-10-23T13:16:28+00:00\" \/>\n<meta property=\"og:image\" content=\"https:\/\/velarogverkfaeri.is\/wp-content\/uploads\/2024\/08\/95d1458e-b584-4fe2-bf66-35ec298315ab.jpg\" \/>\n\t<meta property=\"og:image:width\" content=\"1679\" \/>\n\t<meta property=\"og:image:height\" content=\"2560\" \/>\n\t<meta property=\"og:image:type\" content=\"image\/jpeg\" \/>\n<meta name=\"twitter:card\" content=\"summary_large_image\" \/>\n<script type=\"application\/ld+json\" class=\"yoast-schema-graph\">{\"@context\":\"https:\\\/\\\/schema.org\",\"@graph\":[{\"@type\":\"WebPage\",\"@id\":\"https:\\\/\\\/velarogverkfaeri.is\\\/verkfaeralausnir\\\/maelitaeki\\\/vinklar\\\/product\\\/starrett-smidavinkill\\\/\",\"url\":\"https:\\\/\\\/velarogverkfaeri.is\\\/verkfaeralausnir\\\/maelitaeki\\\/vinklar\\\/product\\\/starrett-smidavinkill\\\/\",\"name\":\"STARRETT Sm\u00ed\u00f0avinkill DS0620 - V\u00e9lar &amp; Verkf\u00e6ri\",\"isPartOf\":{\"@id\":\"https:\\\/\\\/velarogverkfaeri.is\\\/en\\\/#website\"},\"primaryImageOfPage\":{\"@id\":\"https:\\\/\\\/velarogverkfaeri.is\\\/verkfaeralausnir\\\/maelitaeki\\\/vinklar\\\/product\\\/starrett-smidavinkill\\\/#primaryimage\"},\"image\":{\"@id\":\"https:\\\/\\\/velarogverkfaeri.is\\\/verkfaeralausnir\\\/maelitaeki\\\/vinklar\\\/product\\\/starrett-smidavinkill\\\/#primaryimage\"},\"thumbnailUrl\":\"https:\\\/\\\/velarogverkfaeri.is\\\/wp-content\\\/uploads\\\/2024\\\/08\\\/95d1458e-b584-4fe2-bf66-35ec298315ab.jpg\",\"datePublished\":\"2024-08-03T14:42:51+00:00\",\"dateModified\":\"2025-10-23T13:16:28+00:00\",\"breadcrumb\":{\"@id\":\"https:\\\/\\\/velarogverkfaeri.is\\\/verkfaeralausnir\\\/maelitaeki\\\/vinklar\\\/product\\\/starrett-smidavinkill\\\/#breadcrumb\"},\"inLanguage\":\"en-US\",\"potentialAction\":[{\"@type\":\"ReadAction\",\"target\":[\"https:\\\/\\\/velarogverkfaeri.is\\\/verkfaeralausnir\\\/maelitaeki\\\/vinklar\\\/product\\\/starrett-smidavinkill\\\/\"]}]},{\"@type\":\"ImageObject\",\"inLanguage\":\"en-US\",\"@id\":\"https:\\\/\\\/velarogverkfaeri.is\\\/verkfaeralausnir\\\/maelitaeki\\\/vinklar\\\/product\\\/starrett-smidavinkill\\\/#primaryimage\",\"url\":\"https:\\\/\\\/velarogverkfaeri.is\\\/wp-content\\\/uploads\\\/2024\\\/08\\\/95d1458e-b584-4fe2-bf66-35ec298315ab.jpg\",\"contentUrl\":\"https:\\\/\\\/velarogverkfaeri.is\\\/wp-content\\\/uploads\\\/2024\\\/08\\\/95d1458e-b584-4fe2-bf66-35ec298315ab.jpg\",\"width\":1679,\"height\":2560},{\"@type\":\"BreadcrumbList\",\"@id\":\"https:\\\/\\\/velarogverkfaeri.is\\\/verkfaeralausnir\\\/maelitaeki\\\/vinklar\\\/product\\\/starrett-smidavinkill\\\/#breadcrumb\",\"itemListElement\":[{\"@type\":\"ListItem\",\"position\":1,\"name\":\"Home\",\"item\":\"https:\\\/\\\/velarogverkfaeri.is\\\/\"},{\"@type\":\"ListItem\",\"position\":2,\"name\":\"Vefverslun\",\"item\":\"https:\\\/\\\/velarogverkfaeri.is\\\/vefverslun\\\/\"},{\"@type\":\"ListItem\",\"position\":3,\"name\":\"STARRETT Sm\u00ed\u00f0avinkill DS0620\"}]},{\"@type\":\"WebSite\",\"@id\":\"https:\\\/\\\/velarogverkfaeri.is\\\/en\\\/#website\",\"url\":\"https:\\\/\\\/velarogverkfaeri.is\\\/en\\\/\",\"name\":\"V\u00e9lar & Verkf\u00e6ri\",\"description\":\"Umbo\u00f0s- og heildverslun fr\u00e1 \u00e1rinu 1919\",\"publisher\":{\"@id\":\"https:\\\/\\\/velarogverkfaeri.is\\\/en\\\/#organization\"},\"potentialAction\":[{\"@type\":\"SearchAction\",\"target\":{\"@type\":\"EntryPoint\",\"urlTemplate\":\"https:\\\/\\\/velarogverkfaeri.is\\\/en\\\/?s={search_term_string}\"},\"query-input\":{\"@type\":\"PropertyValueSpecification\",\"valueRequired\":true,\"valueName\":\"search_term_string\"}}],\"inLanguage\":\"en-US\"},{\"@type\":\"Organization\",\"@id\":\"https:\\\/\\\/velarogverkfaeri.is\\\/en\\\/#organization\",\"name\":\"V\u00e9lar & Verkf\u00e6ri\",\"url\":\"https:\\\/\\\/velarogverkfaeri.is\\\/en\\\/\",\"logo\":{\"@type\":\"ImageObject\",\"inLanguage\":\"en-US\",\"@id\":\"https:\\\/\\\/velarogverkfaeri.is\\\/en\\\/#\\\/schema\\\/logo\\\/image\\\/\",\"url\":\"https:\\\/\\\/velarogverkfaeri.is\\\/wp-content\\\/uploads\\\/2021\\\/10\\\/vv_logo_350x100.png\",\"contentUrl\":\"https:\\\/\\\/velarogverkfaeri.is\\\/wp-content\\\/uploads\\\/2021\\\/10\\\/vv_logo_350x100.png\",\"width\":350,\"height\":100,\"caption\":\"V\u00e9lar & Verkf\u00e6ri\"},\"image\":{\"@id\":\"https:\\\/\\\/velarogverkfaeri.is\\\/en\\\/#\\\/schema\\\/logo\\\/image\\\/\"},\"sameAs\":[\"https:\\\/\\\/www.facebook.com\\\/VelarOgVerkfaeri\"]}]}<\/script>\n<!-- \/ Yoast SEO plugin. -->","yoast_head_json":{"title":"STARRETT Sm\u00ed\u00f0avinkill DS0620 - V\u00e9lar &amp; Verkf\u00e6ri","robots":{"index":"index","follow":"follow","max-snippet":"max-snippet:-1","max-image-preview":"max-image-preview:large","max-video-preview":"max-video-preview:-1"},"canonical":"https:\/\/velarogverkfaeri.is\/en\/verkfaeralausnir\/maelitaeki\/vinklar\/product\/starrett-smidavinkill\/","og_locale":"en_US","og_type":"article","og_title":"STARRETT Sm\u00ed\u00f0avinkill DS0620 - V\u00e9lar &amp; Verkf\u00e6ri","og_description":"Tegund:&nbsp;K53M-200-S DS0620","og_url":"https:\/\/velarogverkfaeri.is\/en\/verkfaeralausnir\/maelitaeki\/vinklar\/product\/starrett-smidavinkill\/","og_site_name":"V\u00e9lar &amp; Verkf\u00e6ri","article_publisher":"https:\/\/www.facebook.com\/VelarOgVerkfaeri","article_modified_time":"2025-10-23T13:16:28+00:00","og_image":[{"width":1679,"height":2560,"url":"https:\/\/velarogverkfaeri.is\/wp-content\/uploads\/2024\/08\/95d1458e-b584-4fe2-bf66-35ec298315ab.jpg","type":"image\/jpeg"}],"twitter_card":"summary_large_image","schema":{"@context":"https:\/\/schema.org","@graph":[{"@type":"WebPage","@id":"https:\/\/velarogverkfaeri.is\/verkfaeralausnir\/maelitaeki\/vinklar\/product\/starrett-smidavinkill\/","url":"https:\/\/velarogverkfaeri.is\/verkfaeralausnir\/maelitaeki\/vinklar\/product\/starrett-smidavinkill\/","name":"STARRETT Sm\u00ed\u00f0avinkill DS0620 - V\u00e9lar &amp; Verkf\u00e6ri","isPartOf":{"@id":"https:\/\/velarogverkfaeri.is\/en\/#website"},"primaryImageOfPage":{"@id":"https:\/\/velarogverkfaeri.is\/verkfaeralausnir\/maelitaeki\/vinklar\/product\/starrett-smidavinkill\/#primaryimage"},"image":{"@id":"https:\/\/velarogverkfaeri.is\/verkfaeralausnir\/maelitaeki\/vinklar\/product\/starrett-smidavinkill\/#primaryimage"},"thumbnailUrl":"https:\/\/velarogverkfaeri.is\/wp-content\/uploads\/2024\/08\/95d1458e-b584-4fe2-bf66-35ec298315ab.jpg","datePublished":"2024-08-03T14:42:51+00:00","dateModified":"2025-10-23T13:16:28+00:00","breadcrumb":{"@id":"https:\/\/velarogverkfaeri.is\/verkfaeralausnir\/maelitaeki\/vinklar\/product\/starrett-smidavinkill\/#breadcrumb"},"inLanguage":"en-US","potentialAction":[{"@type":"ReadAction","target":["https:\/\/velarogverkfaeri.is\/verkfaeralausnir\/maelitaeki\/vinklar\/product\/starrett-smidavinkill\/"]}]},{"@type":"ImageObject","inLanguage":"en-US","@id":"https:\/\/velarogverkfaeri.is\/verkfaeralausnir\/maelitaeki\/vinklar\/product\/starrett-smidavinkill\/#primaryimage","url":"https:\/\/velarogverkfaeri.is\/wp-content\/uploads\/2024\/08\/95d1458e-b584-4fe2-bf66-35ec298315ab.jpg","contentUrl":"https:\/\/velarogverkfaeri.is\/wp-content\/uploads\/2024\/08\/95d1458e-b584-4fe2-bf66-35ec298315ab.jpg","width":1679,"height":2560},{"@type":"BreadcrumbList","@id":"https:\/\/velarogverkfaeri.is\/verkfaeralausnir\/maelitaeki\/vinklar\/product\/starrett-smidavinkill\/#breadcrumb","itemListElement":[{"@type":"ListItem","position":1,"name":"Home","item":"https:\/\/velarogverkfaeri.is\/"},{"@type":"ListItem","position":2,"name":"Vefverslun","item":"https:\/\/velarogverkfaeri.is\/vefverslun\/"},{"@type":"ListItem","position":3,"name":"STARRETT Sm\u00ed\u00f0avinkill DS0620"}]},{"@type":"WebSite","@id":"https:\/\/velarogverkfaeri.is\/en\/#website","url":"https:\/\/velarogverkfaeri.is\/en\/","name":"V\u00e9lar & Verkf\u00e6ri","description":"Umbo\u00f0s- og heildverslun fr\u00e1 \u00e1rinu 1919","publisher":{"@id":"https:\/\/velarogverkfaeri.is\/en\/#organization"},"potentialAction":[{"@type":"SearchAction","target":{"@type":"EntryPoint","urlTemplate":"https:\/\/velarogverkfaeri.is\/en\/?s={search_term_string}"},"query-input":{"@type":"PropertyValueSpecification","valueRequired":true,"valueName":"search_term_string"}}],"inLanguage":"en-US"},{"@type":"Organization","@id":"https:\/\/velarogverkfaeri.is\/en\/#organization","name":"V\u00e9lar & Verkf\u00e6ri","url":"https:\/\/velarogverkfaeri.is\/en\/","logo":{"@type":"ImageObject","inLanguage":"en-US","@id":"https:\/\/velarogverkfaeri.is\/en\/#\/schema\/logo\/image\/","url":"https:\/\/velarogverkfaeri.is\/wp-content\/uploads\/2021\/10\/vv_logo_350x100.png","contentUrl":"https:\/\/velarogverkfaeri.is\/wp-content\/uploads\/2021\/10\/vv_logo_350x100.png","width":350,"height":100,"caption":"V\u00e9lar & Verkf\u00e6ri"},"image":{"@id":"https:\/\/velarogverkfaeri.is\/en\/#\/schema\/logo\/image\/"},"sameAs":["https:\/\/www.facebook.com\/VelarOgVerkfaeri"]}]}},"_links":{"self":[{"href":"https:\/\/velarogverkfaeri.is\/en\/wp-json\/wp\/v2\/product\/63005","targetHints":{"allow":["GET"]}}],"collection":[{"href":"https:\/\/velarogverkfaeri.is\/en\/wp-json\/wp\/v2\/product"}],"about":[{"href":"https:\/\/velarogverkfaeri.is\/en\/wp-json\/wp\/v2\/types\/product"}],"replies":[{"embeddable":true,"href":"https:\/\/velarogverkfaeri.is\/en\/wp-json\/wp\/v2\/comments?post=63005"}],"wp:featuredmedia":[{"embeddable":true,"href":"https:\/\/velarogverkfaeri.is\/en\/wp-json\/wp\/v2\/media\/63955"}],"wp:attachment":[{"href":"https:\/\/velarogverkfaeri.is\/en\/wp-json\/wp\/v2\/media?parent=63005"}],"wp:term":[{"taxonomy":"product_brand","embeddable":true,"href":"https:\/\/velarogverkfaeri.is\/en\/wp-json\/wp\/v2\/product_brand?post=63005"},{"taxonomy":"product_cat","embeddable":true,"href":"https:\/\/velarogverkfaeri.is\/en\/wp-json\/wp\/v2\/product_cat?post=63005"},{"taxonomy":"product_tag","embeddable":true,"href":"https:\/\/velarogverkfaeri.is\/en\/wp-json\/wp\/v2\/product_tag?post=63005"}],"curies":[{"name":"wp","href":"https:\/\/api.w.org\/{rel}","templated":true}]}}