{"id":62660,"date":"2024-07-19T08:58:57","date_gmt":"2024-07-19T08:58:57","guid":{"rendered":"https:\/\/velarogverkfaeri.is\/?post_type=product&#038;p=62660"},"modified":"2025-12-30T11:32:23","modified_gmt":"2025-12-30T11:32:23","slug":"kapro-842g-verkfaerasett","status":"publish","type":"product","link":"https:\/\/velarogverkfaeri.is\/en\/verkfaeralausnir\/handverkfaeri\/verkfaerasett-handverkfaeri\/product\/kapro-842g-verkfaerasett\/","title":{"rendered":"KAPRO 842G Verkf\u00e6rasett"},"content":{"rendered":"<p>M\u00e6lingarnar komast \u00e1 anna\u00f0 stig me\u00f0 \u00feessu gl\u00e6silega setti.<\/p>\n<p>Innihaldi\u00f0 er:<\/p>\n<p>1. 842G Gr\u00e6nn krossl\u00ednulaser: \u00deessi laser tryggir a\u00f0 l\u00ednurnar \u00ed verkefninu s\u00e9u beinar og n\u00e1kv\u00e6mar.<\/p>\n<p>2. 771M-15cm hallam\u00e1l: Yfirbur\u00f0an\u00e1kv\u00e6mni me\u00f0 \u00feessu vanda\u00f0a hallam\u00e1li me\u00f0 st\u00e6kku\u00f0u m\u00e6liglasi og segulfestingu.<\/p>\n<p><span style=\"text-align: center;\">3.&nbsp;<\/span><span style=\"text-align: center; color: rgb(101, 101, 101);\">Sm\u00ed\u00f0avinkill 309-30cm:&nbsp;<\/span><font color=\"#656565\" style=\"text-align: center;\">\u00deessi sm\u00ed\u00f0avinkill er \u00fatb\u00fainn me\u00f0 einst\u00f6kum stu\u00f0ningssyllu og hornmerkingu, sem gerir hann a\u00f0 \u00f3missandi t\u00e6ki fyrir skipulag og m\u00e6lingar.<\/font><\/p>\n<p><font color=\"#656565\" style=\"text-align: center;\">4. M<\/font><span style=\"color: rgb(101, 101, 101); text-align: center;\">\u00e1lband 509-5M: Einfalt \u00ed notkun og skilar \u00e1rei\u00f0anlegum m\u00e6lingum.<\/span><\/p>\n<p><span style=\"color: rgb(101, 101, 101); text-align: center;\">5.&nbsp;<\/span><span style=\"color: rgb(101, 101, 101); text-align: center;\">Brotahn\u00edfur 18mm:&nbsp;<\/span><font color=\"#656565\">Fj\u00f6lh\u00e6fni m\u00e6tir n\u00e1kv\u00e6mni me\u00f0 \u00feessum skur\u00f0arhn\u00edf, tilvalinn fyrir \u00fdmis skur\u00f0arverk.<\/font><\/p>\n<p><font color=\"#656565\">6. Magnetic Flathead og Phillips skr\u00fafj\u00e1rn: Aukin \u00fe\u00e6gindi me\u00f0 \u00feessum fr\u00e1b\u00e6ru segulskr\u00fafj\u00e1rnum.<\/font><\/p>\n<p><font color=\"#656565\">7. Sveigjanlegur \u00fer\u00edf\u00f3tur: St\u00f6\u00f0ug sta\u00f0setning laseranna \u00feinna tryggir n\u00e1kv\u00e6mni vi\u00f0 vinnuna.<\/font><\/p>\n<p><font color=\"#656565\">8. AA rafhl\u00f6\u00f0ur (2 stk).<\/font><\/p>\n<p><font color=\"#656565\">9. K\u00falupenni til a\u00f0 merkja og taka ni\u00f0ur punkta eftir \u00fe\u00f6rfum.<\/font><\/p>","protected":false},"excerpt":{"rendered":"<p><span style=\"font-family: &quot;Arial Nova Light&quot;, sans-serif; font-size: 16px;\">Tegund: 842G-A<\/span><\/p>\n<p class=\"MsoNormal\" align=\"center\" style=\"text-align:center\"><span lang=\"IS\"><o:p><\/o:p><\/span><\/p>","protected":false},"featured_media":63094,"comment_status":"closed","ping_status":"closed","template":"","meta":[],"product_brand":[],"product_cat":[588,515,791],"product_tag":[941],"class_list":{"0":"post-62660","1":"product","2":"type-product","3":"status-publish","4":"has-post-thumbnail","6":"product_cat-handverkfaeri","7":"product_cat-verkfaeralausnir","8":"product_cat-verkfaerasett-handverkfaeri","9":"product_tag-kapro","11":"first","12":"instock","13":"taxable","14":"shipping-taxable","15":"purchasable","16":"product-type-simple"},"yoast_head":"<!-- This site is optimized with the Yoast SEO plugin v27.3 - https:\/\/yoast.com\/product\/yoast-seo-wordpress\/ -->\n<title>KAPRO 842G Verkf\u00e6rasett - V\u00e9lar &amp; Verkf\u00e6ri<\/title>\n<meta name=\"robots\" content=\"index, follow, max-snippet:-1, max-image-preview:large, max-video-preview:-1\" \/>\n<link rel=\"canonical\" href=\"https:\/\/velarogverkfaeri.is\/en\/verkfaeralausnir\/handverkfaeri\/verkfaerasett-handverkfaeri\/product\/kapro-842g-verkfaerasett\/\" \/>\n<meta property=\"og:locale\" content=\"en_US\" \/>\n<meta property=\"og:type\" content=\"article\" \/>\n<meta property=\"og:title\" content=\"KAPRO 842G Verkf\u00e6rasett - V\u00e9lar &amp; Verkf\u00e6ri\" \/>\n<meta property=\"og:description\" content=\"Tegund: 842G-A\" \/>\n<meta property=\"og:url\" content=\"https:\/\/velarogverkfaeri.is\/en\/verkfaeralausnir\/handverkfaeri\/verkfaerasett-handverkfaeri\/product\/kapro-842g-verkfaerasett\/\" \/>\n<meta property=\"og:site_name\" content=\"V\u00e9lar &amp; Verkf\u00e6ri\" \/>\n<meta property=\"article:publisher\" content=\"https:\/\/www.facebook.com\/VelarOgVerkfaeri\" \/>\n<meta property=\"article:modified_time\" content=\"2025-12-30T11:32:23+00:00\" \/>\n<meta property=\"og:image\" content=\"https:\/\/velarogverkfaeri.is\/wp-content\/uploads\/2024\/08\/a728f313-30d7-4860-b595-2549e2a06465.png\" \/>\n\t<meta property=\"og:image:width\" content=\"656\" \/>\n\t<meta property=\"og:image:height\" content=\"359\" \/>\n\t<meta property=\"og:image:type\" content=\"image\/png\" \/>\n<meta name=\"twitter:card\" content=\"summary_large_image\" \/>\n<meta name=\"twitter:label1\" content=\"Est. reading time\" \/>\n\t<meta name=\"twitter:data1\" content=\"1 minute\" \/>\n<script type=\"application\/ld+json\" class=\"yoast-schema-graph\">{\"@context\":\"https:\\\/\\\/schema.org\",\"@graph\":[{\"@type\":\"WebPage\",\"@id\":\"https:\\\/\\\/velarogverkfaeri.is\\\/verkfaeralausnir\\\/handverkfaeri\\\/verkfaerasett-handverkfaeri\\\/product\\\/kapro-842g-verkfaerasett\\\/\",\"url\":\"https:\\\/\\\/velarogverkfaeri.is\\\/verkfaeralausnir\\\/handverkfaeri\\\/verkfaerasett-handverkfaeri\\\/product\\\/kapro-842g-verkfaerasett\\\/\",\"name\":\"KAPRO 842G Verkf\u00e6rasett - V\u00e9lar &amp; Verkf\u00e6ri\",\"isPartOf\":{\"@id\":\"https:\\\/\\\/velarogverkfaeri.is\\\/en\\\/#website\"},\"primaryImageOfPage\":{\"@id\":\"https:\\\/\\\/velarogverkfaeri.is\\\/verkfaeralausnir\\\/handverkfaeri\\\/verkfaerasett-handverkfaeri\\\/product\\\/kapro-842g-verkfaerasett\\\/#primaryimage\"},\"image\":{\"@id\":\"https:\\\/\\\/velarogverkfaeri.is\\\/verkfaeralausnir\\\/handverkfaeri\\\/verkfaerasett-handverkfaeri\\\/product\\\/kapro-842g-verkfaerasett\\\/#primaryimage\"},\"thumbnailUrl\":\"https:\\\/\\\/velarogverkfaeri.is\\\/wp-content\\\/uploads\\\/2024\\\/08\\\/a728f313-30d7-4860-b595-2549e2a06465.png\",\"datePublished\":\"2024-07-19T08:58:57+00:00\",\"dateModified\":\"2025-12-30T11:32:23+00:00\",\"breadcrumb\":{\"@id\":\"https:\\\/\\\/velarogverkfaeri.is\\\/verkfaeralausnir\\\/handverkfaeri\\\/verkfaerasett-handverkfaeri\\\/product\\\/kapro-842g-verkfaerasett\\\/#breadcrumb\"},\"inLanguage\":\"en-US\",\"potentialAction\":[{\"@type\":\"ReadAction\",\"target\":[\"https:\\\/\\\/velarogverkfaeri.is\\\/verkfaeralausnir\\\/handverkfaeri\\\/verkfaerasett-handverkfaeri\\\/product\\\/kapro-842g-verkfaerasett\\\/\"]}]},{\"@type\":\"ImageObject\",\"inLanguage\":\"en-US\",\"@id\":\"https:\\\/\\\/velarogverkfaeri.is\\\/verkfaeralausnir\\\/handverkfaeri\\\/verkfaerasett-handverkfaeri\\\/product\\\/kapro-842g-verkfaerasett\\\/#primaryimage\",\"url\":\"https:\\\/\\\/velarogverkfaeri.is\\\/wp-content\\\/uploads\\\/2024\\\/08\\\/a728f313-30d7-4860-b595-2549e2a06465.png\",\"contentUrl\":\"https:\\\/\\\/velarogverkfaeri.is\\\/wp-content\\\/uploads\\\/2024\\\/08\\\/a728f313-30d7-4860-b595-2549e2a06465.png\",\"width\":656,\"height\":359},{\"@type\":\"BreadcrumbList\",\"@id\":\"https:\\\/\\\/velarogverkfaeri.is\\\/verkfaeralausnir\\\/handverkfaeri\\\/verkfaerasett-handverkfaeri\\\/product\\\/kapro-842g-verkfaerasett\\\/#breadcrumb\",\"itemListElement\":[{\"@type\":\"ListItem\",\"position\":1,\"name\":\"Home\",\"item\":\"https:\\\/\\\/velarogverkfaeri.is\\\/\"},{\"@type\":\"ListItem\",\"position\":2,\"name\":\"Vefverslun\",\"item\":\"https:\\\/\\\/velarogverkfaeri.is\\\/vefverslun\\\/\"},{\"@type\":\"ListItem\",\"position\":3,\"name\":\"KAPRO 842G Verkf\u00e6rasett\"}]},{\"@type\":\"WebSite\",\"@id\":\"https:\\\/\\\/velarogverkfaeri.is\\\/en\\\/#website\",\"url\":\"https:\\\/\\\/velarogverkfaeri.is\\\/en\\\/\",\"name\":\"V\u00e9lar & Verkf\u00e6ri\",\"description\":\"Umbo\u00f0s- og heildverslun fr\u00e1 \u00e1rinu 1919\",\"publisher\":{\"@id\":\"https:\\\/\\\/velarogverkfaeri.is\\\/en\\\/#organization\"},\"potentialAction\":[{\"@type\":\"SearchAction\",\"target\":{\"@type\":\"EntryPoint\",\"urlTemplate\":\"https:\\\/\\\/velarogverkfaeri.is\\\/en\\\/?s={search_term_string}\"},\"query-input\":{\"@type\":\"PropertyValueSpecification\",\"valueRequired\":true,\"valueName\":\"search_term_string\"}}],\"inLanguage\":\"en-US\"},{\"@type\":\"Organization\",\"@id\":\"https:\\\/\\\/velarogverkfaeri.is\\\/en\\\/#organization\",\"name\":\"V\u00e9lar & Verkf\u00e6ri\",\"url\":\"https:\\\/\\\/velarogverkfaeri.is\\\/en\\\/\",\"logo\":{\"@type\":\"ImageObject\",\"inLanguage\":\"en-US\",\"@id\":\"https:\\\/\\\/velarogverkfaeri.is\\\/en\\\/#\\\/schema\\\/logo\\\/image\\\/\",\"url\":\"https:\\\/\\\/velarogverkfaeri.is\\\/wp-content\\\/uploads\\\/2021\\\/10\\\/vv_logo_350x100.png\",\"contentUrl\":\"https:\\\/\\\/velarogverkfaeri.is\\\/wp-content\\\/uploads\\\/2021\\\/10\\\/vv_logo_350x100.png\",\"width\":350,\"height\":100,\"caption\":\"V\u00e9lar & Verkf\u00e6ri\"},\"image\":{\"@id\":\"https:\\\/\\\/velarogverkfaeri.is\\\/en\\\/#\\\/schema\\\/logo\\\/image\\\/\"},\"sameAs\":[\"https:\\\/\\\/www.facebook.com\\\/VelarOgVerkfaeri\"]}]}<\/script>\n<!-- \/ Yoast SEO plugin. -->","yoast_head_json":{"title":"KAPRO 842G Verkf\u00e6rasett - V\u00e9lar &amp; Verkf\u00e6ri","robots":{"index":"index","follow":"follow","max-snippet":"max-snippet:-1","max-image-preview":"max-image-preview:large","max-video-preview":"max-video-preview:-1"},"canonical":"https:\/\/velarogverkfaeri.is\/en\/verkfaeralausnir\/handverkfaeri\/verkfaerasett-handverkfaeri\/product\/kapro-842g-verkfaerasett\/","og_locale":"en_US","og_type":"article","og_title":"KAPRO 842G Verkf\u00e6rasett - V\u00e9lar &amp; Verkf\u00e6ri","og_description":"Tegund: 842G-A","og_url":"https:\/\/velarogverkfaeri.is\/en\/verkfaeralausnir\/handverkfaeri\/verkfaerasett-handverkfaeri\/product\/kapro-842g-verkfaerasett\/","og_site_name":"V\u00e9lar &amp; Verkf\u00e6ri","article_publisher":"https:\/\/www.facebook.com\/VelarOgVerkfaeri","article_modified_time":"2025-12-30T11:32:23+00:00","og_image":[{"width":656,"height":359,"url":"https:\/\/velarogverkfaeri.is\/wp-content\/uploads\/2024\/08\/a728f313-30d7-4860-b595-2549e2a06465.png","type":"image\/png"}],"twitter_card":"summary_large_image","twitter_misc":{"Est. reading time":"1 minute"},"schema":{"@context":"https:\/\/schema.org","@graph":[{"@type":"WebPage","@id":"https:\/\/velarogverkfaeri.is\/verkfaeralausnir\/handverkfaeri\/verkfaerasett-handverkfaeri\/product\/kapro-842g-verkfaerasett\/","url":"https:\/\/velarogverkfaeri.is\/verkfaeralausnir\/handverkfaeri\/verkfaerasett-handverkfaeri\/product\/kapro-842g-verkfaerasett\/","name":"KAPRO 842G Verkf\u00e6rasett - V\u00e9lar &amp; Verkf\u00e6ri","isPartOf":{"@id":"https:\/\/velarogverkfaeri.is\/en\/#website"},"primaryImageOfPage":{"@id":"https:\/\/velarogverkfaeri.is\/verkfaeralausnir\/handverkfaeri\/verkfaerasett-handverkfaeri\/product\/kapro-842g-verkfaerasett\/#primaryimage"},"image":{"@id":"https:\/\/velarogverkfaeri.is\/verkfaeralausnir\/handverkfaeri\/verkfaerasett-handverkfaeri\/product\/kapro-842g-verkfaerasett\/#primaryimage"},"thumbnailUrl":"https:\/\/velarogverkfaeri.is\/wp-content\/uploads\/2024\/08\/a728f313-30d7-4860-b595-2549e2a06465.png","datePublished":"2024-07-19T08:58:57+00:00","dateModified":"2025-12-30T11:32:23+00:00","breadcrumb":{"@id":"https:\/\/velarogverkfaeri.is\/verkfaeralausnir\/handverkfaeri\/verkfaerasett-handverkfaeri\/product\/kapro-842g-verkfaerasett\/#breadcrumb"},"inLanguage":"en-US","potentialAction":[{"@type":"ReadAction","target":["https:\/\/velarogverkfaeri.is\/verkfaeralausnir\/handverkfaeri\/verkfaerasett-handverkfaeri\/product\/kapro-842g-verkfaerasett\/"]}]},{"@type":"ImageObject","inLanguage":"en-US","@id":"https:\/\/velarogverkfaeri.is\/verkfaeralausnir\/handverkfaeri\/verkfaerasett-handverkfaeri\/product\/kapro-842g-verkfaerasett\/#primaryimage","url":"https:\/\/velarogverkfaeri.is\/wp-content\/uploads\/2024\/08\/a728f313-30d7-4860-b595-2549e2a06465.png","contentUrl":"https:\/\/velarogverkfaeri.is\/wp-content\/uploads\/2024\/08\/a728f313-30d7-4860-b595-2549e2a06465.png","width":656,"height":359},{"@type":"BreadcrumbList","@id":"https:\/\/velarogverkfaeri.is\/verkfaeralausnir\/handverkfaeri\/verkfaerasett-handverkfaeri\/product\/kapro-842g-verkfaerasett\/#breadcrumb","itemListElement":[{"@type":"ListItem","position":1,"name":"Home","item":"https:\/\/velarogverkfaeri.is\/"},{"@type":"ListItem","position":2,"name":"Vefverslun","item":"https:\/\/velarogverkfaeri.is\/vefverslun\/"},{"@type":"ListItem","position":3,"name":"KAPRO 842G Verkf\u00e6rasett"}]},{"@type":"WebSite","@id":"https:\/\/velarogverkfaeri.is\/en\/#website","url":"https:\/\/velarogverkfaeri.is\/en\/","name":"V\u00e9lar & Verkf\u00e6ri","description":"Umbo\u00f0s- og heildverslun fr\u00e1 \u00e1rinu 1919","publisher":{"@id":"https:\/\/velarogverkfaeri.is\/en\/#organization"},"potentialAction":[{"@type":"SearchAction","target":{"@type":"EntryPoint","urlTemplate":"https:\/\/velarogverkfaeri.is\/en\/?s={search_term_string}"},"query-input":{"@type":"PropertyValueSpecification","valueRequired":true,"valueName":"search_term_string"}}],"inLanguage":"en-US"},{"@type":"Organization","@id":"https:\/\/velarogverkfaeri.is\/en\/#organization","name":"V\u00e9lar & Verkf\u00e6ri","url":"https:\/\/velarogverkfaeri.is\/en\/","logo":{"@type":"ImageObject","inLanguage":"en-US","@id":"https:\/\/velarogverkfaeri.is\/en\/#\/schema\/logo\/image\/","url":"https:\/\/velarogverkfaeri.is\/wp-content\/uploads\/2021\/10\/vv_logo_350x100.png","contentUrl":"https:\/\/velarogverkfaeri.is\/wp-content\/uploads\/2021\/10\/vv_logo_350x100.png","width":350,"height":100,"caption":"V\u00e9lar & Verkf\u00e6ri"},"image":{"@id":"https:\/\/velarogverkfaeri.is\/en\/#\/schema\/logo\/image\/"},"sameAs":["https:\/\/www.facebook.com\/VelarOgVerkfaeri"]}]}},"_links":{"self":[{"href":"https:\/\/velarogverkfaeri.is\/en\/wp-json\/wp\/v2\/product\/62660","targetHints":{"allow":["GET"]}}],"collection":[{"href":"https:\/\/velarogverkfaeri.is\/en\/wp-json\/wp\/v2\/product"}],"about":[{"href":"https:\/\/velarogverkfaeri.is\/en\/wp-json\/wp\/v2\/types\/product"}],"replies":[{"embeddable":true,"href":"https:\/\/velarogverkfaeri.is\/en\/wp-json\/wp\/v2\/comments?post=62660"}],"wp:featuredmedia":[{"embeddable":true,"href":"https:\/\/velarogverkfaeri.is\/en\/wp-json\/wp\/v2\/media\/63094"}],"wp:attachment":[{"href":"https:\/\/velarogverkfaeri.is\/en\/wp-json\/wp\/v2\/media?parent=62660"}],"wp:term":[{"taxonomy":"product_brand","embeddable":true,"href":"https:\/\/velarogverkfaeri.is\/en\/wp-json\/wp\/v2\/product_brand?post=62660"},{"taxonomy":"product_cat","embeddable":true,"href":"https:\/\/velarogverkfaeri.is\/en\/wp-json\/wp\/v2\/product_cat?post=62660"},{"taxonomy":"product_tag","embeddable":true,"href":"https:\/\/velarogverkfaeri.is\/en\/wp-json\/wp\/v2\/product_tag?post=62660"}],"curies":[{"name":"wp","href":"https:\/\/api.w.org\/{rel}","templated":true}]}}