{"id":62431,"date":"2023-04-28T18:06:06","date_gmt":"2023-04-28T18:06:06","guid":{"rendered":"https:\/\/velarogverkfaeri.is\/uncategorized\/product\/mediclinics-studninngssla-lyfti\/"},"modified":"2026-04-30T11:45:35","modified_gmt":"2026-04-30T11:45:35","slug":"mediclinics-studninngssla-lyfti","status":"publish","type":"product","link":"https:\/\/velarogverkfaeri.is\/en\/lykillausnir\/badherbergi-lykillausnir\/studningsvorur-fyrir-fatlada\/product\/mediclinics-studninngssla-lyfti\/","title":{"rendered":"MEDICLINICS Stu\u00f0ninngssl\u00e1 Lyfti"},"content":{"rendered":"<p>\u2022 Stu\u00f0ningssl\u00e1 sem h\u00e6gt er a\u00f0 fella ni\u00f0ur me\u00f0 fellanlegum f\u00f3tastu\u00f0ningi og innbygg\u00f0um kl\u00f3settpapp\u00edrshaldara, \u00far 32 mm t\u00fapu \u00ed \u00feverm\u00e1l og hanna\u00f0 til a\u00f0 vera samanbrj\u00f3tanlegt, fullkomi\u00f0 til notkunar \u00ed takm\u00f6rku\u00f0u r\u00fdmi.<\/p>\n<p>\u2022 \u00d6ryggiskerfi sem hindrar st\u00f6ngina \u00ed l\u00f3\u00f0r\u00e9ttri st\u00f6\u00f0u til a\u00f0 koma \u00ed veg fyrir a\u00f0 h\u00fan detti fyrir slysni.<\/p>\n<p>\u2022 \u00deessi vara er h\u00f6nnu\u00f0 fyrir ba\u00f0herbergi sem eru a\u00f0l\u00f6gu\u00f0 fyrir f\u00f3lk me\u00f0 margv\u00edslega f\u00f6tlun e\u00f0a hreyfierfi\u00f0leika og hentar vel sem stu\u00f0ning vi\u00f0 handlaugar, salerni, skolsk\u00e1lar, sturtur og ba\u00f0kar. Tilvali\u00f0 \u00e1 einkaheimilum, almenningskl\u00f3settum fyrir fatla\u00f0a, \u00e1 sj\u00fakrah\u00fasum, hj\u00fakrunarheimilum og a\u00f0st\u00f6\u00f0u fyrir a\u00f0sto\u00f0.<\/p>\n<p>\u2022 R\u00e6r og boltar \u00far ry\u00f0fr\u00edu st\u00e1li fylgja me\u00f0 fyrir m\u00farveggi.<\/p>","protected":false},"excerpt":{"rendered":"<p>Tegund:&nbsp;BGA0820CS<\/p>","protected":false},"featured_media":62430,"comment_status":"closed","ping_status":"closed","template":"","meta":[],"product_brand":[],"product_cat":[580,517,629],"product_tag":[],"class_list":{"0":"post-62431","1":"product","2":"type-product","3":"status-publish","4":"has-post-thumbnail","6":"product_cat-badherbergi-lykillausnir","7":"product_cat-lykillausnir","8":"product_cat-studningsvorur-fyrir-fatlada","10":"first","11":"instock","12":"taxable","13":"shipping-taxable","14":"purchasable","15":"product-type-simple"},"yoast_head":"<!-- This site is optimized with the Yoast SEO plugin v27.3 - https:\/\/yoast.com\/product\/yoast-seo-wordpress\/ -->\n<title>MEDICLINICS Stu\u00f0ninngssl\u00e1 Lyfti - V\u00e9lar &amp; Verkf\u00e6ri<\/title>\n<meta name=\"robots\" content=\"index, follow, max-snippet:-1, max-image-preview:large, max-video-preview:-1\" \/>\n<link rel=\"canonical\" href=\"https:\/\/velarogverkfaeri.is\/en\/lykillausnir\/badherbergi-lykillausnir\/studningsvorur-fyrir-fatlada\/product\/mediclinics-studninngssla-lyfti\/\" \/>\n<meta property=\"og:locale\" content=\"en_US\" \/>\n<meta property=\"og:type\" content=\"article\" \/>\n<meta property=\"og:title\" content=\"MEDICLINICS Stu\u00f0ninngssl\u00e1 Lyfti - V\u00e9lar &amp; Verkf\u00e6ri\" \/>\n<meta property=\"og:description\" content=\"Tegund:&nbsp;BGA0820CS\" \/>\n<meta property=\"og:url\" content=\"https:\/\/velarogverkfaeri.is\/en\/lykillausnir\/badherbergi-lykillausnir\/studningsvorur-fyrir-fatlada\/product\/mediclinics-studninngssla-lyfti\/\" \/>\n<meta property=\"og:site_name\" content=\"V\u00e9lar &amp; Verkf\u00e6ri\" \/>\n<meta property=\"article:publisher\" content=\"https:\/\/www.facebook.com\/VelarOgVerkfaeri\" \/>\n<meta property=\"article:modified_time\" content=\"2026-04-30T11:45:35+00:00\" \/>\n<meta property=\"og:image\" content=\"https:\/\/velarogverkfaeri.is\/wp-content\/uploads\/2024\/07\/ff5285c8-2ec4-4d24-b3e6-29feb5633f19.jpg\" \/>\n\t<meta property=\"og:image:width\" content=\"1181\" \/>\n\t<meta property=\"og:image:height\" content=\"1419\" \/>\n\t<meta property=\"og:image:type\" content=\"image\/jpeg\" \/>\n<meta name=\"twitter:card\" content=\"summary_large_image\" \/>\n<meta name=\"twitter:label1\" content=\"Est. reading time\" \/>\n\t<meta name=\"twitter:data1\" content=\"1 minute\" \/>\n<script type=\"application\/ld+json\" class=\"yoast-schema-graph\">{\"@context\":\"https:\\\/\\\/schema.org\",\"@graph\":[{\"@type\":\"WebPage\",\"@id\":\"https:\\\/\\\/velarogverkfaeri.is\\\/lykillausnir\\\/badherbergi-lykillausnir\\\/studningsvorur-fyrir-fatlada\\\/product\\\/mediclinics-studninngssla-lyfti\\\/\",\"url\":\"https:\\\/\\\/velarogverkfaeri.is\\\/lykillausnir\\\/badherbergi-lykillausnir\\\/studningsvorur-fyrir-fatlada\\\/product\\\/mediclinics-studninngssla-lyfti\\\/\",\"name\":\"MEDICLINICS Stu\u00f0ninngssl\u00e1 Lyfti - V\u00e9lar &amp; Verkf\u00e6ri\",\"isPartOf\":{\"@id\":\"https:\\\/\\\/velarogverkfaeri.is\\\/en\\\/#website\"},\"primaryImageOfPage\":{\"@id\":\"https:\\\/\\\/velarogverkfaeri.is\\\/lykillausnir\\\/badherbergi-lykillausnir\\\/studningsvorur-fyrir-fatlada\\\/product\\\/mediclinics-studninngssla-lyfti\\\/#primaryimage\"},\"image\":{\"@id\":\"https:\\\/\\\/velarogverkfaeri.is\\\/lykillausnir\\\/badherbergi-lykillausnir\\\/studningsvorur-fyrir-fatlada\\\/product\\\/mediclinics-studninngssla-lyfti\\\/#primaryimage\"},\"thumbnailUrl\":\"https:\\\/\\\/velarogverkfaeri.is\\\/wp-content\\\/uploads\\\/2024\\\/07\\\/ff5285c8-2ec4-4d24-b3e6-29feb5633f19.jpg\",\"datePublished\":\"2023-04-28T18:06:06+00:00\",\"dateModified\":\"2026-04-30T11:45:35+00:00\",\"breadcrumb\":{\"@id\":\"https:\\\/\\\/velarogverkfaeri.is\\\/lykillausnir\\\/badherbergi-lykillausnir\\\/studningsvorur-fyrir-fatlada\\\/product\\\/mediclinics-studninngssla-lyfti\\\/#breadcrumb\"},\"inLanguage\":\"en-US\",\"potentialAction\":[{\"@type\":\"ReadAction\",\"target\":[\"https:\\\/\\\/velarogverkfaeri.is\\\/lykillausnir\\\/badherbergi-lykillausnir\\\/studningsvorur-fyrir-fatlada\\\/product\\\/mediclinics-studninngssla-lyfti\\\/\"]}]},{\"@type\":\"ImageObject\",\"inLanguage\":\"en-US\",\"@id\":\"https:\\\/\\\/velarogverkfaeri.is\\\/lykillausnir\\\/badherbergi-lykillausnir\\\/studningsvorur-fyrir-fatlada\\\/product\\\/mediclinics-studninngssla-lyfti\\\/#primaryimage\",\"url\":\"https:\\\/\\\/velarogverkfaeri.is\\\/wp-content\\\/uploads\\\/2024\\\/07\\\/ff5285c8-2ec4-4d24-b3e6-29feb5633f19.jpg\",\"contentUrl\":\"https:\\\/\\\/velarogverkfaeri.is\\\/wp-content\\\/uploads\\\/2024\\\/07\\\/ff5285c8-2ec4-4d24-b3e6-29feb5633f19.jpg\",\"width\":1181,\"height\":1419},{\"@type\":\"BreadcrumbList\",\"@id\":\"https:\\\/\\\/velarogverkfaeri.is\\\/lykillausnir\\\/badherbergi-lykillausnir\\\/studningsvorur-fyrir-fatlada\\\/product\\\/mediclinics-studninngssla-lyfti\\\/#breadcrumb\",\"itemListElement\":[{\"@type\":\"ListItem\",\"position\":1,\"name\":\"Home\",\"item\":\"https:\\\/\\\/velarogverkfaeri.is\\\/\"},{\"@type\":\"ListItem\",\"position\":2,\"name\":\"Vefverslun\",\"item\":\"https:\\\/\\\/velarogverkfaeri.is\\\/vefverslun\\\/\"},{\"@type\":\"ListItem\",\"position\":3,\"name\":\"MEDICLINICS Stu\u00f0ninngssl\u00e1 Lyfti\"}]},{\"@type\":\"WebSite\",\"@id\":\"https:\\\/\\\/velarogverkfaeri.is\\\/en\\\/#website\",\"url\":\"https:\\\/\\\/velarogverkfaeri.is\\\/en\\\/\",\"name\":\"V\u00e9lar & Verkf\u00e6ri\",\"description\":\"Umbo\u00f0s- og heildverslun fr\u00e1 \u00e1rinu 1919\",\"publisher\":{\"@id\":\"https:\\\/\\\/velarogverkfaeri.is\\\/en\\\/#organization\"},\"potentialAction\":[{\"@type\":\"SearchAction\",\"target\":{\"@type\":\"EntryPoint\",\"urlTemplate\":\"https:\\\/\\\/velarogverkfaeri.is\\\/en\\\/?s={search_term_string}\"},\"query-input\":{\"@type\":\"PropertyValueSpecification\",\"valueRequired\":true,\"valueName\":\"search_term_string\"}}],\"inLanguage\":\"en-US\"},{\"@type\":\"Organization\",\"@id\":\"https:\\\/\\\/velarogverkfaeri.is\\\/en\\\/#organization\",\"name\":\"V\u00e9lar & Verkf\u00e6ri\",\"url\":\"https:\\\/\\\/velarogverkfaeri.is\\\/en\\\/\",\"logo\":{\"@type\":\"ImageObject\",\"inLanguage\":\"en-US\",\"@id\":\"https:\\\/\\\/velarogverkfaeri.is\\\/en\\\/#\\\/schema\\\/logo\\\/image\\\/\",\"url\":\"https:\\\/\\\/velarogverkfaeri.is\\\/wp-content\\\/uploads\\\/2021\\\/10\\\/vv_logo_350x100.png\",\"contentUrl\":\"https:\\\/\\\/velarogverkfaeri.is\\\/wp-content\\\/uploads\\\/2021\\\/10\\\/vv_logo_350x100.png\",\"width\":350,\"height\":100,\"caption\":\"V\u00e9lar & Verkf\u00e6ri\"},\"image\":{\"@id\":\"https:\\\/\\\/velarogverkfaeri.is\\\/en\\\/#\\\/schema\\\/logo\\\/image\\\/\"},\"sameAs\":[\"https:\\\/\\\/www.facebook.com\\\/VelarOgVerkfaeri\"]}]}<\/script>\n<!-- \/ Yoast SEO plugin. -->","yoast_head_json":{"title":"MEDICLINICS Stu\u00f0ninngssl\u00e1 Lyfti - V\u00e9lar &amp; Verkf\u00e6ri","robots":{"index":"index","follow":"follow","max-snippet":"max-snippet:-1","max-image-preview":"max-image-preview:large","max-video-preview":"max-video-preview:-1"},"canonical":"https:\/\/velarogverkfaeri.is\/en\/lykillausnir\/badherbergi-lykillausnir\/studningsvorur-fyrir-fatlada\/product\/mediclinics-studninngssla-lyfti\/","og_locale":"en_US","og_type":"article","og_title":"MEDICLINICS Stu\u00f0ninngssl\u00e1 Lyfti - V\u00e9lar &amp; Verkf\u00e6ri","og_description":"Tegund:&nbsp;BGA0820CS","og_url":"https:\/\/velarogverkfaeri.is\/en\/lykillausnir\/badherbergi-lykillausnir\/studningsvorur-fyrir-fatlada\/product\/mediclinics-studninngssla-lyfti\/","og_site_name":"V\u00e9lar &amp; Verkf\u00e6ri","article_publisher":"https:\/\/www.facebook.com\/VelarOgVerkfaeri","article_modified_time":"2026-04-30T11:45:35+00:00","og_image":[{"width":1181,"height":1419,"url":"https:\/\/velarogverkfaeri.is\/wp-content\/uploads\/2024\/07\/ff5285c8-2ec4-4d24-b3e6-29feb5633f19.jpg","type":"image\/jpeg"}],"twitter_card":"summary_large_image","twitter_misc":{"Est. reading time":"1 minute"},"schema":{"@context":"https:\/\/schema.org","@graph":[{"@type":"WebPage","@id":"https:\/\/velarogverkfaeri.is\/lykillausnir\/badherbergi-lykillausnir\/studningsvorur-fyrir-fatlada\/product\/mediclinics-studninngssla-lyfti\/","url":"https:\/\/velarogverkfaeri.is\/lykillausnir\/badherbergi-lykillausnir\/studningsvorur-fyrir-fatlada\/product\/mediclinics-studninngssla-lyfti\/","name":"MEDICLINICS Stu\u00f0ninngssl\u00e1 Lyfti - V\u00e9lar &amp; Verkf\u00e6ri","isPartOf":{"@id":"https:\/\/velarogverkfaeri.is\/en\/#website"},"primaryImageOfPage":{"@id":"https:\/\/velarogverkfaeri.is\/lykillausnir\/badherbergi-lykillausnir\/studningsvorur-fyrir-fatlada\/product\/mediclinics-studninngssla-lyfti\/#primaryimage"},"image":{"@id":"https:\/\/velarogverkfaeri.is\/lykillausnir\/badherbergi-lykillausnir\/studningsvorur-fyrir-fatlada\/product\/mediclinics-studninngssla-lyfti\/#primaryimage"},"thumbnailUrl":"https:\/\/velarogverkfaeri.is\/wp-content\/uploads\/2024\/07\/ff5285c8-2ec4-4d24-b3e6-29feb5633f19.jpg","datePublished":"2023-04-28T18:06:06+00:00","dateModified":"2026-04-30T11:45:35+00:00","breadcrumb":{"@id":"https:\/\/velarogverkfaeri.is\/lykillausnir\/badherbergi-lykillausnir\/studningsvorur-fyrir-fatlada\/product\/mediclinics-studninngssla-lyfti\/#breadcrumb"},"inLanguage":"en-US","potentialAction":[{"@type":"ReadAction","target":["https:\/\/velarogverkfaeri.is\/lykillausnir\/badherbergi-lykillausnir\/studningsvorur-fyrir-fatlada\/product\/mediclinics-studninngssla-lyfti\/"]}]},{"@type":"ImageObject","inLanguage":"en-US","@id":"https:\/\/velarogverkfaeri.is\/lykillausnir\/badherbergi-lykillausnir\/studningsvorur-fyrir-fatlada\/product\/mediclinics-studninngssla-lyfti\/#primaryimage","url":"https:\/\/velarogverkfaeri.is\/wp-content\/uploads\/2024\/07\/ff5285c8-2ec4-4d24-b3e6-29feb5633f19.jpg","contentUrl":"https:\/\/velarogverkfaeri.is\/wp-content\/uploads\/2024\/07\/ff5285c8-2ec4-4d24-b3e6-29feb5633f19.jpg","width":1181,"height":1419},{"@type":"BreadcrumbList","@id":"https:\/\/velarogverkfaeri.is\/lykillausnir\/badherbergi-lykillausnir\/studningsvorur-fyrir-fatlada\/product\/mediclinics-studninngssla-lyfti\/#breadcrumb","itemListElement":[{"@type":"ListItem","position":1,"name":"Home","item":"https:\/\/velarogverkfaeri.is\/"},{"@type":"ListItem","position":2,"name":"Vefverslun","item":"https:\/\/velarogverkfaeri.is\/vefverslun\/"},{"@type":"ListItem","position":3,"name":"MEDICLINICS Stu\u00f0ninngssl\u00e1 Lyfti"}]},{"@type":"WebSite","@id":"https:\/\/velarogverkfaeri.is\/en\/#website","url":"https:\/\/velarogverkfaeri.is\/en\/","name":"V\u00e9lar & Verkf\u00e6ri","description":"Umbo\u00f0s- og heildverslun fr\u00e1 \u00e1rinu 1919","publisher":{"@id":"https:\/\/velarogverkfaeri.is\/en\/#organization"},"potentialAction":[{"@type":"SearchAction","target":{"@type":"EntryPoint","urlTemplate":"https:\/\/velarogverkfaeri.is\/en\/?s={search_term_string}"},"query-input":{"@type":"PropertyValueSpecification","valueRequired":true,"valueName":"search_term_string"}}],"inLanguage":"en-US"},{"@type":"Organization","@id":"https:\/\/velarogverkfaeri.is\/en\/#organization","name":"V\u00e9lar & Verkf\u00e6ri","url":"https:\/\/velarogverkfaeri.is\/en\/","logo":{"@type":"ImageObject","inLanguage":"en-US","@id":"https:\/\/velarogverkfaeri.is\/en\/#\/schema\/logo\/image\/","url":"https:\/\/velarogverkfaeri.is\/wp-content\/uploads\/2021\/10\/vv_logo_350x100.png","contentUrl":"https:\/\/velarogverkfaeri.is\/wp-content\/uploads\/2021\/10\/vv_logo_350x100.png","width":350,"height":100,"caption":"V\u00e9lar & Verkf\u00e6ri"},"image":{"@id":"https:\/\/velarogverkfaeri.is\/en\/#\/schema\/logo\/image\/"},"sameAs":["https:\/\/www.facebook.com\/VelarOgVerkfaeri"]}]}},"_links":{"self":[{"href":"https:\/\/velarogverkfaeri.is\/en\/wp-json\/wp\/v2\/product\/62431","targetHints":{"allow":["GET"]}}],"collection":[{"href":"https:\/\/velarogverkfaeri.is\/en\/wp-json\/wp\/v2\/product"}],"about":[{"href":"https:\/\/velarogverkfaeri.is\/en\/wp-json\/wp\/v2\/types\/product"}],"replies":[{"embeddable":true,"href":"https:\/\/velarogverkfaeri.is\/en\/wp-json\/wp\/v2\/comments?post=62431"}],"wp:featuredmedia":[{"embeddable":true,"href":"https:\/\/velarogverkfaeri.is\/en\/wp-json\/wp\/v2\/media\/62430"}],"wp:attachment":[{"href":"https:\/\/velarogverkfaeri.is\/en\/wp-json\/wp\/v2\/media?parent=62431"}],"wp:term":[{"taxonomy":"product_brand","embeddable":true,"href":"https:\/\/velarogverkfaeri.is\/en\/wp-json\/wp\/v2\/product_brand?post=62431"},{"taxonomy":"product_cat","embeddable":true,"href":"https:\/\/velarogverkfaeri.is\/en\/wp-json\/wp\/v2\/product_cat?post=62431"},{"taxonomy":"product_tag","embeddable":true,"href":"https:\/\/velarogverkfaeri.is\/en\/wp-json\/wp\/v2\/product_tag?post=62431"}],"curies":[{"name":"wp","href":"https:\/\/api.w.org\/{rel}","templated":true}]}}