{"id":62418,"date":"2023-04-28T17:50:05","date_gmt":"2023-04-28T17:50:05","guid":{"rendered":"https:\/\/velarogverkfaeri.is\/uncategorized\/product\/frost-nova2-lok-yfir-festingu-a-armstudningi-2\/"},"modified":"2026-02-17T13:16:35","modified_gmt":"2026-02-17T13:16:35","slug":"frost-nova2-lok-yfir-festingu-a-armstudningi-2","status":"publish","type":"product","link":"https:\/\/velarogverkfaeri.is\/en\/honnunarlausnir\/badherbergi\/studningsvorur-badherbergi\/product\/frost-nova2-lok-yfir-festingu-a-armstudningi-2\/","title":{"rendered":"FROST Nova2 Lok yfir festingu \u00e1 armstu\u00f0ningi Ry\u00f0fr\u00edtt burst. 42&#215;42 mm N1961-1"},"content":{"rendered":"<p><font face=\"Helvetica\"><span style=\"font-size: 16px;\">Ef armstu\u00f0ningur er fjarl\u00e6g\u00f0ur eru hl\u00edf\u00f0arhnappar nota\u00f0ir til a\u00f0 fela festingar fyrir handlegginn.<\/span><\/font><\/p>\n<p><font face=\"Helvetica\"><span style=\"font-size: 16px;\">Bakplatan er keypt \u00e1samt armstu\u00f0ningi.<\/span><\/font><\/p>\n<p><font face=\"Helvetica\"><span style=\"font-size: 16px;\">D\u00fdpt: 42 mm<\/span><\/font><\/p>\n<p><font face=\"Helvetica\"><span style=\"font-size: 16px;\">\u00deverm\u00e1l: 42 mm<\/span><\/font><\/p>\n<p><font face=\"Helvetica\"><span style=\"font-size: 16px;\">Efni: Ry\u00f0fr\u00edtt st\u00e1l<\/span><\/font><\/p>\n<p><font face=\"Helvetica\"><span style=\"font-size: 16px;\">Litur: Bursta\u00f0ur ry\u00f0fr\u00edtt<\/span><\/font><\/p>","protected":false},"excerpt":{"rendered":"<p>Tegund:&nbsp;N1961-1<\/p>","protected":false},"featured_media":62417,"comment_status":"closed","ping_status":"closed","template":"","meta":[],"product_brand":[],"product_cat":[542,518,1130],"product_tag":[1076,1012],"class_list":{"0":"post-62418","1":"product","2":"type-product","3":"status-publish","4":"has-post-thumbnail","6":"product_cat-badherbergi","7":"product_cat-honnunarlausnir","8":"product_cat-studningsvorur-badherbergi","9":"product_tag-burstadrydfritt","10":"product_tag-frost","12":"first","13":"instock","14":"taxable","15":"shipping-taxable","16":"purchasable","17":"product-type-simple"},"yoast_head":"<!-- This site is optimized with the Yoast SEO plugin v27.3 - https:\/\/yoast.com\/product\/yoast-seo-wordpress\/ -->\n<title>FROST Nova2 Lok yfir festingu \u00e1 armstu\u00f0ningi Ry\u00f0fr\u00edtt burst. 42x42 mm N1961-1 - V\u00e9lar &amp; Verkf\u00e6ri<\/title>\n<meta name=\"robots\" content=\"index, follow, max-snippet:-1, max-image-preview:large, max-video-preview:-1\" \/>\n<link rel=\"canonical\" href=\"https:\/\/velarogverkfaeri.is\/en\/lykillausnir\/badherbergi-lykillausnir\/studningsvorur-fyrir-fatlada\/product\/frost-nova2-lok-yfir-festingu-a-armstudningi-2\/\" \/>\n<meta property=\"og:locale\" content=\"en_US\" \/>\n<meta property=\"og:type\" content=\"article\" \/>\n<meta property=\"og:title\" content=\"FROST Nova2 Lok yfir festingu \u00e1 armstu\u00f0ningi Ry\u00f0fr\u00edtt burst. 42x42 mm N1961-1 - V\u00e9lar &amp; Verkf\u00e6ri\" \/>\n<meta property=\"og:description\" content=\"Tegund:&nbsp;N1961-1\" \/>\n<meta property=\"og:url\" content=\"https:\/\/velarogverkfaeri.is\/en\/lykillausnir\/badherbergi-lykillausnir\/studningsvorur-fyrir-fatlada\/product\/frost-nova2-lok-yfir-festingu-a-armstudningi-2\/\" \/>\n<meta property=\"og:site_name\" content=\"V\u00e9lar &amp; Verkf\u00e6ri\" \/>\n<meta property=\"article:publisher\" content=\"https:\/\/www.facebook.com\/VelarOgVerkfaeri\" \/>\n<meta property=\"article:modified_time\" content=\"2026-02-17T13:16:35+00:00\" \/>\n<meta property=\"og:image\" content=\"https:\/\/velarogverkfaeri.is\/wp-content\/uploads\/2024\/07\/d4b62cb1-c053-438c-abd4-bc383c3ffbc8.jpg\" \/>\n\t<meta property=\"og:image:width\" content=\"950\" \/>\n\t<meta property=\"og:image:height\" content=\"1006\" \/>\n\t<meta property=\"og:image:type\" content=\"image\/jpeg\" \/>\n<meta name=\"twitter:card\" content=\"summary_large_image\" \/>\n<script type=\"application\/ld+json\" class=\"yoast-schema-graph\">{\"@context\":\"https:\\\/\\\/schema.org\",\"@graph\":[{\"@type\":\"WebPage\",\"@id\":\"https:\\\/\\\/velarogverkfaeri.is\\\/lykillausnir\\\/badherbergi-lykillausnir\\\/studningsvorur-fyrir-fatlada\\\/product\\\/frost-nova2-lok-yfir-festingu-a-armstudningi-2\\\/\",\"url\":\"https:\\\/\\\/velarogverkfaeri.is\\\/lykillausnir\\\/badherbergi-lykillausnir\\\/studningsvorur-fyrir-fatlada\\\/product\\\/frost-nova2-lok-yfir-festingu-a-armstudningi-2\\\/\",\"name\":\"FROST Nova2 Lok yfir festingu \u00e1 armstu\u00f0ningi Ry\u00f0fr\u00edtt burst. 42x42 mm N1961-1 - V\u00e9lar &amp; Verkf\u00e6ri\",\"isPartOf\":{\"@id\":\"https:\\\/\\\/velarogverkfaeri.is\\\/en\\\/#website\"},\"primaryImageOfPage\":{\"@id\":\"https:\\\/\\\/velarogverkfaeri.is\\\/lykillausnir\\\/badherbergi-lykillausnir\\\/studningsvorur-fyrir-fatlada\\\/product\\\/frost-nova2-lok-yfir-festingu-a-armstudningi-2\\\/#primaryimage\"},\"image\":{\"@id\":\"https:\\\/\\\/velarogverkfaeri.is\\\/lykillausnir\\\/badherbergi-lykillausnir\\\/studningsvorur-fyrir-fatlada\\\/product\\\/frost-nova2-lok-yfir-festingu-a-armstudningi-2\\\/#primaryimage\"},\"thumbnailUrl\":\"https:\\\/\\\/velarogverkfaeri.is\\\/wp-content\\\/uploads\\\/2024\\\/07\\\/d4b62cb1-c053-438c-abd4-bc383c3ffbc8.jpg\",\"datePublished\":\"2023-04-28T17:50:05+00:00\",\"dateModified\":\"2026-02-17T13:16:35+00:00\",\"breadcrumb\":{\"@id\":\"https:\\\/\\\/velarogverkfaeri.is\\\/lykillausnir\\\/badherbergi-lykillausnir\\\/studningsvorur-fyrir-fatlada\\\/product\\\/frost-nova2-lok-yfir-festingu-a-armstudningi-2\\\/#breadcrumb\"},\"inLanguage\":\"en-US\",\"potentialAction\":[{\"@type\":\"ReadAction\",\"target\":[\"https:\\\/\\\/velarogverkfaeri.is\\\/lykillausnir\\\/badherbergi-lykillausnir\\\/studningsvorur-fyrir-fatlada\\\/product\\\/frost-nova2-lok-yfir-festingu-a-armstudningi-2\\\/\"]}]},{\"@type\":\"ImageObject\",\"inLanguage\":\"en-US\",\"@id\":\"https:\\\/\\\/velarogverkfaeri.is\\\/lykillausnir\\\/badherbergi-lykillausnir\\\/studningsvorur-fyrir-fatlada\\\/product\\\/frost-nova2-lok-yfir-festingu-a-armstudningi-2\\\/#primaryimage\",\"url\":\"https:\\\/\\\/velarogverkfaeri.is\\\/wp-content\\\/uploads\\\/2024\\\/07\\\/d4b62cb1-c053-438c-abd4-bc383c3ffbc8.jpg\",\"contentUrl\":\"https:\\\/\\\/velarogverkfaeri.is\\\/wp-content\\\/uploads\\\/2024\\\/07\\\/d4b62cb1-c053-438c-abd4-bc383c3ffbc8.jpg\",\"width\":950,\"height\":1006},{\"@type\":\"BreadcrumbList\",\"@id\":\"https:\\\/\\\/velarogverkfaeri.is\\\/lykillausnir\\\/badherbergi-lykillausnir\\\/studningsvorur-fyrir-fatlada\\\/product\\\/frost-nova2-lok-yfir-festingu-a-armstudningi-2\\\/#breadcrumb\",\"itemListElement\":[{\"@type\":\"ListItem\",\"position\":1,\"name\":\"Home\",\"item\":\"https:\\\/\\\/velarogverkfaeri.is\\\/\"},{\"@type\":\"ListItem\",\"position\":2,\"name\":\"Vefverslun\",\"item\":\"https:\\\/\\\/velarogverkfaeri.is\\\/vefverslun\\\/\"},{\"@type\":\"ListItem\",\"position\":3,\"name\":\"FROST Nova2 Lok yfir festingu \u00e1 armstu\u00f0ningi Ry\u00f0fr\u00edtt burst. 42&#215;42 mm N1961-1\"}]},{\"@type\":\"WebSite\",\"@id\":\"https:\\\/\\\/velarogverkfaeri.is\\\/en\\\/#website\",\"url\":\"https:\\\/\\\/velarogverkfaeri.is\\\/en\\\/\",\"name\":\"V\u00e9lar & Verkf\u00e6ri\",\"description\":\"Umbo\u00f0s- og heildverslun fr\u00e1 \u00e1rinu 1919\",\"publisher\":{\"@id\":\"https:\\\/\\\/velarogverkfaeri.is\\\/en\\\/#organization\"},\"potentialAction\":[{\"@type\":\"SearchAction\",\"target\":{\"@type\":\"EntryPoint\",\"urlTemplate\":\"https:\\\/\\\/velarogverkfaeri.is\\\/en\\\/?s={search_term_string}\"},\"query-input\":{\"@type\":\"PropertyValueSpecification\",\"valueRequired\":true,\"valueName\":\"search_term_string\"}}],\"inLanguage\":\"en-US\"},{\"@type\":\"Organization\",\"@id\":\"https:\\\/\\\/velarogverkfaeri.is\\\/en\\\/#organization\",\"name\":\"V\u00e9lar & Verkf\u00e6ri\",\"url\":\"https:\\\/\\\/velarogverkfaeri.is\\\/en\\\/\",\"logo\":{\"@type\":\"ImageObject\",\"inLanguage\":\"en-US\",\"@id\":\"https:\\\/\\\/velarogverkfaeri.is\\\/en\\\/#\\\/schema\\\/logo\\\/image\\\/\",\"url\":\"https:\\\/\\\/velarogverkfaeri.is\\\/wp-content\\\/uploads\\\/2021\\\/10\\\/vv_logo_350x100.png\",\"contentUrl\":\"https:\\\/\\\/velarogverkfaeri.is\\\/wp-content\\\/uploads\\\/2021\\\/10\\\/vv_logo_350x100.png\",\"width\":350,\"height\":100,\"caption\":\"V\u00e9lar & Verkf\u00e6ri\"},\"image\":{\"@id\":\"https:\\\/\\\/velarogverkfaeri.is\\\/en\\\/#\\\/schema\\\/logo\\\/image\\\/\"},\"sameAs\":[\"https:\\\/\\\/www.facebook.com\\\/VelarOgVerkfaeri\"]}]}<\/script>\n<!-- \/ Yoast SEO plugin. -->","yoast_head_json":{"title":"FROST Nova2 Lok yfir festingu \u00e1 armstu\u00f0ningi Ry\u00f0fr\u00edtt burst. 42x42 mm N1961-1 - V\u00e9lar &amp; Verkf\u00e6ri","robots":{"index":"index","follow":"follow","max-snippet":"max-snippet:-1","max-image-preview":"max-image-preview:large","max-video-preview":"max-video-preview:-1"},"canonical":"https:\/\/velarogverkfaeri.is\/en\/lykillausnir\/badherbergi-lykillausnir\/studningsvorur-fyrir-fatlada\/product\/frost-nova2-lok-yfir-festingu-a-armstudningi-2\/","og_locale":"en_US","og_type":"article","og_title":"FROST Nova2 Lok yfir festingu \u00e1 armstu\u00f0ningi Ry\u00f0fr\u00edtt burst. 42x42 mm N1961-1 - V\u00e9lar &amp; Verkf\u00e6ri","og_description":"Tegund:&nbsp;N1961-1","og_url":"https:\/\/velarogverkfaeri.is\/en\/lykillausnir\/badherbergi-lykillausnir\/studningsvorur-fyrir-fatlada\/product\/frost-nova2-lok-yfir-festingu-a-armstudningi-2\/","og_site_name":"V\u00e9lar &amp; Verkf\u00e6ri","article_publisher":"https:\/\/www.facebook.com\/VelarOgVerkfaeri","article_modified_time":"2026-02-17T13:16:35+00:00","og_image":[{"width":950,"height":1006,"url":"https:\/\/velarogverkfaeri.is\/wp-content\/uploads\/2024\/07\/d4b62cb1-c053-438c-abd4-bc383c3ffbc8.jpg","type":"image\/jpeg"}],"twitter_card":"summary_large_image","schema":{"@context":"https:\/\/schema.org","@graph":[{"@type":"WebPage","@id":"https:\/\/velarogverkfaeri.is\/lykillausnir\/badherbergi-lykillausnir\/studningsvorur-fyrir-fatlada\/product\/frost-nova2-lok-yfir-festingu-a-armstudningi-2\/","url":"https:\/\/velarogverkfaeri.is\/lykillausnir\/badherbergi-lykillausnir\/studningsvorur-fyrir-fatlada\/product\/frost-nova2-lok-yfir-festingu-a-armstudningi-2\/","name":"FROST Nova2 Lok yfir festingu \u00e1 armstu\u00f0ningi Ry\u00f0fr\u00edtt burst. 42x42 mm N1961-1 - V\u00e9lar &amp; Verkf\u00e6ri","isPartOf":{"@id":"https:\/\/velarogverkfaeri.is\/en\/#website"},"primaryImageOfPage":{"@id":"https:\/\/velarogverkfaeri.is\/lykillausnir\/badherbergi-lykillausnir\/studningsvorur-fyrir-fatlada\/product\/frost-nova2-lok-yfir-festingu-a-armstudningi-2\/#primaryimage"},"image":{"@id":"https:\/\/velarogverkfaeri.is\/lykillausnir\/badherbergi-lykillausnir\/studningsvorur-fyrir-fatlada\/product\/frost-nova2-lok-yfir-festingu-a-armstudningi-2\/#primaryimage"},"thumbnailUrl":"https:\/\/velarogverkfaeri.is\/wp-content\/uploads\/2024\/07\/d4b62cb1-c053-438c-abd4-bc383c3ffbc8.jpg","datePublished":"2023-04-28T17:50:05+00:00","dateModified":"2026-02-17T13:16:35+00:00","breadcrumb":{"@id":"https:\/\/velarogverkfaeri.is\/lykillausnir\/badherbergi-lykillausnir\/studningsvorur-fyrir-fatlada\/product\/frost-nova2-lok-yfir-festingu-a-armstudningi-2\/#breadcrumb"},"inLanguage":"en-US","potentialAction":[{"@type":"ReadAction","target":["https:\/\/velarogverkfaeri.is\/lykillausnir\/badherbergi-lykillausnir\/studningsvorur-fyrir-fatlada\/product\/frost-nova2-lok-yfir-festingu-a-armstudningi-2\/"]}]},{"@type":"ImageObject","inLanguage":"en-US","@id":"https:\/\/velarogverkfaeri.is\/lykillausnir\/badherbergi-lykillausnir\/studningsvorur-fyrir-fatlada\/product\/frost-nova2-lok-yfir-festingu-a-armstudningi-2\/#primaryimage","url":"https:\/\/velarogverkfaeri.is\/wp-content\/uploads\/2024\/07\/d4b62cb1-c053-438c-abd4-bc383c3ffbc8.jpg","contentUrl":"https:\/\/velarogverkfaeri.is\/wp-content\/uploads\/2024\/07\/d4b62cb1-c053-438c-abd4-bc383c3ffbc8.jpg","width":950,"height":1006},{"@type":"BreadcrumbList","@id":"https:\/\/velarogverkfaeri.is\/lykillausnir\/badherbergi-lykillausnir\/studningsvorur-fyrir-fatlada\/product\/frost-nova2-lok-yfir-festingu-a-armstudningi-2\/#breadcrumb","itemListElement":[{"@type":"ListItem","position":1,"name":"Home","item":"https:\/\/velarogverkfaeri.is\/"},{"@type":"ListItem","position":2,"name":"Vefverslun","item":"https:\/\/velarogverkfaeri.is\/vefverslun\/"},{"@type":"ListItem","position":3,"name":"FROST Nova2 Lok yfir festingu \u00e1 armstu\u00f0ningi Ry\u00f0fr\u00edtt burst. 42&#215;42 mm N1961-1"}]},{"@type":"WebSite","@id":"https:\/\/velarogverkfaeri.is\/en\/#website","url":"https:\/\/velarogverkfaeri.is\/en\/","name":"V\u00e9lar & Verkf\u00e6ri","description":"Umbo\u00f0s- og heildverslun fr\u00e1 \u00e1rinu 1919","publisher":{"@id":"https:\/\/velarogverkfaeri.is\/en\/#organization"},"potentialAction":[{"@type":"SearchAction","target":{"@type":"EntryPoint","urlTemplate":"https:\/\/velarogverkfaeri.is\/en\/?s={search_term_string}"},"query-input":{"@type":"PropertyValueSpecification","valueRequired":true,"valueName":"search_term_string"}}],"inLanguage":"en-US"},{"@type":"Organization","@id":"https:\/\/velarogverkfaeri.is\/en\/#organization","name":"V\u00e9lar & Verkf\u00e6ri","url":"https:\/\/velarogverkfaeri.is\/en\/","logo":{"@type":"ImageObject","inLanguage":"en-US","@id":"https:\/\/velarogverkfaeri.is\/en\/#\/schema\/logo\/image\/","url":"https:\/\/velarogverkfaeri.is\/wp-content\/uploads\/2021\/10\/vv_logo_350x100.png","contentUrl":"https:\/\/velarogverkfaeri.is\/wp-content\/uploads\/2021\/10\/vv_logo_350x100.png","width":350,"height":100,"caption":"V\u00e9lar & Verkf\u00e6ri"},"image":{"@id":"https:\/\/velarogverkfaeri.is\/en\/#\/schema\/logo\/image\/"},"sameAs":["https:\/\/www.facebook.com\/VelarOgVerkfaeri"]}]}},"_links":{"self":[{"href":"https:\/\/velarogverkfaeri.is\/en\/wp-json\/wp\/v2\/product\/62418","targetHints":{"allow":["GET"]}}],"collection":[{"href":"https:\/\/velarogverkfaeri.is\/en\/wp-json\/wp\/v2\/product"}],"about":[{"href":"https:\/\/velarogverkfaeri.is\/en\/wp-json\/wp\/v2\/types\/product"}],"replies":[{"embeddable":true,"href":"https:\/\/velarogverkfaeri.is\/en\/wp-json\/wp\/v2\/comments?post=62418"}],"wp:featuredmedia":[{"embeddable":true,"href":"https:\/\/velarogverkfaeri.is\/en\/wp-json\/wp\/v2\/media\/62417"}],"wp:attachment":[{"href":"https:\/\/velarogverkfaeri.is\/en\/wp-json\/wp\/v2\/media?parent=62418"}],"wp:term":[{"taxonomy":"product_brand","embeddable":true,"href":"https:\/\/velarogverkfaeri.is\/en\/wp-json\/wp\/v2\/product_brand?post=62418"},{"taxonomy":"product_cat","embeddable":true,"href":"https:\/\/velarogverkfaeri.is\/en\/wp-json\/wp\/v2\/product_cat?post=62418"},{"taxonomy":"product_tag","embeddable":true,"href":"https:\/\/velarogverkfaeri.is\/en\/wp-json\/wp\/v2\/product_tag?post=62418"}],"curies":[{"name":"wp","href":"https:\/\/api.w.org\/{rel}","templated":true}]}}