{"id":62038,"date":"2023-04-28T18:05:42","date_gmt":"2023-04-28T18:05:42","guid":{"rendered":"https:\/\/velarogverkfaeri.is\/uncategorized\/product\/beslagsboden-wc-rulluhaldari-7\/"},"modified":"2025-09-19T08:35:48","modified_gmt":"2025-09-19T08:35:48","slug":"beslagsboden-wc-rulluhaldari-7","status":"publish","type":"product","link":"https:\/\/velarogverkfaeri.is\/en\/lykillausnir\/badherbergi-lykillausnir\/salernirsrulluhaldarar\/product\/beslagsboden-wc-rulluhaldari-7\/","title":{"rendered":"BESLAGSBODEN Kl\u00f3settr\u00falluhaldari Ry\u00f0fr\u00edtt 136&#215;100 mm B1132"},"content":{"rendered":"<p>St\u00e6r\u00f0: 136&#215;100 mm<\/p>\n<p>Bursta\u00f0 ry\u00f0fr\u00edtt st\u00e1l<\/p>\n<p>L\u00edmt \u00e1 vegg&nbsp;<img decoding=\"async\" src=\"data:image\/png;base64,iVBORw0KGgoAAAANSUhEUgAAADkAAAA1CAYAAAD72kP+AAAAAXNSR0IArs4c6QAAAARnQU1BAACxjwv8YQUAAAAJcEhZcwAADsMAAA7DAcdvqGQAAAgoSURBVGhD7Vr5U1NnFL1AICxFkLDIvqMiyhIQBRcUVLYq2rFjZ+w4\/dOq1l\/qFLVYXGoFlVIBRRbZ900IYV8S9n7n+mIdR3jvZbGVembgwfvykpx373fuuTdx2hCgbQ5n6bit8YXkdsEXktsFn1Rd19bWaH19nZydnfnHyclJWnEsHEZyfn6Ouro6qaGhkYmJl6KNDRyJNBoXcnNzJ7N5UZB1oT179lBcXBz5+el43d6wO8lr167yEcQ0Gg1FR0fTjh07BCktabVufMQNmJubp4WFefH3vPh7jhYXF\/nxIH3+\/Hny8PDg57EH7Eby+vVrgtiGSMlViomJobCwcIqNjZVW5WE0jlNrayt1dnZyKru5uQmyF+xC1maSRqOR7t0r5\/0WFxdPu3fvJn9\/f2lVPd68eUNtba3U29tLLi7OlJGRSYmJidKqdbCJ5PDwML148YL32MGDmTaR+xBDQ4NUV1cn0thEoaEhdPx4jrSiHlaTbGpqovr6lxQQEECnTp3m\/WRvzM7OUmVlJU1OGikwMJAKCoqkFXWwqk52dHTQy5dvCRYUFDqEIADBysvLEwSDRBqPUlVVlbSiDqpJTk5OiDSqFW\/Amwk6GhCevLxTFBERIUSpnbq7u6UV5VBNsqysjF\/43LkS6Yzj4erqykQDAgLpyROk76S0ogyqSKJM4AVPnDjJMv+pceDAAWEoNqi8\/K50RhkUv9OFhQVaWVkV7mQv+fr6Smc\/LcLDI9gd4X20t7dJZ+WhmGRpaalIU3d+kX8TKFXu7u70\/PlftLRkls5uDUUlBLbrwYP7wqLFUFpamnTWMZiamqKxsVFxnGbLt7KyLK38A7PZJDLLRElJSZSamiqd3RyKSL5+3Szu3HO2WTt37pTO2g8mk4ktHQw9iCFSMBYoIcvLy+Tt7c3nIXjwuDMzM8INudD4uIGuXPlBepbNoShdUfSDg4PtThAmHqbi5s2fBckWNvOZmZl08eK3dOTIUfLx8aFjx47T6OgoZWVls7ru2hXMayC9trYuIr0iPdvmkCW5urrKdzAqKlo6Yx8sLS1xOWpsbKDk5GS6dOk7jt6+fUlkMIxx2u7dm0jV1dVcjxFlAO+luvpPVllPT0++AXKQJYl2aGZmzq6+dHp6mm7dKuWO5cKFb0RpSBaFvoP3PNyUTqfjrOnp6aH9+\/ezYddq3Tlq\/f1979L17NlzfBPkIEtyaQkbf4N7QXsAhfzu3TLy8vKi4uKvue6OjIxwaQIptGnLyyucjtiTuCEghYZ7enpKkOznPVtcXMyRVFKuZR8CUQDQ7NoKpOj9+\/eY4Jkz+RwZCElQUBBNTExw\/YUph3qClFarFV1OndiHu0RXMszihGuLiooF0bd9ppOTPEvZR2BPAnhBW1FRUcF95+nTZ5gcUg7NMW4kzIarq4b7SEQS5x8+fEBHjx4T+7Gb+vp6RQr7MUGsWaBkTiRLEm8EMJuVFd7NMDAwIPrPITp8OIvTDEYf5QH2EKUABrylpUUIzz6OZE1NDZesqqpn3FtCE\/Lz8zm91UKWpOWuzc3N8tEaQAktaYeRCDoJiMzi4gJPAvD306dPRPk4xCXFZDJTRsZBob6\/chqHhoZy9D\/W0iko8\/IkLWkK12Mt+vr6uCQcOnSYlRJEoaKIKJphRA1pWVlZIf4P4H2Hc+Pj4xQZGUknT+a+y6gPYZkAbgVZkhht+Pj4CoWzPpKvXtUL1YxllYSKIqoYQUK5h4aG2JqBVGRk1LtzIyPDFB8fL9vx8LRTBrIkvby+4gYZkm4NsA8RxaCgQHY0XV1dpNen8xGjSSgrSgcyBjcBBFH4cTMQ3a2AcpSdnS39tzkURFIjDPMY1yhrADIYk8THJ9Dg4KBwTlFChPp5r8O9YBugTnp6erAxh4rCHGRlZUnPsDlu377FdlMOsiQBvT6No4GZqFogMpjBomSAlMm0yGUJxKHY6AvRvrW3t\/Nj09L0lJ6eLl29NaC0Spp3RSTDwiL4jsF6qQEiAwMA+UctxLG7G67mrfAYjROUkpLKvaHBYGBhSklJka7eGhAlPF4JFJFEq2MwjLMZRjopRU9PL1+LbsLPz4\/VEyTKy39jd6PT+QmD8Jj3FjoLNUPkR49+Z\/FSAkUkAXw+gdRABJQCZjoiIpKjiREmBsTYR4gA0rahoYFtHBQ0ISFBukoe2MNovZRCMUnULogQ9g0KthxQxLEPocxIVb1ez74Vbw7XwxBgn+fm5rLqqgGMAxySUigmCVy+\/D1v9traGlkRgpJCaHQ6f07ZlpbXwgTE8ZQBlg4EYdIxnFIDTAzhftRAFUkALQ7217NnTzmqmwFlIiQkhG0XRAVH7D2QQ9nIzy9QJP\/vA800Ul7thEI1SXQC6N79\/QM4bT426EWa4tMujCqQtij6aIlAHGuFhUVs59QAbRnarfDwcOmMcqgmCcBuoblFOqIdQiq+DzgYiBQ+c0Qn5OnpxZ4VXQcIovNXA5iRx4\/\/sHpSaPNHd83NTXxE6kFc8OHMnTt3BEkn7iTgQdva2rjvA0F0+2oAkUIHpEZNP4RNJAGkJeoexAWpi1KAMpOTk8MEBwYGWaxAEAqtFNi3paW\/8DDZ1oG2zSQtgD2rra0VntSVO3ukJEhjTFFYWMiprQSYHNy48RMLFUaTSq\/bCnYjacHVqz+K3xui\/3Nl040Iyo1OQAzNM6YA+N5BSUmJXchZYHeSFkBR0SzX19dzVKDISGn8WL790dzcKPauC48dUdyh3I6Aw0h+DJiYW76sBCH67L+s9F+CVXXyc8MXktsF\/wOSRH8DEjwxT8w4R8IAAAAASUVORK5CYII=\" alt=\"\"><\/p>","protected":false},"excerpt":{"rendered":"<p>Tegund:&nbsp;B1132<\/p>","protected":false},"featured_media":62037,"comment_status":"closed","ping_status":"closed","template":"","meta":[],"product_brand":[],"product_cat":[580,618,517],"product_tag":[],"class_list":{"0":"post-62038","1":"product","2":"type-product","3":"status-publish","4":"has-post-thumbnail","6":"product_cat-badherbergi-lykillausnir","7":"product_cat-salernirsrulluhaldarar","8":"product_cat-lykillausnir","10":"first","11":"instock","12":"taxable","13":"shipping-taxable","14":"purchasable","15":"product-type-simple"},"yoast_head":"<!-- This site is optimized with the Yoast SEO plugin v27.3 - https:\/\/yoast.com\/product\/yoast-seo-wordpress\/ -->\n<title>BESLAGSBODEN Kl\u00f3settr\u00falluhaldari Ry\u00f0fr\u00edtt 136x100 mm B1132 - V\u00e9lar &amp; Verkf\u00e6ri<\/title>\n<meta name=\"robots\" content=\"index, follow, max-snippet:-1, max-image-preview:large, max-video-preview:-1\" \/>\n<link rel=\"canonical\" href=\"https:\/\/velarogverkfaeri.is\/en\/lykillausnir\/badherbergi-lykillausnir\/salernirsrulluhaldarar\/product\/beslagsboden-wc-rulluhaldari-7\/\" \/>\n<meta property=\"og:locale\" content=\"en_US\" \/>\n<meta property=\"og:type\" content=\"article\" \/>\n<meta property=\"og:title\" content=\"BESLAGSBODEN Kl\u00f3settr\u00falluhaldari Ry\u00f0fr\u00edtt 136x100 mm B1132 - V\u00e9lar &amp; Verkf\u00e6ri\" \/>\n<meta property=\"og:description\" content=\"Tegund:&nbsp;B1132\" \/>\n<meta property=\"og:url\" content=\"https:\/\/velarogverkfaeri.is\/en\/lykillausnir\/badherbergi-lykillausnir\/salernirsrulluhaldarar\/product\/beslagsboden-wc-rulluhaldari-7\/\" \/>\n<meta property=\"og:site_name\" content=\"V\u00e9lar &amp; Verkf\u00e6ri\" \/>\n<meta property=\"article:publisher\" content=\"https:\/\/www.facebook.com\/VelarOgVerkfaeri\" \/>\n<meta property=\"article:modified_time\" content=\"2025-09-19T08:35:48+00:00\" \/>\n<meta property=\"og:image\" content=\"https:\/\/velarogverkfaeri.is\/wp-content\/uploads\/2024\/06\/ca7bb222-75ff-4093-b65d-a223fa5fa253.jpg\" \/>\n\t<meta property=\"og:image:width\" content=\"400\" \/>\n\t<meta property=\"og:image:height\" content=\"400\" \/>\n\t<meta property=\"og:image:type\" content=\"image\/jpeg\" \/>\n<meta name=\"twitter:card\" content=\"summary_large_image\" \/>\n<script type=\"application\/ld+json\" class=\"yoast-schema-graph\">{\"@context\":\"https:\\\/\\\/schema.org\",\"@graph\":[{\"@type\":\"WebPage\",\"@id\":\"https:\\\/\\\/velarogverkfaeri.is\\\/lykillausnir\\\/badherbergi-lykillausnir\\\/salernirsrulluhaldarar\\\/product\\\/beslagsboden-wc-rulluhaldari-7\\\/\",\"url\":\"https:\\\/\\\/velarogverkfaeri.is\\\/lykillausnir\\\/badherbergi-lykillausnir\\\/salernirsrulluhaldarar\\\/product\\\/beslagsboden-wc-rulluhaldari-7\\\/\",\"name\":\"BESLAGSBODEN Kl\u00f3settr\u00falluhaldari Ry\u00f0fr\u00edtt 136x100 mm B1132 - V\u00e9lar &amp; Verkf\u00e6ri\",\"isPartOf\":{\"@id\":\"https:\\\/\\\/velarogverkfaeri.is\\\/en\\\/#website\"},\"primaryImageOfPage\":{\"@id\":\"https:\\\/\\\/velarogverkfaeri.is\\\/lykillausnir\\\/badherbergi-lykillausnir\\\/salernirsrulluhaldarar\\\/product\\\/beslagsboden-wc-rulluhaldari-7\\\/#primaryimage\"},\"image\":{\"@id\":\"https:\\\/\\\/velarogverkfaeri.is\\\/lykillausnir\\\/badherbergi-lykillausnir\\\/salernirsrulluhaldarar\\\/product\\\/beslagsboden-wc-rulluhaldari-7\\\/#primaryimage\"},\"thumbnailUrl\":\"https:\\\/\\\/velarogverkfaeri.is\\\/wp-content\\\/uploads\\\/2024\\\/06\\\/ca7bb222-75ff-4093-b65d-a223fa5fa253.jpg\",\"datePublished\":\"2023-04-28T18:05:42+00:00\",\"dateModified\":\"2025-09-19T08:35:48+00:00\",\"breadcrumb\":{\"@id\":\"https:\\\/\\\/velarogverkfaeri.is\\\/lykillausnir\\\/badherbergi-lykillausnir\\\/salernirsrulluhaldarar\\\/product\\\/beslagsboden-wc-rulluhaldari-7\\\/#breadcrumb\"},\"inLanguage\":\"en-US\",\"potentialAction\":[{\"@type\":\"ReadAction\",\"target\":[\"https:\\\/\\\/velarogverkfaeri.is\\\/lykillausnir\\\/badherbergi-lykillausnir\\\/salernirsrulluhaldarar\\\/product\\\/beslagsboden-wc-rulluhaldari-7\\\/\"]}]},{\"@type\":\"ImageObject\",\"inLanguage\":\"en-US\",\"@id\":\"https:\\\/\\\/velarogverkfaeri.is\\\/lykillausnir\\\/badherbergi-lykillausnir\\\/salernirsrulluhaldarar\\\/product\\\/beslagsboden-wc-rulluhaldari-7\\\/#primaryimage\",\"url\":\"https:\\\/\\\/velarogverkfaeri.is\\\/wp-content\\\/uploads\\\/2024\\\/06\\\/ca7bb222-75ff-4093-b65d-a223fa5fa253.jpg\",\"contentUrl\":\"https:\\\/\\\/velarogverkfaeri.is\\\/wp-content\\\/uploads\\\/2024\\\/06\\\/ca7bb222-75ff-4093-b65d-a223fa5fa253.jpg\",\"width\":400,\"height\":400},{\"@type\":\"BreadcrumbList\",\"@id\":\"https:\\\/\\\/velarogverkfaeri.is\\\/lykillausnir\\\/badherbergi-lykillausnir\\\/salernirsrulluhaldarar\\\/product\\\/beslagsboden-wc-rulluhaldari-7\\\/#breadcrumb\",\"itemListElement\":[{\"@type\":\"ListItem\",\"position\":1,\"name\":\"Home\",\"item\":\"https:\\\/\\\/velarogverkfaeri.is\\\/\"},{\"@type\":\"ListItem\",\"position\":2,\"name\":\"Vefverslun\",\"item\":\"https:\\\/\\\/velarogverkfaeri.is\\\/vefverslun\\\/\"},{\"@type\":\"ListItem\",\"position\":3,\"name\":\"BESLAGSBODEN Kl\u00f3settr\u00falluhaldari Ry\u00f0fr\u00edtt 136&#215;100 mm B1132\"}]},{\"@type\":\"WebSite\",\"@id\":\"https:\\\/\\\/velarogverkfaeri.is\\\/en\\\/#website\",\"url\":\"https:\\\/\\\/velarogverkfaeri.is\\\/en\\\/\",\"name\":\"V\u00e9lar & Verkf\u00e6ri\",\"description\":\"Umbo\u00f0s- og heildverslun fr\u00e1 \u00e1rinu 1919\",\"publisher\":{\"@id\":\"https:\\\/\\\/velarogverkfaeri.is\\\/en\\\/#organization\"},\"potentialAction\":[{\"@type\":\"SearchAction\",\"target\":{\"@type\":\"EntryPoint\",\"urlTemplate\":\"https:\\\/\\\/velarogverkfaeri.is\\\/en\\\/?s={search_term_string}\"},\"query-input\":{\"@type\":\"PropertyValueSpecification\",\"valueRequired\":true,\"valueName\":\"search_term_string\"}}],\"inLanguage\":\"en-US\"},{\"@type\":\"Organization\",\"@id\":\"https:\\\/\\\/velarogverkfaeri.is\\\/en\\\/#organization\",\"name\":\"V\u00e9lar & Verkf\u00e6ri\",\"url\":\"https:\\\/\\\/velarogverkfaeri.is\\\/en\\\/\",\"logo\":{\"@type\":\"ImageObject\",\"inLanguage\":\"en-US\",\"@id\":\"https:\\\/\\\/velarogverkfaeri.is\\\/en\\\/#\\\/schema\\\/logo\\\/image\\\/\",\"url\":\"https:\\\/\\\/velarogverkfaeri.is\\\/wp-content\\\/uploads\\\/2021\\\/10\\\/vv_logo_350x100.png\",\"contentUrl\":\"https:\\\/\\\/velarogverkfaeri.is\\\/wp-content\\\/uploads\\\/2021\\\/10\\\/vv_logo_350x100.png\",\"width\":350,\"height\":100,\"caption\":\"V\u00e9lar & Verkf\u00e6ri\"},\"image\":{\"@id\":\"https:\\\/\\\/velarogverkfaeri.is\\\/en\\\/#\\\/schema\\\/logo\\\/image\\\/\"},\"sameAs\":[\"https:\\\/\\\/www.facebook.com\\\/VelarOgVerkfaeri\"]}]}<\/script>\n<!-- \/ Yoast SEO plugin. -->","yoast_head_json":{"title":"BESLAGSBODEN Kl\u00f3settr\u00falluhaldari Ry\u00f0fr\u00edtt 136x100 mm B1132 - V\u00e9lar &amp; Verkf\u00e6ri","robots":{"index":"index","follow":"follow","max-snippet":"max-snippet:-1","max-image-preview":"max-image-preview:large","max-video-preview":"max-video-preview:-1"},"canonical":"https:\/\/velarogverkfaeri.is\/en\/lykillausnir\/badherbergi-lykillausnir\/salernirsrulluhaldarar\/product\/beslagsboden-wc-rulluhaldari-7\/","og_locale":"en_US","og_type":"article","og_title":"BESLAGSBODEN Kl\u00f3settr\u00falluhaldari Ry\u00f0fr\u00edtt 136x100 mm B1132 - V\u00e9lar &amp; Verkf\u00e6ri","og_description":"Tegund:&nbsp;B1132","og_url":"https:\/\/velarogverkfaeri.is\/en\/lykillausnir\/badherbergi-lykillausnir\/salernirsrulluhaldarar\/product\/beslagsboden-wc-rulluhaldari-7\/","og_site_name":"V\u00e9lar &amp; Verkf\u00e6ri","article_publisher":"https:\/\/www.facebook.com\/VelarOgVerkfaeri","article_modified_time":"2025-09-19T08:35:48+00:00","og_image":[{"width":400,"height":400,"url":"https:\/\/velarogverkfaeri.is\/wp-content\/uploads\/2024\/06\/ca7bb222-75ff-4093-b65d-a223fa5fa253.jpg","type":"image\/jpeg"}],"twitter_card":"summary_large_image","schema":{"@context":"https:\/\/schema.org","@graph":[{"@type":"WebPage","@id":"https:\/\/velarogverkfaeri.is\/lykillausnir\/badherbergi-lykillausnir\/salernirsrulluhaldarar\/product\/beslagsboden-wc-rulluhaldari-7\/","url":"https:\/\/velarogverkfaeri.is\/lykillausnir\/badherbergi-lykillausnir\/salernirsrulluhaldarar\/product\/beslagsboden-wc-rulluhaldari-7\/","name":"BESLAGSBODEN Kl\u00f3settr\u00falluhaldari Ry\u00f0fr\u00edtt 136x100 mm B1132 - V\u00e9lar &amp; Verkf\u00e6ri","isPartOf":{"@id":"https:\/\/velarogverkfaeri.is\/en\/#website"},"primaryImageOfPage":{"@id":"https:\/\/velarogverkfaeri.is\/lykillausnir\/badherbergi-lykillausnir\/salernirsrulluhaldarar\/product\/beslagsboden-wc-rulluhaldari-7\/#primaryimage"},"image":{"@id":"https:\/\/velarogverkfaeri.is\/lykillausnir\/badherbergi-lykillausnir\/salernirsrulluhaldarar\/product\/beslagsboden-wc-rulluhaldari-7\/#primaryimage"},"thumbnailUrl":"https:\/\/velarogverkfaeri.is\/wp-content\/uploads\/2024\/06\/ca7bb222-75ff-4093-b65d-a223fa5fa253.jpg","datePublished":"2023-04-28T18:05:42+00:00","dateModified":"2025-09-19T08:35:48+00:00","breadcrumb":{"@id":"https:\/\/velarogverkfaeri.is\/lykillausnir\/badherbergi-lykillausnir\/salernirsrulluhaldarar\/product\/beslagsboden-wc-rulluhaldari-7\/#breadcrumb"},"inLanguage":"en-US","potentialAction":[{"@type":"ReadAction","target":["https:\/\/velarogverkfaeri.is\/lykillausnir\/badherbergi-lykillausnir\/salernirsrulluhaldarar\/product\/beslagsboden-wc-rulluhaldari-7\/"]}]},{"@type":"ImageObject","inLanguage":"en-US","@id":"https:\/\/velarogverkfaeri.is\/lykillausnir\/badherbergi-lykillausnir\/salernirsrulluhaldarar\/product\/beslagsboden-wc-rulluhaldari-7\/#primaryimage","url":"https:\/\/velarogverkfaeri.is\/wp-content\/uploads\/2024\/06\/ca7bb222-75ff-4093-b65d-a223fa5fa253.jpg","contentUrl":"https:\/\/velarogverkfaeri.is\/wp-content\/uploads\/2024\/06\/ca7bb222-75ff-4093-b65d-a223fa5fa253.jpg","width":400,"height":400},{"@type":"BreadcrumbList","@id":"https:\/\/velarogverkfaeri.is\/lykillausnir\/badherbergi-lykillausnir\/salernirsrulluhaldarar\/product\/beslagsboden-wc-rulluhaldari-7\/#breadcrumb","itemListElement":[{"@type":"ListItem","position":1,"name":"Home","item":"https:\/\/velarogverkfaeri.is\/"},{"@type":"ListItem","position":2,"name":"Vefverslun","item":"https:\/\/velarogverkfaeri.is\/vefverslun\/"},{"@type":"ListItem","position":3,"name":"BESLAGSBODEN Kl\u00f3settr\u00falluhaldari Ry\u00f0fr\u00edtt 136&#215;100 mm B1132"}]},{"@type":"WebSite","@id":"https:\/\/velarogverkfaeri.is\/en\/#website","url":"https:\/\/velarogverkfaeri.is\/en\/","name":"V\u00e9lar & Verkf\u00e6ri","description":"Umbo\u00f0s- og heildverslun fr\u00e1 \u00e1rinu 1919","publisher":{"@id":"https:\/\/velarogverkfaeri.is\/en\/#organization"},"potentialAction":[{"@type":"SearchAction","target":{"@type":"EntryPoint","urlTemplate":"https:\/\/velarogverkfaeri.is\/en\/?s={search_term_string}"},"query-input":{"@type":"PropertyValueSpecification","valueRequired":true,"valueName":"search_term_string"}}],"inLanguage":"en-US"},{"@type":"Organization","@id":"https:\/\/velarogverkfaeri.is\/en\/#organization","name":"V\u00e9lar & Verkf\u00e6ri","url":"https:\/\/velarogverkfaeri.is\/en\/","logo":{"@type":"ImageObject","inLanguage":"en-US","@id":"https:\/\/velarogverkfaeri.is\/en\/#\/schema\/logo\/image\/","url":"https:\/\/velarogverkfaeri.is\/wp-content\/uploads\/2021\/10\/vv_logo_350x100.png","contentUrl":"https:\/\/velarogverkfaeri.is\/wp-content\/uploads\/2021\/10\/vv_logo_350x100.png","width":350,"height":100,"caption":"V\u00e9lar & Verkf\u00e6ri"},"image":{"@id":"https:\/\/velarogverkfaeri.is\/en\/#\/schema\/logo\/image\/"},"sameAs":["https:\/\/www.facebook.com\/VelarOgVerkfaeri"]}]}},"_links":{"self":[{"href":"https:\/\/velarogverkfaeri.is\/en\/wp-json\/wp\/v2\/product\/62038","targetHints":{"allow":["GET"]}}],"collection":[{"href":"https:\/\/velarogverkfaeri.is\/en\/wp-json\/wp\/v2\/product"}],"about":[{"href":"https:\/\/velarogverkfaeri.is\/en\/wp-json\/wp\/v2\/types\/product"}],"replies":[{"embeddable":true,"href":"https:\/\/velarogverkfaeri.is\/en\/wp-json\/wp\/v2\/comments?post=62038"}],"wp:featuredmedia":[{"embeddable":true,"href":"https:\/\/velarogverkfaeri.is\/en\/wp-json\/wp\/v2\/media\/62037"}],"wp:attachment":[{"href":"https:\/\/velarogverkfaeri.is\/en\/wp-json\/wp\/v2\/media?parent=62038"}],"wp:term":[{"taxonomy":"product_brand","embeddable":true,"href":"https:\/\/velarogverkfaeri.is\/en\/wp-json\/wp\/v2\/product_brand?post=62038"},{"taxonomy":"product_cat","embeddable":true,"href":"https:\/\/velarogverkfaeri.is\/en\/wp-json\/wp\/v2\/product_cat?post=62038"},{"taxonomy":"product_tag","embeddable":true,"href":"https:\/\/velarogverkfaeri.is\/en\/wp-json\/wp\/v2\/product_tag?post=62038"}],"curies":[{"name":"wp","href":"https:\/\/api.w.org\/{rel}","templated":true}]}}