{"id":61518,"date":"2024-06-09T11:27:31","date_gmt":"2024-06-09T11:27:31","guid":{"rendered":"https:\/\/velarogverkfaeri.is\/?post_type=product&#038;p=61518"},"modified":"2025-06-03T09:45:57","modified_gmt":"2025-06-03T09:45:57","slug":"yale-dot-adgangspilla-3-pack-silfur","status":"publish","type":"product","link":"https:\/\/velarogverkfaeri.is\/en\/lykillausnir\/snjallheimili\/laesingar\/product\/yale-dot-adgangspilla-3-pack-silfur\/","title":{"rendered":"YALE Dot A\u00f0gangspilla 3-Pack Silfur"},"content":{"rendered":"<h3 data-start=\"366\" data-end=\"398\" class=\"\">\ud83d\udd11 Hvernig virkar Yale Dot\u00ae?<\/h3>\n<\/p>\n<ul data-start=\"400\" data-end=\"769\">\n<li data-start=\"400\" data-end=\"493\" class=\"\">\n<p data-start=\"402\" data-end=\"493\" class=\"\"><strong data-start=\"402\" data-end=\"415\">NFC-t\u00e6kni<\/strong>: \u00deegar \u00fe\u00fa snertir Yale Dot\u00ae me\u00f0 snjalls\u00edma, opnast e\u00f0a l\u00e6sist snjalll\u00e1sinn.<\/p>\n<\/li>\n<li data-start=\"494\" data-end=\"591\" class=\"\">\n<p data-start=\"496\" data-end=\"591\" class=\"\"><strong data-start=\"496\" data-end=\"517\">Fjarl\u00e6g\u00f0artenging<\/strong>: Ef \u00fe\u00fa ert tengdur vi\u00f0 Wi-Fi getur\u00f0u opna\u00f0 e\u00f0a l\u00e6st hur\u00f0inni hvar sem er.<\/p>\n<\/li>\n<li data-start=\"592\" data-end=\"769\" class=\"\">\n<p data-start=\"594\" data-end=\"769\" class=\"\"><strong data-start=\"594\" data-end=\"615\">Bluetooth-tenging<\/strong>: \u00deegar \u00fe\u00fa ert n\u00e1l\u00e6gt (innan Bluetooth-bil) getur \u00fe\u00fa veitt gestum sem \u00fe\u00fa treystir a\u00f0gang me\u00f0 \u00fev\u00ed a\u00f0 snerta Yale Dot\u00ae.\u200b<\/p>\n<h3 data-start=\"776\" data-end=\"816\" class=\"\">\ud83c\udfe0 Hvar getur \u00fe\u00fa sett upp Yale Dot\u00ae?<\/h3>\n<p data-start=\"818\" data-end=\"968\" class=\"\">Yale Dot\u00ae er hanna\u00f0ur til a\u00f0 vera settur \u00e1 sta\u00f0i \u00fear sem \u00fe\u00fa vilt au\u00f0velda a\u00f0gang a\u00f0 snjalll\u00e1snum, svo sem:\u200b<\/p>\n<ul data-start=\"970\" data-end=\"1173\">\n<li data-start=\"970\" data-end=\"1009\" class=\"\">\n<p data-start=\"972\" data-end=\"1009\" class=\"\"><span class=\"relative -mx-px my-[-0.2rem] rounded px-px py-[0.2rem] transition-colors duration-100 ease-in-out\">Vi\u00f0 inngangshur\u00f0ina<\/span><\/p>\n<\/li>\n<li data-start=\"1010\" data-end=\"1049\" class=\"\">\n<p data-start=\"1012\" data-end=\"1049\" class=\"\"><span class=\"relative -mx-px my-[-0.2rem] rounded px-px py-[0.2rem] transition-colors duration-100 ease-in-out\">Vi\u00f0 svefnherbergisdyr<\/span><\/p>\n<\/li>\n<li data-start=\"1050\" data-end=\"1089\" class=\"\">\n<p data-start=\"1052\" data-end=\"1089\" class=\"\"><span class=\"relative -mx-px my-[-0.2rem] rounded px-px py-[0.2rem] transition-colors duration-100 ease-in-out\">\u00c1 skrifbor\u00f0i e\u00f0a vinnusv\u00e6\u00f0i<\/span><\/p>\n<\/li>\n<li data-start=\"1090\" data-end=\"1173\" class=\"\">\n<p data-start=\"1092\" data-end=\"1173\" class=\"\"><span class=\"relative -mx-px my-[-0.2rem] rounded px-px py-[0.2rem] transition-colors duration-100 ease-in-out\">\u00cd b\u00edlnum fyrir au\u00f0veldari a\u00f0gang<\/span>\u200b<\/p>\n<\/li>\n<\/ul>\n<p data-start=\"594\" data-end=\"769\" class=\"\">\n<p data-start=\"1175\" data-end=\"1258\" class=\"\"><span class=\"relative -mx-px my-[-0.2rem] rounded px-px py-[0.2rem] transition-colors duration-100 ease-in-out\">\u00de\u00fa getur tengt allt a\u00f0 <strong data-start=\"23\" data-end=\"38\">5 Yale Dot\u00ae<\/strong> vi\u00f0 einn snjalll\u00e1s fyrir aukna \u00fe\u00e6gindi og a\u00f0gengi.<\/span>\u200b<\/p>\n<\/li>\n<\/ul>\n","protected":false},"excerpt":{"rendered":"<p><strong data-start=\"40\" data-end=\"53\">Yale Dot\u00ae<\/strong> er aukahlutur sem virkar me\u00f0 snjalll\u00e1sum fr\u00e1 Yale til a\u00f0 auka \u00fe\u00e6gindi og \u00f6ryggi. Me\u00f0 \u00fev\u00ed a\u00f0 n\u00fdta <strong data-start=\"150\" data-end=\"184\">Near Field Communication (NFC)<\/strong> t\u00e6kni getur\u00f0u opna\u00f0 e\u00f0a l\u00e6st hur\u00f0inni me\u00f0 einfaldri snertingu \u00e1 snjalls\u00edmanum vi\u00f0 Yale Dot\u00ae \u2013 \u00e1n \u00feess a\u00f0 \u00feurfa lykla e\u00f0a lykilor\u00f0.\u200b<\/p>","protected":false},"featured_media":71754,"comment_status":"closed","ping_status":"closed","template":"","meta":[],"product_brand":[],"product_cat":[861,517,853],"product_tag":[],"class_list":{"0":"post-61518","1":"product","2":"type-product","3":"status-publish","4":"has-post-thumbnail","6":"product_cat-laesingar","7":"product_cat-lykillausnir","8":"product_cat-snjallheimili","10":"first","11":"instock","12":"taxable","13":"shipping-taxable","14":"purchasable","15":"product-type-simple"},"yoast_head":"<!-- This site is optimized with the Yoast SEO plugin v27.3 - https:\/\/yoast.com\/product\/yoast-seo-wordpress\/ -->\n<title>YALE Dot A\u00f0gangspilla 3-Pack Silfur - V\u00e9lar &amp; Verkf\u00e6ri<\/title>\n<meta name=\"robots\" content=\"index, follow, max-snippet:-1, max-image-preview:large, max-video-preview:-1\" \/>\n<link rel=\"canonical\" href=\"https:\/\/velarogverkfaeri.is\/en\/lykillausnir\/snjallheimili\/laesingar\/product\/yale-dot-adgangspilla-3-pack-silfur\/\" \/>\n<meta property=\"og:locale\" content=\"en_US\" \/>\n<meta property=\"og:type\" content=\"article\" \/>\n<meta property=\"og:title\" content=\"YALE Dot A\u00f0gangspilla 3-Pack Silfur - V\u00e9lar &amp; Verkf\u00e6ri\" \/>\n<meta property=\"og:description\" content=\"Yale Dot\u00ae er aukahlutur sem virkar me\u00f0 snjalll\u00e1sum fr\u00e1 Yale til a\u00f0 auka \u00fe\u00e6gindi og \u00f6ryggi. Me\u00f0 \u00fev\u00ed a\u00f0 n\u00fdta Near Field Communication (NFC) t\u00e6kni getur\u00f0u opna\u00f0 e\u00f0a l\u00e6st hur\u00f0inni me\u00f0 einfaldri snertingu \u00e1 snjalls\u00edmanum vi\u00f0 Yale Dot\u00ae \u2013 \u00e1n \u00feess a\u00f0 \u00feurfa lykla e\u00f0a lykilor\u00f0.\u200b\" \/>\n<meta property=\"og:url\" content=\"https:\/\/velarogverkfaeri.is\/en\/lykillausnir\/snjallheimili\/laesingar\/product\/yale-dot-adgangspilla-3-pack-silfur\/\" \/>\n<meta property=\"og:site_name\" content=\"V\u00e9lar &amp; Verkf\u00e6ri\" \/>\n<meta property=\"article:publisher\" content=\"https:\/\/www.facebook.com\/VelarOgVerkfaeri\" \/>\n<meta property=\"article:modified_time\" content=\"2025-06-03T09:45:57+00:00\" \/>\n<meta property=\"og:image\" content=\"https:\/\/velarogverkfaeri.is\/wp-content\/uploads\/2025\/04\/ab2afc45-0ee7-4eb7-899a-08bd462a61ff.png\" \/>\n\t<meta property=\"og:image:width\" content=\"1278\" \/>\n\t<meta property=\"og:image:height\" content=\"926\" \/>\n\t<meta property=\"og:image:type\" content=\"image\/png\" \/>\n<meta name=\"twitter:card\" content=\"summary_large_image\" \/>\n<meta name=\"twitter:label1\" content=\"Est. reading time\" \/>\n\t<meta name=\"twitter:data1\" content=\"1 minute\" \/>\n<script type=\"application\/ld+json\" class=\"yoast-schema-graph\">{\"@context\":\"https:\\\/\\\/schema.org\",\"@graph\":[{\"@type\":\"WebPage\",\"@id\":\"https:\\\/\\\/velarogverkfaeri.is\\\/lykillausnir\\\/snjallheimili\\\/laesingar\\\/product\\\/yale-dot-adgangspilla-3-pack-silfur\\\/\",\"url\":\"https:\\\/\\\/velarogverkfaeri.is\\\/lykillausnir\\\/snjallheimili\\\/laesingar\\\/product\\\/yale-dot-adgangspilla-3-pack-silfur\\\/\",\"name\":\"YALE Dot A\u00f0gangspilla 3-Pack Silfur - V\u00e9lar &amp; Verkf\u00e6ri\",\"isPartOf\":{\"@id\":\"https:\\\/\\\/velarogverkfaeri.is\\\/en\\\/#website\"},\"primaryImageOfPage\":{\"@id\":\"https:\\\/\\\/velarogverkfaeri.is\\\/lykillausnir\\\/snjallheimili\\\/laesingar\\\/product\\\/yale-dot-adgangspilla-3-pack-silfur\\\/#primaryimage\"},\"image\":{\"@id\":\"https:\\\/\\\/velarogverkfaeri.is\\\/lykillausnir\\\/snjallheimili\\\/laesingar\\\/product\\\/yale-dot-adgangspilla-3-pack-silfur\\\/#primaryimage\"},\"thumbnailUrl\":\"https:\\\/\\\/velarogverkfaeri.is\\\/wp-content\\\/uploads\\\/2025\\\/04\\\/ab2afc45-0ee7-4eb7-899a-08bd462a61ff.png\",\"datePublished\":\"2024-06-09T11:27:31+00:00\",\"dateModified\":\"2025-06-03T09:45:57+00:00\",\"breadcrumb\":{\"@id\":\"https:\\\/\\\/velarogverkfaeri.is\\\/lykillausnir\\\/snjallheimili\\\/laesingar\\\/product\\\/yale-dot-adgangspilla-3-pack-silfur\\\/#breadcrumb\"},\"inLanguage\":\"en-US\",\"potentialAction\":[{\"@type\":\"ReadAction\",\"target\":[\"https:\\\/\\\/velarogverkfaeri.is\\\/lykillausnir\\\/snjallheimili\\\/laesingar\\\/product\\\/yale-dot-adgangspilla-3-pack-silfur\\\/\"]}]},{\"@type\":\"ImageObject\",\"inLanguage\":\"en-US\",\"@id\":\"https:\\\/\\\/velarogverkfaeri.is\\\/lykillausnir\\\/snjallheimili\\\/laesingar\\\/product\\\/yale-dot-adgangspilla-3-pack-silfur\\\/#primaryimage\",\"url\":\"https:\\\/\\\/velarogverkfaeri.is\\\/wp-content\\\/uploads\\\/2025\\\/04\\\/ab2afc45-0ee7-4eb7-899a-08bd462a61ff.png\",\"contentUrl\":\"https:\\\/\\\/velarogverkfaeri.is\\\/wp-content\\\/uploads\\\/2025\\\/04\\\/ab2afc45-0ee7-4eb7-899a-08bd462a61ff.png\",\"width\":1278,\"height\":926},{\"@type\":\"BreadcrumbList\",\"@id\":\"https:\\\/\\\/velarogverkfaeri.is\\\/lykillausnir\\\/snjallheimili\\\/laesingar\\\/product\\\/yale-dot-adgangspilla-3-pack-silfur\\\/#breadcrumb\",\"itemListElement\":[{\"@type\":\"ListItem\",\"position\":1,\"name\":\"Home\",\"item\":\"https:\\\/\\\/velarogverkfaeri.is\\\/\"},{\"@type\":\"ListItem\",\"position\":2,\"name\":\"Vefverslun\",\"item\":\"https:\\\/\\\/velarogverkfaeri.is\\\/vefverslun\\\/\"},{\"@type\":\"ListItem\",\"position\":3,\"name\":\"YALE Dot A\u00f0gangspilla 3-Pack Silfur\"}]},{\"@type\":\"WebSite\",\"@id\":\"https:\\\/\\\/velarogverkfaeri.is\\\/en\\\/#website\",\"url\":\"https:\\\/\\\/velarogverkfaeri.is\\\/en\\\/\",\"name\":\"V\u00e9lar & Verkf\u00e6ri\",\"description\":\"Umbo\u00f0s- og heildverslun fr\u00e1 \u00e1rinu 1919\",\"publisher\":{\"@id\":\"https:\\\/\\\/velarogverkfaeri.is\\\/en\\\/#organization\"},\"potentialAction\":[{\"@type\":\"SearchAction\",\"target\":{\"@type\":\"EntryPoint\",\"urlTemplate\":\"https:\\\/\\\/velarogverkfaeri.is\\\/en\\\/?s={search_term_string}\"},\"query-input\":{\"@type\":\"PropertyValueSpecification\",\"valueRequired\":true,\"valueName\":\"search_term_string\"}}],\"inLanguage\":\"en-US\"},{\"@type\":\"Organization\",\"@id\":\"https:\\\/\\\/velarogverkfaeri.is\\\/en\\\/#organization\",\"name\":\"V\u00e9lar & Verkf\u00e6ri\",\"url\":\"https:\\\/\\\/velarogverkfaeri.is\\\/en\\\/\",\"logo\":{\"@type\":\"ImageObject\",\"inLanguage\":\"en-US\",\"@id\":\"https:\\\/\\\/velarogverkfaeri.is\\\/en\\\/#\\\/schema\\\/logo\\\/image\\\/\",\"url\":\"https:\\\/\\\/velarogverkfaeri.is\\\/wp-content\\\/uploads\\\/2021\\\/10\\\/vv_logo_350x100.png\",\"contentUrl\":\"https:\\\/\\\/velarogverkfaeri.is\\\/wp-content\\\/uploads\\\/2021\\\/10\\\/vv_logo_350x100.png\",\"width\":350,\"height\":100,\"caption\":\"V\u00e9lar & Verkf\u00e6ri\"},\"image\":{\"@id\":\"https:\\\/\\\/velarogverkfaeri.is\\\/en\\\/#\\\/schema\\\/logo\\\/image\\\/\"},\"sameAs\":[\"https:\\\/\\\/www.facebook.com\\\/VelarOgVerkfaeri\"]}]}<\/script>\n<!-- \/ Yoast SEO plugin. -->","yoast_head_json":{"title":"YALE Dot A\u00f0gangspilla 3-Pack Silfur - V\u00e9lar &amp; Verkf\u00e6ri","robots":{"index":"index","follow":"follow","max-snippet":"max-snippet:-1","max-image-preview":"max-image-preview:large","max-video-preview":"max-video-preview:-1"},"canonical":"https:\/\/velarogverkfaeri.is\/en\/lykillausnir\/snjallheimili\/laesingar\/product\/yale-dot-adgangspilla-3-pack-silfur\/","og_locale":"en_US","og_type":"article","og_title":"YALE Dot A\u00f0gangspilla 3-Pack Silfur - V\u00e9lar &amp; Verkf\u00e6ri","og_description":"Yale Dot\u00ae er aukahlutur sem virkar me\u00f0 snjalll\u00e1sum fr\u00e1 Yale til a\u00f0 auka \u00fe\u00e6gindi og \u00f6ryggi. Me\u00f0 \u00fev\u00ed a\u00f0 n\u00fdta Near Field Communication (NFC) t\u00e6kni getur\u00f0u opna\u00f0 e\u00f0a l\u00e6st hur\u00f0inni me\u00f0 einfaldri snertingu \u00e1 snjalls\u00edmanum vi\u00f0 Yale Dot\u00ae \u2013 \u00e1n \u00feess a\u00f0 \u00feurfa lykla e\u00f0a lykilor\u00f0.\u200b","og_url":"https:\/\/velarogverkfaeri.is\/en\/lykillausnir\/snjallheimili\/laesingar\/product\/yale-dot-adgangspilla-3-pack-silfur\/","og_site_name":"V\u00e9lar &amp; Verkf\u00e6ri","article_publisher":"https:\/\/www.facebook.com\/VelarOgVerkfaeri","article_modified_time":"2025-06-03T09:45:57+00:00","og_image":[{"width":1278,"height":926,"url":"https:\/\/velarogverkfaeri.is\/wp-content\/uploads\/2025\/04\/ab2afc45-0ee7-4eb7-899a-08bd462a61ff.png","type":"image\/png"}],"twitter_card":"summary_large_image","twitter_misc":{"Est. reading time":"1 minute"},"schema":{"@context":"https:\/\/schema.org","@graph":[{"@type":"WebPage","@id":"https:\/\/velarogverkfaeri.is\/lykillausnir\/snjallheimili\/laesingar\/product\/yale-dot-adgangspilla-3-pack-silfur\/","url":"https:\/\/velarogverkfaeri.is\/lykillausnir\/snjallheimili\/laesingar\/product\/yale-dot-adgangspilla-3-pack-silfur\/","name":"YALE Dot A\u00f0gangspilla 3-Pack Silfur - V\u00e9lar &amp; Verkf\u00e6ri","isPartOf":{"@id":"https:\/\/velarogverkfaeri.is\/en\/#website"},"primaryImageOfPage":{"@id":"https:\/\/velarogverkfaeri.is\/lykillausnir\/snjallheimili\/laesingar\/product\/yale-dot-adgangspilla-3-pack-silfur\/#primaryimage"},"image":{"@id":"https:\/\/velarogverkfaeri.is\/lykillausnir\/snjallheimili\/laesingar\/product\/yale-dot-adgangspilla-3-pack-silfur\/#primaryimage"},"thumbnailUrl":"https:\/\/velarogverkfaeri.is\/wp-content\/uploads\/2025\/04\/ab2afc45-0ee7-4eb7-899a-08bd462a61ff.png","datePublished":"2024-06-09T11:27:31+00:00","dateModified":"2025-06-03T09:45:57+00:00","breadcrumb":{"@id":"https:\/\/velarogverkfaeri.is\/lykillausnir\/snjallheimili\/laesingar\/product\/yale-dot-adgangspilla-3-pack-silfur\/#breadcrumb"},"inLanguage":"en-US","potentialAction":[{"@type":"ReadAction","target":["https:\/\/velarogverkfaeri.is\/lykillausnir\/snjallheimili\/laesingar\/product\/yale-dot-adgangspilla-3-pack-silfur\/"]}]},{"@type":"ImageObject","inLanguage":"en-US","@id":"https:\/\/velarogverkfaeri.is\/lykillausnir\/snjallheimili\/laesingar\/product\/yale-dot-adgangspilla-3-pack-silfur\/#primaryimage","url":"https:\/\/velarogverkfaeri.is\/wp-content\/uploads\/2025\/04\/ab2afc45-0ee7-4eb7-899a-08bd462a61ff.png","contentUrl":"https:\/\/velarogverkfaeri.is\/wp-content\/uploads\/2025\/04\/ab2afc45-0ee7-4eb7-899a-08bd462a61ff.png","width":1278,"height":926},{"@type":"BreadcrumbList","@id":"https:\/\/velarogverkfaeri.is\/lykillausnir\/snjallheimili\/laesingar\/product\/yale-dot-adgangspilla-3-pack-silfur\/#breadcrumb","itemListElement":[{"@type":"ListItem","position":1,"name":"Home","item":"https:\/\/velarogverkfaeri.is\/"},{"@type":"ListItem","position":2,"name":"Vefverslun","item":"https:\/\/velarogverkfaeri.is\/vefverslun\/"},{"@type":"ListItem","position":3,"name":"YALE Dot A\u00f0gangspilla 3-Pack Silfur"}]},{"@type":"WebSite","@id":"https:\/\/velarogverkfaeri.is\/en\/#website","url":"https:\/\/velarogverkfaeri.is\/en\/","name":"V\u00e9lar & Verkf\u00e6ri","description":"Umbo\u00f0s- og heildverslun fr\u00e1 \u00e1rinu 1919","publisher":{"@id":"https:\/\/velarogverkfaeri.is\/en\/#organization"},"potentialAction":[{"@type":"SearchAction","target":{"@type":"EntryPoint","urlTemplate":"https:\/\/velarogverkfaeri.is\/en\/?s={search_term_string}"},"query-input":{"@type":"PropertyValueSpecification","valueRequired":true,"valueName":"search_term_string"}}],"inLanguage":"en-US"},{"@type":"Organization","@id":"https:\/\/velarogverkfaeri.is\/en\/#organization","name":"V\u00e9lar & Verkf\u00e6ri","url":"https:\/\/velarogverkfaeri.is\/en\/","logo":{"@type":"ImageObject","inLanguage":"en-US","@id":"https:\/\/velarogverkfaeri.is\/en\/#\/schema\/logo\/image\/","url":"https:\/\/velarogverkfaeri.is\/wp-content\/uploads\/2021\/10\/vv_logo_350x100.png","contentUrl":"https:\/\/velarogverkfaeri.is\/wp-content\/uploads\/2021\/10\/vv_logo_350x100.png","width":350,"height":100,"caption":"V\u00e9lar & Verkf\u00e6ri"},"image":{"@id":"https:\/\/velarogverkfaeri.is\/en\/#\/schema\/logo\/image\/"},"sameAs":["https:\/\/www.facebook.com\/VelarOgVerkfaeri"]}]}},"_links":{"self":[{"href":"https:\/\/velarogverkfaeri.is\/en\/wp-json\/wp\/v2\/product\/61518","targetHints":{"allow":["GET"]}}],"collection":[{"href":"https:\/\/velarogverkfaeri.is\/en\/wp-json\/wp\/v2\/product"}],"about":[{"href":"https:\/\/velarogverkfaeri.is\/en\/wp-json\/wp\/v2\/types\/product"}],"replies":[{"embeddable":true,"href":"https:\/\/velarogverkfaeri.is\/en\/wp-json\/wp\/v2\/comments?post=61518"}],"wp:featuredmedia":[{"embeddable":true,"href":"https:\/\/velarogverkfaeri.is\/en\/wp-json\/wp\/v2\/media\/71754"}],"wp:attachment":[{"href":"https:\/\/velarogverkfaeri.is\/en\/wp-json\/wp\/v2\/media?parent=61518"}],"wp:term":[{"taxonomy":"product_brand","embeddable":true,"href":"https:\/\/velarogverkfaeri.is\/en\/wp-json\/wp\/v2\/product_brand?post=61518"},{"taxonomy":"product_cat","embeddable":true,"href":"https:\/\/velarogverkfaeri.is\/en\/wp-json\/wp\/v2\/product_cat?post=61518"},{"taxonomy":"product_tag","embeddable":true,"href":"https:\/\/velarogverkfaeri.is\/en\/wp-json\/wp\/v2\/product_tag?post=61518"}],"curies":[{"name":"wp","href":"https:\/\/api.w.org\/{rel}","templated":true}]}}