{"id":61515,"date":"2024-06-08T15:57:23","date_gmt":"2024-06-08T15:57:23","guid":{"rendered":"https:\/\/velarogverkfaeri.is\/?post_type=product&#038;p=61515"},"modified":"2026-03-25T05:01:44","modified_gmt":"2026-03-25T05:01:44","slug":"yale-rafhlada-fyrir-linus-l2-endurhladanlegt","status":"publish","type":"product","link":"https:\/\/velarogverkfaeri.is\/en\/lykillausnir\/snjallheimili\/laesingar\/product\/yale-rafhlada-fyrir-linus-l2-endurhladanlegt\/","title":{"rendered":"YALE Rafhla\u00f0a fyrir Linus L2 &#8211; endurhla\u00f0anlegt"},"content":{"rendered":"<p><strong data-start=\"183\" data-end=\"233\">Endurhla\u00f0anlega rafhla\u00f0an fyrir Yale Linus\u00ae L2<\/strong> snjalll\u00e1sinn tryggir st\u00f6\u00f0ugan kraft og lengri endingu \u00e1n \u00feess a\u00f0 \u00feurfa s\u00edfellt a\u00f0 skipta um AA rafhl\u00f6\u00f0ur. H\u00fan er h\u00f6nnu\u00f0 s\u00e9rstaklega fyrir Linus L2 og b\u00fd\u00f0ur upp \u00e1 einfalt hle\u00f0slukerfi sem tryggir h\u00e1marks \u00fe\u00e6gindi og l\u00e1gmarks s\u00f3un.<\/p>\n<p><\/p>\n<h3 data-start=\"469\" data-end=\"494\" class=\"\">\u2699\ufe0f Helstu eiginleikar<\/h3>\n<\/p>\n<ul data-start=\"496\" data-end=\"922\">\n<li data-start=\"496\" data-end=\"588\" class=\"\">\n<p data-start=\"498\" data-end=\"588\" class=\"\">\ud83d\udd04 <strong data-start=\"501\" data-end=\"519\">Endurhla\u00f0anleg<\/strong>: Margnota og umhverfisv\u00e6n lausn sem sparar pening og minnkar \u00fargang.<\/p>\n<\/li>\n<li data-start=\"589\" data-end=\"666\" class=\"\">\n<p data-start=\"591\" data-end=\"666\" class=\"\">\ud83d\udd0c <strong data-start=\"594\" data-end=\"611\">USB-C hle\u00f0sla<\/strong>: Hle\u00f0st me\u00f0 USB-C sn\u00faru fyrir hra\u00f0a og \u00f6rugga hle\u00f0slu.<\/p>\n<\/li>\n<li data-start=\"667\" data-end=\"766\" class=\"\">\n<p data-start=\"669\" data-end=\"766\" class=\"\">\ud83d\udd0b <strong data-start=\"672\" data-end=\"688\">L\u00f6ng endingu<\/strong>: Dugar \u00ed allt a\u00f0 6\u20139 m\u00e1nu\u00f0i vi\u00f0 venjulega notkun \u00e1\u00f0ur en \u00fearf a\u00f0 hla\u00f0a aftur.<\/p>\n<\/li>\n<li data-start=\"767\" data-end=\"850\" class=\"\">\n<p data-start=\"769\" data-end=\"850\" class=\"\">\ud83d\udcf2 <strong data-start=\"772\" data-end=\"795\">Hle\u00f0slusta\u00f0a \u00ed appi<\/strong>: H\u00e6gt a\u00f0 fylgjast me\u00f0 hle\u00f0slust\u00f6\u00f0u \u00ed Yale Home appinu.<\/p>\n<\/li>\n<li data-start=\"851\" data-end=\"922\" class=\"\">\n<p data-start=\"853\" data-end=\"922\" class=\"\">\u26a0\ufe0f <strong data-start=\"856\" data-end=\"880\">L\u00e1g hle\u00f0sla \u00e1minning<\/strong>: F\u00e6r\u00f0u vi\u00f0v\u00f6run \u00e1\u00f0ur en rafhla\u00f0an t\u00e6mist.<\/p>\n<h3 data-start=\"929\" data-end=\"952\" class=\"\">\ud83d\udce6 Innihald pakkans<\/h3>\n<p data-start=\"853\" data-end=\"922\" class=\"\">\n<ul data-start=\"954\" data-end=\"1030\">\n<li data-start=\"954\" data-end=\"1004\" class=\"\">\n<p data-start=\"956\" data-end=\"1004\" class=\"\">1x Yale endurhla\u00f0anleg rafhla\u00f0a fyrir Linus L2<\/p>\n<\/li>\n<li data-start=\"1005\" data-end=\"1030\" class=\"\">\n<p data-start=\"1007\" data-end=\"1030\" class=\"\">1x USB-C hle\u00f0slusn\u00fara<\/p>\n<\/li>\n<\/ul>\n<\/li>\n<\/ul>","protected":false},"excerpt":{"rendered":"<p>Endurhla\u00f0anleg rafhla\u00f0a fyrir YALE LINUS L2 Snjalll\u00e1sinn &#8211; endist \u00ed allt a\u00f0 6-9 m\u00e1nu\u00f0i.<\/p>","protected":false},"featured_media":71750,"comment_status":"closed","ping_status":"closed","template":"","meta":[],"product_brand":[],"product_cat":[861,517,853],"product_tag":[1029,875],"class_list":{"0":"post-61515","1":"product","2":"type-product","3":"status-publish","4":"has-post-thumbnail","6":"product_cat-laesingar","7":"product_cat-lykillausnir","8":"product_cat-snjallheimili","9":"product_tag-sumaroryggi","10":"product_tag-yalehome","12":"first","13":"instock","14":"taxable","15":"shipping-taxable","16":"purchasable","17":"product-type-simple"},"yoast_head":"<!-- This site is optimized with the Yoast SEO plugin v27.3 - https:\/\/yoast.com\/product\/yoast-seo-wordpress\/ -->\n<title>YALE Rafhla\u00f0a fyrir Linus L2 - endurhla\u00f0anlegt - V\u00e9lar &amp; Verkf\u00e6ri<\/title>\n<meta name=\"robots\" content=\"index, follow, max-snippet:-1, max-image-preview:large, max-video-preview:-1\" \/>\n<link rel=\"canonical\" href=\"https:\/\/velarogverkfaeri.is\/en\/lykillausnir\/snjallheimili\/laesingar\/product\/yale-rafhlada-fyrir-linus-l2-endurhladanlegt\/\" \/>\n<meta property=\"og:locale\" content=\"en_US\" \/>\n<meta property=\"og:type\" content=\"article\" \/>\n<meta property=\"og:title\" content=\"YALE Rafhla\u00f0a fyrir Linus L2 - endurhla\u00f0anlegt - V\u00e9lar &amp; Verkf\u00e6ri\" \/>\n<meta property=\"og:description\" content=\"Endurhla\u00f0anleg rafhla\u00f0a fyrir YALE LINUS L2 Snjalll\u00e1sinn - endist \u00ed allt a\u00f0 6-9 m\u00e1nu\u00f0i.\" \/>\n<meta property=\"og:url\" content=\"https:\/\/velarogverkfaeri.is\/en\/lykillausnir\/snjallheimili\/laesingar\/product\/yale-rafhlada-fyrir-linus-l2-endurhladanlegt\/\" \/>\n<meta property=\"og:site_name\" content=\"V\u00e9lar &amp; Verkf\u00e6ri\" \/>\n<meta property=\"article:publisher\" content=\"https:\/\/www.facebook.com\/VelarOgVerkfaeri\" \/>\n<meta property=\"article:modified_time\" content=\"2026-03-25T05:01:44+00:00\" \/>\n<meta property=\"og:image\" content=\"https:\/\/velarogverkfaeri.is\/wp-content\/uploads\/2025\/04\/cc5908ee-5224-4cec-8d08-80050c8f0196.png\" \/>\n\t<meta property=\"og:image:width\" content=\"364\" \/>\n\t<meta property=\"og:image:height\" content=\"544\" \/>\n\t<meta property=\"og:image:type\" content=\"image\/png\" \/>\n<meta name=\"twitter:card\" content=\"summary_large_image\" \/>\n<meta name=\"twitter:label1\" content=\"Est. reading time\" \/>\n\t<meta name=\"twitter:data1\" content=\"1 minute\" \/>\n<script type=\"application\/ld+json\" class=\"yoast-schema-graph\">{\"@context\":\"https:\\\/\\\/schema.org\",\"@graph\":[{\"@type\":\"WebPage\",\"@id\":\"https:\\\/\\\/velarogverkfaeri.is\\\/lykillausnir\\\/snjallheimili\\\/laesingar\\\/product\\\/yale-rafhlada-fyrir-linus-l2-endurhladanlegt\\\/\",\"url\":\"https:\\\/\\\/velarogverkfaeri.is\\\/lykillausnir\\\/snjallheimili\\\/laesingar\\\/product\\\/yale-rafhlada-fyrir-linus-l2-endurhladanlegt\\\/\",\"name\":\"YALE Rafhla\u00f0a fyrir Linus L2 - endurhla\u00f0anlegt - V\u00e9lar &amp; Verkf\u00e6ri\",\"isPartOf\":{\"@id\":\"https:\\\/\\\/velarogverkfaeri.is\\\/en\\\/#website\"},\"primaryImageOfPage\":{\"@id\":\"https:\\\/\\\/velarogverkfaeri.is\\\/lykillausnir\\\/snjallheimili\\\/laesingar\\\/product\\\/yale-rafhlada-fyrir-linus-l2-endurhladanlegt\\\/#primaryimage\"},\"image\":{\"@id\":\"https:\\\/\\\/velarogverkfaeri.is\\\/lykillausnir\\\/snjallheimili\\\/laesingar\\\/product\\\/yale-rafhlada-fyrir-linus-l2-endurhladanlegt\\\/#primaryimage\"},\"thumbnailUrl\":\"https:\\\/\\\/velarogverkfaeri.is\\\/wp-content\\\/uploads\\\/2025\\\/04\\\/cc5908ee-5224-4cec-8d08-80050c8f0196.png\",\"datePublished\":\"2024-06-08T15:57:23+00:00\",\"dateModified\":\"2026-03-25T05:01:44+00:00\",\"breadcrumb\":{\"@id\":\"https:\\\/\\\/velarogverkfaeri.is\\\/lykillausnir\\\/snjallheimili\\\/laesingar\\\/product\\\/yale-rafhlada-fyrir-linus-l2-endurhladanlegt\\\/#breadcrumb\"},\"inLanguage\":\"en-US\",\"potentialAction\":[{\"@type\":\"ReadAction\",\"target\":[\"https:\\\/\\\/velarogverkfaeri.is\\\/lykillausnir\\\/snjallheimili\\\/laesingar\\\/product\\\/yale-rafhlada-fyrir-linus-l2-endurhladanlegt\\\/\"]}]},{\"@type\":\"ImageObject\",\"inLanguage\":\"en-US\",\"@id\":\"https:\\\/\\\/velarogverkfaeri.is\\\/lykillausnir\\\/snjallheimili\\\/laesingar\\\/product\\\/yale-rafhlada-fyrir-linus-l2-endurhladanlegt\\\/#primaryimage\",\"url\":\"https:\\\/\\\/velarogverkfaeri.is\\\/wp-content\\\/uploads\\\/2025\\\/04\\\/cc5908ee-5224-4cec-8d08-80050c8f0196.png\",\"contentUrl\":\"https:\\\/\\\/velarogverkfaeri.is\\\/wp-content\\\/uploads\\\/2025\\\/04\\\/cc5908ee-5224-4cec-8d08-80050c8f0196.png\",\"width\":364,\"height\":544},{\"@type\":\"BreadcrumbList\",\"@id\":\"https:\\\/\\\/velarogverkfaeri.is\\\/lykillausnir\\\/snjallheimili\\\/laesingar\\\/product\\\/yale-rafhlada-fyrir-linus-l2-endurhladanlegt\\\/#breadcrumb\",\"itemListElement\":[{\"@type\":\"ListItem\",\"position\":1,\"name\":\"Home\",\"item\":\"https:\\\/\\\/velarogverkfaeri.is\\\/\"},{\"@type\":\"ListItem\",\"position\":2,\"name\":\"Vefverslun\",\"item\":\"https:\\\/\\\/velarogverkfaeri.is\\\/vefverslun\\\/\"},{\"@type\":\"ListItem\",\"position\":3,\"name\":\"YALE Rafhla\u00f0a fyrir Linus L2 &#8211; endurhla\u00f0anlegt\"}]},{\"@type\":\"WebSite\",\"@id\":\"https:\\\/\\\/velarogverkfaeri.is\\\/en\\\/#website\",\"url\":\"https:\\\/\\\/velarogverkfaeri.is\\\/en\\\/\",\"name\":\"V\u00e9lar & Verkf\u00e6ri\",\"description\":\"Umbo\u00f0s- og heildverslun fr\u00e1 \u00e1rinu 1919\",\"publisher\":{\"@id\":\"https:\\\/\\\/velarogverkfaeri.is\\\/en\\\/#organization\"},\"potentialAction\":[{\"@type\":\"SearchAction\",\"target\":{\"@type\":\"EntryPoint\",\"urlTemplate\":\"https:\\\/\\\/velarogverkfaeri.is\\\/en\\\/?s={search_term_string}\"},\"query-input\":{\"@type\":\"PropertyValueSpecification\",\"valueRequired\":true,\"valueName\":\"search_term_string\"}}],\"inLanguage\":\"en-US\"},{\"@type\":\"Organization\",\"@id\":\"https:\\\/\\\/velarogverkfaeri.is\\\/en\\\/#organization\",\"name\":\"V\u00e9lar & Verkf\u00e6ri\",\"url\":\"https:\\\/\\\/velarogverkfaeri.is\\\/en\\\/\",\"logo\":{\"@type\":\"ImageObject\",\"inLanguage\":\"en-US\",\"@id\":\"https:\\\/\\\/velarogverkfaeri.is\\\/en\\\/#\\\/schema\\\/logo\\\/image\\\/\",\"url\":\"https:\\\/\\\/velarogverkfaeri.is\\\/wp-content\\\/uploads\\\/2021\\\/10\\\/vv_logo_350x100.png\",\"contentUrl\":\"https:\\\/\\\/velarogverkfaeri.is\\\/wp-content\\\/uploads\\\/2021\\\/10\\\/vv_logo_350x100.png\",\"width\":350,\"height\":100,\"caption\":\"V\u00e9lar & Verkf\u00e6ri\"},\"image\":{\"@id\":\"https:\\\/\\\/velarogverkfaeri.is\\\/en\\\/#\\\/schema\\\/logo\\\/image\\\/\"},\"sameAs\":[\"https:\\\/\\\/www.facebook.com\\\/VelarOgVerkfaeri\"]}]}<\/script>\n<!-- \/ Yoast SEO plugin. -->","yoast_head_json":{"title":"YALE Rafhla\u00f0a fyrir Linus L2 - endurhla\u00f0anlegt - V\u00e9lar &amp; Verkf\u00e6ri","robots":{"index":"index","follow":"follow","max-snippet":"max-snippet:-1","max-image-preview":"max-image-preview:large","max-video-preview":"max-video-preview:-1"},"canonical":"https:\/\/velarogverkfaeri.is\/en\/lykillausnir\/snjallheimili\/laesingar\/product\/yale-rafhlada-fyrir-linus-l2-endurhladanlegt\/","og_locale":"en_US","og_type":"article","og_title":"YALE Rafhla\u00f0a fyrir Linus L2 - endurhla\u00f0anlegt - V\u00e9lar &amp; Verkf\u00e6ri","og_description":"Endurhla\u00f0anleg rafhla\u00f0a fyrir YALE LINUS L2 Snjalll\u00e1sinn - endist \u00ed allt a\u00f0 6-9 m\u00e1nu\u00f0i.","og_url":"https:\/\/velarogverkfaeri.is\/en\/lykillausnir\/snjallheimili\/laesingar\/product\/yale-rafhlada-fyrir-linus-l2-endurhladanlegt\/","og_site_name":"V\u00e9lar &amp; Verkf\u00e6ri","article_publisher":"https:\/\/www.facebook.com\/VelarOgVerkfaeri","article_modified_time":"2026-03-25T05:01:44+00:00","og_image":[{"width":364,"height":544,"url":"https:\/\/velarogverkfaeri.is\/wp-content\/uploads\/2025\/04\/cc5908ee-5224-4cec-8d08-80050c8f0196.png","type":"image\/png"}],"twitter_card":"summary_large_image","twitter_misc":{"Est. reading time":"1 minute"},"schema":{"@context":"https:\/\/schema.org","@graph":[{"@type":"WebPage","@id":"https:\/\/velarogverkfaeri.is\/lykillausnir\/snjallheimili\/laesingar\/product\/yale-rafhlada-fyrir-linus-l2-endurhladanlegt\/","url":"https:\/\/velarogverkfaeri.is\/lykillausnir\/snjallheimili\/laesingar\/product\/yale-rafhlada-fyrir-linus-l2-endurhladanlegt\/","name":"YALE Rafhla\u00f0a fyrir Linus L2 - endurhla\u00f0anlegt - V\u00e9lar &amp; Verkf\u00e6ri","isPartOf":{"@id":"https:\/\/velarogverkfaeri.is\/en\/#website"},"primaryImageOfPage":{"@id":"https:\/\/velarogverkfaeri.is\/lykillausnir\/snjallheimili\/laesingar\/product\/yale-rafhlada-fyrir-linus-l2-endurhladanlegt\/#primaryimage"},"image":{"@id":"https:\/\/velarogverkfaeri.is\/lykillausnir\/snjallheimili\/laesingar\/product\/yale-rafhlada-fyrir-linus-l2-endurhladanlegt\/#primaryimage"},"thumbnailUrl":"https:\/\/velarogverkfaeri.is\/wp-content\/uploads\/2025\/04\/cc5908ee-5224-4cec-8d08-80050c8f0196.png","datePublished":"2024-06-08T15:57:23+00:00","dateModified":"2026-03-25T05:01:44+00:00","breadcrumb":{"@id":"https:\/\/velarogverkfaeri.is\/lykillausnir\/snjallheimili\/laesingar\/product\/yale-rafhlada-fyrir-linus-l2-endurhladanlegt\/#breadcrumb"},"inLanguage":"en-US","potentialAction":[{"@type":"ReadAction","target":["https:\/\/velarogverkfaeri.is\/lykillausnir\/snjallheimili\/laesingar\/product\/yale-rafhlada-fyrir-linus-l2-endurhladanlegt\/"]}]},{"@type":"ImageObject","inLanguage":"en-US","@id":"https:\/\/velarogverkfaeri.is\/lykillausnir\/snjallheimili\/laesingar\/product\/yale-rafhlada-fyrir-linus-l2-endurhladanlegt\/#primaryimage","url":"https:\/\/velarogverkfaeri.is\/wp-content\/uploads\/2025\/04\/cc5908ee-5224-4cec-8d08-80050c8f0196.png","contentUrl":"https:\/\/velarogverkfaeri.is\/wp-content\/uploads\/2025\/04\/cc5908ee-5224-4cec-8d08-80050c8f0196.png","width":364,"height":544},{"@type":"BreadcrumbList","@id":"https:\/\/velarogverkfaeri.is\/lykillausnir\/snjallheimili\/laesingar\/product\/yale-rafhlada-fyrir-linus-l2-endurhladanlegt\/#breadcrumb","itemListElement":[{"@type":"ListItem","position":1,"name":"Home","item":"https:\/\/velarogverkfaeri.is\/"},{"@type":"ListItem","position":2,"name":"Vefverslun","item":"https:\/\/velarogverkfaeri.is\/vefverslun\/"},{"@type":"ListItem","position":3,"name":"YALE Rafhla\u00f0a fyrir Linus L2 &#8211; endurhla\u00f0anlegt"}]},{"@type":"WebSite","@id":"https:\/\/velarogverkfaeri.is\/en\/#website","url":"https:\/\/velarogverkfaeri.is\/en\/","name":"V\u00e9lar & Verkf\u00e6ri","description":"Umbo\u00f0s- og heildverslun fr\u00e1 \u00e1rinu 1919","publisher":{"@id":"https:\/\/velarogverkfaeri.is\/en\/#organization"},"potentialAction":[{"@type":"SearchAction","target":{"@type":"EntryPoint","urlTemplate":"https:\/\/velarogverkfaeri.is\/en\/?s={search_term_string}"},"query-input":{"@type":"PropertyValueSpecification","valueRequired":true,"valueName":"search_term_string"}}],"inLanguage":"en-US"},{"@type":"Organization","@id":"https:\/\/velarogverkfaeri.is\/en\/#organization","name":"V\u00e9lar & Verkf\u00e6ri","url":"https:\/\/velarogverkfaeri.is\/en\/","logo":{"@type":"ImageObject","inLanguage":"en-US","@id":"https:\/\/velarogverkfaeri.is\/en\/#\/schema\/logo\/image\/","url":"https:\/\/velarogverkfaeri.is\/wp-content\/uploads\/2021\/10\/vv_logo_350x100.png","contentUrl":"https:\/\/velarogverkfaeri.is\/wp-content\/uploads\/2021\/10\/vv_logo_350x100.png","width":350,"height":100,"caption":"V\u00e9lar & Verkf\u00e6ri"},"image":{"@id":"https:\/\/velarogverkfaeri.is\/en\/#\/schema\/logo\/image\/"},"sameAs":["https:\/\/www.facebook.com\/VelarOgVerkfaeri"]}]}},"_links":{"self":[{"href":"https:\/\/velarogverkfaeri.is\/en\/wp-json\/wp\/v2\/product\/61515","targetHints":{"allow":["GET"]}}],"collection":[{"href":"https:\/\/velarogverkfaeri.is\/en\/wp-json\/wp\/v2\/product"}],"about":[{"href":"https:\/\/velarogverkfaeri.is\/en\/wp-json\/wp\/v2\/types\/product"}],"replies":[{"embeddable":true,"href":"https:\/\/velarogverkfaeri.is\/en\/wp-json\/wp\/v2\/comments?post=61515"}],"wp:featuredmedia":[{"embeddable":true,"href":"https:\/\/velarogverkfaeri.is\/en\/wp-json\/wp\/v2\/media\/71750"}],"wp:attachment":[{"href":"https:\/\/velarogverkfaeri.is\/en\/wp-json\/wp\/v2\/media?parent=61515"}],"wp:term":[{"taxonomy":"product_brand","embeddable":true,"href":"https:\/\/velarogverkfaeri.is\/en\/wp-json\/wp\/v2\/product_brand?post=61515"},{"taxonomy":"product_cat","embeddable":true,"href":"https:\/\/velarogverkfaeri.is\/en\/wp-json\/wp\/v2\/product_cat?post=61515"},{"taxonomy":"product_tag","embeddable":true,"href":"https:\/\/velarogverkfaeri.is\/en\/wp-json\/wp\/v2\/product_tag?post=61515"}],"curies":[{"name":"wp","href":"https:\/\/api.w.org\/{rel}","templated":true}]}}