{"id":61513,"date":"2024-06-08T15:57:22","date_gmt":"2024-06-08T15:57:22","guid":{"rendered":"https:\/\/velarogverkfaeri.is\/?post_type=product&#038;p=61513"},"modified":"2026-04-16T11:46:05","modified_gmt":"2026-04-16T11:46:05","slug":"yale-linus-l2-snjalllaesing-fyrir-assa-laesingu-svort","status":"publish","type":"product","link":"https:\/\/velarogverkfaeri.is\/en\/lykillausnir\/snjallheimili\/laesingar\/product\/yale-linus-l2-snjalllaesing-fyrir-assa-laesingu-svort\/","title":{"rendered":"YALE Linus L2  Snjalll\u00e6sing fyrir ASSA l\u00e6singu &#8211; Sv\u00f6rt"},"content":{"rendered":"<p><strong data-start=\"143\" data-end=\"160\">Yale Linus L2<\/strong>&nbsp;er h\u00e1\u00fer\u00f3a\u00f0ur snjalll\u00e1s sem sameinar \u00fe\u00e6gindi, \u00f6ryggi og gl\u00e6silega h\u00f6nnun. \u00deessi n\u00fdja \u00fatg\u00e1fa af hinum vins\u00e6la Yale Linus kemur me\u00f0 betrumb\u00e6ttum eiginleikum, hra\u00f0ari tengingu og v\u00ed\u00f0t\u00e6kari samh\u00e6fni \u2013 allt til a\u00f0 gera l\u00edf \u00feitt \u00f6ruggara og einfaldara. Samskiptabr\u00fain er n\u00fa innbygg\u00f0 \u00ed l\u00e1sinn.<\/p>\n<h3 data-start=\"413\" data-end=\"438\" class=\"\" style=\"font-family: &quot;Source Sans Pro&quot;, sans-serif; color: rgb(0, 0, 0); white-space: normal;\">Helstu eiginleikar<\/h3>\n<\/p>\n<ul data-start=\"440\" data-end=\"1022\">\n<li data-start=\"440\" data-end=\"534\" class=\"\">\n<p data-start=\"442\" data-end=\"534\" class=\"\"><strong data-start=\"442\" data-end=\"475\">Fjarst\u00fdring og a\u00f0gangsst\u00fdring<\/strong>: L\u00e6stu og opna\u00f0u hur\u00f0ina hvar sem er me\u00f0 Yale Home appinu.<\/p>\n<\/li>\n<li data-start=\"535\" data-end=\"636\" class=\"\">\n<p data-start=\"537\" data-end=\"636\" class=\"\"><strong data-start=\"537\" data-end=\"565\">Sj\u00e1lfvirk opnun og lokun<\/strong>: L\u00e1sinn \u00feekkir \u00feegar \u00fe\u00fa kemur heim og opnast sj\u00e1lfkrafa (Auto-unlock).<\/p>\n<\/li>\n<li data-start=\"637\" data-end=\"737\" class=\"\">\n<p data-start=\"639\" data-end=\"737\" class=\"\"><strong data-start=\"639\" data-end=\"677\">A\u00f0gangur fyrir fj\u00f6lskyldu og gesti<\/strong>: Veittu t\u00edmabundinn e\u00f0a varanlegan a\u00f0gang me\u00f0 einum smelli.<\/p>\n<\/li>\n<li data-start=\"738\" data-end=\"841\" class=\"\">\n<p data-start=\"740\" data-end=\"841\" class=\"\"><strong data-start=\"740\" data-end=\"788\">Tengist yfir Wi-Fi<\/strong>: F\u00e1\u00f0u a\u00f0gang a\u00f0 snjalll\u00e1snum hvar sem er \u00ed heiminum.<\/p>\n<\/li>\n<li data-start=\"842\" data-end=\"936\" class=\"\">\n<p data-start=\"844\" data-end=\"936\" class=\"\"><strong data-start=\"844\" data-end=\"871\">Samh\u00e6fni vi\u00f0 snjallheim<\/strong>: Virkar me\u00f0&nbsp;<strong data-start=\"884\" data-end=\"935\">Apple HomeKit, Google Assistant og Amazon Alexa<\/strong>.<\/p>\n<\/li>\n<li data-start=\"937\" data-end=\"1022\" class=\"\">\n<p data-start=\"939\" data-end=\"1022\" class=\"\"><strong data-start=\"939\" data-end=\"955\">Auki\u00f0 \u00f6ryggi<\/strong>: Dulk\u00f3\u00f0u\u00f0 samskipti og raunt\u00edmaskr\u00e1ning \u00e1 atbur\u00f0um (activity log).<\/p>\n<h3 data-start=\"1029\" data-end=\"1058\" class=\"\">T\u00e6knilegar uppl\u00fdsingar<\/h3>\n<p data-start=\"939\" data-end=\"1022\" class=\"\">\n<ul data-start=\"1060\" data-end=\"1354\">\n<li data-start=\"1060\" data-end=\"1126\" class=\"\">\n<p data-start=\"1062\" data-end=\"1126\" class=\"\"><strong data-start=\"1062\" data-end=\"1081\">Tengim\u00f6guleikar<\/strong>: Bluetooth &amp; Wi-Fi<\/p>\n<\/li>\n<li data-start=\"1127\" data-end=\"1162\" class=\"\">\n<p data-start=\"1129\" data-end=\"1162\" class=\"\"><strong data-start=\"1129\" data-end=\"1142\">Batteries<\/strong>: 4x AA (innifaldar)<\/p>\n<\/li>\n<li data-start=\"1163\" data-end=\"1211\" class=\"\">\n<p data-start=\"1165\" data-end=\"1211\" class=\"\"><strong data-start=\"1165\" data-end=\"1174\">Litur<\/strong>: Svartur<\/p>\n<\/li>\n<li data-start=\"1212\" data-end=\"1275\" class=\"\">\n<p data-start=\"1214\" data-end=\"1275\" class=\"\"><strong data-start=\"1214\" data-end=\"1228\">Uppsetning<\/strong>: Passar \u00e1 skandinav\u00edska l\u00e1sa (t.d. ASSA)<\/p>\n<\/li>\n<li data-start=\"1276\" data-end=\"1326\" class=\"\">\n<p data-start=\"1278\" data-end=\"1326\" class=\"\"><strong data-start=\"1278\" data-end=\"1293\">Raddst\u00fdring<\/strong>: J\u00e1, \u00ed gegnum samh\u00e6f\u00f0 snjallt\u00e6ki<\/p>\n<\/li>\n<li data-start=\"1327\" data-end=\"1354\" class=\"\">\n<p data-start=\"1329\" data-end=\"1354\" class=\"\"><strong data-start=\"1329\" data-end=\"1336\">M\u00e1l<\/strong>: 58 x 58 x 150 mm<\/p>\n<h3 data-start=\"1361\" data-end=\"1384\" class=\"\">Hva\u00f0 fylgir me\u00f0?<\/h3>\n<p data-start=\"1329\" data-end=\"1354\" class=\"\">\n<ul data-start=\"1386\" data-end=\"1530\">\n<li data-start=\"1386\" data-end=\"1412\" class=\"\">\n<p data-start=\"1388\" data-end=\"1412\" class=\"\">Yale Linus\u00ae L2 snjalll\u00e1s me\u00f0 innbygg\u00f0ri br\u00fa<\/p>\n<\/li>\n<li data-start=\"1413\" data-end=\"1438\" class=\"\">\n<p data-start=\"1415\" data-end=\"1438\" class=\"\">Festingar fyrir l\u00e1sh\u00fas<\/p>\n<\/li>\n<li data-start=\"1439\" data-end=\"1456\" class=\"\">\n<p data-start=\"1441\" data-end=\"1456\" class=\"\">4x AA rafhl\u00f6\u00f0ur<\/p>\n<\/li>\n<li data-start=\"1457\" data-end=\"1484\" class=\"\">\n<p data-start=\"1459\" data-end=\"1484\" class=\"\">Uppsetningarlei\u00f0beiningar<\/p>\n<\/li>\n<\/ul>\n<\/li>\n<\/ul>\n<\/li>\n<\/ul>","protected":false},"excerpt":{"rendered":"<p>\u00deessi fr\u00e1b\u00e6ri snjalll\u00e1s fr\u00e1 Yale er n\u00fa kominn \u00ed n\u00fdrri \u00fatg\u00e1fu sem er sj\u00e1lfb\u00e6rari, hlj\u00f3\u00f0l\u00e1tari og hra\u00f0ari en fyrri \u00fatg\u00e1fa.<\/p>","protected":false},"featured_media":81808,"comment_status":"closed","ping_status":"closed","template":"","meta":[],"product_brand":[],"product_cat":[861,517,853],"product_tag":[1046,1144,875],"class_list":{"0":"post-61513","1":"product","2":"type-product","3":"status-publish","4":"has-post-thumbnail","6":"product_cat-laesingar","7":"product_cat-lykillausnir","8":"product_cat-snjallheimili","9":"product_tag-linusl2","10":"product_tag-snjallvorudagar","11":"product_tag-yalehome","13":"first","14":"instock","15":"sale","16":"taxable","17":"shipping-taxable","18":"purchasable","19":"product-type-simple"},"yoast_head":"<!-- This site is optimized with the Yoast SEO plugin v27.3 - https:\/\/yoast.com\/product\/yoast-seo-wordpress\/ -->\n<title>YALE Linus L2 Snjalll\u00e6sing fyrir ASSA l\u00e6singu - Sv\u00f6rt - V\u00e9lar &amp; Verkf\u00e6ri<\/title>\n<meta name=\"robots\" content=\"index, follow, max-snippet:-1, max-image-preview:large, max-video-preview:-1\" \/>\n<link rel=\"canonical\" href=\"https:\/\/velarogverkfaeri.is\/en\/lykillausnir\/snjallheimili\/laesingar\/product\/yale-linus-l2-snjalllaesing-fyrir-assa-laesingu-svort\/\" \/>\n<meta property=\"og:locale\" content=\"en_US\" \/>\n<meta property=\"og:type\" content=\"article\" \/>\n<meta property=\"og:title\" content=\"YALE Linus L2 Snjalll\u00e6sing fyrir ASSA l\u00e6singu - Sv\u00f6rt - V\u00e9lar &amp; Verkf\u00e6ri\" \/>\n<meta property=\"og:description\" content=\"\u00deessi fr\u00e1b\u00e6ri snjalll\u00e1s fr\u00e1 Yale er n\u00fa kominn \u00ed n\u00fdrri \u00fatg\u00e1fu sem er sj\u00e1lfb\u00e6rari, hlj\u00f3\u00f0l\u00e1tari og hra\u00f0ari en fyrri \u00fatg\u00e1fa.\" \/>\n<meta property=\"og:url\" content=\"https:\/\/velarogverkfaeri.is\/en\/lykillausnir\/snjallheimili\/laesingar\/product\/yale-linus-l2-snjalllaesing-fyrir-assa-laesingu-svort\/\" \/>\n<meta property=\"og:site_name\" content=\"V\u00e9lar &amp; Verkf\u00e6ri\" \/>\n<meta property=\"article:publisher\" content=\"https:\/\/www.facebook.com\/VelarOgVerkfaeri\" \/>\n<meta property=\"article:modified_time\" content=\"2026-04-16T11:46:05+00:00\" \/>\n<meta property=\"og:image\" content=\"https:\/\/velarogverkfaeri.is\/wp-content\/uploads\/2025\/04\/721659c0-5850-4fda-ad09-8086a7ed4bb4.png\" \/>\n\t<meta property=\"og:image:width\" content=\"529\" \/>\n\t<meta property=\"og:image:height\" content=\"991\" \/>\n\t<meta property=\"og:image:type\" content=\"image\/png\" \/>\n<meta name=\"twitter:card\" content=\"summary_large_image\" \/>\n<meta name=\"twitter:label1\" content=\"Est. reading time\" \/>\n\t<meta name=\"twitter:data1\" content=\"1 minute\" \/>\n<script type=\"application\/ld+json\" class=\"yoast-schema-graph\">{\"@context\":\"https:\\\/\\\/schema.org\",\"@graph\":[{\"@type\":\"WebPage\",\"@id\":\"https:\\\/\\\/velarogverkfaeri.is\\\/lykillausnir\\\/snjallheimili\\\/laesingar\\\/product\\\/yale-linus-l2-snjalllaesing-fyrir-assa-laesingu-svort\\\/\",\"url\":\"https:\\\/\\\/velarogverkfaeri.is\\\/lykillausnir\\\/snjallheimili\\\/laesingar\\\/product\\\/yale-linus-l2-snjalllaesing-fyrir-assa-laesingu-svort\\\/\",\"name\":\"YALE Linus L2 Snjalll\u00e6sing fyrir ASSA l\u00e6singu - Sv\u00f6rt - V\u00e9lar &amp; Verkf\u00e6ri\",\"isPartOf\":{\"@id\":\"https:\\\/\\\/velarogverkfaeri.is\\\/en\\\/#website\"},\"primaryImageOfPage\":{\"@id\":\"https:\\\/\\\/velarogverkfaeri.is\\\/lykillausnir\\\/snjallheimili\\\/laesingar\\\/product\\\/yale-linus-l2-snjalllaesing-fyrir-assa-laesingu-svort\\\/#primaryimage\"},\"image\":{\"@id\":\"https:\\\/\\\/velarogverkfaeri.is\\\/lykillausnir\\\/snjallheimili\\\/laesingar\\\/product\\\/yale-linus-l2-snjalllaesing-fyrir-assa-laesingu-svort\\\/#primaryimage\"},\"thumbnailUrl\":\"https:\\\/\\\/velarogverkfaeri.is\\\/wp-content\\\/uploads\\\/2026\\\/04\\\/0ea22b02-b87e-42f2-97da-214272cff81b.png\",\"datePublished\":\"2024-06-08T15:57:22+00:00\",\"dateModified\":\"2026-04-16T11:46:05+00:00\",\"breadcrumb\":{\"@id\":\"https:\\\/\\\/velarogverkfaeri.is\\\/lykillausnir\\\/snjallheimili\\\/laesingar\\\/product\\\/yale-linus-l2-snjalllaesing-fyrir-assa-laesingu-svort\\\/#breadcrumb\"},\"inLanguage\":\"en-US\",\"potentialAction\":[{\"@type\":\"ReadAction\",\"target\":[\"https:\\\/\\\/velarogverkfaeri.is\\\/lykillausnir\\\/snjallheimili\\\/laesingar\\\/product\\\/yale-linus-l2-snjalllaesing-fyrir-assa-laesingu-svort\\\/\"]}]},{\"@type\":\"ImageObject\",\"inLanguage\":\"en-US\",\"@id\":\"https:\\\/\\\/velarogverkfaeri.is\\\/lykillausnir\\\/snjallheimili\\\/laesingar\\\/product\\\/yale-linus-l2-snjalllaesing-fyrir-assa-laesingu-svort\\\/#primaryimage\",\"url\":\"https:\\\/\\\/velarogverkfaeri.is\\\/wp-content\\\/uploads\\\/2026\\\/04\\\/0ea22b02-b87e-42f2-97da-214272cff81b.png\",\"contentUrl\":\"https:\\\/\\\/velarogverkfaeri.is\\\/wp-content\\\/uploads\\\/2026\\\/04\\\/0ea22b02-b87e-42f2-97da-214272cff81b.png\",\"width\":1000,\"height\":1000},{\"@type\":\"BreadcrumbList\",\"@id\":\"https:\\\/\\\/velarogverkfaeri.is\\\/lykillausnir\\\/snjallheimili\\\/laesingar\\\/product\\\/yale-linus-l2-snjalllaesing-fyrir-assa-laesingu-svort\\\/#breadcrumb\",\"itemListElement\":[{\"@type\":\"ListItem\",\"position\":1,\"name\":\"Home\",\"item\":\"https:\\\/\\\/velarogverkfaeri.is\\\/\"},{\"@type\":\"ListItem\",\"position\":2,\"name\":\"Vefverslun\",\"item\":\"https:\\\/\\\/velarogverkfaeri.is\\\/vefverslun\\\/\"},{\"@type\":\"ListItem\",\"position\":3,\"name\":\"YALE Linus L2 Snjalll\u00e6sing fyrir ASSA l\u00e6singu &#8211; Sv\u00f6rt\"}]},{\"@type\":\"WebSite\",\"@id\":\"https:\\\/\\\/velarogverkfaeri.is\\\/en\\\/#website\",\"url\":\"https:\\\/\\\/velarogverkfaeri.is\\\/en\\\/\",\"name\":\"V\u00e9lar & Verkf\u00e6ri\",\"description\":\"Umbo\u00f0s- og heildverslun fr\u00e1 \u00e1rinu 1919\",\"publisher\":{\"@id\":\"https:\\\/\\\/velarogverkfaeri.is\\\/en\\\/#organization\"},\"potentialAction\":[{\"@type\":\"SearchAction\",\"target\":{\"@type\":\"EntryPoint\",\"urlTemplate\":\"https:\\\/\\\/velarogverkfaeri.is\\\/en\\\/?s={search_term_string}\"},\"query-input\":{\"@type\":\"PropertyValueSpecification\",\"valueRequired\":true,\"valueName\":\"search_term_string\"}}],\"inLanguage\":\"en-US\"},{\"@type\":\"Organization\",\"@id\":\"https:\\\/\\\/velarogverkfaeri.is\\\/en\\\/#organization\",\"name\":\"V\u00e9lar & Verkf\u00e6ri\",\"url\":\"https:\\\/\\\/velarogverkfaeri.is\\\/en\\\/\",\"logo\":{\"@type\":\"ImageObject\",\"inLanguage\":\"en-US\",\"@id\":\"https:\\\/\\\/velarogverkfaeri.is\\\/en\\\/#\\\/schema\\\/logo\\\/image\\\/\",\"url\":\"https:\\\/\\\/velarogverkfaeri.is\\\/wp-content\\\/uploads\\\/2021\\\/10\\\/vv_logo_350x100.png\",\"contentUrl\":\"https:\\\/\\\/velarogverkfaeri.is\\\/wp-content\\\/uploads\\\/2021\\\/10\\\/vv_logo_350x100.png\",\"width\":350,\"height\":100,\"caption\":\"V\u00e9lar & Verkf\u00e6ri\"},\"image\":{\"@id\":\"https:\\\/\\\/velarogverkfaeri.is\\\/en\\\/#\\\/schema\\\/logo\\\/image\\\/\"},\"sameAs\":[\"https:\\\/\\\/www.facebook.com\\\/VelarOgVerkfaeri\"]}]}<\/script>\n<!-- \/ Yoast SEO plugin. -->","yoast_head_json":{"title":"YALE Linus L2 Snjalll\u00e6sing fyrir ASSA l\u00e6singu - Sv\u00f6rt - V\u00e9lar &amp; Verkf\u00e6ri","robots":{"index":"index","follow":"follow","max-snippet":"max-snippet:-1","max-image-preview":"max-image-preview:large","max-video-preview":"max-video-preview:-1"},"canonical":"https:\/\/velarogverkfaeri.is\/en\/lykillausnir\/snjallheimili\/laesingar\/product\/yale-linus-l2-snjalllaesing-fyrir-assa-laesingu-svort\/","og_locale":"en_US","og_type":"article","og_title":"YALE Linus L2 Snjalll\u00e6sing fyrir ASSA l\u00e6singu - Sv\u00f6rt - V\u00e9lar &amp; Verkf\u00e6ri","og_description":"\u00deessi fr\u00e1b\u00e6ri snjalll\u00e1s fr\u00e1 Yale er n\u00fa kominn \u00ed n\u00fdrri \u00fatg\u00e1fu sem er sj\u00e1lfb\u00e6rari, hlj\u00f3\u00f0l\u00e1tari og hra\u00f0ari en fyrri \u00fatg\u00e1fa.","og_url":"https:\/\/velarogverkfaeri.is\/en\/lykillausnir\/snjallheimili\/laesingar\/product\/yale-linus-l2-snjalllaesing-fyrir-assa-laesingu-svort\/","og_site_name":"V\u00e9lar &amp; Verkf\u00e6ri","article_publisher":"https:\/\/www.facebook.com\/VelarOgVerkfaeri","article_modified_time":"2026-04-16T11:46:05+00:00","og_image":[{"width":529,"height":991,"url":"https:\/\/velarogverkfaeri.is\/wp-content\/uploads\/2025\/04\/721659c0-5850-4fda-ad09-8086a7ed4bb4.png","type":"image\/png"}],"twitter_card":"summary_large_image","twitter_misc":{"Est. reading time":"1 minute"},"schema":{"@context":"https:\/\/schema.org","@graph":[{"@type":"WebPage","@id":"https:\/\/velarogverkfaeri.is\/lykillausnir\/snjallheimili\/laesingar\/product\/yale-linus-l2-snjalllaesing-fyrir-assa-laesingu-svort\/","url":"https:\/\/velarogverkfaeri.is\/lykillausnir\/snjallheimili\/laesingar\/product\/yale-linus-l2-snjalllaesing-fyrir-assa-laesingu-svort\/","name":"YALE Linus L2 Snjalll\u00e6sing fyrir ASSA l\u00e6singu - Sv\u00f6rt - V\u00e9lar &amp; Verkf\u00e6ri","isPartOf":{"@id":"https:\/\/velarogverkfaeri.is\/en\/#website"},"primaryImageOfPage":{"@id":"https:\/\/velarogverkfaeri.is\/lykillausnir\/snjallheimili\/laesingar\/product\/yale-linus-l2-snjalllaesing-fyrir-assa-laesingu-svort\/#primaryimage"},"image":{"@id":"https:\/\/velarogverkfaeri.is\/lykillausnir\/snjallheimili\/laesingar\/product\/yale-linus-l2-snjalllaesing-fyrir-assa-laesingu-svort\/#primaryimage"},"thumbnailUrl":"https:\/\/velarogverkfaeri.is\/wp-content\/uploads\/2026\/04\/0ea22b02-b87e-42f2-97da-214272cff81b.png","datePublished":"2024-06-08T15:57:22+00:00","dateModified":"2026-04-16T11:46:05+00:00","breadcrumb":{"@id":"https:\/\/velarogverkfaeri.is\/lykillausnir\/snjallheimili\/laesingar\/product\/yale-linus-l2-snjalllaesing-fyrir-assa-laesingu-svort\/#breadcrumb"},"inLanguage":"en-US","potentialAction":[{"@type":"ReadAction","target":["https:\/\/velarogverkfaeri.is\/lykillausnir\/snjallheimili\/laesingar\/product\/yale-linus-l2-snjalllaesing-fyrir-assa-laesingu-svort\/"]}]},{"@type":"ImageObject","inLanguage":"en-US","@id":"https:\/\/velarogverkfaeri.is\/lykillausnir\/snjallheimili\/laesingar\/product\/yale-linus-l2-snjalllaesing-fyrir-assa-laesingu-svort\/#primaryimage","url":"https:\/\/velarogverkfaeri.is\/wp-content\/uploads\/2026\/04\/0ea22b02-b87e-42f2-97da-214272cff81b.png","contentUrl":"https:\/\/velarogverkfaeri.is\/wp-content\/uploads\/2026\/04\/0ea22b02-b87e-42f2-97da-214272cff81b.png","width":1000,"height":1000},{"@type":"BreadcrumbList","@id":"https:\/\/velarogverkfaeri.is\/lykillausnir\/snjallheimili\/laesingar\/product\/yale-linus-l2-snjalllaesing-fyrir-assa-laesingu-svort\/#breadcrumb","itemListElement":[{"@type":"ListItem","position":1,"name":"Home","item":"https:\/\/velarogverkfaeri.is\/"},{"@type":"ListItem","position":2,"name":"Vefverslun","item":"https:\/\/velarogverkfaeri.is\/vefverslun\/"},{"@type":"ListItem","position":3,"name":"YALE Linus L2 Snjalll\u00e6sing fyrir ASSA l\u00e6singu &#8211; Sv\u00f6rt"}]},{"@type":"WebSite","@id":"https:\/\/velarogverkfaeri.is\/en\/#website","url":"https:\/\/velarogverkfaeri.is\/en\/","name":"V\u00e9lar & Verkf\u00e6ri","description":"Umbo\u00f0s- og heildverslun fr\u00e1 \u00e1rinu 1919","publisher":{"@id":"https:\/\/velarogverkfaeri.is\/en\/#organization"},"potentialAction":[{"@type":"SearchAction","target":{"@type":"EntryPoint","urlTemplate":"https:\/\/velarogverkfaeri.is\/en\/?s={search_term_string}"},"query-input":{"@type":"PropertyValueSpecification","valueRequired":true,"valueName":"search_term_string"}}],"inLanguage":"en-US"},{"@type":"Organization","@id":"https:\/\/velarogverkfaeri.is\/en\/#organization","name":"V\u00e9lar & Verkf\u00e6ri","url":"https:\/\/velarogverkfaeri.is\/en\/","logo":{"@type":"ImageObject","inLanguage":"en-US","@id":"https:\/\/velarogverkfaeri.is\/en\/#\/schema\/logo\/image\/","url":"https:\/\/velarogverkfaeri.is\/wp-content\/uploads\/2021\/10\/vv_logo_350x100.png","contentUrl":"https:\/\/velarogverkfaeri.is\/wp-content\/uploads\/2021\/10\/vv_logo_350x100.png","width":350,"height":100,"caption":"V\u00e9lar & Verkf\u00e6ri"},"image":{"@id":"https:\/\/velarogverkfaeri.is\/en\/#\/schema\/logo\/image\/"},"sameAs":["https:\/\/www.facebook.com\/VelarOgVerkfaeri"]}]}},"_links":{"self":[{"href":"https:\/\/velarogverkfaeri.is\/en\/wp-json\/wp\/v2\/product\/61513","targetHints":{"allow":["GET"]}}],"collection":[{"href":"https:\/\/velarogverkfaeri.is\/en\/wp-json\/wp\/v2\/product"}],"about":[{"href":"https:\/\/velarogverkfaeri.is\/en\/wp-json\/wp\/v2\/types\/product"}],"replies":[{"embeddable":true,"href":"https:\/\/velarogverkfaeri.is\/en\/wp-json\/wp\/v2\/comments?post=61513"}],"wp:featuredmedia":[{"embeddable":true,"href":"https:\/\/velarogverkfaeri.is\/en\/wp-json\/wp\/v2\/media\/81808"}],"wp:attachment":[{"href":"https:\/\/velarogverkfaeri.is\/en\/wp-json\/wp\/v2\/media?parent=61513"}],"wp:term":[{"taxonomy":"product_brand","embeddable":true,"href":"https:\/\/velarogverkfaeri.is\/en\/wp-json\/wp\/v2\/product_brand?post=61513"},{"taxonomy":"product_cat","embeddable":true,"href":"https:\/\/velarogverkfaeri.is\/en\/wp-json\/wp\/v2\/product_cat?post=61513"},{"taxonomy":"product_tag","embeddable":true,"href":"https:\/\/velarogverkfaeri.is\/en\/wp-json\/wp\/v2\/product_tag?post=61513"}],"curies":[{"name":"wp","href":"https:\/\/api.w.org\/{rel}","templated":true}]}}