{"id":61385,"date":"2024-06-05T13:12:30","date_gmt":"2024-06-05T13:12:30","guid":{"rendered":"https:\/\/velarogverkfaeri.is\/?post_type=product&#038;p=61385"},"modified":"2025-06-06T14:16:00","modified_gmt":"2025-06-06T14:16:00","slug":"yale-hurda-gluggaskynjari","status":"publish","type":"product","link":"https:\/\/velarogverkfaeri.is\/en\/lykillausnir\/snjallheimili\/thjofavarnir-snjallheimili\/product\/yale-hurda-gluggaskynjari\/","title":{"rendered":"YALE Hur\u00f0a\/gluggaskynjari"},"content":{"rendered":"<p>&#8211; Aukab\u00fana\u00f0ur fyrir Yale snjall\u00f6ryggiskerfi\u00f0<\/p>\n<p>&#8211; Krefst Yale snjalls hub<\/p>\n<p>&#8211; Greinir opnun\/lokun glugga og hur\u00f0a<\/p>\n<p>&#8211; Stj\u00f3rnast me\u00f0 Yale Home appinu<\/p>\n<p><\/p>\n<p>B\u00e6ttu \u00f6ryggiskerfi snjallheimilisins og athuga\u00f0u au\u00f0veldlega st\u00f6\u00f0u hur\u00f0a e\u00f0a glugga me\u00f0 Yale innandyra\/glugga tengili\u00f0. F\u00e1\u00f0u tilkynningar \u00ed raunt\u00edma \u00ed gegnum Yale Home appi\u00f0 \u00feegar einhver opnar e\u00f0a lokar hur\u00f0inni \u00feinni e\u00f0a gluggum.<\/p>\n<p>Virkar me\u00f0 Yale snjall\u00f6ryggiskerfi*<\/p>\n<p>&nbsp;&nbsp; &nbsp; &#8211; Yale mi\u00f0st\u00f6\u00f0in (hub) er nau\u00f0synleg<\/p>\n<p>&nbsp; &nbsp; &#8211; Stj\u00f3rnast me\u00f0 Yale Home appinu<\/p>\n<p>&nbsp; &nbsp; &#8211; Greinir opnun\/lokun<\/p>\n<p>&nbsp; &nbsp; &#8211; Til notkunar innanh\u00fass<\/p>\n<p><b>Slim h\u00f6nnun<\/b><\/p>\n<p>Sl\u00e9tt og f\u00edn h\u00f6nnun passar fullkomlega inn \u00ed \u00fer\u00f6nga glugga- og hur\u00f0arkarma. \u00deessi skynjari fellur fullkomlega inn \u00ed innr\u00e9ttinguna \u00fe\u00edna og eykur \u00f6ryggi \u00feitt \u00e1n \u00feess a\u00f0 valda \u00fe\u00e9r \u00f3\u00fearfa \u00f3n\u00e6\u00f0i.<\/p>\n<p><\/p>\n<p><b>Au\u00f0veld stj\u00f3rn<\/b><\/p>\n<p>Vertu uppl\u00fdst me\u00f0 raunt\u00edma vi\u00f0v\u00f6runum, svo \u00fe\u00fa veist alltaf hven\u00e6r hur\u00f0ir \u00fe\u00ednar e\u00f0a gluggar eru opna\u00f0ar e\u00f0a loka\u00f0ir. Athuga\u00f0u au\u00f0veldlega st\u00f6\u00f0u heimilis \u00fe\u00edns, hvar og hven\u00e6r sem \u00fe\u00fa vilt, og gefur \u00fe\u00e9r hugarr\u00f3.<\/p>\n<p><\/p>\n<p><b>Horizon+ t\u00e6kni<\/b><\/p>\n<p>Upplif\u00f0u einstaka vernd me\u00f0 langri dr\u00e6gni allt a\u00f0 1 km, \u00e1samt lengri endingu rafhl\u00f6\u00f0unnar. Vernda\u00f0u ekki a\u00f0eins heimili \u00feitt, heldur einnig eignir og \u00fatih\u00fas af \u00f6llum st\u00e6r\u00f0um og ger\u00f0um.<\/p>\n<p><\/p>\n<p><b>Au\u00f0velt a\u00f0 setja upp<\/b><\/p>\n<p>Festu hur\u00f0ar-\/gluggaskynjarann \u200b\u200bau\u00f0veldlega vi\u00f0 gluggana \u00fe\u00edna og hur\u00f0ir me\u00f0 me\u00f0fylgjandi tv\u00edhli\u00f0a l\u00edmbandi e\u00f0a festingarb\u00fana\u00f0i (fylgir).<\/p>","protected":false},"excerpt":{"rendered":"<p>&#8211; Aukab\u00fana\u00f0ur fyrir Yale snjall\u00f6ryggiskerfi\u00f0 &#8211; Krefst Yale snjalls hub &#8211; Greinir opnun\/lokun glugga og hur\u00f0a &#8211; Stj\u00f3rnast me\u00f0 Yale Home appinu B\u00e6ttu \u00f6ryggiskerfi snjallheimilisins og athuga\u00f0u au\u00f0veldlega st\u00f6\u00f0u hur\u00f0a e\u00f0a glugga me\u00f0 Yale innandyra\/glugga tengili\u00f0. F\u00e1\u00f0u tilkynningar \u00ed raunt\u00edma \u00ed gegnum Yale Home appi\u00f0 \u00feegar einhver opnar e\u00f0a lokar hur\u00f0inni \u00feinni e\u00f0a gluggum. Virkar [&hellip;]<\/p>\n","protected":false},"featured_media":62221,"comment_status":"closed","ping_status":"closed","template":"","meta":[],"product_brand":[],"product_cat":[517,602,853,864,706],"product_tag":[875],"class_list":{"0":"post-61385","1":"product","2":"type-product","3":"status-publish","4":"has-post-thumbnail","6":"product_cat-lykillausnir","7":"product_cat-oryggisvorur","8":"product_cat-snjallheimili","9":"product_cat-thjofavarnir-snjallheimili","10":"product_cat-thjofavarnir","11":"product_tag-yalehome","13":"first","14":"instock","15":"taxable","16":"shipping-taxable","17":"purchasable","18":"product-type-simple"},"yoast_head":"<!-- This site is optimized with the Yoast SEO plugin v27.3 - https:\/\/yoast.com\/product\/yoast-seo-wordpress\/ -->\n<title>YALE Hur\u00f0a\/gluggaskynjari - V\u00e9lar &amp; Verkf\u00e6ri<\/title>\n<meta name=\"robots\" content=\"index, follow, max-snippet:-1, max-image-preview:large, max-video-preview:-1\" \/>\n<link rel=\"canonical\" href=\"https:\/\/velarogverkfaeri.is\/en\/lykillausnir\/snjallheimili\/thjofavarnir-snjallheimili\/product\/yale-hurda-gluggaskynjari\/\" \/>\n<meta property=\"og:locale\" content=\"en_US\" \/>\n<meta property=\"og:type\" content=\"article\" \/>\n<meta property=\"og:title\" content=\"YALE Hur\u00f0a\/gluggaskynjari - V\u00e9lar &amp; Verkf\u00e6ri\" \/>\n<meta property=\"og:description\" content=\"&#8211; Aukab\u00fana\u00f0ur fyrir Yale snjall\u00f6ryggiskerfi\u00f0 &#8211; Krefst Yale snjalls hub &#8211; Greinir opnun\/lokun glugga og hur\u00f0a &#8211; Stj\u00f3rnast me\u00f0 Yale Home appinu B\u00e6ttu \u00f6ryggiskerfi snjallheimilisins og athuga\u00f0u au\u00f0veldlega st\u00f6\u00f0u hur\u00f0a e\u00f0a glugga me\u00f0 Yale innandyra\/glugga tengili\u00f0. F\u00e1\u00f0u tilkynningar \u00ed raunt\u00edma \u00ed gegnum Yale Home appi\u00f0 \u00feegar einhver opnar e\u00f0a lokar hur\u00f0inni \u00feinni e\u00f0a gluggum. Virkar [&hellip;]\" \/>\n<meta property=\"og:url\" content=\"https:\/\/velarogverkfaeri.is\/en\/lykillausnir\/snjallheimili\/thjofavarnir-snjallheimili\/product\/yale-hurda-gluggaskynjari\/\" \/>\n<meta property=\"og:site_name\" content=\"V\u00e9lar &amp; Verkf\u00e6ri\" \/>\n<meta property=\"article:publisher\" content=\"https:\/\/www.facebook.com\/VelarOgVerkfaeri\" \/>\n<meta property=\"article:modified_time\" content=\"2025-06-06T14:16:00+00:00\" \/>\n<meta property=\"og:image\" content=\"https:\/\/velarogverkfaeri.is\/wp-content\/uploads\/2024\/07\/ee8133dd-5703-4942-836d-2efa63979b75.jpeg\" \/>\n\t<meta property=\"og:image:width\" content=\"800\" \/>\n\t<meta property=\"og:image:height\" content=\"600\" \/>\n\t<meta property=\"og:image:type\" content=\"image\/jpeg\" \/>\n<meta name=\"twitter:card\" content=\"summary_large_image\" \/>\n<meta name=\"twitter:label1\" content=\"Est. reading time\" \/>\n\t<meta name=\"twitter:data1\" content=\"1 minute\" \/>\n<script type=\"application\/ld+json\" class=\"yoast-schema-graph\">{\"@context\":\"https:\\\/\\\/schema.org\",\"@graph\":[{\"@type\":\"WebPage\",\"@id\":\"https:\\\/\\\/velarogverkfaeri.is\\\/lykillausnir\\\/snjallheimili\\\/thjofavarnir-snjallheimili\\\/product\\\/yale-hurda-gluggaskynjari\\\/\",\"url\":\"https:\\\/\\\/velarogverkfaeri.is\\\/lykillausnir\\\/snjallheimili\\\/thjofavarnir-snjallheimili\\\/product\\\/yale-hurda-gluggaskynjari\\\/\",\"name\":\"YALE Hur\u00f0a\\\/gluggaskynjari - V\u00e9lar &amp; Verkf\u00e6ri\",\"isPartOf\":{\"@id\":\"https:\\\/\\\/velarogverkfaeri.is\\\/en\\\/#website\"},\"primaryImageOfPage\":{\"@id\":\"https:\\\/\\\/velarogverkfaeri.is\\\/lykillausnir\\\/snjallheimili\\\/thjofavarnir-snjallheimili\\\/product\\\/yale-hurda-gluggaskynjari\\\/#primaryimage\"},\"image\":{\"@id\":\"https:\\\/\\\/velarogverkfaeri.is\\\/lykillausnir\\\/snjallheimili\\\/thjofavarnir-snjallheimili\\\/product\\\/yale-hurda-gluggaskynjari\\\/#primaryimage\"},\"thumbnailUrl\":\"https:\\\/\\\/velarogverkfaeri.is\\\/wp-content\\\/uploads\\\/2024\\\/07\\\/ee8133dd-5703-4942-836d-2efa63979b75.jpeg\",\"datePublished\":\"2024-06-05T13:12:30+00:00\",\"dateModified\":\"2025-06-06T14:16:00+00:00\",\"breadcrumb\":{\"@id\":\"https:\\\/\\\/velarogverkfaeri.is\\\/lykillausnir\\\/snjallheimili\\\/thjofavarnir-snjallheimili\\\/product\\\/yale-hurda-gluggaskynjari\\\/#breadcrumb\"},\"inLanguage\":\"en-US\",\"potentialAction\":[{\"@type\":\"ReadAction\",\"target\":[\"https:\\\/\\\/velarogverkfaeri.is\\\/lykillausnir\\\/snjallheimili\\\/thjofavarnir-snjallheimili\\\/product\\\/yale-hurda-gluggaskynjari\\\/\"]}]},{\"@type\":\"ImageObject\",\"inLanguage\":\"en-US\",\"@id\":\"https:\\\/\\\/velarogverkfaeri.is\\\/lykillausnir\\\/snjallheimili\\\/thjofavarnir-snjallheimili\\\/product\\\/yale-hurda-gluggaskynjari\\\/#primaryimage\",\"url\":\"https:\\\/\\\/velarogverkfaeri.is\\\/wp-content\\\/uploads\\\/2024\\\/07\\\/ee8133dd-5703-4942-836d-2efa63979b75.jpeg\",\"contentUrl\":\"https:\\\/\\\/velarogverkfaeri.is\\\/wp-content\\\/uploads\\\/2024\\\/07\\\/ee8133dd-5703-4942-836d-2efa63979b75.jpeg\",\"width\":800,\"height\":600},{\"@type\":\"BreadcrumbList\",\"@id\":\"https:\\\/\\\/velarogverkfaeri.is\\\/lykillausnir\\\/snjallheimili\\\/thjofavarnir-snjallheimili\\\/product\\\/yale-hurda-gluggaskynjari\\\/#breadcrumb\",\"itemListElement\":[{\"@type\":\"ListItem\",\"position\":1,\"name\":\"Home\",\"item\":\"https:\\\/\\\/velarogverkfaeri.is\\\/\"},{\"@type\":\"ListItem\",\"position\":2,\"name\":\"Vefverslun\",\"item\":\"https:\\\/\\\/velarogverkfaeri.is\\\/vefverslun\\\/\"},{\"@type\":\"ListItem\",\"position\":3,\"name\":\"YALE Hur\u00f0a\\\/gluggaskynjari\"}]},{\"@type\":\"WebSite\",\"@id\":\"https:\\\/\\\/velarogverkfaeri.is\\\/en\\\/#website\",\"url\":\"https:\\\/\\\/velarogverkfaeri.is\\\/en\\\/\",\"name\":\"V\u00e9lar & Verkf\u00e6ri\",\"description\":\"Umbo\u00f0s- og heildverslun fr\u00e1 \u00e1rinu 1919\",\"publisher\":{\"@id\":\"https:\\\/\\\/velarogverkfaeri.is\\\/en\\\/#organization\"},\"potentialAction\":[{\"@type\":\"SearchAction\",\"target\":{\"@type\":\"EntryPoint\",\"urlTemplate\":\"https:\\\/\\\/velarogverkfaeri.is\\\/en\\\/?s={search_term_string}\"},\"query-input\":{\"@type\":\"PropertyValueSpecification\",\"valueRequired\":true,\"valueName\":\"search_term_string\"}}],\"inLanguage\":\"en-US\"},{\"@type\":\"Organization\",\"@id\":\"https:\\\/\\\/velarogverkfaeri.is\\\/en\\\/#organization\",\"name\":\"V\u00e9lar & Verkf\u00e6ri\",\"url\":\"https:\\\/\\\/velarogverkfaeri.is\\\/en\\\/\",\"logo\":{\"@type\":\"ImageObject\",\"inLanguage\":\"en-US\",\"@id\":\"https:\\\/\\\/velarogverkfaeri.is\\\/en\\\/#\\\/schema\\\/logo\\\/image\\\/\",\"url\":\"https:\\\/\\\/velarogverkfaeri.is\\\/wp-content\\\/uploads\\\/2021\\\/10\\\/vv_logo_350x100.png\",\"contentUrl\":\"https:\\\/\\\/velarogverkfaeri.is\\\/wp-content\\\/uploads\\\/2021\\\/10\\\/vv_logo_350x100.png\",\"width\":350,\"height\":100,\"caption\":\"V\u00e9lar & Verkf\u00e6ri\"},\"image\":{\"@id\":\"https:\\\/\\\/velarogverkfaeri.is\\\/en\\\/#\\\/schema\\\/logo\\\/image\\\/\"},\"sameAs\":[\"https:\\\/\\\/www.facebook.com\\\/VelarOgVerkfaeri\"]}]}<\/script>\n<!-- \/ Yoast SEO plugin. -->","yoast_head_json":{"title":"YALE Hur\u00f0a\/gluggaskynjari - V\u00e9lar &amp; Verkf\u00e6ri","robots":{"index":"index","follow":"follow","max-snippet":"max-snippet:-1","max-image-preview":"max-image-preview:large","max-video-preview":"max-video-preview:-1"},"canonical":"https:\/\/velarogverkfaeri.is\/en\/lykillausnir\/snjallheimili\/thjofavarnir-snjallheimili\/product\/yale-hurda-gluggaskynjari\/","og_locale":"en_US","og_type":"article","og_title":"YALE Hur\u00f0a\/gluggaskynjari - V\u00e9lar &amp; Verkf\u00e6ri","og_description":"&#8211; Aukab\u00fana\u00f0ur fyrir Yale snjall\u00f6ryggiskerfi\u00f0 &#8211; Krefst Yale snjalls hub &#8211; Greinir opnun\/lokun glugga og hur\u00f0a &#8211; Stj\u00f3rnast me\u00f0 Yale Home appinu B\u00e6ttu \u00f6ryggiskerfi snjallheimilisins og athuga\u00f0u au\u00f0veldlega st\u00f6\u00f0u hur\u00f0a e\u00f0a glugga me\u00f0 Yale innandyra\/glugga tengili\u00f0. F\u00e1\u00f0u tilkynningar \u00ed raunt\u00edma \u00ed gegnum Yale Home appi\u00f0 \u00feegar einhver opnar e\u00f0a lokar hur\u00f0inni \u00feinni e\u00f0a gluggum. Virkar [&hellip;]","og_url":"https:\/\/velarogverkfaeri.is\/en\/lykillausnir\/snjallheimili\/thjofavarnir-snjallheimili\/product\/yale-hurda-gluggaskynjari\/","og_site_name":"V\u00e9lar &amp; Verkf\u00e6ri","article_publisher":"https:\/\/www.facebook.com\/VelarOgVerkfaeri","article_modified_time":"2025-06-06T14:16:00+00:00","og_image":[{"width":800,"height":600,"url":"https:\/\/velarogverkfaeri.is\/wp-content\/uploads\/2024\/07\/ee8133dd-5703-4942-836d-2efa63979b75.jpeg","type":"image\/jpeg"}],"twitter_card":"summary_large_image","twitter_misc":{"Est. reading time":"1 minute"},"schema":{"@context":"https:\/\/schema.org","@graph":[{"@type":"WebPage","@id":"https:\/\/velarogverkfaeri.is\/lykillausnir\/snjallheimili\/thjofavarnir-snjallheimili\/product\/yale-hurda-gluggaskynjari\/","url":"https:\/\/velarogverkfaeri.is\/lykillausnir\/snjallheimili\/thjofavarnir-snjallheimili\/product\/yale-hurda-gluggaskynjari\/","name":"YALE Hur\u00f0a\/gluggaskynjari - V\u00e9lar &amp; Verkf\u00e6ri","isPartOf":{"@id":"https:\/\/velarogverkfaeri.is\/en\/#website"},"primaryImageOfPage":{"@id":"https:\/\/velarogverkfaeri.is\/lykillausnir\/snjallheimili\/thjofavarnir-snjallheimili\/product\/yale-hurda-gluggaskynjari\/#primaryimage"},"image":{"@id":"https:\/\/velarogverkfaeri.is\/lykillausnir\/snjallheimili\/thjofavarnir-snjallheimili\/product\/yale-hurda-gluggaskynjari\/#primaryimage"},"thumbnailUrl":"https:\/\/velarogverkfaeri.is\/wp-content\/uploads\/2024\/07\/ee8133dd-5703-4942-836d-2efa63979b75.jpeg","datePublished":"2024-06-05T13:12:30+00:00","dateModified":"2025-06-06T14:16:00+00:00","breadcrumb":{"@id":"https:\/\/velarogverkfaeri.is\/lykillausnir\/snjallheimili\/thjofavarnir-snjallheimili\/product\/yale-hurda-gluggaskynjari\/#breadcrumb"},"inLanguage":"en-US","potentialAction":[{"@type":"ReadAction","target":["https:\/\/velarogverkfaeri.is\/lykillausnir\/snjallheimili\/thjofavarnir-snjallheimili\/product\/yale-hurda-gluggaskynjari\/"]}]},{"@type":"ImageObject","inLanguage":"en-US","@id":"https:\/\/velarogverkfaeri.is\/lykillausnir\/snjallheimili\/thjofavarnir-snjallheimili\/product\/yale-hurda-gluggaskynjari\/#primaryimage","url":"https:\/\/velarogverkfaeri.is\/wp-content\/uploads\/2024\/07\/ee8133dd-5703-4942-836d-2efa63979b75.jpeg","contentUrl":"https:\/\/velarogverkfaeri.is\/wp-content\/uploads\/2024\/07\/ee8133dd-5703-4942-836d-2efa63979b75.jpeg","width":800,"height":600},{"@type":"BreadcrumbList","@id":"https:\/\/velarogverkfaeri.is\/lykillausnir\/snjallheimili\/thjofavarnir-snjallheimili\/product\/yale-hurda-gluggaskynjari\/#breadcrumb","itemListElement":[{"@type":"ListItem","position":1,"name":"Home","item":"https:\/\/velarogverkfaeri.is\/"},{"@type":"ListItem","position":2,"name":"Vefverslun","item":"https:\/\/velarogverkfaeri.is\/vefverslun\/"},{"@type":"ListItem","position":3,"name":"YALE Hur\u00f0a\/gluggaskynjari"}]},{"@type":"WebSite","@id":"https:\/\/velarogverkfaeri.is\/en\/#website","url":"https:\/\/velarogverkfaeri.is\/en\/","name":"V\u00e9lar & Verkf\u00e6ri","description":"Umbo\u00f0s- og heildverslun fr\u00e1 \u00e1rinu 1919","publisher":{"@id":"https:\/\/velarogverkfaeri.is\/en\/#organization"},"potentialAction":[{"@type":"SearchAction","target":{"@type":"EntryPoint","urlTemplate":"https:\/\/velarogverkfaeri.is\/en\/?s={search_term_string}"},"query-input":{"@type":"PropertyValueSpecification","valueRequired":true,"valueName":"search_term_string"}}],"inLanguage":"en-US"},{"@type":"Organization","@id":"https:\/\/velarogverkfaeri.is\/en\/#organization","name":"V\u00e9lar & Verkf\u00e6ri","url":"https:\/\/velarogverkfaeri.is\/en\/","logo":{"@type":"ImageObject","inLanguage":"en-US","@id":"https:\/\/velarogverkfaeri.is\/en\/#\/schema\/logo\/image\/","url":"https:\/\/velarogverkfaeri.is\/wp-content\/uploads\/2021\/10\/vv_logo_350x100.png","contentUrl":"https:\/\/velarogverkfaeri.is\/wp-content\/uploads\/2021\/10\/vv_logo_350x100.png","width":350,"height":100,"caption":"V\u00e9lar & Verkf\u00e6ri"},"image":{"@id":"https:\/\/velarogverkfaeri.is\/en\/#\/schema\/logo\/image\/"},"sameAs":["https:\/\/www.facebook.com\/VelarOgVerkfaeri"]}]}},"_links":{"self":[{"href":"https:\/\/velarogverkfaeri.is\/en\/wp-json\/wp\/v2\/product\/61385","targetHints":{"allow":["GET"]}}],"collection":[{"href":"https:\/\/velarogverkfaeri.is\/en\/wp-json\/wp\/v2\/product"}],"about":[{"href":"https:\/\/velarogverkfaeri.is\/en\/wp-json\/wp\/v2\/types\/product"}],"replies":[{"embeddable":true,"href":"https:\/\/velarogverkfaeri.is\/en\/wp-json\/wp\/v2\/comments?post=61385"}],"wp:featuredmedia":[{"embeddable":true,"href":"https:\/\/velarogverkfaeri.is\/en\/wp-json\/wp\/v2\/media\/62221"}],"wp:attachment":[{"href":"https:\/\/velarogverkfaeri.is\/en\/wp-json\/wp\/v2\/media?parent=61385"}],"wp:term":[{"taxonomy":"product_brand","embeddable":true,"href":"https:\/\/velarogverkfaeri.is\/en\/wp-json\/wp\/v2\/product_brand?post=61385"},{"taxonomy":"product_cat","embeddable":true,"href":"https:\/\/velarogverkfaeri.is\/en\/wp-json\/wp\/v2\/product_cat?post=61385"},{"taxonomy":"product_tag","embeddable":true,"href":"https:\/\/velarogverkfaeri.is\/en\/wp-json\/wp\/v2\/product_tag?post=61385"}],"curies":[{"name":"wp","href":"https:\/\/api.w.org\/{rel}","templated":true}]}}