{"id":61012,"date":"2024-05-26T16:42:22","date_gmt":"2024-05-26T16:42:22","guid":{"rendered":"https:\/\/velarogverkfaeri.is\/?post_type=product&#038;p=61012"},"modified":"2025-09-16T20:16:03","modified_gmt":"2025-09-16T20:16:03","slug":"wizzy-maxi-svampur","status":"publish","type":"product","link":"https:\/\/velarogverkfaeri.is\/en\/verkfaeralausnir\/efnavorur-verkfaeralausnir\/hreinsiefni-efnavorur-verkfaeralausnir\/product\/wizzy-maxi-svampur\/","title":{"rendered":"WIZZY Maxi Svampur"},"content":{"rendered":"<p>Mj\u00f6g mj\u00fakur svampur. Extra st\u00f3r.<\/p>","protected":false},"excerpt":{"rendered":"<p>Tegund: 1603<\/p>","protected":false},"featured_media":65796,"comment_status":"closed","ping_status":"closed","template":"","meta":[],"product_brand":[],"product_cat":[586,801,515],"product_tag":[],"class_list":{"0":"post-61012","1":"product","2":"type-product","3":"status-publish","4":"has-post-thumbnail","6":"product_cat-efnavorur-verkfaeralausnir","7":"product_cat-hreinsiefni-efnavorur-verkfaeralausnir","8":"product_cat-verkfaeralausnir","10":"first","11":"instock","12":"taxable","13":"shipping-taxable","14":"purchasable","15":"product-type-simple"},"yoast_head":"<!-- This site is optimized with the Yoast SEO plugin v27.3 - https:\/\/yoast.com\/product\/yoast-seo-wordpress\/ -->\n<title>WIZZY Maxi Svampur - V\u00e9lar &amp; Verkf\u00e6ri<\/title>\n<meta name=\"robots\" content=\"index, follow, max-snippet:-1, max-image-preview:large, max-video-preview:-1\" \/>\n<link rel=\"canonical\" href=\"https:\/\/velarogverkfaeri.is\/en\/verkfaeralausnir\/efnavorur-verkfaeralausnir\/hreinsiefni-efnavorur-verkfaeralausnir\/product\/wizzy-maxi-svampur\/\" \/>\n<meta property=\"og:locale\" content=\"en_US\" \/>\n<meta property=\"og:type\" content=\"article\" \/>\n<meta property=\"og:title\" content=\"WIZZY Maxi Svampur - V\u00e9lar &amp; Verkf\u00e6ri\" \/>\n<meta property=\"og:description\" content=\"Tegund: 1603\" \/>\n<meta property=\"og:url\" content=\"https:\/\/velarogverkfaeri.is\/en\/verkfaeralausnir\/efnavorur-verkfaeralausnir\/hreinsiefni-efnavorur-verkfaeralausnir\/product\/wizzy-maxi-svampur\/\" \/>\n<meta property=\"og:site_name\" content=\"V\u00e9lar &amp; Verkf\u00e6ri\" \/>\n<meta property=\"article:publisher\" content=\"https:\/\/www.facebook.com\/VelarOgVerkfaeri\" \/>\n<meta property=\"article:modified_time\" content=\"2025-09-16T20:16:03+00:00\" \/>\n<meta property=\"og:image\" content=\"https:\/\/velarogverkfaeri.is\/wp-content\/uploads\/2024\/09\/a10a9f01-b51c-406f-b211-e9f8ab96631d.jpg\" \/>\n\t<meta property=\"og:image:width\" content=\"394\" \/>\n\t<meta property=\"og:image:height\" content=\"394\" \/>\n\t<meta property=\"og:image:type\" content=\"image\/jpeg\" \/>\n<meta name=\"twitter:card\" content=\"summary_large_image\" \/>\n<script type=\"application\/ld+json\" class=\"yoast-schema-graph\">{\"@context\":\"https:\\\/\\\/schema.org\",\"@graph\":[{\"@type\":\"WebPage\",\"@id\":\"https:\\\/\\\/velarogverkfaeri.is\\\/verkfaeralausnir\\\/efnavorur-verkfaeralausnir\\\/hreinsiefni-efnavorur-verkfaeralausnir\\\/product\\\/wizzy-maxi-svampur\\\/\",\"url\":\"https:\\\/\\\/velarogverkfaeri.is\\\/verkfaeralausnir\\\/efnavorur-verkfaeralausnir\\\/hreinsiefni-efnavorur-verkfaeralausnir\\\/product\\\/wizzy-maxi-svampur\\\/\",\"name\":\"WIZZY Maxi Svampur - V\u00e9lar &amp; Verkf\u00e6ri\",\"isPartOf\":{\"@id\":\"https:\\\/\\\/velarogverkfaeri.is\\\/en\\\/#website\"},\"primaryImageOfPage\":{\"@id\":\"https:\\\/\\\/velarogverkfaeri.is\\\/verkfaeralausnir\\\/efnavorur-verkfaeralausnir\\\/hreinsiefni-efnavorur-verkfaeralausnir\\\/product\\\/wizzy-maxi-svampur\\\/#primaryimage\"},\"image\":{\"@id\":\"https:\\\/\\\/velarogverkfaeri.is\\\/verkfaeralausnir\\\/efnavorur-verkfaeralausnir\\\/hreinsiefni-efnavorur-verkfaeralausnir\\\/product\\\/wizzy-maxi-svampur\\\/#primaryimage\"},\"thumbnailUrl\":\"https:\\\/\\\/velarogverkfaeri.is\\\/wp-content\\\/uploads\\\/2024\\\/09\\\/a10a9f01-b51c-406f-b211-e9f8ab96631d.jpg\",\"datePublished\":\"2024-05-26T16:42:22+00:00\",\"dateModified\":\"2025-09-16T20:16:03+00:00\",\"breadcrumb\":{\"@id\":\"https:\\\/\\\/velarogverkfaeri.is\\\/verkfaeralausnir\\\/efnavorur-verkfaeralausnir\\\/hreinsiefni-efnavorur-verkfaeralausnir\\\/product\\\/wizzy-maxi-svampur\\\/#breadcrumb\"},\"inLanguage\":\"en-US\",\"potentialAction\":[{\"@type\":\"ReadAction\",\"target\":[\"https:\\\/\\\/velarogverkfaeri.is\\\/verkfaeralausnir\\\/efnavorur-verkfaeralausnir\\\/hreinsiefni-efnavorur-verkfaeralausnir\\\/product\\\/wizzy-maxi-svampur\\\/\"]}]},{\"@type\":\"ImageObject\",\"inLanguage\":\"en-US\",\"@id\":\"https:\\\/\\\/velarogverkfaeri.is\\\/verkfaeralausnir\\\/efnavorur-verkfaeralausnir\\\/hreinsiefni-efnavorur-verkfaeralausnir\\\/product\\\/wizzy-maxi-svampur\\\/#primaryimage\",\"url\":\"https:\\\/\\\/velarogverkfaeri.is\\\/wp-content\\\/uploads\\\/2024\\\/09\\\/a10a9f01-b51c-406f-b211-e9f8ab96631d.jpg\",\"contentUrl\":\"https:\\\/\\\/velarogverkfaeri.is\\\/wp-content\\\/uploads\\\/2024\\\/09\\\/a10a9f01-b51c-406f-b211-e9f8ab96631d.jpg\",\"width\":394,\"height\":394},{\"@type\":\"BreadcrumbList\",\"@id\":\"https:\\\/\\\/velarogverkfaeri.is\\\/verkfaeralausnir\\\/efnavorur-verkfaeralausnir\\\/hreinsiefni-efnavorur-verkfaeralausnir\\\/product\\\/wizzy-maxi-svampur\\\/#breadcrumb\",\"itemListElement\":[{\"@type\":\"ListItem\",\"position\":1,\"name\":\"Home\",\"item\":\"https:\\\/\\\/velarogverkfaeri.is\\\/\"},{\"@type\":\"ListItem\",\"position\":2,\"name\":\"Vefverslun\",\"item\":\"https:\\\/\\\/velarogverkfaeri.is\\\/vefverslun\\\/\"},{\"@type\":\"ListItem\",\"position\":3,\"name\":\"WIZZY Maxi Svampur\"}]},{\"@type\":\"WebSite\",\"@id\":\"https:\\\/\\\/velarogverkfaeri.is\\\/en\\\/#website\",\"url\":\"https:\\\/\\\/velarogverkfaeri.is\\\/en\\\/\",\"name\":\"V\u00e9lar & Verkf\u00e6ri\",\"description\":\"Umbo\u00f0s- og heildverslun fr\u00e1 \u00e1rinu 1919\",\"publisher\":{\"@id\":\"https:\\\/\\\/velarogverkfaeri.is\\\/en\\\/#organization\"},\"potentialAction\":[{\"@type\":\"SearchAction\",\"target\":{\"@type\":\"EntryPoint\",\"urlTemplate\":\"https:\\\/\\\/velarogverkfaeri.is\\\/en\\\/?s={search_term_string}\"},\"query-input\":{\"@type\":\"PropertyValueSpecification\",\"valueRequired\":true,\"valueName\":\"search_term_string\"}}],\"inLanguage\":\"en-US\"},{\"@type\":\"Organization\",\"@id\":\"https:\\\/\\\/velarogverkfaeri.is\\\/en\\\/#organization\",\"name\":\"V\u00e9lar & Verkf\u00e6ri\",\"url\":\"https:\\\/\\\/velarogverkfaeri.is\\\/en\\\/\",\"logo\":{\"@type\":\"ImageObject\",\"inLanguage\":\"en-US\",\"@id\":\"https:\\\/\\\/velarogverkfaeri.is\\\/en\\\/#\\\/schema\\\/logo\\\/image\\\/\",\"url\":\"https:\\\/\\\/velarogverkfaeri.is\\\/wp-content\\\/uploads\\\/2021\\\/10\\\/vv_logo_350x100.png\",\"contentUrl\":\"https:\\\/\\\/velarogverkfaeri.is\\\/wp-content\\\/uploads\\\/2021\\\/10\\\/vv_logo_350x100.png\",\"width\":350,\"height\":100,\"caption\":\"V\u00e9lar & Verkf\u00e6ri\"},\"image\":{\"@id\":\"https:\\\/\\\/velarogverkfaeri.is\\\/en\\\/#\\\/schema\\\/logo\\\/image\\\/\"},\"sameAs\":[\"https:\\\/\\\/www.facebook.com\\\/VelarOgVerkfaeri\"]}]}<\/script>\n<!-- \/ Yoast SEO plugin. -->","yoast_head_json":{"title":"WIZZY Maxi Svampur - V\u00e9lar &amp; Verkf\u00e6ri","robots":{"index":"index","follow":"follow","max-snippet":"max-snippet:-1","max-image-preview":"max-image-preview:large","max-video-preview":"max-video-preview:-1"},"canonical":"https:\/\/velarogverkfaeri.is\/en\/verkfaeralausnir\/efnavorur-verkfaeralausnir\/hreinsiefni-efnavorur-verkfaeralausnir\/product\/wizzy-maxi-svampur\/","og_locale":"en_US","og_type":"article","og_title":"WIZZY Maxi Svampur - V\u00e9lar &amp; Verkf\u00e6ri","og_description":"Tegund: 1603","og_url":"https:\/\/velarogverkfaeri.is\/en\/verkfaeralausnir\/efnavorur-verkfaeralausnir\/hreinsiefni-efnavorur-verkfaeralausnir\/product\/wizzy-maxi-svampur\/","og_site_name":"V\u00e9lar &amp; Verkf\u00e6ri","article_publisher":"https:\/\/www.facebook.com\/VelarOgVerkfaeri","article_modified_time":"2025-09-16T20:16:03+00:00","og_image":[{"width":394,"height":394,"url":"https:\/\/velarogverkfaeri.is\/wp-content\/uploads\/2024\/09\/a10a9f01-b51c-406f-b211-e9f8ab96631d.jpg","type":"image\/jpeg"}],"twitter_card":"summary_large_image","schema":{"@context":"https:\/\/schema.org","@graph":[{"@type":"WebPage","@id":"https:\/\/velarogverkfaeri.is\/verkfaeralausnir\/efnavorur-verkfaeralausnir\/hreinsiefni-efnavorur-verkfaeralausnir\/product\/wizzy-maxi-svampur\/","url":"https:\/\/velarogverkfaeri.is\/verkfaeralausnir\/efnavorur-verkfaeralausnir\/hreinsiefni-efnavorur-verkfaeralausnir\/product\/wizzy-maxi-svampur\/","name":"WIZZY Maxi Svampur - V\u00e9lar &amp; Verkf\u00e6ri","isPartOf":{"@id":"https:\/\/velarogverkfaeri.is\/en\/#website"},"primaryImageOfPage":{"@id":"https:\/\/velarogverkfaeri.is\/verkfaeralausnir\/efnavorur-verkfaeralausnir\/hreinsiefni-efnavorur-verkfaeralausnir\/product\/wizzy-maxi-svampur\/#primaryimage"},"image":{"@id":"https:\/\/velarogverkfaeri.is\/verkfaeralausnir\/efnavorur-verkfaeralausnir\/hreinsiefni-efnavorur-verkfaeralausnir\/product\/wizzy-maxi-svampur\/#primaryimage"},"thumbnailUrl":"https:\/\/velarogverkfaeri.is\/wp-content\/uploads\/2024\/09\/a10a9f01-b51c-406f-b211-e9f8ab96631d.jpg","datePublished":"2024-05-26T16:42:22+00:00","dateModified":"2025-09-16T20:16:03+00:00","breadcrumb":{"@id":"https:\/\/velarogverkfaeri.is\/verkfaeralausnir\/efnavorur-verkfaeralausnir\/hreinsiefni-efnavorur-verkfaeralausnir\/product\/wizzy-maxi-svampur\/#breadcrumb"},"inLanguage":"en-US","potentialAction":[{"@type":"ReadAction","target":["https:\/\/velarogverkfaeri.is\/verkfaeralausnir\/efnavorur-verkfaeralausnir\/hreinsiefni-efnavorur-verkfaeralausnir\/product\/wizzy-maxi-svampur\/"]}]},{"@type":"ImageObject","inLanguage":"en-US","@id":"https:\/\/velarogverkfaeri.is\/verkfaeralausnir\/efnavorur-verkfaeralausnir\/hreinsiefni-efnavorur-verkfaeralausnir\/product\/wizzy-maxi-svampur\/#primaryimage","url":"https:\/\/velarogverkfaeri.is\/wp-content\/uploads\/2024\/09\/a10a9f01-b51c-406f-b211-e9f8ab96631d.jpg","contentUrl":"https:\/\/velarogverkfaeri.is\/wp-content\/uploads\/2024\/09\/a10a9f01-b51c-406f-b211-e9f8ab96631d.jpg","width":394,"height":394},{"@type":"BreadcrumbList","@id":"https:\/\/velarogverkfaeri.is\/verkfaeralausnir\/efnavorur-verkfaeralausnir\/hreinsiefni-efnavorur-verkfaeralausnir\/product\/wizzy-maxi-svampur\/#breadcrumb","itemListElement":[{"@type":"ListItem","position":1,"name":"Home","item":"https:\/\/velarogverkfaeri.is\/"},{"@type":"ListItem","position":2,"name":"Vefverslun","item":"https:\/\/velarogverkfaeri.is\/vefverslun\/"},{"@type":"ListItem","position":3,"name":"WIZZY Maxi Svampur"}]},{"@type":"WebSite","@id":"https:\/\/velarogverkfaeri.is\/en\/#website","url":"https:\/\/velarogverkfaeri.is\/en\/","name":"V\u00e9lar & Verkf\u00e6ri","description":"Umbo\u00f0s- og heildverslun fr\u00e1 \u00e1rinu 1919","publisher":{"@id":"https:\/\/velarogverkfaeri.is\/en\/#organization"},"potentialAction":[{"@type":"SearchAction","target":{"@type":"EntryPoint","urlTemplate":"https:\/\/velarogverkfaeri.is\/en\/?s={search_term_string}"},"query-input":{"@type":"PropertyValueSpecification","valueRequired":true,"valueName":"search_term_string"}}],"inLanguage":"en-US"},{"@type":"Organization","@id":"https:\/\/velarogverkfaeri.is\/en\/#organization","name":"V\u00e9lar & Verkf\u00e6ri","url":"https:\/\/velarogverkfaeri.is\/en\/","logo":{"@type":"ImageObject","inLanguage":"en-US","@id":"https:\/\/velarogverkfaeri.is\/en\/#\/schema\/logo\/image\/","url":"https:\/\/velarogverkfaeri.is\/wp-content\/uploads\/2021\/10\/vv_logo_350x100.png","contentUrl":"https:\/\/velarogverkfaeri.is\/wp-content\/uploads\/2021\/10\/vv_logo_350x100.png","width":350,"height":100,"caption":"V\u00e9lar & Verkf\u00e6ri"},"image":{"@id":"https:\/\/velarogverkfaeri.is\/en\/#\/schema\/logo\/image\/"},"sameAs":["https:\/\/www.facebook.com\/VelarOgVerkfaeri"]}]}},"_links":{"self":[{"href":"https:\/\/velarogverkfaeri.is\/en\/wp-json\/wp\/v2\/product\/61012","targetHints":{"allow":["GET"]}}],"collection":[{"href":"https:\/\/velarogverkfaeri.is\/en\/wp-json\/wp\/v2\/product"}],"about":[{"href":"https:\/\/velarogverkfaeri.is\/en\/wp-json\/wp\/v2\/types\/product"}],"replies":[{"embeddable":true,"href":"https:\/\/velarogverkfaeri.is\/en\/wp-json\/wp\/v2\/comments?post=61012"}],"wp:featuredmedia":[{"embeddable":true,"href":"https:\/\/velarogverkfaeri.is\/en\/wp-json\/wp\/v2\/media\/65796"}],"wp:attachment":[{"href":"https:\/\/velarogverkfaeri.is\/en\/wp-json\/wp\/v2\/media?parent=61012"}],"wp:term":[{"taxonomy":"product_brand","embeddable":true,"href":"https:\/\/velarogverkfaeri.is\/en\/wp-json\/wp\/v2\/product_brand?post=61012"},{"taxonomy":"product_cat","embeddable":true,"href":"https:\/\/velarogverkfaeri.is\/en\/wp-json\/wp\/v2\/product_cat?post=61012"},{"taxonomy":"product_tag","embeddable":true,"href":"https:\/\/velarogverkfaeri.is\/en\/wp-json\/wp\/v2\/product_tag?post=61012"}],"curies":[{"name":"wp","href":"https:\/\/api.w.org\/{rel}","templated":true}]}}