{"id":60966,"date":"2024-05-25T14:42:37","date_gmt":"2024-05-25T14:42:37","guid":{"rendered":"https:\/\/velarogverkfaeri.is\/?post_type=product&#038;p=60966"},"modified":"2026-05-03T14:15:59","modified_gmt":"2026-05-03T14:15:59","slug":"petronas-durance-fast-wax-bon-400-ml","status":"publish","type":"product","link":"https:\/\/velarogverkfaeri.is\/en\/verkfaeralausnir\/efnavorur-verkfaeralausnir\/bon-og-gljaar-efnavorur-verkfaeralausnir\/product\/petronas-durance-fast-wax-bon-400-ml\/","title":{"rendered":"PETRONAS Durance Fast Wax B\u00f3n 400 ml"},"content":{"rendered":"<p>H\u00e1g\u00e6\u00f0a \u00fa\u00f0av\u00f6rn me\u00f0 carnauba b\u00f3ni sem b\u00fd\u00f0ur upp \u00e1 d\u00fdpri og \u00e1kafari endurskin me\u00f0 glj\u00e1a og glans sem aldrei hefur s\u00e9st \u00e1\u00f0ur. <\/p>\n<p>Tilvalin vara fyrir \u00fe\u00e1 sem \u00feurfa a\u00f0 b\u00f3na b\u00edlinn \u00e1 stuttum t\u00edma og vilja sem bestan \u00e1rangur. <\/p>\n<p>Tilvali\u00f0 sem \u00e1fer\u00f0 eftir \u00fevott.<\/p>","protected":false},"excerpt":{"rendered":"<p>Tegund: 7028<\/p>","protected":false},"featured_media":63834,"comment_status":"closed","ping_status":"closed","template":"","meta":[],"product_brand":[],"product_cat":[800,586,515],"product_tag":[1039],"class_list":{"0":"post-60966","1":"product","2":"type-product","3":"status-publish","4":"has-post-thumbnail","6":"product_cat-bon-og-gljaar-efnavorur-verkfaeralausnir","7":"product_cat-efnavorur-verkfaeralausnir","8":"product_cat-verkfaeralausnir","9":"product_tag-sumar","11":"first","12":"instock","13":"taxable","14":"shipping-taxable","15":"purchasable","16":"product-type-simple"},"yoast_head":"<!-- This site is optimized with the Yoast SEO plugin v27.3 - https:\/\/yoast.com\/product\/yoast-seo-wordpress\/ -->\n<title>PETRONAS Durance Fast Wax B\u00f3n 400 ml - V\u00e9lar &amp; Verkf\u00e6ri<\/title>\n<meta name=\"robots\" content=\"index, follow, max-snippet:-1, max-image-preview:large, max-video-preview:-1\" \/>\n<link rel=\"canonical\" href=\"https:\/\/velarogverkfaeri.is\/en\/verkfaeralausnir\/efnavorur-verkfaeralausnir\/bon-og-gljaar-efnavorur-verkfaeralausnir\/product\/petronas-durance-fast-wax-bon-400-ml\/\" \/>\n<meta property=\"og:locale\" content=\"en_US\" \/>\n<meta property=\"og:type\" content=\"article\" \/>\n<meta property=\"og:title\" content=\"PETRONAS Durance Fast Wax B\u00f3n 400 ml - V\u00e9lar &amp; Verkf\u00e6ri\" \/>\n<meta property=\"og:description\" content=\"Tegund: 7028\" \/>\n<meta property=\"og:url\" content=\"https:\/\/velarogverkfaeri.is\/en\/verkfaeralausnir\/efnavorur-verkfaeralausnir\/bon-og-gljaar-efnavorur-verkfaeralausnir\/product\/petronas-durance-fast-wax-bon-400-ml\/\" \/>\n<meta property=\"og:site_name\" content=\"V\u00e9lar &amp; Verkf\u00e6ri\" \/>\n<meta property=\"article:publisher\" content=\"https:\/\/www.facebook.com\/VelarOgVerkfaeri\" \/>\n<meta property=\"article:modified_time\" content=\"2026-05-03T14:15:59+00:00\" \/>\n<meta property=\"og:image\" content=\"https:\/\/velarogverkfaeri.is\/wp-content\/uploads\/2024\/08\/a73d06f5-4ce9-4664-811f-5a8b47746290.png\" \/>\n\t<meta property=\"og:image:width\" content=\"340\" \/>\n\t<meta property=\"og:image:height\" content=\"315\" \/>\n\t<meta property=\"og:image:type\" content=\"image\/png\" \/>\n<meta name=\"twitter:card\" content=\"summary_large_image\" \/>\n<script type=\"application\/ld+json\" class=\"yoast-schema-graph\">{\"@context\":\"https:\\\/\\\/schema.org\",\"@graph\":[{\"@type\":\"WebPage\",\"@id\":\"https:\\\/\\\/velarogverkfaeri.is\\\/verkfaeralausnir\\\/efnavorur-verkfaeralausnir\\\/bon-og-gljaar-efnavorur-verkfaeralausnir\\\/product\\\/petronas-durance-fast-wax-bon-400-ml\\\/\",\"url\":\"https:\\\/\\\/velarogverkfaeri.is\\\/verkfaeralausnir\\\/efnavorur-verkfaeralausnir\\\/bon-og-gljaar-efnavorur-verkfaeralausnir\\\/product\\\/petronas-durance-fast-wax-bon-400-ml\\\/\",\"name\":\"PETRONAS Durance Fast Wax B\u00f3n 400 ml - V\u00e9lar &amp; Verkf\u00e6ri\",\"isPartOf\":{\"@id\":\"https:\\\/\\\/velarogverkfaeri.is\\\/en\\\/#website\"},\"primaryImageOfPage\":{\"@id\":\"https:\\\/\\\/velarogverkfaeri.is\\\/verkfaeralausnir\\\/efnavorur-verkfaeralausnir\\\/bon-og-gljaar-efnavorur-verkfaeralausnir\\\/product\\\/petronas-durance-fast-wax-bon-400-ml\\\/#primaryimage\"},\"image\":{\"@id\":\"https:\\\/\\\/velarogverkfaeri.is\\\/verkfaeralausnir\\\/efnavorur-verkfaeralausnir\\\/bon-og-gljaar-efnavorur-verkfaeralausnir\\\/product\\\/petronas-durance-fast-wax-bon-400-ml\\\/#primaryimage\"},\"thumbnailUrl\":\"https:\\\/\\\/velarogverkfaeri.is\\\/wp-content\\\/uploads\\\/2024\\\/08\\\/a73d06f5-4ce9-4664-811f-5a8b47746290.png\",\"datePublished\":\"2024-05-25T14:42:37+00:00\",\"dateModified\":\"2026-05-03T14:15:59+00:00\",\"breadcrumb\":{\"@id\":\"https:\\\/\\\/velarogverkfaeri.is\\\/verkfaeralausnir\\\/efnavorur-verkfaeralausnir\\\/bon-og-gljaar-efnavorur-verkfaeralausnir\\\/product\\\/petronas-durance-fast-wax-bon-400-ml\\\/#breadcrumb\"},\"inLanguage\":\"en-US\",\"potentialAction\":[{\"@type\":\"ReadAction\",\"target\":[\"https:\\\/\\\/velarogverkfaeri.is\\\/verkfaeralausnir\\\/efnavorur-verkfaeralausnir\\\/bon-og-gljaar-efnavorur-verkfaeralausnir\\\/product\\\/petronas-durance-fast-wax-bon-400-ml\\\/\"]}]},{\"@type\":\"ImageObject\",\"inLanguage\":\"en-US\",\"@id\":\"https:\\\/\\\/velarogverkfaeri.is\\\/verkfaeralausnir\\\/efnavorur-verkfaeralausnir\\\/bon-og-gljaar-efnavorur-verkfaeralausnir\\\/product\\\/petronas-durance-fast-wax-bon-400-ml\\\/#primaryimage\",\"url\":\"https:\\\/\\\/velarogverkfaeri.is\\\/wp-content\\\/uploads\\\/2024\\\/08\\\/a73d06f5-4ce9-4664-811f-5a8b47746290.png\",\"contentUrl\":\"https:\\\/\\\/velarogverkfaeri.is\\\/wp-content\\\/uploads\\\/2024\\\/08\\\/a73d06f5-4ce9-4664-811f-5a8b47746290.png\",\"width\":340,\"height\":315},{\"@type\":\"BreadcrumbList\",\"@id\":\"https:\\\/\\\/velarogverkfaeri.is\\\/verkfaeralausnir\\\/efnavorur-verkfaeralausnir\\\/bon-og-gljaar-efnavorur-verkfaeralausnir\\\/product\\\/petronas-durance-fast-wax-bon-400-ml\\\/#breadcrumb\",\"itemListElement\":[{\"@type\":\"ListItem\",\"position\":1,\"name\":\"Home\",\"item\":\"https:\\\/\\\/velarogverkfaeri.is\\\/\"},{\"@type\":\"ListItem\",\"position\":2,\"name\":\"Vefverslun\",\"item\":\"https:\\\/\\\/velarogverkfaeri.is\\\/vefverslun\\\/\"},{\"@type\":\"ListItem\",\"position\":3,\"name\":\"PETRONAS Durance Fast Wax B\u00f3n 400 ml\"}]},{\"@type\":\"WebSite\",\"@id\":\"https:\\\/\\\/velarogverkfaeri.is\\\/en\\\/#website\",\"url\":\"https:\\\/\\\/velarogverkfaeri.is\\\/en\\\/\",\"name\":\"V\u00e9lar & Verkf\u00e6ri\",\"description\":\"Umbo\u00f0s- og heildverslun fr\u00e1 \u00e1rinu 1919\",\"publisher\":{\"@id\":\"https:\\\/\\\/velarogverkfaeri.is\\\/en\\\/#organization\"},\"potentialAction\":[{\"@type\":\"SearchAction\",\"target\":{\"@type\":\"EntryPoint\",\"urlTemplate\":\"https:\\\/\\\/velarogverkfaeri.is\\\/en\\\/?s={search_term_string}\"},\"query-input\":{\"@type\":\"PropertyValueSpecification\",\"valueRequired\":true,\"valueName\":\"search_term_string\"}}],\"inLanguage\":\"en-US\"},{\"@type\":\"Organization\",\"@id\":\"https:\\\/\\\/velarogverkfaeri.is\\\/en\\\/#organization\",\"name\":\"V\u00e9lar & Verkf\u00e6ri\",\"url\":\"https:\\\/\\\/velarogverkfaeri.is\\\/en\\\/\",\"logo\":{\"@type\":\"ImageObject\",\"inLanguage\":\"en-US\",\"@id\":\"https:\\\/\\\/velarogverkfaeri.is\\\/en\\\/#\\\/schema\\\/logo\\\/image\\\/\",\"url\":\"https:\\\/\\\/velarogverkfaeri.is\\\/wp-content\\\/uploads\\\/2021\\\/10\\\/vv_logo_350x100.png\",\"contentUrl\":\"https:\\\/\\\/velarogverkfaeri.is\\\/wp-content\\\/uploads\\\/2021\\\/10\\\/vv_logo_350x100.png\",\"width\":350,\"height\":100,\"caption\":\"V\u00e9lar & Verkf\u00e6ri\"},\"image\":{\"@id\":\"https:\\\/\\\/velarogverkfaeri.is\\\/en\\\/#\\\/schema\\\/logo\\\/image\\\/\"},\"sameAs\":[\"https:\\\/\\\/www.facebook.com\\\/VelarOgVerkfaeri\"]}]}<\/script>\n<!-- \/ Yoast SEO plugin. -->","yoast_head_json":{"title":"PETRONAS Durance Fast Wax B\u00f3n 400 ml - V\u00e9lar &amp; Verkf\u00e6ri","robots":{"index":"index","follow":"follow","max-snippet":"max-snippet:-1","max-image-preview":"max-image-preview:large","max-video-preview":"max-video-preview:-1"},"canonical":"https:\/\/velarogverkfaeri.is\/en\/verkfaeralausnir\/efnavorur-verkfaeralausnir\/bon-og-gljaar-efnavorur-verkfaeralausnir\/product\/petronas-durance-fast-wax-bon-400-ml\/","og_locale":"en_US","og_type":"article","og_title":"PETRONAS Durance Fast Wax B\u00f3n 400 ml - V\u00e9lar &amp; Verkf\u00e6ri","og_description":"Tegund: 7028","og_url":"https:\/\/velarogverkfaeri.is\/en\/verkfaeralausnir\/efnavorur-verkfaeralausnir\/bon-og-gljaar-efnavorur-verkfaeralausnir\/product\/petronas-durance-fast-wax-bon-400-ml\/","og_site_name":"V\u00e9lar &amp; Verkf\u00e6ri","article_publisher":"https:\/\/www.facebook.com\/VelarOgVerkfaeri","article_modified_time":"2026-05-03T14:15:59+00:00","og_image":[{"width":340,"height":315,"url":"https:\/\/velarogverkfaeri.is\/wp-content\/uploads\/2024\/08\/a73d06f5-4ce9-4664-811f-5a8b47746290.png","type":"image\/png"}],"twitter_card":"summary_large_image","schema":{"@context":"https:\/\/schema.org","@graph":[{"@type":"WebPage","@id":"https:\/\/velarogverkfaeri.is\/verkfaeralausnir\/efnavorur-verkfaeralausnir\/bon-og-gljaar-efnavorur-verkfaeralausnir\/product\/petronas-durance-fast-wax-bon-400-ml\/","url":"https:\/\/velarogverkfaeri.is\/verkfaeralausnir\/efnavorur-verkfaeralausnir\/bon-og-gljaar-efnavorur-verkfaeralausnir\/product\/petronas-durance-fast-wax-bon-400-ml\/","name":"PETRONAS Durance Fast Wax B\u00f3n 400 ml - V\u00e9lar &amp; Verkf\u00e6ri","isPartOf":{"@id":"https:\/\/velarogverkfaeri.is\/en\/#website"},"primaryImageOfPage":{"@id":"https:\/\/velarogverkfaeri.is\/verkfaeralausnir\/efnavorur-verkfaeralausnir\/bon-og-gljaar-efnavorur-verkfaeralausnir\/product\/petronas-durance-fast-wax-bon-400-ml\/#primaryimage"},"image":{"@id":"https:\/\/velarogverkfaeri.is\/verkfaeralausnir\/efnavorur-verkfaeralausnir\/bon-og-gljaar-efnavorur-verkfaeralausnir\/product\/petronas-durance-fast-wax-bon-400-ml\/#primaryimage"},"thumbnailUrl":"https:\/\/velarogverkfaeri.is\/wp-content\/uploads\/2024\/08\/a73d06f5-4ce9-4664-811f-5a8b47746290.png","datePublished":"2024-05-25T14:42:37+00:00","dateModified":"2026-05-03T14:15:59+00:00","breadcrumb":{"@id":"https:\/\/velarogverkfaeri.is\/verkfaeralausnir\/efnavorur-verkfaeralausnir\/bon-og-gljaar-efnavorur-verkfaeralausnir\/product\/petronas-durance-fast-wax-bon-400-ml\/#breadcrumb"},"inLanguage":"en-US","potentialAction":[{"@type":"ReadAction","target":["https:\/\/velarogverkfaeri.is\/verkfaeralausnir\/efnavorur-verkfaeralausnir\/bon-og-gljaar-efnavorur-verkfaeralausnir\/product\/petronas-durance-fast-wax-bon-400-ml\/"]}]},{"@type":"ImageObject","inLanguage":"en-US","@id":"https:\/\/velarogverkfaeri.is\/verkfaeralausnir\/efnavorur-verkfaeralausnir\/bon-og-gljaar-efnavorur-verkfaeralausnir\/product\/petronas-durance-fast-wax-bon-400-ml\/#primaryimage","url":"https:\/\/velarogverkfaeri.is\/wp-content\/uploads\/2024\/08\/a73d06f5-4ce9-4664-811f-5a8b47746290.png","contentUrl":"https:\/\/velarogverkfaeri.is\/wp-content\/uploads\/2024\/08\/a73d06f5-4ce9-4664-811f-5a8b47746290.png","width":340,"height":315},{"@type":"BreadcrumbList","@id":"https:\/\/velarogverkfaeri.is\/verkfaeralausnir\/efnavorur-verkfaeralausnir\/bon-og-gljaar-efnavorur-verkfaeralausnir\/product\/petronas-durance-fast-wax-bon-400-ml\/#breadcrumb","itemListElement":[{"@type":"ListItem","position":1,"name":"Home","item":"https:\/\/velarogverkfaeri.is\/"},{"@type":"ListItem","position":2,"name":"Vefverslun","item":"https:\/\/velarogverkfaeri.is\/vefverslun\/"},{"@type":"ListItem","position":3,"name":"PETRONAS Durance Fast Wax B\u00f3n 400 ml"}]},{"@type":"WebSite","@id":"https:\/\/velarogverkfaeri.is\/en\/#website","url":"https:\/\/velarogverkfaeri.is\/en\/","name":"V\u00e9lar & Verkf\u00e6ri","description":"Umbo\u00f0s- og heildverslun fr\u00e1 \u00e1rinu 1919","publisher":{"@id":"https:\/\/velarogverkfaeri.is\/en\/#organization"},"potentialAction":[{"@type":"SearchAction","target":{"@type":"EntryPoint","urlTemplate":"https:\/\/velarogverkfaeri.is\/en\/?s={search_term_string}"},"query-input":{"@type":"PropertyValueSpecification","valueRequired":true,"valueName":"search_term_string"}}],"inLanguage":"en-US"},{"@type":"Organization","@id":"https:\/\/velarogverkfaeri.is\/en\/#organization","name":"V\u00e9lar & Verkf\u00e6ri","url":"https:\/\/velarogverkfaeri.is\/en\/","logo":{"@type":"ImageObject","inLanguage":"en-US","@id":"https:\/\/velarogverkfaeri.is\/en\/#\/schema\/logo\/image\/","url":"https:\/\/velarogverkfaeri.is\/wp-content\/uploads\/2021\/10\/vv_logo_350x100.png","contentUrl":"https:\/\/velarogverkfaeri.is\/wp-content\/uploads\/2021\/10\/vv_logo_350x100.png","width":350,"height":100,"caption":"V\u00e9lar & Verkf\u00e6ri"},"image":{"@id":"https:\/\/velarogverkfaeri.is\/en\/#\/schema\/logo\/image\/"},"sameAs":["https:\/\/www.facebook.com\/VelarOgVerkfaeri"]}]}},"_links":{"self":[{"href":"https:\/\/velarogverkfaeri.is\/en\/wp-json\/wp\/v2\/product\/60966","targetHints":{"allow":["GET"]}}],"collection":[{"href":"https:\/\/velarogverkfaeri.is\/en\/wp-json\/wp\/v2\/product"}],"about":[{"href":"https:\/\/velarogverkfaeri.is\/en\/wp-json\/wp\/v2\/types\/product"}],"replies":[{"embeddable":true,"href":"https:\/\/velarogverkfaeri.is\/en\/wp-json\/wp\/v2\/comments?post=60966"}],"wp:featuredmedia":[{"embeddable":true,"href":"https:\/\/velarogverkfaeri.is\/en\/wp-json\/wp\/v2\/media\/63834"}],"wp:attachment":[{"href":"https:\/\/velarogverkfaeri.is\/en\/wp-json\/wp\/v2\/media?parent=60966"}],"wp:term":[{"taxonomy":"product_brand","embeddable":true,"href":"https:\/\/velarogverkfaeri.is\/en\/wp-json\/wp\/v2\/product_brand?post=60966"},{"taxonomy":"product_cat","embeddable":true,"href":"https:\/\/velarogverkfaeri.is\/en\/wp-json\/wp\/v2\/product_cat?post=60966"},{"taxonomy":"product_tag","embeddable":true,"href":"https:\/\/velarogverkfaeri.is\/en\/wp-json\/wp\/v2\/product_tag?post=60966"}],"curies":[{"name":"wp","href":"https:\/\/api.w.org\/{rel}","templated":true}]}}