{"id":60944,"date":"2023-04-28T17:56:54","date_gmt":"2023-04-28T17:56:54","guid":{"rendered":"https:\/\/velarogverkfaeri.is\/uncategorized\/product\/skil-slattuvel-rafhlodu-40v-max-2x4-0ah-kolalaus\/"},"modified":"2026-04-04T00:02:32","modified_gmt":"2026-04-04T00:02:32","slug":"skil-slattuvel-rafhlodu-40v-max-2x4-0ah-kolalaus","status":"publish","type":"product","link":"https:\/\/velarogverkfaeri.is\/en\/verkfaeralausnir\/gardverkfaeri\/gardverkfaeri-rafhloduknuin\/product\/skil-slattuvel-rafhlodu-40v-max-2x4-0ah-kolalaus\/","title":{"rendered":"SKIL Sl\u00e1ttuv\u00e9l Rafhl\u00f6\u00f0u 40V Max 2&#215;4.0Ah Kolalaus"},"content":{"rendered":"<p class=\"MsoNormal\"><span lang=\"IS\">SKIL sl\u00e1ttuv\u00e9l<br \/>\nGM1E0140BA, 43cm rafhl\u00f6\u00f0ukn\u00fain me\u00f0 kolalausum m\u00f3tor<o:p><\/o:p><\/span><\/p>\n<p class=\"MsoNormal\"><span lang=\"IS\">Sl\u00e6r fr\u00e1 25-70mm<br \/>\n(6 stillingar)<o:p><\/o:p><\/span><\/p>\n<p class=\"MsoNormal\"><span lang=\"IS\">2 x 4.0Ah Li-Ion<br \/>\nrafhl\u00f6\u00f0ur fylgja<o:p><\/o:p><\/span><\/p>\n<p class=\"MsoNormal\"><span lang=\"IS\">Sl\u00e1ttubreidd:<br \/>\n43cm<o:p><\/o:p><\/span><\/p>\n<\/p>\n<p class=\"MsoNormal\"><span lang=\"IS\">Safnari: 50 L\u00edtra<o:p><\/o:p><\/span><\/p>","protected":false},"excerpt":{"rendered":"<p>Sl\u00e1ttuv\u00e9lin sem kemur \u00fe\u00e9r gegnum grasi\u00f0 \u00ed gar\u00f0inum \u00ed sumar.<\/p>\n<p><\/p>\n<p>V\u00f6ru \u00fearf a\u00f0 s\u00e6kja \u00e1 lager okkar. H\u00e6gt er a\u00f0 senda v\u00f6ru \u00e1 kostna\u00f0 kaupanda, vinsamlega hafi\u00f0 samband me\u00f0 t\u00f6lvup\u00f3sti \u00e1 vv@vv.is<\/p>\n<p><\/p>","protected":false},"featured_media":60943,"comment_status":"closed","ping_status":"closed","template":"","meta":[],"product_brand":[],"product_cat":[587,797,515],"product_tag":[1023,923,1039,1050],"class_list":{"0":"post-60944","1":"product","2":"type-product","3":"status-publish","4":"has-post-thumbnail","6":"product_cat-gardverkfaeri","7":"product_cat-gardverkfaeri-rafhloduknuin","8":"product_cat-verkfaeralausnir","9":"product_tag-skil","10":"product_tag-skilgardurinn","11":"product_tag-sumar","12":"product_tag-sumartilbod","14":"first","15":"instock","16":"taxable","17":"shipping-taxable","18":"purchasable","19":"product-type-simple"},"yoast_head":"<!-- This site is optimized with the Yoast SEO plugin v27.3 - https:\/\/yoast.com\/product\/yoast-seo-wordpress\/ -->\n<title>SKIL Sl\u00e1ttuv\u00e9l Rafhl\u00f6\u00f0u 40V Max 2x4.0Ah Kolalaus - V\u00e9lar &amp; Verkf\u00e6ri<\/title>\n<meta name=\"robots\" content=\"index, follow, max-snippet:-1, max-image-preview:large, max-video-preview:-1\" \/>\n<link rel=\"canonical\" href=\"https:\/\/velarogverkfaeri.is\/en\/verkfaeralausnir\/gardverkfaeri\/gardverkfaeri-rafhloduknuin\/product\/skil-slattuvel-rafhlodu-40v-max-2x4-0ah-kolalaus\/\" \/>\n<meta property=\"og:locale\" content=\"en_US\" \/>\n<meta property=\"og:type\" content=\"article\" \/>\n<meta property=\"og:title\" content=\"SKIL Sl\u00e1ttuv\u00e9l Rafhl\u00f6\u00f0u 40V Max 2x4.0Ah Kolalaus - V\u00e9lar &amp; Verkf\u00e6ri\" \/>\n<meta property=\"og:description\" content=\"Sl\u00e1ttuv\u00e9lin sem kemur \u00fe\u00e9r gegnum grasi\u00f0 \u00ed gar\u00f0inum \u00ed sumar.V\u00f6ru \u00fearf a\u00f0 s\u00e6kja \u00e1 lager okkar. H\u00e6gt er a\u00f0 senda v\u00f6ru \u00e1 kostna\u00f0 kaupanda, vinsamlega hafi\u00f0 samband me\u00f0 t\u00f6lvup\u00f3sti \u00e1 vv@vv.is\" \/>\n<meta property=\"og:url\" content=\"https:\/\/velarogverkfaeri.is\/en\/verkfaeralausnir\/gardverkfaeri\/gardverkfaeri-rafhloduknuin\/product\/skil-slattuvel-rafhlodu-40v-max-2x4-0ah-kolalaus\/\" \/>\n<meta property=\"og:site_name\" content=\"V\u00e9lar &amp; Verkf\u00e6ri\" \/>\n<meta property=\"article:publisher\" content=\"https:\/\/www.facebook.com\/VelarOgVerkfaeri\" \/>\n<meta property=\"article:modified_time\" content=\"2026-04-04T00:02:32+00:00\" \/>\n<meta property=\"og:image\" content=\"https:\/\/velarogverkfaeri.is\/wp-content\/uploads\/2024\/05\/32f3110f-43e4-475a-bfd6-d9da130fe4f6.jpg\" \/>\n\t<meta property=\"og:image:width\" content=\"1000\" \/>\n\t<meta property=\"og:image:height\" content=\"1000\" \/>\n\t<meta property=\"og:image:type\" content=\"image\/jpeg\" \/>\n<meta name=\"twitter:card\" content=\"summary_large_image\" \/>\n<script type=\"application\/ld+json\" class=\"yoast-schema-graph\">{\"@context\":\"https:\\\/\\\/schema.org\",\"@graph\":[{\"@type\":\"WebPage\",\"@id\":\"https:\\\/\\\/velarogverkfaeri.is\\\/verkfaeralausnir\\\/gardverkfaeri\\\/gardverkfaeri-rafhloduknuin\\\/product\\\/skil-slattuvel-rafhlodu-40v-max-2x4-0ah-kolalaus\\\/\",\"url\":\"https:\\\/\\\/velarogverkfaeri.is\\\/verkfaeralausnir\\\/gardverkfaeri\\\/gardverkfaeri-rafhloduknuin\\\/product\\\/skil-slattuvel-rafhlodu-40v-max-2x4-0ah-kolalaus\\\/\",\"name\":\"SKIL Sl\u00e1ttuv\u00e9l Rafhl\u00f6\u00f0u 40V Max 2x4.0Ah Kolalaus - V\u00e9lar &amp; Verkf\u00e6ri\",\"isPartOf\":{\"@id\":\"https:\\\/\\\/velarogverkfaeri.is\\\/en\\\/#website\"},\"primaryImageOfPage\":{\"@id\":\"https:\\\/\\\/velarogverkfaeri.is\\\/verkfaeralausnir\\\/gardverkfaeri\\\/gardverkfaeri-rafhloduknuin\\\/product\\\/skil-slattuvel-rafhlodu-40v-max-2x4-0ah-kolalaus\\\/#primaryimage\"},\"image\":{\"@id\":\"https:\\\/\\\/velarogverkfaeri.is\\\/verkfaeralausnir\\\/gardverkfaeri\\\/gardverkfaeri-rafhloduknuin\\\/product\\\/skil-slattuvel-rafhlodu-40v-max-2x4-0ah-kolalaus\\\/#primaryimage\"},\"thumbnailUrl\":\"https:\\\/\\\/velarogverkfaeri.is\\\/wp-content\\\/uploads\\\/2024\\\/05\\\/32f3110f-43e4-475a-bfd6-d9da130fe4f6.jpg\",\"datePublished\":\"2023-04-28T17:56:54+00:00\",\"dateModified\":\"2026-04-04T00:02:32+00:00\",\"breadcrumb\":{\"@id\":\"https:\\\/\\\/velarogverkfaeri.is\\\/verkfaeralausnir\\\/gardverkfaeri\\\/gardverkfaeri-rafhloduknuin\\\/product\\\/skil-slattuvel-rafhlodu-40v-max-2x4-0ah-kolalaus\\\/#breadcrumb\"},\"inLanguage\":\"en-US\",\"potentialAction\":[{\"@type\":\"ReadAction\",\"target\":[\"https:\\\/\\\/velarogverkfaeri.is\\\/verkfaeralausnir\\\/gardverkfaeri\\\/gardverkfaeri-rafhloduknuin\\\/product\\\/skil-slattuvel-rafhlodu-40v-max-2x4-0ah-kolalaus\\\/\"]}]},{\"@type\":\"ImageObject\",\"inLanguage\":\"en-US\",\"@id\":\"https:\\\/\\\/velarogverkfaeri.is\\\/verkfaeralausnir\\\/gardverkfaeri\\\/gardverkfaeri-rafhloduknuin\\\/product\\\/skil-slattuvel-rafhlodu-40v-max-2x4-0ah-kolalaus\\\/#primaryimage\",\"url\":\"https:\\\/\\\/velarogverkfaeri.is\\\/wp-content\\\/uploads\\\/2024\\\/05\\\/32f3110f-43e4-475a-bfd6-d9da130fe4f6.jpg\",\"contentUrl\":\"https:\\\/\\\/velarogverkfaeri.is\\\/wp-content\\\/uploads\\\/2024\\\/05\\\/32f3110f-43e4-475a-bfd6-d9da130fe4f6.jpg\",\"width\":1000,\"height\":1000},{\"@type\":\"BreadcrumbList\",\"@id\":\"https:\\\/\\\/velarogverkfaeri.is\\\/verkfaeralausnir\\\/gardverkfaeri\\\/gardverkfaeri-rafhloduknuin\\\/product\\\/skil-slattuvel-rafhlodu-40v-max-2x4-0ah-kolalaus\\\/#breadcrumb\",\"itemListElement\":[{\"@type\":\"ListItem\",\"position\":1,\"name\":\"Home\",\"item\":\"https:\\\/\\\/velarogverkfaeri.is\\\/\"},{\"@type\":\"ListItem\",\"position\":2,\"name\":\"Vefverslun\",\"item\":\"https:\\\/\\\/velarogverkfaeri.is\\\/vefverslun\\\/\"},{\"@type\":\"ListItem\",\"position\":3,\"name\":\"SKIL Sl\u00e1ttuv\u00e9l Rafhl\u00f6\u00f0u 40V Max 2&#215;4.0Ah Kolalaus\"}]},{\"@type\":\"WebSite\",\"@id\":\"https:\\\/\\\/velarogverkfaeri.is\\\/en\\\/#website\",\"url\":\"https:\\\/\\\/velarogverkfaeri.is\\\/en\\\/\",\"name\":\"V\u00e9lar & Verkf\u00e6ri\",\"description\":\"Umbo\u00f0s- og heildverslun fr\u00e1 \u00e1rinu 1919\",\"publisher\":{\"@id\":\"https:\\\/\\\/velarogverkfaeri.is\\\/en\\\/#organization\"},\"potentialAction\":[{\"@type\":\"SearchAction\",\"target\":{\"@type\":\"EntryPoint\",\"urlTemplate\":\"https:\\\/\\\/velarogverkfaeri.is\\\/en\\\/?s={search_term_string}\"},\"query-input\":{\"@type\":\"PropertyValueSpecification\",\"valueRequired\":true,\"valueName\":\"search_term_string\"}}],\"inLanguage\":\"en-US\"},{\"@type\":\"Organization\",\"@id\":\"https:\\\/\\\/velarogverkfaeri.is\\\/en\\\/#organization\",\"name\":\"V\u00e9lar & Verkf\u00e6ri\",\"url\":\"https:\\\/\\\/velarogverkfaeri.is\\\/en\\\/\",\"logo\":{\"@type\":\"ImageObject\",\"inLanguage\":\"en-US\",\"@id\":\"https:\\\/\\\/velarogverkfaeri.is\\\/en\\\/#\\\/schema\\\/logo\\\/image\\\/\",\"url\":\"https:\\\/\\\/velarogverkfaeri.is\\\/wp-content\\\/uploads\\\/2021\\\/10\\\/vv_logo_350x100.png\",\"contentUrl\":\"https:\\\/\\\/velarogverkfaeri.is\\\/wp-content\\\/uploads\\\/2021\\\/10\\\/vv_logo_350x100.png\",\"width\":350,\"height\":100,\"caption\":\"V\u00e9lar & Verkf\u00e6ri\"},\"image\":{\"@id\":\"https:\\\/\\\/velarogverkfaeri.is\\\/en\\\/#\\\/schema\\\/logo\\\/image\\\/\"},\"sameAs\":[\"https:\\\/\\\/www.facebook.com\\\/VelarOgVerkfaeri\"]}]}<\/script>\n<!-- \/ Yoast SEO plugin. -->","yoast_head_json":{"title":"SKIL Sl\u00e1ttuv\u00e9l Rafhl\u00f6\u00f0u 40V Max 2x4.0Ah Kolalaus - V\u00e9lar &amp; Verkf\u00e6ri","robots":{"index":"index","follow":"follow","max-snippet":"max-snippet:-1","max-image-preview":"max-image-preview:large","max-video-preview":"max-video-preview:-1"},"canonical":"https:\/\/velarogverkfaeri.is\/en\/verkfaeralausnir\/gardverkfaeri\/gardverkfaeri-rafhloduknuin\/product\/skil-slattuvel-rafhlodu-40v-max-2x4-0ah-kolalaus\/","og_locale":"en_US","og_type":"article","og_title":"SKIL Sl\u00e1ttuv\u00e9l Rafhl\u00f6\u00f0u 40V Max 2x4.0Ah Kolalaus - V\u00e9lar &amp; Verkf\u00e6ri","og_description":"Sl\u00e1ttuv\u00e9lin sem kemur \u00fe\u00e9r gegnum grasi\u00f0 \u00ed gar\u00f0inum \u00ed sumar.V\u00f6ru \u00fearf a\u00f0 s\u00e6kja \u00e1 lager okkar. H\u00e6gt er a\u00f0 senda v\u00f6ru \u00e1 kostna\u00f0 kaupanda, vinsamlega hafi\u00f0 samband me\u00f0 t\u00f6lvup\u00f3sti \u00e1 vv@vv.is","og_url":"https:\/\/velarogverkfaeri.is\/en\/verkfaeralausnir\/gardverkfaeri\/gardverkfaeri-rafhloduknuin\/product\/skil-slattuvel-rafhlodu-40v-max-2x4-0ah-kolalaus\/","og_site_name":"V\u00e9lar &amp; Verkf\u00e6ri","article_publisher":"https:\/\/www.facebook.com\/VelarOgVerkfaeri","article_modified_time":"2026-04-04T00:02:32+00:00","og_image":[{"width":1000,"height":1000,"url":"https:\/\/velarogverkfaeri.is\/wp-content\/uploads\/2024\/05\/32f3110f-43e4-475a-bfd6-d9da130fe4f6.jpg","type":"image\/jpeg"}],"twitter_card":"summary_large_image","schema":{"@context":"https:\/\/schema.org","@graph":[{"@type":"WebPage","@id":"https:\/\/velarogverkfaeri.is\/verkfaeralausnir\/gardverkfaeri\/gardverkfaeri-rafhloduknuin\/product\/skil-slattuvel-rafhlodu-40v-max-2x4-0ah-kolalaus\/","url":"https:\/\/velarogverkfaeri.is\/verkfaeralausnir\/gardverkfaeri\/gardverkfaeri-rafhloduknuin\/product\/skil-slattuvel-rafhlodu-40v-max-2x4-0ah-kolalaus\/","name":"SKIL Sl\u00e1ttuv\u00e9l Rafhl\u00f6\u00f0u 40V Max 2x4.0Ah Kolalaus - V\u00e9lar &amp; Verkf\u00e6ri","isPartOf":{"@id":"https:\/\/velarogverkfaeri.is\/en\/#website"},"primaryImageOfPage":{"@id":"https:\/\/velarogverkfaeri.is\/verkfaeralausnir\/gardverkfaeri\/gardverkfaeri-rafhloduknuin\/product\/skil-slattuvel-rafhlodu-40v-max-2x4-0ah-kolalaus\/#primaryimage"},"image":{"@id":"https:\/\/velarogverkfaeri.is\/verkfaeralausnir\/gardverkfaeri\/gardverkfaeri-rafhloduknuin\/product\/skil-slattuvel-rafhlodu-40v-max-2x4-0ah-kolalaus\/#primaryimage"},"thumbnailUrl":"https:\/\/velarogverkfaeri.is\/wp-content\/uploads\/2024\/05\/32f3110f-43e4-475a-bfd6-d9da130fe4f6.jpg","datePublished":"2023-04-28T17:56:54+00:00","dateModified":"2026-04-04T00:02:32+00:00","breadcrumb":{"@id":"https:\/\/velarogverkfaeri.is\/verkfaeralausnir\/gardverkfaeri\/gardverkfaeri-rafhloduknuin\/product\/skil-slattuvel-rafhlodu-40v-max-2x4-0ah-kolalaus\/#breadcrumb"},"inLanguage":"en-US","potentialAction":[{"@type":"ReadAction","target":["https:\/\/velarogverkfaeri.is\/verkfaeralausnir\/gardverkfaeri\/gardverkfaeri-rafhloduknuin\/product\/skil-slattuvel-rafhlodu-40v-max-2x4-0ah-kolalaus\/"]}]},{"@type":"ImageObject","inLanguage":"en-US","@id":"https:\/\/velarogverkfaeri.is\/verkfaeralausnir\/gardverkfaeri\/gardverkfaeri-rafhloduknuin\/product\/skil-slattuvel-rafhlodu-40v-max-2x4-0ah-kolalaus\/#primaryimage","url":"https:\/\/velarogverkfaeri.is\/wp-content\/uploads\/2024\/05\/32f3110f-43e4-475a-bfd6-d9da130fe4f6.jpg","contentUrl":"https:\/\/velarogverkfaeri.is\/wp-content\/uploads\/2024\/05\/32f3110f-43e4-475a-bfd6-d9da130fe4f6.jpg","width":1000,"height":1000},{"@type":"BreadcrumbList","@id":"https:\/\/velarogverkfaeri.is\/verkfaeralausnir\/gardverkfaeri\/gardverkfaeri-rafhloduknuin\/product\/skil-slattuvel-rafhlodu-40v-max-2x4-0ah-kolalaus\/#breadcrumb","itemListElement":[{"@type":"ListItem","position":1,"name":"Home","item":"https:\/\/velarogverkfaeri.is\/"},{"@type":"ListItem","position":2,"name":"Vefverslun","item":"https:\/\/velarogverkfaeri.is\/vefverslun\/"},{"@type":"ListItem","position":3,"name":"SKIL Sl\u00e1ttuv\u00e9l Rafhl\u00f6\u00f0u 40V Max 2&#215;4.0Ah Kolalaus"}]},{"@type":"WebSite","@id":"https:\/\/velarogverkfaeri.is\/en\/#website","url":"https:\/\/velarogverkfaeri.is\/en\/","name":"V\u00e9lar & Verkf\u00e6ri","description":"Umbo\u00f0s- og heildverslun fr\u00e1 \u00e1rinu 1919","publisher":{"@id":"https:\/\/velarogverkfaeri.is\/en\/#organization"},"potentialAction":[{"@type":"SearchAction","target":{"@type":"EntryPoint","urlTemplate":"https:\/\/velarogverkfaeri.is\/en\/?s={search_term_string}"},"query-input":{"@type":"PropertyValueSpecification","valueRequired":true,"valueName":"search_term_string"}}],"inLanguage":"en-US"},{"@type":"Organization","@id":"https:\/\/velarogverkfaeri.is\/en\/#organization","name":"V\u00e9lar & Verkf\u00e6ri","url":"https:\/\/velarogverkfaeri.is\/en\/","logo":{"@type":"ImageObject","inLanguage":"en-US","@id":"https:\/\/velarogverkfaeri.is\/en\/#\/schema\/logo\/image\/","url":"https:\/\/velarogverkfaeri.is\/wp-content\/uploads\/2021\/10\/vv_logo_350x100.png","contentUrl":"https:\/\/velarogverkfaeri.is\/wp-content\/uploads\/2021\/10\/vv_logo_350x100.png","width":350,"height":100,"caption":"V\u00e9lar & Verkf\u00e6ri"},"image":{"@id":"https:\/\/velarogverkfaeri.is\/en\/#\/schema\/logo\/image\/"},"sameAs":["https:\/\/www.facebook.com\/VelarOgVerkfaeri"]}]}},"_links":{"self":[{"href":"https:\/\/velarogverkfaeri.is\/en\/wp-json\/wp\/v2\/product\/60944","targetHints":{"allow":["GET"]}}],"collection":[{"href":"https:\/\/velarogverkfaeri.is\/en\/wp-json\/wp\/v2\/product"}],"about":[{"href":"https:\/\/velarogverkfaeri.is\/en\/wp-json\/wp\/v2\/types\/product"}],"replies":[{"embeddable":true,"href":"https:\/\/velarogverkfaeri.is\/en\/wp-json\/wp\/v2\/comments?post=60944"}],"wp:featuredmedia":[{"embeddable":true,"href":"https:\/\/velarogverkfaeri.is\/en\/wp-json\/wp\/v2\/media\/60943"}],"wp:attachment":[{"href":"https:\/\/velarogverkfaeri.is\/en\/wp-json\/wp\/v2\/media?parent=60944"}],"wp:term":[{"taxonomy":"product_brand","embeddable":true,"href":"https:\/\/velarogverkfaeri.is\/en\/wp-json\/wp\/v2\/product_brand?post=60944"},{"taxonomy":"product_cat","embeddable":true,"href":"https:\/\/velarogverkfaeri.is\/en\/wp-json\/wp\/v2\/product_cat?post=60944"},{"taxonomy":"product_tag","embeddable":true,"href":"https:\/\/velarogverkfaeri.is\/en\/wp-json\/wp\/v2\/product_tag?post=60944"}],"curies":[{"name":"wp","href":"https:\/\/api.w.org\/{rel}","templated":true}]}}