{"id":60902,"date":"2024-05-23T10:27:33","date_gmt":"2024-05-23T10:27:33","guid":{"rendered":"https:\/\/velarogverkfaeri.is\/?post_type=product&#038;p=60902"},"modified":"2026-04-30T00:30:38","modified_gmt":"2026-04-30T00:30:38","slug":"michelin-hathrystidaela-1700w-130-bor","status":"publish","type":"product","link":"https:\/\/velarogverkfaeri.is\/en\/verkfaeralausnir\/rafmagnsverkfaeri\/hathrystidaelur\/product\/michelin-hathrystidaela-1700w-130-bor\/","title":{"rendered":"MICHELIN H\u00e1\u00fer\u00fdstid\u00e6la (1700w, 130 b\u00f6r, 440 l\/klst)"},"content":{"rendered":"<h1 class=\"a-size-base-plus a-text-bold\" style=\"padding: 0px 0px 4px; margin-top: 0px; margin-bottom: 0px; text-rendering: optimizelegibility; color: rgb(15, 17, 17); font-family: &quot;Amazon Ember&quot;, Arial, sans-serif; white-space: normal; font-size: 16px !important; line-height: 24px !important;\"><\/h1>\n<ul class=\"a-unordered-list a-vertical a-spacing-mini\" style=\"margin-right: 0px; margin-left: 18px; color: rgb(15, 17, 17); padding-top: 0px; padding-right: 0px; padding-bottom: 0px; font-family: &quot;Amazon Ember&quot;, Arial, sans-serif;\">\n<li class=\"a-spacing-mini\" style=\"list-style: disc; overflow-wrap: break-word; margin: 0px;\"><span class=\"a-list-item\" style=\"color: var(--__N4QdCheV6mGo,#0f1111);\">H\u00e1marks\u00fer\u00fdstingur (\u00ed b\u00f6rum) er 130, orkunotkun (kW) 1 7 Fl\u00e6\u00f0ishra\u00f0i (l\/klst) h\u00e1mark 440, H\u00e1markshitastig vatns (\u00b0C) 50<\/span><\/li>\n<li class=\"a-spacing-mini\" style=\"list-style: disc; overflow-wrap: break-word; margin: 0px;\"><span class=\"a-list-item\" style=\"color: var(--__N4QdCheV6mGo,#0f1111);\">H\u00e1\u00fer\u00fdsti\u00fevottat\u00e6ki sem tilvali\u00f0 er \u00ed a\u00f0 \u00fer\u00edfa m\u00f3torhj\u00f3l, b\u00edla e\u00f0a ytra byr\u00f0i h\u00fasa.<\/span><\/li>\n<li style=\"list-style: disc; overflow-wrap: break-word; margin: 0px;\"><span class=\"a-list-item\" style=\"color: var(--__N4QdCheV6mGo,#0f1111);\">\u00da\u00f0abyssa og h\u00e1\u00fer\u00fdstingsslanga (6 m), stillanlegur sn\u00faningsst\u00fatur og fro\u00f0usett. Fylgihluti er h\u00e6gt a\u00f0 festa aftan \u00e1 d\u00e6lu.<\/span><\/li>\n<li style=\"list-style: disc; overflow-wrap: break-word; margin: 0px;\"><span class=\"a-list-item\" style=\"color: var(--__N4QdCheV6mGo,#0f1111);\">\u00deyngd: 12,44 Kg<\/span><\/li>\n<li style=\"list-style: disc; overflow-wrap: break-word; margin: 0px;\"><span class=\"a-list-item\" style=\"color: var(--__N4QdCheV6mGo,#0f1111);\">R\u00famm\u00e1l vatnstanks: 440 L<\/span><\/li>\n<\/ul>\n<p style=\"list-style: disc; overflow-wrap: break-word; margin: 0px;\"><span class=\"a-list-item\" style=\"color: var(--__N4QdCheV6mGo,#0f1111);\"><br \/><\/span><\/p>","protected":false},"excerpt":{"rendered":"<p>Tegund:&nbsp;MPZ17EH<\/p>\n<p><\/p>\n<p>Vara ekki send \u00ed p\u00f3sti, \u00fearf a\u00f0 s\u00e6kja \u00e1 lager okkar.<\/p>\n<p><\/p>","protected":false},"featured_media":71366,"comment_status":"closed","ping_status":"closed","template":"","meta":[],"product_brand":[],"product_cat":[587,732,799,592,515],"product_tag":[817,1039,1050],"class_list":{"0":"post-60902","1":"product","2":"type-product","3":"status-publish","4":"has-post-thumbnail","6":"product_cat-gardverkfaeri","7":"product_cat-hathrystidaelur","8":"product_cat-hathrystidaelur-gardverkfaeri","9":"product_cat-rafmagnsverkfaeri","10":"product_cat-verkfaeralausnir","11":"product_tag-outlet","12":"product_tag-sumar","13":"product_tag-sumartilbod","15":"first","16":"instock","17":"taxable","18":"shipping-taxable","19":"purchasable","20":"product-type-simple"},"yoast_head":"<!-- This site is optimized with the Yoast SEO plugin v27.3 - https:\/\/yoast.com\/product\/yoast-seo-wordpress\/ -->\n<title>MICHELIN H\u00e1\u00fer\u00fdstid\u00e6la (1700w, 130 b\u00f6r, 440 l\/klst) - V\u00e9lar &amp; Verkf\u00e6ri<\/title>\n<meta name=\"robots\" content=\"index, follow, max-snippet:-1, max-image-preview:large, max-video-preview:-1\" \/>\n<link rel=\"canonical\" href=\"https:\/\/velarogverkfaeri.is\/en\/verkfaeralausnir\/rafmagnsverkfaeri\/hathrystidaelur\/product\/michelin-hathrystidaela-1700w-130-bor\/\" \/>\n<meta property=\"og:locale\" content=\"en_US\" \/>\n<meta property=\"og:type\" content=\"article\" \/>\n<meta property=\"og:title\" content=\"MICHELIN H\u00e1\u00fer\u00fdstid\u00e6la (1700w, 130 b\u00f6r, 440 l\/klst) - V\u00e9lar &amp; Verkf\u00e6ri\" \/>\n<meta property=\"og:description\" content=\"Tegund:&nbsp;MPZ17EHVara ekki send \u00ed p\u00f3sti, \u00fearf a\u00f0 s\u00e6kja \u00e1 lager okkar.\" \/>\n<meta property=\"og:url\" content=\"https:\/\/velarogverkfaeri.is\/en\/verkfaeralausnir\/rafmagnsverkfaeri\/hathrystidaelur\/product\/michelin-hathrystidaela-1700w-130-bor\/\" \/>\n<meta property=\"og:site_name\" content=\"V\u00e9lar &amp; Verkf\u00e6ri\" \/>\n<meta property=\"article:publisher\" content=\"https:\/\/www.facebook.com\/VelarOgVerkfaeri\" \/>\n<meta property=\"article:modified_time\" content=\"2026-04-30T00:30:38+00:00\" \/>\n<meta property=\"og:image\" content=\"https:\/\/velarogverkfaeri.is\/wp-content\/uploads\/2025\/04\/db02699c-0499-4a31-af64-b5754ac4a839.png\" \/>\n\t<meta property=\"og:image:width\" content=\"528\" \/>\n\t<meta property=\"og:image:height\" content=\"599\" \/>\n\t<meta property=\"og:image:type\" content=\"image\/png\" \/>\n<meta name=\"twitter:card\" content=\"summary_large_image\" \/>\n<script type=\"application\/ld+json\" class=\"yoast-schema-graph\">{\"@context\":\"https:\\\/\\\/schema.org\",\"@graph\":[{\"@type\":\"WebPage\",\"@id\":\"https:\\\/\\\/velarogverkfaeri.is\\\/verkfaeralausnir\\\/rafmagnsverkfaeri\\\/hathrystidaelur\\\/product\\\/michelin-hathrystidaela-1700w-130-bor\\\/\",\"url\":\"https:\\\/\\\/velarogverkfaeri.is\\\/verkfaeralausnir\\\/rafmagnsverkfaeri\\\/hathrystidaelur\\\/product\\\/michelin-hathrystidaela-1700w-130-bor\\\/\",\"name\":\"MICHELIN H\u00e1\u00fer\u00fdstid\u00e6la (1700w, 130 b\u00f6r, 440 l\\\/klst) - V\u00e9lar &amp; Verkf\u00e6ri\",\"isPartOf\":{\"@id\":\"https:\\\/\\\/velarogverkfaeri.is\\\/en\\\/#website\"},\"primaryImageOfPage\":{\"@id\":\"https:\\\/\\\/velarogverkfaeri.is\\\/verkfaeralausnir\\\/rafmagnsverkfaeri\\\/hathrystidaelur\\\/product\\\/michelin-hathrystidaela-1700w-130-bor\\\/#primaryimage\"},\"image\":{\"@id\":\"https:\\\/\\\/velarogverkfaeri.is\\\/verkfaeralausnir\\\/rafmagnsverkfaeri\\\/hathrystidaelur\\\/product\\\/michelin-hathrystidaela-1700w-130-bor\\\/#primaryimage\"},\"thumbnailUrl\":\"https:\\\/\\\/velarogverkfaeri.is\\\/wp-content\\\/uploads\\\/2025\\\/04\\\/db02699c-0499-4a31-af64-b5754ac4a839.png\",\"datePublished\":\"2024-05-23T10:27:33+00:00\",\"dateModified\":\"2026-04-30T00:30:38+00:00\",\"breadcrumb\":{\"@id\":\"https:\\\/\\\/velarogverkfaeri.is\\\/verkfaeralausnir\\\/rafmagnsverkfaeri\\\/hathrystidaelur\\\/product\\\/michelin-hathrystidaela-1700w-130-bor\\\/#breadcrumb\"},\"inLanguage\":\"en-US\",\"potentialAction\":[{\"@type\":\"ReadAction\",\"target\":[\"https:\\\/\\\/velarogverkfaeri.is\\\/verkfaeralausnir\\\/rafmagnsverkfaeri\\\/hathrystidaelur\\\/product\\\/michelin-hathrystidaela-1700w-130-bor\\\/\"]}]},{\"@type\":\"ImageObject\",\"inLanguage\":\"en-US\",\"@id\":\"https:\\\/\\\/velarogverkfaeri.is\\\/verkfaeralausnir\\\/rafmagnsverkfaeri\\\/hathrystidaelur\\\/product\\\/michelin-hathrystidaela-1700w-130-bor\\\/#primaryimage\",\"url\":\"https:\\\/\\\/velarogverkfaeri.is\\\/wp-content\\\/uploads\\\/2025\\\/04\\\/db02699c-0499-4a31-af64-b5754ac4a839.png\",\"contentUrl\":\"https:\\\/\\\/velarogverkfaeri.is\\\/wp-content\\\/uploads\\\/2025\\\/04\\\/db02699c-0499-4a31-af64-b5754ac4a839.png\",\"width\":528,\"height\":599},{\"@type\":\"BreadcrumbList\",\"@id\":\"https:\\\/\\\/velarogverkfaeri.is\\\/verkfaeralausnir\\\/rafmagnsverkfaeri\\\/hathrystidaelur\\\/product\\\/michelin-hathrystidaela-1700w-130-bor\\\/#breadcrumb\",\"itemListElement\":[{\"@type\":\"ListItem\",\"position\":1,\"name\":\"Home\",\"item\":\"https:\\\/\\\/velarogverkfaeri.is\\\/\"},{\"@type\":\"ListItem\",\"position\":2,\"name\":\"Vefverslun\",\"item\":\"https:\\\/\\\/velarogverkfaeri.is\\\/vefverslun\\\/\"},{\"@type\":\"ListItem\",\"position\":3,\"name\":\"MICHELIN H\u00e1\u00fer\u00fdstid\u00e6la (1700w, 130 b\u00f6r, 440 l\\\/klst)\"}]},{\"@type\":\"WebSite\",\"@id\":\"https:\\\/\\\/velarogverkfaeri.is\\\/en\\\/#website\",\"url\":\"https:\\\/\\\/velarogverkfaeri.is\\\/en\\\/\",\"name\":\"V\u00e9lar & Verkf\u00e6ri\",\"description\":\"Umbo\u00f0s- og heildverslun fr\u00e1 \u00e1rinu 1919\",\"publisher\":{\"@id\":\"https:\\\/\\\/velarogverkfaeri.is\\\/en\\\/#organization\"},\"potentialAction\":[{\"@type\":\"SearchAction\",\"target\":{\"@type\":\"EntryPoint\",\"urlTemplate\":\"https:\\\/\\\/velarogverkfaeri.is\\\/en\\\/?s={search_term_string}\"},\"query-input\":{\"@type\":\"PropertyValueSpecification\",\"valueRequired\":true,\"valueName\":\"search_term_string\"}}],\"inLanguage\":\"en-US\"},{\"@type\":\"Organization\",\"@id\":\"https:\\\/\\\/velarogverkfaeri.is\\\/en\\\/#organization\",\"name\":\"V\u00e9lar & Verkf\u00e6ri\",\"url\":\"https:\\\/\\\/velarogverkfaeri.is\\\/en\\\/\",\"logo\":{\"@type\":\"ImageObject\",\"inLanguage\":\"en-US\",\"@id\":\"https:\\\/\\\/velarogverkfaeri.is\\\/en\\\/#\\\/schema\\\/logo\\\/image\\\/\",\"url\":\"https:\\\/\\\/velarogverkfaeri.is\\\/wp-content\\\/uploads\\\/2021\\\/10\\\/vv_logo_350x100.png\",\"contentUrl\":\"https:\\\/\\\/velarogverkfaeri.is\\\/wp-content\\\/uploads\\\/2021\\\/10\\\/vv_logo_350x100.png\",\"width\":350,\"height\":100,\"caption\":\"V\u00e9lar & Verkf\u00e6ri\"},\"image\":{\"@id\":\"https:\\\/\\\/velarogverkfaeri.is\\\/en\\\/#\\\/schema\\\/logo\\\/image\\\/\"},\"sameAs\":[\"https:\\\/\\\/www.facebook.com\\\/VelarOgVerkfaeri\"]}]}<\/script>\n<!-- \/ Yoast SEO plugin. -->","yoast_head_json":{"title":"MICHELIN H\u00e1\u00fer\u00fdstid\u00e6la (1700w, 130 b\u00f6r, 440 l\/klst) - V\u00e9lar &amp; Verkf\u00e6ri","robots":{"index":"index","follow":"follow","max-snippet":"max-snippet:-1","max-image-preview":"max-image-preview:large","max-video-preview":"max-video-preview:-1"},"canonical":"https:\/\/velarogverkfaeri.is\/en\/verkfaeralausnir\/rafmagnsverkfaeri\/hathrystidaelur\/product\/michelin-hathrystidaela-1700w-130-bor\/","og_locale":"en_US","og_type":"article","og_title":"MICHELIN H\u00e1\u00fer\u00fdstid\u00e6la (1700w, 130 b\u00f6r, 440 l\/klst) - V\u00e9lar &amp; Verkf\u00e6ri","og_description":"Tegund:&nbsp;MPZ17EHVara ekki send \u00ed p\u00f3sti, \u00fearf a\u00f0 s\u00e6kja \u00e1 lager okkar.","og_url":"https:\/\/velarogverkfaeri.is\/en\/verkfaeralausnir\/rafmagnsverkfaeri\/hathrystidaelur\/product\/michelin-hathrystidaela-1700w-130-bor\/","og_site_name":"V\u00e9lar &amp; Verkf\u00e6ri","article_publisher":"https:\/\/www.facebook.com\/VelarOgVerkfaeri","article_modified_time":"2026-04-30T00:30:38+00:00","og_image":[{"width":528,"height":599,"url":"https:\/\/velarogverkfaeri.is\/wp-content\/uploads\/2025\/04\/db02699c-0499-4a31-af64-b5754ac4a839.png","type":"image\/png"}],"twitter_card":"summary_large_image","schema":{"@context":"https:\/\/schema.org","@graph":[{"@type":"WebPage","@id":"https:\/\/velarogverkfaeri.is\/verkfaeralausnir\/rafmagnsverkfaeri\/hathrystidaelur\/product\/michelin-hathrystidaela-1700w-130-bor\/","url":"https:\/\/velarogverkfaeri.is\/verkfaeralausnir\/rafmagnsverkfaeri\/hathrystidaelur\/product\/michelin-hathrystidaela-1700w-130-bor\/","name":"MICHELIN H\u00e1\u00fer\u00fdstid\u00e6la (1700w, 130 b\u00f6r, 440 l\/klst) - V\u00e9lar &amp; Verkf\u00e6ri","isPartOf":{"@id":"https:\/\/velarogverkfaeri.is\/en\/#website"},"primaryImageOfPage":{"@id":"https:\/\/velarogverkfaeri.is\/verkfaeralausnir\/rafmagnsverkfaeri\/hathrystidaelur\/product\/michelin-hathrystidaela-1700w-130-bor\/#primaryimage"},"image":{"@id":"https:\/\/velarogverkfaeri.is\/verkfaeralausnir\/rafmagnsverkfaeri\/hathrystidaelur\/product\/michelin-hathrystidaela-1700w-130-bor\/#primaryimage"},"thumbnailUrl":"https:\/\/velarogverkfaeri.is\/wp-content\/uploads\/2025\/04\/db02699c-0499-4a31-af64-b5754ac4a839.png","datePublished":"2024-05-23T10:27:33+00:00","dateModified":"2026-04-30T00:30:38+00:00","breadcrumb":{"@id":"https:\/\/velarogverkfaeri.is\/verkfaeralausnir\/rafmagnsverkfaeri\/hathrystidaelur\/product\/michelin-hathrystidaela-1700w-130-bor\/#breadcrumb"},"inLanguage":"en-US","potentialAction":[{"@type":"ReadAction","target":["https:\/\/velarogverkfaeri.is\/verkfaeralausnir\/rafmagnsverkfaeri\/hathrystidaelur\/product\/michelin-hathrystidaela-1700w-130-bor\/"]}]},{"@type":"ImageObject","inLanguage":"en-US","@id":"https:\/\/velarogverkfaeri.is\/verkfaeralausnir\/rafmagnsverkfaeri\/hathrystidaelur\/product\/michelin-hathrystidaela-1700w-130-bor\/#primaryimage","url":"https:\/\/velarogverkfaeri.is\/wp-content\/uploads\/2025\/04\/db02699c-0499-4a31-af64-b5754ac4a839.png","contentUrl":"https:\/\/velarogverkfaeri.is\/wp-content\/uploads\/2025\/04\/db02699c-0499-4a31-af64-b5754ac4a839.png","width":528,"height":599},{"@type":"BreadcrumbList","@id":"https:\/\/velarogverkfaeri.is\/verkfaeralausnir\/rafmagnsverkfaeri\/hathrystidaelur\/product\/michelin-hathrystidaela-1700w-130-bor\/#breadcrumb","itemListElement":[{"@type":"ListItem","position":1,"name":"Home","item":"https:\/\/velarogverkfaeri.is\/"},{"@type":"ListItem","position":2,"name":"Vefverslun","item":"https:\/\/velarogverkfaeri.is\/vefverslun\/"},{"@type":"ListItem","position":3,"name":"MICHELIN H\u00e1\u00fer\u00fdstid\u00e6la (1700w, 130 b\u00f6r, 440 l\/klst)"}]},{"@type":"WebSite","@id":"https:\/\/velarogverkfaeri.is\/en\/#website","url":"https:\/\/velarogverkfaeri.is\/en\/","name":"V\u00e9lar & Verkf\u00e6ri","description":"Umbo\u00f0s- og heildverslun fr\u00e1 \u00e1rinu 1919","publisher":{"@id":"https:\/\/velarogverkfaeri.is\/en\/#organization"},"potentialAction":[{"@type":"SearchAction","target":{"@type":"EntryPoint","urlTemplate":"https:\/\/velarogverkfaeri.is\/en\/?s={search_term_string}"},"query-input":{"@type":"PropertyValueSpecification","valueRequired":true,"valueName":"search_term_string"}}],"inLanguage":"en-US"},{"@type":"Organization","@id":"https:\/\/velarogverkfaeri.is\/en\/#organization","name":"V\u00e9lar & Verkf\u00e6ri","url":"https:\/\/velarogverkfaeri.is\/en\/","logo":{"@type":"ImageObject","inLanguage":"en-US","@id":"https:\/\/velarogverkfaeri.is\/en\/#\/schema\/logo\/image\/","url":"https:\/\/velarogverkfaeri.is\/wp-content\/uploads\/2021\/10\/vv_logo_350x100.png","contentUrl":"https:\/\/velarogverkfaeri.is\/wp-content\/uploads\/2021\/10\/vv_logo_350x100.png","width":350,"height":100,"caption":"V\u00e9lar & Verkf\u00e6ri"},"image":{"@id":"https:\/\/velarogverkfaeri.is\/en\/#\/schema\/logo\/image\/"},"sameAs":["https:\/\/www.facebook.com\/VelarOgVerkfaeri"]}]}},"_links":{"self":[{"href":"https:\/\/velarogverkfaeri.is\/en\/wp-json\/wp\/v2\/product\/60902","targetHints":{"allow":["GET"]}}],"collection":[{"href":"https:\/\/velarogverkfaeri.is\/en\/wp-json\/wp\/v2\/product"}],"about":[{"href":"https:\/\/velarogverkfaeri.is\/en\/wp-json\/wp\/v2\/types\/product"}],"replies":[{"embeddable":true,"href":"https:\/\/velarogverkfaeri.is\/en\/wp-json\/wp\/v2\/comments?post=60902"}],"wp:featuredmedia":[{"embeddable":true,"href":"https:\/\/velarogverkfaeri.is\/en\/wp-json\/wp\/v2\/media\/71366"}],"wp:attachment":[{"href":"https:\/\/velarogverkfaeri.is\/en\/wp-json\/wp\/v2\/media?parent=60902"}],"wp:term":[{"taxonomy":"product_brand","embeddable":true,"href":"https:\/\/velarogverkfaeri.is\/en\/wp-json\/wp\/v2\/product_brand?post=60902"},{"taxonomy":"product_cat","embeddable":true,"href":"https:\/\/velarogverkfaeri.is\/en\/wp-json\/wp\/v2\/product_cat?post=60902"},{"taxonomy":"product_tag","embeddable":true,"href":"https:\/\/velarogverkfaeri.is\/en\/wp-json\/wp\/v2\/product_tag?post=60902"}],"curies":[{"name":"wp","href":"https:\/\/api.w.org\/{rel}","templated":true}]}}