{"id":60208,"date":"2023-04-28T17:59:32","date_gmt":"2023-04-28T17:59:32","guid":{"rendered":"https:\/\/velarogverkfaeri.is\/uncategorized\/product\/ridder-kollur-snuanlegur-a0050401\/"},"modified":"2025-12-07T18:16:36","modified_gmt":"2025-12-07T18:16:36","slug":"ridder-kollur-snuanlegur-a0050401","status":"publish","type":"product","link":"https:\/\/velarogverkfaeri.is\/en\/lykillausnir\/badherbergi-lykillausnir\/studningsvorur\/product\/ridder-kollur-snuanlegur-a0050401\/","title":{"rendered":"RIDDER Kollur sn\u00faanlegur"},"content":{"rendered":"<p>Efni P\u00f3l\u00fd\u00faretan<\/p>\n<p>Litur Hv\u00edtur<\/p>\n<p>\u00deyngd v\u00f6ru 3395,4 gr<\/p>\n<p>R\u00e1\u00f0lag\u00f0ur h\u00e1marks\u00feyngd 150 k\u00edl\u00f3<\/p>\n<p>Mj\u00fakt s\u00e6ti sem sn\u00fdst<\/p>\n<p>355 mm \u00ed \u00feverm\u00e1l<\/p>\n<p>\u00dar vi\u00f0haldsl\u00edtilli PU-fro\u00f0u \u00ed n\u00fat\u00edma bl\u00e1um lit<\/p>\n<p>Me\u00f0 l\u00e6singarb\u00fana\u00f0i (me\u00f0 90\u00b0 millibili)<\/p>\n<p>Stillanleg h\u00e6\u00f0 \u00e1 milli 415 og 580 mm<\/p>\n<p>Tilvalin s\u00e6tish\u00e6\u00f0 fyrir vaska og spegla; einnig h\u00e6gt a\u00f0 nota \u00e1 blautt g\u00f3lf, sturtur og ba\u00f0kar<\/p>","protected":false},"excerpt":{"rendered":"<p>Tegund:&nbsp;A0050401<\/p>\n<p>ATH a\u00f0eins 1 stk til \u00e1 lager<\/p>","protected":false},"featured_media":60206,"comment_status":"closed","ping_status":"closed","template":"","meta":[],"product_brand":[],"product_cat":[580,517,628],"product_tag":[],"class_list":{"0":"post-60208","1":"product","2":"type-product","3":"status-publish","4":"has-post-thumbnail","6":"product_cat-badherbergi-lykillausnir","7":"product_cat-lykillausnir","8":"product_cat-studningsvorur","10":"first","11":"instock","12":"taxable","13":"shipping-taxable","14":"purchasable","15":"product-type-simple"},"yoast_head":"<!-- This site is optimized with the Yoast SEO plugin v27.3 - https:\/\/yoast.com\/product\/yoast-seo-wordpress\/ -->\n<title>RIDDER Kollur sn\u00faanlegur - V\u00e9lar &amp; Verkf\u00e6ri<\/title>\n<meta name=\"robots\" content=\"index, follow, max-snippet:-1, max-image-preview:large, max-video-preview:-1\" \/>\n<link rel=\"canonical\" href=\"https:\/\/velarogverkfaeri.is\/en\/lykillausnir\/badherbergi-lykillausnir\/studningsvorur\/product\/ridder-kollur-snuanlegur-a0050401\/\" \/>\n<meta property=\"og:locale\" content=\"en_US\" \/>\n<meta property=\"og:type\" content=\"article\" \/>\n<meta property=\"og:title\" content=\"RIDDER Kollur sn\u00faanlegur - V\u00e9lar &amp; Verkf\u00e6ri\" \/>\n<meta property=\"og:description\" content=\"Tegund:&nbsp;A0050401ATH a\u00f0eins 1 stk til \u00e1 lager\" \/>\n<meta property=\"og:url\" content=\"https:\/\/velarogverkfaeri.is\/en\/lykillausnir\/badherbergi-lykillausnir\/studningsvorur\/product\/ridder-kollur-snuanlegur-a0050401\/\" \/>\n<meta property=\"og:site_name\" content=\"V\u00e9lar &amp; Verkf\u00e6ri\" \/>\n<meta property=\"article:publisher\" content=\"https:\/\/www.facebook.com\/VelarOgVerkfaeri\" \/>\n<meta property=\"article:modified_time\" content=\"2025-12-07T18:16:36+00:00\" \/>\n<meta property=\"og:image\" content=\"https:\/\/velarogverkfaeri.is\/wp-content\/uploads\/2024\/04\/385b59d2-a813-417a-b96a-17ea84781b6c.jpg\" \/>\n\t<meta property=\"og:image:width\" content=\"546\" \/>\n\t<meta property=\"og:image:height\" content=\"600\" \/>\n\t<meta property=\"og:image:type\" content=\"image\/jpeg\" \/>\n<meta name=\"twitter:card\" content=\"summary_large_image\" \/>\n<script type=\"application\/ld+json\" class=\"yoast-schema-graph\">{\"@context\":\"https:\\\/\\\/schema.org\",\"@graph\":[{\"@type\":\"WebPage\",\"@id\":\"https:\\\/\\\/velarogverkfaeri.is\\\/lykillausnir\\\/badherbergi-lykillausnir\\\/studningsvorur\\\/product\\\/ridder-kollur-snuanlegur-a0050401\\\/\",\"url\":\"https:\\\/\\\/velarogverkfaeri.is\\\/lykillausnir\\\/badherbergi-lykillausnir\\\/studningsvorur\\\/product\\\/ridder-kollur-snuanlegur-a0050401\\\/\",\"name\":\"RIDDER Kollur sn\u00faanlegur - V\u00e9lar &amp; Verkf\u00e6ri\",\"isPartOf\":{\"@id\":\"https:\\\/\\\/velarogverkfaeri.is\\\/en\\\/#website\"},\"primaryImageOfPage\":{\"@id\":\"https:\\\/\\\/velarogverkfaeri.is\\\/lykillausnir\\\/badherbergi-lykillausnir\\\/studningsvorur\\\/product\\\/ridder-kollur-snuanlegur-a0050401\\\/#primaryimage\"},\"image\":{\"@id\":\"https:\\\/\\\/velarogverkfaeri.is\\\/lykillausnir\\\/badherbergi-lykillausnir\\\/studningsvorur\\\/product\\\/ridder-kollur-snuanlegur-a0050401\\\/#primaryimage\"},\"thumbnailUrl\":\"https:\\\/\\\/velarogverkfaeri.is\\\/wp-content\\\/uploads\\\/2024\\\/04\\\/385b59d2-a813-417a-b96a-17ea84781b6c.jpg\",\"datePublished\":\"2023-04-28T17:59:32+00:00\",\"dateModified\":\"2025-12-07T18:16:36+00:00\",\"breadcrumb\":{\"@id\":\"https:\\\/\\\/velarogverkfaeri.is\\\/lykillausnir\\\/badherbergi-lykillausnir\\\/studningsvorur\\\/product\\\/ridder-kollur-snuanlegur-a0050401\\\/#breadcrumb\"},\"inLanguage\":\"en-US\",\"potentialAction\":[{\"@type\":\"ReadAction\",\"target\":[\"https:\\\/\\\/velarogverkfaeri.is\\\/lykillausnir\\\/badherbergi-lykillausnir\\\/studningsvorur\\\/product\\\/ridder-kollur-snuanlegur-a0050401\\\/\"]}]},{\"@type\":\"ImageObject\",\"inLanguage\":\"en-US\",\"@id\":\"https:\\\/\\\/velarogverkfaeri.is\\\/lykillausnir\\\/badherbergi-lykillausnir\\\/studningsvorur\\\/product\\\/ridder-kollur-snuanlegur-a0050401\\\/#primaryimage\",\"url\":\"https:\\\/\\\/velarogverkfaeri.is\\\/wp-content\\\/uploads\\\/2024\\\/04\\\/385b59d2-a813-417a-b96a-17ea84781b6c.jpg\",\"contentUrl\":\"https:\\\/\\\/velarogverkfaeri.is\\\/wp-content\\\/uploads\\\/2024\\\/04\\\/385b59d2-a813-417a-b96a-17ea84781b6c.jpg\",\"width\":546,\"height\":600},{\"@type\":\"BreadcrumbList\",\"@id\":\"https:\\\/\\\/velarogverkfaeri.is\\\/lykillausnir\\\/badherbergi-lykillausnir\\\/studningsvorur\\\/product\\\/ridder-kollur-snuanlegur-a0050401\\\/#breadcrumb\",\"itemListElement\":[{\"@type\":\"ListItem\",\"position\":1,\"name\":\"Home\",\"item\":\"https:\\\/\\\/velarogverkfaeri.is\\\/\"},{\"@type\":\"ListItem\",\"position\":2,\"name\":\"Vefverslun\",\"item\":\"https:\\\/\\\/velarogverkfaeri.is\\\/vefverslun\\\/\"},{\"@type\":\"ListItem\",\"position\":3,\"name\":\"RIDDER Kollur sn\u00faanlegur\"}]},{\"@type\":\"WebSite\",\"@id\":\"https:\\\/\\\/velarogverkfaeri.is\\\/en\\\/#website\",\"url\":\"https:\\\/\\\/velarogverkfaeri.is\\\/en\\\/\",\"name\":\"V\u00e9lar & Verkf\u00e6ri\",\"description\":\"Umbo\u00f0s- og heildverslun fr\u00e1 \u00e1rinu 1919\",\"publisher\":{\"@id\":\"https:\\\/\\\/velarogverkfaeri.is\\\/en\\\/#organization\"},\"potentialAction\":[{\"@type\":\"SearchAction\",\"target\":{\"@type\":\"EntryPoint\",\"urlTemplate\":\"https:\\\/\\\/velarogverkfaeri.is\\\/en\\\/?s={search_term_string}\"},\"query-input\":{\"@type\":\"PropertyValueSpecification\",\"valueRequired\":true,\"valueName\":\"search_term_string\"}}],\"inLanguage\":\"en-US\"},{\"@type\":\"Organization\",\"@id\":\"https:\\\/\\\/velarogverkfaeri.is\\\/en\\\/#organization\",\"name\":\"V\u00e9lar & Verkf\u00e6ri\",\"url\":\"https:\\\/\\\/velarogverkfaeri.is\\\/en\\\/\",\"logo\":{\"@type\":\"ImageObject\",\"inLanguage\":\"en-US\",\"@id\":\"https:\\\/\\\/velarogverkfaeri.is\\\/en\\\/#\\\/schema\\\/logo\\\/image\\\/\",\"url\":\"https:\\\/\\\/velarogverkfaeri.is\\\/wp-content\\\/uploads\\\/2021\\\/10\\\/vv_logo_350x100.png\",\"contentUrl\":\"https:\\\/\\\/velarogverkfaeri.is\\\/wp-content\\\/uploads\\\/2021\\\/10\\\/vv_logo_350x100.png\",\"width\":350,\"height\":100,\"caption\":\"V\u00e9lar & Verkf\u00e6ri\"},\"image\":{\"@id\":\"https:\\\/\\\/velarogverkfaeri.is\\\/en\\\/#\\\/schema\\\/logo\\\/image\\\/\"},\"sameAs\":[\"https:\\\/\\\/www.facebook.com\\\/VelarOgVerkfaeri\"]}]}<\/script>\n<!-- \/ Yoast SEO plugin. -->","yoast_head_json":{"title":"RIDDER Kollur sn\u00faanlegur - V\u00e9lar &amp; Verkf\u00e6ri","robots":{"index":"index","follow":"follow","max-snippet":"max-snippet:-1","max-image-preview":"max-image-preview:large","max-video-preview":"max-video-preview:-1"},"canonical":"https:\/\/velarogverkfaeri.is\/en\/lykillausnir\/badherbergi-lykillausnir\/studningsvorur\/product\/ridder-kollur-snuanlegur-a0050401\/","og_locale":"en_US","og_type":"article","og_title":"RIDDER Kollur sn\u00faanlegur - V\u00e9lar &amp; Verkf\u00e6ri","og_description":"Tegund:&nbsp;A0050401ATH a\u00f0eins 1 stk til \u00e1 lager","og_url":"https:\/\/velarogverkfaeri.is\/en\/lykillausnir\/badherbergi-lykillausnir\/studningsvorur\/product\/ridder-kollur-snuanlegur-a0050401\/","og_site_name":"V\u00e9lar &amp; Verkf\u00e6ri","article_publisher":"https:\/\/www.facebook.com\/VelarOgVerkfaeri","article_modified_time":"2025-12-07T18:16:36+00:00","og_image":[{"width":546,"height":600,"url":"https:\/\/velarogverkfaeri.is\/wp-content\/uploads\/2024\/04\/385b59d2-a813-417a-b96a-17ea84781b6c.jpg","type":"image\/jpeg"}],"twitter_card":"summary_large_image","schema":{"@context":"https:\/\/schema.org","@graph":[{"@type":"WebPage","@id":"https:\/\/velarogverkfaeri.is\/lykillausnir\/badherbergi-lykillausnir\/studningsvorur\/product\/ridder-kollur-snuanlegur-a0050401\/","url":"https:\/\/velarogverkfaeri.is\/lykillausnir\/badherbergi-lykillausnir\/studningsvorur\/product\/ridder-kollur-snuanlegur-a0050401\/","name":"RIDDER Kollur sn\u00faanlegur - V\u00e9lar &amp; Verkf\u00e6ri","isPartOf":{"@id":"https:\/\/velarogverkfaeri.is\/en\/#website"},"primaryImageOfPage":{"@id":"https:\/\/velarogverkfaeri.is\/lykillausnir\/badherbergi-lykillausnir\/studningsvorur\/product\/ridder-kollur-snuanlegur-a0050401\/#primaryimage"},"image":{"@id":"https:\/\/velarogverkfaeri.is\/lykillausnir\/badherbergi-lykillausnir\/studningsvorur\/product\/ridder-kollur-snuanlegur-a0050401\/#primaryimage"},"thumbnailUrl":"https:\/\/velarogverkfaeri.is\/wp-content\/uploads\/2024\/04\/385b59d2-a813-417a-b96a-17ea84781b6c.jpg","datePublished":"2023-04-28T17:59:32+00:00","dateModified":"2025-12-07T18:16:36+00:00","breadcrumb":{"@id":"https:\/\/velarogverkfaeri.is\/lykillausnir\/badherbergi-lykillausnir\/studningsvorur\/product\/ridder-kollur-snuanlegur-a0050401\/#breadcrumb"},"inLanguage":"en-US","potentialAction":[{"@type":"ReadAction","target":["https:\/\/velarogverkfaeri.is\/lykillausnir\/badherbergi-lykillausnir\/studningsvorur\/product\/ridder-kollur-snuanlegur-a0050401\/"]}]},{"@type":"ImageObject","inLanguage":"en-US","@id":"https:\/\/velarogverkfaeri.is\/lykillausnir\/badherbergi-lykillausnir\/studningsvorur\/product\/ridder-kollur-snuanlegur-a0050401\/#primaryimage","url":"https:\/\/velarogverkfaeri.is\/wp-content\/uploads\/2024\/04\/385b59d2-a813-417a-b96a-17ea84781b6c.jpg","contentUrl":"https:\/\/velarogverkfaeri.is\/wp-content\/uploads\/2024\/04\/385b59d2-a813-417a-b96a-17ea84781b6c.jpg","width":546,"height":600},{"@type":"BreadcrumbList","@id":"https:\/\/velarogverkfaeri.is\/lykillausnir\/badherbergi-lykillausnir\/studningsvorur\/product\/ridder-kollur-snuanlegur-a0050401\/#breadcrumb","itemListElement":[{"@type":"ListItem","position":1,"name":"Home","item":"https:\/\/velarogverkfaeri.is\/"},{"@type":"ListItem","position":2,"name":"Vefverslun","item":"https:\/\/velarogverkfaeri.is\/vefverslun\/"},{"@type":"ListItem","position":3,"name":"RIDDER Kollur sn\u00faanlegur"}]},{"@type":"WebSite","@id":"https:\/\/velarogverkfaeri.is\/en\/#website","url":"https:\/\/velarogverkfaeri.is\/en\/","name":"V\u00e9lar & Verkf\u00e6ri","description":"Umbo\u00f0s- og heildverslun fr\u00e1 \u00e1rinu 1919","publisher":{"@id":"https:\/\/velarogverkfaeri.is\/en\/#organization"},"potentialAction":[{"@type":"SearchAction","target":{"@type":"EntryPoint","urlTemplate":"https:\/\/velarogverkfaeri.is\/en\/?s={search_term_string}"},"query-input":{"@type":"PropertyValueSpecification","valueRequired":true,"valueName":"search_term_string"}}],"inLanguage":"en-US"},{"@type":"Organization","@id":"https:\/\/velarogverkfaeri.is\/en\/#organization","name":"V\u00e9lar & Verkf\u00e6ri","url":"https:\/\/velarogverkfaeri.is\/en\/","logo":{"@type":"ImageObject","inLanguage":"en-US","@id":"https:\/\/velarogverkfaeri.is\/en\/#\/schema\/logo\/image\/","url":"https:\/\/velarogverkfaeri.is\/wp-content\/uploads\/2021\/10\/vv_logo_350x100.png","contentUrl":"https:\/\/velarogverkfaeri.is\/wp-content\/uploads\/2021\/10\/vv_logo_350x100.png","width":350,"height":100,"caption":"V\u00e9lar & Verkf\u00e6ri"},"image":{"@id":"https:\/\/velarogverkfaeri.is\/en\/#\/schema\/logo\/image\/"},"sameAs":["https:\/\/www.facebook.com\/VelarOgVerkfaeri"]}]}},"_links":{"self":[{"href":"https:\/\/velarogverkfaeri.is\/en\/wp-json\/wp\/v2\/product\/60208","targetHints":{"allow":["GET"]}}],"collection":[{"href":"https:\/\/velarogverkfaeri.is\/en\/wp-json\/wp\/v2\/product"}],"about":[{"href":"https:\/\/velarogverkfaeri.is\/en\/wp-json\/wp\/v2\/types\/product"}],"replies":[{"embeddable":true,"href":"https:\/\/velarogverkfaeri.is\/en\/wp-json\/wp\/v2\/comments?post=60208"}],"wp:featuredmedia":[{"embeddable":true,"href":"https:\/\/velarogverkfaeri.is\/en\/wp-json\/wp\/v2\/media\/60206"}],"wp:attachment":[{"href":"https:\/\/velarogverkfaeri.is\/en\/wp-json\/wp\/v2\/media?parent=60208"}],"wp:term":[{"taxonomy":"product_brand","embeddable":true,"href":"https:\/\/velarogverkfaeri.is\/en\/wp-json\/wp\/v2\/product_brand?post=60208"},{"taxonomy":"product_cat","embeddable":true,"href":"https:\/\/velarogverkfaeri.is\/en\/wp-json\/wp\/v2\/product_cat?post=60208"},{"taxonomy":"product_tag","embeddable":true,"href":"https:\/\/velarogverkfaeri.is\/en\/wp-json\/wp\/v2\/product_tag?post=60208"}],"curies":[{"name":"wp","href":"https:\/\/api.w.org\/{rel}","templated":true}]}}