{"id":60106,"date":"2024-04-27T16:42:24","date_gmt":"2024-04-27T16:42:24","guid":{"rendered":"https:\/\/velarogverkfaeri.is\/?post_type=product&#038;p=60106"},"modified":"2025-10-21T15:35:27","modified_gmt":"2025-10-21T15:35:27","slug":"usag-hoggskrufbitasett-16-stk-687-1-2-c16","status":"publish","type":"product","link":"https:\/\/velarogverkfaeri.is\/en\/verkfaeralausnir\/handverkfaeri\/skrufbitar\/product\/usag-hoggskrufbitasett-16-stk-687-1-2-c16\/","title":{"rendered":"USAG H\u00f6ggskr\u00fafbitasett 16 stk 687 1\/2 C16"},"content":{"rendered":"<p><img decoding=\"async\" src=\"data:image\/png;base64,iVBORw0KGgoAAAANSUhEUgAAAcsAAAByCAYAAAA8sPpOAAAAAXNSR0IArs4c6QAAAARnQU1BAACxjwv8YQUAAAAJcEhZcwAADsMAAA7DAcdvqGQAACIpSURBVHhe7Z3fa1zJlcdPMtmwZH5w1xainY2XRrQMZhXRCpIf1sIwYNZ2JNgH+8kYDGu9rf8EkQxYf8AM8tMiwYA1xgse2AxtJA9mJxg5CWNhCcXswEjriPFg9Tqyth\/CJIQQ7Tn1496qe+v2va0fluz5fpge9\/1RVadO\/Th1qqpV3\/nLX7e2qAPe+I75AgAAAHxL+K75FwAAAAA5wFgCAAAABcBYAgAAAAXAWAIAAAAFwFgCAAAABcBYAgAAAAXAWAIAAAAFwFgCAAAABcBYAgAAAAXAWAIAAAAFwFgCAAAABcBYAgAAAAXAWAIAAAAFwFgCAAAABcBYAgAAAAXAWAIAAAAFwFgCAAAABbzxs5+\/9575Xorvfsd82S6LMzQxvUzvnOqnirllad69Tu\/PbdKxEzV6i5ZoZmKKPvn6HTr14\/SbKdbn6PoHc7TZe4Jqb5t7L4GlmxM09Yuvgnnx4bzcbFJ\/UT72A1Uen9DyH4\/Ridpb5qZGlcetT+n+\/fvOJ5tfrYfknVBcB59sfWvenaH5N\/uTOvWy6plK5xZ9XqhHLfPy26eo\/4i51SlS\/h8\/M21uu3TQVveRTHkC0AEH17Nc50\/E\/x0+qI2vyR8RsKvAUDKLj2nNfD1oLH2xRlEUUWtlSeUoQzRIY+PjNG4+Y0MtakzMcPeoEYPa2HTfGaXo4b34+StDpr41aWmlZb7vD1H3wTU8Hge+rQr7X57g1ebgGssjdbp0dZyunjmoDbBC9YtXafzq2UJj2Xx+QBspezDzTyKqnR+mamuB7i2a+22o9Ne4X1yjx+pd3QFFvXVHB1xu45f4\/68YmfrWpI39KrYjZ+kqDzwuDZjrg86Bb6vCPpYneC34zl\/+urVlvpfixe+f0+zsLD19+pSOHj1K586do+7ubvO0BDLtc4doNNChipcytVKjMWWAmjR3fYo2Tiadhkz3NZ7o7zHi+Zwnuj29SrWhiBYeWh+uGkxD4pg\/PEq1lQYtSOPpGaXxi\/KWTCU1Yg8wGhpLGr+SOfENqyNaJiXvi2ETPi2fTp\/SMuekl9wPyMh48jChtFRomcKbXiDbL1hZQ7jyp\/Mi+OVhUPGzrq9cpbNHrBxhXadR8T20kkU0aOLI06+Qm8925WXIyq\/DtDJlK\/XxNDVtfav4OoxlJZP3EvWMU1f1Nym\/Qfa4V6nLjcfmn\/FlFTnn9bvmeVgPOj8U68umGZIpp75J\/h90ZXQUvyftK37m5yl55rdVW5dGqZHI7NTvdB21ZOpqoF6cfi51KErlz9FDquxUvehfCpen6Da3vZgyGKnR6h39XMXVfS+RydMNeO0RY9nJ58MPP9y6du1a\/JHrjnh0g8Pd2Fo0ly7rc5Nb1yZnt9b11dbs5LWtG4\/UhQ4XP2Pc62ezW5Miz0c2Vh02uU5Y\/EjkntyafWZuKBa3bnD4yTkbu5u2fhbLwSw+0vEqeW0amXwt8nv6m\/eeQeRI4vTzmpFRxZ1cq+euLjitWZHd6CGJV2RP59WS0q8K67\/rl4dGpe3mxerefBId+qi4PP1w+nNyJTI691V85jpXp+3KyyWVfxWfrzvJj44nHUdAd53WMycdnX8TX6Gu\/bRzy9voQcucL4t9zyubR7M6frcdBd5z087Uh2dcHkpGX3c6r+m65cuZ6Dl9bXHzptHtTr\/vyqjSU\/kOPOMw+srXqcKTS3Df0emndZNcZ9MCrzcdT8OKR+mSvi7HGjUmJmgi9Um8jizFU5k8WnzXjjUrVO+NiDabPOYN0DMcj9gVsqbIo8QLsWdSobMnq7T2RbLy1nqexFQf8MfsCS1qyvqNos7vma8B6hfdUXSFKof8NDwZB\/rYl2jRhnq8RI95tF496Y5o63SWZW8ur1KLR\/BJvHU6PUS0uhzQwuI95YH02XePnKXhnlb23dYCTTllpNYnHe\/TThmOX2HPiS9bD6do4vpcSu9munbotOMNsI7PyFVq2vZIheNx9RjQaYny0lSoK0ryJOuz1ZFRqrY2jHyiy4hq\/Z34BmXqmY538HxSRnr6ejvkl7fL0k32+A453puLWjOv0rAbZuCs3waEjF45pXe5XFurtGTLINYdc4TLIx2HheM5HdetOtU487p+dzYdmm13uqyTNfYlusf9RvV4ku\/WiyRMhcP4mkoo014SvUtd4mzFSw6mzTppgdebjo2lTL26pK\/LIdNEyaaRZPNIfndSOXOVxnpXk477TsvrjHaCMsQpo6CmWlQnKJ35GNVW2AioZ8nmFo+BS2wwarQ6bcLfLN7iIlNrNj1vqrYd6002HxF1BTLefMH5eNKI45SPDEBCDVoMR3rQIjJkNvrIVJNbTjLlze\/OpNc3XaPpdq4K3UHmb1iRKS8rhzMFmKPT9uXloo2ZzpMYHRkc1Kmvx6y5KuNQy+\/wt4sqo12iTXlb1u5I2blG3Efpq8RGtOCA1AxeZKAmbXB8hOI6c\/3udgyFtKdRIpZZl5028t70q6JNu5PBo11jNwZeG2Y2pFfH1fSvDnOd5rx66NNJewGgY2Mpa5TWQNo1y5fC+hzdljWduONO1nN2SqVbhowpoyCfeD1CN0K5p3aDZjwngzUY3MgHNxttOhNZ45F1ybE4rdEe86gIp\/NKUznM+ZC1IRNn\/El7G6xL2dgzeCX1HndihRt9lAfKHXTGizMo+dLoUbnnOVtkzUitzzkymEeKgE6LyytBeXTiDUmn2tPHXTB3w8e1F6p2Anubkw4gbcrbIutsY+wRLUyHB3JKX65HmIN6L03aWMsARulbdj1PZQdNJVi6qdcX43ILecOKvHYnHmBEaw9maOYB+8ye181PL5p4R6JcnQil2wsATMfGUjbzXL58WVUq+bejzT07QaZyKOVNFIwcS+OOVGPYS1Fxs0+ymOpmDlWyHew6d74pWfI9KfG03Ok\/PdVWDvGM2Fg9cAz2IncaLLsyDE\/mfZ1wZ5fuJNX0U9CjMnHnGUJBGVruoNW0l3iEfhk0784HvDXj4bk\/KeF4ZmQw0dzwZVFThoY8nbYtrxRqCpA9aPY846k6Cc96mt\/sdAq2JCrNFi18luhx6TNng0nGALb7WUN+ebuI1zfKHnNwIKem8ddo3hm8Ld0MGBGj19vueyK3LZ9FLg9929De481DDVZiz9J8MjMx7dtd5Yzs4F7jXDnTvcwSy+jRxqMu214AEL5n\/j3wyJqM7LYbdxuG7BDkDunsu+bGtpEpH9JTgXfMLe4IoqFhusrfHj9ocGer7+op5OzIs9l8TPN3+D1zrUasRlbVKKdluoefikfEHtDpoXmamp5g8y9UaZBHynndZZr6xTG1c3NqQoeW8NUR7iTEC7siu\/s4H+YJRRFVey\/QJbsOJR76Q1k\/DHtU0pE1OB8zizx6lxvceSbpaOIdg9xh9\/HovRHngzH5S8etOvMXXF6sY60jlmuoQs2B0zT4wMlLzyANsqER8nXaprzYUPloQ73wMErWZ5UB4ng3B7URCGLeMXlTec7rdTOIRzRKG1zeqsyZquyGfbKqviv5Rx6z7FZ+9vKH2J9eUQ8z5JZ3CvGoZPf11MRqsttTweldaXK9mKKJh+ZWD9fjlMFV7ym9Ou855bn0nAcYnB9bHrI79FKu\/nKQmQTZfTt+Kakjcm9ajFY9kZmNVvt2p8undditx0vUfDDPOo0lZD3YdALlOdCuvZhrAAwd\/3TkjZ3+BZ9tobemr\/a6Pw\/wt6sDcKBRBsH\/uci3kvinOs6mrszPV0qg9LlBw5mfyACwN7wixlJI\/f6LSX4TBcABB8Yyxv+9LZMzG5GP7gu838sCsMe8QsYSAAAA2B8O7p+7AwAAAA4IMJYAAABAATCWAAAAQAEwlgAAAEABMJYAAABAATCWAAAAQAEwlgAAAEABMJYAAABAATCWAAAAQAEwlgAAAEABMJYAAABAAW\/87OfvvWe+l+K7O\/nbsHK6wPQndP\/+\/eBn+Y\/H6MSb83T9gzna7D1BtbdNuG0gf6z5\/Vuf0zc7ikf+YPMUffL1O3Tqx6E\/2KyfL799ivo7\/OPYzbszNP9m\/47yWAr5A94f3KLPRbe1t8zN7SPnIDZ\/3N\/BH71OoeSx5Vuk3\/aoMp7bpGMnapTO2U70K0e\/Tf12ezKVZcd63A6e7s09Ydt1JL\/+6\/b3Jb1zyubRlHXc3peDbVPp\/hfhZxo5beh9uvWp23e0e79TdPy\/+RuTJ+mzPn4WrGMvi3b1XNA6+8rR9U7gcrrZpP6Sdb9ItteJl+tZxqesy0efiC8nh9h7u3+CQESVnZzwIIfCyqH8h3dbrnaH\/e4N+QdRd0Inh1SX4DXSb2fssh53id2pIyHEAOlTQuL2PxJ5h2NrRC8RRVGLVpcDRzCL4WKDK0f1xfHI50qNVqd36SD4Vw7RkzSi\/EOuO8I9fB14vLbTsHLY8PhOz7o7UqdLV\/fCiDdp42X15XIgNHcou3KU2Xqz9AHVpXgd9LsddluPO2U360iI9SVabUVU63fKWQbOF\/3W2bw7T2tRjS6crFLr4T02nS7s8dxZUwdOZ+qLkv\/bevRZheoXua\/r6IizfJrPD3LD2V86PqLrxe+f0+zsLD19+pSOHj1K586do+7ubvO0E2RapkGUPpPSnvs3JKfb2zGOnJKeGD5x\/ZPz8PxnMakDZWWqYv7wKNVWGrRggroNT5434tG+jTN7wLT3Xk+Vqk9YRicPhbKp\/C04naWc5s4NneT+Bg2PEDW4U4jvNzkf6lqjz\/DUci0cGvU7HMlz+mBdped56rLnKKbSD3Y+Kp5UmuTfs3mTk\/kb5MqRLlcjq9U564yetMy5jln9puXzziz1nkVU7SFa26z5ZyHm6TeQd+pJ6c+gypjzNMr\/t2Xt60nn0WojqEMmWKdSuo3v8ze\/7vh5z9RfK3s7fbXVvb6n8etIJi0mnMecNszovEQmb0ZfOfrWuHUhUC+Cdbs9SoYXw0k5Oudm+mXj1JF0m0\/1I4IX1omzXXoJft1J6qBfVpl4V2o02rtKDVs\/HF3adPW1KcsR9rbvJG0lyR+TU2d8nTCh8mrXBtWzQB92JJxnm69ER\/o975xSr9z9eNL9d7Z9VHJ1ui3EWHby+fDDD7euXbsWf+R6eyxu3eDwNx6ZS8uz2a1JifujRXNjfWt2Mrlen5vkdG9waMOjG1vXJmf5rRSp+4sfibyTW7PPzA15bq\/VdydO\/rao5NJpWxmDaTt5KC0bv3HDlUXI5FuQ95z41DvmWn134\/BlTXDT0u9MziUSrT9aTMmXLZdFfkfhpm9Qes3InIRXzx0daB358sRpGR0kabuy63gT2U296FC\/SdwmvCe7RteVPLnCciTxGnLrFBPQY6bupOTN1F+hrb5MmFzduwTCue+5bcVD6yKTdyadH32t9RqMK6UT9X5a9mBZ52PTTMuX1oufv1R5ptpwUKde3xTWhyZdd5hHsypdCevel3TstY03ee7H48pgn+XKXFBn\/LjSpOVPtUETdzq8pJ+k5+rXT1uXQ1Z2nV44bRuvymOqXqm8OHFtPeM26DzvlI6nYcWjdElf7w48InnXjmgqVO+NiDabPPbSa1HVEWd0OXCaBmmVlsqsV\/QMJ6OrgT4e07doI14aaVEzjqNO9dRIWUZ+2bQlDssOZVO4+RbqdMkdSR+p8BtGziNnabjHWdtZvMcjqCr1ZeTO0nqRrAdVBurBkVbrefJOnd\/ZHnoNavB8Mpqr9Nc4D2Gay6vU4hFh4qXU6fQQ6TzKWgqPDC\/E3o2pFyXJxl2hsyfF03rMUgZw31W65hH0F\/xmQA6JRz3LUFSnLIG646Zpcesv01ZfHeo+Q9u20jl6WWScxoZEghYtTE\/Q9btJhEufsbfS0xfnv3JmmKqtorYj3tgETUzIJ2fNksvqtKf3rF5UO81bJ\/UI6FTkdOtQJj0HtR5YpWHXQx84q\/Qs+nE998phbulOO5V4kzon5czPV5ZYA2GqJxMZ68e5nrc21Lvt60wBpdpgug\/jFC66Mw8Vqhyy\/UuFuhy9L33B2hkZ5XLXslp9q+n7Mu0u1T4UcVzMEW6D6ecd0LGxlKlXl\/T13qLXotbu2AYiH3Gzd9aQ1fqJ2iRg4rwZ6viK1sH2SDauMDNxfM5UBiONoGXWdqSiRUOnk842CFewq+NqmkjHF+pgxECPUW1lyrwzk3QEndLh2lzzBb\/9xMqmPzItKZ3GTtdSVNxpKl3J4KMkSo7WAk05MqppVTWYcyhVpyzhuiUdZiZeh3b6OnDrogbXaCadvXSK\/I+XF6nrSUda6WZduB2fQtdnu1mwFEG9mA7cNU4hVFht6NNylqlDqu602Ygj05I2Xnc6fjdpW2cK2EkblGlSm14y1auNra4HUgdksF+nvp41erzIj5WBrCkDV7rdOai6JlPC5n13cLYdvmf+LY2sUabXLF8eMhLhf9y1jN1CbRI4y1\/02sH1uxUe6elH5dgD2dQawCrVrnCcakSk1yNiZET8YIrmb85wA+AR68W8ZugjIz1lVGU9YHqGKpl1IN0JKW3IusL1OarsZK6\/JMo4kF178ZHNHztBxf3CXFiaG9zNldkxzQ1yk\/u5Xu5UpdPmBlxq7SNYp0KhdN3ZMFcW1bEd4jTlu77l0U5fUnf2Hi33qvESXJTsPNLPG7wpPa7o73pjT2A9Sa1X8WDwDNdP8W7vNGieO7x6UIclUbMzq+bCkpRvW1RY9nQya76a5rL5koPK80Nt8NMpqfVCHsaOj2uN6XVI9TVIUd3Io22d2RN03Vc7mE3\/pNYX1TeWR2Y7RCeLG7TW00eX5CY7AQ32GJd4GBL1nta6Kmh3uTqQQavqj6XvnKKZ7u33zx17lrKZ5\/Lly2p0KP9ub3PPdtEjkbUHc55ymjzi2xHrXDCpkWF2G72MeNhzdNJWjdx83xPZpDM3IyuFmsZx0VMRLdlkVOhVapYWUx5OZqTLY7zFlMymUYbIeD+ujEfqVIt4JO78REBNt5nvaVTDeTLve7usP4lbPeOR5T0ZcSqW6F4Ho28dd4Nm4vDciB+wpM7Un4eXJ5niNtNB0ml7cgj8btqzKFWnLKbu3HG8eDZ28zwCrx7PL9V2+upU99vD1L+H3Am5+mAj15DpSjsdJ0aPB1xJrdK6j3plCUBPQevvKdT0r\/EyuJQujei0Mh6C8vjKIu2Y9fKxI49bvm0xYVM\/eSndxk1+xOBb5Pe24leJsU7KWuvEw\/WqS9SNPNrWmQK21wZl1sTVrZlFsKh6uqY2BMX5ET2xjPObTriy7c6F+zq\/pCLqKiriNnTsWe434lqPEY+62K22RFGVaucvBUd7ZWg2H9M8j1ob5lrtpAqMPuoXx6jJo6SpiQV1HQ2N0mDUiD2C8rJJo+P0pidIYlK70UKFaDxHmx71DKq1FQ+pRHda1FXY0AVulg\/mebRuc8od2pVLfifFDefxA5btjrnm5j1qRru6Yk+paY2GCssj7DMXaHAlLeOa0Yl4qKO0MSHTPjpNtSbBDSGIeGJXxJueoFiDUUTV3gt06Qw\/G9lg2WX6RR6wXNx5rj1Qb6UI6HdA4iYdt82blHPOCDs6tEG3OZ9W2xKHLkOZpiY9NR7riP2NoWG6yvqxtK1TQT0mdceG8Xe2Bmirrw51v11k5F4xMnh15iprSrNEfTR6qJHUEcbuZBQPSgzVYLD+mnKUQQSnU1degvZUJh6aVwxJ+RQjMyuyizuRx5RBifA2rNWpELFXPFxq5oXrzpUm68qRv4d1tagHHUndZnmGqv5MCA\/UHzt1Q\/S3LQ+poM4ogzht6kza25ewpdugRdZE52nKtEUJMyhT8Oq7oAeKCw8jZ7+FKffNQUrWGMu1O5el52xwOR+ezkrWkRAd\/3TkjZ38BR+w6+jpmpc5rQIAAN8+Xts\/SvCtYHGGpniEmt59BgAAYHeBZwkAAAAUAM8SAAAAKADGEgAAACgAxhIAAAAoAMYSAAAAKADGEgAAACgAxhIAAAAoAMYSAAAAKADGEgAAACgAxhIAAAAoAMYSAAAAKADGEgAAACjg5f9tWHWgq38qoyJ0+OtusD5HM8t1dfxMZ8hhoQ1aa3OM04FBdPqga8f6k7P16GJyELQ60UT+UHvJ44ss6XhePXTZU9ERWSmUvlZCB9Tq+FrmWCpFqh1kjuNSB3+nzp8M1UUVTytYRrr8bAzpY6j0UVcL8eM27c\/Kmkrfj9\/PgzrM2D23MCYlRyCfhUeTAbAfiLHs5LNjHt3Yunbtxtaiudxr1ucmtybn1s1VBzxb3LoxeW17YV82otPJ2a2dScr5TZWL6K7zssrG8+ohebi2deORuSyJ0lewHHR8cV16Nrs1eW1ya\/aZvgymJ2X6UXst6vK5xh83Lk1GllSaix9xOCf+0rIbMnUjk6cs6TSUDJkwOr2ivAPwsnntp2GbL7yxeXmOsDd6dTzxBF53AqfNy2HW4+MdeogdnVr\/7WTpswWioQuOlycH5Ea09iA5vb\/5vEXR4fy6J57b1MOIRsdHqWruJeiT9qsn\/YN7h3tatLrMKaiT9qs06niJlTPDwZPo567r2ZV0O5B2FQ2dTuqGOtC6RRu5R+7rU\/VjmdhbbTwJHbosh\/zKIdUNun63zPn9ALwc3vjZz997z3wvxcbvn9Pt27ep0WjQ7373O\/rhD39Ib775pnlaguYy3V8hOnaqPzzlI9MyH\/yGvv\/2Mk1Nf0L379+nr94+Rd3L1+n9W5+q6\/tfv0OnfqxDS6dx+9kx+v7n79PUL\/gZP1\/+4zE6UfsDN\/T36ZfrRH969sjcP0ybc\/9Ot1aT8AqZZppepnc8maSjeJ9+8zenqJ8bs0w5vf\/59+md307F6WTleIfjn6Jbn7pyvKWeS2cxMzFFn0i41LNM3Mvf0LETNbIhY530PqPbH9yiT1UcXyXyik6f\/oB+YsOo\/GjdyUf0J3lQhJ41+d5\/\/Df9ic3cl27c8u7HzxxZ\/Dy4+VfI+4F4KC9\/QTl1Gvc93RkdzW1yuD\/QfwaeW5QRseXj6kjp0OqOPynZvXBf\/5mi\/2OTfyzRm\/c8XT6GP\/zP5\/Ro81BSDjFNWr7\/Jf3p73\/CMq\/SvV98SX878NOkTJi33tyk5V+v0p97T1DtbaLVzz+lr34g72fzKPFR10\/ppyOSN4n7K\/rBT3Q4zSr95tMvPfmF5m9ZxxznP\/zvPP3qmx\/RKU\/OCv316\/v0+Uail+bdD9mgVWj03\/7ZaReayl++ok9\/+cTR7zzN\/fob+tEpV46E5t3b9F\/f9NGFf9FpLn32CX35d6fpX\/8pHbNQoe4\/LtOvVv4c1DMA+0HHnuXs7Cw9ffpUfZd\/5Xr3WaPGF33s1YzT+JVBat3hjurFsL42o84ZZwTcejhFj4\/LM\/0+PbxNc+sVOsue4WgP8Qh4TD27euYf6ez5QYqecMNmI6pho\/hgjaojJTwoTtdNJ8rIMU903jwfqfK1yCFPkjUrnYcxqq1MeWG9uINrR6yTj4kuqPCSL76+uWSeuXBad4g9DhOX0t8M37XPJK\/mGX\/65MnAJZ0f9lF0uJAu0nngz3HWXaxHpl08mfzlycmehdLdPZHMIF4J0eB5Dmc819aLrNchBq2xOUhjNs7xPu6ktScl62JRnO8xGtxs0ITRnxjihnhaNtxx0XZCOt6x3lWaCuq+LBF1hWxETJOam7peT0xM6I+XXoUqjhHMUqc+rveup6o9OU652yR8iOPQ38Kwzm6r9UiuZyEZVFl30bx9Nr1Bw+N5a9spr9Lkr53nXOmOWAEbifwA7DMdG0trKC3p63I4DVB9bGduiZLT\/49U+Iqoetx2uxXqknb03GlGPaPJhgAzHaSmm0K401HC4j1aaFWpr8yGgmiQTnvppOUYTjqLgT42GWZaavExrXHYC\/FUFhvyk1Va+8LJtRt3ENaJGAtzVT9eZQP0OKU3QaaxHCOl9NeipmPUXJnrA1mzGETywDkadqfjBs7mdI4BMvlrI+fAaRqM1uixGUw0786z\/mpUl7S4\/K6K0cpsulqix2wMvKlHjv0sy9tcXqWWW0eM\/rX+zJSlO1hSZWeReH3dqynLoO53Cz3Q04ZdPr5xL0P9IoehBZqybUw26BTWsQSZKmatJAOI1NSoDDAmnMGbNZzeANCgy6982gAcRDo2lkePHjXfNOnrcriNUD4hT2a78Ij5EBuEgOdhEUNjPZelL9b8tZc9QNafqOV0XLbz2uQRtnmnYypdGSOYIF6gTavheElioLRXGx6k5KPyEHU5hmg3yJOzQvVeu4YXWH8LoTzOsMcWXLeO9dekjcDjGBVvixamrZxW1jzdl6Hd2l4I17iXxTG4ytv3DX77uqc9P3+2Ra+rtlbU8CLlKTI8iLkg667uAFAReJe\/FbXRvalvAGyfjo3luXPnYgMp\/8r1waJ4isd6LvM3Z9RGB89b2gPUlBKPrJPpQfPZyU89mhvc5UbZ6TiZcpyYp64rNp30BpCkEx0balHjujNV14ZdnxYrkDPecHKTPX\/2kQq9EuOZhoxQ5bDMTaTI018aFa9sRLFy2k92yjFXR8aQ1\/qltPUUqTcjwSjv13rPuwoPSKb9DUWV\/hpFGTmNZ65mcAoGEO1IGeE8r1LPjLjLIS7awEa9dRhLcGDo2Fh2d3fT5cuXVYch\/8r1vuM2UDWtajumPPRIvfWEfZk99ioVMq0X2GnYmWfiGgK9zko9fVnZxQi4na6aPrWwT7Dod5GFa1cWNTXJAwxnh6L8nrK8p5OirZyC2SHKZeR7Jdobze6UDK\/TybSgMg7e+rKrv2w41cGb7zpe9iw\/83MqHmkGMwjzByCc1scL1HKm6Ovv2nV1fW2NQ5JPzqM35crXd7Y3A7J0k71gNlbJEgCjliL8NW\/fqGV35\/oyBnRt1jjTZZX1Kg0Dl3iwRuyxX08ZTCnfgMwA7DMH748SqM0Yq1SLt5TrxpP8QJw7n+tTtNqrf+CtN1\/w2L8lk2WCeAHOqN9Nz\/tRtcQrnk3epgSdzsZJna6s0fg\/OA\/IQen4XblNJ6CeCSzz0DCHrQfiTmF0wpkkzqbGzYvkMf6jBFqu+MfmPYM0uMlhz3M+RYaPWYbYa5DpcDvV5oYzOpRdsu4fO1ByOD8g7+Hwxzm85zVk46kvh\/LXRk5bHio92TjiTAdaGbyytKTi5PxVR\/pY\/\/xeRnY3vB8uGhql2kojLntBla\/zI\/uI6+sw5yctgZB51\/1jBJZUO3B\/iN+8O0f3XizwQEFfC6X+aIFX922e3DJ2SenKtj9zKah6ycbOkpahfT5N\/JSN1yOYjzyZAdg\/Xr6x3GWyRqocqiOQHbYdhtsXVIfiDiC+HUjZzh8OGBrwWqONtPyGFAYTHBw6noZ9LeBRvfozbnbHLThwSIcpP+fY6\/VkcPCQP4ahfhoVnG4HYH945T1LAAAAYK\/5dnqWAAAAQAfAWAIAAAAFwFgCAAAABcBYAgAAAAXAWAIAAAAFwFgCAAAABcBYAgAAAAXAWAIAAAAFwFgCAAAABcBYAgAAAAXAWAIAAAAFwFgCAAAABcBYAgAAAAXAWAIAAAAFwFgCAAAABcBYAgAAAAXAWAIAAAAFwFgCAAAABcBYAgAAAAXAWAIAAAAFwFgCAAAABcBYAgAAAAXAWAIAAAAFwFgCAAAABcBYAgAAAAXAWAIAAAAFwFgCAAAABcBYAgAAAAXAWAIAAAAFwFgCAAAABcBYAgAAAAXAWAIAAAAFwFgCAAAABcBYAgAAAAXAWAIAAABtIfp\/tEIHAiDhHbYAAAAASUVORK5CYII=\" alt=\"\"><\/p>","protected":false},"excerpt":{"rendered":"<p>Tegund:&nbsp;U06870100<\/p>","protected":false},"featured_media":65844,"comment_status":"closed","ping_status":"closed","template":"","meta":[],"product_brand":[],"product_cat":[588,778,515],"product_tag":[1093],"class_list":{"0":"post-60106","1":"product","2":"type-product","3":"status-publish","4":"has-post-thumbnail","6":"product_cat-handverkfaeri","7":"product_cat-skrufbitar","8":"product_cat-verkfaeralausnir","9":"product_tag-bitasett","11":"first","12":"instock","13":"taxable","14":"shipping-taxable","15":"purchasable","16":"product-type-simple"},"yoast_head":"<!-- This site is optimized with the Yoast SEO plugin v27.3 - https:\/\/yoast.com\/product\/yoast-seo-wordpress\/ -->\n<title>USAG H\u00f6ggskr\u00fafbitasett 16 stk 687 1\/2 C16 - V\u00e9lar &amp; Verkf\u00e6ri<\/title>\n<meta name=\"robots\" content=\"index, follow, max-snippet:-1, max-image-preview:large, max-video-preview:-1\" \/>\n<link rel=\"canonical\" href=\"https:\/\/velarogverkfaeri.is\/en\/verkfaeralausnir\/handverkfaeri\/skrufbitar\/product\/usag-hoggskrufbitasett-16-stk-687-1-2-c16\/\" \/>\n<meta property=\"og:locale\" content=\"en_US\" \/>\n<meta property=\"og:type\" content=\"article\" \/>\n<meta property=\"og:title\" content=\"USAG H\u00f6ggskr\u00fafbitasett 16 stk 687 1\/2 C16 - V\u00e9lar &amp; Verkf\u00e6ri\" \/>\n<meta property=\"og:description\" content=\"Tegund:&nbsp;U06870100\" \/>\n<meta property=\"og:url\" content=\"https:\/\/velarogverkfaeri.is\/en\/verkfaeralausnir\/handverkfaeri\/skrufbitar\/product\/usag-hoggskrufbitasett-16-stk-687-1-2-c16\/\" \/>\n<meta property=\"og:site_name\" content=\"V\u00e9lar &amp; Verkf\u00e6ri\" \/>\n<meta property=\"article:publisher\" content=\"https:\/\/www.facebook.com\/VelarOgVerkfaeri\" \/>\n<meta property=\"article:modified_time\" content=\"2025-10-21T15:35:27+00:00\" \/>\n<meta property=\"og:image\" content=\"https:\/\/velarogverkfaeri.is\/wp-content\/uploads\/2024\/09\/6a4f2e73-33dd-4447-b0ee-9db56f154d3d.png\" \/>\n\t<meta property=\"og:image:width\" content=\"864\" \/>\n\t<meta property=\"og:image:height\" content=\"863\" \/>\n\t<meta property=\"og:image:type\" content=\"image\/png\" \/>\n<meta name=\"twitter:card\" content=\"summary_large_image\" \/>\n<script type=\"application\/ld+json\" class=\"yoast-schema-graph\">{\"@context\":\"https:\\\/\\\/schema.org\",\"@graph\":[{\"@type\":\"WebPage\",\"@id\":\"https:\\\/\\\/velarogverkfaeri.is\\\/verkfaeralausnir\\\/handverkfaeri\\\/skrufbitar\\\/product\\\/usag-hoggskrufbitasett-16-stk-687-1-2-c16\\\/\",\"url\":\"https:\\\/\\\/velarogverkfaeri.is\\\/verkfaeralausnir\\\/handverkfaeri\\\/skrufbitar\\\/product\\\/usag-hoggskrufbitasett-16-stk-687-1-2-c16\\\/\",\"name\":\"USAG H\u00f6ggskr\u00fafbitasett 16 stk 687 1\\\/2 C16 - V\u00e9lar &amp; Verkf\u00e6ri\",\"isPartOf\":{\"@id\":\"https:\\\/\\\/velarogverkfaeri.is\\\/en\\\/#website\"},\"primaryImageOfPage\":{\"@id\":\"https:\\\/\\\/velarogverkfaeri.is\\\/verkfaeralausnir\\\/handverkfaeri\\\/skrufbitar\\\/product\\\/usag-hoggskrufbitasett-16-stk-687-1-2-c16\\\/#primaryimage\"},\"image\":{\"@id\":\"https:\\\/\\\/velarogverkfaeri.is\\\/verkfaeralausnir\\\/handverkfaeri\\\/skrufbitar\\\/product\\\/usag-hoggskrufbitasett-16-stk-687-1-2-c16\\\/#primaryimage\"},\"thumbnailUrl\":\"https:\\\/\\\/velarogverkfaeri.is\\\/wp-content\\\/uploads\\\/2024\\\/09\\\/6a4f2e73-33dd-4447-b0ee-9db56f154d3d.png\",\"datePublished\":\"2024-04-27T16:42:24+00:00\",\"dateModified\":\"2025-10-21T15:35:27+00:00\",\"breadcrumb\":{\"@id\":\"https:\\\/\\\/velarogverkfaeri.is\\\/verkfaeralausnir\\\/handverkfaeri\\\/skrufbitar\\\/product\\\/usag-hoggskrufbitasett-16-stk-687-1-2-c16\\\/#breadcrumb\"},\"inLanguage\":\"en-US\",\"potentialAction\":[{\"@type\":\"ReadAction\",\"target\":[\"https:\\\/\\\/velarogverkfaeri.is\\\/verkfaeralausnir\\\/handverkfaeri\\\/skrufbitar\\\/product\\\/usag-hoggskrufbitasett-16-stk-687-1-2-c16\\\/\"]}]},{\"@type\":\"ImageObject\",\"inLanguage\":\"en-US\",\"@id\":\"https:\\\/\\\/velarogverkfaeri.is\\\/verkfaeralausnir\\\/handverkfaeri\\\/skrufbitar\\\/product\\\/usag-hoggskrufbitasett-16-stk-687-1-2-c16\\\/#primaryimage\",\"url\":\"https:\\\/\\\/velarogverkfaeri.is\\\/wp-content\\\/uploads\\\/2024\\\/09\\\/6a4f2e73-33dd-4447-b0ee-9db56f154d3d.png\",\"contentUrl\":\"https:\\\/\\\/velarogverkfaeri.is\\\/wp-content\\\/uploads\\\/2024\\\/09\\\/6a4f2e73-33dd-4447-b0ee-9db56f154d3d.png\",\"width\":864,\"height\":863},{\"@type\":\"BreadcrumbList\",\"@id\":\"https:\\\/\\\/velarogverkfaeri.is\\\/verkfaeralausnir\\\/handverkfaeri\\\/skrufbitar\\\/product\\\/usag-hoggskrufbitasett-16-stk-687-1-2-c16\\\/#breadcrumb\",\"itemListElement\":[{\"@type\":\"ListItem\",\"position\":1,\"name\":\"Home\",\"item\":\"https:\\\/\\\/velarogverkfaeri.is\\\/\"},{\"@type\":\"ListItem\",\"position\":2,\"name\":\"Vefverslun\",\"item\":\"https:\\\/\\\/velarogverkfaeri.is\\\/vefverslun\\\/\"},{\"@type\":\"ListItem\",\"position\":3,\"name\":\"USAG H\u00f6ggskr\u00fafbitasett 16 stk 687 1\\\/2 C16\"}]},{\"@type\":\"WebSite\",\"@id\":\"https:\\\/\\\/velarogverkfaeri.is\\\/en\\\/#website\",\"url\":\"https:\\\/\\\/velarogverkfaeri.is\\\/en\\\/\",\"name\":\"V\u00e9lar & Verkf\u00e6ri\",\"description\":\"Umbo\u00f0s- og heildverslun fr\u00e1 \u00e1rinu 1919\",\"publisher\":{\"@id\":\"https:\\\/\\\/velarogverkfaeri.is\\\/en\\\/#organization\"},\"potentialAction\":[{\"@type\":\"SearchAction\",\"target\":{\"@type\":\"EntryPoint\",\"urlTemplate\":\"https:\\\/\\\/velarogverkfaeri.is\\\/en\\\/?s={search_term_string}\"},\"query-input\":{\"@type\":\"PropertyValueSpecification\",\"valueRequired\":true,\"valueName\":\"search_term_string\"}}],\"inLanguage\":\"en-US\"},{\"@type\":\"Organization\",\"@id\":\"https:\\\/\\\/velarogverkfaeri.is\\\/en\\\/#organization\",\"name\":\"V\u00e9lar & Verkf\u00e6ri\",\"url\":\"https:\\\/\\\/velarogverkfaeri.is\\\/en\\\/\",\"logo\":{\"@type\":\"ImageObject\",\"inLanguage\":\"en-US\",\"@id\":\"https:\\\/\\\/velarogverkfaeri.is\\\/en\\\/#\\\/schema\\\/logo\\\/image\\\/\",\"url\":\"https:\\\/\\\/velarogverkfaeri.is\\\/wp-content\\\/uploads\\\/2021\\\/10\\\/vv_logo_350x100.png\",\"contentUrl\":\"https:\\\/\\\/velarogverkfaeri.is\\\/wp-content\\\/uploads\\\/2021\\\/10\\\/vv_logo_350x100.png\",\"width\":350,\"height\":100,\"caption\":\"V\u00e9lar & Verkf\u00e6ri\"},\"image\":{\"@id\":\"https:\\\/\\\/velarogverkfaeri.is\\\/en\\\/#\\\/schema\\\/logo\\\/image\\\/\"},\"sameAs\":[\"https:\\\/\\\/www.facebook.com\\\/VelarOgVerkfaeri\"]}]}<\/script>\n<!-- \/ Yoast SEO plugin. -->","yoast_head_json":{"title":"USAG H\u00f6ggskr\u00fafbitasett 16 stk 687 1\/2 C16 - V\u00e9lar &amp; Verkf\u00e6ri","robots":{"index":"index","follow":"follow","max-snippet":"max-snippet:-1","max-image-preview":"max-image-preview:large","max-video-preview":"max-video-preview:-1"},"canonical":"https:\/\/velarogverkfaeri.is\/en\/verkfaeralausnir\/handverkfaeri\/skrufbitar\/product\/usag-hoggskrufbitasett-16-stk-687-1-2-c16\/","og_locale":"en_US","og_type":"article","og_title":"USAG H\u00f6ggskr\u00fafbitasett 16 stk 687 1\/2 C16 - V\u00e9lar &amp; Verkf\u00e6ri","og_description":"Tegund:&nbsp;U06870100","og_url":"https:\/\/velarogverkfaeri.is\/en\/verkfaeralausnir\/handverkfaeri\/skrufbitar\/product\/usag-hoggskrufbitasett-16-stk-687-1-2-c16\/","og_site_name":"V\u00e9lar &amp; Verkf\u00e6ri","article_publisher":"https:\/\/www.facebook.com\/VelarOgVerkfaeri","article_modified_time":"2025-10-21T15:35:27+00:00","og_image":[{"width":864,"height":863,"url":"https:\/\/velarogverkfaeri.is\/wp-content\/uploads\/2024\/09\/6a4f2e73-33dd-4447-b0ee-9db56f154d3d.png","type":"image\/png"}],"twitter_card":"summary_large_image","schema":{"@context":"https:\/\/schema.org","@graph":[{"@type":"WebPage","@id":"https:\/\/velarogverkfaeri.is\/verkfaeralausnir\/handverkfaeri\/skrufbitar\/product\/usag-hoggskrufbitasett-16-stk-687-1-2-c16\/","url":"https:\/\/velarogverkfaeri.is\/verkfaeralausnir\/handverkfaeri\/skrufbitar\/product\/usag-hoggskrufbitasett-16-stk-687-1-2-c16\/","name":"USAG H\u00f6ggskr\u00fafbitasett 16 stk 687 1\/2 C16 - V\u00e9lar &amp; Verkf\u00e6ri","isPartOf":{"@id":"https:\/\/velarogverkfaeri.is\/en\/#website"},"primaryImageOfPage":{"@id":"https:\/\/velarogverkfaeri.is\/verkfaeralausnir\/handverkfaeri\/skrufbitar\/product\/usag-hoggskrufbitasett-16-stk-687-1-2-c16\/#primaryimage"},"image":{"@id":"https:\/\/velarogverkfaeri.is\/verkfaeralausnir\/handverkfaeri\/skrufbitar\/product\/usag-hoggskrufbitasett-16-stk-687-1-2-c16\/#primaryimage"},"thumbnailUrl":"https:\/\/velarogverkfaeri.is\/wp-content\/uploads\/2024\/09\/6a4f2e73-33dd-4447-b0ee-9db56f154d3d.png","datePublished":"2024-04-27T16:42:24+00:00","dateModified":"2025-10-21T15:35:27+00:00","breadcrumb":{"@id":"https:\/\/velarogverkfaeri.is\/verkfaeralausnir\/handverkfaeri\/skrufbitar\/product\/usag-hoggskrufbitasett-16-stk-687-1-2-c16\/#breadcrumb"},"inLanguage":"en-US","potentialAction":[{"@type":"ReadAction","target":["https:\/\/velarogverkfaeri.is\/verkfaeralausnir\/handverkfaeri\/skrufbitar\/product\/usag-hoggskrufbitasett-16-stk-687-1-2-c16\/"]}]},{"@type":"ImageObject","inLanguage":"en-US","@id":"https:\/\/velarogverkfaeri.is\/verkfaeralausnir\/handverkfaeri\/skrufbitar\/product\/usag-hoggskrufbitasett-16-stk-687-1-2-c16\/#primaryimage","url":"https:\/\/velarogverkfaeri.is\/wp-content\/uploads\/2024\/09\/6a4f2e73-33dd-4447-b0ee-9db56f154d3d.png","contentUrl":"https:\/\/velarogverkfaeri.is\/wp-content\/uploads\/2024\/09\/6a4f2e73-33dd-4447-b0ee-9db56f154d3d.png","width":864,"height":863},{"@type":"BreadcrumbList","@id":"https:\/\/velarogverkfaeri.is\/verkfaeralausnir\/handverkfaeri\/skrufbitar\/product\/usag-hoggskrufbitasett-16-stk-687-1-2-c16\/#breadcrumb","itemListElement":[{"@type":"ListItem","position":1,"name":"Home","item":"https:\/\/velarogverkfaeri.is\/"},{"@type":"ListItem","position":2,"name":"Vefverslun","item":"https:\/\/velarogverkfaeri.is\/vefverslun\/"},{"@type":"ListItem","position":3,"name":"USAG H\u00f6ggskr\u00fafbitasett 16 stk 687 1\/2 C16"}]},{"@type":"WebSite","@id":"https:\/\/velarogverkfaeri.is\/en\/#website","url":"https:\/\/velarogverkfaeri.is\/en\/","name":"V\u00e9lar & Verkf\u00e6ri","description":"Umbo\u00f0s- og heildverslun fr\u00e1 \u00e1rinu 1919","publisher":{"@id":"https:\/\/velarogverkfaeri.is\/en\/#organization"},"potentialAction":[{"@type":"SearchAction","target":{"@type":"EntryPoint","urlTemplate":"https:\/\/velarogverkfaeri.is\/en\/?s={search_term_string}"},"query-input":{"@type":"PropertyValueSpecification","valueRequired":true,"valueName":"search_term_string"}}],"inLanguage":"en-US"},{"@type":"Organization","@id":"https:\/\/velarogverkfaeri.is\/en\/#organization","name":"V\u00e9lar & Verkf\u00e6ri","url":"https:\/\/velarogverkfaeri.is\/en\/","logo":{"@type":"ImageObject","inLanguage":"en-US","@id":"https:\/\/velarogverkfaeri.is\/en\/#\/schema\/logo\/image\/","url":"https:\/\/velarogverkfaeri.is\/wp-content\/uploads\/2021\/10\/vv_logo_350x100.png","contentUrl":"https:\/\/velarogverkfaeri.is\/wp-content\/uploads\/2021\/10\/vv_logo_350x100.png","width":350,"height":100,"caption":"V\u00e9lar & Verkf\u00e6ri"},"image":{"@id":"https:\/\/velarogverkfaeri.is\/en\/#\/schema\/logo\/image\/"},"sameAs":["https:\/\/www.facebook.com\/VelarOgVerkfaeri"]}]}},"_links":{"self":[{"href":"https:\/\/velarogverkfaeri.is\/en\/wp-json\/wp\/v2\/product\/60106","targetHints":{"allow":["GET"]}}],"collection":[{"href":"https:\/\/velarogverkfaeri.is\/en\/wp-json\/wp\/v2\/product"}],"about":[{"href":"https:\/\/velarogverkfaeri.is\/en\/wp-json\/wp\/v2\/types\/product"}],"replies":[{"embeddable":true,"href":"https:\/\/velarogverkfaeri.is\/en\/wp-json\/wp\/v2\/comments?post=60106"}],"wp:featuredmedia":[{"embeddable":true,"href":"https:\/\/velarogverkfaeri.is\/en\/wp-json\/wp\/v2\/media\/65844"}],"wp:attachment":[{"href":"https:\/\/velarogverkfaeri.is\/en\/wp-json\/wp\/v2\/media?parent=60106"}],"wp:term":[{"taxonomy":"product_brand","embeddable":true,"href":"https:\/\/velarogverkfaeri.is\/en\/wp-json\/wp\/v2\/product_brand?post=60106"},{"taxonomy":"product_cat","embeddable":true,"href":"https:\/\/velarogverkfaeri.is\/en\/wp-json\/wp\/v2\/product_cat?post=60106"},{"taxonomy":"product_tag","embeddable":true,"href":"https:\/\/velarogverkfaeri.is\/en\/wp-json\/wp\/v2\/product_tag?post=60106"}],"curies":[{"name":"wp","href":"https:\/\/api.w.org\/{rel}","templated":true}]}}