{"id":60105,"date":"2024-04-27T16:12:27","date_gmt":"2024-04-27T16:12:27","guid":{"rendered":"https:\/\/velarogverkfaeri.is\/?post_type=product&#038;p=60105"},"modified":"2025-04-25T19:11:16","modified_gmt":"2025-04-25T19:11:16","slug":"usag-krafttong-235mm-135-l","status":"publish","type":"product","link":"https:\/\/velarogverkfaeri.is\/en\/verkfaeralausnir\/handverkfaeri\/tangir\/product\/usag-krafttong-235mm-135-l\/","title":{"rendered":"USAG Kraftt\u00f6ng 235mm 135 L"},"content":{"rendered":"<p><img decoding=\"async\" src=\"data:image\/png;base64,iVBORw0KGgoAAAANSUhEUgAAAQEAAABjCAYAAACbp7UYAAAAAXNSR0IArs4c6QAAAARnQU1BAACxjwv8YQUAAAAJcEhZcwAADsMAAA7DAcdvqGQAABYASURBVHhe7Z3faxxXlsfPTHbNktimsIVom01oRMtgcEw7SH6xEHgxKyfSW8wseAWBWG+jxzyKmYD1B8xiPUrgxRqjAXmZDC0sGTM\/RGt2kITV9HgSsHsc4QSro5GVImOcIWRGc879UXVvdVV1V6v1y3U+uHFXVdet+\/Pcc26rv\/cH3\/9jawsa5LUfqDcMw7wy\/FD9zzBMSmEjwDAph40Aw6QcNgIMk3LYCDBMymEjwDAph40Aw6QcNgIMk3J2\/Y+FqnNjML7kqiOkYwBGrubVQeuRzwPoujYMl0+okxGIzz7vic7P2iyMTSyDkXsj\/yWYHC0A9I\/A4Dl5aV+iygDdQzDcl1EnDVYmYXRmFbK7Vg673kq3R6HwJAsDI4Owc70iDszPbYDBlvRJKlsR2kL63t6X02d3PQHsYONLDhZ8BEbEawi6Noswu6au7xgOZOoYgHpQo41OVCB3Tedd578AY3NV9akDwInLcKXbAfdxCcJyXfpsVRi2vTFklCMH\/7VBiHnaHVYeAtbADrMPymmwq0ZAdrAzhuXLwOXh+jP0dsj0DeNg3aa1ReNVeOKEeBOU\/5HwGXUfkzmbA8ddhvsr6oQGvYTiE4Ds6b2amzKQv4rtNXx5zwZHdd3y83aIvS+nSaJw4Plf1uHu3bvwxRdfwJtvvgnvvvsutLe3q6v1iXfNtevUAxsTBWWNAwMv4I7bLqt0Kz0rrt10cm8X2mBIV7hydzVmGlHhgHDdoF7Yotza7i5wl3QejfyLvG9ATz9AQTzfvxYMkcw80bOLxwcg97gAy\/QRpwvLkoH7XlmT1JFPWJlEPh7nVF1VYXZsXD6TEM9VdVhTFsJ0bWPuRaQrrA46spB9gmmofFptIJ5D3pdfPiuPIfmg8l5aN+ozIty08qDyDtY5xLjX+nygPHb7mfUQHQ5Y5dTHXhq6TVWfCvZR4U3bdV3pxPDubMlqeycq5Avw2k9++vHH6n1d\/u\/OtDAAxDfffAPr6+uQz9dWcBSHc4fg6XwZPl2Zh\/l5fH15FHrf9qoSyuLad9AzMgw\/6u2FU98uQqG4CafO5+Cw6twOVsjwf\/VCb+9RKE9Mw7PO85A7IivLxUJ\/9OF7eA2vf1+CWchB7kUZ5r94Hd6hNKhRJta99Hs7X8L8L\/4Ah3rPigZ98edFePDtW0aeiCqUfvcAXv57L5zPHVbnwqD8P4LVlydh8KMP4T1M\/+iX9+C3D17K\/L+owOLKp1D+Ozb8j3+EeaR8m41q5mkKHh3phbNkIP44D+U\/rcPJ\/\/4IPuzHNCtTMPXJOg4Medx4HalsKjLfP4X5xUfw0rtWgl9OlQHefg\/+A8tZnbuJxmfQq0967uyzU7IOaspyCl6Wfw2\/rcj2jLuXyjv1p4xf3u\/L8KvHLjinZHmtNhDP2YRj7\/j5F9c3j8n2DOZD1d3v\/+2SytdRePpJAcqqLj0oLF006rz3H1Bdwdn5P6k+y\/BA36\/6gTAAmzjwVbue+noW7z+kyhpovyNlGL\/zTLaH6BNP4XUj\/xqrnNhuN4vHvH7Te+QRTM1RGj3Qgfn59VP5LOpjxdnfw7O\/ufCdLtMahtP\/fwh6PuyA0v8WYPNtfwy89dcKvDiRwXzEkygc0AZAEzyuTx4GRSw9gPYSeVKA0dFJ7H4+2X7fdZduawVKa1j8cgVcK1bNw6VugEoZ4ysRx2Whx7R65y7XWF\/5fCM0wArC6BiqLVyTyF7wZ4j8aSylu4FNp0ELf9E0mmhgcACYZaaYvacDYPUzo1Y6eryyZI5TLJmDvD5ux2P1jNg6CnLuEnQ5rn8tUIcURpmzCD3XfW6mY5YFB1An5mOzKvIRfW9Iec+dkX2haYx8iPbENvDCmQy0UfWsh5Tfavc85EO8JUkJHlIo+L7frpm+HvReHuKVsPJgvYLssw2DbT5seBaQacN+L9tUtK94FrJWwpS7YIDWdFSZZJv7IbbZRplzeT\/NGBIZAQoBTILHjWMag1V4GIxNNWqQbmC5qs\/RyRFGY9R7kftEhRZxXMOLLOQ16DSM8CGSDGSO2ZXbOqqwoX03AzHQ1YBKQlwd1SIHrrt0X3Sw2vUaTA9nOTOdJITfG17eXefcIIxcy0FlQtXTbXMaCrBWxR7owrL+rHhRvyEjIsuzOmNeozBI9tlEkBen0zBcemkk5RihAQ+daLBwcgSxsKuMkDB6cn1qAIM8mY+xhhfc\/0X93xC0BhBcE9ge0lJvqKMaRAM4kMPRnVknG+\/HUBY4i8GSspzyTDjCXZYr\/INiJpUxWz1oRi\/M0LcY+RDvYjuEl18M5mNofOi9PNUQwnhE1VEIYkZbKsDDuVlwxcKnf5+3ZjAizwm397l4W5ft3Ltr0Ow7chnfyJh6bC4THj+LiQj7YEhcL+6lKr8Qvu7SMGKdCjCkGJFGWPRT3SvycKajAMX1Eg54gNz7mMcTeQx0p6GEhqHiovdmPDt\/VaVBaU5MQsb0fCNI5AnQIuAHH3yAjTsi\/k+yKCgrexQmzVl\/5T5azSycMQphum6l36BFVK6vCA2eBL5ORCMhPq2sZdH4qq502w4zBNUNLz1Bo18H4cwx0EGzQdC6Sq\/CKlMi5Gy8OmPkFTtAsyv0sXUUCnUwnMloIdOsF7yjumnmQc44jRF3r3rewqyXp+pcMboNDE9QkiQfMaBbHXTXnfao6YPyjG3\/G7s3kRfgtZ9RHkJeaxzhyRpemHDx1XuCJiEXjfUyDn3ZRvRcNAALdihQWgn0+Aa940SewLbAislcwGiJXCe0epKQP5Z4PA2j2n00V2HJcl8jC4n3i4uI40C28woM9mF4ca2K18bxXnWtA9MODk6K1xbGYXx0WR53dIm4uBGEhRXWdRQbw0esRmeSNboJxc9DgDMlGpOCOhe1ol+X2DoK7w75i11odJbBMdYyqJNdvpDFdtJthV5CN0buDc3m8ffmrw5BFWde3QZO9wC2QSHCG8R27X9YmxbOiNuhWn0IxZmCV9\/iWwBV38KQTpBLjVdV\/6O2p28OxDmFg9d66JrRfhrHyeKMPdiw1yg8Mkxbp+90d+HIMGqEJrkZDEAwFNBtRPkENN7ZC54JgOpCEetJ55E8u0GjTaPZR\/JicoV\/3\/\/FHcO0ABkiNR667SS7+xeDDJN6ZAgp\/l7G+qZo72ChUYZJOewJMEzKYSPAMCmHjQDDpBw2AgyTctgIMEzKYSPAMCmHjQDDpBw2AgyTctgIMEzKYSPAMCmHjQDDpJzd\/e2AEEswVFME9JPHMMGG\/ULSXzfu7K8hq3OTUDrb+M9UNc3eFwr9pNoUb9V4oi0tas9Wp8eEsgeeAA16Q7u\/3wkR62DCaVZUo0ViHMwryd6HA0HBSyaGZjX69om2H7Mv2dV9B8LdO0M3va+KrnQR2vpzUJmRYYOnshMIJUz1nTANefqldtR5wrqWQBffJDx9FQ5E7T8gkJ\/RslpBffjQvNWEUiFhVOAzIt2AFr11X0ydEpF1VC8cMNovWO9CTMMQLbWfKfuC3q\/AwbqHJ67oL\/ky3Wfq7RM7G3qlBjICjb5u3ry5df36de9Fx4l4dnfrxvUbW3efqWNkbfYGpqXPrWzdorRv3N1aE1cV4r7rW7ceqGPxOXXPg1t4\/y08o1nZWqHPRZ2ndz+3nyHy8HP5SZkf4z6RjvlsRWT6tWWwnyev35j1nr5194afflze5L12\/fnIdPx08cyDFeOZgfvi6pSO4vJBZTeueag0o8peU7eBPIQ+08tTSPmsumGaJVE4sP19Bwhbvllv3GDOaKZ2P1FfTz9KQz7sfFId+Thd\/Gjt+sj9B0jcFGfVK97MLzX55D4DcXlrjEZ15+PrdDv5sO8jDUO5d0RI3Vp7LIQ8k\/T+1HtdT\/4eiiW4jx5FM4KsjE0ioVEKAcyB39y+A9jQQTe2Dr6ePrp+Jh3YHfoGYSRDbigaFXFObR1F2vJh57Ezko78akAwlPLVhtcajp2j0q+DUJZ1V32xU43TJgxKdN7wv9g6k7rzGXThZT3F13NsncbWkXqbmPC6FTLpj6uq7ABt8nQ4QnCzAPdXLsMgSGM6ZBhepknC3P6o11dffeWFBPQ\/HSciJBywka5y0PVu3O2rdRkl5vk4lzrs+eF5sgmmH\/i8GTpEudKCuLwR9a4bWOFK7X3xdVrnObHhQOA+Lx+yjoL1KEIAykfYvSHnRL5v3Nq6FZIW0xyJwoHt7TvQPLF6+lEa8pHa8nE68gl08RNp1xvQbFazI7CcCePzVp8kuvPxexRsJx\/2PgGzC1h7Qhu\/zh4LtKGGYz9T7Duh3mtEWIKe1Cp0wSX2AlrCHvyxUNwff8Ss9gZWsrWe\/qX2+zBNmuzqtHbLqyuToec19so+Jad05KnjmivU3XJH4I3ALjPR6YeUgVbTZ2iHGR0P298O4FPwOT0w3KeuRubNvmavrJcw30WxBZbEDgdC74uoU71HQWQ+Yr8d2ACnAwepvo9cduNz8d8O2PWS7R8AmKnd1ZfyVTze2I67TH1YbZg5WChD02N9VchsB\/7tAHOAQE8BPRfovsQGoIWwJ8AwKYc9AYZJOWwEGCblsBFgmJTDRoBhUg4bAYZJOWwEGCblsBFgmJTDRoBhUg4bAYZJOWwEGCblsBFgmJSzu0aAfoI6GiEvTtfG9O\/46SelozB6O\/D7+BDoZ6WNfK4G63kJSHhf6bbx+\/kmiC0f\/aJOybQlK0uD9SvSZzn4V5098ARcWL5Tp8NSp3Pw3\/GD\/ntx0s1Tb1uN0gJw+tX+DcHf9sfxytQv0wp23wg4WcjCMozHzUIn8jA4PHLwRSPWSKtvh6hugOs0qa7zqtQv0xJ2d98BrUjzPsC0msUs9R1PrUaq+1hqPmrm83RzlFa\/UL8BXzVIK9dIxRpbqcbS97eeZ6BFK661QdF7nqGdH7yPjmd8jSBPKSdw3kzDVtexdfnt+9BgkkqPUT4iqM7j46sJSfUdqYrkqyTp8gfqN6Ju5fkK5LodWF7y82Rr\/zMHnUSegDYABP1Px01x4jIM92dhdabBeDPo+uLrCrraQV9CDg6SMPcNgIsdWt4zhANiHCYtbb8oVqFwB+CKetYADsRCqOeCzxCyYSpf17rA1Rp6pEaMx44YNHTdNAAyj+KefoCCjuepnGgAyJDIPJ8BCAknMn3DeF8WR2sXDOl0xLNs3KUiwPvqOn7eXZoOqW80CHdIqEPXE9Ztu9YaJDB8e35GXRuCLieqLpiDSiIjENxnIHicCBwkAyRmOVF\/4Uxo5Adc30yf1NzzwBnU2qEmVt+\/Hrb+vdg3IFRzH91qc1Y8kcE7zb0IgoTta3AJuoB0+VU5O+y9AEj4tGk6enxtPrF\/gikCahO9XwHWxUWdWykWCpumkWAOOomMQHCfgeb2HfDJX21sZhEa+ccyRscMQPr5OIM6huyU1PdfhnG9ek4vcrOb6cCZtpjBrVbaxcsUDw1Dau+vzhh5GiVRUzk4RTl3HblfwQAGVTI\/\/G1A2khkBGgNQA98vSawPagDDkAWB\/HYQvQAEBtUxA1eUvpFdxiWfHc\/007L34a7rF9JVtE1tAiHZiATVEgm9532TvR2WcayqEvhZKANs+W7+\/7Ln\/33hvxVlRexS\/T2vtZkDhaJjMDO7DuALjXFq55Udi1CI9\/S6sc49nbga8bgOkOsvn89orTzA4gV+hzktXGgEES9DUdp7xv7GhBaz1+GHcZeAGhkSJd\/p0myXwHz6pHICOwY5wZhqDu4rGXgDXDfha7g6ZoBTYtxYiYbhbG5DMbrpFuv76HXNEyXG1sTcBf8Zy0fs1fnPUQ8b4Qcn7VheKOuEWJDDQx3xHVpnGhRb6izYoUp03fuK8NF9QD+Xo13AHri6qUllKC6UPTyMjrjWushzKsPqw0H0V+LxezjxzCvEvvDE2AYZs9gT4BhUg57AgyTctgIMEzKYSPAMCmHjQDDpBw2AgyTctgIMEzKYSPAMCmHjQDDpBw2AgyTctgIMEzK2aM\/G5Yad5VOQ\/Nv36H0CUmrIOwXhOo6aE1BOnN7EuCqrxokpMQe52p1DBtCPV8dCc2E0HwgSn7N+jF23OcZxoA9gSjop72kS9KwLHcr5cV9A6NFR4TyT5QCE+ka0KBXnxUvNgBMg7ARiCKpLHcr5cWVPqKpqZi\/2AVOqM4h2oB1l\/cQYJrmtZ\/89OOP1fu6bPxlHaanp6FQKMDnn38OJ0+ehDfeeENdTcILqCw+gM3j78D53GFxhlznn03dg\/n5eXyV4WXnecgdoRlxHMpHeuGs+m2\/\/NwjONp7VrnYFFr8DGa\/PgXn3yjC2P9MwT2RxjyUv8VzKn1C3Du7CafO50CelenPm58jye+JMqbfDiVM9w\/\/6j+bZLzHP5Fpz3\/5HThf47A\/hdereM8vPoW\/oRl4JJ79VOTv8J8X4cHmMfhhZQqmvPuOQu\/bMucivd+9NPIjqZbnxX3vmOdfVGBx5SW85ZXbp7J4D56+7tdlFKL8i4fg6B\/HVTkon7KcU\/dk\/p56dU11Mw3PjmzC7ISsU1Gff\/0l1s+vZFnKtXlnDh6JPIGWSY4HwZh2mmJn7cqSOpDYpSgPl7odQyFYqvWSJPhDLRu2VoKKm4WePqgjnU2qPj2QdaWyr0DJgbmPS97nSp\/ZgqUaGkCFJ1o+HF+nKReKCHlxgbsMG6fVPfSZJwWlg4h526TrG1YeiVA5NSybGyr7JdNxl8Z9daA44VZ8\/kOVn6FuFwpoBGn\/AZE\/od5k6gu6sLygpdcHwKFn0J4L4nhIqCpNzwVzzxw0EhmBlkqOm5B8mLl4Ruq+anAIwVDtBtOAx643gIbBXZedT8p0+\/p\/0dLZBAl9ulApy8\/QgM\/2D6Bh0AOR4noHcmeDQy1MKpwkvBvAdOuF3BjmUeRdqvxaBkMTIqdGG4hkL4QtMOp09AsH52bM+oGRH1G3WIozOn8hqsr+M6VIqtOp6zQDmWN2fTMHk0RGoNWS4xZCuVd1enOlWww2OfPTgAfshHmcKUHM3mpwnqZh1Ih0thT6lDM\/DXgaAKTtrzwLEYsbwqEeUip8VyHvQg3sAdp7oMPcjyAOrIcLUfskMEwtiYxA6yTH5aBy2tW8JuLwDejRs5m1m47cgMNdL+GABzlL04xKG3asyFDAm8mQetLZ0tXGmZ8GvPIgSOWXQg4RCngz3f7AC0N4tZ\/ZIRIZgZZJjotY3B+8YqMQw6UXLr56T9AgdZcKGIHqWZpmdIDKgh0KNCSdrRWAabsv4UEg5G08KUJxMywUIKQhMqXCq3NFf02gScS243FbitNaidhXMRAykNEc1QauBJOW64\/HgY1YGCaOREZge9Bqs3L3Sdb6mt+xxYId7SKkrk\/jYLfibRV\/m7M0zejg6lCAaFQ6W22lZcbCYpC7aHjCQgGJ2C3JkBefhp668uLxRC8MCoR3JBc6g2GAMJoqdq+KhTm\/7mgXJPr7gv37R1jMfoOFRg8ktPlKCQ1TM3+JyDA2u+gJMK2iOncf4CIbAKY1sCfAMCmHPQGGSTlsBBgm5bARYJiUw0aAYVIOGwGGSTlsBBgm1QD8Eyj49akSipbkAAAAAElFTkSuQmCC\" alt=\"\"><\/p>","protected":false},"excerpt":{"rendered":"<p>Tegund:&nbsp;U01350401<\/p>","protected":false},"featured_media":65843,"comment_status":"closed","ping_status":"closed","template":"","meta":[],"product_brand":[],"product_cat":[588,786,515],"product_tag":[],"class_list":{"0":"post-60105","1":"product","2":"type-product","3":"status-publish","4":"has-post-thumbnail","6":"product_cat-handverkfaeri","7":"product_cat-tangir","8":"product_cat-verkfaeralausnir","10":"first","11":"instock","12":"taxable","13":"shipping-taxable","14":"purchasable","15":"product-type-simple"},"yoast_head":"<!-- This site is optimized with the Yoast SEO plugin v27.3 - https:\/\/yoast.com\/product\/yoast-seo-wordpress\/ -->\n<title>USAG Kraftt\u00f6ng 235mm 135 L - V\u00e9lar &amp; Verkf\u00e6ri<\/title>\n<meta name=\"robots\" content=\"index, follow, max-snippet:-1, max-image-preview:large, max-video-preview:-1\" \/>\n<link rel=\"canonical\" href=\"https:\/\/velarogverkfaeri.is\/en\/verkfaeralausnir\/handverkfaeri\/tangir\/product\/usag-krafttong-235mm-135-l\/\" \/>\n<meta property=\"og:locale\" content=\"en_US\" \/>\n<meta property=\"og:type\" content=\"article\" \/>\n<meta property=\"og:title\" content=\"USAG Kraftt\u00f6ng 235mm 135 L - V\u00e9lar &amp; Verkf\u00e6ri\" \/>\n<meta property=\"og:description\" content=\"Tegund:&nbsp;U01350401\" \/>\n<meta property=\"og:url\" content=\"https:\/\/velarogverkfaeri.is\/en\/verkfaeralausnir\/handverkfaeri\/tangir\/product\/usag-krafttong-235mm-135-l\/\" \/>\n<meta property=\"og:site_name\" content=\"V\u00e9lar &amp; Verkf\u00e6ri\" \/>\n<meta property=\"article:publisher\" content=\"https:\/\/www.facebook.com\/VelarOgVerkfaeri\" \/>\n<meta property=\"article:modified_time\" content=\"2025-04-25T19:11:16+00:00\" \/>\n<meta property=\"og:image\" content=\"https:\/\/velarogverkfaeri.is\/wp-content\/uploads\/2024\/09\/0bfece81-2bb5-42fc-ae4f-f791015bc5e9.png\" \/>\n\t<meta property=\"og:image:width\" content=\"857\" \/>\n\t<meta property=\"og:image:height\" content=\"853\" \/>\n\t<meta property=\"og:image:type\" content=\"image\/png\" \/>\n<meta name=\"twitter:card\" content=\"summary_large_image\" \/>\n<script type=\"application\/ld+json\" class=\"yoast-schema-graph\">{\"@context\":\"https:\\\/\\\/schema.org\",\"@graph\":[{\"@type\":\"WebPage\",\"@id\":\"https:\\\/\\\/velarogverkfaeri.is\\\/verkfaeralausnir\\\/handverkfaeri\\\/tangir\\\/product\\\/usag-krafttong-235mm-135-l\\\/\",\"url\":\"https:\\\/\\\/velarogverkfaeri.is\\\/verkfaeralausnir\\\/handverkfaeri\\\/tangir\\\/product\\\/usag-krafttong-235mm-135-l\\\/\",\"name\":\"USAG Kraftt\u00f6ng 235mm 135 L - V\u00e9lar &amp; Verkf\u00e6ri\",\"isPartOf\":{\"@id\":\"https:\\\/\\\/velarogverkfaeri.is\\\/en\\\/#website\"},\"primaryImageOfPage\":{\"@id\":\"https:\\\/\\\/velarogverkfaeri.is\\\/verkfaeralausnir\\\/handverkfaeri\\\/tangir\\\/product\\\/usag-krafttong-235mm-135-l\\\/#primaryimage\"},\"image\":{\"@id\":\"https:\\\/\\\/velarogverkfaeri.is\\\/verkfaeralausnir\\\/handverkfaeri\\\/tangir\\\/product\\\/usag-krafttong-235mm-135-l\\\/#primaryimage\"},\"thumbnailUrl\":\"https:\\\/\\\/velarogverkfaeri.is\\\/wp-content\\\/uploads\\\/2024\\\/09\\\/0bfece81-2bb5-42fc-ae4f-f791015bc5e9.png\",\"datePublished\":\"2024-04-27T16:12:27+00:00\",\"dateModified\":\"2025-04-25T19:11:16+00:00\",\"breadcrumb\":{\"@id\":\"https:\\\/\\\/velarogverkfaeri.is\\\/verkfaeralausnir\\\/handverkfaeri\\\/tangir\\\/product\\\/usag-krafttong-235mm-135-l\\\/#breadcrumb\"},\"inLanguage\":\"en-US\",\"potentialAction\":[{\"@type\":\"ReadAction\",\"target\":[\"https:\\\/\\\/velarogverkfaeri.is\\\/verkfaeralausnir\\\/handverkfaeri\\\/tangir\\\/product\\\/usag-krafttong-235mm-135-l\\\/\"]}]},{\"@type\":\"ImageObject\",\"inLanguage\":\"en-US\",\"@id\":\"https:\\\/\\\/velarogverkfaeri.is\\\/verkfaeralausnir\\\/handverkfaeri\\\/tangir\\\/product\\\/usag-krafttong-235mm-135-l\\\/#primaryimage\",\"url\":\"https:\\\/\\\/velarogverkfaeri.is\\\/wp-content\\\/uploads\\\/2024\\\/09\\\/0bfece81-2bb5-42fc-ae4f-f791015bc5e9.png\",\"contentUrl\":\"https:\\\/\\\/velarogverkfaeri.is\\\/wp-content\\\/uploads\\\/2024\\\/09\\\/0bfece81-2bb5-42fc-ae4f-f791015bc5e9.png\",\"width\":857,\"height\":853},{\"@type\":\"BreadcrumbList\",\"@id\":\"https:\\\/\\\/velarogverkfaeri.is\\\/verkfaeralausnir\\\/handverkfaeri\\\/tangir\\\/product\\\/usag-krafttong-235mm-135-l\\\/#breadcrumb\",\"itemListElement\":[{\"@type\":\"ListItem\",\"position\":1,\"name\":\"Home\",\"item\":\"https:\\\/\\\/velarogverkfaeri.is\\\/\"},{\"@type\":\"ListItem\",\"position\":2,\"name\":\"Vefverslun\",\"item\":\"https:\\\/\\\/velarogverkfaeri.is\\\/vefverslun\\\/\"},{\"@type\":\"ListItem\",\"position\":3,\"name\":\"USAG Kraftt\u00f6ng 235mm 135 L\"}]},{\"@type\":\"WebSite\",\"@id\":\"https:\\\/\\\/velarogverkfaeri.is\\\/en\\\/#website\",\"url\":\"https:\\\/\\\/velarogverkfaeri.is\\\/en\\\/\",\"name\":\"V\u00e9lar & Verkf\u00e6ri\",\"description\":\"Umbo\u00f0s- og heildverslun fr\u00e1 \u00e1rinu 1919\",\"publisher\":{\"@id\":\"https:\\\/\\\/velarogverkfaeri.is\\\/en\\\/#organization\"},\"potentialAction\":[{\"@type\":\"SearchAction\",\"target\":{\"@type\":\"EntryPoint\",\"urlTemplate\":\"https:\\\/\\\/velarogverkfaeri.is\\\/en\\\/?s={search_term_string}\"},\"query-input\":{\"@type\":\"PropertyValueSpecification\",\"valueRequired\":true,\"valueName\":\"search_term_string\"}}],\"inLanguage\":\"en-US\"},{\"@type\":\"Organization\",\"@id\":\"https:\\\/\\\/velarogverkfaeri.is\\\/en\\\/#organization\",\"name\":\"V\u00e9lar & Verkf\u00e6ri\",\"url\":\"https:\\\/\\\/velarogverkfaeri.is\\\/en\\\/\",\"logo\":{\"@type\":\"ImageObject\",\"inLanguage\":\"en-US\",\"@id\":\"https:\\\/\\\/velarogverkfaeri.is\\\/en\\\/#\\\/schema\\\/logo\\\/image\\\/\",\"url\":\"https:\\\/\\\/velarogverkfaeri.is\\\/wp-content\\\/uploads\\\/2021\\\/10\\\/vv_logo_350x100.png\",\"contentUrl\":\"https:\\\/\\\/velarogverkfaeri.is\\\/wp-content\\\/uploads\\\/2021\\\/10\\\/vv_logo_350x100.png\",\"width\":350,\"height\":100,\"caption\":\"V\u00e9lar & Verkf\u00e6ri\"},\"image\":{\"@id\":\"https:\\\/\\\/velarogverkfaeri.is\\\/en\\\/#\\\/schema\\\/logo\\\/image\\\/\"},\"sameAs\":[\"https:\\\/\\\/www.facebook.com\\\/VelarOgVerkfaeri\"]}]}<\/script>\n<!-- \/ Yoast SEO plugin. -->","yoast_head_json":{"title":"USAG Kraftt\u00f6ng 235mm 135 L - V\u00e9lar &amp; Verkf\u00e6ri","robots":{"index":"index","follow":"follow","max-snippet":"max-snippet:-1","max-image-preview":"max-image-preview:large","max-video-preview":"max-video-preview:-1"},"canonical":"https:\/\/velarogverkfaeri.is\/en\/verkfaeralausnir\/handverkfaeri\/tangir\/product\/usag-krafttong-235mm-135-l\/","og_locale":"en_US","og_type":"article","og_title":"USAG Kraftt\u00f6ng 235mm 135 L - V\u00e9lar &amp; Verkf\u00e6ri","og_description":"Tegund:&nbsp;U01350401","og_url":"https:\/\/velarogverkfaeri.is\/en\/verkfaeralausnir\/handverkfaeri\/tangir\/product\/usag-krafttong-235mm-135-l\/","og_site_name":"V\u00e9lar &amp; Verkf\u00e6ri","article_publisher":"https:\/\/www.facebook.com\/VelarOgVerkfaeri","article_modified_time":"2025-04-25T19:11:16+00:00","og_image":[{"width":857,"height":853,"url":"https:\/\/velarogverkfaeri.is\/wp-content\/uploads\/2024\/09\/0bfece81-2bb5-42fc-ae4f-f791015bc5e9.png","type":"image\/png"}],"twitter_card":"summary_large_image","schema":{"@context":"https:\/\/schema.org","@graph":[{"@type":"WebPage","@id":"https:\/\/velarogverkfaeri.is\/verkfaeralausnir\/handverkfaeri\/tangir\/product\/usag-krafttong-235mm-135-l\/","url":"https:\/\/velarogverkfaeri.is\/verkfaeralausnir\/handverkfaeri\/tangir\/product\/usag-krafttong-235mm-135-l\/","name":"USAG Kraftt\u00f6ng 235mm 135 L - V\u00e9lar &amp; Verkf\u00e6ri","isPartOf":{"@id":"https:\/\/velarogverkfaeri.is\/en\/#website"},"primaryImageOfPage":{"@id":"https:\/\/velarogverkfaeri.is\/verkfaeralausnir\/handverkfaeri\/tangir\/product\/usag-krafttong-235mm-135-l\/#primaryimage"},"image":{"@id":"https:\/\/velarogverkfaeri.is\/verkfaeralausnir\/handverkfaeri\/tangir\/product\/usag-krafttong-235mm-135-l\/#primaryimage"},"thumbnailUrl":"https:\/\/velarogverkfaeri.is\/wp-content\/uploads\/2024\/09\/0bfece81-2bb5-42fc-ae4f-f791015bc5e9.png","datePublished":"2024-04-27T16:12:27+00:00","dateModified":"2025-04-25T19:11:16+00:00","breadcrumb":{"@id":"https:\/\/velarogverkfaeri.is\/verkfaeralausnir\/handverkfaeri\/tangir\/product\/usag-krafttong-235mm-135-l\/#breadcrumb"},"inLanguage":"en-US","potentialAction":[{"@type":"ReadAction","target":["https:\/\/velarogverkfaeri.is\/verkfaeralausnir\/handverkfaeri\/tangir\/product\/usag-krafttong-235mm-135-l\/"]}]},{"@type":"ImageObject","inLanguage":"en-US","@id":"https:\/\/velarogverkfaeri.is\/verkfaeralausnir\/handverkfaeri\/tangir\/product\/usag-krafttong-235mm-135-l\/#primaryimage","url":"https:\/\/velarogverkfaeri.is\/wp-content\/uploads\/2024\/09\/0bfece81-2bb5-42fc-ae4f-f791015bc5e9.png","contentUrl":"https:\/\/velarogverkfaeri.is\/wp-content\/uploads\/2024\/09\/0bfece81-2bb5-42fc-ae4f-f791015bc5e9.png","width":857,"height":853},{"@type":"BreadcrumbList","@id":"https:\/\/velarogverkfaeri.is\/verkfaeralausnir\/handverkfaeri\/tangir\/product\/usag-krafttong-235mm-135-l\/#breadcrumb","itemListElement":[{"@type":"ListItem","position":1,"name":"Home","item":"https:\/\/velarogverkfaeri.is\/"},{"@type":"ListItem","position":2,"name":"Vefverslun","item":"https:\/\/velarogverkfaeri.is\/vefverslun\/"},{"@type":"ListItem","position":3,"name":"USAG Kraftt\u00f6ng 235mm 135 L"}]},{"@type":"WebSite","@id":"https:\/\/velarogverkfaeri.is\/en\/#website","url":"https:\/\/velarogverkfaeri.is\/en\/","name":"V\u00e9lar & Verkf\u00e6ri","description":"Umbo\u00f0s- og heildverslun fr\u00e1 \u00e1rinu 1919","publisher":{"@id":"https:\/\/velarogverkfaeri.is\/en\/#organization"},"potentialAction":[{"@type":"SearchAction","target":{"@type":"EntryPoint","urlTemplate":"https:\/\/velarogverkfaeri.is\/en\/?s={search_term_string}"},"query-input":{"@type":"PropertyValueSpecification","valueRequired":true,"valueName":"search_term_string"}}],"inLanguage":"en-US"},{"@type":"Organization","@id":"https:\/\/velarogverkfaeri.is\/en\/#organization","name":"V\u00e9lar & Verkf\u00e6ri","url":"https:\/\/velarogverkfaeri.is\/en\/","logo":{"@type":"ImageObject","inLanguage":"en-US","@id":"https:\/\/velarogverkfaeri.is\/en\/#\/schema\/logo\/image\/","url":"https:\/\/velarogverkfaeri.is\/wp-content\/uploads\/2021\/10\/vv_logo_350x100.png","contentUrl":"https:\/\/velarogverkfaeri.is\/wp-content\/uploads\/2021\/10\/vv_logo_350x100.png","width":350,"height":100,"caption":"V\u00e9lar & Verkf\u00e6ri"},"image":{"@id":"https:\/\/velarogverkfaeri.is\/en\/#\/schema\/logo\/image\/"},"sameAs":["https:\/\/www.facebook.com\/VelarOgVerkfaeri"]}]}},"_links":{"self":[{"href":"https:\/\/velarogverkfaeri.is\/en\/wp-json\/wp\/v2\/product\/60105","targetHints":{"allow":["GET"]}}],"collection":[{"href":"https:\/\/velarogverkfaeri.is\/en\/wp-json\/wp\/v2\/product"}],"about":[{"href":"https:\/\/velarogverkfaeri.is\/en\/wp-json\/wp\/v2\/types\/product"}],"replies":[{"embeddable":true,"href":"https:\/\/velarogverkfaeri.is\/en\/wp-json\/wp\/v2\/comments?post=60105"}],"wp:featuredmedia":[{"embeddable":true,"href":"https:\/\/velarogverkfaeri.is\/en\/wp-json\/wp\/v2\/media\/65843"}],"wp:attachment":[{"href":"https:\/\/velarogverkfaeri.is\/en\/wp-json\/wp\/v2\/media?parent=60105"}],"wp:term":[{"taxonomy":"product_brand","embeddable":true,"href":"https:\/\/velarogverkfaeri.is\/en\/wp-json\/wp\/v2\/product_brand?post=60105"},{"taxonomy":"product_cat","embeddable":true,"href":"https:\/\/velarogverkfaeri.is\/en\/wp-json\/wp\/v2\/product_cat?post=60105"},{"taxonomy":"product_tag","embeddable":true,"href":"https:\/\/velarogverkfaeri.is\/en\/wp-json\/wp\/v2\/product_tag?post=60105"}],"curies":[{"name":"wp","href":"https:\/\/api.w.org\/{rel}","templated":true}]}}