{"id":60104,"date":"2024-04-27T16:12:27","date_gmt":"2024-04-27T16:12:27","guid":{"rendered":"https:\/\/velarogverkfaeri.is\/?post_type=product&#038;p=60104"},"modified":"2025-04-25T19:11:16","modified_gmt":"2025-04-25T19:11:16","slug":"usag-krafttong-250mm-135-d","status":"publish","type":"product","link":"https:\/\/velarogverkfaeri.is\/en\/verkfaeralausnir\/handverkfaeri\/tangir\/product\/usag-krafttong-250mm-135-d\/","title":{"rendered":"USAG Kraftt\u00f6ng 250mm 135 D"},"content":{"rendered":"<p><img decoding=\"async\" src=\"data:image\/png;base64,iVBORw0KGgoAAAANSUhEUgAAAYMAAAB7CAYAAACW0uzSAAAAAXNSR0IArs4c6QAAAARnQU1BAACxjwv8YQUAAAAJcEhZcwAADsMAAA7DAcdvqGQAACIDSURBVHhe7Z3fa1xJdsdPks1L2F0utnDaCRsaIQUmmKEdpH2IhWHAYO9KbzYbcASGtd6ix3nUQ0D6D+RHGQzWmF3wPARaSA6GSYwMYdxYjaNdw1oRYhxGjWibZln2LemcU1X33qq6P\/uXJEvfz0zjvn1vVZ36eapOle75ky5DAAAAzjV\/av4FAABwjoEyAAAAAGUAAAAAygAAAAADZQAAAIBGc5poZ51WNg7MhUUwRQuLt6hiLk+K5pMVqtMcLd2tmV80rWcPaO0V0dT9Rbp12fwIAADngBGuDKo0t7RES\/bnFCiCYgKqQBEAAM4ZMBNZVG4ustKaJ3e9AAAAZ59UM9HR0RFtbm7S+\/fv6Sc\/+Qn97Gc\/o0uXLpm7JVBmIuKVQdbA2qT1lTpFhiTbfHS4RQ8etmlmlqiuTE2BNtuQ\/N6gjjxjUZ1dovmroYknvCurEittx2xVper4AaedNBOp516OxbJ45i6dVou2HqzR3uQCLd406xz1XMcxL8WmqIp6vhGKdkpMZQAAYJO6MggVgSD\/yvXw0IqgM70QmY\/mLjRo7cEWtcwTxEN1\/e0Vc18GWB6Av25QwIOx\/m2BpgJfEQSxWUoUSRifKBce0OVZHfYK0b5KpACWUyk0E+7+FHU21vnXCt26VqXOu2Ykb\/OtKIwO7b2JfqHdfVZiX9RYtqfUIFYAYTy3K9Q6NI8BAMApIVUZhIogxL8uBw\/oKyu0En0e0JYMgju7dMCz4zvhrJqpfTFFQWePmtEgqQfSmBa1\/SVBRIua7zo82Fsrgas3ePjV8bXe7FFnfE4pDU2Nroybr7nUaN5eXVyusFQdPZBXxix5ZeDnlcgsK4gPRhmoPE5QLdx76LRjRXe5Fv8OAACnhFRlIKYhG\/+6HP4GsjahtI5SRnUz0LajEdNHBuY5oo1QsaxR40I4wGtFcRDdM\/c7Or7Wh0wtUgJZxYRxWmYtHtAnArMSkIF\/\/ArVrl6h6v4uh+BQvFIIJmvKFKT2IWSlYuJ58CwzkwAAcGKkKgPZIwgVQLhnMCwqlwLzzeKwxaogoLEcQ3rzSZ0oMvXwJ7L3V2jMmIxixaM\/8WqgD8S8tLJNY\/fD+OZYvYVUqDbJ6otXAjLwVz8TWWTFcUC7O9pENPG5lZmr81Ecwas1Wt8xvwMAwCkhVRnIZvG9e\/fUACb\/9rR5XITMoDsNemrNkJvfNKhjm1VSqH1W9Wb\/\/Hki83A9MB+8tPcceEXACkaQcLS\/rU1UAg\/y22X2DFptVyZZAZivQuXzCQr261Tfr9IVo3SUjC+3vXBNtVqIyVd6AABwEozwj84GOU20RxP2H37Jb18T3bFP4XjPuaeJOMqgShO355P3OK25yT2qf5gpOE2kTw1Fp4DGp2jq4x7R7VAuc\/+CfSop3hwPTxo1Oe1tTjuMJrDuAQDAaeHT8GeQplycgXtIjCJOAAD4BPhknNv4M\/\/hntePVwHhcVUAADhPfDLKAAAAwOhI3UAGAABwvoAyAAAAAGUAAAAAygAAAAADZQAAAADKAAAAAJQBAAAABsoAAAAAlAEAAAAoAwAAAAyUAQAAgBEpA+UYxvM9ELq9LAOHXx+yR7DmE\/Ff3D\/i4F77TzglmDI+7Z7TWs\/Wy9f7AKj6WSlfx8clVyaDtnFV\/yl9apB2kZBJe\/ob3BnTsOIpg5eWvInY8a8OshjhyiCgqchLGH9mA2o8LKcQlN9i8304iPcx8\/WMEVw6zS\/b1v6pR4909YD\/Hyv5Ftvjkiub4bdxl37axahlAqeb4zMTiZP60G9wAYP5LU5BudU8Y1y+RYusZE\/367a1f+rRU6Ha3UVaKv1K8+OSK5uht\/GQAdrFyGQCnwSpr7A+Ojqizc1Nev\/+feQDuSfXl7JU9b2VcQcUnwF7k9rTl+ufQFYR8qznXYyJPYO53tFsj2FiIti+OEcT7+pR2Oi+coxjO6wUR\/3aSY6Eq4crBt8\/ghOuStXxA07b9moW48QT5UW+i8ziR3mG2g9D2e37jCqrRqSsYn8KJuzsBO1thPfT4tbXqjw\/zLCE4opTPUw0bsnrpRPi+29w86LLqqLqKvA81+n6EL\/U8+SWsYqz4qdnyd5DnlU9Xnoex5\/hxyLMv8qvir9NM7NEdasOlfyJcigjl4nf9qeh0HGS3\/5UuVfcthzJ3V8bD\/tP1L7HxZ1rx+tjQo\/tQpElU0vX8fQUdV6F5eK131yZQ0xbyYknfTzgr3l1aa6cNsvlUt3n58K6SzisypHXGyv8vnHmEWXg8+jRo+7y8nL0keue+H6zu7q82t383lwzh1urHJf5Te6vbnYP9a1u9\/Xj7rJ1vfPVcnd1K7rL7HQfsxzxb4fdzdXl7uPX+kqej+IWJD77WsnzmGOJUWGsNJV8X5kn1PNx\/GH60X0LPx43bRPOSlulEz6fmo4X1iuX+Np+NixfKy4nbre8ktcGJbtdTjvdHSu8XSdxeWk57bh2XocxuDIqesqzf52UIySt\/uL60uHi6x7lUvescvGuE+2PEXlsOeWZvGudXkEbt9qCrm8vDwo3b\/ntwiVLpvw2mC1zTEE8IpN1zxkPjLxZdanzZ9WNasOWDHZcufLqe7bscTs+H6SaiWRFYONfl6NDjYfxBrKeWRptL0tZe3ZXGaOg0+b5SQbijJ5nVneiGUeFbl2r0sFba7twfCaerYjTfU6\/nRmh7CHw7ON2LEPl5gzPKHb5Ds9SxHbKs6d4VlCjK+Pmq0MynjRzWHU2nsUoR\/qdPWoepqdzY5rcsNfiuJVz\/7xy4jK6EcZ1uUYTAT9+JE\/3YhbpUCva16lRTcWny7vzrmnSbtJznsVVP4tnlzodTe2qPet06S3PFRqTrYDJWnRducBpfcgsAQuuly+iUqfaJEf0sZVZdrlytdpmNpuD3f6Yys1FZ4ZcuRjky53bxlPaq7Qj872QzHZRjsw2WKZfWmTGUzgeZNWl3vux+5fu+xmUkLdsOz6L\/MD86yCmIVsByHXvcAUmlrAWieV6ZhVS64if6hzQ2krD\/GIIxqwG0wNqD6FDB6ys3BgDGpOBsKzt1OxFjOkrgx6wGlkd\/3KFU2koRaVstPt1Vpa8hLYZ7ytXOdRofol4ecyKecP8JKaCaOAzXJ2nJWXe4efkWp4JzQnSyTbq9HznFs2T7lQLKrzErU0iK6\/k2l3C+xxfnnsjV66bXC5iCuPyC++KCaFoqEiYllInFJrcNs5tUmJx29nJU9Qvo8G9DD2MBzG97f3ky8vtuod2fBZJVQayR+DvGQwVZZsTB\/emQxm7YBaVSzI9nMj0edzzMKIG5CDF3qpJn9ekoOLZMxchPF\/5yOJOiqQpkikFwmnz7cqRzO2MnTtBaSlK0XzCwxgPYAkF4KM2IG\/xF21HfvCsYma4MlPeprWX6zwsHvAsb96qC55hLS5xd+JQMgA+2KJKRl3JDPm48twLRXKt2+21BMqOLXtMSzqEtt2rr6nktnHuH6eRon5Zmh7Hg34plrd8Oz6LpJqJZLP43r176kio\/NvT5nEJlIYevxJ1rMIjbTIr7TR4VmquFTzoljimmo6YfTrU+MYdfFo8UAtqCbu\/HR+D5ca5HW2q2ph4vrbOMe88p0aHB\/vP4yZkLz2b3\/DshxtkjZWQWurb6QgsQ8\/KrQSSp4ON2GynPv7fTRw2lfnKxj6iqExpPLM6IMvswNI2dzyJL\/DqyHz1Oc4890K+XFLPB1S3y44\/2efm9YQgNqOVOMqa18aVacdtr6odme8nxpD6Zc\/jQYQ23x68jPtf69l2tDmcIFfe3trxWSR1ZTBq1KDCy\/FwSR5MT\/GiLJ4JyMBV3zDLNWOqSJg5ZG4\/PUOL3FEKUZ1pTXXmOodT5qu7HCHP3myzQBBM0QzPBGpX52nhiGcGoRmJf5+bDqieMrOrmXjipWeKeezdU86Lad5iXglnGzILv2+ZZYQgoOrkHZq\/aa6Hgcy05EQFL3ujxq1mXzL41SJZW61d2t6oR6aQpClJOl+dOhdDGz7DA+buSw4T1Yssr8M60c\/XTTnq0xnHlOdcepPrBj2l7YsL3A7joUHNHGUQ4nBJtC16RZSvKhduE9M8wbDaT69t\/NbiHLWtPlOdnaMqK69hkpRJ\/57NgP3SUDQe5FG7u0AtXsGG\/S+YnqOpoJ4ROkde\/pbdjs8HqUdLwbAwR+pO+ohatAy3bKCJI3clMMv3mXNmS41MPpYJSX4TBZE8RgnApwmUwUg5JcqASWxm2iuUUui8dFLPkZ918v42AICzAZQBAAAAvLUUAAAAlAEAAAAGygAAAACUAQAAACgDAAAADJQBAAAAKAMAAABQBgAAABgoAwAAAFAGAAAARvE6Cs+PqM\/A73Q53KL1NzWaj+IoeP+Perlag2jE75JR7\/55N9i73bUv1xNwqqHKyPdZHaLLV2r0038fj\/WOIdtxTz8k2uFg6HdHUb5DKDBijvNdYqevXw1\/ZSDespaWzGeOxF+RvCI4\/G3QTJd\/17mL\/V7+04m8S12cb4z1rUxGgTjFkZfTDaPuTprWs6fUuMBKQNriIIqA6bcd5hNQBYrgXHAa+9UnZyZS7gl7QXnuOvm3hhZTodrdRVoaYGUxfLSTltOvSMshbSe4OJy89NwOCxCfyUvn7NXg55fT2a9SzURHR0cJt5f9eTtLX3Zpc4i54NmQuzSOl0+K6FXLWa8Rbuk0pqeo8yr0\/mTHKfFt05i5VsvxDzM0R\/VYBttkYMxKflfXDlDMheA8F1BVPC59tM1Ebj6cpaBnSgvjDmULZUm8dlohZqQrtCt5mp2gvY20PDNePlz53bIMxsWzW8czE3n1wDhyWnLZcev3\/M\/RxLt6hjnGq8eMV2mH\/gJmPqxF9eQup7PLN1HHwd\/R39Fv6bexyPHzueXklYHKi\/aTm2yHdg6SZSeo5z5vcnptmpklqqs2YOqtZfuXkPDSZmeo\/TCMx+8nMW59GDOjamMdL4wu+71JLW9qOPmqysSWUcg2X+b150R7YJLllVZncbvIjF\/J6Zo3VTyhubZEPpy4uR9U9\/k5pw0YUvusW54KRyZTj1Y\/FadEtJHWr9LaWlzabl3ZZeyGc8o2Y5zJRJSBz6NHj7rLy8vRR677Y6f7mMM\/fm0umZ2vOM7Vze6hue6+fsxprHY3v5cL\/fzqVnQ38bxc2\/fDMP4z8bXcD+Pvdg+3VlWeIpm+3+yuRteH3c1VW17\/OsSXUz\/nppm8r+PR9+w4d17vqH+VbF\/p71qux\/y0wbkuyLOTJ8EtA79MdZnE92OS+dfP+nLFz6i4U+PSSHi\/ft361Oh4rLRVOlntxJUzUceGRFq55eSnwbzedMowTW7Bv+dcmzSjeg6RfuC1H7ucVZ6sOgtJ1EcUjy4TV\/44jexwTEJG0759mRlVT7ZcTn829+324N0PyauzzPidNqFxyqkgH6llkCJDWB\/277rPppSxI5OpR1t+hdteBclnfO3eT8gp97fkym+jdrgsmbNJNRPJisDGv+6fJu3us1a7bc0Er96gqaBDe29arMl26YBnBHesWUPtiykKOnsJ37w+1WtxnMqHcafN86AMOI3Ih69yiRn6KW5RO1S+eSTkrFBtkiMJSbkvbhAP3sY+bG2\/yLWrKfOtVjuarWaRlWdlz+aZRTwLEGf2pMs4pQ6U\/1\/zPR\/ty7c6a80QL9+iGVkVWXmj8ZlopuYj5hB7ViiO6DsfMmrKzoOqp6x2kixfp44zyC0nSYNnkTOWrHT1Vma+YrQJIB8u\/y\/S5tgudjmrOkr0g5T6kP5E8pwuk86r51zjmubbAwomxWVpXjhz7cho2vdHzpv5RVPQn0Ps9iB+iLllt9OqPFFnJePPJSsfaWUgsmVT2GczsPtpFuI+N26HFapciMckkTOYvhHLyfdv3eSrYYwzFqnKQExDNv513xy2UgY4k3EeEJRjbJ\/LFa7OjMYzdMRHqizjVpTD85WVNbXh6C+tUuW0UPc7DVpTcZiPLNdUI5Q0FnjZvGburUed1UE24mV5G4Z\/2KDAbrg5KHv2vviUNWH5I0tMNeim1kFZ0pWlDOjJgSIbWfLacpXDayeZ5VuevHJSafS1mc8dctGu3xWqf3QnOH2R2g90fRxE7VU+YsIyz6nB7YB2xQH84RZt88A68bnIURCuLAX9eWBGGn\/JiZ+iZJ8dEDFZhfURm8W0nGn7C0MZZyxSHeLLHoG\/ZzAUVIPeMxchLLhspkxyJV\/iQeWd+TlENQhuxAP2pbLILr\/YDF1H8L2h8hHkHTOVAWOJxJW6sgU+2KIKP+vSpHXlt3iplAKwUYMzxXsPDjwo9E+Fxjhq39m4GlQvcP3Jd\/1TJspGK\/6EjbNxbStWXwvw2klO+ZYdJnLLiWdd9EqvtHptenJqSezIS4MqAJvUfqDrg65l2YJlpbNNazxTbB3JKiicoReEK1iFRxT054EpjH8ICqc0aX22156ZRbz3IHtSgtprUd90Xe2pGb5bpv2OM1k1k7oykM3ie\/fuqWNP8m9\/m8dp1OjKeIcaX2\/F1bjznGckZsYiMxnWdE+fxZXc\/KZBHc5wrXB5PhzE3OLOmPjzxNWpesneoOcy41I06bk9wzX5iO8L3IhVJ+Nl347XiM1A6iJldRCvDMxn3YkzHSXf\/jZt2Z2aBxOVqjG3NL6J86TK2HzPRy+zDzasWYaacfJS+LMyHUN35PhZvQTOxJ7pp7ST9PItT245mVn1tt0Wn5SbEUq89CpeGagPd0Sv1guxl\/jp\/cDUx0s37hbnISTM41MxiUTlXhyuHAX9eWAK4k+slgrak4PEzasjqwxaz7bjDVyHrD7L\/3mrlP6OHMvs3y4zMY+Zr6auOpa5T\/rcurTLoYwzMakrg1EitjFirbe20jC\/BNbOuCxtiNZ5ybrySt3k2+5pExms6xvmvtpx178PBTkJICc6lubjQpPfHsqAUYvtnnJcdbbNSzLu5Dx75+GN5mZ56Hip7jJhPsL7QkDB9Awt8rfdl3XOg\/5VhTWzZBvR5HKaJpwpCEq7S+O9mleljMh3X+Tm9M1PFARUnbyj\/kjq1uIctVfEPMKrIEZOOFR5wCiD2PwXiOXgvOnQEr7glEIEp32tapUb1\/10lShzZbBHTzkd3bnS2klK+bKyK01uOXEa91t8z2qL41xX0vE4r8l2GKbLKzo5weKs6PSJj+c7t2i+oOoc3j3l+M3Q4vWDELs+QoKgShO353VZqT0dY6qy6ig3nLkuQ35\/HpzC8WJ2N9mefOtCBrW7C9TiGXkYdzA9R1NBPbHylQlCVp+t3Z2jXasvBdNTfNdfzRRhVnDcDrUkVc6HqDmN1NXcB67DqM9xG52WnZ\/BxxkbOMS3UUexxDRj2eblt+jI3\/ERmVMsE4ZaOrKC8I\/lnUXS8v9JoCYP3l9zq99EQZTb8wmVx\/H8JSwAGigDDzX7tk0+GTOy0eOdx2fSzmefVT5ZZSB457v1rKysIhCgDMDxA2UAAAAAby0FAAAAZQAAAICBMgAAAABlAAAAAMoAAAAAA2UAAAAAygAAAACUAQAAAAbKAAAAAJQBAAAAKAMAAADMaJSBvKVRXqvqfB64740vQF4YF\/sRkJe2lXuX\/2iQF4dxHjy\/BsNG5Tl67\/3w0iz7Hv5RkZ1+73lsPVvvqR0Nm4HTV30jpS+YPvPA8p9QGg6r3m8foct14P6SJetIcGV2+z84Dka4MpD3ji8pBznyWZgmajw82UGpb6QziFOhi8f4xtChpWk7yjgJctLvOY+9OC8ZBaNPP829YRH9OVQBwOXYzESVmzMU+WP91Lhco\/nFpeN9ffSw0jwcxOfxEMhLv+c89uK3dhSMMH1xtMOTpn5eWa3cjgIwIKmvsD46Okr4QO7J9aUsL30HH2oZ6L6j3fcdYHvMUvc+hP5p9bv925bPVjes9b54lXabZsSZvHqnfIrnJfVM0tWjpH\/lrTiQmaOJd3XtS0B5sao46YeyLVzcjmVwvF1ZeO+2d7yCOXIEVBU3fB9Dn6ZunpPv9\/fKMy0dSn+vfsXIP8cxasfb8vsN5fUp9J\/gei\/TaYUx2X4VtMMdq7yY6H7he\/29ek3UnWDCJOrMqlfvXqId2f4pFDpO8aCVVdeRH4nQn0Wf6Yd5jMpmvEq03\/H6hiBlvE1j5vfcco1w4xb0My3dNqanqPMqbl9OP8iV2aCe4X48HVDjlVcf6ruXvu37Q4XNqEtzpdp0uGrkcqnu83NGDrf\/C9ltEAwJUQY+jx496i4vL0cfue6J7ze7q8ur3c3vzTWz8xXHtbrZPTTXh1urHPfj7o651mGWu49f60t1\/6vw7mF3c9W7Z4d9\/TiO28QTh\/Vx4\/KvlZye7OnpL3dXt8Lc7HQfW7LHyO9+HsNrHSaOQ6cRl1GKXE6e7DST6e+8Ns86aWpC+f38ROGlPAvkdOSyy0uFta5T0o9x40rWnSmT6Fpk8erGhInzbj3jp+1dp9W1lEWcV\/2MW889pC9Xkkai3XtxKFLC2c\/55WrhyihIXG66jhwFMkeY57LqI7esSoRN9GFLJnXfqffsNgiGQ6qZSFYENv51OTrUEN+yskHIHzWrjTyGadtrddaaJSpfrTwzflu0q5AS9uoNmqI9akYbXTwL+iK661FiqT8+483aUuBZ0J1oZmKcaydkFx+ldh61A2\/lsHpnlw6cOLTj60GwHajXrmbl38Bp3zAzwcolSbdKV8KZYWUsV07xY+zk1S4v5UjedlLeK3bdmTKxHeN7KHs5z+jjWa34kyXae8MhWu1o5puJV9fib9aecVYucklYDs99ctPn2ezuPufnduwpTzmoN98LGbBcq9fidMVnM3XaqhzzZfbJro\/issoKm9aHJX8ZlGmDYGBSlYGYhmz863JwQ1AbyAs0lWj96QOyNKa8jq\/RYQ\/ECbZRNCsrslQt21FkgJ4jisJz2At2x+iPbNlleRumFS9zW0eFw1QPSJ4WaOLdmklneBv1Ss5OQzlOj8pblv2F9XQ8KHv5vjgkj+UTs5AalK7O05KYKcJ7DxsU2ANQBmKisOPKIzf9k96vySBX5h7ppaxiett7Oe1t8KyQqgxkjyBUAOGeQf+wFr89RQE3vvioW4XGEgrCNNILFb6bhw4rNs7wpFL4KTugN59oW3sUdgh+dlNlF7upsgOHac1lz34Ghst5UaezMN2henREdTDUqoFnZQthWYWfE\/ELnUQpYbH1+\/KpOmVFvEE0Z\/1e1EbEjq1s1eb5hemUhmqRn\/7pZFgy91pW\/XLa2+BZIVUZyGbxvXv3VIHLvz1tHqchJyVmeVm3EZ5Z1kvGgw1rBssD5\/Y+D\/KfFTVIE\/alO9i1eBZWFlkyuysL\/vR6ptksuRVZsouZIpigWrjUl+Wu+arMBTzbeR4pyCY9z5lZJVYeVlycEDV3vPwXKtWSyPLdkVNgOSKT3MmiynF\/2z0Lz21Bl4aY7w7ilYH5ZJ+\/53Af7XosPkqam\/7lGk0EHWp8E7et5jf2JvTJkF9mZem9rGKMWdXqw61n21Z79jjlbfCs8APz7+jhJfvc2xWqP1yhtpwYuLlIC\/RALf14nq5IPdGQgtgqw7AhQVClidvzdMtcZyKz9ZdjPMuYjwdLdfJBOket\/ADKnXy7SHbZy3i5xnI29PX4FE1xOIVSkG1e7vIAxbNXjoHmRGG+VHcTVG7eoal3flwH1Jbv3JF3X9apruIR5NSG6aRqQFpTA2Jdme4WC80kLmKCIm3qiuIPKJieoUWOu5CU9Av3YzKRQYTzyW1ISkGXOZfjfak\/lk8\/JI2BqpN36AY9pe2LCzzjjWtVnVKRQYjDJdG26LhOWN5pXst9UDeZ3tKfvymrtTlqr4hJRreU6iyvDnkgHiYyualvrNHKK76QGf9d\/Xsm0vZyZC5HUVnlU7u7oE6vhe05mJ7j9lzX7TnBgG0QlCL1aOmZRh13FNOBZTuW30RBlFx2qgHlXXgEdFR4xy5Bz6iji85xXP2bKAgcSwTA5fwpA0YN5rZJRuyRPQzsI1cG4fn8HuUCPlnn8FGiAPicS2UAAADA5dheRwEAAOD0AmUAAAAAygAAAACUAQAAAAbKAAAAAJQBAAAAKAMAAAAMlAEAAAAoAwAAAFAGAAAAGCgDAAAAo3s3UeJlcEzZV1QPD+NEW73W17y58nCL1t\/U4lf1qtdXN4g+xReYKdn3UpyrAwBAb4xsZSCev2Twtz0THfurmMX5hThJuhgP8sr\/q\/luE1zCmywBAOeXESkD8YIU0NhJj6+XeQWwuOTM+JV7Shtx9HESigoAAE4RqWaio6Mj2tzcpPfv30c+kHtzfSnmGfH9W958ocxKH2Zo4eJ2bF6yzTuMclayby48r1nuPfH0Jc5rbAcxWe+2byVk9U1ctnlLO0eZo4l39Sgu+x356XJYKNNOm2bEUbv4LIjyYUxa+qmCvJt4E2YiEwf8IAAAeuTP\/oUx3yOePn2qFIHw+9\/\/XimHWs0Z0vI5bNKLnX3a33lBL17oz3c\/uk6f5yiGP\/z3t\/T6N29o\/6\/n6ctf\/pyuX\/8xffevdXpjwqnB8CMPcl\/+kn5+\/Tpd\/9Hv6Fe\/fkF\/nPwpTeyt09q3AQ+Qi\/QLuXf9\/6i1U6HK5T\/Q3rev6Y9\/I3H8kCZ+ep1+\/D8v6GhiQaXx04kfcsotevPiO\/qLv+d4fhQqAiuuyT\/Si1\/\/in5n5Gj91wt685sj+qt\/+pJ+OStyfEf\/9u+cRq4cOo+KP+zRtzu\/pTf\/O0NL\/\/wLfkan23yyRkf\/wKuYf5Rwf0t\/\/I9f0X\/+eUbeOd7mM6KJv2xxXB\/pgpJdK4IOK6YvWYlIzgAAoCypZqJQEYT414UY00u0X3B\/ijoboSNymaGvxA7KbUf0PKO9E5l0jNPst3K\/Sbv7PIO+bc12xb9w0KG9N6FL7Y7lILtGtb7MPtqpd3XWms1zXmYiOQzjM\/GKR5x1c9rtyJt4GTk4L1+4yrV21zZVsQK5wDEdSaSSd14LXLNn+jW65Wx2S5lqRQAvXgCAfkhVBmIasvGve8YZUMVJuKUoLFOIT+ViQPSxxYNrK2XT1wyYH3jAvDrPCmeC9sTBt69geqJF7WRCsRzmOpMB5ZAVQKgkI5OQynve\/kuHGg\/F\/FWlGSgCAECfpCoD2SMIFUC4Z3ASqM3eC2JmqcihIA\/ZpOY5dnhSKFqNLNDUxzo9eFY4dKdQobFkQrEc5jqXvuTQqyVx1B4qyTlWngqVd3vl4SN7DvL8AdUfbBUrLAAASCFVGchm8b1799SgJP\/2tnnM7Kwbk5CBr+ti5vFMIwk67XgwO9yibTGPfCZhxGTEM+CvrcFu5znPhgOa+JyH6MMmNSPTjKa\/o6IVqk0GdLCxTtGc3pGjgL7lkBWJyYtCm4Y0xlz20s67V75M7S4rH2rQWt+rIgDAeWYEf3TGs9xnz6n96iA+GZN2qsZDbdy+48Gz04lMQv4fqbknasJTOByWB8enGwexKSk6iaNPEOnTRPqWDKQr6hQPo56jnk8T1ck+6aM3bomfuUFZclhk\/KGYm2aVpqY7tEd3zB6Azkd8EqrKMl2h+UrLiyt8rri8AQDAZmR\/gdwrWhlM4EgkAACcACP6ozMAAACfEqdmZQAAAODkwMoAAAAAlAEAAAAoAwAAAAyUAQAAACgDAAAAUAYAAAAYKAMAAABQBgAAAKAMAAAAENH\/AzCMGUSoFDXSAAAAAElFTkSuQmCC\" alt=\"\"><\/p>","protected":false},"excerpt":{"rendered":"<p>Tegund:&nbsp;U01350535<\/p>","protected":false},"featured_media":65842,"comment_status":"closed","ping_status":"closed","template":"","meta":[],"product_brand":[],"product_cat":[588,786,515],"product_tag":[],"class_list":{"0":"post-60104","1":"product","2":"type-product","3":"status-publish","4":"has-post-thumbnail","6":"product_cat-handverkfaeri","7":"product_cat-tangir","8":"product_cat-verkfaeralausnir","10":"first","11":"instock","12":"taxable","13":"shipping-taxable","14":"purchasable","15":"product-type-simple"},"yoast_head":"<!-- This site is optimized with the Yoast SEO plugin v27.3 - https:\/\/yoast.com\/product\/yoast-seo-wordpress\/ -->\n<title>USAG Kraftt\u00f6ng 250mm 135 D - V\u00e9lar &amp; Verkf\u00e6ri<\/title>\n<meta name=\"robots\" content=\"index, follow, max-snippet:-1, max-image-preview:large, max-video-preview:-1\" \/>\n<link rel=\"canonical\" href=\"https:\/\/velarogverkfaeri.is\/en\/verkfaeralausnir\/handverkfaeri\/tangir\/product\/usag-krafttong-250mm-135-d\/\" \/>\n<meta property=\"og:locale\" content=\"en_US\" \/>\n<meta property=\"og:type\" content=\"article\" \/>\n<meta property=\"og:title\" content=\"USAG Kraftt\u00f6ng 250mm 135 D - V\u00e9lar &amp; Verkf\u00e6ri\" \/>\n<meta property=\"og:description\" content=\"Tegund:&nbsp;U01350535\" \/>\n<meta property=\"og:url\" content=\"https:\/\/velarogverkfaeri.is\/en\/verkfaeralausnir\/handverkfaeri\/tangir\/product\/usag-krafttong-250mm-135-d\/\" \/>\n<meta property=\"og:site_name\" content=\"V\u00e9lar &amp; Verkf\u00e6ri\" \/>\n<meta property=\"article:publisher\" content=\"https:\/\/www.facebook.com\/VelarOgVerkfaeri\" \/>\n<meta property=\"article:modified_time\" content=\"2025-04-25T19:11:16+00:00\" \/>\n<meta property=\"og:image\" content=\"https:\/\/velarogverkfaeri.is\/wp-content\/uploads\/2024\/09\/d2c424b2-73af-4647-8963-3e439f2002f2.png\" \/>\n\t<meta property=\"og:image:width\" content=\"858\" \/>\n\t<meta property=\"og:image:height\" content=\"853\" \/>\n\t<meta property=\"og:image:type\" content=\"image\/png\" \/>\n<meta name=\"twitter:card\" content=\"summary_large_image\" \/>\n<script type=\"application\/ld+json\" class=\"yoast-schema-graph\">{\"@context\":\"https:\\\/\\\/schema.org\",\"@graph\":[{\"@type\":\"WebPage\",\"@id\":\"https:\\\/\\\/velarogverkfaeri.is\\\/verkfaeralausnir\\\/handverkfaeri\\\/tangir\\\/product\\\/usag-krafttong-250mm-135-d\\\/\",\"url\":\"https:\\\/\\\/velarogverkfaeri.is\\\/verkfaeralausnir\\\/handverkfaeri\\\/tangir\\\/product\\\/usag-krafttong-250mm-135-d\\\/\",\"name\":\"USAG Kraftt\u00f6ng 250mm 135 D - V\u00e9lar &amp; Verkf\u00e6ri\",\"isPartOf\":{\"@id\":\"https:\\\/\\\/velarogverkfaeri.is\\\/en\\\/#website\"},\"primaryImageOfPage\":{\"@id\":\"https:\\\/\\\/velarogverkfaeri.is\\\/verkfaeralausnir\\\/handverkfaeri\\\/tangir\\\/product\\\/usag-krafttong-250mm-135-d\\\/#primaryimage\"},\"image\":{\"@id\":\"https:\\\/\\\/velarogverkfaeri.is\\\/verkfaeralausnir\\\/handverkfaeri\\\/tangir\\\/product\\\/usag-krafttong-250mm-135-d\\\/#primaryimage\"},\"thumbnailUrl\":\"https:\\\/\\\/velarogverkfaeri.is\\\/wp-content\\\/uploads\\\/2024\\\/09\\\/d2c424b2-73af-4647-8963-3e439f2002f2.png\",\"datePublished\":\"2024-04-27T16:12:27+00:00\",\"dateModified\":\"2025-04-25T19:11:16+00:00\",\"breadcrumb\":{\"@id\":\"https:\\\/\\\/velarogverkfaeri.is\\\/verkfaeralausnir\\\/handverkfaeri\\\/tangir\\\/product\\\/usag-krafttong-250mm-135-d\\\/#breadcrumb\"},\"inLanguage\":\"en-US\",\"potentialAction\":[{\"@type\":\"ReadAction\",\"target\":[\"https:\\\/\\\/velarogverkfaeri.is\\\/verkfaeralausnir\\\/handverkfaeri\\\/tangir\\\/product\\\/usag-krafttong-250mm-135-d\\\/\"]}]},{\"@type\":\"ImageObject\",\"inLanguage\":\"en-US\",\"@id\":\"https:\\\/\\\/velarogverkfaeri.is\\\/verkfaeralausnir\\\/handverkfaeri\\\/tangir\\\/product\\\/usag-krafttong-250mm-135-d\\\/#primaryimage\",\"url\":\"https:\\\/\\\/velarogverkfaeri.is\\\/wp-content\\\/uploads\\\/2024\\\/09\\\/d2c424b2-73af-4647-8963-3e439f2002f2.png\",\"contentUrl\":\"https:\\\/\\\/velarogverkfaeri.is\\\/wp-content\\\/uploads\\\/2024\\\/09\\\/d2c424b2-73af-4647-8963-3e439f2002f2.png\",\"width\":858,\"height\":853},{\"@type\":\"BreadcrumbList\",\"@id\":\"https:\\\/\\\/velarogverkfaeri.is\\\/verkfaeralausnir\\\/handverkfaeri\\\/tangir\\\/product\\\/usag-krafttong-250mm-135-d\\\/#breadcrumb\",\"itemListElement\":[{\"@type\":\"ListItem\",\"position\":1,\"name\":\"Home\",\"item\":\"https:\\\/\\\/velarogverkfaeri.is\\\/\"},{\"@type\":\"ListItem\",\"position\":2,\"name\":\"Vefverslun\",\"item\":\"https:\\\/\\\/velarogverkfaeri.is\\\/vefverslun\\\/\"},{\"@type\":\"ListItem\",\"position\":3,\"name\":\"USAG Kraftt\u00f6ng 250mm 135 D\"}]},{\"@type\":\"WebSite\",\"@id\":\"https:\\\/\\\/velarogverkfaeri.is\\\/en\\\/#website\",\"url\":\"https:\\\/\\\/velarogverkfaeri.is\\\/en\\\/\",\"name\":\"V\u00e9lar & Verkf\u00e6ri\",\"description\":\"Umbo\u00f0s- og heildverslun fr\u00e1 \u00e1rinu 1919\",\"publisher\":{\"@id\":\"https:\\\/\\\/velarogverkfaeri.is\\\/en\\\/#organization\"},\"potentialAction\":[{\"@type\":\"SearchAction\",\"target\":{\"@type\":\"EntryPoint\",\"urlTemplate\":\"https:\\\/\\\/velarogverkfaeri.is\\\/en\\\/?s={search_term_string}\"},\"query-input\":{\"@type\":\"PropertyValueSpecification\",\"valueRequired\":true,\"valueName\":\"search_term_string\"}}],\"inLanguage\":\"en-US\"},{\"@type\":\"Organization\",\"@id\":\"https:\\\/\\\/velarogverkfaeri.is\\\/en\\\/#organization\",\"name\":\"V\u00e9lar & Verkf\u00e6ri\",\"url\":\"https:\\\/\\\/velarogverkfaeri.is\\\/en\\\/\",\"logo\":{\"@type\":\"ImageObject\",\"inLanguage\":\"en-US\",\"@id\":\"https:\\\/\\\/velarogverkfaeri.is\\\/en\\\/#\\\/schema\\\/logo\\\/image\\\/\",\"url\":\"https:\\\/\\\/velarogverkfaeri.is\\\/wp-content\\\/uploads\\\/2021\\\/10\\\/vv_logo_350x100.png\",\"contentUrl\":\"https:\\\/\\\/velarogverkfaeri.is\\\/wp-content\\\/uploads\\\/2021\\\/10\\\/vv_logo_350x100.png\",\"width\":350,\"height\":100,\"caption\":\"V\u00e9lar & Verkf\u00e6ri\"},\"image\":{\"@id\":\"https:\\\/\\\/velarogverkfaeri.is\\\/en\\\/#\\\/schema\\\/logo\\\/image\\\/\"},\"sameAs\":[\"https:\\\/\\\/www.facebook.com\\\/VelarOgVerkfaeri\"]}]}<\/script>\n<!-- \/ Yoast SEO plugin. -->","yoast_head_json":{"title":"USAG Kraftt\u00f6ng 250mm 135 D - V\u00e9lar &amp; Verkf\u00e6ri","robots":{"index":"index","follow":"follow","max-snippet":"max-snippet:-1","max-image-preview":"max-image-preview:large","max-video-preview":"max-video-preview:-1"},"canonical":"https:\/\/velarogverkfaeri.is\/en\/verkfaeralausnir\/handverkfaeri\/tangir\/product\/usag-krafttong-250mm-135-d\/","og_locale":"en_US","og_type":"article","og_title":"USAG Kraftt\u00f6ng 250mm 135 D - V\u00e9lar &amp; Verkf\u00e6ri","og_description":"Tegund:&nbsp;U01350535","og_url":"https:\/\/velarogverkfaeri.is\/en\/verkfaeralausnir\/handverkfaeri\/tangir\/product\/usag-krafttong-250mm-135-d\/","og_site_name":"V\u00e9lar &amp; Verkf\u00e6ri","article_publisher":"https:\/\/www.facebook.com\/VelarOgVerkfaeri","article_modified_time":"2025-04-25T19:11:16+00:00","og_image":[{"width":858,"height":853,"url":"https:\/\/velarogverkfaeri.is\/wp-content\/uploads\/2024\/09\/d2c424b2-73af-4647-8963-3e439f2002f2.png","type":"image\/png"}],"twitter_card":"summary_large_image","schema":{"@context":"https:\/\/schema.org","@graph":[{"@type":"WebPage","@id":"https:\/\/velarogverkfaeri.is\/verkfaeralausnir\/handverkfaeri\/tangir\/product\/usag-krafttong-250mm-135-d\/","url":"https:\/\/velarogverkfaeri.is\/verkfaeralausnir\/handverkfaeri\/tangir\/product\/usag-krafttong-250mm-135-d\/","name":"USAG Kraftt\u00f6ng 250mm 135 D - V\u00e9lar &amp; Verkf\u00e6ri","isPartOf":{"@id":"https:\/\/velarogverkfaeri.is\/en\/#website"},"primaryImageOfPage":{"@id":"https:\/\/velarogverkfaeri.is\/verkfaeralausnir\/handverkfaeri\/tangir\/product\/usag-krafttong-250mm-135-d\/#primaryimage"},"image":{"@id":"https:\/\/velarogverkfaeri.is\/verkfaeralausnir\/handverkfaeri\/tangir\/product\/usag-krafttong-250mm-135-d\/#primaryimage"},"thumbnailUrl":"https:\/\/velarogverkfaeri.is\/wp-content\/uploads\/2024\/09\/d2c424b2-73af-4647-8963-3e439f2002f2.png","datePublished":"2024-04-27T16:12:27+00:00","dateModified":"2025-04-25T19:11:16+00:00","breadcrumb":{"@id":"https:\/\/velarogverkfaeri.is\/verkfaeralausnir\/handverkfaeri\/tangir\/product\/usag-krafttong-250mm-135-d\/#breadcrumb"},"inLanguage":"en-US","potentialAction":[{"@type":"ReadAction","target":["https:\/\/velarogverkfaeri.is\/verkfaeralausnir\/handverkfaeri\/tangir\/product\/usag-krafttong-250mm-135-d\/"]}]},{"@type":"ImageObject","inLanguage":"en-US","@id":"https:\/\/velarogverkfaeri.is\/verkfaeralausnir\/handverkfaeri\/tangir\/product\/usag-krafttong-250mm-135-d\/#primaryimage","url":"https:\/\/velarogverkfaeri.is\/wp-content\/uploads\/2024\/09\/d2c424b2-73af-4647-8963-3e439f2002f2.png","contentUrl":"https:\/\/velarogverkfaeri.is\/wp-content\/uploads\/2024\/09\/d2c424b2-73af-4647-8963-3e439f2002f2.png","width":858,"height":853},{"@type":"BreadcrumbList","@id":"https:\/\/velarogverkfaeri.is\/verkfaeralausnir\/handverkfaeri\/tangir\/product\/usag-krafttong-250mm-135-d\/#breadcrumb","itemListElement":[{"@type":"ListItem","position":1,"name":"Home","item":"https:\/\/velarogverkfaeri.is\/"},{"@type":"ListItem","position":2,"name":"Vefverslun","item":"https:\/\/velarogverkfaeri.is\/vefverslun\/"},{"@type":"ListItem","position":3,"name":"USAG Kraftt\u00f6ng 250mm 135 D"}]},{"@type":"WebSite","@id":"https:\/\/velarogverkfaeri.is\/en\/#website","url":"https:\/\/velarogverkfaeri.is\/en\/","name":"V\u00e9lar & Verkf\u00e6ri","description":"Umbo\u00f0s- og heildverslun fr\u00e1 \u00e1rinu 1919","publisher":{"@id":"https:\/\/velarogverkfaeri.is\/en\/#organization"},"potentialAction":[{"@type":"SearchAction","target":{"@type":"EntryPoint","urlTemplate":"https:\/\/velarogverkfaeri.is\/en\/?s={search_term_string}"},"query-input":{"@type":"PropertyValueSpecification","valueRequired":true,"valueName":"search_term_string"}}],"inLanguage":"en-US"},{"@type":"Organization","@id":"https:\/\/velarogverkfaeri.is\/en\/#organization","name":"V\u00e9lar & Verkf\u00e6ri","url":"https:\/\/velarogverkfaeri.is\/en\/","logo":{"@type":"ImageObject","inLanguage":"en-US","@id":"https:\/\/velarogverkfaeri.is\/en\/#\/schema\/logo\/image\/","url":"https:\/\/velarogverkfaeri.is\/wp-content\/uploads\/2021\/10\/vv_logo_350x100.png","contentUrl":"https:\/\/velarogverkfaeri.is\/wp-content\/uploads\/2021\/10\/vv_logo_350x100.png","width":350,"height":100,"caption":"V\u00e9lar & Verkf\u00e6ri"},"image":{"@id":"https:\/\/velarogverkfaeri.is\/en\/#\/schema\/logo\/image\/"},"sameAs":["https:\/\/www.facebook.com\/VelarOgVerkfaeri"]}]}},"_links":{"self":[{"href":"https:\/\/velarogverkfaeri.is\/en\/wp-json\/wp\/v2\/product\/60104","targetHints":{"allow":["GET"]}}],"collection":[{"href":"https:\/\/velarogverkfaeri.is\/en\/wp-json\/wp\/v2\/product"}],"about":[{"href":"https:\/\/velarogverkfaeri.is\/en\/wp-json\/wp\/v2\/types\/product"}],"replies":[{"embeddable":true,"href":"https:\/\/velarogverkfaeri.is\/en\/wp-json\/wp\/v2\/comments?post=60104"}],"wp:featuredmedia":[{"embeddable":true,"href":"https:\/\/velarogverkfaeri.is\/en\/wp-json\/wp\/v2\/media\/65842"}],"wp:attachment":[{"href":"https:\/\/velarogverkfaeri.is\/en\/wp-json\/wp\/v2\/media?parent=60104"}],"wp:term":[{"taxonomy":"product_brand","embeddable":true,"href":"https:\/\/velarogverkfaeri.is\/en\/wp-json\/wp\/v2\/product_brand?post=60104"},{"taxonomy":"product_cat","embeddable":true,"href":"https:\/\/velarogverkfaeri.is\/en\/wp-json\/wp\/v2\/product_cat?post=60104"},{"taxonomy":"product_tag","embeddable":true,"href":"https:\/\/velarogverkfaeri.is\/en\/wp-json\/wp\/v2\/product_tag?post=60104"}],"curies":[{"name":"wp","href":"https:\/\/api.w.org\/{rel}","templated":true}]}}