{"id":60103,"date":"2024-04-27T16:12:27","date_gmt":"2024-04-27T16:12:27","guid":{"rendered":"https:\/\/velarogverkfaeri.is\/?post_type=product&#038;p=60103"},"modified":"2025-04-25T19:11:14","modified_gmt":"2025-04-25T19:11:14","slug":"usag-krafttong-250mm-135-c","status":"publish","type":"product","link":"https:\/\/velarogverkfaeri.is\/en\/verkfaeralausnir\/handverkfaeri\/tangir\/product\/usag-krafttong-250mm-135-c\/","title":{"rendered":"USAG Kraftt\u00f6ng 250mm 135 C"},"content":{"rendered":"<p><img decoding=\"async\" src=\"data:image\/png;base64,iVBORw0KGgoAAAANSUhEUgAAAYQAAAB1CAYAAABOBJbbAAAAAXNSR0IArs4c6QAAAARnQU1BAACxjwv8YQUAAAAJcEhZcwAADsMAAA7DAcdvqGQAACEqSURBVHhe7Z3da1xJdsBPsss+JLvDjSxMOw9LI2TDgMe0l9a8WAgMZi1WIhBsdsHR01hv0eM86mFB+gMC0qMMCdaYedAQCC0sDSbOmjYJo8bdaJ01jDqi2RCrY2TTkGESwobOOaeq7q26362++rB1frti+n5U1anPU3Vuuc4f9REQBEEQzj1\/rP8rCIIgnHNEIQiCIAiMKARBEASBKeAbQhe2Vteg0dOXFuWZRZi7ri9OjRasL9cAIrKo+52xWVi8V9H3BEEQzi+FrRC8iXlYXFx0\/k5fGaRwgH8e\/v9CSV0LgiCcc86vyehSBeYWFmHhtigEQRAEojCTUfvyfOLg2t1ehbWdwKZkm5Jaj5ahfmEWxvdqyuykTTjhMIoyzC7OQcWYe\/RdWp3YaVOctX19MVaG8j6+GTEZKbkPb5j7IdOXV4X5hWkoNddheRN0uoR+b8QyNR1sweqDNozfX4DpLr1vJDsrZjNBEIRsjn2FoAZ2DwdUbUq6X4Xe5jKsN\/ULSG+nDnBHP6dBFgfYjVAYL6QMer6Jah6VyZofH6VX26d3ddiPwVccaXS3N1ipqTgXYXakARvbXYDrt6DqdeClkfegBW1SGvsvURJFd7cNvbFJmL6EsqEyICVg4rnqvyUIgnC2yaEQaEa8DMvL+u9R\/ADX21kL3vHf60Jrr4cDpJldI5emYXIMB+lXVjw8mOrfRPcQwmsDn+ZL6ODs\/a6\/IijB9I2yji8mvetXUZVkU7q94KwyShc86L1FhYDxl0YCeWnwh4lZVBI96NJ3CJPmx36K0HtD4RSV68F9QRCEs8wPfo3o3wn8GMY\/nYKpKf33Sdgs9B20v3kB338yD59\/9ovQe234l6+\/BbgyBdfsAf\/1Lrz4jx\/BlU\/H4bvfPoNv4Yob76VrMPWTXVh78A\/w7NkzeNZ8DaWZBfg5xtHdfQYv9vfhBd03fzggQ\/8jjA\/gZSS9Luw+i5HByP3T4D6tLv7my685zhev\/wfgz5RcpT\/8Hp598wY+mroI7a3fwcjNv4DKH76B+n\/+FD790xZs\/fOPoPqra6Q64NrUFXi3tQZffk2y\/R7D0H1BEISzzzGbjEow6umfFt23OICP0PCZBJleyG4fmF6MHb50kbYGVWHeesZ\/ZO9XrxwJ+u6w9nbSj29+whKcVxm4Imi2UMWNQwUVSOnaOMBeC1psLroarEhQiukFE0cPaqtbqJIEQRDOPseuECqXPehsrgeW9IMtqO+DY2KJUoGrYx2o2SYo\/OPvBDQ49xrwxPoGQasAZb6hcACd58Eg3N2u5\/iGgOHf2TIpM1AAxduDxmYD4HJFKZ5LFVQNbag75iIM1wwN\/6mKTxAE4exwJnYZ1cD9x2H0\/gbcdeLjOPbG1c4f\/WE5GOg98CYm8X2Kw90t5E2oHUzBbiKDes+\/z7uJTIweVHGF0Hh7NZCLn\/egSjuJLBOT+mCuv1kcoFxfoVx+Vs2HcEEQhLPPmTztNE5JqO2pyUpncEIKQRAE4ZxzRo+\/dmf5RPjfGgyFWQ2Yf2ugbwuCIJxnzqhCEARBEE6a83t0hSAIguAgCkEQBEFgRCEIgiAIjCgEQRAEgRGFIAiCIDCiEARBEARGFIIgCILAiEIQBEEQGFEIgiAIAiMKQRAEQWBEIQiCIAjMkGcZRQ+hcxn++Ofu9jq0rs0FLjZth\/aOBzSFOpIanGOqj4O4E1kHQx\/hPTZMHEcjTfbgqPIP4Ohu\/0hzb+j20Hq0DnCvqPI4vboXLDLGkiJ5X\/rVkCuEwDuY72XM8WY2bMbDjmry4kHpmCt4aMihDxXXhTN01ip2kA3271BE3Z025HWP\/FdQXobt8C14ua9\/FsFZrHvh+HiP+tUZNxl14XBAfUDO8t+LwexSBeZQmRbn36EAuofQ80Y\/jOPAD7rQK2piwHEVyFmse+H4eI\/6VaHHX7tezTS8LGsEHSq8TE56Hr5vlv2gl3nk0WzHeDizlmFkJng+anlWq8PozDi0N01crvmAzSfh2V+cnwTHo1oZymMd6Fhml2BJSNjLwpBZzY877KBHmxH4pQDyA3EXNtjf8yzUAllD5ZicPpIhO+GGR3w5Q3LZZcN1dAiTMwC1JNOMkzambnnLC9D1dH8SDh+YtEJxhdpDEE+0jsuflKHz2yBNuzyc+g7XcygN9sFx8Ykjvx2XT6StKkjGq6\/IsZPy2sdtgOut5NQ9lz3W7\/yFelAHieYktz6UnxBQbWwkFIbLnnyTk7xx4VTOTfpp7StgkPZAxJQXohxehcsF3wqXpSVH1NSpZAHdFrLz4fZFb6wMsN+LMRkl9FmnPBW2TJH0MdxfXm7D38f1q9R+ESpjKw9uP3XL1h3L4ss9E1IIRXGwtdJfWnncP9DX\/deP+ytLS\/2HL\/Q1Pnm8stRf+qKpLrOe95v9h0sr\/cev9SWhwwTvhMK8eGjJQOHxmSVT8wvr2nkXCV8bInLqeHWanO+lh3hXY8UTLZNmv8n5UXKbOEmula0gZftaxW+lH5InLf0s2R0i+VfvhuUKxx0bF0PhLbn4fevaR8tkPXPKLTYPpl3osI7cSExajuwIp2Fkj6RBzx+r8IlyE249hq85zXAbDr1j6jcoZ5UnWxaFuh+8Z8VDdefIaKeREo6uMtpXQDgenb\/E9qDSiWsfseUSSdcNz2GcuNxyyspHbP1H6kbft9uT6bORMnZliqRviO1XVjxO+4qWcf\/FY5ZRxW+Fs+ONyIYyh+XIQQ6TEWlLy9n9I99dfibd3Tb0ULsFmq8E0zdIK79EHZj9PBmcPd40uk858od3XZQ0nvKNYBZY+Rjj7x3yu903luZOISqncuavUN85yjOWNr5+C6rQhhY7\/kd0esylClQiZgzl5D8VnFncMumTg3\/Mcu8N5yI1\/XTZM2i+hA6me9cybVRuVsHrWXlz6iJMBebsWcqlEr7dg64f1sXOQ+nauJ9OXB5uTQC0d4Mat+s4HvoOgLLeCd4r3Z6Est0W7TJGSrenA9kTyWHWHJvM\/obhlLOqo86rUC+I1IfqL\/we1bnXgfq2LpODFrR7ZbhK+UkLZ7Dz7rQvi4HbQ0bfDJXL0ccDi8R8xNQ\/tTH9O0Jmn03ATj+RlH5BZYyz+0mrjOH6NJZTjnHG6Vsoc6YcUX6o\/5sCVsrCIkzrq0Hovo3pKaVRzHxbCZ71PG8lHBH63jAPuARDRafABnN\/zm8whth8+KgBobOJyhKXkzZlbFH8TeMiLg8xDVzcJrgCpTKe52Xq8o6+hQ1r\/l74vTjS00+XPR2lMEfVhYEbbwMOqbfkEQ87orP8xdChGOOx0uE87NewDKkELcb8LpsNfwfoQefBMsZqg\/KYtjhSypclB+rcgHm0yh8HtcUjdEab0gUcqvbUQGpk4vrodbC9ujkAbxTfwwEAB9\/GXgu6qMi6Txs8uNLgkR4uP8W0h2SyxouhotffgfK0vXx9dlji+wWXsTcek9f0fg7X52CxROY2fE43qQ36prL85FAIR4cb9Vt9YaAPLJh5+tiX9fzYOdiCDfrmsZg1u0yjBKM0zUhz1k+Vxc+oEazB+sXou93tDWhfnofFgRteevqtV\/rHEShdpEFJXxj0x9rxPGKyPZi29aFsXJ+U\/zo\/ysRKp\/SGMjiZ0MBzzh154ML4IvZiRTdmAM5L65GyYw+rBGx4cAwpKK4PHCyc7x42tOLZqeOMsQWHNBu+r8orK1xepTB0e8jg1McDm7g+yw8KIKVfcBnvqNWJW6Q5xplL07CAYxnVKE0uV7dLAyuyY91lxEsynNmtN\/UNEvQ56sSxqzxzyXp+7NCSEmc3tELwTWLLq7DlL7sUbGbarwf3sULr\/scbtSzuPN9yOlYXOwrTbIWGLJwJxNQRlQXs4ArBlmXVjTOe9PTTZc\/g+lUo9xqwYcwQSItmnji45FpCU2e23+XlcDK2icJOR7UTKw8E5i+7bGzIDNODxlO3Nkw5cRqY1yd2W3yUp\/xVGfPMza67AUyrjG2i0HVU\/jjUC3R9BDISWA5+uag8tr+qQ8cu98xwORm2PWSQOV6QwrDNTxntyYHNR279s+z6t0NSn+XVim2WOeJ25LR+QWWMV77pD6F\/A9PKGmdwEhCYjhTexcG19LGuEFhj3Qe1jLGX02aml\/WcG3gNanqZz1\/iB89jIq1HaqeHPbPjL\/XYaKbt2SjOFubfrMKaMTd4VZid8KCmZzNR0xO+4pVh\/M4czm7rUMeloTF20PJTzQpscIZAuzMWFy1FSLOGGnbiabil7ySRlv50huzpGHNIyJSVNEMNQzbO52uBqWKsClXslInsbWA6+rmdDrcTazlMeB6UL9+Fudv6OgeVe5gZrF\/b9ORhOpOYToXSmDnEdhi0RQ\/lLWEnK\/FgsgY1LN8aDgmR3U+0q23RMjXyDJAUWCVfORFYLnWOXxG\/GyvGPIXyeBOTsIAyEmTTrz9oYHi7jrLD5WPI9pBFxnhQun0Xqnvh9tSBQ3WVAZllZ+EQ697Uf3lmFso40QjTSuyz03B3wupLOHRXsS91cvUli9R+gWV8v4tlYJXxWBlmUUmm9fNK9yXUNwOZj2q2LHTb6fuFWlaRmSZYVql7wVbQE4IHkNC\/mOR7pCSsj0gfLEr5me2D7xUxWxH5nr\/1ORveShjeri0Ip8A5VgiEGojsZWf8zOwECO1LptnHkfYRv5e8xwoBcfeGIwPOmkUhCGeFc64QBEEQBIOcdioIgiAwohAEQRAERhSCIAiCwIhCEARBEBhRCIIgCAIjCkEQBEFgRCEIgiAIjCgEQRAEgRGFIAiCIDCiEARBEARGFIIgCILAFKIQ6Mho5yx4+hvgPHh13neBHGzBunWe+MDQSaMxfhFOEzoALc5Xw9miBeuD+gE4Clw\/y7Cau45PSK4Uhm3j3Mdi8qD63tHi7m6vh3xMFNPuua3m8uVRAI7MdFrxsuVPQRiU4lYIdP724qL+m4fqu1pOpXBEJxMpsG9W\/fvD4hQ8Rw3CIA5LCiC3A5ATlitK8W1cQUOuh\/8fPcIpqcpHryDYHJPJaADn2AfK12mRDONH+KzCfl7P+HHYyufuCUCOVHDikfeo7BOTK4ljaOOKElTuYbs40rHZykevINgUcvw1exkD29MZ4jgOCfkdMF6QUnwAuGfM274BKK46jM6MQ3vTuMAzXqyUg5uG1dADB9muDK7jbDecN0bKrBfvf5eWqA8s13uWRyeW+e0kzF+oB7JbzwkuKzNbtM\/N53gPYXIGoOaXiZVvx+lKWhnwhZuOIXJOf6i8+HkJnmA59UKOxe0z+7tO3EpG8kTmpGflOynPprxmsfWo5xTXLehaMsX7p9D51\/ml+OsXZmF8rxbUoZY\/Ug455CISy+8OwIZTT6bci2zjiBOuDOWxDsbttiXClKG6n90umHAbNu8A3W\/D+IQHjZ2YNoikyqwxbaU60oCGKUOnHySUFZJWl4q0vqqe2Q6u0uR16zg+L+cOUgjD0vxiqb\/0RVNfEc3+w6XgHj1\/+IJ\/Igf9xyvW9evH\/ZWlhxgi4GBrpb9k33vxsL+08hhDEjpu\/1qnH7pe2TJXhAoT3HNlCIdX6a\/0H7\/WNwwsazQvJp8qnJ2OSjc1HVNuOu6gHN24ByoD510kfK3h9O37r5v9JuWZ3nfqhNLT5RHzrKnz5+RHk5ZnU16mfMLX0bQMljx0RWnY9cXhgutB5YqUl30dqScFxRduF\/71oG080s50fYfSJNy8ZbQLB7cMmYw2mCqzhXovnP\/gOq2ssuoytt78525cqfJyvHadBO34PJPDZERaN8fH4n3yVWreUzNMo\/XJl20wyytBacR1qO6ibJvlGUtbkw9SaDtOpMs3gtkcO5K3nZSHIRsyzu7u+rMMZdLqvKK8kH0XZ0h3gvjY2bf+bcPfJnA2Y+clYhpz0iGf0JCczu1JKDtmNXx+0+RaOdV2nIqHSCqDgUwkdrldqgA7\/qby9jrwUn+c626HnLbj3NJ27F5JNN3kyDOW1y0dvnSRSr0MV018EafmKYxNBrNgdlTeg8PEBpEuV3b52fWkKLKNR9uZakd5GahvREhqg\/n6pY9Vr8rBfVAemWWVWJf5+2pWGSvytuPzQw4n++ScehGXkxk4S8Io4SW4d0H\/iKBsmx3L2bmhTI3CXvrmhDt4rxM4tTZ4o9wgqPuPqjupxH6b4EGrzfGYRmpTuoDNdQ+7E6fTg47voNvgwajfKIsh6owbO9F9ywm8hr9LXFxnJU7OuYOluRoI1p5vQfd6RXUsM8hcn4PFEpkWsH7oOq3e2XaenOe48joRMuSq5Cy\/MEW18bP5DazYfpm\/rCz0t5g8fTVT3kHa8Tkih0IYFmXXI2f2i\/dUl2I7If+KowSjpPILdHTPM0+c4br2c83Blv6RDQ\/ub\/WFoXuIjVTv\/tlVt2y4c4\/gLAife\/i\/2O8SRJFKAfO0Qfb+xZj8hqGOweVMdt01WL+oyp1nzDs1ePLoEDo4r5q364I\/6tIUQdXt6nbJ+d7gc6mUmuduTHmdCBlyDVR+TLFtvPVK\/zhTFNUvBy2ro5JD3rzt+BxxAv8wjTQ1dr5rpqBp2ad\/xqJmpx2aneo7RBdnB0eGlp29Bjxx9ierWbtazvag8TQw3LSe2h\/cAnh5ul+z9jljQ3rewdnF1WBZai\/PcWCpY17LH9NTWva76RBD5SsJyhPOfWmGG5jxYvaXN1tsIgnAGbLfHypwawLrYb\/jmCDgAMOE4kne\/nmCeR6IDLnylp9PsW2czTz79SA93Y5Ol6L65aBlZTFAX82Ud6B2fH44gRUCDSx1WPOX52Wo4kDjVyJX8hrUsNPVcEDi3Q6RJTtWlleG8Ttz8TO6ENShaptrsLyDF3opOLcIOAPGju0vH3GOODEJC5j+9MIsHC7TNxAynKCEM7NQxg4ZgWYU90EtM0084aUmNtg650Vh75Ih2yntxjHpEJ5XhUlcuRS5WG09Ujst1MxfwUt07EjTlqytN3WUtebLSiajOat8WQHuHAY2faTbfQn1zSAM518\/5\/cf6HLEfNGKLC3PJ9X9BpUL0srvpr7hUHAbx1Xb\/Bt8ZuJDuWYxvlp4dToUpBSxHnUa3E4zKiRqirRkztEvFRlllQqZr3P2VSRN3kpKOz7PFLLtVFCY7XaxpqkTI1iSh7fq2dvx8sBL+Qvu9tMPn+LKTxDeN0QhFMjZUAhEaJ83Er+fPxm1f9s7p3uzhy8\/QXgfEYUgCIIgMCfwUVkQBEF4HxCFIAiCIDCiEARBEARGFIIgCILAiEIQBEEQGFEIgiAIAiMKQRAEQWBEIQiCIAiMKARBEASBEYUgCIIgMIUoBDoELTgmWP8leVaLhc6OsY4XJn+yq+6xtScJneOTftxxEVCel\/2jtAtL82AL1rdPq+SQlPQHzyOW0UDtqHhaj9ZRiqPDfSMmD6rPHC3usExcrgX0lyRZjwNX5lD\/F06N4lYIdHzs4qL+oyNpa7B6mgPT0GinNyfK8Gmy+0X9+zTITn+APJLrU\/3zdBjgrP6BoH5BTptGj3AI4nHJJAjHZjJSzlV6e61Tm+UPA7uWPOFTPotK87TdL6alP2geB\/INfRwcKJeNxVOCyj0si6OcintsMglCQaed0lKzBq6jGFoSukdBh44U1o5Kgmd1GDUuDclk9Hw0MWzg+1elXb8wC+N7NWhQTwk7rEFYvvCsitK\/A7Dx4BAmZwBqmxS7dl7StdM3sk3C4QMjg34vMtNV5+azHISTx5AcY2VcRWFs5lhlO88H5Ou17bh4dMszLp0KtOx7iCqnrpJ\/Zhzam8q7FN+\/+ASWOc90w5WT09oxEZWtI7B1WVhxYWBdFiGZELuemFC9RuoOMWEidWbVq\/Ms0o7cY6sJjvNaC8s0oa5NOSD+Mdckq3XfLofk8kGccFjHYx2UJ9omOY63k+o+17ctGxGKl0iQqaTbRnWkAQ2\/fblpJpdZAL8DVai+w3hC9aEIlW+oTpLqkuE8Bm2mPAbQeWfas+ljofaeVMbC8UEKYViaXyz1l75o6ivk9eP+ytJS\/+ELfd1v9h\/i9crWgb7WYVYe99Uder7Sf\/yaL\/r9Fw9Dz+ywB\/3HK0HcHI8dNowTF2Jfazkd2YmY9JeWHuIvxcHWihunhu6H82iuOYwVB6dhl1FELjdPdpqR9F83+039rp2mQssfzo9\/rcozVc7EsCq98LWbvoUTlw4brnfrmmUJ1U04PfudcNrOdWxdU36svPI7KddIavnoNMLtPtK+ECdvEdlUncSFS5bJSjckR1qZ2WTVBz0P8pbRD52wqhyCutH582Wi56F6Typj4VjJYTKimZ\/+UJz2sXif3Nrpd3h2azkUIVswzkruWrPFys0qeL12xK9phEjYEkzfKEPnlSXH2GTMbF2RbXbAmeLN7LlHeSaYobBLxhjZySRiz4jJKX\/vLRnNutDa6zlxsJ9n\/fNI2L6bL1WgkpB\/Q+AXucTOx73LFf+6NILRJcp5C+eMbl5tH8vs\/9eWZVDsuuMy6cFhYmRkP8f6uhOkX7o9iSutl\/ikC913+mYi4bom16pWXtn5fg\/Y13Ys6eXD309w1hw40iE3lfpnJrZsyh8wvMM86TuZYB+5ZdJll51YLW8odFqZxZBSH+R2NMibbjechiYpbEwf5vzFkq8NCsdDDoVAfkzNx2L8Cy19fWj5SM9nosNc7KCsO19y51dw2F7I4Tktm3N2FvarerkdhN\/sOZ3jSKTITktdI2ew5CXH4vpnAbAtnswLOp3iPt4rOTubuqz4j8xA2fV0IrD9vAcN8mnty0cmDBrEqZ3Ow\/jemv+s9s6dhMRD5go7rjTSy+e0v9\/Eklpm+p0BINOQiSdihk1gsG9BZ7wNfuAU\/1H5+hzMjmED\/CrYBle6GDMb4IbqwWhGf+WwZPP0dzDpvxgbaCwHW7BBtnc\/bJztf0ASZKfOwnZhndb8RNIsqACwnFU6s+DtrPnbV4dDrR7Ijm7yYP6CmeEpwooYZ7u4+nTlU3Xa3d5gX8j+\/aw2QnZttl2beGYzVm1nvHziyCiz\/ChLAfnYNnHM5l79DMJ7WMYfEMeyy6hybx6XeDirN+YlWj7iLH\/Dmsm2njag541DlqnDhH3iDHi4Osg7u6HlM8nizzbob\/A9z\/bSOF52ZbIof2xWUGrpq1Cmg87zQEl2t+vJs9HICsSOC2m2Qsv9bMWaD7WUt+UkuqgAzwZUjjjZeOrm3shHpjxA5RjUM\/6l7c\/vHrr1mLnNNb182Hy2Xw\/aFiqces5Z9PGRXmb5oZm7B+PXTEPLv\/1VmVjtPtyCJ\/7qOcxZb4MfNj\/U\/y0YXL7fqUL7QQ07ZJd3EswtAi7NsbPu6Fdo1p9rlk92XgqLnXtT36I5z8QkLOBgn0Xr0Roc3sAZhjW74N0U2EGmb+obedjbQNl1I46VXX3bWKalLsuJs7IJHCDe8kNWkt3VNVRMDb72Jmah6tXgkK\/CYJ5nXkbj2uOH0HpThzou+2vqkndzzOlBjQal2qYuZ94Fou7nhU1ssMoK1OB5ZRi\/M5drRhlNP7uOkuCBhNoQ5tWUOdmxgc0WJvckXxUmF0rwknbq4EwySFHtinnSxPYX19DINv08qBMYq2KdWAMV2+LX2DRXozqgXTBp5YOrtvk3+OzBMk5B6EEVZnGVWNNtoBBiZMoq4eQyw\/LU19nQVvJ6kDdcS1Vpazn\/zuDSNCzMHFrtuQyzM2Uc9PlphGHboHB0PnAn+2orJJkRgo+96h4piXxLUDWo+NtDj4vQlkxhQHhbo7tVV90jJWF9oBQEIZEPXCEQob3TiL\/XPBfHrRCC\/fuDySVESPm3A4IgZHMOFIIgCIKQh2M6ukIQBEF43xCFIAiCIDCiEARBEARGFIIgCILAiEIQBEEQGFEIgiAIAiMKQRAEQWBEIQiCIAiMKARBEASBEYUgCIIgMKIQBEEQBKags4yiB8jlP966QPh0ywaA5dy79Wgd4F5wwJly3g3qKOP37Chd5QR9uCOlBUEQkihmhXDQhR4pANvD0Ske4+xdNCknOfHwoCTnqguCIDgUoxDI89RI6fTP8SdHHLarPVJU+qeB\/RHLkciCIAgRCjEZsRmGfAnnNmWQiYl82U7C4QNjatIeqRznJo1gQLe9b4WekccwZSIy8WI83YSz8SOOaELmLtvUZRyskEN7Py7rjP1EOQLIzFO\/MAvjezX2eWDyoUxXfsjUvJt4wyYjE4f4URAEoQh+8GtE\/z4y7W++hm\/3v4Vnz56pv93v4cqn4\/Bj\/TxKF3af7cLvmv8Lk4sL8MupKbjy399Arf5OhdMDoocD3cKvpmBq6gp8\/5sv4cv2RzD1CcDW39Xg3Sfz8Plnv8BnU\/DT\/2rDd5dKmB7F+3v4k599CuOXr8HU5e9ht\/kjuMVpXFODfHcXnv37n8DPWD6lDHo44Jq4PmpjOr\/R8n\/Xhm+av4Pd\/0Nl99e\/VHLs\/iP8U6YcAd3fPoPdf30Df\/5Xn8NnM5iXT1AKzN\/f1kdg7vPP4BcYbuon38KX268T8o7x\/lsd2uPjABjXt3CF41DKwEPltAA\/F\/OXIAgFkMNkRB69yB+r\/jOO8y3IZ6v\/7QD\/ZkcasOY7N6dBNwi\/ajnaL88EphvliLsNrQMas9vQw5l0MOtV\/oph\/yXGpui9DeIpXa8czVxFTtVxRXDXmtVXblZ9ORQ4e7\/pS8kOwOFdV+ctpxxjk+4HbDJt2d9YSqOY5iHHyXlHmW5ZM\/7S7ZDvW1zlKGUgpi9BEIojh0LAwXjBGvBzmIXcQZWc5AfhwyYVH5xZk8vuQxwVu2+NscSCBk183j1Q8swCOV8nJbMKW\/7gPRjdNzHpWHKkM6QctBIwitIyD3He077H7GN6mx3wJm6JMhAEoVDOzr9D4A\/AHoziSFi6gLPwMPThGp+b3UH+qmTGg8aDdX\/lMAilizHpWHLk4Uhy0HcMdv6uw95HBaofcd6tFUgE+gaB78POGqw39T1BEIQCKEAhdGHrkTEPEXj9Fc54w2aSGHpvglCtpxjGG4cKhmHzEc6EgwEP43zewcHwKs+KW83QsOuNJs+o07h+Fcq9BmxYZixbjiyOKgevTHRe+JrMRPq3Mp014Imdd6d8ETI5zZShs3n01ZEgCEKY4XcZNbdg\/VUbOvuB+SVut42L\/pjredDr6XDhf8gW2mkT7DJqwdZqHRomHM6tgx061i4jvqbvH2tqd495j3YfDbTLqA3j1g4g\/pi7N47vlKCVKEdA\/D8mc9P0JnCFsHMIV803AVpBWDukvLEqTN6cBngaiku\/l13egiAI2RT0L5UHRQ2IINslBUEQzgxn5xuCIAiCcKqc0gpBEARBOGvICkEQBEFgRCEIgiAIjCgEQRAEgRGFIAiCIDCiEARBEAQE4P8BicWceQRAGF0AAAAASUVORK5CYII=\" alt=\"\"><\/p>","protected":false},"excerpt":{"rendered":"<p>Tegund:&nbsp;U01350530<\/p>","protected":false},"featured_media":65841,"comment_status":"closed","ping_status":"closed","template":"","meta":[],"product_brand":[],"product_cat":[588,786,515],"product_tag":[],"class_list":{"0":"post-60103","1":"product","2":"type-product","3":"status-publish","4":"has-post-thumbnail","6":"product_cat-handverkfaeri","7":"product_cat-tangir","8":"product_cat-verkfaeralausnir","10":"first","11":"instock","12":"taxable","13":"shipping-taxable","14":"purchasable","15":"product-type-simple"},"yoast_head":"<!-- This site is optimized with the Yoast SEO plugin v27.3 - https:\/\/yoast.com\/product\/yoast-seo-wordpress\/ -->\n<title>USAG Kraftt\u00f6ng 250mm 135 C - V\u00e9lar &amp; Verkf\u00e6ri<\/title>\n<meta name=\"robots\" content=\"index, follow, max-snippet:-1, max-image-preview:large, max-video-preview:-1\" \/>\n<link rel=\"canonical\" href=\"https:\/\/velarogverkfaeri.is\/en\/verkfaeralausnir\/handverkfaeri\/tangir\/product\/usag-krafttong-250mm-135-c\/\" \/>\n<meta property=\"og:locale\" content=\"en_US\" \/>\n<meta property=\"og:type\" content=\"article\" \/>\n<meta property=\"og:title\" content=\"USAG Kraftt\u00f6ng 250mm 135 C - V\u00e9lar &amp; Verkf\u00e6ri\" \/>\n<meta property=\"og:description\" content=\"Tegund:&nbsp;U01350530\" \/>\n<meta property=\"og:url\" content=\"https:\/\/velarogverkfaeri.is\/en\/verkfaeralausnir\/handverkfaeri\/tangir\/product\/usag-krafttong-250mm-135-c\/\" \/>\n<meta property=\"og:site_name\" content=\"V\u00e9lar &amp; Verkf\u00e6ri\" \/>\n<meta property=\"article:publisher\" content=\"https:\/\/www.facebook.com\/VelarOgVerkfaeri\" \/>\n<meta property=\"article:modified_time\" content=\"2025-04-25T19:11:14+00:00\" \/>\n<meta property=\"og:image\" content=\"https:\/\/velarogverkfaeri.is\/wp-content\/uploads\/2024\/09\/94b7d32e-b0b5-4126-be0b-e52f1808c896.png\" \/>\n\t<meta property=\"og:image:width\" content=\"861\" \/>\n\t<meta property=\"og:image:height\" content=\"861\" \/>\n\t<meta property=\"og:image:type\" content=\"image\/png\" \/>\n<meta name=\"twitter:card\" content=\"summary_large_image\" \/>\n<script type=\"application\/ld+json\" class=\"yoast-schema-graph\">{\"@context\":\"https:\\\/\\\/schema.org\",\"@graph\":[{\"@type\":\"WebPage\",\"@id\":\"https:\\\/\\\/velarogverkfaeri.is\\\/verkfaeralausnir\\\/handverkfaeri\\\/tangir\\\/product\\\/usag-krafttong-250mm-135-c\\\/\",\"url\":\"https:\\\/\\\/velarogverkfaeri.is\\\/verkfaeralausnir\\\/handverkfaeri\\\/tangir\\\/product\\\/usag-krafttong-250mm-135-c\\\/\",\"name\":\"USAG Kraftt\u00f6ng 250mm 135 C - V\u00e9lar &amp; Verkf\u00e6ri\",\"isPartOf\":{\"@id\":\"https:\\\/\\\/velarogverkfaeri.is\\\/en\\\/#website\"},\"primaryImageOfPage\":{\"@id\":\"https:\\\/\\\/velarogverkfaeri.is\\\/verkfaeralausnir\\\/handverkfaeri\\\/tangir\\\/product\\\/usag-krafttong-250mm-135-c\\\/#primaryimage\"},\"image\":{\"@id\":\"https:\\\/\\\/velarogverkfaeri.is\\\/verkfaeralausnir\\\/handverkfaeri\\\/tangir\\\/product\\\/usag-krafttong-250mm-135-c\\\/#primaryimage\"},\"thumbnailUrl\":\"https:\\\/\\\/velarogverkfaeri.is\\\/wp-content\\\/uploads\\\/2024\\\/09\\\/94b7d32e-b0b5-4126-be0b-e52f1808c896.png\",\"datePublished\":\"2024-04-27T16:12:27+00:00\",\"dateModified\":\"2025-04-25T19:11:14+00:00\",\"breadcrumb\":{\"@id\":\"https:\\\/\\\/velarogverkfaeri.is\\\/verkfaeralausnir\\\/handverkfaeri\\\/tangir\\\/product\\\/usag-krafttong-250mm-135-c\\\/#breadcrumb\"},\"inLanguage\":\"en-US\",\"potentialAction\":[{\"@type\":\"ReadAction\",\"target\":[\"https:\\\/\\\/velarogverkfaeri.is\\\/verkfaeralausnir\\\/handverkfaeri\\\/tangir\\\/product\\\/usag-krafttong-250mm-135-c\\\/\"]}]},{\"@type\":\"ImageObject\",\"inLanguage\":\"en-US\",\"@id\":\"https:\\\/\\\/velarogverkfaeri.is\\\/verkfaeralausnir\\\/handverkfaeri\\\/tangir\\\/product\\\/usag-krafttong-250mm-135-c\\\/#primaryimage\",\"url\":\"https:\\\/\\\/velarogverkfaeri.is\\\/wp-content\\\/uploads\\\/2024\\\/09\\\/94b7d32e-b0b5-4126-be0b-e52f1808c896.png\",\"contentUrl\":\"https:\\\/\\\/velarogverkfaeri.is\\\/wp-content\\\/uploads\\\/2024\\\/09\\\/94b7d32e-b0b5-4126-be0b-e52f1808c896.png\",\"width\":861,\"height\":861},{\"@type\":\"BreadcrumbList\",\"@id\":\"https:\\\/\\\/velarogverkfaeri.is\\\/verkfaeralausnir\\\/handverkfaeri\\\/tangir\\\/product\\\/usag-krafttong-250mm-135-c\\\/#breadcrumb\",\"itemListElement\":[{\"@type\":\"ListItem\",\"position\":1,\"name\":\"Home\",\"item\":\"https:\\\/\\\/velarogverkfaeri.is\\\/\"},{\"@type\":\"ListItem\",\"position\":2,\"name\":\"Vefverslun\",\"item\":\"https:\\\/\\\/velarogverkfaeri.is\\\/vefverslun\\\/\"},{\"@type\":\"ListItem\",\"position\":3,\"name\":\"USAG Kraftt\u00f6ng 250mm 135 C\"}]},{\"@type\":\"WebSite\",\"@id\":\"https:\\\/\\\/velarogverkfaeri.is\\\/en\\\/#website\",\"url\":\"https:\\\/\\\/velarogverkfaeri.is\\\/en\\\/\",\"name\":\"V\u00e9lar & Verkf\u00e6ri\",\"description\":\"Umbo\u00f0s- og heildverslun fr\u00e1 \u00e1rinu 1919\",\"publisher\":{\"@id\":\"https:\\\/\\\/velarogverkfaeri.is\\\/en\\\/#organization\"},\"potentialAction\":[{\"@type\":\"SearchAction\",\"target\":{\"@type\":\"EntryPoint\",\"urlTemplate\":\"https:\\\/\\\/velarogverkfaeri.is\\\/en\\\/?s={search_term_string}\"},\"query-input\":{\"@type\":\"PropertyValueSpecification\",\"valueRequired\":true,\"valueName\":\"search_term_string\"}}],\"inLanguage\":\"en-US\"},{\"@type\":\"Organization\",\"@id\":\"https:\\\/\\\/velarogverkfaeri.is\\\/en\\\/#organization\",\"name\":\"V\u00e9lar & Verkf\u00e6ri\",\"url\":\"https:\\\/\\\/velarogverkfaeri.is\\\/en\\\/\",\"logo\":{\"@type\":\"ImageObject\",\"inLanguage\":\"en-US\",\"@id\":\"https:\\\/\\\/velarogverkfaeri.is\\\/en\\\/#\\\/schema\\\/logo\\\/image\\\/\",\"url\":\"https:\\\/\\\/velarogverkfaeri.is\\\/wp-content\\\/uploads\\\/2021\\\/10\\\/vv_logo_350x100.png\",\"contentUrl\":\"https:\\\/\\\/velarogverkfaeri.is\\\/wp-content\\\/uploads\\\/2021\\\/10\\\/vv_logo_350x100.png\",\"width\":350,\"height\":100,\"caption\":\"V\u00e9lar & Verkf\u00e6ri\"},\"image\":{\"@id\":\"https:\\\/\\\/velarogverkfaeri.is\\\/en\\\/#\\\/schema\\\/logo\\\/image\\\/\"},\"sameAs\":[\"https:\\\/\\\/www.facebook.com\\\/VelarOgVerkfaeri\"]}]}<\/script>\n<!-- \/ Yoast SEO plugin. -->","yoast_head_json":{"title":"USAG Kraftt\u00f6ng 250mm 135 C - V\u00e9lar &amp; Verkf\u00e6ri","robots":{"index":"index","follow":"follow","max-snippet":"max-snippet:-1","max-image-preview":"max-image-preview:large","max-video-preview":"max-video-preview:-1"},"canonical":"https:\/\/velarogverkfaeri.is\/en\/verkfaeralausnir\/handverkfaeri\/tangir\/product\/usag-krafttong-250mm-135-c\/","og_locale":"en_US","og_type":"article","og_title":"USAG Kraftt\u00f6ng 250mm 135 C - V\u00e9lar &amp; Verkf\u00e6ri","og_description":"Tegund:&nbsp;U01350530","og_url":"https:\/\/velarogverkfaeri.is\/en\/verkfaeralausnir\/handverkfaeri\/tangir\/product\/usag-krafttong-250mm-135-c\/","og_site_name":"V\u00e9lar &amp; Verkf\u00e6ri","article_publisher":"https:\/\/www.facebook.com\/VelarOgVerkfaeri","article_modified_time":"2025-04-25T19:11:14+00:00","og_image":[{"width":861,"height":861,"url":"https:\/\/velarogverkfaeri.is\/wp-content\/uploads\/2024\/09\/94b7d32e-b0b5-4126-be0b-e52f1808c896.png","type":"image\/png"}],"twitter_card":"summary_large_image","schema":{"@context":"https:\/\/schema.org","@graph":[{"@type":"WebPage","@id":"https:\/\/velarogverkfaeri.is\/verkfaeralausnir\/handverkfaeri\/tangir\/product\/usag-krafttong-250mm-135-c\/","url":"https:\/\/velarogverkfaeri.is\/verkfaeralausnir\/handverkfaeri\/tangir\/product\/usag-krafttong-250mm-135-c\/","name":"USAG Kraftt\u00f6ng 250mm 135 C - V\u00e9lar &amp; Verkf\u00e6ri","isPartOf":{"@id":"https:\/\/velarogverkfaeri.is\/en\/#website"},"primaryImageOfPage":{"@id":"https:\/\/velarogverkfaeri.is\/verkfaeralausnir\/handverkfaeri\/tangir\/product\/usag-krafttong-250mm-135-c\/#primaryimage"},"image":{"@id":"https:\/\/velarogverkfaeri.is\/verkfaeralausnir\/handverkfaeri\/tangir\/product\/usag-krafttong-250mm-135-c\/#primaryimage"},"thumbnailUrl":"https:\/\/velarogverkfaeri.is\/wp-content\/uploads\/2024\/09\/94b7d32e-b0b5-4126-be0b-e52f1808c896.png","datePublished":"2024-04-27T16:12:27+00:00","dateModified":"2025-04-25T19:11:14+00:00","breadcrumb":{"@id":"https:\/\/velarogverkfaeri.is\/verkfaeralausnir\/handverkfaeri\/tangir\/product\/usag-krafttong-250mm-135-c\/#breadcrumb"},"inLanguage":"en-US","potentialAction":[{"@type":"ReadAction","target":["https:\/\/velarogverkfaeri.is\/verkfaeralausnir\/handverkfaeri\/tangir\/product\/usag-krafttong-250mm-135-c\/"]}]},{"@type":"ImageObject","inLanguage":"en-US","@id":"https:\/\/velarogverkfaeri.is\/verkfaeralausnir\/handverkfaeri\/tangir\/product\/usag-krafttong-250mm-135-c\/#primaryimage","url":"https:\/\/velarogverkfaeri.is\/wp-content\/uploads\/2024\/09\/94b7d32e-b0b5-4126-be0b-e52f1808c896.png","contentUrl":"https:\/\/velarogverkfaeri.is\/wp-content\/uploads\/2024\/09\/94b7d32e-b0b5-4126-be0b-e52f1808c896.png","width":861,"height":861},{"@type":"BreadcrumbList","@id":"https:\/\/velarogverkfaeri.is\/verkfaeralausnir\/handverkfaeri\/tangir\/product\/usag-krafttong-250mm-135-c\/#breadcrumb","itemListElement":[{"@type":"ListItem","position":1,"name":"Home","item":"https:\/\/velarogverkfaeri.is\/"},{"@type":"ListItem","position":2,"name":"Vefverslun","item":"https:\/\/velarogverkfaeri.is\/vefverslun\/"},{"@type":"ListItem","position":3,"name":"USAG Kraftt\u00f6ng 250mm 135 C"}]},{"@type":"WebSite","@id":"https:\/\/velarogverkfaeri.is\/en\/#website","url":"https:\/\/velarogverkfaeri.is\/en\/","name":"V\u00e9lar & Verkf\u00e6ri","description":"Umbo\u00f0s- og heildverslun fr\u00e1 \u00e1rinu 1919","publisher":{"@id":"https:\/\/velarogverkfaeri.is\/en\/#organization"},"potentialAction":[{"@type":"SearchAction","target":{"@type":"EntryPoint","urlTemplate":"https:\/\/velarogverkfaeri.is\/en\/?s={search_term_string}"},"query-input":{"@type":"PropertyValueSpecification","valueRequired":true,"valueName":"search_term_string"}}],"inLanguage":"en-US"},{"@type":"Organization","@id":"https:\/\/velarogverkfaeri.is\/en\/#organization","name":"V\u00e9lar & Verkf\u00e6ri","url":"https:\/\/velarogverkfaeri.is\/en\/","logo":{"@type":"ImageObject","inLanguage":"en-US","@id":"https:\/\/velarogverkfaeri.is\/en\/#\/schema\/logo\/image\/","url":"https:\/\/velarogverkfaeri.is\/wp-content\/uploads\/2021\/10\/vv_logo_350x100.png","contentUrl":"https:\/\/velarogverkfaeri.is\/wp-content\/uploads\/2021\/10\/vv_logo_350x100.png","width":350,"height":100,"caption":"V\u00e9lar & Verkf\u00e6ri"},"image":{"@id":"https:\/\/velarogverkfaeri.is\/en\/#\/schema\/logo\/image\/"},"sameAs":["https:\/\/www.facebook.com\/VelarOgVerkfaeri"]}]}},"_links":{"self":[{"href":"https:\/\/velarogverkfaeri.is\/en\/wp-json\/wp\/v2\/product\/60103","targetHints":{"allow":["GET"]}}],"collection":[{"href":"https:\/\/velarogverkfaeri.is\/en\/wp-json\/wp\/v2\/product"}],"about":[{"href":"https:\/\/velarogverkfaeri.is\/en\/wp-json\/wp\/v2\/types\/product"}],"replies":[{"embeddable":true,"href":"https:\/\/velarogverkfaeri.is\/en\/wp-json\/wp\/v2\/comments?post=60103"}],"wp:featuredmedia":[{"embeddable":true,"href":"https:\/\/velarogverkfaeri.is\/en\/wp-json\/wp\/v2\/media\/65841"}],"wp:attachment":[{"href":"https:\/\/velarogverkfaeri.is\/en\/wp-json\/wp\/v2\/media?parent=60103"}],"wp:term":[{"taxonomy":"product_brand","embeddable":true,"href":"https:\/\/velarogverkfaeri.is\/en\/wp-json\/wp\/v2\/product_brand?post=60103"},{"taxonomy":"product_cat","embeddable":true,"href":"https:\/\/velarogverkfaeri.is\/en\/wp-json\/wp\/v2\/product_cat?post=60103"},{"taxonomy":"product_tag","embeddable":true,"href":"https:\/\/velarogverkfaeri.is\/en\/wp-json\/wp\/v2\/product_tag?post=60103"}],"curies":[{"name":"wp","href":"https:\/\/api.w.org\/{rel}","templated":true}]}}