{"id":60102,"date":"2024-04-27T16:12:27","date_gmt":"2024-04-27T16:12:27","guid":{"rendered":"https:\/\/velarogverkfaeri.is\/?post_type=product&#038;p=60102"},"modified":"2025-04-25T19:11:14","modified_gmt":"2025-04-25T19:11:14","slug":"usag-krafttong-250mm-135-b","status":"publish","type":"product","link":"https:\/\/velarogverkfaeri.is\/en\/verkfaeralausnir\/handverkfaeri\/tangir\/product\/usag-krafttong-250mm-135-b\/","title":{"rendered":"USAG Kraftt\u00f6ng 250mm 135 B"},"content":{"rendered":"<p><img decoding=\"async\" src=\"data:image\/png;base64,iVBORw0KGgoAAAANSUhEUgAAAXgAAAB5CAYAAAAztjq3AAAAAXNSR0IArs4c6QAAAARnQU1BAACxjwv8YQUAAAAJcEhZcwAADsMAAA7DAcdvqGQAACElSURBVHhe7Z3da1xJdsBPsss+JLvDjSxMOw9LI9qGAY9pL615GSEwmB2xEoFgswuOnsZ6ix7nUQ8L0h8QkB5lSLDGzIOGQGhhaTBx1rRJGDXuRuusYdQRzYZYHSObhgyTEDZ0zqmPe6vqfrdaH746v10xfT+q6tTXqapzy3X+aIAAwzAMUzj+WP2XYRiGKRis4BmGYQoKK3iGYZiCwgqeYRimoLCCZxiGKSis4BmGYQoKK3iGYZiCknMffA+219ah2VeXBuXZJZi\/qS7OjDZsrNQBQrLI+92JOVi6V1X3GIZhis1QM3hvcgGWlpasv7NX7gkc4p+H\/79UktcMwzAXgIthorlShfnFJVj8lBU8wzAXh6FMNJ2rC7HKsrezBuu7gQ3HNN20H61A49IcVPbr0syjTCZuGEkZ5pbmoarNK+ourR7MtCnO+oG6mChD+QDfDJlopNxHn+j7jqnJq8HC4gyUWhuwsgUqXUK9N2aYdg63Ye1BByr3F2GmR+9ryc6LmYphGEYy0hm8VNQeKkhlurlfg\/7WCmy01AtIf7cBcEc9J6WJCnPTCeM5yr3vm4QWcHBY9+Oj9OoH9K4K+yH4A0ESvZ1NMUjJOJdgbqwJmzs9gJu3oeZ14aWW97ANHRoEDl6iJJLeXgf6E1MwcwVlQ+VOSl3Hc91\/i2EY5uxxFDzNWFdgZUX9PYpWWP3d9eAd\/70etPf7qPD07Be5MgNTE6h0XxnxCOWofhO9I3Dn7j6tl9DF2fVdf8ZegplPyiq+iPRuXsehIZ3Sp4vWKqB0yYP+W1TwGH9pLJCXlDlMzqHS70OP7Pg6zQ\/9FKH\/hsJJqjeD+wzDMGfND36NqN\/Ij6Hy8TRMT6u\/j1wzzHfQ+eYFfP\/RAnz+2S+c9zrwL19\/C3BtGm6YCvz1Hrz4jx\/BtY8r8N1vn8G3cM2O98oNmP7JHqw\/+Ad49uwZPGu9htLsIvwc4+jtPYMXBwfwgu7rP1SwMPgA4wN4GUqvB3vPImTQcv80uE+z\/7\/58msR54vX\/wPwZ1Ku0h9+D8++eQMfTF+GzvbvYOzWX0D1D99A4z9\/Ch\/\/aRu2\/\/lHUPvVDRoK4Mb0NXi3vQ5ffk2y\/R7D0H2GYZjzwQhNNCUY99RPg95bVMhjpA7jIFMH2b0DU4e2Y5cu09aXGiwYz8Qf2cvlK0NBdvv1t1N+fAuThuBiFYAz9lYbh6wKVHFAKN2oAOy3oS3MM9eDFQNKMbOo4+hDfW0bhxiGYZjzwUgVfPWqB92tjcASfbgNjQOwTBphqnB9ogt10+SDf8LOTsq234Qnhg2fZunSXELhALrPA6Xa22lksMFj+HemTNLsEkDx9qG51QS4WpUDyZUqqvoONCzzDIZrOeo8cSBjGIY5XU59F00d7H9sRO9vwl0rPhHHfkXubFEfWgPF7YE3OYXvUxz2bhhvUu7QCXbLaOR7\/n2xW0bH6EENZ\/DNt9cDucTzPtRop4xh0pEfkJXN\/xDl+grl8rOqPwwzDMOcD87co1OU0pfbKeMHkfw4Cp5hGOYCcA5c9tmzcMLd634s9Gxd73VXtxmGYYrOOVDwDMMwzElwMY4qYBiGuYCwgmcYhikorOAZhmEKCit4hmGYgsIKnmEYpqCwgmcYhikorOAZhmEKCit4hmGYgsIKnmEYpqCwgmcYhikorOAZhmEKSo6zaMKHgtkc\/7jc3s4GtG\/MBy79TAfXlocmiTzCF6xjfU+CqBMv86GOPFZOxk+TJNmDo50LcNSxfwS0d+z20H60AXBvVOVxdnXPGKToklFynvpVjhl84L3I94JkeVs6bkZcxxtZ8aB0whV2bMhBCRXXpXN0lqXl7Pw9V+7CKxid3095OW4HbsPLA\/VzFJzHumdOjnPWr86RiaYHRzn1OznPfi+U05UqzOPgOLrz7UcAOTv3xotxfPJhD\/qjGuhFXCPkPNY9c3Kcs3419HHBttclhVgGNYMO4i5L45679\/UyG9Syijwu7WoPTMayh5blz8cNz08NGJ+tQGdLx2Uv14W5wp2dRZ0Tb3l8KkN5ogtdw8wRLMEIcxnmmLH8uF2HI2rZLl4KoHPw78Km8Bc7B\/VAVqcc49NHUmQn7PCIL6cjl1k2oo6OYGoWoB5nCrHSxtQNb14Bqp7uT8HRA52WE5fTHoJ4wnVc\/qgM3d8GaZrlYdW3W89OGsIHweUnlvxmXD6htiohGa+\/Ikc10quYaAOi3kpW3Yuyx\/pduNQI6iDWfGPXh\/STALKNjTlhRNmTb2OSNyqczLlOP6l9BeRpD0REeSHSgY9bLviWW5aGHGHTopQFVFtIz4fdF72JMsBBP8JEE9NnrfKUmDKF0sdwf3m1A38f1a8S+4VTxkYe7H5ql62ty6LLXUAKfhgOt1cHy6uPB4fqevD68WB1eXnw8IW6xiePV5cHy1+05GXa80Fr8HB5dfD4tbokVJjgHSfMi4eGDBQenxkytb4wrq13EfdaE5JTxavSFPlefoh3FUY84TJpDVoiP1JuHSfJtbodpGxey\/iN9B15ktJPk90ilH\/5riuXG3dkXAIKb8gl3jeufZRMxjOr3CLzoNuFCmvJjUSkZcmOiDS07KE06PljGT5WbsKuR\/dapOm2YecdXb9BOcs8mbJI5P3gPSMeqjtLRjONhHB0ldK+Atx4VP5i24NMJ6p9RJZLKF07vAhjxWWXU1o+Ius\/VDfqvtmedJ8NlbEtUyh9TWS\/MuKx2le4jAcvHgsZZfxGODPekGwosyuHwjHR0GhmOL9+5LvPTqW314E+jj7ByFSCmU9o1HyJY1T683hwdndLj03SsTe866Gk0ZQ\/CWZp1Q8x\/v6ReLf3xhhZEwjLKZ17S+R3gvKsMVrevA016EBbOAJHVHoCXJ5XQ2YD6fQ7ERz5b+v0yeE3Zrn\/RuQiMf1k2VNovYQupnvXMCVUb9XA6xt5s+rCpQrz5iziSgnf7isH6WHMPJRuVPx0ovJwexKgsxfUuFnH0ZAdHWW9E7xX+nQKymZbNMsYKX06E8geSwYz4sRU+jcAq5yV8\/hXTi8I1YfsL+I9qnOvC40dVSaHbej0y3Cd8pMUTmPm3WpfBrnbQ0rfdMpleH1gEJuPiPqnNqZ+h0jtszGY6ceS0C+ojHH2PWWUMdycwXLKoGesvoUyx8jxQ\/VfBRby4hLMqKs89N5GtPzSOGamIwVJe561UIeE7PULgEseHLgk2ADuz\/sNQBOZDx\/ZwbtbOPjh8s2kjC1EfBO4jMsxTAMXkzGuB6mMF8SycGVX3cKGsoBL+XSS00+WPRk5AI7LC41ojE04otafRTzsWNZyE0M7MUZjpCPycFDHMqQSNJjwu2A6wo7eh+6DFYzVBOXRbXGslC1LFtRZAfNolD8qqaXUTp5M6RKqnn2pGLVMoj76XWyvdg7AG8f3sEOjMm3ut6GHA1PvaVMoS1IGyeGyM5r2EE+avjhW9Oo7Spa2l63PHpfofiHK2KtE5DW5n8PNeVgqkXkLn9NNaoO+acrGUfDDIxrpW3WhoQ8OmBn6+JX2\/MQ53IZN+mawlDb7S6IE4zQNSHLeTYUvnlGlrsPG5fC7vZ1N6FxdgKXcDSk5\/fYr9WMISpdJyagLjfp4WckiprCn0jY0lE3UJ+W\/IR6lYqRTekMZnIppsBnndkIRYXwhe6ukF6FQs9J+JO3Ax1XqJkLZOQOOqA\/s\/NZ3AxNakew2cEbXhiOard6X5ZUWLquSP3Z7SOHM9YFJVJ8VD0ZAQr8QZbwrVw92kWbQM1dmYBF1GdUoTRbXdkqRA9PIdtGIJRDOvDZa6gYl\/BzHrInrYmaR9vzEoSUczj5oBu+boFbWYNtf5kiEWeegEdzHCmr4HzPkMrT7fNvqKD1s+IJW21FBOFJHdAYqC9jFGbwpy5odZzTJ6SfLnsLN61DuN2FTL\/uRNs0MUVlkWrJS5zTfFcvPeEyTgJmObCdGHgjMX3rZmJDZow\/Np3Zt6HISaWBen5ht8VGW8pdlLGZWZt3lMGUKTJOAqqPyh04vUPURyEhgOfjlIvPY+aoBXbPcU8Nl5LjtIYVUfUEDgGnuSWlPFsJcY9e\/kF39tojrs2I1YZpBhtw+m9QvqIzxyje1IfRvMNppegYH9cBUI\/EuR4+6I5vBixHlPshlg7l81TOxtOeiwdahrpbV4ktztMxD0X4kdzKYMy\/xJRobwYw5W8TRfOHNGqzr5b1Xg7lJD+pqthE29eArXhkqd+Zx9tmABi7FtHGBlnty1DbBEZx2HywtGQMbjep17JQzcFvdiSMp\/ZkU2ZPR5gfHdBQ3g3QhG+Hz9cA0MFGDGnayWPY3MR313ExHtBNj+Ul4HpSv3oX5T9V1Bqr3MDNYv6apx8N0pjCdKqUxe4TtMGiLHspbwk5TEsphHepYvnXs4qHdPbRra8kw7YkZGg1I1WzlRGC5NET8kujdRhHmIJTHm5yCRZSRIJt440ETw5t1lB4uG8dsD2mk6IPSp3ehtu+2py4cyasUyAw6B0dY97r+y7NzUMaJg0s7ts\/OwN1Joy+hKq5hX+pm6ksGif0Cy\/h+D8vAKOOJMszhoJfUz6u9l9DYCmROMhMOvU3y\/UIuY8gsEixj5L1g6+IpIRSC8y\/qxD1S+sZHlcIiBzO93e29ImLrnLjnb9VNR2x9c7cXM8wJcUEUPCEVi7nMi545nQLOvliaHcTuYy0c77GCR+y9yUjOWS0reOY0uUAKnmEY5mLBp0kyDMMUFFbwDMMwBYUVPMMwTEFhBc8wDFNQWMEzDMMUFFbwDMMwBYUVPMMwTEFhBc8wDFNQWMEzDMMUFFbwDMMwBYUVPMMwTEHJreDpiF3rLGz6y3EetjzveIQcbsOGcZ5ybugkx4hz4c8SOpAq6qz680UbNvKegz4Mon5WYC1zHZ+SXAkct42LPhaRB9n3hou7t7PhnLE\/mnYv2momXwYjwJKZToNdMc6TZ6IYbgZP5w8vLam\/Bai9q2dU8kMemp+A8O2ofheLM\/Bsk4c8DhhGQJxDgxCnLFeY0bdxCalQD\/8\/PsQplNLHJ3PxGIGJJoez3EPpK3GUHMcP6XlF+Ik858cHS5+dpwA5hsCJRNajhU9NrjhOoI1LSlC9h+1iqGOGMzgLZwpJ7uOChRckMD0xIZYjBOfcde2lJeEMdPuMbfNsdIqrAeOzFehsaZdb2suOdNjRNBpu4DDXlsF2pGuH8yZocOpH+++kJeEDw9WX4XFGyPx2ChYuNQLZjeeEKCs9mzPPDRfxHsHULEDdLxMj35YTiaQyEBd2OprQOeVOeYnnJXiC5dR3HA2bZ5b3rLiljOQpyUrPyHdcnnV5zWHrkc8prtvQM2SKPp9f5V\/ll+JvXJqDyn49qEMlf6gcMshFxJbfHYBNq550uY+yjSNWuDKUJ7oYt92WCF2G8n56uxC4bVi\/A3S\/A5VJD5q7EW0QSZRZodtKbawJTV2GVj+IKSskqS4lSX1VPjMd9iTJa9dxdF4KCSn4PLS+WB4sf9FSV0Rr8HA5uEfPH74QP5HDweNV4\/r148Hq8kMMEXC4vTpYNu+9eDhYXn2MIQkVt3+t0neuV7f1FSHDBPdsGdzwMv3VwePX6oZGyBrOi86nDGemI9NNTEeXm4o7KEc77lxlYL2LuNcKkb55\/3Vr0KI80\/tWnVB6qjwinrVU\/qz8KJLyrMtLl497HU5LY8hDV5SGWV8iXHCdV65QeZnXoXqSUHxuu\/Cv87bxUDtT9e2kSdh5S2kXFnYZClLaYKLMBvI9N\/\/BdVJZpdVlZL35z+24EuUV8Zp1ErTjouOYaGhUzPDx9IB8Her35AxQj8rkCzOYhZWgNGY7WLaRtsHyrDGakg9D6FhOZcufBLMt4VjadFrsQjZYnH3d9WcB0oTUfUV5IfsozmDuBPEJ57\/qt4mw7eNsw8xLyBRlpUM+ZSE+HfKCb5mx8PktnWvpZNdyMuwQVwa5TBJmuV2pgnAETOXtdeGl+ljV23GcOOPcz3T0XI01lWTIM5bXbRVeeJTHmdR1HV\/IyXECE1PBLFU4Lu7DUWyDSJYrvfzMepKMso2H25lsR1nJ1TdCxLXBbP3Sx6hX6fA6KI\/Usoqty+x9Na2MJVnbcbFwnG6Ts9olXL6lYC3BwrhLXu+S+hFC2gaFl3rfQbCkTJVsLjUzIjpsvxs4udV446KCqTuPyzuJRNr2hRLqiHh0ozMRnuD3pQf7Pv6v6zvs1Xgw7jey0RB2zoud4r7hFFoh7PqXN8SgTM56g6Ww7Njr5MH9ZlV2FK00bs7DUomW8lg\/dJ1U78L2HJ\/nqPI6FVLkqmYsP5dRtfHz+Q1ptP0ye1kZqG8ZWfpqqrx52nHBcBT8cZF2MXJuvXRPdhFhZxO\/oijBOA3JI3R8LWaGOAO17c+Kw231Ix2hrF0P6r0jbHRqd8uevGUiOusYzlLwuYf\/i7TrE6NU8pinTbKXL0Xk14Uauihnsouuw8ZlWe5iRrtbhyePjqCL854Fsy7ER04a8mXdru2ULHu9z5VSYp57EeV1KqTIlav8BKNt4+1X6se5YlT9Mm9ZDUsGebO244Ix4n\/oRCMpdqYbuuBomaV+RiJnj12aPao7RA9H76GhZV6\/CU+s\/bFyVi2Xj31oPg0MJe2n5geoALEcPKgb+2yxYTzv4uh\/PVgGmsthVBQNzGv5Q3pKy2w7HeJY+YqD8oRzU5qBBmaziP3NrbYwSQTgDNZv31W4PYn1cNC1lvxwiGGceOK3K55innORIlfW8vMZbRsXZpWDRpCeakdny6j6Zd6yMsjRV1PlzdWOi8WIZ\/CkKBqw7i+Hy1BDxeFXiqi0dahjJ6qjghFf80NLZCx8rwyVO\/PRMy4H6iD1rXVY2cULtfSaXwKcoWJH9ZdrOIebnIJFTH9mcQ6OVugbAhkqUMLZOShjBwtBI\/59kMs6HY+7tMMG2BB5kZi7QMj2SLtNdDqE59VgClcWo1wcth\/JnQRyZi4RS2LsGDOGrO03DZS17stKJpp5o3zFgLZ7FNjEkV7vJTS2gjAi\/+q5eP+BKkfMF62YkvJ8Wt0pr1yQVH631A2LEbdxXFUtvMFnOj6Uaw7jq7urx2NBgxzWo0pDtNOUCgmb\/gyZM\/RLSUpZJULm4ox9FUmSt5rQjotO7m2SjERvD4s0BZ0awRLY3Vpmbh\/Lglg6X7K3Sxaf0ZUfw5xHWMEPyflQ8ISzzxiJ3k8ej9w\/7F2cvcEWxy8\/hjmvsIJnGIYpKCP+yMowDMOcF1jBMwzDFBRW8AzDMAWFFTzDMExBYQXPMAxTUFjBMwzDFBRW8AzDMAWFFTzDMExBYQXPMAxTUFjBMwzDFJTcCp4OpQqOVVV\/cZ6fIqGzP4zjWMkf5Zp9zOdpQuewJB8POwoozyv+0cMjS\/NwGzZ2zqrkkIT08+cRyyhXOxo97UcbKMXwiL4RkQfZZ4aL25VJlOsI+kucrCeBLbPT\/5kTZbgZPB23ubSk\/ugIzzqsnaWiOTbKicepcvw0hbs39fssSE8\/Rx7J1aL6eTbkOKs8F9QvyAnN+BCH0p2UTMxFYQQmGuksor\/fPrNZ+HEQruxO+RTFUaV51u7ektLPm8dcvmVPgkPpIm70lKB6D8timFNHT0wm5qKQ+zRJWtrVwXZ8QUsw++hc5whW5XgheNaAce1CjUw0z8djwwa+Q2XajUtzUNmvQ5NavuuAAxHyubMeSv8OwOaDI5iaBahvUezKGUPPTF\/LNgVHD7QM6r3QTFSeGy7kIKw8OnJMlHGVg7HpY2jNPB+Sr8iO5VLOLs+odKrQNu8hspx6Uv7ZCnS2pPcbcf\/yE1gReaYbtpwirV0dUdk4MliVhREXBlZl4ciEmPUkcOo1VHeIDhOqM6NerWehdmQf80uIOG+0sUxj6lqXA+IfC0yyGvfNcogvH8QKh3U80UV5wm1SxPF2St4X9W3KRjjxEjEylVTbqI01oem3LzvN+DILEO9ADWrvMB6nPiRO+Tp1EleXApHHoM2UyRn9O92edR9z2ntcGTPHgxR8HlpfLA+Wv2ipK+T148Hq8vLg4Qt1PWgNHuL16vahulZhVh8P5B16vjp4\/FpcDAYvHjrPzLCHg8erQdwiHjOsixUXYl4rOS3ZiYj0l5cf4i\/J4faqHaeC7rt51NcijBGHSMMso5Bcdp7MNEPpv24NWupdM02Jkt\/Nj38tyzNRztiwMj332k7fwIpLhXXr3bgWsjh146ZnvuOmbV1H1jXlx8ireCfhGkksH5WG2+5D7Qux8haSTdZJVLh4mYx0HTmSyswkrT7oeZC3lH5ohZXlENSNyp8vEz136j2ujJlj45hoaGamPpwmfTw9IDda6h0x+zQcJJAtFWcNd43ZXPVWDbx+J+QXMUQobAlmPilD95Uhx8RUxGxakr7Mx5ncrfS5QXk2mEEIF3ARspMJwpyxkpPu\/lsyUvWgvd+34hB+YtXPoTB9v16pQjUm\/5rAr2pJOCP2rlb969IYRhcr522c09l5NX20Cv+hpix5MetOlEkfjmIjI\/sz1tedIH3hHPzgJT7pQe+duhmLW9fkytHIq3DG3QfhqzeS5PIR3x9wVhs4BiG3eOpnKqZs0p8ovMM8qTupYB+5rdMVLgKxWt5Q6KQyiyChPsjNYZA31W5EGoq4sBF9WOQvkmxtkBkeR8GTH0T98RT\/nKWmDy3X6PlsWG1FKlnVmeI7s0SE7TsOkGmZmrHxC7+MVztB+K2+1diHIkF2WlpqOYMlJjkaVj9HgLBl03JepTO6j9lSzu6WKivxR2aX9Ho6FYT9uQ9N8onry0cmA1LK1E4XoLK\/7j+rv7MnFdGQecCMK4nk8jnr7x+RJJaZeicHZIrR8YTMnjHk+5ZyzttgATjeR9ab8zBHHuu\/CrZtlS5HjNai4Zle\/KMRYclm6O\/QUX8RNsRIDrdhk2zXftgo23lOYmSnxi\/sqiqthcm4WcoIwHKW6cyBt7vub7c8HnJ2T3ZonQf9F8zczhAxsOJsFFeHtnyyTns7m8KXqn8\/rY2QXVjYfnU8cymrqnNePlGklFl25EqefPTqOOYyr07y8B6W8XvGsXfRVO8t4JIKZ93anEPLNZyFbxozzfbTJvS9CqSZFnTYJ5YCw9l71tkHLVdJFn82QH\/599yaS9Fo2aWJoPyhXuHIpaZELtW7z4NBr7fTiJ8thlYIZlxIq+0sr9MHymzIpbMpJ9HDAe18QOWIk4endu61fGQ6AxzsgnrGv6T94b0jux5Tt2Uml48wVx00graFA0gj4yz35Egus+zQzNqDyg3d0LJv15QmTbMPt+GJv7p1Oe9t8P3nh+q\/xwCXy3dq0HlQxw7WE1\/K55cAl8LY+XbVKzQrzzQLJzsphcXOuqVu0ZxkcgoWUXmn0X4kveEvGaO\/2C2ADX7mlrqRhf1NlF01ykjZ5beBFVpaCjlx1jSJHf6teCgGvd7aOg40TXHtTc5BzavDkbhywTzPvgzHtS8eQvtNAxq4zK7LS7FbYV4pKVIy9S1VzmKXg7yfFWHSgjUxIGo8rwyVO\/OZZnzh9NPrKA6hGKgNYV51mZMdGISZQOee5KvB1GIJXtJOFJzpBSnKXR9PWtj+ohoa2XafB3UCEzWsE0PxCFv2ujCF1akOaJdHUvngqmrhDT57sIJTCnpQgzlcxdVVGxgJETKllXB8mWF5qut0aOtzI8gbrnVqtBVa\/E7hygwszh4Z7bkMc7NlVOLiaYjjtkEmmQI53ZZb92jZHnz8lPdI6Wdb8kkl4W9nPCmcLYRMTsQ2PHtrqbxHSt\/4YMcwF5wCKXjC2buL+HudM3HSCj7YP55PLiZEwt51hmEkBVPwDMMwjGYERxUwDMMw5xFW8AzDMAWFFTzDMExBYQXPMAxTUFjBMwzDFBRW8AzDMAWFFTzDMExBYQXPMAxTUFjBMwzDFBRW8AzDMAWFFTzDMExBGeIsmvCBXtmPAx4h4vTAJoDh7Lf9aAPgXnDglHTmC\/Lo1\/fs6FHpFPl4R\/AyDHOxyT+DP+xBnxS66YHlDI+99S7rlOOcEnhQ4nOlGYa5gORX8OQZZ6x09ueYk2MB07UXDTzqp0b4M+UjZBmGuaDkNtEIswf5Is1sOiCTDvnCnIKjB9q0ozzmWM4amoGCNr0DOc\/Io5E0yeh4MZ5ezNngIccajnnJNC1phxHk4NqPyzhjPFaOADKrNC7NQWW\/Ls581\/mQpiI\/ZGLedbyuiUbHwefIMwyTlR\/8GlG\/M9H55mv49uBbePbsmfzb+x6ufVyBH6vnYXqw92wPftf6X5haWoRfTk\/Dtf\/+BuqNdzKcUnAeKq7FX03D9PQ1+P43X8KXnQ9g+iOA7b+rw7uPFuDzz36Bz6bhp\/\/Vge+ulDA9ivf38Cc\/+xgqV2\/A9NXvYa\/1I7gt0rghlXZvD579+5\/Az4R8Urn3UYHquD7oYDq\/UfJ\/14FvWr+Dvf\/Dweuvfynl2PtH+KdUOQJ6v30Ge\/\/6Bv78rz6Hz2YxLx+hFJi\/v22Mwfznn8EvMNz0T76FL3dex+Qd4\/23BnQqFQCM61u4JuKQyt3DwWYRfs7mJoZhMuKYaKQ3dd+JsXakbUA+H03v53NjTVj3nR2TEg3CrxmOt8uzgalEOubtQPuQdHAH+jjTDWal0t8pHLzE2CT9t0E8pZvV4cxD5GQZZ+x3jVl39VbNl0OCs+tbvpTCITC866m8ZZRjYsr+oEumJPMbRWkc0zwScYq8o0y3jRl56VPHdyauQqRyZ1MTwzD5cBQ8KtdFQ4FnMMPYSpKcZgfhXROGD858yYXvEWq53lttnDAgJYjPe4dSnjkgZ8w0aKwFXuxz0nsTkY4hRzLHlINm6nrgM8wxIu9J3zMOML2tLniTt1m5MwyTm7PZBy8+iHowjpqtdAlnyS70IRef690v\/qph1oPmgw1\/Zp+H0uWIdAw5sjCUHPQdQDiDVmHv44CoHom8GyuEEGTDx\/dhdx02WuoewzBMRnIq+B5sP9LmGAKvv8IZqWuWiKD\/JgjVfophvApUMYww1+BMNVBgGOfzLiq362LW2m45atQbj5\/xJnHzOpT7Tdg0zEamHGkMK4dYOai8iGsyy6jf0lTVhCdm3q3yRcjEM1uG7tbwqxeGYS4m+XbRtLZh41UHugeBuSNqN4mN+rjpedDvq3DuP4xydpIEu2jasL3WgKYOh3PfYAeKsYtGXNP3g3W5e0W\/R7trcu2i6UDF2OEiPm7uV\/CdErRj5QiI\/sdJdpreJM7gd4\/gurap0wzf2AHkTdRg6tYMwFMnLvVeenkzDMNIhviXrHmRCg54ex\/DMMypcjY2eIZhGObEOYUZPMMwDHMW8AyeYRimoLCCZxiGKSis4BmGYQoKK3iGYZiCwgqeYRimkAD8P74zDREXgylEAAAAAElFTkSuQmCC\" alt=\"\"><\/p>","protected":false},"excerpt":{"rendered":"<p>Tegund:&nbsp;U01350510<\/p>","protected":false},"featured_media":65840,"comment_status":"closed","ping_status":"closed","template":"","meta":[],"product_brand":[],"product_cat":[588,786,515],"product_tag":[],"class_list":{"0":"post-60102","1":"product","2":"type-product","3":"status-publish","4":"has-post-thumbnail","6":"product_cat-handverkfaeri","7":"product_cat-tangir","8":"product_cat-verkfaeralausnir","10":"first","11":"instock","12":"taxable","13":"shipping-taxable","14":"purchasable","15":"product-type-simple"},"yoast_head":"<!-- This site is optimized with the Yoast SEO plugin v27.3 - https:\/\/yoast.com\/product\/yoast-seo-wordpress\/ -->\n<title>USAG Kraftt\u00f6ng 250mm 135 B - V\u00e9lar &amp; Verkf\u00e6ri<\/title>\n<meta name=\"robots\" content=\"index, follow, max-snippet:-1, max-image-preview:large, max-video-preview:-1\" \/>\n<link rel=\"canonical\" href=\"https:\/\/velarogverkfaeri.is\/en\/verkfaeralausnir\/handverkfaeri\/tangir\/product\/usag-krafttong-250mm-135-b\/\" \/>\n<meta property=\"og:locale\" content=\"en_US\" \/>\n<meta property=\"og:type\" content=\"article\" \/>\n<meta property=\"og:title\" content=\"USAG Kraftt\u00f6ng 250mm 135 B - V\u00e9lar &amp; Verkf\u00e6ri\" \/>\n<meta property=\"og:description\" content=\"Tegund:&nbsp;U01350510\" \/>\n<meta property=\"og:url\" content=\"https:\/\/velarogverkfaeri.is\/en\/verkfaeralausnir\/handverkfaeri\/tangir\/product\/usag-krafttong-250mm-135-b\/\" \/>\n<meta property=\"og:site_name\" content=\"V\u00e9lar &amp; Verkf\u00e6ri\" \/>\n<meta property=\"article:publisher\" content=\"https:\/\/www.facebook.com\/VelarOgVerkfaeri\" \/>\n<meta property=\"article:modified_time\" content=\"2025-04-25T19:11:14+00:00\" \/>\n<meta property=\"og:image\" content=\"https:\/\/velarogverkfaeri.is\/wp-content\/uploads\/2024\/09\/a1b3c3fb-aec8-4477-94ea-973d07db63c7.png\" \/>\n\t<meta property=\"og:image:width\" content=\"862\" \/>\n\t<meta property=\"og:image:height\" content=\"861\" \/>\n\t<meta property=\"og:image:type\" content=\"image\/png\" \/>\n<meta name=\"twitter:card\" content=\"summary_large_image\" \/>\n<script type=\"application\/ld+json\" class=\"yoast-schema-graph\">{\"@context\":\"https:\\\/\\\/schema.org\",\"@graph\":[{\"@type\":\"WebPage\",\"@id\":\"https:\\\/\\\/velarogverkfaeri.is\\\/verkfaeralausnir\\\/handverkfaeri\\\/tangir\\\/product\\\/usag-krafttong-250mm-135-b\\\/\",\"url\":\"https:\\\/\\\/velarogverkfaeri.is\\\/verkfaeralausnir\\\/handverkfaeri\\\/tangir\\\/product\\\/usag-krafttong-250mm-135-b\\\/\",\"name\":\"USAG Kraftt\u00f6ng 250mm 135 B - V\u00e9lar &amp; Verkf\u00e6ri\",\"isPartOf\":{\"@id\":\"https:\\\/\\\/velarogverkfaeri.is\\\/en\\\/#website\"},\"primaryImageOfPage\":{\"@id\":\"https:\\\/\\\/velarogverkfaeri.is\\\/verkfaeralausnir\\\/handverkfaeri\\\/tangir\\\/product\\\/usag-krafttong-250mm-135-b\\\/#primaryimage\"},\"image\":{\"@id\":\"https:\\\/\\\/velarogverkfaeri.is\\\/verkfaeralausnir\\\/handverkfaeri\\\/tangir\\\/product\\\/usag-krafttong-250mm-135-b\\\/#primaryimage\"},\"thumbnailUrl\":\"https:\\\/\\\/velarogverkfaeri.is\\\/wp-content\\\/uploads\\\/2024\\\/09\\\/a1b3c3fb-aec8-4477-94ea-973d07db63c7.png\",\"datePublished\":\"2024-04-27T16:12:27+00:00\",\"dateModified\":\"2025-04-25T19:11:14+00:00\",\"breadcrumb\":{\"@id\":\"https:\\\/\\\/velarogverkfaeri.is\\\/verkfaeralausnir\\\/handverkfaeri\\\/tangir\\\/product\\\/usag-krafttong-250mm-135-b\\\/#breadcrumb\"},\"inLanguage\":\"en-US\",\"potentialAction\":[{\"@type\":\"ReadAction\",\"target\":[\"https:\\\/\\\/velarogverkfaeri.is\\\/verkfaeralausnir\\\/handverkfaeri\\\/tangir\\\/product\\\/usag-krafttong-250mm-135-b\\\/\"]}]},{\"@type\":\"ImageObject\",\"inLanguage\":\"en-US\",\"@id\":\"https:\\\/\\\/velarogverkfaeri.is\\\/verkfaeralausnir\\\/handverkfaeri\\\/tangir\\\/product\\\/usag-krafttong-250mm-135-b\\\/#primaryimage\",\"url\":\"https:\\\/\\\/velarogverkfaeri.is\\\/wp-content\\\/uploads\\\/2024\\\/09\\\/a1b3c3fb-aec8-4477-94ea-973d07db63c7.png\",\"contentUrl\":\"https:\\\/\\\/velarogverkfaeri.is\\\/wp-content\\\/uploads\\\/2024\\\/09\\\/a1b3c3fb-aec8-4477-94ea-973d07db63c7.png\",\"width\":862,\"height\":861},{\"@type\":\"BreadcrumbList\",\"@id\":\"https:\\\/\\\/velarogverkfaeri.is\\\/verkfaeralausnir\\\/handverkfaeri\\\/tangir\\\/product\\\/usag-krafttong-250mm-135-b\\\/#breadcrumb\",\"itemListElement\":[{\"@type\":\"ListItem\",\"position\":1,\"name\":\"Home\",\"item\":\"https:\\\/\\\/velarogverkfaeri.is\\\/\"},{\"@type\":\"ListItem\",\"position\":2,\"name\":\"Vefverslun\",\"item\":\"https:\\\/\\\/velarogverkfaeri.is\\\/vefverslun\\\/\"},{\"@type\":\"ListItem\",\"position\":3,\"name\":\"USAG Kraftt\u00f6ng 250mm 135 B\"}]},{\"@type\":\"WebSite\",\"@id\":\"https:\\\/\\\/velarogverkfaeri.is\\\/en\\\/#website\",\"url\":\"https:\\\/\\\/velarogverkfaeri.is\\\/en\\\/\",\"name\":\"V\u00e9lar & Verkf\u00e6ri\",\"description\":\"Umbo\u00f0s- og heildverslun fr\u00e1 \u00e1rinu 1919\",\"publisher\":{\"@id\":\"https:\\\/\\\/velarogverkfaeri.is\\\/en\\\/#organization\"},\"potentialAction\":[{\"@type\":\"SearchAction\",\"target\":{\"@type\":\"EntryPoint\",\"urlTemplate\":\"https:\\\/\\\/velarogverkfaeri.is\\\/en\\\/?s={search_term_string}\"},\"query-input\":{\"@type\":\"PropertyValueSpecification\",\"valueRequired\":true,\"valueName\":\"search_term_string\"}}],\"inLanguage\":\"en-US\"},{\"@type\":\"Organization\",\"@id\":\"https:\\\/\\\/velarogverkfaeri.is\\\/en\\\/#organization\",\"name\":\"V\u00e9lar & Verkf\u00e6ri\",\"url\":\"https:\\\/\\\/velarogverkfaeri.is\\\/en\\\/\",\"logo\":{\"@type\":\"ImageObject\",\"inLanguage\":\"en-US\",\"@id\":\"https:\\\/\\\/velarogverkfaeri.is\\\/en\\\/#\\\/schema\\\/logo\\\/image\\\/\",\"url\":\"https:\\\/\\\/velarogverkfaeri.is\\\/wp-content\\\/uploads\\\/2021\\\/10\\\/vv_logo_350x100.png\",\"contentUrl\":\"https:\\\/\\\/velarogverkfaeri.is\\\/wp-content\\\/uploads\\\/2021\\\/10\\\/vv_logo_350x100.png\",\"width\":350,\"height\":100,\"caption\":\"V\u00e9lar & Verkf\u00e6ri\"},\"image\":{\"@id\":\"https:\\\/\\\/velarogverkfaeri.is\\\/en\\\/#\\\/schema\\\/logo\\\/image\\\/\"},\"sameAs\":[\"https:\\\/\\\/www.facebook.com\\\/VelarOgVerkfaeri\"]}]}<\/script>\n<!-- \/ Yoast SEO plugin. -->","yoast_head_json":{"title":"USAG Kraftt\u00f6ng 250mm 135 B - V\u00e9lar &amp; Verkf\u00e6ri","robots":{"index":"index","follow":"follow","max-snippet":"max-snippet:-1","max-image-preview":"max-image-preview:large","max-video-preview":"max-video-preview:-1"},"canonical":"https:\/\/velarogverkfaeri.is\/en\/verkfaeralausnir\/handverkfaeri\/tangir\/product\/usag-krafttong-250mm-135-b\/","og_locale":"en_US","og_type":"article","og_title":"USAG Kraftt\u00f6ng 250mm 135 B - V\u00e9lar &amp; Verkf\u00e6ri","og_description":"Tegund:&nbsp;U01350510","og_url":"https:\/\/velarogverkfaeri.is\/en\/verkfaeralausnir\/handverkfaeri\/tangir\/product\/usag-krafttong-250mm-135-b\/","og_site_name":"V\u00e9lar &amp; Verkf\u00e6ri","article_publisher":"https:\/\/www.facebook.com\/VelarOgVerkfaeri","article_modified_time":"2025-04-25T19:11:14+00:00","og_image":[{"width":862,"height":861,"url":"https:\/\/velarogverkfaeri.is\/wp-content\/uploads\/2024\/09\/a1b3c3fb-aec8-4477-94ea-973d07db63c7.png","type":"image\/png"}],"twitter_card":"summary_large_image","schema":{"@context":"https:\/\/schema.org","@graph":[{"@type":"WebPage","@id":"https:\/\/velarogverkfaeri.is\/verkfaeralausnir\/handverkfaeri\/tangir\/product\/usag-krafttong-250mm-135-b\/","url":"https:\/\/velarogverkfaeri.is\/verkfaeralausnir\/handverkfaeri\/tangir\/product\/usag-krafttong-250mm-135-b\/","name":"USAG Kraftt\u00f6ng 250mm 135 B - V\u00e9lar &amp; Verkf\u00e6ri","isPartOf":{"@id":"https:\/\/velarogverkfaeri.is\/en\/#website"},"primaryImageOfPage":{"@id":"https:\/\/velarogverkfaeri.is\/verkfaeralausnir\/handverkfaeri\/tangir\/product\/usag-krafttong-250mm-135-b\/#primaryimage"},"image":{"@id":"https:\/\/velarogverkfaeri.is\/verkfaeralausnir\/handverkfaeri\/tangir\/product\/usag-krafttong-250mm-135-b\/#primaryimage"},"thumbnailUrl":"https:\/\/velarogverkfaeri.is\/wp-content\/uploads\/2024\/09\/a1b3c3fb-aec8-4477-94ea-973d07db63c7.png","datePublished":"2024-04-27T16:12:27+00:00","dateModified":"2025-04-25T19:11:14+00:00","breadcrumb":{"@id":"https:\/\/velarogverkfaeri.is\/verkfaeralausnir\/handverkfaeri\/tangir\/product\/usag-krafttong-250mm-135-b\/#breadcrumb"},"inLanguage":"en-US","potentialAction":[{"@type":"ReadAction","target":["https:\/\/velarogverkfaeri.is\/verkfaeralausnir\/handverkfaeri\/tangir\/product\/usag-krafttong-250mm-135-b\/"]}]},{"@type":"ImageObject","inLanguage":"en-US","@id":"https:\/\/velarogverkfaeri.is\/verkfaeralausnir\/handverkfaeri\/tangir\/product\/usag-krafttong-250mm-135-b\/#primaryimage","url":"https:\/\/velarogverkfaeri.is\/wp-content\/uploads\/2024\/09\/a1b3c3fb-aec8-4477-94ea-973d07db63c7.png","contentUrl":"https:\/\/velarogverkfaeri.is\/wp-content\/uploads\/2024\/09\/a1b3c3fb-aec8-4477-94ea-973d07db63c7.png","width":862,"height":861},{"@type":"BreadcrumbList","@id":"https:\/\/velarogverkfaeri.is\/verkfaeralausnir\/handverkfaeri\/tangir\/product\/usag-krafttong-250mm-135-b\/#breadcrumb","itemListElement":[{"@type":"ListItem","position":1,"name":"Home","item":"https:\/\/velarogverkfaeri.is\/"},{"@type":"ListItem","position":2,"name":"Vefverslun","item":"https:\/\/velarogverkfaeri.is\/vefverslun\/"},{"@type":"ListItem","position":3,"name":"USAG Kraftt\u00f6ng 250mm 135 B"}]},{"@type":"WebSite","@id":"https:\/\/velarogverkfaeri.is\/en\/#website","url":"https:\/\/velarogverkfaeri.is\/en\/","name":"V\u00e9lar & Verkf\u00e6ri","description":"Umbo\u00f0s- og heildverslun fr\u00e1 \u00e1rinu 1919","publisher":{"@id":"https:\/\/velarogverkfaeri.is\/en\/#organization"},"potentialAction":[{"@type":"SearchAction","target":{"@type":"EntryPoint","urlTemplate":"https:\/\/velarogverkfaeri.is\/en\/?s={search_term_string}"},"query-input":{"@type":"PropertyValueSpecification","valueRequired":true,"valueName":"search_term_string"}}],"inLanguage":"en-US"},{"@type":"Organization","@id":"https:\/\/velarogverkfaeri.is\/en\/#organization","name":"V\u00e9lar & Verkf\u00e6ri","url":"https:\/\/velarogverkfaeri.is\/en\/","logo":{"@type":"ImageObject","inLanguage":"en-US","@id":"https:\/\/velarogverkfaeri.is\/en\/#\/schema\/logo\/image\/","url":"https:\/\/velarogverkfaeri.is\/wp-content\/uploads\/2021\/10\/vv_logo_350x100.png","contentUrl":"https:\/\/velarogverkfaeri.is\/wp-content\/uploads\/2021\/10\/vv_logo_350x100.png","width":350,"height":100,"caption":"V\u00e9lar & Verkf\u00e6ri"},"image":{"@id":"https:\/\/velarogverkfaeri.is\/en\/#\/schema\/logo\/image\/"},"sameAs":["https:\/\/www.facebook.com\/VelarOgVerkfaeri"]}]}},"_links":{"self":[{"href":"https:\/\/velarogverkfaeri.is\/en\/wp-json\/wp\/v2\/product\/60102","targetHints":{"allow":["GET"]}}],"collection":[{"href":"https:\/\/velarogverkfaeri.is\/en\/wp-json\/wp\/v2\/product"}],"about":[{"href":"https:\/\/velarogverkfaeri.is\/en\/wp-json\/wp\/v2\/types\/product"}],"replies":[{"embeddable":true,"href":"https:\/\/velarogverkfaeri.is\/en\/wp-json\/wp\/v2\/comments?post=60102"}],"wp:featuredmedia":[{"embeddable":true,"href":"https:\/\/velarogverkfaeri.is\/en\/wp-json\/wp\/v2\/media\/65840"}],"wp:attachment":[{"href":"https:\/\/velarogverkfaeri.is\/en\/wp-json\/wp\/v2\/media?parent=60102"}],"wp:term":[{"taxonomy":"product_brand","embeddable":true,"href":"https:\/\/velarogverkfaeri.is\/en\/wp-json\/wp\/v2\/product_brand?post=60102"},{"taxonomy":"product_cat","embeddable":true,"href":"https:\/\/velarogverkfaeri.is\/en\/wp-json\/wp\/v2\/product_cat?post=60102"},{"taxonomy":"product_tag","embeddable":true,"href":"https:\/\/velarogverkfaeri.is\/en\/wp-json\/wp\/v2\/product_tag?post=60102"}],"curies":[{"name":"wp","href":"https:\/\/api.w.org\/{rel}","templated":true}]}}