{"id":60101,"date":"2024-04-27T16:12:27","date_gmt":"2024-04-27T16:12:27","guid":{"rendered":"https:\/\/velarogverkfaeri.is\/?post_type=product&#038;p=60101"},"modified":"2025-04-25T19:11:14","modified_gmt":"2025-04-25T19:11:14","slug":"usag-krafttong-250mm-135-a","status":"publish","type":"product","link":"https:\/\/velarogverkfaeri.is\/en\/verkfaeralausnir\/handverkfaeri\/tangir\/product\/usag-krafttong-250mm-135-a\/","title":{"rendered":"USAG Kraftt\u00f6ng 250mm 135 A"},"content":{"rendered":"<p><img decoding=\"async\" src=\"data:image\/png;base64,iVBORw0KGgoAAAANSUhEUgAAAXIAAAByCAYAAABOU1q9AAAAAXNSR0IArs4c6QAAAARnQU1BAACxjwv8YQUAAAAJcEhZcwAADsMAAA7DAcdvqGQAACDrSURBVHhe7Z3da1xJdsDPfrAPye5wIwvTzsPSCNkw4DHtpTV5GCEwmB2xEoFgswuOnsZ6ix73UewOSH9AQHqUIcEaMw8aAqGF5cHEWdMmYdS4G62zhlFHNBtidYxsGjJMQtikc0593FtV97u79XHl89sV0\/er6tSpqnOrzi3X+c4f\/q\/fB4PvfUf9YBiGYQrBd9V\/GYZhmILChpxhGKbgsCFnGIYpODl95F3YWd+ARk8dGpTnlmHhujo4NVqwuVoDCMkiz3cm5mH5TkWdYxiGOR8MNCL3phZheXnZ+jt9I57AIf55+P8LJXnMMAxzjng3XCuXKrCwtAxLH7MhZxjm\/DGQa6V9eTHWKHYfrcPGbuB7MV0urQerUL8wD5P7NemeUa4O9xlJGeaXF6Ci3SLqLM0GzLwpzdqBOpgoQ\/kA7wy5VqTcRx\/p846LyKvC4tIslJqbsLoNKl9C3TdmuGQOd2D9Xhsm7y7BbJfu15KdFfcSwzDvGiMdkUuD7KEhVC6Xu1Xoba\/CZlPdgPR26wC31HUyjmgYt5xnPMeI93xXziK+BDb89Ci\/2gHdq559H3yDn0T30ZZ4Gck0l2F+rAFbj7oA129C1evACy3vYQvaZOwPXqAkku5eG3oT0zB7CWVDI07GW6dz1b+LYRjm5HAMOY1AV2F1Vf09iDZMvd2N4B7\/vi609nto2PRoFrk0C9MTaFxfGukII6h+E90jcMfiPs0X0MHR8m1\/BF6C2Y\/KKr2I\/K5fxVdAOqWPl6xRfemCB703aMgx\/dJYIC8ZbZiaR+Pegy752XWe7\/s5Qu81PSepXA\/OMwzDnBTf+9WvP\/1U\/UZ+CFf+bAZmZtTfB6775Btof\/Ucvv1gEX75yc+c+9rwz19+DXBlBq6ZhvrVHjz\/9x\/AlQ8n4ZvfPoWv4Yqd7qVrMPOjPdi49\/fw9OlTeNp8BaW5JfgpptHdewrPDw7gOZ3Xf2hIof8epgfwIpRfF\/aeRsig5f5xcJ5G83\/9+Zcizeev\/hvgT6RcpT\/8Hp5+9Rrem7kI7Z3fwdiNP4fKH76C+n\/8GD784xbs\/NMPoPqLa2Ty4drMFXi7swGff0my\/R6fofMMwzAnywhdKyUY99RPg+4bNLxjZPbiIBcF+aUDF4X2M5cu0lKTKiwa18Qf+bPlLQNBfvWNN9N+eotThuBiVI8j8GYLX02TUEHDX7o2CbDfgpZwq1wNZgAoxeySTqMHtfUdfJUwDMOcLCM15JXLHnS2NwNP8eEO1A\/AckWEqcDViQ7UTFcN\/gk\/OBnVXgMeGz52GnVLNwc9B9B5FhjP7qN6Bh85Pv\/WlEm6SwIo3R40thsAlyvyhXGpgia9DXXLrYLPNR2znfjCYhiGOR5OfNVKDex\/lEP3b8FtKz2Rxv6kXEmiPngGBtoDb2oa76c07NUn3pRcEROsTtHI+\/zzYnWKTtGDKo7IG2+uBnKJ6z2o0soUwxUjP+Qqn\/whyvUFyuUXVX+gZRiGOVlOfffDKOMulynGvyzy4xhyhmGYc8QZ2MbWHlUT7lrxodCjb71WXJ1mGIY5L5wBQ84wDMMMw7vxT\/QZhmHOMWzIGYZhCg4bcoZhmILDhpxhGKbgsCFnGIYpOGzIGYZhCg4bcoZhmILDhpxhGKbgsCFnGIYpOGzIGYZhCg4bcoZhmIKTY6+V8OZWNsNv49p9tAmtawtBKDgz0LEV8Ucit5YFa7vZ4yBqh8Z8qK14VbDpkyRJ9mDL4XOwBa+\/NbE3dHtoPdgEuDMqfZxe3TMGKbZklJxGv8oxIg+i4fhRdazoPcMK7AZ4yIoHpWOumKGhQBikrgtnaO9FK+h1wY24iDJF+8dTWYbtqC14caB+joKzWPfM8XFK\/eoMuVa6cJTTjlMQ5UIYoUsVWMCX4Oj2Vx8BFPTaGz8f2\/oedqE3qhe6SGuEnMW6Z46PU+pXA29ja0fxUYjpSyPoCO50Mu66e15Pj0FNhyiCz66O6GNMV2g6\/WzciCRUh\/G5SWhv67TsabZwM7ijrah9yq0IQmUoT3SgY7gngqkTYU6fHPeTn7Yb2EJNt8VNAbQP+23YEvFE56EWyOroMT5\/JEV2wn4e8eV05DJ1I+roCKbnAGpxLgwrb8zdiA4VoOrp7jQc3dN5OWk57SFIJ1zH5Q\/K0PltkKepD6u+3Xp28hB74F98bMlvpuUTaqsSkvHqSwqIIqNUiTYg6q1k1b3QPdbv4oV6UAexbhe7PuQ+\/SDb2JjzjNA9xb4leaOekyXX+Se1r4A87YGI0BciA8W4esG7XF0acoRdglIWUG0hvRx2X\/QmygAHvQjXSkyftfQpMWUK5Y\/P\/cXlNvxdVL9K7BeOjo0y2P3U1q1ty7BsZMjNv6wc7qz1V9Ye9g\/Vcf\/Vw\/7aykr\/\/nN1jFcerq30Vz5rysO06\/1m\/\/7KWv\/hK3VIqGeCe5xnnt83ZKDn8ZohU\/Mz49i6F3GPNSE5VboqT1Hulft4VmGkE9ZJs98U5ZFy6zRJrrWdIGfzWKZv5O\/Ik5R\/muwWofLLe1253LQj0xLQ84Zc4n7j2EfJZFyz9BZZBt0u1LOW3EhEXpbsiMhDyx7Kg64\/lM\/Hyk3Y9egeizzdNuzco+s30LMskymLRJ4P7jPSobqzZDTzSHiOjlLaV4CbjipfbHuQ+US1j0i9hPK1nxfPWGnZekorR2T9h+pGnTfbk+6zIR3bMoXy10T2KyMdq32Fddx\/\/lDIKNM3njPTDcnW7DuuFXo7GUGQH\/hhlFPpigjz88abpgSzH9Fb8AW+c9Kvx4OjtRv6PSQDPMPbLkoaTfmjYNRVeR\/T7x2Je7uvjTdlAmE5ZZBnifTjl+eMUcf1m1CFNrREQGhE5SfAaTVF4beRwZ8TwTf5TZ0\/BX7GIvdei1Ik5p8sewrNF9DBfG8bLoDKjSp4PaNsVl24VGDBHI1dKuHdPRUoO4xZhtK1ST+fqDLcnAJo7wU1btZxNOTnRllvBfeVPp6GstkWTR0jpY9nA9ljyeD+m5hO99FbelZBxF86vSBUH7K\/iPuozr0O1B8pnRy2oN0rw1UqT9JzGrPsVvsyyN0eUvqmo5fB7YFBbDki6p\/amPodIrXPxmDmH0tCvyAd42h62tAxXJ9FPWWwM1bfqsD31S8FKnNpGWbVUR66byJaeGkchW7LDNOuZ1XegJA\/fRFwqoIvKAlW9N0Fv6I1keXwkR25s40vOZx2mZSxJQif\/UWcRmEeOAmMCVlHOl4U07nVXXUKG8QiTsHTSc4\/WfZk5ItuXB5oRKNrwBG18iziYQeypon4tJNiNEY+ogwHNdQhadBgwu9q6Qg\/dw8691YxVROUR7fFsVK2IllQpwQso6F\/NEbLqZ05mdIFNDH70gBqmUR99DrYXu0SgDeO96GxQaPZ2G9BF19A3ScNYRSp0yc\/l53RtId40uzFUMmr7xxZ2l62Pjss0f1C6NibjChrcj+H6wuwXCK3FF6nk1j3jiEfHNEY36gDDTn+UWj6CJV2\/dg53IEt8ukvp43mkijBOL3Wk4I4k5LFNaq8Ddi8GL63+2gL2pcXYTl3g0nOv\/VS\/RiA0kUyJupAoz4iTmYRU\/g7aXkXyibqk8pfF5dSMfIpvaYCThu+TpOMYzVhcDC9kD9U0o0wnFlpPZB+2mGNt4kwas6LRdQHdnLLr29CM4zdOo7QWnBEo8+7Ul9pz2U15kO3hxRO3R6YRPVZcWEEJPQLoeNdORuwVZrBzlyahSW0ZVSjNCgc2aoVMXXBkdRmU52gDJ7hO2jiqhgppF0\/dmjqhaMJGpH7rqPVddjxpycS4Y45qAfnsSLq\/kcFOX3sPNuxOkQXG7ig2XJMDb55Ixo96QJ2cURuyrJupxlNcv7Jsqdw\/SqUew3Y0tN1pEUjPTQKmaaa1AnNe8W0MR5zKm\/mI9uJUQYCy5euGxNyV\/Sg8cSuDa0nkQeW9bHZFh9k0b\/UsRgpmXWXwwUpMKfyqo7K7zu9QNVHICOBevD1IsvY\/qIOHVPvqc9lZNj2kEKqvSBDb7ppUtqThXCz2PUvZFe\/LeL6rJgdmO6LAZelJvUL0jEe+S4yhP4NQyvNzuDLO3CxSEY2IhdviLsgh\/vmtFOPrNKui4ZZg5qaDosvuyN482taD+TKAXMkJb78YmXPmqM\/fDsvvl6HDT0t96owP+VBTY0ewi4avMUrw+StBRxN1qGOUyjtFKBpmnwLm+Abmb72Ly8bLzB6S9ew883CTXUmjqT8Z1NkT0a7DRyXT9yI0IV8eM82gin9RBWq2Jli2d\/CfNR1Mx\/RToxpI+F5UL58GxY+VscZqNzBwmD9mi4aD\/OZxnwqlMfcEbbDoC16KG8JO0dJGIENqKF+a9iVQ6tpaJXUsuGSEyMuevFUsumJQL3URfqS6NU9EW4clMebmoYllJEgn3X9XgOfN+so\/blsDNke0kixB6WPb0N1321PHTiSRymQ+3IejrDudf2X5+ahjAMEl1Zsn52F21NGX0KTW8W+1MnUlwwS+wXq+G4XdWDoeKIM8\/hyS+rnle4LqG8HMpPe3pEo+nL6Qe6MwP8lzwVLAk8I0fGdf2EmzpFxNz5unFvkS0svIysUEUvSxDl\/CWw6YkmZu2yXYYbkHTHkhDQg5vQseiR0AjjrSultH7X+9nxSYEOO2Gt7kZyjVDbkzHHwDhlyhmGY8wnvfsgwDFNw2JAzDMMUHDbkDMMwBYcNOcMwTMFhQ84wDFNw2JAzDMMUHDbkDMMwBYcNOcMwTMFhQ84wDFNw2JAzDMMUHDbkDMMwBSe3IaetX629mOkvx37Mcr\/dEXK4A5vGfr65oZ0HI\/YlP01oY6WovdLPFi3YzLsP9yCI+lmF9cx1fEJyJTBsGxd9LKIMsu8Nlnb30aazx\/to2r1oq5n20h8Blsy0e+mqsZ\/5u81gI3LaN3h5Wf0tQvVtLaMxH3Bz9gRE7D\/1+3xxCpFS8pBno\/8R4F3MuFfgCcsVZvRtXEKm0sP\/jw+wa6KMAcmcX0bgWskRNPVQxtIbJcPEqTyriDiCZ3xbWxnT8QSgAAQ4YMi65e2JyRXHMbRxSQkqd7BdDLT9bYag0Uyhyb2NrYiqA2ZkH8TacN\/Z91tH\/UjYg9ve49ncm5vSqsP43CS0t3WoJh21RQaGaBgNNAicastgB1S1n\/Mm6CXUi47vSFO5e0aIKCOCiZD5zTQsXqgHshvXCaErPToz960W6R7B9BxAzdeJUW4rWEGSDsSBnY8mtE+2oy9xvQSPUU89J+CsuWd210pbykiRd6z8jHLHlVnrax5bj7xOad2EriFT9P7wqvyqvJR+\/cI8TO7XgjpU8of0kEEuIlZ\/twC2rHrSeh9lG0es58pQnuhg2nZbIrQO5fn0diFw27C+B+h8GyanPGjsRrRBJFFmhW4r1bEGNLQOrX4QoyskqS4lSX1VXjMDwyTJa9dxdFkKDRly8y+N5mcr\/ZXPmuqIaPbvrwTn6Pr95+Incth\/uGYcv3rYX1u5j08EHO6s9VfMc8\/v91fWHuKThErbP1b5O8drO\/qIkM8E52wZ3Odl\/mv9h6\/UCY2QNVwWXU75nJmPzDcxH603lXagRzvtXDqw7kXcY4XI3zz\/qtlvUpnpfqtOKD+lj4hrTVU+qzyKpDJrfWn9uMfhvDSGPHREeZj1JZ4LjvPKFdKXeRyqJwml57YL\/zhvGw+1M1XfTp6EXbaUdmFh61CQ0gYTZTaQ97nlD46TdJVWl5H15l+300qUV6Rr1knQjs8LjmuF3nIZPmIeUCw8fZ8c0em3LMVKDEZVJSiN2YF2baTvrjxnvB0pxh20reCi5Y+C0ZMIMGwGr3UhHymOpm77b3Xp+um8pLKQ\/xJHJLeC9EQQWPXbRPjecfRgliXkQrLyoZijEJ8PRT233E94\/YYutQy2agWbdYjTQS5Xgqm3SxUQAWFJ314HXqiPRt1HTjBfHMuZAX8rsS6ODGVGfd1Uz4sI4jgyuqrTCwW7TWBiOhh1igC2PTiKbRDJcqXrz6wnySjbeLidyXaUlVx9I0RcG8zWL32MepWBjwN9pOoqti6z99U0HUuytuNi4gRfpqClyzjtSsGaOoVxp6reBfUjhPTdiajkfqBYSZkq05wiZkR0zF4nCHaq8cZFRVK3HZdnEon0vQtj0xbp6MZlIiJ\/78uI5T38X8cP3KrxYNxvTKMhHKQVG\/9dIziwQvjdL+IUHu+joK3BFFZ24A2K2H29IjuENg7XF2C5RFNwrB86Tqp34RuOL3OUvk6EFLkqGfXnMqo2fja\/8Yy2X2bXlYH61pClr6bKm6cdF5TRRdEXSL8VBTleviO7gvCDiV9RlGCcXrEjDIAsRno4orT9w4rDHfUjHWGU3YjZ3SNsXGo1yZ48ZSI65RiOOvC6h\/+L9LsTozTmWKYt8mcvR5TXhRq00DP5LTdg86LUuxih7tbg8YMj6OA4ZtGsC\/GxkV7tsm7XH5Usf7rPpVJimbsR+joRUuTKpT\/BaNt466X6caYYVb\/Mq6tBySBv1nZcUEb8D4LozYid5ppWEE2P1M9I5GiwQ6NBdYbo4tt4YGh61mvAY2t9qRwly2lfDxpPAgdH64n5IShATOMOasY6VWwAzzr4Nr8aTN\/MaSwahDqWtfw+XaXpsZ0PMVS54qAy4ViTRpSBuytifXCzJVwJATgi9dtxBW5OYT0cdKypOhziM0468csAT7DMuUiRK6v+fEbbxoU75KAe5Kfa0ekyqn6ZV1cGOfpqqry52nExGfGInAxCHTb8aWwZqmggfOWLytmAGnaWGhoS8fU8NLVFJXtlmLy1ED2CcqCOUNvegNVdPFBTpoVlwBEndkh\/moVjsqlpWML8Z5fm4WiVfPzkYEAJ5+ahjB0pBL3B74Kcjul03CkZNrS6KIvEXHVBvkFa3aHzITyvCtM4UxjlpK71QH65lyNtiZjKYgeYNWRtva6jrDVfVnKtLBj6FS+u3aPAZ410uy+gvh08I8qvrov77yk9YrloBpRU5pPqNnnlgiT93VAnLEbcxnGWtPgar+n0UK55TK\/mzgaHgl5mWI8qD9FOUyok7LIzZM7QLyUpukqE3LwZ+yqSJG8loR2fFziK\/oDoZVeRLpwTI5i6uku2zGVZWRBT3gv2MsTzz+j0xzCnCRvyATkbhpxw1uki0eux45Hrb73zt7Y2E8Prj2FOGzbkDMMwBWfEHzsZhmGYk4YNOcMwTMFhQ84wDFNw2JAzDMMUHDbkDMMwBYcNOcMwTMFhQ84wDFNw2JAzDMMUHDbkDMMwBYcNOcMwTMHJbchpc6Vgu0\/1lymCvob2tjC2CaV4hev29pMnCe0zkrxt6SigMq\/6W+KOLM\/DHdh8dFqaQxLyz19G1FGudjR6Wg82UYrBEX0jogyyzwyWtiuT0OsI+kucrMeBLbPT\/5mRMNiInLaBXF5Wf7S1ZA3WT9OgDI0KFnGiDJ+nCBOmfp8G6fnnKCOF6FM\/T4cce2XngvoFBTsZH2BzteOSiTlvjMC1IoMS9PZbpzaqHgYRAu2Ed\/0bVZ6nHSYsKf+8ZcwVe\/Q4OJShxUZPCSp3UBeD7JJ5bDIx543cux\/SlKwGdoAFmjrZW7o6W4OqDf6Da3UY16G3yLXybDz22SC2pMy7fmEeJvdr0KAW7gZ6QIR87iiG8r8FsHXvCKbnAGrblLra9L9r5q9lm4aje1oGdV9oZCn3rRZyEFYZHTkmyjhrwdT09qhmmQ8plmDbCkVm6zMqnwq0zHOI1FNXyj83Ce1tGU1FnL\/4GFZFmemELafIa1cnVDa2slW6MNLCh5UuHJkQs54ETr2G6g7Rz4TqzKhX61qoHdnbzxIizWst1GlMXWs9IP52tSSrcd7UQ7x+EOs5rOOJDsoTbpMijTfT8ryob1M2wkmXiJGppNpGdawBDb992XnG6yxA3ANVqL7FdJz6kDj6deokri4FooxBmylTUPK3uj3rPua09zgdM9kgQ27+pdH8bKW\/8llTHSGvHvbXVlb695+r436zfx+P13YO1bF6Zu1hX56h62v9h6\/EQb\/\/\/L5zzXz2sP9wLUhbpGM+62KlhZjHSk5LdiIi\/5WV+\/hLcrizZqepoPNuGfWxeMZIQ+Rh6igkl10mM89Q\/q+a\/aa618xTouR3y+MfS30myhn7rMzPPbbzN7DSUs+69W4cC1mcunHzM+9x87aOI+uaymOUVdyTcIwk6kfl4bb7UPtCrLKFZJN1EvVcvExGvo4cSTozSasPuh6ULaUfWs9KPQR1o8rny0TXnXqP0zGTGce1QiMt9QEz6SPmAYVfUveI0aSxET\/5OnEUcNsYnVVuVMHrtUNx80KEni3B7Edl6Lw05JiYjhgdS9Kn5zgyu5H+ri\/PBSMCETosQnZyHZgjUArW3HtDzqWujERvpCHiiKqfA2HGBr1UgUpM+TVB3M2SCErrXa74x6UxTC5Wzps4RrPLasbwFPElTVnyYtad0EkPjmITI\/8w1tetIH8RJPrgBV7pQvetOhmLW9cUAtAoqwjK3AMRyzWSZP2I7wM4Sg0CUFA4NfUzFVM2GW8S3mKZ1JlUsI\/c1PmK0HJYLa\/p6SSdRZBQHxQeLyibajciD0XcsxF9WJQvkmxtkEnHMeQUJ09\/xMQ\/Z4roQ9Msuj4XNk+RxlR1mvhOKxHP9pxAuDS9zNjIRdy+y+3g+e2e1agHIkF2mhJqOYOpIQWcVT9HgPA10zRc5TO6j8pSzs620pX4I3dJej2dCMI\/3IMGxUz15aOpPhlfaqeLOLXf8K\/V3tqDh2hoWm+mlUSyfk77+0QkiTpT9+SAXCg6nZC7MoZ83zrOeBssEMN97Ly+APMUofyLYDlU6WLE21c0MDNqezTiWfLp+Sti1F+Ejy+Swx3YIt+y\/2yUbzsnMbJTIxd+T5XX4lTcqGMEoJ5lPvPg7W4Ykf2HQY7WyU+sy6D\/gpHYKSJeoDi6xNmeLZ+s0+6jLRFr0z+f1kbIbyt8szqd+ZRZ0hnXTxQpOsuOnJlTDFedxnzm2UYeCqjjM8rQq1YqdxZxKoSjaO2GoWkWjqq3jJFj60kDet4kpLkE9LOPLUOFo\/GsowmaZpIs\/tud\/vKvWTWnkNGyy6l9+X09Y5FTRImcYneeBS+37qN6\/OgvNOI300KaLWdanP5CzIac8ppyEl18cZ0NSI84SHhil17LRy4vwJdaUM\/4l7S+untk12Pqcsdk\/Qg300E9aFv4oqhnHLUeH8k6yw6NlD2YvKYbWvZlkNIVafbhFjz2Z6suZ70NFofvq\/8OAU5zb1Whfa+GHakrvkwvLANOYbGT7apbaJSdaVRNfkx6FjvltjpFY4ypaVhCI51G64GMfr5svM3F13ls2LM31Iks7G+h7KrxRcoufferNCUUcuIoaAo79htxUbzcuusb+EJpiGNvah6qXg2OxJELlnnuRTitfXERWq\/rUMfpcU0eitUBC8oYkTGpbSs9i1UF8nxWhCsK1sWLT+N5ZZi8tZBpBBfOP72O4hAGgNoQllXrnPy0IKb3uvQkXxWml0rwglZ+4MgtyFGusnjcxPYX1dDI9\/osqBOYqGKdGAZG+Jo3hAurRnVAqyqS9IOzpMXXeO3eKg4d6EIV5nFWVlNtYCREyJSm4XidoT7VcTq0pLgelA3nLlVaYix+p3BpFpbmjoz2XIb5uTIaa3E1xLBtkJGco+DLckkcTbeDj5DyHBn3bFM1aQz8ZYLHhbM0j8mJWN5mL9mU58i4Gx\/OGOYd4ZxF0XfWviL+WuFMHLchD9Zf55OLCZGw9pth3jXOmSFnGIZ59xjBP9FnGIZhThM25AzDMAWHDTnDMEzBYUPOMAxTcNiQMwzDFBw25AzDMAWHDTnDMEzBYUPOMAxTcNiQMwzDFBw25AzDMAWHDTnDMEzBGWCvlfDGVNm3qR0hYre7BoAR9LX1YBPgTrBxkgzqCnJL0oJtiSmD4w63NSzDMO8G+Ufkh13okeE2I3qc4nas3kWdc9zm9x6UeF9jhmHOMfkNOUVaGSud\/j7atIG9GRKKXjDqp0bEu+StTRmGOefkdq0IdwXFqsw85SdXDMVKnIaje9oloyKwWEEBGoEhNqPNONcoQo50peh0MZ1uzN7UoQAOjlvIdAnpwAQU6NhPy9jjOlaOAHKH1C\/Mw+R+Tew5rsshXTz+k4ll1+m6rhWdBu9jzjCMy\/d+9etPP1W\/Bd9NMeTtr76Erw++hqdPn8q\/vW\/hyoeT8EN1PUwX9p7uwe+a\/wPTy0vw85kZuPJfX0Gt\/lY+pwyZhwZq6RczMDNzBb79zefwefs9mPkAYOdva\/D2g0X45Sc\/w2sz8OP\/bMM3l0qYH6X7e\/ijn3wIk5evwczlb2Gv+QO4KfK4Jo1zdw+e\/tsfwU+EfNKI99BQ6rTea2M+v1Hyf9OGr5q\/g73\/xZfUX\/1cyrH3D\/CPqXIEdH\/7FPb+5TX86V\/+Ej6Zw7J8gFJg+f6mPgYLv\/wEfobPzfzoa\/j80auYsmO6\/1qH9uQkAKb1NVwRaUgj7uFLZQl+ym4ihmEcHNeKjJ7tB7PVAZUNKCagGe16fqwBG37QWzKWwfPrRgDm8lzg4pABWtvQOiRb24YejlyDUaaMhwkHLzA1Se9NkE7pemUwtw4F28UR+G1jFF25UfXlkOBo+YYvpQgMC2+7qmwZ5ZiYtj+skgvI\/IZQGsc8j0Saouwo001jhF362ImtiLMKacTZRcQwTDSOIUcjumQY6gzuE9sYUvDk4HnX9eBjRI7vvtFOBQMydni9eyjlmQcKyksvh\/wR8TXd1xH5hCLYxzGkHDTy1i84w40iyp70veEA89vugDd1k404wzCxnM46cvFh0oNxtGClCzjqdaEPqnhdrzbxZwFzHjTubfoj9TyULkbkY8iRhYHkID+9ivgunr2LLz51SZTdGPGHIB873g+7G7DZVOcYhmEcchryLuw80G4UAo+\/wBGm606IoPc6eKr1BJ\/xJqGCzwg3C448A0OFaT7roBG7KkahraZjLr3x+BFsEtevQrnXgC3D3WPKkcagcoiZgCqLOCZ3ivotXUwNeGyW3dIvQq6ZuTJ0tgefjTAMc77Jt2qluQObL9vQOQjcFFGrN2zUR0bPg15PPef+AyJn5UawaqUFO+t1aOjncCwbrPgwVq2IY\/Lvywj1\/n20miXXqpU2TBorSsRHxv1JvKcErVg5AqL\/EY+dpzeFI\/LdI7iqfd5ONHhvogrTN2YBnjhpqfvS9c0wzLvGCUTRl4YMeNkcwzDMsXA6PnKGYRhmZJzAiJxhGIY5TnhEzjAMU3DYkDMMwxQagP8HKma\/lxonDOAAAAAASUVORK5CYII=\" alt=\"\"><\/p>","protected":false},"excerpt":{"rendered":"<p>Tegund:&nbsp;U01350505<\/p>","protected":false},"featured_media":65839,"comment_status":"closed","ping_status":"closed","template":"","meta":[],"product_brand":[],"product_cat":[588,786,515],"product_tag":[],"class_list":{"0":"post-60101","1":"product","2":"type-product","3":"status-publish","4":"has-post-thumbnail","6":"product_cat-handverkfaeri","7":"product_cat-tangir","8":"product_cat-verkfaeralausnir","10":"first","11":"instock","12":"taxable","13":"shipping-taxable","14":"purchasable","15":"product-type-simple"},"yoast_head":"<!-- This site is optimized with the Yoast SEO plugin v27.3 - https:\/\/yoast.com\/product\/yoast-seo-wordpress\/ -->\n<title>USAG Kraftt\u00f6ng 250mm 135 A - V\u00e9lar &amp; Verkf\u00e6ri<\/title>\n<meta name=\"robots\" content=\"index, follow, max-snippet:-1, max-image-preview:large, max-video-preview:-1\" \/>\n<link rel=\"canonical\" href=\"https:\/\/velarogverkfaeri.is\/en\/verkfaeralausnir\/handverkfaeri\/tangir\/product\/usag-krafttong-250mm-135-a\/\" \/>\n<meta property=\"og:locale\" content=\"en_US\" \/>\n<meta property=\"og:type\" content=\"article\" \/>\n<meta property=\"og:title\" content=\"USAG Kraftt\u00f6ng 250mm 135 A - V\u00e9lar &amp; Verkf\u00e6ri\" \/>\n<meta property=\"og:description\" content=\"Tegund:&nbsp;U01350505\" \/>\n<meta property=\"og:url\" content=\"https:\/\/velarogverkfaeri.is\/en\/verkfaeralausnir\/handverkfaeri\/tangir\/product\/usag-krafttong-250mm-135-a\/\" \/>\n<meta property=\"og:site_name\" content=\"V\u00e9lar &amp; Verkf\u00e6ri\" \/>\n<meta property=\"article:publisher\" content=\"https:\/\/www.facebook.com\/VelarOgVerkfaeri\" \/>\n<meta property=\"article:modified_time\" content=\"2025-04-25T19:11:14+00:00\" \/>\n<meta property=\"og:image\" content=\"https:\/\/velarogverkfaeri.is\/wp-content\/uploads\/2024\/09\/fecbecd1-b1d8-4a84-9923-47d4d19063a3.png\" \/>\n\t<meta property=\"og:image:width\" content=\"862\" \/>\n\t<meta property=\"og:image:height\" content=\"860\" \/>\n\t<meta property=\"og:image:type\" content=\"image\/png\" \/>\n<meta name=\"twitter:card\" content=\"summary_large_image\" \/>\n<script type=\"application\/ld+json\" class=\"yoast-schema-graph\">{\"@context\":\"https:\\\/\\\/schema.org\",\"@graph\":[{\"@type\":\"WebPage\",\"@id\":\"https:\\\/\\\/velarogverkfaeri.is\\\/verkfaeralausnir\\\/handverkfaeri\\\/tangir\\\/product\\\/usag-krafttong-250mm-135-a\\\/\",\"url\":\"https:\\\/\\\/velarogverkfaeri.is\\\/verkfaeralausnir\\\/handverkfaeri\\\/tangir\\\/product\\\/usag-krafttong-250mm-135-a\\\/\",\"name\":\"USAG Kraftt\u00f6ng 250mm 135 A - V\u00e9lar &amp; Verkf\u00e6ri\",\"isPartOf\":{\"@id\":\"https:\\\/\\\/velarogverkfaeri.is\\\/en\\\/#website\"},\"primaryImageOfPage\":{\"@id\":\"https:\\\/\\\/velarogverkfaeri.is\\\/verkfaeralausnir\\\/handverkfaeri\\\/tangir\\\/product\\\/usag-krafttong-250mm-135-a\\\/#primaryimage\"},\"image\":{\"@id\":\"https:\\\/\\\/velarogverkfaeri.is\\\/verkfaeralausnir\\\/handverkfaeri\\\/tangir\\\/product\\\/usag-krafttong-250mm-135-a\\\/#primaryimage\"},\"thumbnailUrl\":\"https:\\\/\\\/velarogverkfaeri.is\\\/wp-content\\\/uploads\\\/2024\\\/09\\\/fecbecd1-b1d8-4a84-9923-47d4d19063a3.png\",\"datePublished\":\"2024-04-27T16:12:27+00:00\",\"dateModified\":\"2025-04-25T19:11:14+00:00\",\"breadcrumb\":{\"@id\":\"https:\\\/\\\/velarogverkfaeri.is\\\/verkfaeralausnir\\\/handverkfaeri\\\/tangir\\\/product\\\/usag-krafttong-250mm-135-a\\\/#breadcrumb\"},\"inLanguage\":\"en-US\",\"potentialAction\":[{\"@type\":\"ReadAction\",\"target\":[\"https:\\\/\\\/velarogverkfaeri.is\\\/verkfaeralausnir\\\/handverkfaeri\\\/tangir\\\/product\\\/usag-krafttong-250mm-135-a\\\/\"]}]},{\"@type\":\"ImageObject\",\"inLanguage\":\"en-US\",\"@id\":\"https:\\\/\\\/velarogverkfaeri.is\\\/verkfaeralausnir\\\/handverkfaeri\\\/tangir\\\/product\\\/usag-krafttong-250mm-135-a\\\/#primaryimage\",\"url\":\"https:\\\/\\\/velarogverkfaeri.is\\\/wp-content\\\/uploads\\\/2024\\\/09\\\/fecbecd1-b1d8-4a84-9923-47d4d19063a3.png\",\"contentUrl\":\"https:\\\/\\\/velarogverkfaeri.is\\\/wp-content\\\/uploads\\\/2024\\\/09\\\/fecbecd1-b1d8-4a84-9923-47d4d19063a3.png\",\"width\":862,\"height\":860},{\"@type\":\"BreadcrumbList\",\"@id\":\"https:\\\/\\\/velarogverkfaeri.is\\\/verkfaeralausnir\\\/handverkfaeri\\\/tangir\\\/product\\\/usag-krafttong-250mm-135-a\\\/#breadcrumb\",\"itemListElement\":[{\"@type\":\"ListItem\",\"position\":1,\"name\":\"Home\",\"item\":\"https:\\\/\\\/velarogverkfaeri.is\\\/\"},{\"@type\":\"ListItem\",\"position\":2,\"name\":\"Vefverslun\",\"item\":\"https:\\\/\\\/velarogverkfaeri.is\\\/vefverslun\\\/\"},{\"@type\":\"ListItem\",\"position\":3,\"name\":\"USAG Kraftt\u00f6ng 250mm 135 A\"}]},{\"@type\":\"WebSite\",\"@id\":\"https:\\\/\\\/velarogverkfaeri.is\\\/en\\\/#website\",\"url\":\"https:\\\/\\\/velarogverkfaeri.is\\\/en\\\/\",\"name\":\"V\u00e9lar & Verkf\u00e6ri\",\"description\":\"Umbo\u00f0s- og heildverslun fr\u00e1 \u00e1rinu 1919\",\"publisher\":{\"@id\":\"https:\\\/\\\/velarogverkfaeri.is\\\/en\\\/#organization\"},\"potentialAction\":[{\"@type\":\"SearchAction\",\"target\":{\"@type\":\"EntryPoint\",\"urlTemplate\":\"https:\\\/\\\/velarogverkfaeri.is\\\/en\\\/?s={search_term_string}\"},\"query-input\":{\"@type\":\"PropertyValueSpecification\",\"valueRequired\":true,\"valueName\":\"search_term_string\"}}],\"inLanguage\":\"en-US\"},{\"@type\":\"Organization\",\"@id\":\"https:\\\/\\\/velarogverkfaeri.is\\\/en\\\/#organization\",\"name\":\"V\u00e9lar & Verkf\u00e6ri\",\"url\":\"https:\\\/\\\/velarogverkfaeri.is\\\/en\\\/\",\"logo\":{\"@type\":\"ImageObject\",\"inLanguage\":\"en-US\",\"@id\":\"https:\\\/\\\/velarogverkfaeri.is\\\/en\\\/#\\\/schema\\\/logo\\\/image\\\/\",\"url\":\"https:\\\/\\\/velarogverkfaeri.is\\\/wp-content\\\/uploads\\\/2021\\\/10\\\/vv_logo_350x100.png\",\"contentUrl\":\"https:\\\/\\\/velarogverkfaeri.is\\\/wp-content\\\/uploads\\\/2021\\\/10\\\/vv_logo_350x100.png\",\"width\":350,\"height\":100,\"caption\":\"V\u00e9lar & Verkf\u00e6ri\"},\"image\":{\"@id\":\"https:\\\/\\\/velarogverkfaeri.is\\\/en\\\/#\\\/schema\\\/logo\\\/image\\\/\"},\"sameAs\":[\"https:\\\/\\\/www.facebook.com\\\/VelarOgVerkfaeri\"]}]}<\/script>\n<!-- \/ Yoast SEO plugin. -->","yoast_head_json":{"title":"USAG Kraftt\u00f6ng 250mm 135 A - V\u00e9lar &amp; Verkf\u00e6ri","robots":{"index":"index","follow":"follow","max-snippet":"max-snippet:-1","max-image-preview":"max-image-preview:large","max-video-preview":"max-video-preview:-1"},"canonical":"https:\/\/velarogverkfaeri.is\/en\/verkfaeralausnir\/handverkfaeri\/tangir\/product\/usag-krafttong-250mm-135-a\/","og_locale":"en_US","og_type":"article","og_title":"USAG Kraftt\u00f6ng 250mm 135 A - V\u00e9lar &amp; Verkf\u00e6ri","og_description":"Tegund:&nbsp;U01350505","og_url":"https:\/\/velarogverkfaeri.is\/en\/verkfaeralausnir\/handverkfaeri\/tangir\/product\/usag-krafttong-250mm-135-a\/","og_site_name":"V\u00e9lar &amp; Verkf\u00e6ri","article_publisher":"https:\/\/www.facebook.com\/VelarOgVerkfaeri","article_modified_time":"2025-04-25T19:11:14+00:00","og_image":[{"width":862,"height":860,"url":"https:\/\/velarogverkfaeri.is\/wp-content\/uploads\/2024\/09\/fecbecd1-b1d8-4a84-9923-47d4d19063a3.png","type":"image\/png"}],"twitter_card":"summary_large_image","schema":{"@context":"https:\/\/schema.org","@graph":[{"@type":"WebPage","@id":"https:\/\/velarogverkfaeri.is\/verkfaeralausnir\/handverkfaeri\/tangir\/product\/usag-krafttong-250mm-135-a\/","url":"https:\/\/velarogverkfaeri.is\/verkfaeralausnir\/handverkfaeri\/tangir\/product\/usag-krafttong-250mm-135-a\/","name":"USAG Kraftt\u00f6ng 250mm 135 A - V\u00e9lar &amp; Verkf\u00e6ri","isPartOf":{"@id":"https:\/\/velarogverkfaeri.is\/en\/#website"},"primaryImageOfPage":{"@id":"https:\/\/velarogverkfaeri.is\/verkfaeralausnir\/handverkfaeri\/tangir\/product\/usag-krafttong-250mm-135-a\/#primaryimage"},"image":{"@id":"https:\/\/velarogverkfaeri.is\/verkfaeralausnir\/handverkfaeri\/tangir\/product\/usag-krafttong-250mm-135-a\/#primaryimage"},"thumbnailUrl":"https:\/\/velarogverkfaeri.is\/wp-content\/uploads\/2024\/09\/fecbecd1-b1d8-4a84-9923-47d4d19063a3.png","datePublished":"2024-04-27T16:12:27+00:00","dateModified":"2025-04-25T19:11:14+00:00","breadcrumb":{"@id":"https:\/\/velarogverkfaeri.is\/verkfaeralausnir\/handverkfaeri\/tangir\/product\/usag-krafttong-250mm-135-a\/#breadcrumb"},"inLanguage":"en-US","potentialAction":[{"@type":"ReadAction","target":["https:\/\/velarogverkfaeri.is\/verkfaeralausnir\/handverkfaeri\/tangir\/product\/usag-krafttong-250mm-135-a\/"]}]},{"@type":"ImageObject","inLanguage":"en-US","@id":"https:\/\/velarogverkfaeri.is\/verkfaeralausnir\/handverkfaeri\/tangir\/product\/usag-krafttong-250mm-135-a\/#primaryimage","url":"https:\/\/velarogverkfaeri.is\/wp-content\/uploads\/2024\/09\/fecbecd1-b1d8-4a84-9923-47d4d19063a3.png","contentUrl":"https:\/\/velarogverkfaeri.is\/wp-content\/uploads\/2024\/09\/fecbecd1-b1d8-4a84-9923-47d4d19063a3.png","width":862,"height":860},{"@type":"BreadcrumbList","@id":"https:\/\/velarogverkfaeri.is\/verkfaeralausnir\/handverkfaeri\/tangir\/product\/usag-krafttong-250mm-135-a\/#breadcrumb","itemListElement":[{"@type":"ListItem","position":1,"name":"Home","item":"https:\/\/velarogverkfaeri.is\/"},{"@type":"ListItem","position":2,"name":"Vefverslun","item":"https:\/\/velarogverkfaeri.is\/vefverslun\/"},{"@type":"ListItem","position":3,"name":"USAG Kraftt\u00f6ng 250mm 135 A"}]},{"@type":"WebSite","@id":"https:\/\/velarogverkfaeri.is\/en\/#website","url":"https:\/\/velarogverkfaeri.is\/en\/","name":"V\u00e9lar & Verkf\u00e6ri","description":"Umbo\u00f0s- og heildverslun fr\u00e1 \u00e1rinu 1919","publisher":{"@id":"https:\/\/velarogverkfaeri.is\/en\/#organization"},"potentialAction":[{"@type":"SearchAction","target":{"@type":"EntryPoint","urlTemplate":"https:\/\/velarogverkfaeri.is\/en\/?s={search_term_string}"},"query-input":{"@type":"PropertyValueSpecification","valueRequired":true,"valueName":"search_term_string"}}],"inLanguage":"en-US"},{"@type":"Organization","@id":"https:\/\/velarogverkfaeri.is\/en\/#organization","name":"V\u00e9lar & Verkf\u00e6ri","url":"https:\/\/velarogverkfaeri.is\/en\/","logo":{"@type":"ImageObject","inLanguage":"en-US","@id":"https:\/\/velarogverkfaeri.is\/en\/#\/schema\/logo\/image\/","url":"https:\/\/velarogverkfaeri.is\/wp-content\/uploads\/2021\/10\/vv_logo_350x100.png","contentUrl":"https:\/\/velarogverkfaeri.is\/wp-content\/uploads\/2021\/10\/vv_logo_350x100.png","width":350,"height":100,"caption":"V\u00e9lar & Verkf\u00e6ri"},"image":{"@id":"https:\/\/velarogverkfaeri.is\/en\/#\/schema\/logo\/image\/"},"sameAs":["https:\/\/www.facebook.com\/VelarOgVerkfaeri"]}]}},"_links":{"self":[{"href":"https:\/\/velarogverkfaeri.is\/en\/wp-json\/wp\/v2\/product\/60101","targetHints":{"allow":["GET"]}}],"collection":[{"href":"https:\/\/velarogverkfaeri.is\/en\/wp-json\/wp\/v2\/product"}],"about":[{"href":"https:\/\/velarogverkfaeri.is\/en\/wp-json\/wp\/v2\/types\/product"}],"replies":[{"embeddable":true,"href":"https:\/\/velarogverkfaeri.is\/en\/wp-json\/wp\/v2\/comments?post=60101"}],"wp:featuredmedia":[{"embeddable":true,"href":"https:\/\/velarogverkfaeri.is\/en\/wp-json\/wp\/v2\/media\/65839"}],"wp:attachment":[{"href":"https:\/\/velarogverkfaeri.is\/en\/wp-json\/wp\/v2\/media?parent=60101"}],"wp:term":[{"taxonomy":"product_brand","embeddable":true,"href":"https:\/\/velarogverkfaeri.is\/en\/wp-json\/wp\/v2\/product_brand?post=60101"},{"taxonomy":"product_cat","embeddable":true,"href":"https:\/\/velarogverkfaeri.is\/en\/wp-json\/wp\/v2\/product_cat?post=60101"},{"taxonomy":"product_tag","embeddable":true,"href":"https:\/\/velarogverkfaeri.is\/en\/wp-json\/wp\/v2\/product_tag?post=60101"}],"curies":[{"name":"wp","href":"https:\/\/api.w.org\/{rel}","templated":true}]}}