{"id":60100,"date":"2024-04-27T16:12:26","date_gmt":"2024-04-27T16:12:26","guid":{"rendered":"https:\/\/velarogverkfaeri.is\/?post_type=product&#038;p=60100"},"modified":"2025-04-25T19:11:13","modified_gmt":"2025-04-25T19:11:13","slug":"usag-krafttong-250mm-134-a","status":"publish","type":"product","link":"https:\/\/velarogverkfaeri.is\/en\/verkfaeralausnir\/handverkfaeri\/tangir\/product\/usag-krafttong-250mm-134-a\/","title":{"rendered":"USAG Kraftt\u00f6ng 250mm 134 A"},"content":{"rendered":"<p><img decoding=\"async\" src=\"data:image\/png;base64,iVBORw0KGgoAAAANSUhEUgAAAXgAAABcCAYAAABk164yAAAAAXNSR0IArs4c6QAAAARnQU1BAACxjwv8YQUAAAAJcEhZcwAADsMAAA7DAcdvqGQAABy0SURBVHhe7Z3Na1xLdsDPZIbZJBlubGHam6ER8oMHHtOG1mTxhMFg8kQkAsGGgNEq1lLLLJtkQPoDBqSlvLKemYWGQGghaTA8MG0SRo278YgYRo1oBmJ1jGx6MYQshnTOqY97q+p+d19J7avze0+8vl9Vp05VnVt1br06P\/jT\/41GYPDDH6gfDMMwzBfNn6n\/MgzDMCWDDTzDMExJYQPPMAxTUnL64AdwsLUN7aE6NKguNWDlvjq4Mrqws9EECMkiz\/dnl6HxtKbOMQzDlJuxRvDe\/Co0Gg3r7+qNewJn+Ofhvzcr8phhGOYacD1cNLdrsLLWgLVv2cAzDHN9GMtF07uzGmssB4dbsH0U+HBM10335Qa0bi7D3ElTunmUy8R9RlKF5cYK1LR7RZ2l2YOZN6XZPFUHs1WonuKdIReNlPv8G33ecTV5dVhdW4RKZwc29kDlS6j7bhiunbMD2Hreg7lna7A4oPu1ZNPipmIYhpEUOoKXhtpDA6lcN8\/qMNzbgJ2OugEZHrUAHqvrZDTRYO46z3iOcR\/6LqFVfDls++lRfs1Tulc9+zX4L4IkBoe74iUl02zA8o027B4OAO4\/grrXh2Mt71kXevQSOD1GSSSDdz0Yzi7A4m2UDY07GXWdzl3\/LoZhmKvHMfA0Yt2AjQ319zLaYA2PtoN7\/PsG0D0ZosHTo1\/k9iIszKLRfW+kI4yj+k0MzsEdu\/t0jqGPo+sn\/oi9AovfVFV6Efndv4uvhnQq365Zs4DKTQ+Gn9DAY\/qVG4G8ZMxhfhmN\/hAG5MfXeX7t5wjDj\/ScpHY\/OM8wDHPV\/PCf\/+UXv1C\/kb+Ar\/76ATx4oP5+5rph\/gi9376F\/\/nZKvzTP\/6tc18P\/uM3vwf46gHcMw34h3fw9r9+DF\/9fA7++LvX8Hv4yk739j148JfvYPv5v8Hr16\/hdecDVJbW4G8wjcG71\/D29BTe0nn9hwYWRj\/B9ACOQ\/kN4N3rCBm03D8NztPo\/5e\/+o1I8+2H\/wX4KylX5U9\/gNe\/\/Qg\/eXALegf\/CTce\/h3U\/vRbaP33T+Hnf96Fg3\/\/MdT\/4R69CuDeg6\/g88E2\/Oo3JNsf8Bk6zzAMMx0U6KKpwIynfhoMPqFBvkHmMA5ydZDfO3B1aD925RYtfanDqnFN\/JG\/XN4yFuS33\/604Ke3Om8ILmYBOGLvdPGVNQc1fCFU7s0BnHShK9wzd4MZA0qxuKbTGEJz6wBfMQzDMNNBoQa+dseD\/t5O4Ik+O4DWKVgujTA1uDvbh6bp8sE\/4WcnYztswyvDh0+jdOkuoecA+m8Cozo4bGXwwePzn02ZpNslgNIdQnuvDXCnJl8kt2to6nvQstwz+FzHMeeJLzKGYZjL5dJX0TTB\/p+N6P5deGKlJ9I4mZMrW9SH1sBwe+DNL+D9lIa9Gsablyt0gtUyGnmff16sltEpelDHEXz7091ALnF9CHVaKWO4dOQHZOXzP0O5fo1y+UXVH4YZhmGmgyvfTTLK6MvllPEvkfw4Bp5hGOYaMAXbBdujcMJd6z4RerSu17qr0wzDMGVnCgw8wzAMcxFcj60KGIZhriFs4BmGYUoKG3iGYZiSwgaeYRimpLCBZxiGKSls4BmGYUoKG3iGYZiSwgaeYRimpLCBZxiGKSls4BmGYUoKG3iGYZiSkmMvmvCmYDaTb5c7ONyB7r2VIKSfGeDaitAkkVv4grWt70UQteNlPtSWxyrI+GWSJHuwtXMJtjr2t4D2Jm4P3Zc7AE+L0sfV1T1jkGJLimSa+lWOEXwQvciPgmRFW5q0IG7gjax4ULngCpsYClBC6ro5RXtZWsHOv3DjLqKC0f79VJZJO3AXjk\/VzyKYxrpnLo4p61dT5KIZwHlO+07Bs78I43S7Biv4cixuf\/sCoGDn3kw5tk8+G8CwqBe9SKtAprHumYtjyvrV2NsF21GXFGIa1A46iDstjbvuntfTbFDTKoq4dKQjMBnTHpqWv5kxIj+1YGZpDnp7Oi17ui7cFe7oLGqfeCviUxWqs33oG26OYApGmNMwx43lp+0GHFHTdnFTAO2D\/wR2RbzYZWgGsjp6jM8fSZGdsJ9HfDkduUzdiDo6h4UlgGacK8TKG3M3onkFqHp6tgDnz3VeTlpOewjSCddx9WdV6P8uyNPUh1Xfbj07eYgYBLdeWfKbafmE2qqEZLz7ngLVyKhiog2IeqtYdS90j\/W7erMV1EGs+8auDxknAWQbu+E8I3RPsY1J3qjnZMl1\/kntKyBPeyAi9IXIAD6uXvAuV5eGHGHXopQFVFtIL4fdF73ZKsDpMMJFE9NnLX1KTJlC+eNzf3+nB\/8a1a8S+4WjY6MMdj+1dWvbsmi9C8jAm39ZOTvYHK1v7o\/O1PHow\/5oc3199OKtOsYr+5vro\/XvOvIw7fqoM3qxvjna\/6AOCfVMcI\/zzNsXhgz0PF4zZOp8Zxxb9yLusSYkp0pX5SnKvf4CzyqMdMI66Yw6ojxSbp0mybV5EORsHsv0jfwdeZLyT5PdIlR+ea8rl5t2ZFoCet6QS9xvHPsomYxrlt4iy6DbhXrWkhuJyMuSHRF5aNlDedD1ffl8rNyEXY\/uscjTbcPOPbp+Az3LMpmySOT54D4jHao7S0Yzj4Tn6CilfQW46ajyxbYHmU9U+4jUSyhf+3nxjJWWrae0ckTWf6hu1HmzPek+G9KxLVMof01kvzLSsdpXWMejt\/tCRpm+8ZyZbkg2lNmVQ+G4aOhtZgS\/fumHz05l8K4HQ3z7BG+mCix+Q2\/NY3xHpV+PB0d3D\/W7SQb2hs8DlDSa6jfBKK32NaY\/PBf3Dj4ab9YEwnLK4N4S+Z2gumS8Le8\/gjr0oCsCgSMqPwFOz2sht4EM+p0Ivvkf6fwp4DcWefhRlCIx\/2TZU+gcQx\/zfWK4EmoP6+ANjbJZdeFSgxVzFHG7gncPVYD0MGYZKvfm\/HyiyvBoHqD3Lqhxs46jIT86yvo4uK\/y7QJUzbZo6hipfLsYyB5LBjfi7EL6NwBLzyp4\/HunF4TqQ\/YXcR\/VudeH1qHSyVkXesMq3KXyJD2nMctutS+D3O0hpW86ehnfHhjEliOi\/qmNqd8hUvtsDGb+sST0C9Ixjr4XDB3D\/UXUUwY7Y\/UtlDlGjh+p\/ypQyWsNWFRHeRh8imj5lRksTE8KknY9q1LHhPz1q4BTHnxxSbABPFvxG4Amshw+soP39\/Dlh9M3kyq2EPFN4BZOxzAPnEzGhB4kHa+KaeHGkTqFDWUVp\/LpJOefLHsy8gU4Iw80ojG24ZxafxbxsGNZ00182kkxGiMfUYbTJuqQNGgw63fBdIQffQj95xuYqgnKo9vijUq2IllQZwUso6F\/NFKN1E6eTOUmmp4TaRi1TKI+hn1sr3YJwJvB+7BDozFtn3RhgC+mwfdtYSzJGCQ\/l51i2kM8afZiouTVd5QsbS9bn52U6H4hdOzNRZQ1uZ\/D\/RVoVMi9hdfpJLVB3zVl4xj48RGN9JM60NAHBywMffxKu37hnB3ALn0zaKSN\/pKowAwNA5KCd5PyxTWq1G3YuRW+d3C4C707q9DI3ZCS8+++Vz\/GoHKLjIw60KiPl3NZxBT+VFqGhrKJ+qTyt8SlVIx8Kh+pgAsxDTbj2E4YIkwv5G+VDCIMala6L6UfeFKjbiKMnfPCEfWBnd\/6bmBCM5KjFo7ounBOo9VnUl9pz2U18hO3hxSu3B6YRPVZcaEAEvqF0PGRnD3YKs1gZ24vwhraMqpRGixuHVYiX0yFraIRUyAcee101AnK+A2+s2bvipFF2vULh6ZwOPqgEbzvgtrYggN\/miMRbp3TVnAeK6jlf8yQ09D+mwOrowyw4Qs6XccE4Zs6ojOQLuAIR\/CmLFt2mtEk558sewr370J12IZdPe1HujQyRGORacpKndO8V0w\/4zFdAmY+sp0YZSCwfOm6MSG3xxDa39u1ofUk8sCyvjLb4sss+pc6FiMrs+5yuDIFpktA1VH1a6cXqPoIZCRQD75eZBl7v25B39R76nMZmbQ9pJBqL+gFYLp7UtqThXDX2PUvZFe\/LeL6rJhNmG6QMZfPJvUL0jEe+a42hP4fjG6ancGXeuCqkXi3ot+6hY3gxRvlGchpgzl91SOxtOuiwTahqabV4ktztMxj0X0pVzKYIy\/xJRobwaI5WsS3+erHLdjW03uvDsvzHjTVaCPs6sFbvCrMPV7B0WcLWjgV084Fmu7Jt7YJvsFp9UGjYbzY6K3exE65CI\/UmTiS8l9MkT0Z7X5wXEdxI0gX8hG+2Q5cA7N1qGMni+VkF\/NR1818RDsxpp+E50H1zhNY+VYdZ6D2FAuD9Wu6ejzMZwHzqVEeS+fYDoO26KG8Few0FWEctqGJ+m1iFw+t7qFVWw3DtSdGaPRCqmXTE4F6aYn0JdGrjSLcQSiPN78AaygjQT7x1vM2Pm\/WUfpz2ZiwPaSRYg8q3z6B+onbnvpwLo9SIDfoMpxj3ev6ry4tQxUHDi7d2D67CE\/mjb6EpriOfamfqS8ZJPYL1PGzAerA0PFsFZbxpZfUz2uDY2jtBTInuQnHXib5ZSGnMeQWCaYx8lywdPGSEAbB+T\/qxDky+sZHldIiX2Z6udsXRcTSOXHOX6qbjlj65i4vZpgL4poYeEIaFnOaFz1yugScdbE0Oohdx1o6vmADj9hrk5Gco1o28Mxlco0MPMMwzPWCd5NkGIYpKWzgGYZhSgobeIZhmJLCBp5hGKaksIFnGIYpKWzgGYZhSgobeIZhmJLCBp5hGKaksIFnGIYpKWzgGYZhSgobeIZhmJKS28DTFrvWXtj0l2M\/bLnfcYGcHcCOsZ9ybmgnx4h94a8S2pAqaq\/66aILO3n3QR8HUT8bsJW5ji9JrgQmbeOij0WUQfa98dIeHO44e+wX0+5FW80Uy6AALJlpN9gNYz95JorxRvC0\/3Cjof5Wof65mdHIj7lpfgIitqP6XS6uILJNHvIEYCiAuIAGIS5ZrjDFt3EJmVAP\/50ZYxdKGeOTuX4U4KLJESz3TMZKLJJJ4pBOKyJO5JRvHyxjdl4CFBgCBxJZtxa+NLniuIA2LqlA7Sm2i7G2Gc4QLJwpJbm3CxZRkMCMxIRYgRCcfdd1lJaEPdDtPbbNvdEprRbMLM1Bb0+H3NJRdmTAjrbRcIOAubYMdiBd+zlvll5Ow+j4nTQlfG6E+jIizgiZPy3A6s1WILtxnRC60qM5c99wke45LCwBNH2dGOW2gkgk6UAc2PloQvuUO\/oS1yvwCvU0dAINm3uWD6y0pYwUKcnKzyh3XJm1vpax9cjrlNYjGBgyRe\/Pr8qvykvpt24uw9xJM6hDJX9IDxnkImL19xhg16onrfci2zhiPVeF6mwf07bbEqF1KM+ntwuB24b1PUDnezA370H7KKINIokyK3Rbqd9oQ1vr0OoHMbpCkupSktRX5TUzYE+SvHYdR5ellJCBN\/\/S6Hy3Plr\/rqOOiM7oxXpwjq6\/eCt+Imej\/U3j+MP+aHP9BT4RcHawOVo3z719MVrf3McnCZW2f6zyd443D\/QRIZ8JztkyuM\/L\/DdH+x\/UCY2QNVwWXU75nJmPzDcxH603lXagRzvtXDqw7kXcY4XI3zz\/oTPqUJnpfqtOKD+lj4hrHVU+qzyKpDJrfWn9uMfhvDSGPHREeZj1JZ4LjvPKFdKXeRyqJwml57YL\/zhvGw+1M1XfTp6EXbaUdmFh61CQ0gYTZTaQ97nlD46TdJVWl5H15l+300qUV6Rr1knQjsuO46Kht2KGj6enFOtQ3ydHgPqtTLEwg1FYBSo37ADLNtI3WF0y3qYUwxB6VlDZ6jfBaEsEljaDFruQDxZHX0\/8UYB0IfXfU1nIP4ojmMdBeiL4r\/ptInz7ONowyxJyRVn5UExZiM+HouBbbiy8\/lCXWgbZtYIMO8TpIJdLwtTb7RqIQMCkb68Px+pj1eDQCeKMYz8z0HMt1lWSocyor0fqeRFRHkdSd3V6oSDHCcwuBKNUEbh4COexDSJZrnT9mfUkKbKNh9uZbEdZydU3QsS1wWz90seoVxnwOtBHqq5i6zJ7X03TsSRrOy4XTtBtClbbwOlbCtYULIw75fVuqh8hpG9QRKn3AwRLqlTJ5lQzI6LDDvtBkFuNNyMqmLrzjDyTSKRvXxihnkhHNzoTEQn+REawH+I\/fT9gr8aDGb+RFUM4OC92imdGUGiF8Ovf2hEvZQrWG0yFZcfepgju92uyo2ijcX8FGhWaymP90HFSvQvfc3yZo\/R1KaTIVcuoP5ei2vh0fkMqtl9m15WB+paRpa+mypunHZcMx8BPivSLUXDrxlPZRYSfTfyKogIz9EouMPC1GBniCNT2PyvODtSPdISxdiOoD86x0anVLe\/kKRPRWW\/gKAWve\/hPpF+fKNLIY5l2yV\/eiCivCzV0oWfyi27Dzi2pdzGiPWrCq5fn0Mdxz6pZF+IjJ73yZd1uHVYsf73P7UpimQcR+roUUuTKpT9BsW28+179mCqK6pd5dTUuGeTN2o5LRsH\/oxO9SbEz3dOKo2mW+hmJHD32afSozhADfHuPDU3zhm14Za2PlaNqOX0cQvv7wFHS\/d78ABUgpoOnTWOdLTaMN318+98NpoHmdBgNRQvLWv2artI0286HmKhccVCZcGxKI9DAbRaxvrnTFS6JABzB+u27Bo\/msR5O+9aUH87wGSed+OWKl1jmXKTIlVV\/PsW2ceFWOW0F+al2dLUU1S\/z6sogR19NlTdXOy4XBY\/gyVC0YNufDlehjobDrxRRadvQxE7URAMjvuaHpsiofK8Kc49XokdcDtRBmnvbsHGEB2rqtdIAHKFiR\/WnaziGm1+ANcx\/cW0ZzjfoGwI5KlDCpWWoYgcLQW\/8ZyCndTodd2qHDbAlyiIxV4GQ75FWm+h8CM+rwwLOLIqcHHZfypUEcmQuEVNi7BiLhqzdjy2UtenLSi6aFUO\/4oV2dB74xJHB4Bhae8Ezovzqurj\/udIjlotmTEllvqzulFcuSNLfQ3XCouA2jrOq1Y94TaeHci1jek139jgR9JLDelR5iHaaUiFh158hc4Z+KUnRVSLkLs7YV5EkeWsJ7bjs5F4myUj08rBIV9ClEUyB3aVl5vKxLIip8017uWT5KU5\/DDONsIEfk+kw8ISzzhiJXk8ej1w\/7F2ftcEWk+uPYaYVNvAMwzAlpeCPrAzDMMy0wAaeYRimpLCBZxiGKSls4BmGYUoKG3iGYZiSwgaeYRimpLCBZxiGKSls4BmGYUoKG3iGYZiSwgaeYRimpOQ28LQpVbCtqvqLi\/wUCe39YWzHSvEot+xtPi8T2ocleXvYIqAyb\/hbDxeW59kB7BxeleaQhPzzlxF1lKsdFU\/35Q5KMT6ib0SUQfaZ8dJ2ZRJ6LaC\/xMl6EdgyO\/2fuVDGG8HTdpuNhvqjLTybsHWVhmZiVBCPS2XyPEW4N\/X7KkjPP0cZKdSi+nk15NirPBfULygIzcwYm9JdlEzMdaEAF40MFjE86V7ZKHwSRCi7S95Fsag8rzrcW1L+ecuYK7bsRXAmQ8QVTwVqT1EX4+w6emEyMdeF3LtJ0tSuCXbgC5qC2VvnOluwqsALwbUWzOgQauSieTMT+2wQO1Tm3bq5DHMnTWhTy3cDcCBCPnfUQ\/k\/Bth9fg4LSwDNPUpdBWMYmPlr2Rbg\/LmWQd0XGonKfcOFHIRVRkeO2SrOcjA1vQ2tWeYzihXZs0LK2fqMyqcGXfMcIvU0kPIvzUFvT0a\/EedvvYINUWY6Ycsp8jrSCVWNLYOVLoy08GGlC0cmxKwngVOvobpD9DOhOjPq1boWakf2Nr+ESPNeF3UaU9daD4i\/LTDJapw39RCvH8R6Dut4to\/yhNukSOPTgjwv6tuUjXDSJWJkqqi2Ub\/Rhrbfvuw843UWIO6BOtQ\/YzpOfUgc\/Tp1EleXAlHGoM1UKRj9Z92edR9z2nucjpnJIANv\/qXR+W59tP5dRx0hH\/ZHm+vroxdv1fGoM3qBx5sHZ+pYPbO5P5Jn6PrmaP+DOBiN3r5wrpnPno32N4O0RTrmsy5WWoh5rOS0ZCci8l9ff4G\/JGcHm3aaCjrvllEfi2eMNEQepo5CctllMvMM5f+hM+qoe808JUp+tzz+sdRnopyxz8r83GM7fwMrLfWsW+\/GsZDFqRs3P\/MeN2\/rOLKuqTxGWcU9CcdIon5UHm67D7UvxCpbSDZZJ1HPxctk5OvIkaQzk7T6oOtB2VL6ofWs1ENQN6p8vkx03an3OB0zE+O4aGhkpj6cJn08PaUwWuoeMfo0AiSQLxVHDU+M0VztYR28YS8UFzFE6NkKLH5Thf57Q47ZhYjRtCR9mo8juYfpY4PqUjCCECHgImQnF4Q5YqUg3cNP5KQaQPdkaKUh4sSqn2Nhxn69XYNaTPk1QVzVighG7N2p+ceVG5hcrJyPcExnl9WM0Srih5qy5MWsO6GTIZzHJkb+Z6yvx0H+Ijj46TFeGcDgszoZi1vXFMrRKKsIxj0EEas3kmT9iO8POKoNAoNQWDz1MxVTNhlPFD5jmdSZVLCPPNL5ihCBWC0f6ekknUWQUB8U5jAom2o3Ig9F3LMRfViUL5JsbZAZH8fAUxxE\/fEU\/5yppg9N1+j6UthsRRpZ1ZniO7NEPDt0AiDTNDVj4xdxGe\/0guf3hlZjH4sE2WlqqeUMppgUaFj9LADhy6bpvMqnuI\/ZUs7+ntKV+CO3S3o9XQrC\/zyENsXE9eUjlwEZZWqnqzB3su1fa362BxXRkHvATCuJZP1c9fePSBJ1pu7JAblidDoht2cM+b6lTHkbLAGTfWS9vwLLFLH+18GyrcqtiLe1aHhmFP9oxLPkM\/RX6Ki\/CB9iJGcHsEu+a\/\/ZKN95TmJkp8Yv\/Koqr9X5uFFKAaCeZT7L4B1t+8stJ0OO7skPrcug\/4KR2xUiXqw4GsXZoS2frNPB4a6IpeqfT2sj5BcWvl+dznLKrGrK9RNFis6yI2fyFKNXp7GceXaShy9Qx18YE6+iqT1dxSkVjrq1O4emazgK3zVGmt3v2zD05iDNtaCffWUZMBy9Zx190HSVZPFHA\/SXf82tORWNll26CKpf6xmOnGpK5FS9\/yZ46Q0OW\/GjxdAMwUwL6XSd6XX6izIbcupsykkM8IU2HZAecfDwvV16LR+5zgBfdkE941\/S+vDBuV2Pqcsyk\/Uj3FWnraBt4QuklXGUe3Ek6yw7NLL2YO6ebmjZl2tKl6bZh7vwyp\/dukx7G\/zy+ZH67wTgdPlxHXrPm9jBBuJL+UoDcCqMne9I3UKj8kyjcPKT0rPYWffUKRqTzC\/AGhrvNLovZTT8hvH2F6sFsMEvPlQnsnCyi7KrRhkpu\/w2sEFTSyEnjprmscN\/EhfFS2+wtY0vmrY49uaXoe414VwcuWCZl47DaZ2Ii9D92IIWTrOb8lCsVlhRRoqMTHNP6VmscpDnsyJcWrAlXogaz6vC3OOVTCO+cP7pdRSHMAzUhrCsWufkBwbhJtClJ\/nqsLBWgWNaiYIjvSBHuerjVQfbX1RDI9\/um6BOYLaOdWIYHuHL3hausCbVAa3ySNIPzqpWP+K15xs4pKALdVjGWVxTtYFCiJApTcPxOkN9quN0aOlzKygbznXqtBRa\/E7h9iKsLZ0b7bkKy0tVNOLiaohJ2yCTTImCbsulezRtDz5+ynNk9LNN+aSR8JczXhTOEkImJ2IZnr20VJ4jo298sGOYa06JDDzhrN1F\/LXOmbhoAx+sH88nFxMiYe06wzCSkhl4hmEYRlPAVgUMwzDMNMIGnmEYpqSwgWcYhikpbOAZhmFKCcD\/A2C9v29NgLgtAAAAAElFTkSuQmCC\" alt=\"\"><\/p>","protected":false},"excerpt":{"rendered":"<p>Tegund:&nbsp;U01340100<\/p>","protected":false},"featured_media":65858,"comment_status":"closed","ping_status":"closed","template":"","meta":[],"product_brand":[],"product_cat":[588,786,515],"product_tag":[],"class_list":{"0":"post-60100","1":"product","2":"type-product","3":"status-publish","4":"has-post-thumbnail","6":"product_cat-handverkfaeri","7":"product_cat-tangir","8":"product_cat-verkfaeralausnir","10":"first","11":"instock","12":"taxable","13":"shipping-taxable","14":"purchasable","15":"product-type-simple"},"yoast_head":"<!-- This site is optimized with the Yoast SEO plugin v27.3 - https:\/\/yoast.com\/product\/yoast-seo-wordpress\/ -->\n<title>USAG Kraftt\u00f6ng 250mm 134 A - V\u00e9lar &amp; Verkf\u00e6ri<\/title>\n<meta name=\"robots\" content=\"index, follow, max-snippet:-1, max-image-preview:large, max-video-preview:-1\" \/>\n<link rel=\"canonical\" href=\"https:\/\/velarogverkfaeri.is\/en\/verkfaeralausnir\/handverkfaeri\/tangir\/product\/usag-krafttong-250mm-134-a\/\" \/>\n<meta property=\"og:locale\" content=\"en_US\" \/>\n<meta property=\"og:type\" content=\"article\" \/>\n<meta property=\"og:title\" content=\"USAG Kraftt\u00f6ng 250mm 134 A - V\u00e9lar &amp; Verkf\u00e6ri\" \/>\n<meta property=\"og:description\" content=\"Tegund:&nbsp;U01340100\" \/>\n<meta property=\"og:url\" content=\"https:\/\/velarogverkfaeri.is\/en\/verkfaeralausnir\/handverkfaeri\/tangir\/product\/usag-krafttong-250mm-134-a\/\" \/>\n<meta property=\"og:site_name\" content=\"V\u00e9lar &amp; Verkf\u00e6ri\" \/>\n<meta property=\"article:publisher\" content=\"https:\/\/www.facebook.com\/VelarOgVerkfaeri\" \/>\n<meta property=\"article:modified_time\" content=\"2025-04-25T19:11:13+00:00\" \/>\n<meta property=\"og:image\" content=\"https:\/\/velarogverkfaeri.is\/wp-content\/uploads\/2024\/09\/14c72014-9040-4ce5-b67b-f6e4cb7f77cd.png\" \/>\n\t<meta property=\"og:image:width\" content=\"863\" \/>\n\t<meta property=\"og:image:height\" content=\"865\" \/>\n\t<meta property=\"og:image:type\" content=\"image\/png\" \/>\n<meta name=\"twitter:card\" content=\"summary_large_image\" \/>\n<script type=\"application\/ld+json\" class=\"yoast-schema-graph\">{\"@context\":\"https:\\\/\\\/schema.org\",\"@graph\":[{\"@type\":\"WebPage\",\"@id\":\"https:\\\/\\\/velarogverkfaeri.is\\\/verkfaeralausnir\\\/handverkfaeri\\\/tangir\\\/product\\\/usag-krafttong-250mm-134-a\\\/\",\"url\":\"https:\\\/\\\/velarogverkfaeri.is\\\/verkfaeralausnir\\\/handverkfaeri\\\/tangir\\\/product\\\/usag-krafttong-250mm-134-a\\\/\",\"name\":\"USAG Kraftt\u00f6ng 250mm 134 A - V\u00e9lar &amp; Verkf\u00e6ri\",\"isPartOf\":{\"@id\":\"https:\\\/\\\/velarogverkfaeri.is\\\/en\\\/#website\"},\"primaryImageOfPage\":{\"@id\":\"https:\\\/\\\/velarogverkfaeri.is\\\/verkfaeralausnir\\\/handverkfaeri\\\/tangir\\\/product\\\/usag-krafttong-250mm-134-a\\\/#primaryimage\"},\"image\":{\"@id\":\"https:\\\/\\\/velarogverkfaeri.is\\\/verkfaeralausnir\\\/handverkfaeri\\\/tangir\\\/product\\\/usag-krafttong-250mm-134-a\\\/#primaryimage\"},\"thumbnailUrl\":\"https:\\\/\\\/velarogverkfaeri.is\\\/wp-content\\\/uploads\\\/2024\\\/09\\\/14c72014-9040-4ce5-b67b-f6e4cb7f77cd.png\",\"datePublished\":\"2024-04-27T16:12:26+00:00\",\"dateModified\":\"2025-04-25T19:11:13+00:00\",\"breadcrumb\":{\"@id\":\"https:\\\/\\\/velarogverkfaeri.is\\\/verkfaeralausnir\\\/handverkfaeri\\\/tangir\\\/product\\\/usag-krafttong-250mm-134-a\\\/#breadcrumb\"},\"inLanguage\":\"en-US\",\"potentialAction\":[{\"@type\":\"ReadAction\",\"target\":[\"https:\\\/\\\/velarogverkfaeri.is\\\/verkfaeralausnir\\\/handverkfaeri\\\/tangir\\\/product\\\/usag-krafttong-250mm-134-a\\\/\"]}]},{\"@type\":\"ImageObject\",\"inLanguage\":\"en-US\",\"@id\":\"https:\\\/\\\/velarogverkfaeri.is\\\/verkfaeralausnir\\\/handverkfaeri\\\/tangir\\\/product\\\/usag-krafttong-250mm-134-a\\\/#primaryimage\",\"url\":\"https:\\\/\\\/velarogverkfaeri.is\\\/wp-content\\\/uploads\\\/2024\\\/09\\\/14c72014-9040-4ce5-b67b-f6e4cb7f77cd.png\",\"contentUrl\":\"https:\\\/\\\/velarogverkfaeri.is\\\/wp-content\\\/uploads\\\/2024\\\/09\\\/14c72014-9040-4ce5-b67b-f6e4cb7f77cd.png\",\"width\":863,\"height\":865},{\"@type\":\"BreadcrumbList\",\"@id\":\"https:\\\/\\\/velarogverkfaeri.is\\\/verkfaeralausnir\\\/handverkfaeri\\\/tangir\\\/product\\\/usag-krafttong-250mm-134-a\\\/#breadcrumb\",\"itemListElement\":[{\"@type\":\"ListItem\",\"position\":1,\"name\":\"Home\",\"item\":\"https:\\\/\\\/velarogverkfaeri.is\\\/\"},{\"@type\":\"ListItem\",\"position\":2,\"name\":\"Vefverslun\",\"item\":\"https:\\\/\\\/velarogverkfaeri.is\\\/vefverslun\\\/\"},{\"@type\":\"ListItem\",\"position\":3,\"name\":\"USAG Kraftt\u00f6ng 250mm 134 A\"}]},{\"@type\":\"WebSite\",\"@id\":\"https:\\\/\\\/velarogverkfaeri.is\\\/en\\\/#website\",\"url\":\"https:\\\/\\\/velarogverkfaeri.is\\\/en\\\/\",\"name\":\"V\u00e9lar & Verkf\u00e6ri\",\"description\":\"Umbo\u00f0s- og heildverslun fr\u00e1 \u00e1rinu 1919\",\"publisher\":{\"@id\":\"https:\\\/\\\/velarogverkfaeri.is\\\/en\\\/#organization\"},\"potentialAction\":[{\"@type\":\"SearchAction\",\"target\":{\"@type\":\"EntryPoint\",\"urlTemplate\":\"https:\\\/\\\/velarogverkfaeri.is\\\/en\\\/?s={search_term_string}\"},\"query-input\":{\"@type\":\"PropertyValueSpecification\",\"valueRequired\":true,\"valueName\":\"search_term_string\"}}],\"inLanguage\":\"en-US\"},{\"@type\":\"Organization\",\"@id\":\"https:\\\/\\\/velarogverkfaeri.is\\\/en\\\/#organization\",\"name\":\"V\u00e9lar & Verkf\u00e6ri\",\"url\":\"https:\\\/\\\/velarogverkfaeri.is\\\/en\\\/\",\"logo\":{\"@type\":\"ImageObject\",\"inLanguage\":\"en-US\",\"@id\":\"https:\\\/\\\/velarogverkfaeri.is\\\/en\\\/#\\\/schema\\\/logo\\\/image\\\/\",\"url\":\"https:\\\/\\\/velarogverkfaeri.is\\\/wp-content\\\/uploads\\\/2021\\\/10\\\/vv_logo_350x100.png\",\"contentUrl\":\"https:\\\/\\\/velarogverkfaeri.is\\\/wp-content\\\/uploads\\\/2021\\\/10\\\/vv_logo_350x100.png\",\"width\":350,\"height\":100,\"caption\":\"V\u00e9lar & Verkf\u00e6ri\"},\"image\":{\"@id\":\"https:\\\/\\\/velarogverkfaeri.is\\\/en\\\/#\\\/schema\\\/logo\\\/image\\\/\"},\"sameAs\":[\"https:\\\/\\\/www.facebook.com\\\/VelarOgVerkfaeri\"]}]}<\/script>\n<!-- \/ Yoast SEO plugin. -->","yoast_head_json":{"title":"USAG Kraftt\u00f6ng 250mm 134 A - V\u00e9lar &amp; Verkf\u00e6ri","robots":{"index":"index","follow":"follow","max-snippet":"max-snippet:-1","max-image-preview":"max-image-preview:large","max-video-preview":"max-video-preview:-1"},"canonical":"https:\/\/velarogverkfaeri.is\/en\/verkfaeralausnir\/handverkfaeri\/tangir\/product\/usag-krafttong-250mm-134-a\/","og_locale":"en_US","og_type":"article","og_title":"USAG Kraftt\u00f6ng 250mm 134 A - V\u00e9lar &amp; Verkf\u00e6ri","og_description":"Tegund:&nbsp;U01340100","og_url":"https:\/\/velarogverkfaeri.is\/en\/verkfaeralausnir\/handverkfaeri\/tangir\/product\/usag-krafttong-250mm-134-a\/","og_site_name":"V\u00e9lar &amp; Verkf\u00e6ri","article_publisher":"https:\/\/www.facebook.com\/VelarOgVerkfaeri","article_modified_time":"2025-04-25T19:11:13+00:00","og_image":[{"width":863,"height":865,"url":"https:\/\/velarogverkfaeri.is\/wp-content\/uploads\/2024\/09\/14c72014-9040-4ce5-b67b-f6e4cb7f77cd.png","type":"image\/png"}],"twitter_card":"summary_large_image","schema":{"@context":"https:\/\/schema.org","@graph":[{"@type":"WebPage","@id":"https:\/\/velarogverkfaeri.is\/verkfaeralausnir\/handverkfaeri\/tangir\/product\/usag-krafttong-250mm-134-a\/","url":"https:\/\/velarogverkfaeri.is\/verkfaeralausnir\/handverkfaeri\/tangir\/product\/usag-krafttong-250mm-134-a\/","name":"USAG Kraftt\u00f6ng 250mm 134 A - V\u00e9lar &amp; Verkf\u00e6ri","isPartOf":{"@id":"https:\/\/velarogverkfaeri.is\/en\/#website"},"primaryImageOfPage":{"@id":"https:\/\/velarogverkfaeri.is\/verkfaeralausnir\/handverkfaeri\/tangir\/product\/usag-krafttong-250mm-134-a\/#primaryimage"},"image":{"@id":"https:\/\/velarogverkfaeri.is\/verkfaeralausnir\/handverkfaeri\/tangir\/product\/usag-krafttong-250mm-134-a\/#primaryimage"},"thumbnailUrl":"https:\/\/velarogverkfaeri.is\/wp-content\/uploads\/2024\/09\/14c72014-9040-4ce5-b67b-f6e4cb7f77cd.png","datePublished":"2024-04-27T16:12:26+00:00","dateModified":"2025-04-25T19:11:13+00:00","breadcrumb":{"@id":"https:\/\/velarogverkfaeri.is\/verkfaeralausnir\/handverkfaeri\/tangir\/product\/usag-krafttong-250mm-134-a\/#breadcrumb"},"inLanguage":"en-US","potentialAction":[{"@type":"ReadAction","target":["https:\/\/velarogverkfaeri.is\/verkfaeralausnir\/handverkfaeri\/tangir\/product\/usag-krafttong-250mm-134-a\/"]}]},{"@type":"ImageObject","inLanguage":"en-US","@id":"https:\/\/velarogverkfaeri.is\/verkfaeralausnir\/handverkfaeri\/tangir\/product\/usag-krafttong-250mm-134-a\/#primaryimage","url":"https:\/\/velarogverkfaeri.is\/wp-content\/uploads\/2024\/09\/14c72014-9040-4ce5-b67b-f6e4cb7f77cd.png","contentUrl":"https:\/\/velarogverkfaeri.is\/wp-content\/uploads\/2024\/09\/14c72014-9040-4ce5-b67b-f6e4cb7f77cd.png","width":863,"height":865},{"@type":"BreadcrumbList","@id":"https:\/\/velarogverkfaeri.is\/verkfaeralausnir\/handverkfaeri\/tangir\/product\/usag-krafttong-250mm-134-a\/#breadcrumb","itemListElement":[{"@type":"ListItem","position":1,"name":"Home","item":"https:\/\/velarogverkfaeri.is\/"},{"@type":"ListItem","position":2,"name":"Vefverslun","item":"https:\/\/velarogverkfaeri.is\/vefverslun\/"},{"@type":"ListItem","position":3,"name":"USAG Kraftt\u00f6ng 250mm 134 A"}]},{"@type":"WebSite","@id":"https:\/\/velarogverkfaeri.is\/en\/#website","url":"https:\/\/velarogverkfaeri.is\/en\/","name":"V\u00e9lar & Verkf\u00e6ri","description":"Umbo\u00f0s- og heildverslun fr\u00e1 \u00e1rinu 1919","publisher":{"@id":"https:\/\/velarogverkfaeri.is\/en\/#organization"},"potentialAction":[{"@type":"SearchAction","target":{"@type":"EntryPoint","urlTemplate":"https:\/\/velarogverkfaeri.is\/en\/?s={search_term_string}"},"query-input":{"@type":"PropertyValueSpecification","valueRequired":true,"valueName":"search_term_string"}}],"inLanguage":"en-US"},{"@type":"Organization","@id":"https:\/\/velarogverkfaeri.is\/en\/#organization","name":"V\u00e9lar & Verkf\u00e6ri","url":"https:\/\/velarogverkfaeri.is\/en\/","logo":{"@type":"ImageObject","inLanguage":"en-US","@id":"https:\/\/velarogverkfaeri.is\/en\/#\/schema\/logo\/image\/","url":"https:\/\/velarogverkfaeri.is\/wp-content\/uploads\/2021\/10\/vv_logo_350x100.png","contentUrl":"https:\/\/velarogverkfaeri.is\/wp-content\/uploads\/2021\/10\/vv_logo_350x100.png","width":350,"height":100,"caption":"V\u00e9lar & Verkf\u00e6ri"},"image":{"@id":"https:\/\/velarogverkfaeri.is\/en\/#\/schema\/logo\/image\/"},"sameAs":["https:\/\/www.facebook.com\/VelarOgVerkfaeri"]}]}},"_links":{"self":[{"href":"https:\/\/velarogverkfaeri.is\/en\/wp-json\/wp\/v2\/product\/60100","targetHints":{"allow":["GET"]}}],"collection":[{"href":"https:\/\/velarogverkfaeri.is\/en\/wp-json\/wp\/v2\/product"}],"about":[{"href":"https:\/\/velarogverkfaeri.is\/en\/wp-json\/wp\/v2\/types\/product"}],"replies":[{"embeddable":true,"href":"https:\/\/velarogverkfaeri.is\/en\/wp-json\/wp\/v2\/comments?post=60100"}],"wp:featuredmedia":[{"embeddable":true,"href":"https:\/\/velarogverkfaeri.is\/en\/wp-json\/wp\/v2\/media\/65858"}],"wp:attachment":[{"href":"https:\/\/velarogverkfaeri.is\/en\/wp-json\/wp\/v2\/media?parent=60100"}],"wp:term":[{"taxonomy":"product_brand","embeddable":true,"href":"https:\/\/velarogverkfaeri.is\/en\/wp-json\/wp\/v2\/product_brand?post=60100"},{"taxonomy":"product_cat","embeddable":true,"href":"https:\/\/velarogverkfaeri.is\/en\/wp-json\/wp\/v2\/product_cat?post=60100"},{"taxonomy":"product_tag","embeddable":true,"href":"https:\/\/velarogverkfaeri.is\/en\/wp-json\/wp\/v2\/product_tag?post=60100"}],"curies":[{"name":"wp","href":"https:\/\/api.w.org\/{rel}","templated":true}]}}