{"id":60095,"date":"2024-04-27T15:57:29","date_gmt":"2024-04-27T15:57:29","guid":{"rendered":"https:\/\/velarogverkfaeri.is\/?post_type=product&#038;p=60095"},"modified":"2025-04-25T19:11:10","modified_gmt":"2025-04-25T19:11:10","slug":"usag-krafttong-250mm-d-134","status":"publish","type":"product","link":"https:\/\/velarogverkfaeri.is\/en\/verkfaeralausnir\/handverkfaeri\/tangir\/product\/usag-krafttong-250mm-d-134\/","title":{"rendered":"USAG Kraftt\u00f6ng 250mm D 134"},"content":{"rendered":"<p><img decoding=\"async\" src=\"data:image\/png;base64,iVBORw0KGgoAAAANSUhEUgAAAQEAAABGCAYAAADMxiGdAAAAAXNSR0IArs4c6QAAAARnQU1BAACxjwv8YQUAAAAJcEhZcwAADsMAAA7DAcdvqGQAABEeSURBVHhe7Z3daxzXFcBPPzAlxGawhRiHJixibQg4Zh2kvFgIUkSlRHqzScEVBGy9VY951EPB+x9YjxK4WDEuyNCUFZaKSFKzSoslrGXrJGCrRtjB2ghZXVLjlJBWPed+zNw7e2f2Q1pJ9pwfXrQzs\/fOuefeOfecu95zf7KNAMMwqeWn6i\/DMCmFjQDDpBw2AgyTctgIMEzKYSPAMCmHjQDDpJy2f0VYmZ+AyaWqOkK6hmH8Qk4d7D7yfgDdl8Zg8Lg6GYP47NPeeHnW52BiahkM6Q35SzCdLwAMjcPIGXnpQKLaAD2jMDbgq5MGK9OQn12DzJ61w9Zb6XoeCg8zMDw+Au0bFUmgPNcBRnZlTFLbitDhGHv738542usJ4ACbXPKw4eMwLl6j0L1VhLl1db1teODXMQD1oE7LT61C9pKWXctfgIn5ivrUC8DxQTjf40H1QQlcUpe+XhOGbX8MGUnk4b8OcJinvWHlHqAG2swBaGcCbTUCcoCdMiyfD4Nj9WfoneAPjOHDukNri8ar8NBzeBMk\/7h7Rj3A+Kez4FWXYWFFndCgl1B8CJB5c7\/mJh9yF7C\/xgb37eGobFh+XpvY\/3YmkRgObGxswK1bt+Dx48fw+uuvw3vvvQednZ3qan2SXXPtOvXC5lRBWePIgxdxx22XVbqVgRXXbjq5t4sdMKoVrtxdjVlHXDggXDeoF7Yot7anG6pLWkZDfiH7JvQOARTE\/cNr0RDJlInuXTw2DNkHBVimj3jd2BYfFoK2NqOjEFebhBwPskpXFZibmJT3JMR9lQ5r2kKYrm1CWUS6wuqgKwOZh1iHktPqA3Ef8r7C9lkyOuSg9vZvGPqMCTctGZTsYJ1DjLLW5yPtsfvP1EN8OGC1Ux8Hdeg+VWMqOkaFN23revUEhnenS1bfe3EhXx1+9ntEva9hZmZGGADiu+++E0Yhl6tVcByvZg\/Bo9tl+GrlNty+ja9vjkDfW4EqoSyu\/QC942PwQV8fnPz+DhSKW3DynSy8qga3hwoZ+00f9PUdgfLUDDw58Q5kD0tlVbHRH118H6\/h9R9LMAdZyD4rw+3Hr8DbVAd1ytRGUH\/fiedw+49\/h0N9p0WHPvvnHbj7\/RuGTEQFSn+9C89\/2QfvZF9V51yQ\/Pdh7flrMPLRRXgf6z\/yzV\/g87vPpfzPVuHOyldQ\/i92\/O8+QBlJbrNTTZluwP3DfXCaDMQ\/bkP5yw147bcfwcUhrHP1Btz4ZAMfDHncuI6UmAr\/x0dw+859eB5cK8GfbpQB3noffoXtrMxfReMzEuiT7jv35KTUQU1bTsLz8qfw+arsz6Sy1N4bX\/phe38sw58fVME7Kdtr9YG4zxYcfTuUX1zfOir7MyqH0t0Xv+hXch2BR58UoKx0GUBh6R1D533\/g8oKzs6\/Jn2W4a4ur8aBMABb+OCrfj35rzksf0i1NdJ\/h8swefOJ7A8xJh7BK4b8Gqud2G9Xi0eDcdN3+D7cmKc6eqEL5fn0kbwXjbHi3Bfw5D9V+EG3aR3D6b8dgt6LXVD6QwG23gqfgTf+vQrPjvsoR3MkhgPaAGiix\/XJwYiIpYfRXiIPC5DPT+PwC8kMha67dFtXobSOzS+vQtWKVXPQ3wOwWsb4SsRxGeg1rd6ZwRrrK+9vhAaoIIyOobKLaxKZs+EMkXsTW1ndxK7ToIV\/1zSaaGDwATDbTDF7bxfA2teGVrp6g7b4xyiWzEJOH3fisbpHoo6inOmHbq8aXovokMIocxah+1afmvWYbcEH6ATKsVURcsSXdbT3zCk5FlrGkEP0J\/ZBEM740EHq2XC03+r3HOQc3pKkBPcoFDwX9qs\/0Iveyz284moP6hXkmG0Y7PMxw7MAvwPHvexT0b\/iXsh6CWvuhmFa01Ftkn0ehthmH\/lncmGdTZBoBCgEMIkeN45pDNbgXjQ21aiHdBPbVXmKTo4wGvngRe4TNVrEcQ0vspDXoOswwodYfPCP2srdPSqwqX03A\/GgqweqGZJ0VIt8cKtLC2KA1a7XYH04y5n1NIO7rLu9e86ZERi\/lIXVKaWn6+Y0FGG9giOwCsv6s+JF44aMiGzP2qx5jcIgOWabgrw4XYfh0ksjKZ8ReuDhBBosnBxBLOwqIySMnlyfGsYgT8ox0fKC+8\/VXye0BhBdE9gZ0lJvqqMaRAd4kMWn298gGx\/GUBY4i8GSspzyjBvhLssV\/hExk8qYrR40oxdm6VuMnMO72Anu9ouH+SgaH3ovTzWEMB5xOnIgZrSlAtybn4OqWPgMywVrBuPynHB7n4q3ddlJ2T2DZt\/xQXwjY+qJed8dP4uJCMegI64XZUnlZ93rLg0j1qkAQ4pxaYTFONWjIgenugpQ3CjhAw+QPYcyHs9hoDsDJTQMq1X03ox75y6oOqjOqWnwTc+3QRI9AVoE\/PDDD7Fzx8XfZhYFpbLzMG3O+isLaDUzcMpohOm6lT5Di6hcXxEaPIx8nYhGQnxaWcui8VVd6bodZggqm0F9gka\/DsKZY7iLZoOodZVehdWmppCz8dqsISsOgFZX6BN15IQGGM5ktJBp6gVLVLZMGeSM0xhJZdX9FucCmSrzxfg+MDxBSTNyJIBuddRd9zrjpg+SGfv+M3s0kRcQ9J\/RHkJeaxzhyRpemHDx1XuCJqEqGutlfPRlH9F90QAs2qFAaSUy4lv8CjLRE9gRqBj\/LEZL5Dqh1ZM4\/rPEgxnIa\/fRXIUly32JLCSWFxcRz4PMifMwMoDhxaUKXpvEsupaF9YdfTgpXluchMn8sjzu6hZxcSMICyusax47I0SsRvvNdboJxc+jgDMlGpOCOhe3ol+XRB25h0Pu3W40OsvgGWsZNMgGz2awn3RfoZfQg5F7Q7N5ctnchVGo4Myr+8DrGcY+KMR4g9ivQ\/dq68IZcSdUKvegOFsI9C2+BVD6FoZ0ilxqvKrGH\/U9fXMgzik8vNZL14z+03heBmfskYa9RuGRYd26fq+nG58MQyM0yc1iAIKhgO4jkhPQeGfOBiYAKotF1JOWkTy7EaNPG2cfk4rIFf4D\/z\/uGGYXkCFS46HbXtLe\/zHIMKlHhpDi\/8tY3xQdHDi9GMOkHPYEGCblsBFgmJTDRoBhUg4bAYZJOWwEGCblsBFgmJTDRoBhUg4bAYZJOWwEGCblsBFgmJTDRoBhUk57fzsgkiUYWVME9JNHV8KGg0Kzv25s768hK\/PTUDrd+M9UNa2Wc0I\/qTaTt2qCpC271J+7XR\/TEHvgCdBDb+TuH\/IcyToYN60m1dilZBxMKtj7cCCa8JJJoNUcfQcktx\/zQtDWfQfc7p2RN32ggq50ETqGsrA6K8OGIMtOJJQws++4csjTL7XjzhPWtSby4pu461fhQNz+AwL5GZ1WK5of3ilbTSjlCKMinxH1RnLRW+USdErE6qheOGD0X1TvIpmGkbTUvqccC3q\/Ag91Dw+rYrzkylTOzLdPtDf0Si1kBOK4evXq9uXLl4MXHTfFk1vbVy5f2b71RB0j63NXsC59bmX7GtV95db2uriqEOUub1+7q47F51SZu9ew\/DU8o1nZXqHPxZ2ndx\/b9xAyfCw\/KeUxyol6zHsrYuuvbYN9P3n9ylxw9+1bV8L6k2STZW39hch6wnrxzN0V456Rckk6paMkOajtxrUAVWdc22t0G5HBec9AJkf7LN0wu0ViOLDzfQcIO32z3rjBnNHM3P1E\/Xz6cTnkXeebzSOflBc\/Pnd97P4DlNwUZ9Xzwcwvc\/LJfQaSZGuMRvPOJ+t0J3LY5SiHodw7wqFba48Fxz0p3596r\/UU7qFYggX0KFpJyMokk5holEIA88Fvbd8B7OioG1uHMJ8+un4mXTgcBkZg3Cc3FI2KOKe2jqLc8q7zOBgpj\/xaJGEoydWB1xqOnePqr4PILFtdC5OdarwOYVDiZcM\/iTqTeed9dOGlnpL1nKjTRB2pt03j1q1Ik\/6gotoO0CFPuxEJNwuwsDIIIyCN6ahheJldQnkETr799tsgJKC\/dNwUjnDARrrKUde7cbev1mWUmOeTXGrX\/d0y2UTrj3zeDB3iXGlBkmxEvesGVrhSWy5Zp3XukxgORMoFckgdRfUoQgCSw1XWcU7IfeXa9jVHXczukBgO7GzfgdZJzKcfl0M+Nrd8Uh75JvLiN5W73oBms5odgeVMmCxbfZrJO5+8R8FO5LD3CZhbRO2J3Ph19ligDTU8+55i3wn1XiPCEvSk1qAb+tkLaAt78J+Fkv7zR8Jqb2QlW+fT7+9cgBnKya5Oa7e8sjLtPK+xV\/apOpVHngauuULdI3cE3ozsMhNfv6MNtJo+SzvM6HjY\/nYA74L36YWxAXU1Vjb7mr2yXkK5i2ILLIkdDjjLxehU71EQK0fitwOb4HXhQ6rLkctufC752wFbL5mhYYDZ2l19Sa7isdZ23GXqw9mGmYONMjS91leFzG7Cvx1gDjDoKaDnAj39bADaCHsCDJNy2BNgmJTDRoBhUg4bAYZJOWwEGCblsBFgmJTDRoBhUg4bAYZJOWwEGCblsBFgmJTDRoBhUg4bAYZJOe01AvQT1HxMenG6NqF\/x08\/Kc1D\/nrk9\/EO6GeljXyuBut+TdBkudJ14\/fzLZDYPvpFnUrT1lxbGtSvqJ\/TwaeNPfAEqrB8s86ApUHn4b9jL\/rvxSlvnnq726hcAN6Q2r8h+tv+JF4a\/TLtoP1GwMtABpZhMmkWOp6DkbHxFz9pxDrl6msTlU2oei1m13lZ9Mu0hfbuO6Az0pwDmFGzmJV9J8hWI7P7WNl81MwX5M1RufpF9hsIswbpzDUyY42dqcbK72\/dz0AnrbjUAcXgfkbu\/Gg5Op4NcwQFmXIi58067Ow6dl5+uxwaTMrSY7SPiGbnCQmzCcnsOzIrUpglSbc\/ot8Y3crzq5Dt8WB5KZTJzv3PvGwkegLaABD0l45b4vggjA1lYG22wXgz6vri6zy62lFfQj4clMI8NABVHNCyzCg+EJMwbeX2i2MNCjcBzqt7DeODWHB6LngPkTZMyXWpG6o6hx5lI8ZjTzw0dN00AFJGUWYIoKDjeWonGgAyJFLmUwCOcMIfGMNyGXxau2FU1yPuZVNdKgKcU9fx89WlGYe+0SDcpEQdWk+o206da5DA8O3pKXVtFLq9OF0wLwuJRiC6z0D0uCnwIRmmZJZT9RfORI78iOvrD8icewE4g1o71CTm96+Hnf9e7BvgzLmPbrU5Kx73saS5F0EU174G\/dANlJdftbPL3guAEp+2TFdvmJtP7J9gJgG1id+vAHXxrpZWJguFLdNIMC8biUYgus9Aa\/sOhOQuNDaziBz5R31jYEag\/Pk4g3pG2imZ338ZJvXqOb3IzW5lAPsdCQ+3WmkXLzN5qAuZe39t1pApT0lN5cMp2rnnyP0KhjGokvLwtwFpJ9EI0BqAfvD1msDOoAE4DBl8iCcW4x8AsUFF0sNLmX7RHYal0N33O2n523CX9auZVXQNLcKhGfCjGZLJfae9E4NdlrEt6pIbHzpQrNDdD1\/h7L8\/5C4oWcQu0Tv7WpN5sUk0Au3ZdwBdaopXg1TZtYgc+Vaufoxjr0e+ZoyuMyTm969HXO78CGKFPgs5bRwoBFFv3ajc+8a+BoTO5y\/DDmMvADQylJe\/3TSzXwHz8pNoBNrGmREY7YkuaxkED3joQq\/i6ZoHmhbjxEyWh4l5H+N1yluvy9BrBmbKja0JVBfDey0ftVfnA0Q8b4QcX3dgeKOuEWJDDQx3xHVpnGhRb\/TEqhWmzNxcUIaL9ADhXo03AXqT9LIrlKCyWAxkyc9WrfUQJn1wtmH9tVjCPn4M8zKzP54AwzAHBvYEGCblsCfAMCmHjQDDpBqA\/wOgLE16iMfrXwAAAABJRU5ErkJggg==\" alt=\"\"><\/p>","protected":false},"excerpt":{"rendered":"<p>Tegund:&nbsp;U01340002D<\/p>","protected":false},"featured_media":65857,"comment_status":"closed","ping_status":"closed","template":"","meta":[],"product_brand":[],"product_cat":[588,786,515],"product_tag":[],"class_list":{"0":"post-60095","1":"product","2":"type-product","3":"status-publish","4":"has-post-thumbnail","6":"product_cat-handverkfaeri","7":"product_cat-tangir","8":"product_cat-verkfaeralausnir","10":"first","11":"instock","12":"taxable","13":"shipping-taxable","14":"purchasable","15":"product-type-simple"},"yoast_head":"<!-- This site is optimized with the Yoast SEO plugin v27.3 - https:\/\/yoast.com\/product\/yoast-seo-wordpress\/ -->\n<title>USAG Kraftt\u00f6ng 250mm D 134 - V\u00e9lar &amp; Verkf\u00e6ri<\/title>\n<meta name=\"robots\" content=\"index, follow, max-snippet:-1, max-image-preview:large, max-video-preview:-1\" \/>\n<link rel=\"canonical\" href=\"https:\/\/velarogverkfaeri.is\/en\/verkfaeralausnir\/handverkfaeri\/tangir\/product\/usag-krafttong-250mm-d-134\/\" \/>\n<meta property=\"og:locale\" content=\"en_US\" \/>\n<meta property=\"og:type\" content=\"article\" \/>\n<meta property=\"og:title\" content=\"USAG Kraftt\u00f6ng 250mm D 134 - V\u00e9lar &amp; Verkf\u00e6ri\" \/>\n<meta property=\"og:description\" content=\"Tegund:&nbsp;U01340002D\" \/>\n<meta property=\"og:url\" content=\"https:\/\/velarogverkfaeri.is\/en\/verkfaeralausnir\/handverkfaeri\/tangir\/product\/usag-krafttong-250mm-d-134\/\" \/>\n<meta property=\"og:site_name\" content=\"V\u00e9lar &amp; Verkf\u00e6ri\" \/>\n<meta property=\"article:publisher\" content=\"https:\/\/www.facebook.com\/VelarOgVerkfaeri\" \/>\n<meta property=\"article:modified_time\" content=\"2025-04-25T19:11:10+00:00\" \/>\n<meta property=\"og:image\" content=\"https:\/\/velarogverkfaeri.is\/wp-content\/uploads\/2024\/09\/1534cfac-d924-4a50-9499-c8c202f4d182.png\" \/>\n\t<meta property=\"og:image:width\" content=\"854\" \/>\n\t<meta property=\"og:image:height\" content=\"852\" \/>\n\t<meta property=\"og:image:type\" content=\"image\/png\" \/>\n<meta name=\"twitter:card\" content=\"summary_large_image\" \/>\n<script type=\"application\/ld+json\" class=\"yoast-schema-graph\">{\"@context\":\"https:\\\/\\\/schema.org\",\"@graph\":[{\"@type\":\"WebPage\",\"@id\":\"https:\\\/\\\/velarogverkfaeri.is\\\/verkfaeralausnir\\\/handverkfaeri\\\/tangir\\\/product\\\/usag-krafttong-250mm-d-134\\\/\",\"url\":\"https:\\\/\\\/velarogverkfaeri.is\\\/verkfaeralausnir\\\/handverkfaeri\\\/tangir\\\/product\\\/usag-krafttong-250mm-d-134\\\/\",\"name\":\"USAG Kraftt\u00f6ng 250mm D 134 - V\u00e9lar &amp; Verkf\u00e6ri\",\"isPartOf\":{\"@id\":\"https:\\\/\\\/velarogverkfaeri.is\\\/en\\\/#website\"},\"primaryImageOfPage\":{\"@id\":\"https:\\\/\\\/velarogverkfaeri.is\\\/verkfaeralausnir\\\/handverkfaeri\\\/tangir\\\/product\\\/usag-krafttong-250mm-d-134\\\/#primaryimage\"},\"image\":{\"@id\":\"https:\\\/\\\/velarogverkfaeri.is\\\/verkfaeralausnir\\\/handverkfaeri\\\/tangir\\\/product\\\/usag-krafttong-250mm-d-134\\\/#primaryimage\"},\"thumbnailUrl\":\"https:\\\/\\\/velarogverkfaeri.is\\\/wp-content\\\/uploads\\\/2024\\\/09\\\/1534cfac-d924-4a50-9499-c8c202f4d182.png\",\"datePublished\":\"2024-04-27T15:57:29+00:00\",\"dateModified\":\"2025-04-25T19:11:10+00:00\",\"breadcrumb\":{\"@id\":\"https:\\\/\\\/velarogverkfaeri.is\\\/verkfaeralausnir\\\/handverkfaeri\\\/tangir\\\/product\\\/usag-krafttong-250mm-d-134\\\/#breadcrumb\"},\"inLanguage\":\"en-US\",\"potentialAction\":[{\"@type\":\"ReadAction\",\"target\":[\"https:\\\/\\\/velarogverkfaeri.is\\\/verkfaeralausnir\\\/handverkfaeri\\\/tangir\\\/product\\\/usag-krafttong-250mm-d-134\\\/\"]}]},{\"@type\":\"ImageObject\",\"inLanguage\":\"en-US\",\"@id\":\"https:\\\/\\\/velarogverkfaeri.is\\\/verkfaeralausnir\\\/handverkfaeri\\\/tangir\\\/product\\\/usag-krafttong-250mm-d-134\\\/#primaryimage\",\"url\":\"https:\\\/\\\/velarogverkfaeri.is\\\/wp-content\\\/uploads\\\/2024\\\/09\\\/1534cfac-d924-4a50-9499-c8c202f4d182.png\",\"contentUrl\":\"https:\\\/\\\/velarogverkfaeri.is\\\/wp-content\\\/uploads\\\/2024\\\/09\\\/1534cfac-d924-4a50-9499-c8c202f4d182.png\",\"width\":854,\"height\":852},{\"@type\":\"BreadcrumbList\",\"@id\":\"https:\\\/\\\/velarogverkfaeri.is\\\/verkfaeralausnir\\\/handverkfaeri\\\/tangir\\\/product\\\/usag-krafttong-250mm-d-134\\\/#breadcrumb\",\"itemListElement\":[{\"@type\":\"ListItem\",\"position\":1,\"name\":\"Home\",\"item\":\"https:\\\/\\\/velarogverkfaeri.is\\\/\"},{\"@type\":\"ListItem\",\"position\":2,\"name\":\"Vefverslun\",\"item\":\"https:\\\/\\\/velarogverkfaeri.is\\\/vefverslun\\\/\"},{\"@type\":\"ListItem\",\"position\":3,\"name\":\"USAG Kraftt\u00f6ng 250mm D 134\"}]},{\"@type\":\"WebSite\",\"@id\":\"https:\\\/\\\/velarogverkfaeri.is\\\/en\\\/#website\",\"url\":\"https:\\\/\\\/velarogverkfaeri.is\\\/en\\\/\",\"name\":\"V\u00e9lar & Verkf\u00e6ri\",\"description\":\"Umbo\u00f0s- og heildverslun fr\u00e1 \u00e1rinu 1919\",\"publisher\":{\"@id\":\"https:\\\/\\\/velarogverkfaeri.is\\\/en\\\/#organization\"},\"potentialAction\":[{\"@type\":\"SearchAction\",\"target\":{\"@type\":\"EntryPoint\",\"urlTemplate\":\"https:\\\/\\\/velarogverkfaeri.is\\\/en\\\/?s={search_term_string}\"},\"query-input\":{\"@type\":\"PropertyValueSpecification\",\"valueRequired\":true,\"valueName\":\"search_term_string\"}}],\"inLanguage\":\"en-US\"},{\"@type\":\"Organization\",\"@id\":\"https:\\\/\\\/velarogverkfaeri.is\\\/en\\\/#organization\",\"name\":\"V\u00e9lar & Verkf\u00e6ri\",\"url\":\"https:\\\/\\\/velarogverkfaeri.is\\\/en\\\/\",\"logo\":{\"@type\":\"ImageObject\",\"inLanguage\":\"en-US\",\"@id\":\"https:\\\/\\\/velarogverkfaeri.is\\\/en\\\/#\\\/schema\\\/logo\\\/image\\\/\",\"url\":\"https:\\\/\\\/velarogverkfaeri.is\\\/wp-content\\\/uploads\\\/2021\\\/10\\\/vv_logo_350x100.png\",\"contentUrl\":\"https:\\\/\\\/velarogverkfaeri.is\\\/wp-content\\\/uploads\\\/2021\\\/10\\\/vv_logo_350x100.png\",\"width\":350,\"height\":100,\"caption\":\"V\u00e9lar & Verkf\u00e6ri\"},\"image\":{\"@id\":\"https:\\\/\\\/velarogverkfaeri.is\\\/en\\\/#\\\/schema\\\/logo\\\/image\\\/\"},\"sameAs\":[\"https:\\\/\\\/www.facebook.com\\\/VelarOgVerkfaeri\"]}]}<\/script>\n<!-- \/ Yoast SEO plugin. -->","yoast_head_json":{"title":"USAG Kraftt\u00f6ng 250mm D 134 - V\u00e9lar &amp; Verkf\u00e6ri","robots":{"index":"index","follow":"follow","max-snippet":"max-snippet:-1","max-image-preview":"max-image-preview:large","max-video-preview":"max-video-preview:-1"},"canonical":"https:\/\/velarogverkfaeri.is\/en\/verkfaeralausnir\/handverkfaeri\/tangir\/product\/usag-krafttong-250mm-d-134\/","og_locale":"en_US","og_type":"article","og_title":"USAG Kraftt\u00f6ng 250mm D 134 - V\u00e9lar &amp; Verkf\u00e6ri","og_description":"Tegund:&nbsp;U01340002D","og_url":"https:\/\/velarogverkfaeri.is\/en\/verkfaeralausnir\/handverkfaeri\/tangir\/product\/usag-krafttong-250mm-d-134\/","og_site_name":"V\u00e9lar &amp; Verkf\u00e6ri","article_publisher":"https:\/\/www.facebook.com\/VelarOgVerkfaeri","article_modified_time":"2025-04-25T19:11:10+00:00","og_image":[{"width":854,"height":852,"url":"https:\/\/velarogverkfaeri.is\/wp-content\/uploads\/2024\/09\/1534cfac-d924-4a50-9499-c8c202f4d182.png","type":"image\/png"}],"twitter_card":"summary_large_image","schema":{"@context":"https:\/\/schema.org","@graph":[{"@type":"WebPage","@id":"https:\/\/velarogverkfaeri.is\/verkfaeralausnir\/handverkfaeri\/tangir\/product\/usag-krafttong-250mm-d-134\/","url":"https:\/\/velarogverkfaeri.is\/verkfaeralausnir\/handverkfaeri\/tangir\/product\/usag-krafttong-250mm-d-134\/","name":"USAG Kraftt\u00f6ng 250mm D 134 - V\u00e9lar &amp; Verkf\u00e6ri","isPartOf":{"@id":"https:\/\/velarogverkfaeri.is\/en\/#website"},"primaryImageOfPage":{"@id":"https:\/\/velarogverkfaeri.is\/verkfaeralausnir\/handverkfaeri\/tangir\/product\/usag-krafttong-250mm-d-134\/#primaryimage"},"image":{"@id":"https:\/\/velarogverkfaeri.is\/verkfaeralausnir\/handverkfaeri\/tangir\/product\/usag-krafttong-250mm-d-134\/#primaryimage"},"thumbnailUrl":"https:\/\/velarogverkfaeri.is\/wp-content\/uploads\/2024\/09\/1534cfac-d924-4a50-9499-c8c202f4d182.png","datePublished":"2024-04-27T15:57:29+00:00","dateModified":"2025-04-25T19:11:10+00:00","breadcrumb":{"@id":"https:\/\/velarogverkfaeri.is\/verkfaeralausnir\/handverkfaeri\/tangir\/product\/usag-krafttong-250mm-d-134\/#breadcrumb"},"inLanguage":"en-US","potentialAction":[{"@type":"ReadAction","target":["https:\/\/velarogverkfaeri.is\/verkfaeralausnir\/handverkfaeri\/tangir\/product\/usag-krafttong-250mm-d-134\/"]}]},{"@type":"ImageObject","inLanguage":"en-US","@id":"https:\/\/velarogverkfaeri.is\/verkfaeralausnir\/handverkfaeri\/tangir\/product\/usag-krafttong-250mm-d-134\/#primaryimage","url":"https:\/\/velarogverkfaeri.is\/wp-content\/uploads\/2024\/09\/1534cfac-d924-4a50-9499-c8c202f4d182.png","contentUrl":"https:\/\/velarogverkfaeri.is\/wp-content\/uploads\/2024\/09\/1534cfac-d924-4a50-9499-c8c202f4d182.png","width":854,"height":852},{"@type":"BreadcrumbList","@id":"https:\/\/velarogverkfaeri.is\/verkfaeralausnir\/handverkfaeri\/tangir\/product\/usag-krafttong-250mm-d-134\/#breadcrumb","itemListElement":[{"@type":"ListItem","position":1,"name":"Home","item":"https:\/\/velarogverkfaeri.is\/"},{"@type":"ListItem","position":2,"name":"Vefverslun","item":"https:\/\/velarogverkfaeri.is\/vefverslun\/"},{"@type":"ListItem","position":3,"name":"USAG Kraftt\u00f6ng 250mm D 134"}]},{"@type":"WebSite","@id":"https:\/\/velarogverkfaeri.is\/en\/#website","url":"https:\/\/velarogverkfaeri.is\/en\/","name":"V\u00e9lar & Verkf\u00e6ri","description":"Umbo\u00f0s- og heildverslun fr\u00e1 \u00e1rinu 1919","publisher":{"@id":"https:\/\/velarogverkfaeri.is\/en\/#organization"},"potentialAction":[{"@type":"SearchAction","target":{"@type":"EntryPoint","urlTemplate":"https:\/\/velarogverkfaeri.is\/en\/?s={search_term_string}"},"query-input":{"@type":"PropertyValueSpecification","valueRequired":true,"valueName":"search_term_string"}}],"inLanguage":"en-US"},{"@type":"Organization","@id":"https:\/\/velarogverkfaeri.is\/en\/#organization","name":"V\u00e9lar & Verkf\u00e6ri","url":"https:\/\/velarogverkfaeri.is\/en\/","logo":{"@type":"ImageObject","inLanguage":"en-US","@id":"https:\/\/velarogverkfaeri.is\/en\/#\/schema\/logo\/image\/","url":"https:\/\/velarogverkfaeri.is\/wp-content\/uploads\/2021\/10\/vv_logo_350x100.png","contentUrl":"https:\/\/velarogverkfaeri.is\/wp-content\/uploads\/2021\/10\/vv_logo_350x100.png","width":350,"height":100,"caption":"V\u00e9lar & Verkf\u00e6ri"},"image":{"@id":"https:\/\/velarogverkfaeri.is\/en\/#\/schema\/logo\/image\/"},"sameAs":["https:\/\/www.facebook.com\/VelarOgVerkfaeri"]}]}},"_links":{"self":[{"href":"https:\/\/velarogverkfaeri.is\/en\/wp-json\/wp\/v2\/product\/60095","targetHints":{"allow":["GET"]}}],"collection":[{"href":"https:\/\/velarogverkfaeri.is\/en\/wp-json\/wp\/v2\/product"}],"about":[{"href":"https:\/\/velarogverkfaeri.is\/en\/wp-json\/wp\/v2\/types\/product"}],"replies":[{"embeddable":true,"href":"https:\/\/velarogverkfaeri.is\/en\/wp-json\/wp\/v2\/comments?post=60095"}],"wp:featuredmedia":[{"embeddable":true,"href":"https:\/\/velarogverkfaeri.is\/en\/wp-json\/wp\/v2\/media\/65857"}],"wp:attachment":[{"href":"https:\/\/velarogverkfaeri.is\/en\/wp-json\/wp\/v2\/media?parent=60095"}],"wp:term":[{"taxonomy":"product_brand","embeddable":true,"href":"https:\/\/velarogverkfaeri.is\/en\/wp-json\/wp\/v2\/product_brand?post=60095"},{"taxonomy":"product_cat","embeddable":true,"href":"https:\/\/velarogverkfaeri.is\/en\/wp-json\/wp\/v2\/product_cat?post=60095"},{"taxonomy":"product_tag","embeddable":true,"href":"https:\/\/velarogverkfaeri.is\/en\/wp-json\/wp\/v2\/product_tag?post=60095"}],"curies":[{"name":"wp","href":"https:\/\/api.w.org\/{rel}","templated":true}]}}