{"id":60092,"date":"2024-04-27T15:42:25","date_gmt":"2024-04-27T15:42:25","guid":{"rendered":"https:\/\/velarogverkfaeri.is\/?post_type=product&#038;p=60092"},"modified":"2025-11-03T12:16:20","modified_gmt":"2025-11-03T12:16:20","slug":"usag-skralllykill-36mm","status":"publish","type":"product","link":"https:\/\/velarogverkfaeri.is\/en\/verkfaeralausnir\/handverkfaeri\/skralllyklar\/product\/usag-skralllykill-36mm\/","title":{"rendered":"USAG Skralllykill 36mm"},"content":{"rendered":"<p><img decoding=\"async\" src=\"data:image\/png;base64,iVBORw0KGgoAAAANSUhEUgAAAX0AAAB4CAYAAAAewyJWAAAAAXNSR0IArs4c6QAAAARnQU1BAACxjwv8YQUAAAAJcEhZcwAADsMAAA7DAcdvqGQAACTqSURBVHhe7Z3da1xJluDPzjT10Fs2iS1MumGbXJE29KAS6ULyQ1sIaleMtSPBspToAbee2nrUYz3mw4D0BwzIjzLsYpXxgvwwRQrLxrR7tPIwWImVqN1rsHI0Se1gJR5ZnQyFG4adzjnnRMS9cSPvvZk3PyTZ9\/y6s5z3K+LEibgnTpx7lec\/NBEQBEEQUsGf6H8FQRCEFCBGXxAEIUWI0RcEQUgRYvQFQRBShBh9QRCEFCFGXxAEIUV0YfQrsLa8DMve5w5sHupDSP3xWmC7F+qP78Dy\/Yreak\/lPsmzhhL2D5bBaWM8qJ8EMvef3utnPYaU0Yt+K\/eD17Fe72xCXW93S5SsCj1WzfHDTbiTqC8\/XiLvnRPUQWzf7K6F2o9uiR8H7Qm1W6irtce9jtDe6OWeiyKh0a\/D5p0SNMYXoFgsqs9MBsrPjEh1qOw39PeThjong\/8fgqza0UcykL2sv7Zj9xXU9NdTYWD196LfCrw60F9PErqJSeSL\/R8RQi\/gZLzRgLHbZEMWYbrTe2tghNut+l4VTsuaKQZj05IZ\/cMKVBsZyI9aIlybh+Ktgt6ow9GpaSkLhVuLUFyc7quCsjexzOI8mBa2o\/7ulIfJwOrvQb+H9dO5eS4XYH6xCIs3xeifKXg8JHCkBk643aq\/P917eVA2LeFf5NJyuQS14VnL0Gto2Xi3bN3cGZzJ9SzuHMvNFGH+mt4wZeqtDK4izE1KS9TV9xMRdR3BxAxAaYOuVHUV9uzzqdxtGJrJQ3XD1G3JhNDSqeR6oJkxWLCVTMvQ50N6X3yZLeV5eopuo3vMQOfMwTq3ZxZKqlwjG8nE7VYYfUbX7xwLa6NXXg5ywzWUp7WPA\/3R0gdEDmbdCdKR1ZyTpbL28zB2oQxlI5czrmJl1vA5KKunI8TXL61MV+Hohh5vLHMV8uO4Ot0Jl5nbuOONVHVMj1+w+023S+le1VM2lwVkje5fLsu5N2wdGH3bbQvqyCk75Fpbn0y3OtBbwWPB+6mjcRQxHgpuW1p0GLzvgjak3TggguVH6p\/bNAfw0OpPJOp8Ww6SYfviLOT3S+paZzy39JeGyx6tYLkd2rTbE3B015Tj9EEnkNFPwuHmSnNpaUl\/VpqP3uoDzG7znrvv7aPmCp5776XeDpxD35eaK5uHfARLbz5a8c\/lur7dVRs2ukz3WPB8VfbSyiMsVe\/51tp+eS9wrGXbENjfpkykVeb4NtL1\/rHgttG1rzuCyruH\/9WwLvztMJ3FyhjaP3i+UwYRdp1\/nmpX2HWujERL2xw52utVwedFlhPUdTuZlUyWnHbf87X2uPXHOV0X1Yf2dyKw7bQ5XJ6otqmy3GvNdpS+etaB1Set+rHliR5H6lx7PLj3iGqb3\/+6LLtuBz7frj8gj1u+My74uGvLVJm2TOFt9K9TMrSWY3DLC2zrsl19BftR68G932P0EoYT3iGPhR4c6E\/IgxEV7ijCAnoKgPNd+e4y3Il52MFxMZzx\/Fm5AFPjANU9vIbizzijz3mzcRamb+Sg9rqTxxY4w31lz6Lh5G743mHhZzkU+YgjZb2EQaLKDCW2jXWoH6u9keC1U5ZHQ\/qbtzwvuJxFTTSgHvkwjOLpqKuvfZmzNycgd\/AKj4T3z8iw\/toWuw9wKXoFx8QxtknvaYvdtssFyOPljXd0dbzMLdjyX56GCZQ\/egxFyaziurkZS7fXpmAMqlAh3WK5czhuyw83YfM+Pdea87wruid8jxK3L2KPvOdRFtu\/rbpXYwPsdkbqCHvqlu3tZiF7wT8WT\/c6WLRXW9khyJj7qZdx1HKP4NVfjWHZul6Nfd+FEjUOerIzPrG2zDA8EeF1x48Fhd0v0dj9kx3Nt+ipHT\/S\/2pQGYtFmNZbcbDxv4lNoeXefgXqN8M7hONiByWcREp6j2aYhhgea9RgdRmXzjaZIR5Ig4TkXwCUHSc3BSr89nz8oOoCnlwi21hAfS9waGB5x+zHZe2tdlK4y8QMDOlvLXD8tAE1nJyDEuA1NFBOPW4ZQjuZkyxlO0bFdWsb6Oxs6F2aHA1GrDN7cw7G9nHZf5CDWaePgmEPhA0e3U\/R\/RsaMyZDikaWJvFOxmIgBIZkLuovXdFeB63hEJykkF7i38oBc0YwOzNlODL19kD8PdiZnok4W9a+lPix0DVd6Mkx+snJXkIvYV9vhEBeD0BIbJHAGRgy+dBYLUHtGBg4eNf3se5iG++hR1g\/cW18vA7VKws4gXYohYnJ3kYvjztZxfki4UGRwfPD437JfJ0Too3M8SiPKnMlaa9mYYiGqon\/h0B9VUa\/d2y4DCVcBRf0mDbx5GJRbat4On+N7V++N\/R5HvUjNKj6Ieee2hWOeo7AZWvDwTFl\/tYtbXTA8XiAWVzpc0t5LB7xoV4ItSH6YW8+aTd6+OOg3T3YKbG2rAMS3+ud0IWekr29Q50eeLcaB97zGiq2EKlMXn4cbAffgUVBuYxrI5BrlOHpLu\/V4LEES5WuoaUy3sLk6Uf9zUFfaNNG0g\/s4OxvyxH3\/joZBRzABWMMaemqv4ZDy+yG9Vqtoo59QHB4yu4fvJG3Lc\/xdIiXuQU7pLT7FMruG2YdocIctedB3Xt1kpOwk4FZNBzTt2Yhhx7fGvepMi65nxlDEHz9L65\/1b1hyiHU\/QTDI97yPRryyu129uO12HgdsMdsycbhDv29p3Gk75F1K0xceYarCXucd0LUOOiTnYm1ZR2Q+F6PwA7hdaOnRJ5+BUZg9kIpsEwKPiGnm7UEJb0sV0+2p2HxNnkE2EB1El6UgdyVOZi\/SfFpQE8Vj3nLSfTxxidgEY3yIKncV291FC2Phj02NDTTXc7kBA+Mu3oJSMs3NBLRbcT99MTeeE6MCt083Z2GKb0nAMVYn6\/6fTCMnmcmaGTc+in2C9g2e1mawWMTdOzaPCy8Q8\/UhFJw\/+x4BkquB9oLHItehRLqoIRt57cS9KEoYmXW24bMhSNYx7KNFmjcJV8hoO5aQn5UZw7yIwDlbfWmjqobx+3MK+zPZVgDHOM3cvxd9S+2bxwNIOsP+zKmf9W9AereMGNj2H3jIwqKJ2\/7\/QY5rJee7vRGpA6+nodpeq6Csps+yYyPYa3a0+9pHBk74IQ+sK+TTN3R46CdnQmzW7gXJ7LShpaJ+yXOlrWTtM1YSNLQ\/XWUSbeyCz2lNImKvzT2Jyy1z3u97yTwQjVWGEMvmSfsh7XCx4n0r2Doy1hQkwToSalbUpw5SynQDo2YGf5EiXxvWfgkkP4VDD2PBTH6giAIQkK6+ME1QRAE4WNFjL4gCEKKEKMvCIKQIsToC4IgpAgx+oIgCClCjL4gCEKKEKMvCIKQIsToC4IgpAgx+oIgCClCjL4gCEKKEKMvCIKQIro2+vQzxL3+LvRZhBJg9NoWpZs18H4N\/nAT1gIpJemHk5at31EfHJX7lhwIt6+rvAH0K6SWzPQLgdiGuFSZJwPqMiSt56lAP6jF90OYflvl5HHSs+wnN5aET4PkRl\/f7CpTUNH7LFyp8m9wy+AjI0iZeoa837i2k02cLFGJNXRmpj6QuZTkl7wHQNskMicFGt+NBozdpvshJOPXmZFTSDsJjT56ew\/LnBzYTfTAyRfGM1DbCHqW6SMLhVuLULQSG\/SSP7QnDjkLcQDObdyPn\/alJNk42Z\/4T1E79JLgvq+wrqMn0zMjp5B6kv20clgigAC01PR\/75lzdl5cgIn3q17y5mCmLXW+8YDsY+raWcjvl6Cs75fgtRYsl5+s2f9dfCp\/G4Zm8lDdMMdV5qZgIgP\/WI4y6B87+TT5d7ApN6gxlirhSvmCNflZuinsUY5UyqWZVedZ97tqQ13paXwMGjsRcnnoukwZVqYclYt1AtdcJT85tpmQo367m\/Y\/H4rNtkO695Ntm9\/8dpPMaN1qmdv3tSGsPVl4ivpoOOdz+yiPMcpaD5GJMmv5+xDLGQm0IVZnVNYU1C2ZIvMqOOOsra71VlCfiL6O91PO3eNyxBiPvj989D0XN5ZC7w\/dD1i\/PxZ0fVo+1pWX7D1YZkubCE\/PQbkD2Z1YliOYmAEoeToL6ksYMGT0O+blvebS0r3mrt5s5bD5aGWpubJ5yFu73y7h+UvNey95s9l8+6i5srTSfPSWNnab9\/CYOddca85V15pzEa7b2jZwmVYdXG6wjqWVR1i6gsv1tsNlsM9XBGUzddq6ONxcaS59q7bs7wTV6ddBtJPLh8qyr7XL4nrstru64G2nv0iPIfV4tPTxbnOXy3N0wG3w+0P1l1t3a3+xzHb9b7F8OiekXq\/8SJladU24urTPcXXWosOWujQt40yPFVN3mK4tIuW0dcR1B8du1P3h02Ystcht95sq09Rhjy2+zu4nks1s29+JwLYrd7g8vi4cPQoDxwnv0OyvH8zSpx8PyNBr8LwmzpXagOpeXcU40QOY8zyXLEzfyEHttVXn8ITvrVByY\/RVjpznhhwvt+tAf2FqHFQdmtwN36vlBM6NI2wpEiIDJYZuJQvZC7gC0LJRnTA+y7lpVXJllQzbT47dGZFyWVA4xvbuKCN\/4711Fso\/FdBvMHFyPOSR+f3tP5Q17SIKUAjzesOI6msXu514Hid1pty\/mRq80s+E6o+3sW\/shM+dykTPMdAr\/drXbZZyux68wiMaS2fZS9TfORgx5WWH0Ke161K0jjM1XsEutxuixngn94dF1FiKvz+wzK\/HAHbWYfPxGpSOrfoofOetABDSiykzLlTVIjfW+NUYXluFiqdT7J+vzL2i7zk7qbkwUByjj4Ng0X84a5bKHhE3hA9l6McujXy4p4wnGS0eOI0yP\/z1Jhla7iXsfI6XH1CyZr8cWpIGDGMESeKsKts\/3eBk4AHyo2h4ruib57AC1YZlOPqMeuPGb1v\/oITRfn\/z5HJtHoq381Cl5M9UZ9cTv9\/XNvxMgZb2uj3+RKNu\/tpzenNKT6LGkCWRiWPrDSibc\/lDoYa4cdue0Ocybe+H7jmx+wON+xxOAuWdWmDiYCgUY66zwkP8\/E6\/uKHkaniTbOg9dTnLenIdNuF0SPYgV3tv5WfhNx17Z7bX1AIO2GOcFC6iQSAPCz2CBcvo8Mf2LjqAPF+OkbrluBNWr2gvrL6LBh6UB5odzQPsV6DC3tQImtD+Q7FTfj6g20UPyweOfkhbLC7A2HGpy9cy\/b5ugYw4lz8LmZ1V740v9sjR0D29\/5Rjzd4KhuhUJjYwFH9W+vI\/Yc9LOofHmUv9CEdE\/96Esjmx+wMN+\/oOwNg4riLslzDoOQUn7dbn30ZvXR\/ia+hZi1eer1u1cnLQD7mHkgguDIyEb+\/QSmAWl8roOTjelnnok5txHsjYnsku3syNDHrJ2PtkROkGD7ziiecm9JrI8GYOtoPvReMg68RM8bUBGSrwNNKTLsDIME54G2WAKwV149EkiFPAdhehnc5QhtMvW3nAAwVXLf4yXNHxa5lRfW2Dk2Zw5NjGgEIP6O0fOF5nIpl0PzmOSR3HRC+ocVayXkmuw+Zz9LwHNNmfzP2BbXhYhswMGu2b8zA7XIOSvq\/ZY7faFnjtmMe9swoxf5ug5V63JuXKM1wlBEJ1wmnyI\/1vAigkoN48oGWzB3slYV5IFdZxUKgBY78BQOWAiilv8EEEfbTxCVjEQdUx5AHepjcCsBy9CzIZyF2Zg\/mbejsKunbmCOs3MuRgdgY9nud8tAUK8ZQOGpYho5AELY1zMBET2uHrNlZhGT0q9eaG2t8eFcf15UP9oUcG7\/lge3hltsqhlJLRvT4URb3+CrY3Sni+huTtOGwV1dc+lXfbsI3jxpRPb6TMW+ewkdo5CqwW42Ti8+9S+AKP0hhET7hwCweWMz4zeGwioZccgMcZqHFmxiv3ZWdjNUzOeAZ9f3wBsPN\/1Js6WpeFW7PwCuVbvg\/YLlx10Xetw8z4GN4dR\/y9cl+9xWWPC36bByfaadSHkluPd0K3t2vdC30l2SubCVGvpHV+YwgfL\/3qayqHXv1sfTVROBuoVz2rV+w+Uvv813mFs0zC8I4gDA4KEZYOcNUkBv8Mo0K89CzGD+2Iwf+YGKinLwiCIJwtxNMXBEFIEWL0BUEQUoQYfUEQhBQhRl8QBCFFiNEXBEFIEWL0BUEQUoQYfUEQhBQhRl8QBCFFiNEXBEFIEWL0BUEQUoQYfUEQhBSR2OhzFqc7lN2ocyr3reQMp0Cv9Ue1WWW00r8jfkYYmEyUVCNhvwuCcPY4AU+fcpbqr6fCoOsfTOak3jiLMgmCcBYYvNHnVGmnyADr53yvRSdT2ClzFmUSBOHskPinlSl8sEr5MXUmHJX0Yhby+yUoa+tK2ZA4wQKFBCiZs0cOZrVB4qQbxgN3MusEjhnonK8B1ilvJyXW5nJNdqYKrC1T8muNyWgUUz+3w0uN6O9nKCG0lwg6A7lhgNqx32YPKv\/5kN5PMmzD0Eweqhv+tSxfneRoOJmkgskoouVpLTc3U4T5rC0j1mTr3JNJEdSnndEqRmZ3pdBSblDnpn7VjkxQn\/pcILmvOfJYfc\/Xvp+AWSip45JxSRD6Dxn9JBxurjSXVh41D\/X27rdLzaWlleajt3rHy3vB7bePmitL95q7epPga6wyuMxv9Rl0vXUssM1l4bXmXA2Vd++l3sAzH61Y2yH1c332vkCdu817WMfKpicdlxeQyRBynX2e305Vhl8mYl3biTx2uUYmu7zDl7vqeOBaWwYNHff6J05mhxCZXB0pnatjfn\/o9uk+i+t7pYfgtYIg9BcnvEPep8mGgx8n+XkkwxO+Z0iJkdFnPIp84kcxdvQmv\/Y9uOzNCcgdvMIjKAElZI4Fr\/3K9yEJyonqZ+3JQvYCQONdlAAquXgggfu1KRiDqkq+vfsKauhhznnZmygPbkiG\/wjshN6UGxcaR1ijynXb2HnKbSQqr2uQ4QTrbeTRBBKFaxrv\/TZmr+lk7QFadc1lZxpQ3fOvDZc5hhAdUftqr6l1Orn5c\/PQV7ePk7vH9z2D5U5JBiZBGBiO0adUaEUoFvVnELltOcbegDIlavbSrVGYoMGZ\/ikmvXCl6mfap7CIbbQioJCBKa8lNBSgDkc4r9Qo2bipY3kVyg01UbWfdLqEJ8MavNrF74ebsI3GTyVYj5cnHNVPFAZR50e8rRP6PENPitaEkRTWUaPs9xF9KIx2XGdDz0nAG2YSfYptyalE5236XhCEwXMCb+84XM6ir05xY2ty4Y+OI6NBXKdnBu7+SNTqhJJpm7Jmh\/WhULIwhI47xcX9utVnsDk+tQeM3nB9rwoNb3XUvTy0wuFzZzJoSENeS2Vdu6BhPkaH+mK7aTSa7CUsleLtjrxFE3+\/PA0Tw2o1wSua8Sm1imnX94IgDJyTN\/p4+4+gQSg\/C5qoOnqBzOUC5MHxImPfOydP2XjNRLtXNFW4xg8\/KEz9ykstw1PyyJkKPPUesPYGl32wjZOaCXfw3lh5oqjsOiY+M6QMbgCt64dW2ex52\/rqAlq1BHRE4GRi9RGFiRr769aKhvfG970gCAPnT\/8K0d874od\/eAEvjy\/Al9fz8Dlu13+7BW\/gKkx+YW7sOuxtvQG4Ogmj5L2d+xyO934Nv3myBVtbe\/DhynWY+PkknP\/tKqz+De1Tn4N\/\/BP4DMus3\/9rqH1ZhMW\/nITJSfU5\/09P4De18zD5n3+AF7vHcOHL65A\/p2ojo3npDy+gVHqiy\/pXyI8DHMOfwfU8ShhSf6FwHa7+fhNWH5hrqP5jOP5Po5C\/nIfr576H7za+88qbQE\/6zf\/7sddmj\/oebHn7nXab4\/u0a1QZ5HN5+AzbsveHMZj7735Zn+dj5DkXUi5ORJWH2\/DgiT4f6xj75S0okE4CMqF2vkD9VR\/AA6NrOtd7O6cDmQ2BcrMwOnke9u6uwnda3q2tAzj40Weoc33V5Uvw4cXfwcFPpuBXP\/dLYnki+v5zZ2wJgtB\/Er+yOViCrzHa+45uDDr8IgiC8Olzxow+EXz\/m+D30sXgC4Ig9MwZNPqCIAjCoDiFB7mCIAjCaSFGXxAEIUWI0RcEQUgRYvQFQRBShBh9QRCEFCFGXxAEIUWI0RcEQUgRYvQFQRBShBh9QRCEFCFGXxAEIUWI0RcEQUgRCX97R\/3ipUmA7mESkTP6B9PMPk4yXoV8WLLtT42QpOTMCerATVw\/ENLUp1FtHbQOsPy1vQLMe782m4BOr6Xx2pKwH+G2+Un3Gese9xPbU0KcFIyBT4yuPP3MuJ+lqlhcgLHjkp9PlxJpUGKlHjIzCULa4exq+ntSOrmWnANOcRlG\/QgaZOTt7GbGqcOJogT62O08VO0EPcJHQR\/COzpxuElufRk9jMWi9Xv4giAkpf6++2xt7a4lT311JwOzxVnI6X02lAM5ymmjY17WN85y1yaJvnDm6Cq8E0xygnsDIQUn6YlZBo9noLxjPIscDrh5lTcV4eu9lIT6mF5iAq4qvLp4OVrTv6\/vhJooZ6sX0mj9TX6CVihclrt8tZauLMv7CU467iVYDwtf6a3AsXbhnaQ60FvBY86SOtCWDOSGAWrHYeGdaH21b3Pw2swwmoqDRnhoowPdLlzc9tsTqMcOHSB2n3K5RzAxA1DyPNSgnmyiyulbW02fzqC3u2Ha68jj6MLPC0FjaBuGAteafnX6CfHGrUX4mOjkWkprmYUst0XL4bSNdEc5p906GRrjr0eUvqh9DwHmWsaacKYho985h81HK0vNlc1DvU3sNu8tLTXvvdSb+hxv++2j5goeX\/p2V+9Qx8324eZKc2npHpaieXmvubTyCM9C+NqV5qO3tEH1mO\/qOluO3W99uezvRGBby+PKG5SnVX6zTWVFttWW3aZXHdhlBupQuvfbqssNkSFOX5202S5Tne\/3hUeHuvXlCI6d0HqMztro0CaunH631T43cG2LLuzxq9odea3etvsrAJVtneuOu9hrAwTvKYXWK8lnPo6OjQ5D9SKceZzwDnkKVkJyE6d3aOysWknLS9BAbyI+sxV6Il8Z\/0eHg47R48D\/VShJ+IzlHV2bgjGoQoWeDVyehrlx4MTem\/epnjnPI8neXAx4ItmLGWi8p4Umlnqs9oXB8U707Hx5szB9g7w5HZ4i0DOcMsdpCYviNt6pRWzhlp3FCz2mC\/6xeLrXwaLtSWWHINPQS+rdV1BDWec8PehyQ4jWlyayzZRoHmX\/2peBE7zr7zad6taXlxKl48rkNR0NqefmBOTsayN1aNNBOX1oqyJ4buGrMewb1W+tuijAFI7l6p4vbe6Gde3PUE+mX9sRNyZ6Bvts0Yrlu8\/sEBpL6ljISk848zhG3+lwa9ltE3yQW4Q5WEfjv2bdnJ1ShyNcitY2rIlmmZanDTjSIzh7cw4NYBnKBzmYcJabtMQ11\/lLXWrDAuT3\/YmpdOwbmtB4J900uMiuk5HtAFr+emWbEEHXtNcBL6PNMStcQPHVJITrqw2Hda++dnSjW5p82HBzPQ0o3zU6oA+F0TrvF6aXchK0tR2siwM0lp4MSueBibYXIsZE\/wmZuIWPmr68p8+eFN5Wr3b1jo7JwhDe8xTrtCcR+hgPqf54HU3+GIwN16BkeRv8MOr9hHf+wrjvj9E19NzBK8\/yitjIuNDbCmiaVJwzDrUSoninKXsWPdXeaKMDiqFSLNvsv43epLowEXH66hfd6JaN4wWKMWfxLPScb\/vtV5+E3mS\/yukGq62sC3pWEJABPxGOVCL6NCaEdNIXo19\/vI0mPwcj3lK2U9QSvfY8+NoXeX0MejPr9JYBGu3pW7O4RC\/BGk8sKoTjvUWA2xQiMdCSHAIhKPzcUXXwct0rh0BD\/ryGN+iIH16JhLzyDORHzRRC4QD9tWvidcDevCWb\/Toet6VRhqdeWyrwNNSDj9dXLBz+QM\/5mTXhPgv3LDvSrR2GwP7dRv0puSjUE6yH8MZCx\/RQToK2KqzVmNNWpYtt2LRXFyhD0taEETcmeqcCa4GwLm5v1HB1P+X3ofBR8yP9byI4pr+jN5jotyjaQfHBBbgDq2iYDZlMDvIjAOVt9aaOKrcA8zOvYHljGdYAvWBcctL35Q2+AsbGcQn6nr7jINVekC8PvaVQQuM4jd7zNCzeBrhDy3++Fgm8vREHxWW3YRWvLfN2Duul4EVvROrg63mYplUUyk4hCt4\/Poa1HvF3ju3OHFl6wH6YwTXXcz5qoZbo4fpqB4XLZuHIkiE3QxPwNn8PQPK00y0a1W1spyqJyvJXdfS8BDh0Zo6SHsZgAif9JGMrrpxggNAlQVsZ1OFrq61Yx4JpK+uC3t7B42oPCQG5K3Mwf1Nvx0Ax\/tKGvs8cHfLK2pIxMCaQuGsZCg1ZIaEaj2daHS1CgZ85lAO6oz5aTOzQCWeVhK9sfgTwgHb+UpL30UTQ3cQk9Ad+zXDQfy0sCEIsn57RJ\/T7\/D7dr0SE\/iFGXxBOn0\/T6AuCIAih9OVBriAIgvBxIEZfEAQhRYjRFwRBSBFi9AVBEFKEGH1BEIQUIUZfEAQhRYjRFwRBSBFi9AVBEFKEGH1BEIQUIUZfEAQhRYjRFwRBSBEJfnuHEoisQvlC60+1Rv6QFv\/wWUMnbdb7EhD7A13652EDidPPLEp3XrL4fuL9uJz6adygntVPSts\/Pcc\/\/6v16ScPD7tWEIRPkQSevs5J2pI2TSfk0LlBbSqvKanExECNSeZSmn+vkRJc0KRKGZRCjPZhHRpk5E2GJfqYCRQnixLgBM6Zl\/JQfRhM4iIIwqdJovAOZwNy0yIeVqDayEFuuBFI+kwGibJK+dma+gwlqUCD1XfP+WOCjDr2SGSaR0rfR6kI9aYNZV\/y+oYyRoGV0UoQhE+WhD+t3Bri4RAM5V792StYfj7kh2I47ADW79g7oQYrzKCObcPQDHqcGyqjD2XrmXrnhHd0KIMSsy\/erKtrdFjCyDGL\/quXrNzOGuRkCzLYmZsYL1yisI9TOGT74izk90tQ1gUpWVQrWIaWdIX0W\/5TUHfDO448LXIYXLlNmxw5VT3BnAFe37iZkwi6\/vWIOkZ1PASY8\/pDEIRPlT\/9K0R\/74DP4fPf78HL3\/0LnJ8cRQNRh+3Nv4PPvvwFjF77I3z\/pAL\/cuU65M+hgXz2Hbxp5mHyeh6vUga\/gQbym1\/9BUxOTsL56gN48Lcf4Cofr8Pe1h7833\/+Ccx\/8yv4Czw+iob8h394AS+PL8CXdA4bOQplfAO3Cp+jLHTN9\/DjL1V9fO7v9uBff16Exb+chMkrH2Dv17+BN+eoLJys\/lcJ\/vhf9bHJq\/Bh7yV8httBQ4ty3n0HE8VF+AXKQGVs\/e+\/h8+4rVjjb7dg73fv4Ce\/\/AZ+NYPHz30PT37zEj5Qm3\/YhP9Z+iNMWdfu7X6G22SIf4DqCzzvp6pdxpBnKA0dy3Me9u6uw1utO4+W81Duv0W9Vc\/D5J\/\/uVUH1alktKm+eAJvDt7A1taW+uwZfSOXR+Hq23X46wdPYGv3A4z88hYU7LoFQfgkccI75MlTblH9CSRIVqgQTwPqFL\/XoR2VEF0lpFYhHpWIO3OloD30V1BDz37OeuBa+GoMMs5zgNyNCE+TjF8nD4SxjiljxDnJNUDjnZLnyHXAQynAvO0tX876bTXYzyiujaB\/rZNjUyhF7W0LJ7JGj92fcCj3LhrpQHgs7DyV67b1uUo4lCvWi+XjZ\/ZCGVZ1gniCcvOqY\/IQVxDSgmP0KTG0ZSjCwgJsTJVxV0bJz8pPCZkb+xU0kjQZZCA\/qkw4Z+930QaVDWYcDTRUFN7o6YEwGfNZAEoMzhOaClGFhlN4VWLOc958iePaPBRnAErmWvbQw1M01t+jPg4osbWpZ5nDQo33jtGn81yyQ60TUYeETbSCIKSLLt7TV2\/xNPafwtN962EgQZ4vGpWnz3AyyOShoI109hK63C76IeRQqGtvwW+fzEIOjeSdx+1miGgq90sAM20mNFpR8HMCcx7Wqw+1BycLfobh1xE+qaA+LqI+KDZvncsfRyY+z4VXFDEPbwVBEGLowuijMaIQT6MGNS+0Y1AhntoBmiUT2iF4MijDumW0K8\/Qe7cmhnjQU789BrCzCmv2m0MJoFVIzfP09ccNX5FBtWWisJT+2h5qe8339PUnTF7W38E2bNoeN06C7pSmzitZZdRh8zlKZK2uosFz79uvYeL2w15XTIIgfOwkfJCrOfcDvNl6wwbkF18EXfXs\/\/8etvYBRv7bf7EeSmZhdPI8vHnwAL7TDxXfNO23d+ih7BuAq\/pBpybwIPdcHq7zg9UH8OSfzsPkF9D6INecq67mh6fHF7+E6\/9xG1cJP\/YeEtODZPWgtwLH9sPTy5fgw4sSlJ7oB5\/\/loex5jHAn6lz6EHuG7iKdZs2+3Jf2rsDmz+e9x5U0+fqH\/bg15VjuHo9C3X7QS635Rg272JbzEPWfzyA49\/\/FEbzSnrGbjOf9xLe\/sR6I+mHKrzY\/QA\/DXmIC7vb8PdHVfj13zxR5eO1H75YgG\/+R16fIAhCGkn4yuZHCr\/5Y78+itA++xXTHuG\/bqU\/drJCNOoVz4\/hL4YFQUgL6TD6SMs79IG\/E+gH9ObTqvf+PmG\/wy8IgnAWSI3RFwRBELp8kCsIgiB8nIjRFwRBSBFi9AVBEFKEGH1BEITUAPDvgAYkO3nFNy8AAAAASUVORK5CYII=\" alt=\"\"><\/p>","protected":false},"excerpt":{"rendered":"<p>Tegund:&nbsp;U02856036<\/p>","protected":false},"featured_media":65854,"comment_status":"closed","ping_status":"closed","template":"","meta":[],"product_brand":[],"product_cat":[588,780,515],"product_tag":[],"class_list":{"0":"post-60092","1":"product","2":"type-product","3":"status-publish","4":"has-post-thumbnail","6":"product_cat-handverkfaeri","7":"product_cat-skralllyklar","8":"product_cat-verkfaeralausnir","10":"first","11":"instock","12":"taxable","13":"shipping-taxable","14":"purchasable","15":"product-type-simple"},"yoast_head":"<!-- This site is optimized with the Yoast SEO plugin v27.3 - https:\/\/yoast.com\/product\/yoast-seo-wordpress\/ -->\n<title>USAG Skralllykill 36mm - V\u00e9lar &amp; Verkf\u00e6ri<\/title>\n<meta name=\"robots\" content=\"index, follow, max-snippet:-1, max-image-preview:large, max-video-preview:-1\" \/>\n<link rel=\"canonical\" href=\"https:\/\/velarogverkfaeri.is\/en\/verkfaeralausnir\/handverkfaeri\/skralllyklar\/product\/usag-skralllykill-36mm\/\" \/>\n<meta property=\"og:locale\" content=\"en_US\" \/>\n<meta property=\"og:type\" content=\"article\" \/>\n<meta property=\"og:title\" content=\"USAG Skralllykill 36mm - V\u00e9lar &amp; Verkf\u00e6ri\" \/>\n<meta property=\"og:description\" content=\"Tegund:&nbsp;U02856036\" \/>\n<meta property=\"og:url\" content=\"https:\/\/velarogverkfaeri.is\/en\/verkfaeralausnir\/handverkfaeri\/skralllyklar\/product\/usag-skralllykill-36mm\/\" \/>\n<meta property=\"og:site_name\" content=\"V\u00e9lar &amp; Verkf\u00e6ri\" \/>\n<meta property=\"article:publisher\" content=\"https:\/\/www.facebook.com\/VelarOgVerkfaeri\" \/>\n<meta property=\"article:modified_time\" content=\"2025-11-03T12:16:20+00:00\" \/>\n<meta property=\"og:image\" content=\"https:\/\/velarogverkfaeri.is\/wp-content\/uploads\/2024\/09\/ca326086-7db4-4bd5-be2c-cf7e0a3cfd48.png\" \/>\n\t<meta property=\"og:image:width\" content=\"863\" \/>\n\t<meta property=\"og:image:height\" content=\"859\" \/>\n\t<meta property=\"og:image:type\" content=\"image\/png\" \/>\n<meta name=\"twitter:card\" content=\"summary_large_image\" \/>\n<script type=\"application\/ld+json\" class=\"yoast-schema-graph\">{\"@context\":\"https:\\\/\\\/schema.org\",\"@graph\":[{\"@type\":\"WebPage\",\"@id\":\"https:\\\/\\\/velarogverkfaeri.is\\\/verkfaeralausnir\\\/handverkfaeri\\\/skralllyklar\\\/product\\\/usag-skralllykill-36mm\\\/\",\"url\":\"https:\\\/\\\/velarogverkfaeri.is\\\/verkfaeralausnir\\\/handverkfaeri\\\/skralllyklar\\\/product\\\/usag-skralllykill-36mm\\\/\",\"name\":\"USAG Skralllykill 36mm - V\u00e9lar &amp; Verkf\u00e6ri\",\"isPartOf\":{\"@id\":\"https:\\\/\\\/velarogverkfaeri.is\\\/en\\\/#website\"},\"primaryImageOfPage\":{\"@id\":\"https:\\\/\\\/velarogverkfaeri.is\\\/verkfaeralausnir\\\/handverkfaeri\\\/skralllyklar\\\/product\\\/usag-skralllykill-36mm\\\/#primaryimage\"},\"image\":{\"@id\":\"https:\\\/\\\/velarogverkfaeri.is\\\/verkfaeralausnir\\\/handverkfaeri\\\/skralllyklar\\\/product\\\/usag-skralllykill-36mm\\\/#primaryimage\"},\"thumbnailUrl\":\"https:\\\/\\\/velarogverkfaeri.is\\\/wp-content\\\/uploads\\\/2024\\\/09\\\/ca326086-7db4-4bd5-be2c-cf7e0a3cfd48.png\",\"datePublished\":\"2024-04-27T15:42:25+00:00\",\"dateModified\":\"2025-11-03T12:16:20+00:00\",\"breadcrumb\":{\"@id\":\"https:\\\/\\\/velarogverkfaeri.is\\\/verkfaeralausnir\\\/handverkfaeri\\\/skralllyklar\\\/product\\\/usag-skralllykill-36mm\\\/#breadcrumb\"},\"inLanguage\":\"en-US\",\"potentialAction\":[{\"@type\":\"ReadAction\",\"target\":[\"https:\\\/\\\/velarogverkfaeri.is\\\/verkfaeralausnir\\\/handverkfaeri\\\/skralllyklar\\\/product\\\/usag-skralllykill-36mm\\\/\"]}]},{\"@type\":\"ImageObject\",\"inLanguage\":\"en-US\",\"@id\":\"https:\\\/\\\/velarogverkfaeri.is\\\/verkfaeralausnir\\\/handverkfaeri\\\/skralllyklar\\\/product\\\/usag-skralllykill-36mm\\\/#primaryimage\",\"url\":\"https:\\\/\\\/velarogverkfaeri.is\\\/wp-content\\\/uploads\\\/2024\\\/09\\\/ca326086-7db4-4bd5-be2c-cf7e0a3cfd48.png\",\"contentUrl\":\"https:\\\/\\\/velarogverkfaeri.is\\\/wp-content\\\/uploads\\\/2024\\\/09\\\/ca326086-7db4-4bd5-be2c-cf7e0a3cfd48.png\",\"width\":863,\"height\":859},{\"@type\":\"BreadcrumbList\",\"@id\":\"https:\\\/\\\/velarogverkfaeri.is\\\/verkfaeralausnir\\\/handverkfaeri\\\/skralllyklar\\\/product\\\/usag-skralllykill-36mm\\\/#breadcrumb\",\"itemListElement\":[{\"@type\":\"ListItem\",\"position\":1,\"name\":\"Home\",\"item\":\"https:\\\/\\\/velarogverkfaeri.is\\\/\"},{\"@type\":\"ListItem\",\"position\":2,\"name\":\"Vefverslun\",\"item\":\"https:\\\/\\\/velarogverkfaeri.is\\\/vefverslun\\\/\"},{\"@type\":\"ListItem\",\"position\":3,\"name\":\"USAG Skralllykill 36mm\"}]},{\"@type\":\"WebSite\",\"@id\":\"https:\\\/\\\/velarogverkfaeri.is\\\/en\\\/#website\",\"url\":\"https:\\\/\\\/velarogverkfaeri.is\\\/en\\\/\",\"name\":\"V\u00e9lar & Verkf\u00e6ri\",\"description\":\"Umbo\u00f0s- og heildverslun fr\u00e1 \u00e1rinu 1919\",\"publisher\":{\"@id\":\"https:\\\/\\\/velarogverkfaeri.is\\\/en\\\/#organization\"},\"potentialAction\":[{\"@type\":\"SearchAction\",\"target\":{\"@type\":\"EntryPoint\",\"urlTemplate\":\"https:\\\/\\\/velarogverkfaeri.is\\\/en\\\/?s={search_term_string}\"},\"query-input\":{\"@type\":\"PropertyValueSpecification\",\"valueRequired\":true,\"valueName\":\"search_term_string\"}}],\"inLanguage\":\"en-US\"},{\"@type\":\"Organization\",\"@id\":\"https:\\\/\\\/velarogverkfaeri.is\\\/en\\\/#organization\",\"name\":\"V\u00e9lar & Verkf\u00e6ri\",\"url\":\"https:\\\/\\\/velarogverkfaeri.is\\\/en\\\/\",\"logo\":{\"@type\":\"ImageObject\",\"inLanguage\":\"en-US\",\"@id\":\"https:\\\/\\\/velarogverkfaeri.is\\\/en\\\/#\\\/schema\\\/logo\\\/image\\\/\",\"url\":\"https:\\\/\\\/velarogverkfaeri.is\\\/wp-content\\\/uploads\\\/2021\\\/10\\\/vv_logo_350x100.png\",\"contentUrl\":\"https:\\\/\\\/velarogverkfaeri.is\\\/wp-content\\\/uploads\\\/2021\\\/10\\\/vv_logo_350x100.png\",\"width\":350,\"height\":100,\"caption\":\"V\u00e9lar & Verkf\u00e6ri\"},\"image\":{\"@id\":\"https:\\\/\\\/velarogverkfaeri.is\\\/en\\\/#\\\/schema\\\/logo\\\/image\\\/\"},\"sameAs\":[\"https:\\\/\\\/www.facebook.com\\\/VelarOgVerkfaeri\"]}]}<\/script>\n<!-- \/ Yoast SEO plugin. -->","yoast_head_json":{"title":"USAG Skralllykill 36mm - V\u00e9lar &amp; Verkf\u00e6ri","robots":{"index":"index","follow":"follow","max-snippet":"max-snippet:-1","max-image-preview":"max-image-preview:large","max-video-preview":"max-video-preview:-1"},"canonical":"https:\/\/velarogverkfaeri.is\/en\/verkfaeralausnir\/handverkfaeri\/skralllyklar\/product\/usag-skralllykill-36mm\/","og_locale":"en_US","og_type":"article","og_title":"USAG Skralllykill 36mm - V\u00e9lar &amp; Verkf\u00e6ri","og_description":"Tegund:&nbsp;U02856036","og_url":"https:\/\/velarogverkfaeri.is\/en\/verkfaeralausnir\/handverkfaeri\/skralllyklar\/product\/usag-skralllykill-36mm\/","og_site_name":"V\u00e9lar &amp; Verkf\u00e6ri","article_publisher":"https:\/\/www.facebook.com\/VelarOgVerkfaeri","article_modified_time":"2025-11-03T12:16:20+00:00","og_image":[{"width":863,"height":859,"url":"https:\/\/velarogverkfaeri.is\/wp-content\/uploads\/2024\/09\/ca326086-7db4-4bd5-be2c-cf7e0a3cfd48.png","type":"image\/png"}],"twitter_card":"summary_large_image","schema":{"@context":"https:\/\/schema.org","@graph":[{"@type":"WebPage","@id":"https:\/\/velarogverkfaeri.is\/verkfaeralausnir\/handverkfaeri\/skralllyklar\/product\/usag-skralllykill-36mm\/","url":"https:\/\/velarogverkfaeri.is\/verkfaeralausnir\/handverkfaeri\/skralllyklar\/product\/usag-skralllykill-36mm\/","name":"USAG Skralllykill 36mm - V\u00e9lar &amp; Verkf\u00e6ri","isPartOf":{"@id":"https:\/\/velarogverkfaeri.is\/en\/#website"},"primaryImageOfPage":{"@id":"https:\/\/velarogverkfaeri.is\/verkfaeralausnir\/handverkfaeri\/skralllyklar\/product\/usag-skralllykill-36mm\/#primaryimage"},"image":{"@id":"https:\/\/velarogverkfaeri.is\/verkfaeralausnir\/handverkfaeri\/skralllyklar\/product\/usag-skralllykill-36mm\/#primaryimage"},"thumbnailUrl":"https:\/\/velarogverkfaeri.is\/wp-content\/uploads\/2024\/09\/ca326086-7db4-4bd5-be2c-cf7e0a3cfd48.png","datePublished":"2024-04-27T15:42:25+00:00","dateModified":"2025-11-03T12:16:20+00:00","breadcrumb":{"@id":"https:\/\/velarogverkfaeri.is\/verkfaeralausnir\/handverkfaeri\/skralllyklar\/product\/usag-skralllykill-36mm\/#breadcrumb"},"inLanguage":"en-US","potentialAction":[{"@type":"ReadAction","target":["https:\/\/velarogverkfaeri.is\/verkfaeralausnir\/handverkfaeri\/skralllyklar\/product\/usag-skralllykill-36mm\/"]}]},{"@type":"ImageObject","inLanguage":"en-US","@id":"https:\/\/velarogverkfaeri.is\/verkfaeralausnir\/handverkfaeri\/skralllyklar\/product\/usag-skralllykill-36mm\/#primaryimage","url":"https:\/\/velarogverkfaeri.is\/wp-content\/uploads\/2024\/09\/ca326086-7db4-4bd5-be2c-cf7e0a3cfd48.png","contentUrl":"https:\/\/velarogverkfaeri.is\/wp-content\/uploads\/2024\/09\/ca326086-7db4-4bd5-be2c-cf7e0a3cfd48.png","width":863,"height":859},{"@type":"BreadcrumbList","@id":"https:\/\/velarogverkfaeri.is\/verkfaeralausnir\/handverkfaeri\/skralllyklar\/product\/usag-skralllykill-36mm\/#breadcrumb","itemListElement":[{"@type":"ListItem","position":1,"name":"Home","item":"https:\/\/velarogverkfaeri.is\/"},{"@type":"ListItem","position":2,"name":"Vefverslun","item":"https:\/\/velarogverkfaeri.is\/vefverslun\/"},{"@type":"ListItem","position":3,"name":"USAG Skralllykill 36mm"}]},{"@type":"WebSite","@id":"https:\/\/velarogverkfaeri.is\/en\/#website","url":"https:\/\/velarogverkfaeri.is\/en\/","name":"V\u00e9lar & Verkf\u00e6ri","description":"Umbo\u00f0s- og heildverslun fr\u00e1 \u00e1rinu 1919","publisher":{"@id":"https:\/\/velarogverkfaeri.is\/en\/#organization"},"potentialAction":[{"@type":"SearchAction","target":{"@type":"EntryPoint","urlTemplate":"https:\/\/velarogverkfaeri.is\/en\/?s={search_term_string}"},"query-input":{"@type":"PropertyValueSpecification","valueRequired":true,"valueName":"search_term_string"}}],"inLanguage":"en-US"},{"@type":"Organization","@id":"https:\/\/velarogverkfaeri.is\/en\/#organization","name":"V\u00e9lar & Verkf\u00e6ri","url":"https:\/\/velarogverkfaeri.is\/en\/","logo":{"@type":"ImageObject","inLanguage":"en-US","@id":"https:\/\/velarogverkfaeri.is\/en\/#\/schema\/logo\/image\/","url":"https:\/\/velarogverkfaeri.is\/wp-content\/uploads\/2021\/10\/vv_logo_350x100.png","contentUrl":"https:\/\/velarogverkfaeri.is\/wp-content\/uploads\/2021\/10\/vv_logo_350x100.png","width":350,"height":100,"caption":"V\u00e9lar & Verkf\u00e6ri"},"image":{"@id":"https:\/\/velarogverkfaeri.is\/en\/#\/schema\/logo\/image\/"},"sameAs":["https:\/\/www.facebook.com\/VelarOgVerkfaeri"]}]}},"_links":{"self":[{"href":"https:\/\/velarogverkfaeri.is\/en\/wp-json\/wp\/v2\/product\/60092","targetHints":{"allow":["GET"]}}],"collection":[{"href":"https:\/\/velarogverkfaeri.is\/en\/wp-json\/wp\/v2\/product"}],"about":[{"href":"https:\/\/velarogverkfaeri.is\/en\/wp-json\/wp\/v2\/types\/product"}],"replies":[{"embeddable":true,"href":"https:\/\/velarogverkfaeri.is\/en\/wp-json\/wp\/v2\/comments?post=60092"}],"wp:featuredmedia":[{"embeddable":true,"href":"https:\/\/velarogverkfaeri.is\/en\/wp-json\/wp\/v2\/media\/65854"}],"wp:attachment":[{"href":"https:\/\/velarogverkfaeri.is\/en\/wp-json\/wp\/v2\/media?parent=60092"}],"wp:term":[{"taxonomy":"product_brand","embeddable":true,"href":"https:\/\/velarogverkfaeri.is\/en\/wp-json\/wp\/v2\/product_brand?post=60092"},{"taxonomy":"product_cat","embeddable":true,"href":"https:\/\/velarogverkfaeri.is\/en\/wp-json\/wp\/v2\/product_cat?post=60092"},{"taxonomy":"product_tag","embeddable":true,"href":"https:\/\/velarogverkfaeri.is\/en\/wp-json\/wp\/v2\/product_tag?post=60092"}],"curies":[{"name":"wp","href":"https:\/\/api.w.org\/{rel}","templated":true}]}}