{"id":60090,"date":"2024-04-27T15:42:25","date_gmt":"2024-04-27T15:42:25","guid":{"rendered":"https:\/\/velarogverkfaeri.is\/?post_type=product&#038;p=60090"},"modified":"2026-03-05T09:32:07","modified_gmt":"2026-03-05T09:32:07","slug":"usag-skralllykill-32mm","status":"publish","type":"product","link":"https:\/\/velarogverkfaeri.is\/en\/verkfaeralausnir\/handverkfaeri\/skralllyklar\/product\/usag-skralllykill-32mm\/","title":{"rendered":"USAG Skralllykill 32mm"},"content":{"rendered":"<p><img decoding=\"async\" src=\"data:image\/png;base64,iVBORw0KGgoAAAANSUhEUgAAAXsAAAB0CAYAAABkH5JqAAAAAXNSR0IArs4c6QAAAARnQU1BAACxjwv8YQUAAAAJcEhZcwAADsMAAA7DAcdvqGQAACTiSURBVHhe7Z3haxzJlcBfkmU\/7K3NYAszWrgwJ8aGDVoxXiR\/iIXAdyLWRYLjsEjA0ae1PurjfhzuAtIfEJA\/ynCHZOMD+UOWEZKNWG904xCswRoU5QzWRDfsBWvwycoQFgdCbufee1XVXd3T3TOtmZFkz\/sls56e7q569ar61avXrX7f+eu3tRpovvcd\/UUQBEF4p\/iu\/lcQBEF4hxFjLwiC0AWIsRcEQegCxNgLgiB0ATGNfRGW5uZgzvnchrV9vQupPFzybLdC5eFtmLtX1FuNKd4jeZZQwvbBMvjaGA3qJ4bM7af1+lmPAWW0ot\/iPe95rNfba1DR20clTFaFHqtm\/\/4a3I7Vl28vodfOMeogsm+2lgLtx1GJHgeNCbRbqKulh62O0NZo5ZoLIoaxr8Da7RxUh6Yhm82qz3gCCo+NKBUo7lb19+OGOiWB\/++BpPqhjSQg2au\/NmJrB8r664nQsfpb0W8Rdvb01+OELl4S+Xz7R4TQCjgJr1Rh8BbZkBkYa\/ba6hjBdquyXYKTsmaK9tu05o39fhFK1QSkB6yqL09B9mZGb1Tg4MS0k4TMzRnIzoy11dgnr2OZ2SkwLWxE5dUJD4+O1d+CfvcrJ3PR9GZgaiYLM9fF2J8qeDzEcKA6TrDdqrw+2Wu5EzYtxnP2tCzOQblvwjLwGloe3ilYF3UCZ249a\/v2pcazMHVZb5gy9VYCVw3m4qSl6MLr4ZC6DmB4HCC3QmequjLb9vFUbh56xtNQWjF1WzIhtETK+T3OxCBM28ql5eaTHv1bdJl15Tl6Cm+jf5+BjpmEZW7PBORUuUY2konbrTD6DK\/fty+ojU55KUj1lVGe+j729EddHxApmPBPjD5ZzTFJKms3DYPnClAwcvnGVaTMGj4GZXV0hLj6pZXoAhxc1eONZS5BeghXo5vBMnMbN52Rqvbp8Qt2v+l2Kd2regrmNI+s4f3LZfmuDVsHRt9227w68pUdcK6tT+aoOtBb3n3e66mpcRQyHjL+ttTp0HvdeW1Io3FAeMsP1T+3aRLggdWfSNjxthwkQ\/78BKR3c+pc33iu6y8Nlz1QxHKbtGm3huHgjinH1weNIGNvPo3YX5uvzc7O6s98bfWl3sFs1Rb9v71crc3jsYvP9LbnGPo+W5tf2+c9WHptdd49luu6u6U2bHSZ\/n3e41XZs\/OrWKr+5a61\/WzRs69u2+D5vUGZSL3M0W2k89193m2ja1d3BJW3iP\/VsC7c7SCdRcoY2D94vK8MIug89zjVrqDz\/DISdW3zydFYrwo+LrQcr64byaxksuS0+57PtcetO87pvLA+tL8Tnm1fm4PlCWubKst\/rtkO01fLOrD6pF4\/tjzh40gda48H\/zWi2ub2vy7LrtsHH2\/X75HHX75vXPB+vy1TZdoyBbfRPU\/JUF+OwV+eZ1uX7deXtx+1HvzXe4Re\/FhhHPJQ6IaA\/gTc8FBhjSxMo2cAOL8V7szB7YibGBz3whnOnYUzMDoEUNrGcyi+jDP4pDP7JmHsagrKz5u5HYEz2jV71gwmddX1BjMfp1DkA46EtRLuCCszkMg2VqByqH4NBc8dtTwY0t+U5WlBbxI1UYVK6E0uipejrm64MievD0Nqbwf3BPdPf5\/+2hC7D3DJeRHHxCG2Sf\/SELttvRlI4+nVV3R2tMx12PL3jsEwyh8+hsJkVnHb1Lil28ujMAglKJJusdxJHLeFB2uwdo\/uW0063hRdE64HidvnsUde8yiL7N963auxAXY7Q3WEPXXT9m6TkDzn7ovm6DqYsVdXyR5ImOuplXFUd43g2dcGsWxdr8a+7gIJGwct2RmXSFtm6BsO8bKjx4LC7pdw7P5JDqTr9BTFe\/pfBJUwk4UxvRUFG\/3r2ARa1u0WoXI9uCM47rWXw8kjp3\/R9NHQwn3VMizM4RLZJtHDA6iTkPzTgLLjpKZARd+aih5MR4AnldA2ZlDf0xwCmNs0v+Py9WYjKfzLwQT06G91cHy0CmWclL0S4Dk0QE48LhlAI5mbXbLGQsVtyyvo5KzonzQpGoxYZ\/L6JAzu4vJ+LwUTvj7yhjcQNnR0PYX3b2BMmAwoGleavJsZi55QF5I4r78cicY6qA974OSEtBLfVo6XbwSzE1OAA1NvC0Rfg83pmYiyZY1LiR4LRyamnixjH5\/kBfQKdvVGAOTlAATEDgmccSGRDozFEiR\/x8BBu7yLdWcbeAstwvqJauPDZShdnMaJs0kpTMz1Fnp13LkqjhcKD4YEHh8c14vn2xwTDWSORnlQiYtxezUJPTRUTXw\/AOqrAvq5g30FyOGqN6PHtIkXZ7NqW8XL+Wtk\/\/K1oY9zqBygIdU3L7fVT8Go+wRctjYYHDPmb0elgQ443g4wgSt7bimPxQPe1QqBNkTfxE3H7UYHdxw0ugabJdKWNUHsa70ZYuqp+adxqLM9z0bjgHtSRoVmQpXIy4y9vPcZVhSQy7jcD6lqAda3+FcN7mtySdIStCTGS5c8+7C\/GWgLDdpI+oFNnO1tOaKePydjgAM3Y4wgLVH112BoOV21Ho9VVLAPCA5D2f2DF3De8hRPhmiZ67BDR1vrUPA\/MdYUKpxRfuLVvVMnOQebCZhAgzF2cwJS6OEtcZ8qo5L62BgA72N8Uf2rrg1TDqGuJ+jrd5bp4ZAXbrezHY+3RuuAPWRLNg5r6O8tjSN9jSxb4eDiY1w92OO8GcLGQZvsTKQta4LY13oIdqgurp6a9uyL0A8T53Ke5ZD3jjddpDnI6eW3ulM9BjO3yAPAhqmD8KQEpC5OwtR1ij8Deqa4z1k2ok83NAwzaIw7SfGeekoja3kw7KGhgRk74sxN8IC4o5d6tExD4xDeRvyd7sAbT4lRIZr1rTEY1b94oBjqkwW3D\/rQ00x4jYu\/fortArbNXn4mcN8w7bs8BdOv0BM1IRP8fWIoATm\/x9kKHGtegBzqIIdt56cM9K4wImXW24bEuQNYxrKNFmjcxV8RoO7qQntUZwrS\/QCFvHryRtWN43Z8B\/tzDpYAx\/jVFH9X\/YvtG0LDx\/rDvozoX3VtgLo2zNjo8z\/BEQbFi\/Nuv0EK66W7N60RqoMbUzBG901QdtMniaFBrFV79i2NI2MHfCEO7Os4U3b4OGhkZ4LsFv6KE1huRcvE\/RJlyxpJ2mAsxGno7jLKpFsZU09d+IpjdwnsTlTqN+cxvePACclY4Qq9NB62b8IKbyfSv4KhLWNBTQ6gJ6Oj0KXvs1eKs0MgZkY\/VkKfOxbeCaR\/BUPLY0GMvSAIgtAEMV+EJgiCILyNiLEXBEHoAsTYC4IgdAFi7AVBELoAMfaCIAhdgBh7QRCELkCMvSAIQhcgxl4QBKELEGMvCILQBYixFwRB6ALE2AuCIHQBRzL29DrgVt\/LfBqhxBOttkXpZgmct7Hvr8GSJ3UjvdBoznqPeeco3rPkQLh9R3pvP70V1JKZ3tiHbYhKSXk8oC4D0meeCPSiK74egvRbLyePk5ZlP76xJLz9xDP2+iJXmXmyzmf6YonfgS2DjowfZcbpcd4xbSd5OF7CElroTEhtIHEhzou4O0DD5C3HBRrdlSoM3qLrISDD1qmRU+hmYhh79O4eFDjprj\/BAic9GEpAecXrSXYfScjcnIGslVCglfycLbHPWX49cO7gdrxil5JP4yR\/7K+E9tFK4vi2wroOn0RPjZxCV9P8K46DXsDvgZaU7vuWOSfm+WkYfr3gJEX2ZrZSxxuPx96nzp2A9G4OCvo68Z5rwXK5SZDd99JT+XnoGU9DacXsV5mSvAkE3H0pykh\/6MtXye+hptybxkiqRCeFc9akZ+kms005SClXZVIdZ13nqg0VpaehQahuhsjloOsyZViZaVSu02FcY+XcpNNmIg57dzb9\/qQnMrsN6d5NYm3eue1P7qJ1q2Vu3NeGoPYkYR31UfUdz+2jPMEoayVAJspk5f6GWE6Ipw2ROqOyRqFiyRSa18A3zhrqWm959Yno8\/h3yml7WAgZ4+HXh4u+5qLGUuD1ofsB63fHgq5Py8e6cpKoe8usaxPh6NkrtyebEstyAMPjADlHZ159CR2EjL35RPJssTY7u1jb0pv17NdW52dr82v7vLV1dxaPn60tPuPNWu3lam1+dr62+pI2tmqLuM8ca841x6pzzbEI121tG7hMqw4u11vH7Pwqlq7gcp3tYBns4xVe2Uydti721+Zrs3fVlv2doDrdOohGcrlQWfa5dllcj912vy5429dfpMeAehzq+nirtsXl+XTAbXD7Q\/WXv+76\/mKZ7fpfYvl0TEC9TvmhMtXrmvDr0j7Gr7M6HdbVpakbZ3qsmLqDdG0RKqetI67bO3bDrg+XBmOpTm6731SZpg57bPF5dj+RbGbb\/k54tv1yB8vj6sKnR6GjWGEcmu31DVf6tOPGF3oJjpfEuUirUNquqBgmzviTjqeShLGrKSg\/t+rsG3a9E0oajL7Jge9+IMfD7TrQPxgdAlWHJnXV9WI5MXL1AFuKBMhACZfrSULyHHr8WjaqE4YmOPerSlqskky7SaebI1QuCwq72N4cZbivvraOQvlHPfr1JiSOhjwwt7\/dm62mXUQGMkFebhBhfe3Hbicex8mSKbduogw7+p5P5WEe+8ZOpNysTHSfAr3QG65uk5Q7dW8H92gsnSUvUH+noN+Ul+xBH9auS1E\/ztR4BbvcoxA2xpu5PizCxlL09YFl3hgE2FyGtYdLkDu06qMwnePxI6QXU2ZUSKpObqzx2iCeW4Kio1Psn2vmWtHXnJ0sXOgYlrHHzp9xb7qaJbFDyIXgQhnvsStDb9opo0nGigdMtcA3dZ3JhZZ1MTud4+F7lATZLYeWnh6DGEKcOKrKnk8XNhl2gPQAGpyL+qLZL0KpahmMNqOeoHHb1j4oEbPb3zypXJ6C7K00lCipMtV55Anf7WsbvmdAS3jdHneCURd9+Qk9CaUnT2PA4sjEsfMqFMyx\/KGQQtS4bUzgfZeG18PRObbrA436JBr\/wmbZM2EwFHIx51lhIL4\/px\/IUHJVnck18JrqTbKe\/I6acPw0f4NWe2uFx8EXG3tjtpdUBw7UQ5wMzqMhII8KPYBpy9jwx\/YmmoA8XY6B+svxT1Stor2uyhYadlAeZ3IgDbBbhCJ7T\/1oOtsPxUY5\/q\/bRTfBO46++ZrNTsPgYe6Ij1e6fV0HGW8ufwISmwvOE1zsgaOBW7+3zrFkZ8VCNCsTGxaKLyt9uZ+g+yHNw+PMT+UAR0T7nmyyObbrAw368ibA4BCuGuyHK+g+BCfD1sffQu9c7+Jz6F6KU56rW7VS8qFvXvfEEVzoCDGexiHPfwKXxOgp+LwrczMnNe670WJ7Ilt4EVcT6BVjr5PxpAvb86gmHhvTSyKDm9jLe59rxsHVjHnicz0yFGE91HPOQH8fTnQrBYCLGXXB0eSHpj9\/hBBOcyiD6ZatPN6OgqsUd7mtaPrxyrC+tsHJ0jtybCNAIQb07vd8XmYsmXQ\/+RySCo6JVlDjLGc9WlyBtSfoaXdokj+e6wPb8KAAiXE01tenYKKvDDl9XbOHbrXN8\/gwj3vfqsP8bYGWe9majIuPcVXgCckJJ8V7+t8moaW\/epKAlscO7IUEeR0lWMbBoAaKfUefygEVM17hnQj6ZEPDMIODqWnI47tFd\/ixHP0TJBKQujgJU9f1dhh07vgB1m9kSMHEOHo4T3hvHRTKye1VLQNGoQdaAqdgOCKEw+etLMAcelDqSQz1e2NUnNaVD\/WHHhi85p2N4ZXYAodMckb3elcYlcoO5FdyeLyG5G06PBXW1y7FV3nI47gx5dMTJlPWMWycNg88q8Momfj4OxSmwL00BtHzzdzEgeUbnwncNxzTK\/bA4wzUODPjlfuyubEaJGc0nb4+PgHY\/E\/15I3WZebmBOygfHP3ANuFqyz6rnWYGBrEq+OAvxfvqaey7HHBT+fgBDuG+lBy6\/FO6PYeWfdC22j+0cuYqEfLmr8ghLeXdvU1lUOPcNY\/YiicDtQjm6WLdh+p39zHcoXTSowwjiB0DgoF5vZwlSSG\/hSjQrl0r8UN4Yihf1vomGcvCIIgnB7EsxcEQegCxNgLgiB0AWLsBUEQugAx9oIgCF2AGHtBEIQuQIy9IAhCFyDGXhAEoQsQYy8IgtAFiLEXBEHoAsTYC4IgdAFi7AVBELqAWMaesybdpmxCzVO8ZyVFOAFarT+szSqDlH6P9ymhYzJRMouY\/S4Iwumiw5495QTVX0+ETtffmUxFrXEaZRIE4aTprLHnlGQnSAfr53yqWV9mrhPmNMokCMLpINYrjilMsED5J3XmGZVsYgLSuzkoaKtK2Yc4sQEt\/SlJskMKJrQh4mQXxuP2ZbLx7DPQMTcAlikvJiWs5nJNNqQiLM1RUmmNySAUUT+3w0lB6P7OUKJlJ8FyAlJ9AOVDt80OVP6THv07yZCHnvE0lFbcc1m+CslR9WVu8iaBCJenvtzUeBamkraMWJOtc0cmhVefdgapCJn9K4O6cr06N\/WrdiS8+tTHAsl92SeP1fd87uthmICc2i8ZjgShvZCxN59G7K\/N12bnV2v7envr7mxtdna+tvpS\/\/Bs0bv9crU2P7tY29KbBJ9jlcFl3tVH0PnWPs82l4XnmmM1VN7iM72BR67OW9sB9XN99m+eOrdqi1jH\/JojHZfnkckQcJ59nNtOVYZbJmKd24w8drlGJru8\/Wdbar\/nXFsGDe13+idKZh8BMvl1pHSu9rn9odun+yyq75UevOcKgtA+rDAOeZsm+wx+fEnFQ+kbdj1BSjiMPuJB6J08iqGj93jD9diS14chtbeDe1ACSnQcCZ57zfUZCco56mbJSULyHED1VZgAKmm3JzH65VEYhJJKar21A2X0KCedbEmUZzYgY34IdqJsyj0L1QOsUeWSrW6ucxuJ4vMyJDhxeQN5NJ4E3Jrqa7eNycs6CbqHel1z2YkqlLbdc4NljiBAR9S+8nNqnU4a\/sTczNXt46Tp0X3PYLmjkvFIEDqCZewp5VgWsln96UTuWI6hV6FACZCdtGYUDqhy5nyKOU9fLLmZ6yn8YRurECg0YMqrCwF5qMABzidlSuJt6phbgEJVTVCNJ5sjwpNgGXa28Pv+GuTR6KnE5dHyBKP6icId6viQp28C71foydCaKOLCOqoW3D6iD4XLDits4Dm5dtVMnuvYlpRKIN6g7wVB6CwdfhrHR28SfXOKC1uTCn90nBgN4TLdE\/D\/HopajVCSalPWRJ\/eFUgSetBRp7i3W7f6dDaHpvZ40futbJeg6qyGji4PrWj42PEEGtCAx0tZ137QIB+iA32+0fQZTvIClkrxdJ+8WRNf7x2D4T61euAVzNCoWrU06ntBEDrK8Rp7vOz70RAUHntNUwW9PqY3A2nweY2Rz42TZ2y8ZKLRo5YqLOOGGRSmfuWVFmCdPHCmCOvOjdPW4LL38jiZmbAG\/xopTxjFLZ9pT\/QoQ+tB6\/qBVTZ72ra+jgCtUjw6InASsfqIwkHV3WVrBcO\/Rve9IAgd5Xv\/8q8\/\/7n+Dt9t8DTON79\/Cs8Oz8GnV9LwIW5XfrsBL+ASjHxiLugKbG+8ALg0AgPkrZ35EA63v4SvHm3AxsY2vLl4BYZ\/OAJnf7sAC7+k39Rn77+\/C+9jmZV7v4Dyp1mY+ekIjIyoz9k\/PIKvymdh5O++gadbh3Du0yuQPqNqI2N54c9PIZd7pMv6C6SHAA7hB3AljRIG1J\/JXIFLf1yDhfvmHKr\/EA7\/dgDSvWm4cuZr+GLlC6e8YfScX\/zPB06bHSrbsOH87mu32b9LPw0oQ3wmDe9jW7b\/PAiT\/+SW9WE6Qp4zAeXiBFR8kIf7j\/TxWMfgz25ChnTikQm18wnqr3Qf7htd07HO0zZNyGzwlJuEgZGzsH1nAb7Q8m5s7MHee++jzvVZvRfgzdNfw95Ho\/DZD92SWJ6Qvv\/QN7YEQWgvsR697CzexxHt3w6udjrMIgiC8G5ziow94X1+m+DnysXQC4IgtMQpM\/aCIAhCJzjmG7SCIAjCSSDGXhAEoQsQYy8IgtAFiLEXBEHoAsTYC4IgdAFi7AVBELoAMfaCIAhdgBh7QRCELkCMvSAIQhcgxl4QBKELEGMvCILQBcR4N456A6VJLO5gEnwz+kVm5jdO3l2CdFAS63eNgGTfzDHqwJ8QviN0U5+GtbXTOsDyl7YzMOW8\/TUGzZ7LCfn9ifARbpubzJ6xrnE3YTwloumCMfAOEduzTwy5WaGy2WkYPMy5+WopgQUlMmohE5IgdDuczUx\/j0sz55JTwKkkg6gcQJWMu51NzDhzOEHkQO+7lYaSnRhHOPW0GMbRCblN0uhe9Chmstb76AVBiEvl9dGzozU6lzzzhc0ETGQnIKV\/s6Ecw2HOGu1zsqxxVrkGyemFU0XsMI43uQj+6gkd+JKNmOXuUAIKm8aTSOFAm1J5SRE+30n9p\/fppSTgKsKpi5edZf1+e19IiXKiOqGL+nfiE7Qi4bL8y1RricqyvB7mZN5O4vKgMJXe8uxrFMaJqwO95d3nWzp72pKAVB9A+TAojBOur8Zt9p6b6EMTsVcNDmE0odvp83m3PZ567BABYvcpl3sAw+MAOccj9erJJqyctrXV9Ok4ercrpr0+eXy6cPMy0BjKQ4\/nXNOvvn5CnHFrETwmmjmX0kcmIclt0XL42ka6o5zO\/joZGuPP+5W+qH0PACbrxppwaqk1zX5tdX62Nr+2r7eJrdri7Gxt8Zne1Mc42y9Xa\/O4f\/bulv5B7Tfb+2vztdnZRSxF82yxNju\/ikchfO58bfUlbVA95rs6z5Zj664rl\/2d8GxrefzyeuWpl99sU1mhbbVlt2lVB3aZnjqU7t226nIDZIjSVzNttstUx7t94dCkbl05vGMnsB6jswY6tIkqp91ttY\/1nFunC3v8qnaHnqu37f7yQGVbx\/rHXeS5HrzXlELrleQzH5+OjQ4D9SKcaqwwDnkGVqJvE4f3Ud1csJKB56CK3kN0Jin0PK4Zf0eHfQ7Rw8D\/FSn59rjlDV0ehUEoQZFi\/71jMDkEnDB77R7VM+l4IMnrMx7PI3k+AdXXtKDEUg\/Vb0FwPBM9OVfeJIxdJe9Nh6EI9ARHzX5aqqK41VdqsZq5aWfNQg\/pnLsvmqPrYMb2nJI9kKjqpfPWDpRR1klHD7rcAML1pQltMyVwR9lvuDJw4nT93aZZ3bryUgJyXIk8p70B9VwfhpR9bqgObZoopw1tVXiPzVwbxL5R\/VaviwyM4lgubbvSpq5a536MejL92oioMdEy2GczVqzef08OobGk9gWs7IRTjWXsfR1tLa9tvDdoszAJy2j0l6yLslkqcIBLzvKKNcHM0TK0Cgd65CavT6LhK0BhLwXDvmUlLWXNee6SltowDeldd0LKHboGJjCeSRcLLqYrZFybgJa5TtkmFHBkGuuAl8tmnxUWoPhpHIL11YD9ilNfI46iW5p02GBzPVUo3DE6oA+Fy5rvF6aVcmK0tRGsiz00ko4MSueeCbYVQsZE+wmYsIW3lpafs2fPCS+nnS39Q9MkoQevdYpl2pMHfYxHVHm4jKZ+EAb7ypCzvAu+yfR62Dl+esj1v+gcuq\/glGd5QWxc\/NDTB2iSVBwzCrXyoXimKXsCPdPWaKADipFSrNr8fgu9R3ViLKL01S6Ools2iucohpzEo9BTvuW2X31ieo\/tKucoWG1lXdC9AI8M+AlxoGLRpjEhdB8tG\/vKwzya+hT0O0vWZlFL8fIT7+Nb5OUx6L0s01MDaKzHbk7gUjwHSzyhqFCN81QAblMoxEBLb\/CEmvBzW9XBy3KnHAIN+JMyXpj9bhglFPLCE5AeMFMHLfv11yMTrQP23i3Z7MfquC3VAqw7bSnCeqDHHq2vSDjMgZ7yY2uifRzsSTalWzvcgP2bR\/0puSik462HcMZC07RQToy2KqzVl6+tShd5WLNXEyhD3NYEETUmWqcIS57wLW6vlHE1P+r2ofDW8p7+t2k4Zr+pN5jwpyIaQfG\/abgNC2iQDYlECtL9AIW8evJGlZuBqfEdmFuZgyVArxeXlvR9boXPgMEhXGq+pu84OLXX48pDTx3k0CiOobc8BjO3AG7TMp\/PRTxPY0RBcdc8LOC5Bd5OYb0UpGiNUB3cmIIxWjWh7BSK4N+HBrHWA\/7OsdvxA0sP2A\/juMZ6wnst1FI8WF+NoLDYBBxYMqTGaeLN83cPJE8j3aIxzWM7VUlUlruKo\/shwCEys5f0MAjDONnHGVtR5XgDgX5itJVBHT632op1TJu2si7oaRzcr34hISB1cRKmruvtCCiGn1vR15lPh7yStmT0jAkk6lyGQkBW6KfM45lWQzOQ4XsKBY\/uqI9mYjtywmnkO3SXVn9\/++GB7PvLRv6NJoCjTUhCe+DHBTv9172CIITybhl7Qj+P73L0lYfQPsTYC8LJ8u4Ze0EQBKGOlm\/QCoIgCKcfMfaCIAhdgBh7QRCELkCMvSAIQhcgxl4QBKELEGMvCILQBYixFwRB6ALE2AuCIHQBYuwFQRC6ADH2giAIXYAYe0EQhC6gyXfjUOKOBSicq39laugLrviFZFWdDFn\/FoPIF2fp17R6EpKfWpTunCTs7cR56Zt6Ra1Xz+rVzvYr4fg1vFqfblLuoHMFQXjXaNKz1zk\/69KT6UQYOvemTfE5JXMY7qgRSVzo5vcnUmIJmkwpY1GAsd6vQJWMu8loRB8zceIkkQOcuDnTURpKD7zJUwRBePdoOozD2Xf86Qf3i1CqpiDVV\/UkUyZDRFmc3OxIbYaSQ6Charun\/DZBxhx7JDSdIqXJo5R\/etOGsh05fUMZmsDKICUIwjtJjFcc14dyONRCuU0\/3oG5Jz1uyIXDC2C9R94XUrDCCWpfHnrG0cNcURl0KDvO6CtfGEeHLCjh+cz1ijpHhx+MHBPorzpJwO0sPb7sPAY7UxLjhEUU9n4Ke+TPT0B6NwcFXZCSRbWCZahLC0jv0h+Fij+M45OnTg6DX27TJp+cqh7vO\/udvvFnKiLo\/Of9ah\/V8QBg0ukPQRDeRb73c0R\/b8CH8OEft+HZ7\/4EZ0cG0DBUIL\/2a3j\/05\/AwOVv4etHRfjTxSuQPoOG8fEX8KKWhpEraTxLGfoqGsbPP\/sxjIyMwNnSfbj\/qzdwifdXYHtjG\/7rfz+Cqc8\/gx\/j\/gE04N\/8\/ik8OzwHn9IxbNwoZPE53Mx8iLLQOV\/DB5+q+vjY323DX36YhZmfjsDIxTew\/eVX8OIMlYWT1L\/n4Nt\/0PtGLsGb7WfwPm57DSzKeecVDGdn4CcoA5Wx8R+\/gfe5rVjjbzdg+3ev4KOffQ6fjeP+M1\/Do6+ewRtq8zdr8G+5b2HUOnd7633cJgP8DZSe4nHfV+0yBjxB6d5YnrOwfWcZXmrdOdQdh3L\/CvVWOgsjP\/qRVQfVqWS0KT19BC\/2XsDGxob6bBt9I70DcOnlMvzi\/iPY2HoD\/T+7CRm7bkEQ3jmsMA557pS7U388iYcVKpRThQrF53UIRyUaV4meVShHJbhOXMxoj3wHyujJT1o3UjPXBiHhi\/OnroZ4lmT0mrnRi3WMGuPNyaMBqq+UPAd+hzuQDEzZ3nFv0m2rwb4Hcbkf\/WmddJpCJurXhnCCaPTQ3YmGctuicfaEwYKOU7lk6++bBEO5WJ1YPX4mzhVgQSdeJyj3rdonN2cFoRuwjD0lXLYMRNDyX2fgJ8OkjJGb5Z4SHVd3i2gcaRJIQHpAmW7Ohu9HG1I3O38IVTRQFMZo6UYvGfEJAEq4zROZCkUFhk14FWKO8z3JEsXlKciOA+TMueyRB6dCrLxGfexRwmhTzxyHf6qvfcaejvOT7KmfgJokaIIVBKF7iPmcvXoqp7q7Duu71k0+gjxdNCbrj3ESSKQho41z8gK62H70zcWeQFfegp8moQz\/Obj9sNHMEE7xXg5gvMFERisIvg9gjsN69a7G4CTB9yjcOoInE9THedQHxd6tY\/njk4mP88MriIibsoIgCCHENPZohCiUUy1D2QnhGFQop7yH5siEcAieBAqwbBnr4mP01q0JIRr0zG8NAmwuwJL9JFAMaNVRdjx7\/fGHqciQ2jJR+El\/bQy1vex69voTJC\/rby8Pa7aHjZOffypTx+WsMiqw9gQlslZT4eCx9+zHKXH7QasrJEEQ3mZi3KDVnPkGXmy8YMPxk0+8rnnyr1\/Dxi5A\/z\/+vXWzMQkDI2fhxf378IW+WfiiZj+NQzdbXwBc0jcwNZ4btGfScIVvmN6HR384CyOfQP0NWnOsOptvih6e\/xSu\/E0eVwUfODd\/6QaxuoFbhEP7pmjvBXjzNAe5R\/qG5v+lYbB2CPADdQzdoH0Bl7Bu02ZX7gvbt2HtgynnBjR9Lv15G74sHsKlK0mo2DdouS2HsHYH22Junv73Hhz+8fswkFbSM3ab+bhn8PIj6wmjb0rwdOsNfD\/g5ixs5eE3ByX48pePVPl47ptPpuHzf07rAwRB6DZiPHr5lsJP8tiPgSL0m\/2oaIvwX6PSHylZoRj1qObb8Be+giB0A+++sUfqnoH3POffDuhJpgXn+XvCfgZfEAThpOkKYy8IgtDtxL5BKwiCILx9iLEXBEF45wH4fzHcBC8Z+aWjAAAAAElFTkSuQmCC\" alt=\"\"><\/p>","protected":false},"excerpt":{"rendered":"<p>Tegund:&nbsp;U02856032<\/p>","protected":false},"featured_media":65851,"comment_status":"closed","ping_status":"closed","template":"","meta":[],"product_brand":[],"product_cat":[588,780,515],"product_tag":[],"class_list":{"0":"post-60090","1":"product","2":"type-product","3":"status-publish","4":"has-post-thumbnail","6":"product_cat-handverkfaeri","7":"product_cat-skralllyklar","8":"product_cat-verkfaeralausnir","10":"first","11":"instock","12":"taxable","13":"shipping-taxable","14":"purchasable","15":"product-type-simple"},"yoast_head":"<!-- This site is optimized with the Yoast SEO plugin v27.3 - https:\/\/yoast.com\/product\/yoast-seo-wordpress\/ -->\n<title>USAG Skralllykill 32mm - V\u00e9lar &amp; Verkf\u00e6ri<\/title>\n<meta name=\"robots\" content=\"index, follow, max-snippet:-1, max-image-preview:large, max-video-preview:-1\" \/>\n<link rel=\"canonical\" href=\"https:\/\/velarogverkfaeri.is\/en\/verkfaeralausnir\/handverkfaeri\/skralllyklar\/product\/usag-skralllykill-32mm\/\" \/>\n<meta property=\"og:locale\" content=\"en_US\" \/>\n<meta property=\"og:type\" content=\"article\" \/>\n<meta property=\"og:title\" content=\"USAG Skralllykill 32mm - V\u00e9lar &amp; Verkf\u00e6ri\" \/>\n<meta property=\"og:description\" content=\"Tegund:&nbsp;U02856032\" \/>\n<meta property=\"og:url\" content=\"https:\/\/velarogverkfaeri.is\/en\/verkfaeralausnir\/handverkfaeri\/skralllyklar\/product\/usag-skralllykill-32mm\/\" \/>\n<meta property=\"og:site_name\" content=\"V\u00e9lar &amp; Verkf\u00e6ri\" \/>\n<meta property=\"article:publisher\" content=\"https:\/\/www.facebook.com\/VelarOgVerkfaeri\" \/>\n<meta property=\"article:modified_time\" content=\"2026-03-05T09:32:07+00:00\" \/>\n<meta property=\"og:image\" content=\"https:\/\/velarogverkfaeri.is\/wp-content\/uploads\/2024\/09\/8e126d56-14c4-4443-95c3-9ff6f333356d.png\" \/>\n\t<meta property=\"og:image:width\" content=\"861\" \/>\n\t<meta property=\"og:image:height\" content=\"863\" \/>\n\t<meta property=\"og:image:type\" content=\"image\/png\" \/>\n<meta name=\"twitter:card\" content=\"summary_large_image\" \/>\n<script type=\"application\/ld+json\" class=\"yoast-schema-graph\">{\"@context\":\"https:\\\/\\\/schema.org\",\"@graph\":[{\"@type\":\"WebPage\",\"@id\":\"https:\\\/\\\/velarogverkfaeri.is\\\/verkfaeralausnir\\\/handverkfaeri\\\/skralllyklar\\\/product\\\/usag-skralllykill-32mm\\\/\",\"url\":\"https:\\\/\\\/velarogverkfaeri.is\\\/verkfaeralausnir\\\/handverkfaeri\\\/skralllyklar\\\/product\\\/usag-skralllykill-32mm\\\/\",\"name\":\"USAG Skralllykill 32mm - V\u00e9lar &amp; Verkf\u00e6ri\",\"isPartOf\":{\"@id\":\"https:\\\/\\\/velarogverkfaeri.is\\\/en\\\/#website\"},\"primaryImageOfPage\":{\"@id\":\"https:\\\/\\\/velarogverkfaeri.is\\\/verkfaeralausnir\\\/handverkfaeri\\\/skralllyklar\\\/product\\\/usag-skralllykill-32mm\\\/#primaryimage\"},\"image\":{\"@id\":\"https:\\\/\\\/velarogverkfaeri.is\\\/verkfaeralausnir\\\/handverkfaeri\\\/skralllyklar\\\/product\\\/usag-skralllykill-32mm\\\/#primaryimage\"},\"thumbnailUrl\":\"https:\\\/\\\/velarogverkfaeri.is\\\/wp-content\\\/uploads\\\/2024\\\/09\\\/8e126d56-14c4-4443-95c3-9ff6f333356d.png\",\"datePublished\":\"2024-04-27T15:42:25+00:00\",\"dateModified\":\"2026-03-05T09:32:07+00:00\",\"breadcrumb\":{\"@id\":\"https:\\\/\\\/velarogverkfaeri.is\\\/verkfaeralausnir\\\/handverkfaeri\\\/skralllyklar\\\/product\\\/usag-skralllykill-32mm\\\/#breadcrumb\"},\"inLanguage\":\"en-US\",\"potentialAction\":[{\"@type\":\"ReadAction\",\"target\":[\"https:\\\/\\\/velarogverkfaeri.is\\\/verkfaeralausnir\\\/handverkfaeri\\\/skralllyklar\\\/product\\\/usag-skralllykill-32mm\\\/\"]}]},{\"@type\":\"ImageObject\",\"inLanguage\":\"en-US\",\"@id\":\"https:\\\/\\\/velarogverkfaeri.is\\\/verkfaeralausnir\\\/handverkfaeri\\\/skralllyklar\\\/product\\\/usag-skralllykill-32mm\\\/#primaryimage\",\"url\":\"https:\\\/\\\/velarogverkfaeri.is\\\/wp-content\\\/uploads\\\/2024\\\/09\\\/8e126d56-14c4-4443-95c3-9ff6f333356d.png\",\"contentUrl\":\"https:\\\/\\\/velarogverkfaeri.is\\\/wp-content\\\/uploads\\\/2024\\\/09\\\/8e126d56-14c4-4443-95c3-9ff6f333356d.png\",\"width\":861,\"height\":863},{\"@type\":\"BreadcrumbList\",\"@id\":\"https:\\\/\\\/velarogverkfaeri.is\\\/verkfaeralausnir\\\/handverkfaeri\\\/skralllyklar\\\/product\\\/usag-skralllykill-32mm\\\/#breadcrumb\",\"itemListElement\":[{\"@type\":\"ListItem\",\"position\":1,\"name\":\"Home\",\"item\":\"https:\\\/\\\/velarogverkfaeri.is\\\/\"},{\"@type\":\"ListItem\",\"position\":2,\"name\":\"Vefverslun\",\"item\":\"https:\\\/\\\/velarogverkfaeri.is\\\/vefverslun\\\/\"},{\"@type\":\"ListItem\",\"position\":3,\"name\":\"USAG Skralllykill 32mm\"}]},{\"@type\":\"WebSite\",\"@id\":\"https:\\\/\\\/velarogverkfaeri.is\\\/en\\\/#website\",\"url\":\"https:\\\/\\\/velarogverkfaeri.is\\\/en\\\/\",\"name\":\"V\u00e9lar & Verkf\u00e6ri\",\"description\":\"Umbo\u00f0s- og heildverslun fr\u00e1 \u00e1rinu 1919\",\"publisher\":{\"@id\":\"https:\\\/\\\/velarogverkfaeri.is\\\/en\\\/#organization\"},\"potentialAction\":[{\"@type\":\"SearchAction\",\"target\":{\"@type\":\"EntryPoint\",\"urlTemplate\":\"https:\\\/\\\/velarogverkfaeri.is\\\/en\\\/?s={search_term_string}\"},\"query-input\":{\"@type\":\"PropertyValueSpecification\",\"valueRequired\":true,\"valueName\":\"search_term_string\"}}],\"inLanguage\":\"en-US\"},{\"@type\":\"Organization\",\"@id\":\"https:\\\/\\\/velarogverkfaeri.is\\\/en\\\/#organization\",\"name\":\"V\u00e9lar & Verkf\u00e6ri\",\"url\":\"https:\\\/\\\/velarogverkfaeri.is\\\/en\\\/\",\"logo\":{\"@type\":\"ImageObject\",\"inLanguage\":\"en-US\",\"@id\":\"https:\\\/\\\/velarogverkfaeri.is\\\/en\\\/#\\\/schema\\\/logo\\\/image\\\/\",\"url\":\"https:\\\/\\\/velarogverkfaeri.is\\\/wp-content\\\/uploads\\\/2021\\\/10\\\/vv_logo_350x100.png\",\"contentUrl\":\"https:\\\/\\\/velarogverkfaeri.is\\\/wp-content\\\/uploads\\\/2021\\\/10\\\/vv_logo_350x100.png\",\"width\":350,\"height\":100,\"caption\":\"V\u00e9lar & Verkf\u00e6ri\"},\"image\":{\"@id\":\"https:\\\/\\\/velarogverkfaeri.is\\\/en\\\/#\\\/schema\\\/logo\\\/image\\\/\"},\"sameAs\":[\"https:\\\/\\\/www.facebook.com\\\/VelarOgVerkfaeri\"]}]}<\/script>\n<!-- \/ Yoast SEO plugin. -->","yoast_head_json":{"title":"USAG Skralllykill 32mm - V\u00e9lar &amp; Verkf\u00e6ri","robots":{"index":"index","follow":"follow","max-snippet":"max-snippet:-1","max-image-preview":"max-image-preview:large","max-video-preview":"max-video-preview:-1"},"canonical":"https:\/\/velarogverkfaeri.is\/en\/verkfaeralausnir\/handverkfaeri\/skralllyklar\/product\/usag-skralllykill-32mm\/","og_locale":"en_US","og_type":"article","og_title":"USAG Skralllykill 32mm - V\u00e9lar &amp; Verkf\u00e6ri","og_description":"Tegund:&nbsp;U02856032","og_url":"https:\/\/velarogverkfaeri.is\/en\/verkfaeralausnir\/handverkfaeri\/skralllyklar\/product\/usag-skralllykill-32mm\/","og_site_name":"V\u00e9lar &amp; Verkf\u00e6ri","article_publisher":"https:\/\/www.facebook.com\/VelarOgVerkfaeri","article_modified_time":"2026-03-05T09:32:07+00:00","og_image":[{"width":861,"height":863,"url":"https:\/\/velarogverkfaeri.is\/wp-content\/uploads\/2024\/09\/8e126d56-14c4-4443-95c3-9ff6f333356d.png","type":"image\/png"}],"twitter_card":"summary_large_image","schema":{"@context":"https:\/\/schema.org","@graph":[{"@type":"WebPage","@id":"https:\/\/velarogverkfaeri.is\/verkfaeralausnir\/handverkfaeri\/skralllyklar\/product\/usag-skralllykill-32mm\/","url":"https:\/\/velarogverkfaeri.is\/verkfaeralausnir\/handverkfaeri\/skralllyklar\/product\/usag-skralllykill-32mm\/","name":"USAG Skralllykill 32mm - V\u00e9lar &amp; Verkf\u00e6ri","isPartOf":{"@id":"https:\/\/velarogverkfaeri.is\/en\/#website"},"primaryImageOfPage":{"@id":"https:\/\/velarogverkfaeri.is\/verkfaeralausnir\/handverkfaeri\/skralllyklar\/product\/usag-skralllykill-32mm\/#primaryimage"},"image":{"@id":"https:\/\/velarogverkfaeri.is\/verkfaeralausnir\/handverkfaeri\/skralllyklar\/product\/usag-skralllykill-32mm\/#primaryimage"},"thumbnailUrl":"https:\/\/velarogverkfaeri.is\/wp-content\/uploads\/2024\/09\/8e126d56-14c4-4443-95c3-9ff6f333356d.png","datePublished":"2024-04-27T15:42:25+00:00","dateModified":"2026-03-05T09:32:07+00:00","breadcrumb":{"@id":"https:\/\/velarogverkfaeri.is\/verkfaeralausnir\/handverkfaeri\/skralllyklar\/product\/usag-skralllykill-32mm\/#breadcrumb"},"inLanguage":"en-US","potentialAction":[{"@type":"ReadAction","target":["https:\/\/velarogverkfaeri.is\/verkfaeralausnir\/handverkfaeri\/skralllyklar\/product\/usag-skralllykill-32mm\/"]}]},{"@type":"ImageObject","inLanguage":"en-US","@id":"https:\/\/velarogverkfaeri.is\/verkfaeralausnir\/handverkfaeri\/skralllyklar\/product\/usag-skralllykill-32mm\/#primaryimage","url":"https:\/\/velarogverkfaeri.is\/wp-content\/uploads\/2024\/09\/8e126d56-14c4-4443-95c3-9ff6f333356d.png","contentUrl":"https:\/\/velarogverkfaeri.is\/wp-content\/uploads\/2024\/09\/8e126d56-14c4-4443-95c3-9ff6f333356d.png","width":861,"height":863},{"@type":"BreadcrumbList","@id":"https:\/\/velarogverkfaeri.is\/verkfaeralausnir\/handverkfaeri\/skralllyklar\/product\/usag-skralllykill-32mm\/#breadcrumb","itemListElement":[{"@type":"ListItem","position":1,"name":"Home","item":"https:\/\/velarogverkfaeri.is\/"},{"@type":"ListItem","position":2,"name":"Vefverslun","item":"https:\/\/velarogverkfaeri.is\/vefverslun\/"},{"@type":"ListItem","position":3,"name":"USAG Skralllykill 32mm"}]},{"@type":"WebSite","@id":"https:\/\/velarogverkfaeri.is\/en\/#website","url":"https:\/\/velarogverkfaeri.is\/en\/","name":"V\u00e9lar & Verkf\u00e6ri","description":"Umbo\u00f0s- og heildverslun fr\u00e1 \u00e1rinu 1919","publisher":{"@id":"https:\/\/velarogverkfaeri.is\/en\/#organization"},"potentialAction":[{"@type":"SearchAction","target":{"@type":"EntryPoint","urlTemplate":"https:\/\/velarogverkfaeri.is\/en\/?s={search_term_string}"},"query-input":{"@type":"PropertyValueSpecification","valueRequired":true,"valueName":"search_term_string"}}],"inLanguage":"en-US"},{"@type":"Organization","@id":"https:\/\/velarogverkfaeri.is\/en\/#organization","name":"V\u00e9lar & Verkf\u00e6ri","url":"https:\/\/velarogverkfaeri.is\/en\/","logo":{"@type":"ImageObject","inLanguage":"en-US","@id":"https:\/\/velarogverkfaeri.is\/en\/#\/schema\/logo\/image\/","url":"https:\/\/velarogverkfaeri.is\/wp-content\/uploads\/2021\/10\/vv_logo_350x100.png","contentUrl":"https:\/\/velarogverkfaeri.is\/wp-content\/uploads\/2021\/10\/vv_logo_350x100.png","width":350,"height":100,"caption":"V\u00e9lar & Verkf\u00e6ri"},"image":{"@id":"https:\/\/velarogverkfaeri.is\/en\/#\/schema\/logo\/image\/"},"sameAs":["https:\/\/www.facebook.com\/VelarOgVerkfaeri"]}]}},"_links":{"self":[{"href":"https:\/\/velarogverkfaeri.is\/en\/wp-json\/wp\/v2\/product\/60090","targetHints":{"allow":["GET"]}}],"collection":[{"href":"https:\/\/velarogverkfaeri.is\/en\/wp-json\/wp\/v2\/product"}],"about":[{"href":"https:\/\/velarogverkfaeri.is\/en\/wp-json\/wp\/v2\/types\/product"}],"replies":[{"embeddable":true,"href":"https:\/\/velarogverkfaeri.is\/en\/wp-json\/wp\/v2\/comments?post=60090"}],"wp:featuredmedia":[{"embeddable":true,"href":"https:\/\/velarogverkfaeri.is\/en\/wp-json\/wp\/v2\/media\/65851"}],"wp:attachment":[{"href":"https:\/\/velarogverkfaeri.is\/en\/wp-json\/wp\/v2\/media?parent=60090"}],"wp:term":[{"taxonomy":"product_brand","embeddable":true,"href":"https:\/\/velarogverkfaeri.is\/en\/wp-json\/wp\/v2\/product_brand?post=60090"},{"taxonomy":"product_cat","embeddable":true,"href":"https:\/\/velarogverkfaeri.is\/en\/wp-json\/wp\/v2\/product_cat?post=60090"},{"taxonomy":"product_tag","embeddable":true,"href":"https:\/\/velarogverkfaeri.is\/en\/wp-json\/wp\/v2\/product_tag?post=60090"}],"curies":[{"name":"wp","href":"https:\/\/api.w.org\/{rel}","templated":true}]}}