{"id":60081,"date":"2024-04-27T15:42:25","date_gmt":"2024-04-27T15:42:25","guid":{"rendered":"https:\/\/velarogverkfaeri.is\/?post_type=product&#038;p=60081"},"modified":"2026-04-08T16:15:58","modified_gmt":"2026-04-08T16:15:58","slug":"usag-skralllykill-15mm","status":"publish","type":"product","link":"https:\/\/velarogverkfaeri.is\/en\/verkfaeralausnir\/handverkfaeri\/skralllyklar\/product\/usag-skralllykill-15mm\/","title":{"rendered":"USAG Skralllykill 15mm"},"content":{"rendered":"<p><img decoding=\"async\" src=\"data:image\/png;base64,iVBORw0KGgoAAAANSUhEUgAAAXoAAAB4CAYAAAD8HzkvAAAAAXNSR0IArs4c6QAAAARnQU1BAACxjwv8YQUAAAAJcEhZcwAADsMAAA7DAcdvqGQAACTiSURBVHhe7Z3daxxZdsBPNss8bMamsYVpL2TpiLZhF41oD5If1kIwiYiVSBDCiF3w6mmtRz3Oox4WpD8gID\/KkGCNcUB+yNDCsjHrjSKHxWqsRuuNwerVNpNgNY6sbZbBCyHZzjnn3lt163ZVdVd\/SHL5\/BLtdH3de+65t84991S5zp80EBAEQRBSy7f0fwVBEISUIoZeEAQh5YihFwRBSDli6AVBEFJOB4a+DKtLS7Dk\/d2CjQN9CKk9XA1sd0Pt4S1YulvWW60p3yV5VlHC3sEyOG2MB\/WTQObe0339rMeQMrrRb\/lu8DrW660NqOntTomSVaHHqjl+sAG3EvXl+0vkvXOMOojtm53VUPvRKfHjoDWhdgt1tfqw2xHaHd3cczYJDX0NNm4VoT46BwsLC+pvKgOlJ0aMGpT36vr3cUMdksH\/H4Cs2tFDMpC9qH+2YucFVPXPE6Fv9Xej3zK82Nc\/jxO6cUnk870fEUI34AS8XoeRm2RD5mGy3Xurb4TbrdpuBU7Kmil6Z9OSGfqDMlTqGcgPW9VemYWFGwW9UYPDE9NMFgo35mFhfrKnhj57HctcmAXTwlbU3pzw0Ohb\/V3o96B2MjfMxQLMzi\/A\/HUx9KcKHg8JnKe+E263am9P9l7upU1L+B49LYWLUB2ctoy7hpaEt0vWDZ3BGVvP1s6x3NQCzF7RG6ZMvZXB1YK5MWn5ufJ2LKKuQxibAiiu05WqrsKufT6VuwUDU3morJu6LZkQWhYVXU8zMwJztmJpifl0QO+LL7OpPE9P0W10jxnonBlY4\/ZMQ1GVa2QjmbjdCqPP6PqdY2Ft9MrLQW6wivI093GgP5r6gMjBtDspOrKac7JU1l4eRs6VoGTkcsZVrMwaPgdl9XSE+PqlFegKHF7T441lrkB+FFeh2+Eycxu3vZGqjunxC3a\/6XYp3at6SuaygKzR\/ctlOfeGrQOjb7ttQR05ZYdca+uT6VQHeit4LHg\/tTWOIsZDwW1Lkw6D913QhrQaB0Sw\/Ej9c5tmAO5b\/YlEnW\/LQTJsnZ+G\/F5RXeuM56b+0nDZw2Ust02bdnMMDm+bcpw+iIIMfRIONpYbi4uL+m+58eC1PsDsNO64+14\/aCzjuXee6+3AOfR7sbG8ccBHsPTGg2X\/XK7ryx21YaPLdI8Fz1dlLy4\/wFL1ni+t7ed3Aseatg2B\/S3KRJpljm8jXe8fC24bXfu6I6i8O\/i\/GtaFvx2ms1gZQ\/sHz3fKIMKu889T7Qq7zpWRaGqbI0drvSr4vMhygrpuJbOSyZLT7nu+1h63\/jin66L60P5NBLadNofLE9U2VZZ7rdmO0lfXOrD6pFk\/tjzR40ida48H9x5RbfP7X5dl1+3A59v1B+Rxy3fGBR93bZkq05YpvI3+dUqG5nIMbnmBbV22q69gP2o9uPd7jF4MTuiGPBMK\/uu\/kIcbKpSxAHPoEQDOa6XbS3Ar5oEFx7lwZvNn3wJMjAJUdvEaiifjzD3jzbpZmLyWg+rLdh494Ez2mT1bhpO75nuBhe\/nUORDjnx1E+KIKjOU2DbWoHak9kaC105Yngvpb9bysOBiFjVRh1rkAy2Kj6OuPvdlzl4fg9z+CzwS3j9Dg\/pnS+w+wGXmJRwTR9gmvacldtsuFiCPl9ff0NXxMjdhy39xEsZQ\/ugxFCWzitPmpizdXpmAEahAmXSL5c7guC3d34CNu\/Scasbzouie8D1H3D6PPfKWR1ls\/zbrXo0NsNsZqSPsqRu2V5uF7Dn\/WDyd62DeXlVlByBj7qduxlHTPYJXfzaCZet6NfZ9F0rUOOjKzvjE2jLD4FiEdx0\/FhR2v0Rj9092ON+kpzC+rf+rQQXML8Ck3oqDDf51FJ+WcntlqF0P7wSOc+0XceIo6j2aQRpWeKxehZUlXBbbZAZ48PQTkn8OUHac0BSo5Juz8QOpA3hCiWxjAfU9x8v+pW2zH5esN1pJ4S4BMzCgfzXB8dA6VHFCDkqA19DgOPE4ZAitZG61TO0IFaetrqODs653aXI0GLHO7PUZGNnDJf1+DqadPgqGNBA2cnQ\/RfdvaAyYjCcaVpq42xmLgfAWkjmvf3REax00hzpwYkK6iWcrp8sZwezAlODQ1NsF8fdge3om4mxZ61Lix0LHtKknx9AnJ3sBvYE9vRECeTcAIbFCAmdayORDY68Eyd43cMCu7WHdCy28hC5h\/cS18eEaVC7N4aTZphQmxnoTvTnuWBW3i4QHQgbPD4\/jJfNpjokWMsejPKfMpaS9moUBGqomnh8C9VUJ\/duRwRIUcbVb0GPaxIcXFtS2io\/zz9j+5XtDn+dRO0Qjqh9U7qpd4ajnAly2NhYcI+ZfndJCBxxfB5jGFT23lMfiIR\/qhlAboh\/Y5pN2o4c\/Dlrdg+0Sa8vaIPG93g5t6inZWzfU0YF3n3GwPa2iMguRCuSlxf5W8B1VFI7LuDIEuXoJHu\/wXg0ea7EM6Qm0DMbbljz6qH8T0BNatJH0A9s4y9tyxL1fToYAB23BGEBaluqf4dASum69AquoYR8QHHqy+wdv3i3LQzwZ4mVuwg4X7TyGkvtmWFuoEEb1aVD3Xp3kGGxnYBqNxeSNacihZ7fKfaoMSu775uYPvqoX17\/q3jDlEOp+gsEhb2keDXnfdjt78QprvA7YM7Zk41CG\/t3VONL3yJoVAi4\/wVWDPc7bIWoc9MjOxNqyNkh8r0dgh+fa1VMij74MQzB9rhhYAgWfbNMNWoSiXnKrJ9KTMH+TZn5slDoJL8pA7tIMzF6neDOgR4rHvKUi+nKjYzCPhriflO+qtzEWLM+FPTM0LpMdztgED4bbenlHSzM0DNFtxP30pN14SIwKyzzemYQJvScAxUyfrvh9MIgeZiZoWNz6KZYL2DZ7yZnBY2N07MoszL1BD9SESXD\/9GgGiq6n2Q0cW16BIuqgiG3ntwn0oShiZdbbhsy5Q1jDso0WaNwlXwmg7prCeVRnDvJDAKUt9YaNqhvH7dQL7M8lWAUc49dy\/Fv1L7ZvFI0e6w\/7MqZ\/1b0B6t4wY2PQfVMjCooPb\/n9Bjmsl57WdEekDj6fhUl6ToKymz7JjI5grdqj72ocGTvghDWwr5NM19HjoJWdCbNbuBcnr+K6lon7Jc6WtZK0xVhI0tC9NZRJt7JNPX2gnyn2l73+JKX2ea\/iHQdeGMYKUejl8Jj9wFV4P5H+FQw9GQtqYgA9ESXhA\/4evVKaHfYwM\/mxEvlesZAKpH8FQ9djQQy9IAiCEEEHHzUTBEEQ3ifE0AuCIKQcMfSCIAgpRwy9IAhCyhFDLwiCkHLE0AuCIKQcMfSCIAgpRwy9IAhCyhFDLwiCkHLE0AuCIKQcMfSCIAgpp2NDT5\/07fa7yqcRShrRbVuUblbB+5r6wQasBtIt0seJlqzvkPeP8l1LDoTb19F39+nrnpbM9OU9bENcGsnjAXUZkvLyRKCPVvH9EKbfZjl5nHQt+\/GNJeH9Jbmh1ze4yqiz4P3NXarwN6xlwJHho4w2A943ou0EDcdLVDIKncGoB2QuJPmQdh9omXjluECDu16HkZt0P4Rkxjo1cgofIgkNPXp190ucINdNjsAJC0YzUF0PepAfHlko3JiHBSsZQDf5NLvigLPyBuBcv734TC4lisYJ\/tg\/6+zQTZL3nsK6jp5AT42cwgdJss8Uh308PwAtI\/3vJXMOy\/NzMPZ2xUtgHMxIpc43no59TF07Dfm9IpT0PRK81oLl8hMW+9+Vp\/K3YGAqD5V1c1xlOAp+\/N8\/lqPM8UdOfkn+jjTlyjQGUiUpKZ2zJjxLN4VdyhlKuSWz6jzrHldtqCk9jY5AfTtCLg9dlynDyiijcpOO4dqq6CeINpNw1Levaf\/TgdisNKR7P+G0+Wa2m5hF61bL3LqvDWHtycJj1EfdOZ\/bR3l9UdZaiEyUgcrfh1gOSKANsTqjsiagZskUmZfAGWctda23gvpE9HW8n3LQHpUixnj0\/eGj77m4sRR6f+h+wPr9saDr0\/KxrryE58Eym9pEeHoOyh3IgsSyHMLYFEDR01lQX0IfIEPfNs\/vNBYX7zR29GYzB40Hy4uN5Y0D3tr5chHPX2zcec6bjcbrB43lxeXGg9e0sdO4g8fMueZac6661pyLcN3WtoHLtOrgcoN1LC4\/wNIVXK63HS6Dfb4iKJup09bFwcZyY\/FLtWX\/JqhOvw6ilVw+VJZ9rV0W12O33dUFbzv9RXoMqcejqY93GjtcnqMDboPfH6q\/3Lqb+4tltut\/jeXTOSH1euVHytSsa8LVpX2Oq7MmHTbVpWkaZ3qsmLrDdG0RKaetI647OHaj7g+fFmOpSW6731SZpg57bPF1dj+RbGbb\/k0Etl25w+XxdeHoUegLTuiGZnn9cJX+evGQC70Dzzvi3KF1qOzWVMwSZ\/oZz0PJwuS1HFRfWnUOjvleCSX4RZ\/k0Hn2x\/Fvuw70CyZGQdWhyV3zvVdOYlw\/xJYiITJQcuRmspA9h56+lo3qhNFpztWqEgyrhNB+guj2iJTLgkItthdHmejrb62zUP6JgH6DyYPjIc\/L72\/\/wappF1GAQph3G0ZUX7vY7cTzOLEx5cLNVOGFfsZTe7iFfWMnPW5XJnougd7n575us5TrdP8FHtFYOsteoP7OwZApLzuAvqtdl6J5nKnxCna5nRA1xtu5PyyixlL8\/YFlfj4CsL0GGw9XoXhk1UehOc\/TR0gvpsy4MFST3FjjZyN4bQXKnk6xfz4z94q+5+zE3kLPcQw9dvy8\/4DVLIM9Im4CH8pMj90Y+YBOGUwyVDxY6iV+gOtNLLSUS9jhHP\/ep4TFfjm03AwYwwiSxE1Vlnu6qcmoA+SH0dhc0jfMQRkqdctY9Bj1pozftt5BSZP9\/uYJ5cosLNzMQ4USIFOdHU\/2fl\/b8DMCWrbr9viTi7rhq0\/pjSc9cRrjlUQmjpXXoWTO5T8KI8SN29aEPmdpeT90zrHdH2jQZ9Dwl7argcmCoTCLuc4K\/fDzOP3yhZKr7k2soffUxSzryXXShOMj2cNY7aWVnoTfaOyF2d5REzhIj3AiOI9GgDwpnPnnLEPDf7YX0Qbk4XLM0y3HnaS6RXtbtR006qA8zexwHmCvDGX2mobQbPYeioVyvF+3ix549x39oHVhYQ5GjoodvkLp93UTZLi5\/GnIbK94b2qx543G7fHdxxw79lYqRLsysVGheLLSl\/8X9vyjfXicudQOcUT07g0mm2O7P9CYr20DjIziasF+kYKeO3Dian3+TfTK9SG+hp6deOX5ulUrJAf9oHogieBCT0n41g15\/NO4DEYPwfGqzIOb3JTzUMX2QHbwBq5n0BvGHifDSTd14HVMPDehd0TGNrO\/FXxvGQdWO6aJrw3IUIbHkR5zAYYGcZJbLwFcKqibjSY+NPtbHYRt2kMZS79s5en2FVyd+EtsRduvUEb1tQ1OlMGRYxsACiugV7\/veJeJZNL95DgjNRwT3aDGWdF6fbgGG0\/Rw+7TBH889we24X4JMlNoqK\/PwvRgFYr6vmbP3Gpb4BVhHvfOasP82wEt95o1EZef4GogEIYTjptv6\/8mgJb76o0BWhJ7sPcR5m1UYA0Hghok9pN7KgdUjHidDyLoi42OwTwOpLYhT+8mPcnHcvQuyGQgd2kGZq\/r7Sjo2qlDrN\/IkIPpKfRsnvLRJih8U9yvW8aLwg207M3BWEzYhq9bX4El9JzUGxdqf2tUXNaXD\/WHnhe85YOt4RXYCodJikb3+lAUtdoL2Fov4vkakrftkFRUX\/uU32zBFo4bUz69STJrncOGafswsCqMk4nPv02hCTxKYxA93sINHFjO+MzgsbGE3nAAHmegxpkZr9yX7Y3VMDnj6ff98QnA9r+pN2y0Lgs3puEFyrd0F7BduLqi31qHmdERvDsO+Xf5rnr7yh4X\/BYOTq6TqA8ltx7vhG5vx7oXuibZ65UJUa+PtX8zCO8vveprKode02x+jVA4HajXMiuX7D5S+\/xXb4XTRsLQjSD0Dwr\/FfdxdSRG\/hSjwrf0bMUP24iRP+301aMXBEEQTh7x6AVBEFKOGHpBEISUI4ZeEAQh5YihFwRBSDli6AVBEFKOGHpBEISUI4ZeEAQh5YihFwRBSDli6AVBEFKOGHpBEISUI4ZeEAQh5SQ29Jzt6BZlAWqf8l0rocEJ0G39UW1WmZ\/0d7hPCX2TiRJRJOx3QRBOB8fg0VMOT\/3zROh3\/f3JMNQdp1EmQRBOiv4bek4jdoL0sX7Of7rgZNQ6YU6jTIIgnCyJP1NMoYEVyhepM8aoRBHTkN8rQklbVMoaxEkJaLlPCY09cjCtjRAnqjCetpOBJnDMQOd8DrBGeSwpuTSXa7IYlWF1iRJAa0zmn5j6uR1e2kB\/P0NJkb1kyBnIDQJUj\/w2e1D5Twf0fpJhCwam8lBZ969l+WokR93JuBRM4BAtT3O5uakFmM3aMmJNts49mRRBfdqZn2JkdlcETeUGdW7qV+3IBPWpzwWS+4ojj9X3fO3bMZiGojoumYkEoTeQoU\/CwcZyY3H5QeNAb+98udhYXFxuPHitdzy\/E9x+\/aCxvHinsaM3Cb7GKoPL\/FKfQddbxwLbXBZea87VUHl3nusNPPPBsrUdUj\/XZ+8L1LnTuIN1LG940nF5AZkMIdfZ5\/ntVGX4ZSLWte3IY5drZLLLO3i+o44HrrVl0NBxr3\/iZHYIkcnVkdK5Oub3h26f7rO4vld6CF4rCEL3OKEb8jJN1hj8cxKARzI45nuAlBwYfcPDyKd2FDNHr\/Fz31Pj7P\/7L\/AISkBJiWPBaz\/zfUWCcoT62W2ykD0HUH8TJYBKsB1IYn5lAkagohJQ77yAKnqSM16WI8oLG5LZPgI7qTXlioX6Idaocr\/Wtx9zG4nyyypkOMl4C3k0gWTZmvpbv43ZKzpheYBmXXPZmTpUdv1rw2WOIURH1L7qS2qdTvD91Dy41e3jBOfxfc9guROSqUgQeopj6ClN2AIsLOi\/fuR65Zh5HUqUrNhLRUYhgDpnuKcY89ylip9hnkIetqGKgMIBprymsE+AGhziXFKlhNumjqUVKNXV5NR6oukQngCr8IKy+h9swBYaPJVkPF6ecFQ\/UYhDnR\/xlk3o8wk9EVqTRFJYR\/WS30f0RyGyoxobd06EXTcT52NsS04l+27R94Ig9IdjeOvG4WIWfXKKA1sTCv\/puDAawTV6BuDuj0StQiihtClrelAfCiULA+igU5zbr1v99TfnpfZ00eut7Vag7q2COpeHVjJ87lQGjWfIK6Ssaxc0xkfoOJ9vNXVGk72ApVL83JF3wcTTL07C2KBaNfDKZXRCrVZa9b0gCH3h+A093vJDaARKT4JmqYbeHnOxAHlwvMXY98LJIzbeMdHqdUoVivFDCwpTv\/JGS\/CYPG+mDI+9h6TdwWXvb+FEZkIZvDdWnijKO45ZzwwoIxtA6\/q+VTZ72La+OoBWJwEdETiBWH1EIaD63pq1cuG98X0vCEJf+NOfIfp3W3zzm2fw\/OgcfHo1Dx\/jdu1Xm\/AKLsP4J+ZmrsHu5iuAy+MwTF7amY\/haPfn8ItHm7C5uQvvLl2FsR+Ow9lfrcDKv9A+9bf\/22\/BR1hm7e4\/QPXTBZj\/8TiMj6u\/s\/\/1CH5RPQvjf\/ENPNs5gnOfXoX8GVUbGcoLf3gGxeIjXdb\/QH4U4Ah+AFfzKGFI\/YXCVbj8uw1YuWeuofqP4OjPhyF\/MQ9Xz3wNX61\/5ZU3hh7zq\/\/8jtdmj9oubHr7nXab43u0a1gZ4TN5+AjbsvuHEZj5O7+sj\/Mx8pwJKRcnn\/L9Lbj3SJ+PdYz85AYUSCcBmVA7n6D+KvfgntE1neu9VdOGzIZAuVkYHj8Lu7dX4Cst7+bmPux\/+yPUub7q4gV49+zfYf+7E\/DTH\/olsTwRff+xM7YEQegNiV+v7C\/BVw7tfYfX+h1aEQRBSCenzNATwfezCX5vXIy8IAhCR5xCQy8IgiD0khN4GCsIgiAcJ2LoBUEQUo4YekEQhJQjhl4QBCHliKEXBEFIOWLoBUEQUo4YekEQhJQjhl4QBCHliKEXBEFIOWLoBUEQUo4YekEQhJST8Fs36kuSJgm4h0nGzeiPkpl9nGi7AvmwhNNpIyQxN3OMOnCTt\/eFD6lPo9rabx1g+au7BZj1vuKagHav5eT5btJ6hNvmJ55nrHvcT+5OSWQ+gDGQAjry6Cnjv58daA5Gjop+fllKPkEJiLrIYCQIHzqchUz\/Tko715JDwOkfw6gdQp0Mu50FzDhyODkUQR+7mYeKndRGOLX0IHSjk2ebBM8X0ZOYX7C+Jy8IQlJqbzvPatbqWvLIV7YzML0wDTm9z4ZyAkc5anTMy47G2eBaJJIXTgUdhW6CiUFwbyBc4CQKMUvc0QyUto0HkcNBNqvyiCJ8vZeuTx\/Ty0fA1YNXFy81q\/r79E4YiXKYeuGK5m\/aE7QS4bLcpam1LGVZ3o5x4m0vyXhYaEpvBY61Ct0k1YHeCh5zlsuBtmQgNwhQPQoL3UTrq3Wbg9dmBtE87NfDwxZt6Hbu\/JbfnkA9dlgAsfuUyz2EsSmAoueJBvVkE1VOz9pq+nQKvdp1015HHkcXfl4FGkNbMBC41vSr00+IN24twsdEO9dSyscsZLktWg6nbaQ7ysHs1snQGH85pPRF7bsPMNM01oRTBxn69jloPFhebCxvHOhtYqdxZ3Gxcee53tTneNuvHzSW8fjilzt6hzputg82lhuLi3ewFM3zO43F5Qd4FsLXLjcevKYNqsf8VtfZcux86ctl\/yYC21oeV96gPM3ym20qK7Kttuw23erALjNQh9K931ZdbogMcfpqp812mep8vy882tStL0dw7ITWY3TWQoc2ceX0uq32uYFrm3Rhj1\/V7shr9bbdXwGobOtcd9zFXhsgeE8ptF5JPvPn6NjoMFQvwqnECd2QR2Al5TZxd4f69oqVuLsIdfQa4jNAocfxmfFzdKjnCD0L\/L8yJcqesrygKxMwAhUoU6z\/4iTMjAInt964S\/XMeJ5H9vp8wOPIns9A\/S0tIrHUI7UvDI5fogfny5uFyWvktenQE4Ee4IQ5TstTFLf+Ri1QCzfsbFfoGZ3zj8XTuQ7mbY8pOwCZul4u77yAKso64+lBlxtCtL40kW2mZOso++e+DJzkXP+2aVe3vryULBxXIC\/paEg918cgZ18bqUObNsrpQVsVwXMLn41g36h+a9ZFASZwLFd2fWlz16xrv496Mv3airgx0TXYZ\/NWbN59BofQWFLHQlZ0wqnEMfROJ1tLapvgw9gFmIE1NPir1g3ZLjU4xGVmdd2aXJZo6VmHQz1qs9dn0OiVoLSfgzFnKUnLV3Odv4ylNsxBfs+fjIpHvnEJjV\/SjYIL6BoZ1jagpa1Xtln+d0xrHfAS2RyzQgEUL01CuL5acFDz6mtFJ7qlCYeNNddTh9JtowP6oxBZ+\/3CdFNOgra2gnWxjwbSk0HpPDC5dkPEmOg9IZO18N7Rk\/fo2WPCW+nFjt7RNlkYwPucYpf2xEF\/xhOqPVxDMz8CI4NVKFpeBT9QejvmnT836vtddA09R\/DKs7wfNiwu9JYBmiMVt4xDrXgofmnKnkaPtDta6IBiohSbNvtvoteoLkxEnL56RSe6ZYN4jmLGWTwLPeSbfvvVX0KvsVfldILVVtYFxf4DMuBfhPOUiB6NCeHDoSeGvvZwC818Doa8ZWq7qOV39WnwFS3y7hj0Wtbo7QA01JM3pnH5XYRVnkxUeMZ7+o\/bFP4w0HIbAuEl\/Lul6uCluFcOgcb7aRVvyiE\/dBIJed8ZyA+baYOW+vpnx8TrgL12Szb71TluS70Ej722lOFxqKcer69YOLSBHvITa5J9Eu5BtqVbO8SA\/buF+lNyURgnWA\/hjYW26aKcBG1VWKsup61KF1uwYa8iUIakrQkjbkx0TxlWAyFb3F6v4ip+wu9D4b3j2\/q\/ieAY\/bbeYKLffmgFxfvm4BasoDE2ZDI5yA8BlLbUGzaq3ALMTr2ApfUlWAX0dnE5Sb+X1vkKGBnF5eVb+o0DU3s7vjz0dkERDeIkesmTMH8T4BYt7flaJPDWRRwUZ92CFby2xNs5rJcCE90RqYPPZ2GSVksoO4UfeP\/oCNZ6yL85Vjt1aOkB+2EK11ZP+aiFWn6H66sVFAqbhkNLhtwUTbpb\/DsAydNKt2hIt7CdqiQqy1+90fMP4LCYOUp6GIExnOiTjK24coLBP5cEbWVQhy+ttmIdc6atrAt66waPqz0kBOQuzcDsdb0dA8Xsi+v6PnN0yCtoS8bAmEDirmUo7GOFe6o8nmkVNA8FfoZQCuiO+mg+sRMnnCYSvl75HsCD2PkXi7yPjH9nk5HQG\/iVwH7\/q11BEJpIn6En9Pv2Pp2vOITeIYZeEE6GdBp6QRAEwaMnD2MFQRCE04sYekEQhJQjhl4QBCHliKEXBEFIOWLoBUEQUo4YekEQhJQjhl4QBCHliKEXBEFIOWLoBUEQUo4YekEQhJQjhl4QBCHlJPjWDSXdWIHSuebPnkZ+rIo\/LlbXiYv1vgTEfgRLf2o1kDz81KJ05yVM7yXeB9zUZ2aDelafZ7Y\/78af0tX69BNoh10rCEJaSODR6xydTSnFdBILnSvTpvySEjGM9dWAZC58yN9BpKQQNJFSpqEQQ31QgzoZdpOJiP7MpIkTRBFw0uYMRXmo3A8mPhEEIT0kCt1w1hw3ZeBBGSr1HOQG64HEx2SEKPuSn9Wox1BiBzRSPfeQ3yfIkGOPRKZApNR2lKZPb9pQliKvbyizEliZnwRBSBUJP1PcHL7h8ArlIv3+C1h6OuCHWTikANZ34J0wghVCUMe2YGAKPct1lfmGstpMvHFCNzpMQcnJ56\/X1DU65GDkmEY\/1UvYbWfXcbLqGOwMR4wXClHYxynUsXV+GvJ7RSjpgpQsqhUsQ1MqP\/oW\/gTU3NCNI0+THAZXbtMmR05VT\/Cb+17fuBmGCLr+5ZA6RnXcB5jx+kMQhDTxpz9D9O82+Bg+\/t0uPP\/17+Hs+DAahRpsbfw7fPTpj2D4yh\/h60dl+P2lq5A\/g0bxyVfwqpGH8at5vEoZ+ToaxS9++rcwPj4OZyv34N6\/voPLfLwGu5u78B\/\/\/V2Y\/eKn8Ld4fBiN9ze\/eQbPj87Bp3QOGzYKU3wBNwofoyx0zdfwnU9VfXzur3fhf364APM\/HofxS+9g9+e\/gFdnqCycoP6pCH\/8K31s\/DK8230OH+F20LiinLffwNjCPPwIZaAyNv\/5l\/ARtxVr\/NUm7P76DXz3J1\/AT6fw+Jmv4dEvnsM7avM3G\/CPxT\/ChHXt7s5HuE3G9xuoPMPzvqfaZYx3hlK0sTxnYff2GrzWuvNoOg\/l\/lfUW+UsjP\/1X1t1UJ1KRpvKs0fwav8VbG5uqr9do2\/k4jBcfr0G\/3DvEWzuvIOhn9yAgl23IAipwQndkMdOuTb1XyBJsEKFb+pQo3i8DtuopOAqKbMK36hk1JlLBe2Jv4AqevAz1kPTwmcjkHHi+rlrER4lGbx2HupiHRPGcHOiZ4D6GyXPoetoh1KAWdsrvpj122qwnzlcGUI\/WieIpjCJ2tsSTuaMnrk\/yVAuWjTMgdBX2Hkq92vzc5JwKHeqF5vHv+lzJVjRSdIJylWrjsmDWEFIM46hp+TIlnEIW\/LrTPlklJQh8rPRU1Li+l4ZDSNNABnIDyuzzVnrXbQR9bPoR1BH40Shi64e6pIBnwag5Ng8ianwU2iohFcf5jznjZU4rszCwhRA0VzLnnh4+sLaW9THPiV3NvUsccin\/tYx9HSeS3agefJpk7DJVRCE9NPBe\/Tq7Zv63mN4vGc90CPIw0VD8vgJTgCZPBS0Yc5eQNfaRT9IHAh14S34rRHKxF+EWw9bzQrRlO8WAaZaTGK0cuC4vzkP69WHWoMTBD+T8OsIn0hQH+dRHxRrt87lP0cmPs+FVw4xD2AFQRAcOjD0aIAofFOvQtUL2xhU+Ka6j6bIhG0IngBKsGYZ6vIT9NKtySAe9MhvjgBsr8Cq\/cZPAmi1UfU8ev3nhqbIiNoyUchJ\/2wNtb3qe\/T6L0xe1t\/+FmzYnjVOfO40ps4rWmXUYOMpSmStoqLBc+\/ar0zi9v1uV0aCILyPJHwYqznzDbzafMVG40efBF3y7P9+DZt7AEN\/85fWg8UsDI+fhVf37sFX+sHgq4b91g09WH0FcFk\/rNQEHsaeycNVfjh6Dx7911kY\/wSaH8aac9XV\/AD06PyncPXPtnA18B3vQS89DFYPa8twZD8AvXgB3j0rQvGRfnj5f3kYaRwB\/ECdQw9jX8FlrNu02Zf7wu4t2PjOrPewmf4u\/2EXfl4+gstXs1CzH8ZyW45g4za2xTwo\/e0+HP3uezCcV9Izdpv5vOfw+rvWm0TfVODZzjv4XsiDWNjZgl8eVuDn\/\/JIlY\/XvvtkDr74+7w+QRCED4WEr1e+p\/AbO\/arngjts18H7RL+V6b0D5Cs8It6HfN9+Je7giCkmQ\/D0CNN77gH3uPvBfTG0or3fj1hv2MvCIJwUnwwhl4QBOFDpaOHsYIgCML7gxh6QRCElCOGXhAEIeWIoRcEQUg5YugFQRBSjhh6QRCEVAPw\/6NI9Fy8bmWVAAAAAElFTkSuQmCC\" alt=\"\"><\/p>","protected":false},"excerpt":{"rendered":"<p>Tegund:&nbsp;U02856015<\/p>","protected":false},"featured_media":65848,"comment_status":"closed","ping_status":"closed","template":"","meta":[],"product_brand":[],"product_cat":[588,780,515],"product_tag":[],"class_list":{"0":"post-60081","1":"product","2":"type-product","3":"status-publish","4":"has-post-thumbnail","6":"product_cat-handverkfaeri","7":"product_cat-skralllyklar","8":"product_cat-verkfaeralausnir","10":"first","11":"instock","12":"taxable","13":"shipping-taxable","14":"purchasable","15":"product-type-simple"},"yoast_head":"<!-- This site is optimized with the Yoast SEO plugin v27.3 - https:\/\/yoast.com\/product\/yoast-seo-wordpress\/ -->\n<title>USAG Skralllykill 15mm - V\u00e9lar &amp; Verkf\u00e6ri<\/title>\n<meta name=\"robots\" content=\"index, follow, max-snippet:-1, max-image-preview:large, max-video-preview:-1\" \/>\n<link rel=\"canonical\" href=\"https:\/\/velarogverkfaeri.is\/en\/verkfaeralausnir\/handverkfaeri\/skralllyklar\/product\/usag-skralllykill-15mm\/\" \/>\n<meta property=\"og:locale\" content=\"en_US\" \/>\n<meta property=\"og:type\" content=\"article\" \/>\n<meta property=\"og:title\" content=\"USAG Skralllykill 15mm - V\u00e9lar &amp; Verkf\u00e6ri\" \/>\n<meta property=\"og:description\" content=\"Tegund:&nbsp;U02856015\" \/>\n<meta property=\"og:url\" content=\"https:\/\/velarogverkfaeri.is\/en\/verkfaeralausnir\/handverkfaeri\/skralllyklar\/product\/usag-skralllykill-15mm\/\" \/>\n<meta property=\"og:site_name\" content=\"V\u00e9lar &amp; Verkf\u00e6ri\" \/>\n<meta property=\"article:publisher\" content=\"https:\/\/www.facebook.com\/VelarOgVerkfaeri\" \/>\n<meta property=\"article:modified_time\" content=\"2026-04-08T16:15:58+00:00\" \/>\n<meta property=\"og:image\" content=\"https:\/\/velarogverkfaeri.is\/wp-content\/uploads\/2024\/09\/e4fca0dc-c744-4738-be05-2790673c6c27.png\" \/>\n\t<meta property=\"og:image:width\" content=\"861\" \/>\n\t<meta property=\"og:image:height\" content=\"863\" \/>\n\t<meta property=\"og:image:type\" content=\"image\/png\" \/>\n<meta name=\"twitter:card\" content=\"summary_large_image\" \/>\n<script type=\"application\/ld+json\" class=\"yoast-schema-graph\">{\"@context\":\"https:\\\/\\\/schema.org\",\"@graph\":[{\"@type\":\"WebPage\",\"@id\":\"https:\\\/\\\/velarogverkfaeri.is\\\/verkfaeralausnir\\\/handverkfaeri\\\/skralllyklar\\\/product\\\/usag-skralllykill-15mm\\\/\",\"url\":\"https:\\\/\\\/velarogverkfaeri.is\\\/verkfaeralausnir\\\/handverkfaeri\\\/skralllyklar\\\/product\\\/usag-skralllykill-15mm\\\/\",\"name\":\"USAG Skralllykill 15mm - V\u00e9lar &amp; Verkf\u00e6ri\",\"isPartOf\":{\"@id\":\"https:\\\/\\\/velarogverkfaeri.is\\\/en\\\/#website\"},\"primaryImageOfPage\":{\"@id\":\"https:\\\/\\\/velarogverkfaeri.is\\\/verkfaeralausnir\\\/handverkfaeri\\\/skralllyklar\\\/product\\\/usag-skralllykill-15mm\\\/#primaryimage\"},\"image\":{\"@id\":\"https:\\\/\\\/velarogverkfaeri.is\\\/verkfaeralausnir\\\/handverkfaeri\\\/skralllyklar\\\/product\\\/usag-skralllykill-15mm\\\/#primaryimage\"},\"thumbnailUrl\":\"https:\\\/\\\/velarogverkfaeri.is\\\/wp-content\\\/uploads\\\/2024\\\/09\\\/e4fca0dc-c744-4738-be05-2790673c6c27.png\",\"datePublished\":\"2024-04-27T15:42:25+00:00\",\"dateModified\":\"2026-04-08T16:15:58+00:00\",\"breadcrumb\":{\"@id\":\"https:\\\/\\\/velarogverkfaeri.is\\\/verkfaeralausnir\\\/handverkfaeri\\\/skralllyklar\\\/product\\\/usag-skralllykill-15mm\\\/#breadcrumb\"},\"inLanguage\":\"en-US\",\"potentialAction\":[{\"@type\":\"ReadAction\",\"target\":[\"https:\\\/\\\/velarogverkfaeri.is\\\/verkfaeralausnir\\\/handverkfaeri\\\/skralllyklar\\\/product\\\/usag-skralllykill-15mm\\\/\"]}]},{\"@type\":\"ImageObject\",\"inLanguage\":\"en-US\",\"@id\":\"https:\\\/\\\/velarogverkfaeri.is\\\/verkfaeralausnir\\\/handverkfaeri\\\/skralllyklar\\\/product\\\/usag-skralllykill-15mm\\\/#primaryimage\",\"url\":\"https:\\\/\\\/velarogverkfaeri.is\\\/wp-content\\\/uploads\\\/2024\\\/09\\\/e4fca0dc-c744-4738-be05-2790673c6c27.png\",\"contentUrl\":\"https:\\\/\\\/velarogverkfaeri.is\\\/wp-content\\\/uploads\\\/2024\\\/09\\\/e4fca0dc-c744-4738-be05-2790673c6c27.png\",\"width\":861,\"height\":863},{\"@type\":\"BreadcrumbList\",\"@id\":\"https:\\\/\\\/velarogverkfaeri.is\\\/verkfaeralausnir\\\/handverkfaeri\\\/skralllyklar\\\/product\\\/usag-skralllykill-15mm\\\/#breadcrumb\",\"itemListElement\":[{\"@type\":\"ListItem\",\"position\":1,\"name\":\"Home\",\"item\":\"https:\\\/\\\/velarogverkfaeri.is\\\/\"},{\"@type\":\"ListItem\",\"position\":2,\"name\":\"Vefverslun\",\"item\":\"https:\\\/\\\/velarogverkfaeri.is\\\/vefverslun\\\/\"},{\"@type\":\"ListItem\",\"position\":3,\"name\":\"USAG Skralllykill 15mm\"}]},{\"@type\":\"WebSite\",\"@id\":\"https:\\\/\\\/velarogverkfaeri.is\\\/en\\\/#website\",\"url\":\"https:\\\/\\\/velarogverkfaeri.is\\\/en\\\/\",\"name\":\"V\u00e9lar & Verkf\u00e6ri\",\"description\":\"Umbo\u00f0s- og heildverslun fr\u00e1 \u00e1rinu 1919\",\"publisher\":{\"@id\":\"https:\\\/\\\/velarogverkfaeri.is\\\/en\\\/#organization\"},\"potentialAction\":[{\"@type\":\"SearchAction\",\"target\":{\"@type\":\"EntryPoint\",\"urlTemplate\":\"https:\\\/\\\/velarogverkfaeri.is\\\/en\\\/?s={search_term_string}\"},\"query-input\":{\"@type\":\"PropertyValueSpecification\",\"valueRequired\":true,\"valueName\":\"search_term_string\"}}],\"inLanguage\":\"en-US\"},{\"@type\":\"Organization\",\"@id\":\"https:\\\/\\\/velarogverkfaeri.is\\\/en\\\/#organization\",\"name\":\"V\u00e9lar & Verkf\u00e6ri\",\"url\":\"https:\\\/\\\/velarogverkfaeri.is\\\/en\\\/\",\"logo\":{\"@type\":\"ImageObject\",\"inLanguage\":\"en-US\",\"@id\":\"https:\\\/\\\/velarogverkfaeri.is\\\/en\\\/#\\\/schema\\\/logo\\\/image\\\/\",\"url\":\"https:\\\/\\\/velarogverkfaeri.is\\\/wp-content\\\/uploads\\\/2021\\\/10\\\/vv_logo_350x100.png\",\"contentUrl\":\"https:\\\/\\\/velarogverkfaeri.is\\\/wp-content\\\/uploads\\\/2021\\\/10\\\/vv_logo_350x100.png\",\"width\":350,\"height\":100,\"caption\":\"V\u00e9lar & Verkf\u00e6ri\"},\"image\":{\"@id\":\"https:\\\/\\\/velarogverkfaeri.is\\\/en\\\/#\\\/schema\\\/logo\\\/image\\\/\"},\"sameAs\":[\"https:\\\/\\\/www.facebook.com\\\/VelarOgVerkfaeri\"]}]}<\/script>\n<!-- \/ Yoast SEO plugin. -->","yoast_head_json":{"title":"USAG Skralllykill 15mm - V\u00e9lar &amp; Verkf\u00e6ri","robots":{"index":"index","follow":"follow","max-snippet":"max-snippet:-1","max-image-preview":"max-image-preview:large","max-video-preview":"max-video-preview:-1"},"canonical":"https:\/\/velarogverkfaeri.is\/en\/verkfaeralausnir\/handverkfaeri\/skralllyklar\/product\/usag-skralllykill-15mm\/","og_locale":"en_US","og_type":"article","og_title":"USAG Skralllykill 15mm - V\u00e9lar &amp; Verkf\u00e6ri","og_description":"Tegund:&nbsp;U02856015","og_url":"https:\/\/velarogverkfaeri.is\/en\/verkfaeralausnir\/handverkfaeri\/skralllyklar\/product\/usag-skralllykill-15mm\/","og_site_name":"V\u00e9lar &amp; Verkf\u00e6ri","article_publisher":"https:\/\/www.facebook.com\/VelarOgVerkfaeri","article_modified_time":"2026-04-08T16:15:58+00:00","og_image":[{"width":861,"height":863,"url":"https:\/\/velarogverkfaeri.is\/wp-content\/uploads\/2024\/09\/e4fca0dc-c744-4738-be05-2790673c6c27.png","type":"image\/png"}],"twitter_card":"summary_large_image","schema":{"@context":"https:\/\/schema.org","@graph":[{"@type":"WebPage","@id":"https:\/\/velarogverkfaeri.is\/verkfaeralausnir\/handverkfaeri\/skralllyklar\/product\/usag-skralllykill-15mm\/","url":"https:\/\/velarogverkfaeri.is\/verkfaeralausnir\/handverkfaeri\/skralllyklar\/product\/usag-skralllykill-15mm\/","name":"USAG Skralllykill 15mm - V\u00e9lar &amp; Verkf\u00e6ri","isPartOf":{"@id":"https:\/\/velarogverkfaeri.is\/en\/#website"},"primaryImageOfPage":{"@id":"https:\/\/velarogverkfaeri.is\/verkfaeralausnir\/handverkfaeri\/skralllyklar\/product\/usag-skralllykill-15mm\/#primaryimage"},"image":{"@id":"https:\/\/velarogverkfaeri.is\/verkfaeralausnir\/handverkfaeri\/skralllyklar\/product\/usag-skralllykill-15mm\/#primaryimage"},"thumbnailUrl":"https:\/\/velarogverkfaeri.is\/wp-content\/uploads\/2024\/09\/e4fca0dc-c744-4738-be05-2790673c6c27.png","datePublished":"2024-04-27T15:42:25+00:00","dateModified":"2026-04-08T16:15:58+00:00","breadcrumb":{"@id":"https:\/\/velarogverkfaeri.is\/verkfaeralausnir\/handverkfaeri\/skralllyklar\/product\/usag-skralllykill-15mm\/#breadcrumb"},"inLanguage":"en-US","potentialAction":[{"@type":"ReadAction","target":["https:\/\/velarogverkfaeri.is\/verkfaeralausnir\/handverkfaeri\/skralllyklar\/product\/usag-skralllykill-15mm\/"]}]},{"@type":"ImageObject","inLanguage":"en-US","@id":"https:\/\/velarogverkfaeri.is\/verkfaeralausnir\/handverkfaeri\/skralllyklar\/product\/usag-skralllykill-15mm\/#primaryimage","url":"https:\/\/velarogverkfaeri.is\/wp-content\/uploads\/2024\/09\/e4fca0dc-c744-4738-be05-2790673c6c27.png","contentUrl":"https:\/\/velarogverkfaeri.is\/wp-content\/uploads\/2024\/09\/e4fca0dc-c744-4738-be05-2790673c6c27.png","width":861,"height":863},{"@type":"BreadcrumbList","@id":"https:\/\/velarogverkfaeri.is\/verkfaeralausnir\/handverkfaeri\/skralllyklar\/product\/usag-skralllykill-15mm\/#breadcrumb","itemListElement":[{"@type":"ListItem","position":1,"name":"Home","item":"https:\/\/velarogverkfaeri.is\/"},{"@type":"ListItem","position":2,"name":"Vefverslun","item":"https:\/\/velarogverkfaeri.is\/vefverslun\/"},{"@type":"ListItem","position":3,"name":"USAG Skralllykill 15mm"}]},{"@type":"WebSite","@id":"https:\/\/velarogverkfaeri.is\/en\/#website","url":"https:\/\/velarogverkfaeri.is\/en\/","name":"V\u00e9lar & Verkf\u00e6ri","description":"Umbo\u00f0s- og heildverslun fr\u00e1 \u00e1rinu 1919","publisher":{"@id":"https:\/\/velarogverkfaeri.is\/en\/#organization"},"potentialAction":[{"@type":"SearchAction","target":{"@type":"EntryPoint","urlTemplate":"https:\/\/velarogverkfaeri.is\/en\/?s={search_term_string}"},"query-input":{"@type":"PropertyValueSpecification","valueRequired":true,"valueName":"search_term_string"}}],"inLanguage":"en-US"},{"@type":"Organization","@id":"https:\/\/velarogverkfaeri.is\/en\/#organization","name":"V\u00e9lar & Verkf\u00e6ri","url":"https:\/\/velarogverkfaeri.is\/en\/","logo":{"@type":"ImageObject","inLanguage":"en-US","@id":"https:\/\/velarogverkfaeri.is\/en\/#\/schema\/logo\/image\/","url":"https:\/\/velarogverkfaeri.is\/wp-content\/uploads\/2021\/10\/vv_logo_350x100.png","contentUrl":"https:\/\/velarogverkfaeri.is\/wp-content\/uploads\/2021\/10\/vv_logo_350x100.png","width":350,"height":100,"caption":"V\u00e9lar & Verkf\u00e6ri"},"image":{"@id":"https:\/\/velarogverkfaeri.is\/en\/#\/schema\/logo\/image\/"},"sameAs":["https:\/\/www.facebook.com\/VelarOgVerkfaeri"]}]}},"_links":{"self":[{"href":"https:\/\/velarogverkfaeri.is\/en\/wp-json\/wp\/v2\/product\/60081","targetHints":{"allow":["GET"]}}],"collection":[{"href":"https:\/\/velarogverkfaeri.is\/en\/wp-json\/wp\/v2\/product"}],"about":[{"href":"https:\/\/velarogverkfaeri.is\/en\/wp-json\/wp\/v2\/types\/product"}],"replies":[{"embeddable":true,"href":"https:\/\/velarogverkfaeri.is\/en\/wp-json\/wp\/v2\/comments?post=60081"}],"wp:featuredmedia":[{"embeddable":true,"href":"https:\/\/velarogverkfaeri.is\/en\/wp-json\/wp\/v2\/media\/65848"}],"wp:attachment":[{"href":"https:\/\/velarogverkfaeri.is\/en\/wp-json\/wp\/v2\/media?parent=60081"}],"wp:term":[{"taxonomy":"product_brand","embeddable":true,"href":"https:\/\/velarogverkfaeri.is\/en\/wp-json\/wp\/v2\/product_brand?post=60081"},{"taxonomy":"product_cat","embeddable":true,"href":"https:\/\/velarogverkfaeri.is\/en\/wp-json\/wp\/v2\/product_cat?post=60081"},{"taxonomy":"product_tag","embeddable":true,"href":"https:\/\/velarogverkfaeri.is\/en\/wp-json\/wp\/v2\/product_tag?post=60081"}],"curies":[{"name":"wp","href":"https:\/\/api.w.org\/{rel}","templated":true}]}}