{"id":60074,"date":"2024-04-27T15:42:25","date_gmt":"2024-04-27T15:42:25","guid":{"rendered":"https:\/\/velarogverkfaeri.is\/?post_type=product&#038;p=60074"},"modified":"2026-04-08T16:15:54","modified_gmt":"2026-04-08T16:15:54","slug":"usag-skralllykill-6mm","status":"publish","type":"product","link":"https:\/\/velarogverkfaeri.is\/en\/verkfaeralausnir\/handverkfaeri\/skralllyklar\/product\/usag-skralllykill-6mm\/","title":{"rendered":"USAG Skralllykill 6mm"},"content":{"rendered":"<p><img decoding=\"async\" src=\"data:image\/png;base64,iVBORw0KGgoAAAANSUhEUgAAAXYAAAB0CAYAAACR4RnaAAAAAXNSR0IArs4c6QAAAARnQU1BAACxjwv8YQUAAAAJcEhZcwAADsMAAA7DAcdvqGQAACSxSURBVHhe7Z3da1zJlcBPJsM8zI5NYwvTHtjQK9qGCRrRHiQ\/xELgXRFrI8GyWCTg6CnWox7nUewGpD8gID\/KsItk4wX5IUMLyUaMJ9p2CFZjNYqzBqujbWaD1XhlpQmDAyE7veecqrq37u371R\/6cPv8dpXp+1V16lTdU6fOvb7nO3\/9tl7\/7ndAEARB6BLe0\/8VBEEQugQx7IIgCF2GGHZBEIQuQwy7IAhCl5HQsJdgaW4O5py\/W7C2pw8h1QdLnu12qD64BXN3S3orntJdkmcJJewcLIOvjdGgfpqQufO0Xz\/rMaCMdvRbuuu9jvV6aw2qertVwmRV6LFqju+twa2m+vLtJfTeOUIdRPbN1lKg\/WiV6HEQT6DdQl0tPWh3hLZHO\/ecIYFhr8LarTzUBqdgZmZG\/Y2loPjIVFuF0k5N\/z5qqANS+P89kFY7OkgK0uf1zzi2nkFF\/zwWDq3+dvRbgme7+udRQjcqiXy28yNCaAeccFdqMHCTbMg0jCa9tw6NYLtV3S7DcVkzRWdsWrxh3ytBuZaCbL9VzaVJmLmR0xtV2D82TaQhd2MaZqZHO2rY09ewzJlJMC2Mo\/rqmIfCodXfhn73qsdzg5zPweT0DExfE8N+ouDx0ISzdOgE263q6+O9lztl0xK8x05L2zxUesctY66hJd7tonUDp3BG1rOx71hmbAYmL+kNU6beSuFqwNyItJxceD0UUtc+DI0B5FfoSlVXbts+n8otQM9YFsorpm5LJoSWOXm\/J5kagClbkbRkfNyj90WX2VCeo6fwNvqPGeicCVjm9oxDXpVrZCOZuN0Ko8\/w+n3HgtrolJeBTG8F5WnsY09\/NPQBkYFx\/yTok9Wck6aydrIwcKYIRSOXb1xFyqzhc1BWR0eIq19aYS7A\/hU93ljmMmQHcZW5GSwzt3HTGanqmB6\/YPebbpfSvaqnaC7zyBrev1yW796wdWD0bbfNqyNf2QHX2vpkWtWB3vIe895PicZRyHjI+dvSoEPvfee1IXHjgPCWH6p\/btMEwH2rP5Gw8205SIbC2XHI7uTVtb7x3NBfGi67v4TlJrRpN4dg\/7Ypx9cHQZBhj2Nvbb4+Ozur\/+brqy\/1AWarvujf93K1Po\/nLj7V255z6PdsfX5tj49g6fXVefdcruvOltqw0WX6j3nPV2XPzq9iqXrPHWv76aLnWMO2wbM\/pkykUeboNtL17jHvttG1qzuCylvE\/9WwLtztIJ1FyhjYP3i+rwwi6Dr3PNWuoOv8MhINbfPJEa9XBZ8XWo5X13EyK5ksOe2+52vtceuOc7ourA\/t34Rn29fmYHnC2qbK8l9rtsP01bYOrD5p1I8tT\/g4Uufa48F\/j6i2uf2vy7Lr9sHn2\/V75PGX7xsXfNxvy1SZtkzBbXSvUzI0lmPwl+fZ1mX79eXtR60H\/\/0eoRfiPZyP0fOgYL3+C3gYoUITMzCFMz7gvFW8PQe3Ih4wcJwKZy53ds3ByCBAeRuvoXgwzswTzqyahtErGag8T\/KoAGeqq\/ZsGEzmiuvl5T7JoMj7HLlqJ2QRVmYgkW2sQvVA7Q0Frx2xPBPS36TlQcH5NGqiBtXQB1AU30ZdXXdlTl8bgszuMzwS3D99vfpnLHYf4LLxAo6JA2yT3hOL3bbzOcji5bVXdHW0zA3Y8p8fhSGUP3wMhcms4qyZMUu3l0ZgAMpQIt1iuRM4bov312DtLj1nmnC8JLonXM8Qt89ij7zmURbZv426V2MD7HaG6gh76obttaYhfcY9Fk3rOpi2V03pHkiZ+6mdcdRwj+DVVwewbF2vxr7vAgkbB23ZGZdIW2boHQrxnqPHgsLul3Ds\/kn3Zxv05Od9bvD0DIzqHVGwgb+G4tLSbKcE1WvBSuc41W4eJ4q83qPppWGEx2oVWJjDZa5NqocHy2FC8k8Byo4TmAKVenMyeuC0AE8goW3Mob6neBk\/t2n24xL0RpwU\/iVdCnr0rwY4nlmDCk7AXgnwGhoMxx5HDCBO5qhlZ8uoOGtlBR2aFb1Lk6HBiHWmr03AwA4u0XczMO7rI2+IAmGjRvdTeP8GxnDJWKIhpYk6yVj0hKuQ1Fn9oyXiddAYusCJCGknHq2cLN8IZoelCPum3jaIvgeT6ZmIsmXxpUSPhZZJoCc07M2TPoez\/Y7eCIC8F4CAWB+BMymksoGxU4JkPTRwgC7vYN0zMV5Am7B+otr4YBnKF6ZwkkwohYmR3kRvjTtSxd1C4Y5P4fnBcbjmfJYjIkbmaJRnlLrQbK+moYeGqonHB0B9VUT\/daC3CHlczeb0mDbx3ZkZta3i2\/wzsn\/53tDnOVT30WjqB4vbalcwKq7PZWvjwDFe\/tUqMTrg+DjAOK7YuaU8Fvf5UDsE2hD9gDXbbDc6uOMg7h5MSqQtS0DT93oSEugp\/q0Y6ljPu8c4uB5XUHm5UIXxUmG34H1HFIXhMi71QaZWhPUt3qvBYxHLio5By1q8TcljD3snvyPEtJH0A5s4i9tyRL3fTTc+DtKcMXi0zNQ\/g6Elcc16JVVRxT4gOJRk9w\/erAXLAzweomVuwA7\/bK1D0f\/mViJUSKLy2Kt7p05yBDZTMI7GYfTGOGTQc1viPlUGJPOJudm9r85F9a+6N0w5hLqfoLfPWWqHQ9613c5OvFIarQP2fC3ZODShf7c1jvQ9smyFdEuPcFVgj\/MkhI2DDtmZSFuWgKbv9RDscFsSPcV67CXog\/Ezec+SxvvkmW7IPOT1Elo9MR6F6Zs0s2Mj1El4UQoyFyZg8hrFiwE9TjzmLP3QVxscgmk0vIdJ6a56W2LG8kzY80JjMtrijExw59\/WyzVaaqEhCG8j7qcn4cYDYlSYZX1rFEb0Hg8U83y84PZBL3qQKa8h8ddPsVjAttlLyBQeG6JjlyZh6hV6mCbsgfvHB1OQ93uS7cCx4QXIow7y2HZ+2q8PhREps942pM7swzKWbbRA4655Tx911xCeozozkO0DKBbUGzCqbhy3Y8+wP+dgCXCMX8nwb9W\/2L5BNHKsP+zLiP5V9waoe8OMjV7\/mxRhUHy34PYbZLBeetrSHqE6uD4Jo\/ScA2U3fZIaHMBatcfe1jgydsAXpsC+bmZ6Dh8HcXYmyG7hXpys8itaJu6XKFsWJ2nMWGimoTvLKJNuZQI9vUOf7XWXse6kpPY5r8YdBU5YxQo56OXtkP2AVHg7kf4VDB0ZC2oiAD3xJOUd+x67UpIdxjAz9ZES+l6v0BVI\/wqGtseCGHZBEAQBSfgRMEEQBOFtQQy7IAhClyGGXRAEocsQwy4IgtBliGEXBEHoMsSwC4IgdBli2AVBELoMMeyCIAhdhhh2QRCELkMMuyAIQpchhl0QBKHLaMqw0ydu2\/2u8EmEkiS02xalmyVwvia+twZLnvSB9DGfOes73IdH6a4lB8Lta+m78\/T1S0tm+jIdtiEqLeLRgLoMSOF4LNBHnvh+CNJvo5w8TtqW\/ejGkvB2ksyw6xtaZYyZcf6mLpT5G84ywMjQUcaWHucbyXZCgqMlLPmCztDTAVLnmvmQ9CEQm2jkqEADu1KDgZt0PwRkfjoxcgrvGgkMO3pt94uc0NWfDIA\/0D+YgsqK10N890hD7sY0zFgfv28nH2Rb7HFWWQ+cq7YTn42lxMY4oR\/5Z459tJOUvKOwrsMnzBMjp\/DOEf\/Z3qCPxXugZaH7vWDOwXh2CoZeLzgJd70Zl9T5xpOxj6lrxyG7k4eivie811qwXG6CXfe76lR+AXrGslBeMcdVBh\/vx+7dYxnKbH7gy4\/I31GmXI\/GIKqkHMUz1gRn6Sa3TTkvKTdiWp1n3dOqDVWlp8EBqG2GyOWg6zJlWBlTVG7NIVw75d2ExmbSDfv2M+1\/3BOZdYV07yZINt+M9ici0brVMsf3tSGoPWlYR33UfOdz+ygvLcpaDZCJMiy5+xDL4fC0IVJnVNYIVC2ZQr\/L7xtnsbrWW159Ivo63k85VA+KIWM8\/P5w0fdc1FgKvD90P2D97ljQ9Wn5WFdOgm5vmQ1tIhw9e+X2ZPlhWfZhaAwg7+jMqy+hw5Bhj+TpYn12drG+pTcb2auvzs\/W59f2eGvrziyeP1tffMqb9frL1fr87Hx99SVtbNUX8Zg511xrzlXXmnMRrtvaNnCZVh1crreO2flVLF3B5TrbwTLY5yu8spk6bV3src3XZ++oLfs3QXW6dRBxcrlQWfa1dllcj912vy5429dfpMeAehwa+nirvsXl+XTAbXD7Q\/WXv+7G\/mKZ7fpfYvl0TkC9TvmhMjXqmvDr0j7Hr7MGHTbUpWkYZ3qsmLqDdG0RKqetI67bO3bD7g+XmLHUILfdb6pMU4c9tvg6u59INrNt\/yY82365g+VxdeHTo9Bx3lPelH4YSn+deCiFs7\/j\/XDuyxqUt6sq5ogz+YTjgaRh9EoGKs+tOnuHXK+DEtKiz7Hve1bH8Wu7Dpz3RwZB1aHJXHG9U066W9vHliIBMlAy30bSkD6DnryWjeqEwXHONaoS4qoExm5C42SEymVBoRPbS6NM6bXX1lko\/4hHv95kt9GQZ+X2t\/sg1LSLyEEuyHsNIqyv\/djtxPM4ES\/lck1V4Jl+RlN9UMC+sZP0JpWJniugd3nd1W2acnXuPsMjGktnnMEeR1afKS\/dg76pXZeicZyp8Qp2ua0QNsaT3B8WYWMp+v7AMq8PAGwuw9qDJcgfWPVRqM3x5BHSiykzKqzUIDfWeHUAry1DydEp9s9Vc6\/oe85ORC10FDTs2NHT7gNRs6x1CBn0LpQ5Hbst9IGaMpBkmHhw1Ir8wNWZSGhp1mQHc\/x6lxLsuuXQ8tFj\/EJoJu6psrDTTUxGHCDbj8blgr5B9kpQrlnGocOoN1nctnUOSvLr9jdPIJcmYeZmFsqUsJfqbHlyd\/vahmP8tAzX7XEnEztDvp4ojbFqRiaOddegaM7lPwoLRI3beAKfk8TeD61zZPcHGvAJNPTFzYpncmAobGKus0I5\/DxNvyyh5Ko5E2ngPXU+zXryO2XC0RD\/8FR7YcVHwTcWe1m299MADsoDNPxn8aYnTwln9inLsPCf7SUkgDxYjln6y\/FPSu2ivanqFhpxUJ5kuj8LsFOCEntFfWgmOw\/FMjler9tFD6gPHf1gdGZmCgYO8i2+0uj2dQNkqLn8cUhtLjhvUrFnjcZs\/e46x36dlQiRVCY2IhQPVvpy\/4KeXySHx5mf6j6OiM69YWRzZPcHGu\/lTYCBQVwN2C8+0HMDnVWfz7+JXrc+xNfQsw+nPFe3agXkQz9Y7mlGcKFjJHgrhjz6cVzWogfg85rMg5bMmO8hiO1hbOENW0uht4s9TIaSbmLP65F4bpPeDxnX1G7B+94wDqQkpoiv9chQgvVQjzgHfb04qa0UAS7k1M1FEx2a+UILYZhkKOPolq082UMFVx\/uklmR+JXGsL62wYnRO3LsG57CBOi17\/q8x6Zk0v3kcz6qOCbaQY2zvPU6bxXWHqMHfUgT+tHcH9iG+0VIjaFhvjYJ470VyOv7mj1vq22eV3Z53PtWE+bdfS33sjXxlh6ht+8JqwlHyfv6vzHQ8l090aclrgN7F0HeRBmWsePVoLCfrFM5oGK8K3wQQV9rcAimceAkhjy5m\/SkHcvRuyCVgsyFCZi8prfDoGvH9rF+I0MGxsfQc3nMRxugcEx+t2YZKwof0DI2A0MRYRi+bmUB5tAzUm9EqP3xqLiqKx\/qDz0reM0H4+EV1gKHPfJG9\/pQGNXqMyis5PF8DcmbOMQU1tcupVcFKOC4MeXTmx6T1jlsiDb3Pau+KJn4\/NsUasCjNAbRo83dwIHlG58pPDbUpLfrgccZqHFmxiv3ZbKxGiRnNId9f3wKsPmf6g0YrcvcjXF4hvLN3QVsF66e6LfWYWpwAO+Off5duqvejrLHBb8lg5PpKOpDya3HO6Hb27LuhbaIf92xSdTrXMkHv\/D20qm+pnLotcnG1\/qEk4F6TbJ8we4jtc99FVY4SSQIxQjC4UHhvPwurn7EqJ9gVDiWno24YRgx6ieZjnvsgiAIwvEiHrsgCEKXIYZdEAShyxDDLgiC0GWIYRcEQegyxLALgiB0GWLYBUEQugwx7IIgCF2GGHZBEIQuQwy7IAhClyGGXRAEocsQwy4IgtBlJDLsnM3nFmW5SU7prvUB\/2Og3frD2qwyG+nvUJ8QDk0mSrzQZL8LgnD8HJLHTjko9c9j4bDrP5wMOu1xEmUSBOE4OBzDzmmxjpFDrJ\/zd874MkYdMydRJkEQjo9En+2lpf4C5TvUGVFUYoRxyO7koagtKGXF4Y\/w0\/KdEvA6ZGBcGx1OzGA8aV+GFc8xA51zHWCZ8jBSMmQu12TpoWz7lLBYYzLbRNTP7XDS4Ln7GUri6yTvTUGmF6By4LbZgcp\/3KP3kwwF6BnLQnnFvZblq5IcNV9GIW\/CgnB5GsvNjM3AZNqWEWuyde7IpPDq085sFCGz3+NvKNerc1O\/akfKq099LpDcl3zyWH3P174egnHIq+OSeUcQ2ocMexx7a\/P12fnV+p7e3rozW5+dna+vvtQ7ni56t1+u1udnF+tbepPga6wyuMw7+gy63jrm2eay8FpzrobKW3yqN\/DM1XlrO6B+rs\/e56lzq76IdcyvOdJxeR6ZDAHX2ee57VRluGUi1rVJ5LHLNTLZ5e093VLHPdfaMmjouNM\/UTL7CJDJryOlc3XM7Q\/dPt1nUX2v9OC9VhCE9nhPeZEmKwr++RJWh9I75Hp4Opv\/fuhTNop5o1d43fXEODv97jM8ghJQEt1I8Nqrri9IUI5LN3tLGtJnAGqvwgRQCaE9SbcvjcAAlFXC5K1nUEFPccLJ4kN5TQMyr4dgJ2GmXKdQ28caVe7S2uY6t5EoPa9AipNix8ij8SR31tReu21MX9IJtj006prLTtWgvO1eGyxzBAE6ovZVnlPrdELqx+ZBq24fJ+SO7nsGyx2RTDyC0DHQsFPaqxmYmdF\/h5GrlGPeNShScl0ntRYt6WucgZ1ixFMXym4GdAph2IYpBFrem\/IawjgeqrCPc0eFEkSbOuYWoFhTk1H8xNIiPOFV4Bllnd9bgwIaOJUUO1qeYFQ\/UchCnR\/yFkzg8wU98VmTQrOwjmq+LPUU8jpQ2e85cXPNTJTr2JaMSk4d0\/eCIHSeQ3orxsf5NPrcFMe1JhD+03FdNHrLFMP37w9FrTIoAbIpa7xXHwokDT3ogFOc2q1b\/R1uzkbtyaJXW90uQ81Z5bQuD61U+NyxFBrLgFc6Wdd+0PgeoGN8Nm6qDCd9Dkul+LdP3hkTDz8\/CkO9alXAK5PBEbUaiet7QRA6ztEYdrzF+\/CmLz7ymqEqenPM+RxkwecNRr6XTR6v8X6JuNcbVWjFDRUoTP3K2yzCOnnWTAnWnYea7cFl7xZw4jKhCd4bKU8YpS2fGU\/1KKPqQev6vlU2e9C2vlqAVh8eHRE4YVh9RCGd2s6ytTLhvdF9LwhCx\/nuv\/zrz3\/+XsxbMd\/8\/gk8PTgDn13Owke4Xf3tBryAizD8qbl5q7C98QLg4jD0kxd26iM42P4Svnq4ARsb2\/DmwmUY+sEwnP7tAiz8kvapv93\/fg8+wDKrd38Blc9mYPonwzA8rP5O\/+EhfFU5DcN\/9w082TqAM59dhuwpVRsZxnN\/fgL5\/ENd1l8gOwhwAN+Hy1mUMKD+XO4yXPzjGizcM9dQ\/Qdw8Lf9kD2fhcunvoYvVr5wyhtCj\/jF\/3zotNmhug0bzn5fu83xHdrVr4zuqSx8gG3Z\/vMATPyTW9ZH2Qh5TgWUi5NN6X4B7j3U52MdAz+9ATnSiUcm1M6nqL\/yPbhndE3nOm+9JJDZ4Ck3Df3Dp2H79gJ8oeXd2NiF3fc\/QJ3rq86fgzdPfg27H4\/Az37glsTyhPT9R76xJQhC+yR63fFw8b4CaO\/bv3LYoRJBEITu4wQYdsL7fjTB722LURcEQWiaE2LYBUEQhE5xRA9PBUEQhKNCDLsgCEKXIYZdEAShyxDDLgiC0GWIYRcEQegyxLALgiB0GWLYBUEQugwx7IIgCF2GGHZBEIQuQwy7IAhClyGGXRAEoctI8K0Y9aVFk7TawSSPZvRHvMw+TgxdhmxQguRuIyCRNHOEOvAnGz8U3qU+DWvrYesAy1\/azsGk85XTJkh6LSd79ydZR7htbqJ0xrrH3WTklDTlHRgDbzmJPXbKSO9mv5mCgYO8mx+Vki1Qgp02MvQIwrsOZ9nSv5slybXkAHA6wyCq+1AjQ25nuTKOG04GedDHbmahbCdxEU4kLYZidLJnk5D4PHoK0zPW99QFQWiW6uvWs3bFXUse98JmCsZnxiGj99lQTtswx4yOOdm\/ONtZTOJz4dhJHIrxJsLAvZ7lvy8xhlmyDqaguGk8hAwOKjcrP1\/vpJ\/Tx\/RyEHB14NTFS8eK\/j67LyxEOTid8EPjN90JWmlwWf6lprXMZFleD3GiaCcpdlCoSW95jsWFYprVgd7yHvMtfz1tSUGmF6ByEBSKCddXfJu916Z60Rzs1oLDEAl0O3W24LbHU4+9zEfsPuVy92FoDCDveJpePdmEldOxtpo+HUOvdcW01yePTxduXgEaQwXo8Vxr+tXXT4gzbi2Cx0SSaymFYRrS3BYth69tpDvKIeyvk6Ex\/rxP6Yvadx9gomGsCSeKeix79dX52fr82p7eJrbqi7Oz9cWnelOf42y\/XK3P4\/HZO1t6hzputvfW5uuzs4tYiubpYn12fhXPQvja+frqS9qgesxvdZ0tx9YdVy77N+HZ1vL45fXK0yi\/2aayQttqy27Trg7sMj11KN27bdXlBsgQpa8kbbbLVOe7feGQULeuHN6xE1iP0VmMDm2iyul0W+1zPdc26MIev6rdodfqbbu\/PFDZ1rn+cRd5rQfvPaXQeiX5zJ9Px0aHgXoRThzvKW\/FSiJt4uY+apsLVqLpPNTQK4jOcIQexVXjx+jQzQF6Dvh\/JUrsPGZ5OZdGYADKUKJY\/flRmBgETsa8dpfqmXA8i\/S1aY9HkT6bgtprWhSqLPxhcPwRPTRX3jSMXiGvTIeSCPTwRsxxWm6iuLVXasGZu2Fnc0LP54x7LJrWdTBte0TpHkjV9PJ36xlUUNYJRw+63ADC9aUJbTMlB0fZr7sycFJu\/dsmqW5deSm5Na4wntPRgHquDUHGvjZUhzYJyulAWxXec3NXB7BvVL816iIHIziWy9uutJkr1rWfoJ5Mv8YRNSbaBvts2oqt+5+hITSW1LGAFZtw4kDD7utUa4ls4314OgMTsIwGfsm6AZNShX1cNlZWrMlkjpaSNdjXozR9bQKNXBGKuxkY8i0NaTlqrnOXpdSGKcjuuJNP\/sA1JoHxR7oxcEFsZ9mPgpaqTtlmOd8y8TrgJa85Zi3tKd7ZDMH6imGv6tQXRyu6pQmGjTPXU4PibaMD+qOQV\/J+Ydopp4m2xsG62EWD6MigdO6ZTNshZEx0noDJWXiraPk9dvaI8NZ5tqV3JCYNPXhfU+zRnijoz3g61QfLaNYHYKC3AnnLa+AHQK+HnPOnBl2\/iq6h5wBOeZZ3w4bED70FgOZHxR2jUCsaij+assfR42yPGB1QTJNiy2b\/TfQK1YVNEaWvTtGKbtkAnqGYbxrPQg\/4ptt+9dekV9ipclrBaivrgmL3HhnwL8RZaooOjQnh3aBlw159UECznoE+Z9mZFLWcrjz2vjJF3huDXskyPb1Hwzx6YxyX03lY4slDhVucp\/O4TeEMAy2fwRMuwr9bqg5eWjvlEGisH1fwJuxzQyGhkHedgmy\/mSZo6a5\/tky0Dtgrt2SzX2XjttSKsO60pQTrgZ54tL4i4VAFesCPrEn1UbCHmEi3dsgA+7eA+lNyUVjGWw\/hjIXEtFFOE21VWKsqX1uVLgqwZq8SUIZmWxNE1JhonxIseUKwuL1SwVX6iNuHwlvF+\/q\/sXCMfVNvMOFvJ8RB8bopuAULaHwNqVQGsn0AxYJ6A0aVm4PJsWcwtzIHS4DeLC4P6ffcCl8BA4O4XHxNv3Egam\/GlYee\/ufRAI6iFzwK0zcBbtFSna9FPG9FREFx0gIs4LVF3s5gvRRoaI9QHVyfhFFaDaHsFE7g\/YMDWOs+\/+ZY69i+pQfshzFcOz3moxZqOR2srzgotDUO+5YMmTGaZAv82wPJE6dbNJwFbKcqicpyV2f0\/AI4zGWOkh4GYAgn9mbGVlQ53mCenybayqAOn1ttxTqmTFtZF\/RWDB5Xe0gIyFyYgMlrejsCirnnV\/R95tMhr5AtGT1jAom6lqEwjhW+qfB4plXONOT4GUDRozvqo+mmnTbhpPAdeoKqf7+98KD1\/YtA3kfGvrXJR+gM\/IreYf+rWEEQPHSHYSf0++4ura8ohM4hhl0Qjp7uMeyCIAgC0\/LDU0EQBOFkIoZdEAShyxDDLgiC0GWIYRcEQegyxLALgiB0GWLYBUEQugwx7IIgCF2GGHZBEIQuQwy7IAhClyGGXRAEocsQwy4IgtBlxHwrhpJMLEDxTONnQEM\/7sQf46rpRLt6XxNEfjRKf3rUk+z6xKJ05yT47iTOB8\/UZ1e9elafK7Y\/h8afltX6dBM+B10rCEI3EOOx6xyTDSmydNIGnevRpvScEg8MHarBSJ17l78TSEkQaOKkTDoBhnmvCjUy5CbTDv2ZSRInhDzgJM0ZeLJQvu9N9CEIQncQG4rhrDD+FHh7JSjXMpDprXkS9ZLRoexCbtaeDkOJDNAoddwDfpsgw409EprSj1K1Udo5vWlDWXicvqHMQWBlNhIEoWtI8NnexnAMh0sol+Ynz2DucY8bNuEQAVjfQfeFBayQgDpWgJ4x9BxXVGYXytoy8soXitFhB0qmPX2tqq7RIQQjxzj6oU6CaTt7jC9rjMHO4MM4oQ2FfZxCF4Wz45DdyUNRF6RkUa1gGRpS09G34Eeg6g\/F+ORpkMPgl9u0ySenqsf7zXmnb\/wZdAi6\/nmfOkZ13AeYcPpDEIRu4bs\/R\/TvED6Cj\/64DU9\/9yc4PdyPRqAKhbVfwwef\/Rj6L30LXz8swZ8uXIbsKTSCj76AF\/UsDF\/O4lXKqNfQCH7+sx\/B8PAwnC7fg3u\/egMX+XgVtje24b\/+92OY\/Pxn8CM83o\/G+pvfP4GnB2fgMzqHDRmFHT6HG7mPUBa65mv48DNVH5\/7u234yw9mYPonwzB84Q1sf\/kVvDhFZeGE9O95+PYf9LHhi\/Bm+yl8gNteY4py3n4FQzPT8GOUgcrY+I\/fwAfcVqzxtxuw\/btX8PFPP4efjeHxU1\/Dw6+ewhtq8zdr8G\/5b2HEunZ76wPcJmP7DZSf4HnfU+0yxjpFKcdYntOwfXsZXmrdOTSch3L\/CvVWPg3DP\/yhVQfVqWS0KT95CC92X8DGxob62zb6Rs73w8WXy\/CLew9hY+sN9P30BuTsugVB6AreI2NJWfidBNCepLYKFY6pQZXi6ToMo5JYqyTCKhyjkienLuS0p\/0MKuihT1gPOXNXByDli8tnroR4jGTgkjyExTpGjKHmxMQAtVdKnn2\/Ix1IDiZtr5cz3uu2GuxnBpf60E\/WCY05Q30yOPkwet7upEK5VNEQe0JZQeep3KWNzzmCodyfTmwd\/8bPFGFBJ\/UmKNeqOiYPTgWhW0HDTsl8LWMQtITXmdzJCCnD42ZLpyS6tZ0SGkIy+G42f86q7kcbTTfLewg1NEYUimjrISwZ7HEASubMk5YKJwWGPnh1Yc7zvVESxaVJmBkDyJtr2dMOTsdXfY362KVkxKaeOQ7h1F77DDud5yfd0zjZJCRoMhUEobtJ+B67ejumtrMO6zvWAziCPFg0HOuP0OCnspDThjh9Dl1nP\/rBX0+gi27Bb3VQpvg83HoQNwuEU7qbBxiLmbRoZcBxe3Me1qsPxYMTAj9TcOsInjhQH2dRHxQrt87lP59MfJ4fXhlEPDAVBEGwSGjY0eBQOKZWgYoThjGocExlF02PCcMQbPCLsGwZ5tIj9MIt4x8Netw3BwA2F2DJfiOnCWg1UXE8dv3nDzWR0bRlohCS\/hkPtb3ieuz6L0he1t9uAdZszxknOv+0pc7LW2VUYe0xSmStksLBc+\/arzDi9v12Vz6CILxtJHh4qjn1DbzYeMFG4sefel3u9F+\/ho0dgL5\/\/HvrQWAa+odPw4t79+AL\/SDvRd1+K4YehL4AuKgfLmo8D09PZeEyP8y8Bw\/\/cBqGP4XGh6fmXHU1P7A8OPsZXP6bAnr7HzoPZunhrXq4WoID+4Hl+XPw5kke8g\/1w8b\/y8JA\/QDg++ocenj6Ai5i3abNrtzntm\/B2oeTzsNh+rv45234snQAFy+noWo\/POW2HMDabWyLebD537tw8MfvQX9WSc\/YbebznsLLj603fb4pw5OtN\/C9gAensFWA3+yX4ctfPlTl47VvPp2Cz\/85q08QBOFdIMHrjm8p\/EaN\/eolQvvs1zPbhP8VJ\/2DHyucol6PfBv+ZawgCN1K9xp2pOEdc8979J2A3ihacN5vJ+x33AVBEI6DrjbsgiAI7yKJH54KgiAIbwdi2AVBELoKgP8HJ620iE3bOtkAAAAASUVORK5CYII=\" alt=\"\"><\/p>","protected":false},"excerpt":{"rendered":"<p>Tegund:&nbsp;U02856006&nbsp;<\/p>","protected":false},"featured_media":65845,"comment_status":"closed","ping_status":"closed","template":"","meta":[],"product_brand":[],"product_cat":[588,780,515],"product_tag":[],"class_list":{"0":"post-60074","1":"product","2":"type-product","3":"status-publish","4":"has-post-thumbnail","6":"product_cat-handverkfaeri","7":"product_cat-skralllyklar","8":"product_cat-verkfaeralausnir","10":"first","11":"instock","12":"taxable","13":"shipping-taxable","14":"purchasable","15":"product-type-simple"},"yoast_head":"<!-- This site is optimized with the Yoast SEO plugin v27.3 - https:\/\/yoast.com\/product\/yoast-seo-wordpress\/ -->\n<title>USAG Skralllykill 6mm - V\u00e9lar &amp; Verkf\u00e6ri<\/title>\n<meta name=\"robots\" content=\"index, follow, max-snippet:-1, max-image-preview:large, max-video-preview:-1\" \/>\n<link rel=\"canonical\" href=\"https:\/\/velarogverkfaeri.is\/en\/verkfaeralausnir\/handverkfaeri\/skralllyklar\/product\/usag-skralllykill-6mm\/\" \/>\n<meta property=\"og:locale\" content=\"en_US\" \/>\n<meta property=\"og:type\" content=\"article\" \/>\n<meta property=\"og:title\" content=\"USAG Skralllykill 6mm - V\u00e9lar &amp; Verkf\u00e6ri\" \/>\n<meta property=\"og:description\" content=\"Tegund:&nbsp;U02856006&nbsp;\" \/>\n<meta property=\"og:url\" content=\"https:\/\/velarogverkfaeri.is\/en\/verkfaeralausnir\/handverkfaeri\/skralllyklar\/product\/usag-skralllykill-6mm\/\" \/>\n<meta property=\"og:site_name\" content=\"V\u00e9lar &amp; Verkf\u00e6ri\" \/>\n<meta property=\"article:publisher\" content=\"https:\/\/www.facebook.com\/VelarOgVerkfaeri\" \/>\n<meta property=\"article:modified_time\" content=\"2026-04-08T16:15:54+00:00\" \/>\n<meta property=\"og:image\" content=\"https:\/\/velarogverkfaeri.is\/wp-content\/uploads\/2024\/09\/27de148b-bc24-46f1-b7d3-7b85cd715cfb.png\" \/>\n\t<meta property=\"og:image:width\" content=\"861\" \/>\n\t<meta property=\"og:image:height\" content=\"863\" \/>\n\t<meta property=\"og:image:type\" content=\"image\/png\" \/>\n<meta name=\"twitter:card\" content=\"summary_large_image\" \/>\n<script type=\"application\/ld+json\" class=\"yoast-schema-graph\">{\"@context\":\"https:\\\/\\\/schema.org\",\"@graph\":[{\"@type\":\"WebPage\",\"@id\":\"https:\\\/\\\/velarogverkfaeri.is\\\/verkfaeralausnir\\\/handverkfaeri\\\/skralllyklar\\\/product\\\/usag-skralllykill-6mm\\\/\",\"url\":\"https:\\\/\\\/velarogverkfaeri.is\\\/verkfaeralausnir\\\/handverkfaeri\\\/skralllyklar\\\/product\\\/usag-skralllykill-6mm\\\/\",\"name\":\"USAG Skralllykill 6mm - V\u00e9lar &amp; Verkf\u00e6ri\",\"isPartOf\":{\"@id\":\"https:\\\/\\\/velarogverkfaeri.is\\\/en\\\/#website\"},\"primaryImageOfPage\":{\"@id\":\"https:\\\/\\\/velarogverkfaeri.is\\\/verkfaeralausnir\\\/handverkfaeri\\\/skralllyklar\\\/product\\\/usag-skralllykill-6mm\\\/#primaryimage\"},\"image\":{\"@id\":\"https:\\\/\\\/velarogverkfaeri.is\\\/verkfaeralausnir\\\/handverkfaeri\\\/skralllyklar\\\/product\\\/usag-skralllykill-6mm\\\/#primaryimage\"},\"thumbnailUrl\":\"https:\\\/\\\/velarogverkfaeri.is\\\/wp-content\\\/uploads\\\/2024\\\/09\\\/27de148b-bc24-46f1-b7d3-7b85cd715cfb.png\",\"datePublished\":\"2024-04-27T15:42:25+00:00\",\"dateModified\":\"2026-04-08T16:15:54+00:00\",\"breadcrumb\":{\"@id\":\"https:\\\/\\\/velarogverkfaeri.is\\\/verkfaeralausnir\\\/handverkfaeri\\\/skralllyklar\\\/product\\\/usag-skralllykill-6mm\\\/#breadcrumb\"},\"inLanguage\":\"en-US\",\"potentialAction\":[{\"@type\":\"ReadAction\",\"target\":[\"https:\\\/\\\/velarogverkfaeri.is\\\/verkfaeralausnir\\\/handverkfaeri\\\/skralllyklar\\\/product\\\/usag-skralllykill-6mm\\\/\"]}]},{\"@type\":\"ImageObject\",\"inLanguage\":\"en-US\",\"@id\":\"https:\\\/\\\/velarogverkfaeri.is\\\/verkfaeralausnir\\\/handverkfaeri\\\/skralllyklar\\\/product\\\/usag-skralllykill-6mm\\\/#primaryimage\",\"url\":\"https:\\\/\\\/velarogverkfaeri.is\\\/wp-content\\\/uploads\\\/2024\\\/09\\\/27de148b-bc24-46f1-b7d3-7b85cd715cfb.png\",\"contentUrl\":\"https:\\\/\\\/velarogverkfaeri.is\\\/wp-content\\\/uploads\\\/2024\\\/09\\\/27de148b-bc24-46f1-b7d3-7b85cd715cfb.png\",\"width\":861,\"height\":863},{\"@type\":\"BreadcrumbList\",\"@id\":\"https:\\\/\\\/velarogverkfaeri.is\\\/verkfaeralausnir\\\/handverkfaeri\\\/skralllyklar\\\/product\\\/usag-skralllykill-6mm\\\/#breadcrumb\",\"itemListElement\":[{\"@type\":\"ListItem\",\"position\":1,\"name\":\"Home\",\"item\":\"https:\\\/\\\/velarogverkfaeri.is\\\/\"},{\"@type\":\"ListItem\",\"position\":2,\"name\":\"Vefverslun\",\"item\":\"https:\\\/\\\/velarogverkfaeri.is\\\/vefverslun\\\/\"},{\"@type\":\"ListItem\",\"position\":3,\"name\":\"USAG Skralllykill 6mm\"}]},{\"@type\":\"WebSite\",\"@id\":\"https:\\\/\\\/velarogverkfaeri.is\\\/en\\\/#website\",\"url\":\"https:\\\/\\\/velarogverkfaeri.is\\\/en\\\/\",\"name\":\"V\u00e9lar & Verkf\u00e6ri\",\"description\":\"Umbo\u00f0s- og heildverslun fr\u00e1 \u00e1rinu 1919\",\"publisher\":{\"@id\":\"https:\\\/\\\/velarogverkfaeri.is\\\/en\\\/#organization\"},\"potentialAction\":[{\"@type\":\"SearchAction\",\"target\":{\"@type\":\"EntryPoint\",\"urlTemplate\":\"https:\\\/\\\/velarogverkfaeri.is\\\/en\\\/?s={search_term_string}\"},\"query-input\":{\"@type\":\"PropertyValueSpecification\",\"valueRequired\":true,\"valueName\":\"search_term_string\"}}],\"inLanguage\":\"en-US\"},{\"@type\":\"Organization\",\"@id\":\"https:\\\/\\\/velarogverkfaeri.is\\\/en\\\/#organization\",\"name\":\"V\u00e9lar & Verkf\u00e6ri\",\"url\":\"https:\\\/\\\/velarogverkfaeri.is\\\/en\\\/\",\"logo\":{\"@type\":\"ImageObject\",\"inLanguage\":\"en-US\",\"@id\":\"https:\\\/\\\/velarogverkfaeri.is\\\/en\\\/#\\\/schema\\\/logo\\\/image\\\/\",\"url\":\"https:\\\/\\\/velarogverkfaeri.is\\\/wp-content\\\/uploads\\\/2021\\\/10\\\/vv_logo_350x100.png\",\"contentUrl\":\"https:\\\/\\\/velarogverkfaeri.is\\\/wp-content\\\/uploads\\\/2021\\\/10\\\/vv_logo_350x100.png\",\"width\":350,\"height\":100,\"caption\":\"V\u00e9lar & Verkf\u00e6ri\"},\"image\":{\"@id\":\"https:\\\/\\\/velarogverkfaeri.is\\\/en\\\/#\\\/schema\\\/logo\\\/image\\\/\"},\"sameAs\":[\"https:\\\/\\\/www.facebook.com\\\/VelarOgVerkfaeri\"]}]}<\/script>\n<!-- \/ Yoast SEO plugin. -->","yoast_head_json":{"title":"USAG Skralllykill 6mm - V\u00e9lar &amp; Verkf\u00e6ri","robots":{"index":"index","follow":"follow","max-snippet":"max-snippet:-1","max-image-preview":"max-image-preview:large","max-video-preview":"max-video-preview:-1"},"canonical":"https:\/\/velarogverkfaeri.is\/en\/verkfaeralausnir\/handverkfaeri\/skralllyklar\/product\/usag-skralllykill-6mm\/","og_locale":"en_US","og_type":"article","og_title":"USAG Skralllykill 6mm - V\u00e9lar &amp; Verkf\u00e6ri","og_description":"Tegund:&nbsp;U02856006&nbsp;","og_url":"https:\/\/velarogverkfaeri.is\/en\/verkfaeralausnir\/handverkfaeri\/skralllyklar\/product\/usag-skralllykill-6mm\/","og_site_name":"V\u00e9lar &amp; Verkf\u00e6ri","article_publisher":"https:\/\/www.facebook.com\/VelarOgVerkfaeri","article_modified_time":"2026-04-08T16:15:54+00:00","og_image":[{"width":861,"height":863,"url":"https:\/\/velarogverkfaeri.is\/wp-content\/uploads\/2024\/09\/27de148b-bc24-46f1-b7d3-7b85cd715cfb.png","type":"image\/png"}],"twitter_card":"summary_large_image","schema":{"@context":"https:\/\/schema.org","@graph":[{"@type":"WebPage","@id":"https:\/\/velarogverkfaeri.is\/verkfaeralausnir\/handverkfaeri\/skralllyklar\/product\/usag-skralllykill-6mm\/","url":"https:\/\/velarogverkfaeri.is\/verkfaeralausnir\/handverkfaeri\/skralllyklar\/product\/usag-skralllykill-6mm\/","name":"USAG Skralllykill 6mm - V\u00e9lar &amp; Verkf\u00e6ri","isPartOf":{"@id":"https:\/\/velarogverkfaeri.is\/en\/#website"},"primaryImageOfPage":{"@id":"https:\/\/velarogverkfaeri.is\/verkfaeralausnir\/handverkfaeri\/skralllyklar\/product\/usag-skralllykill-6mm\/#primaryimage"},"image":{"@id":"https:\/\/velarogverkfaeri.is\/verkfaeralausnir\/handverkfaeri\/skralllyklar\/product\/usag-skralllykill-6mm\/#primaryimage"},"thumbnailUrl":"https:\/\/velarogverkfaeri.is\/wp-content\/uploads\/2024\/09\/27de148b-bc24-46f1-b7d3-7b85cd715cfb.png","datePublished":"2024-04-27T15:42:25+00:00","dateModified":"2026-04-08T16:15:54+00:00","breadcrumb":{"@id":"https:\/\/velarogverkfaeri.is\/verkfaeralausnir\/handverkfaeri\/skralllyklar\/product\/usag-skralllykill-6mm\/#breadcrumb"},"inLanguage":"en-US","potentialAction":[{"@type":"ReadAction","target":["https:\/\/velarogverkfaeri.is\/verkfaeralausnir\/handverkfaeri\/skralllyklar\/product\/usag-skralllykill-6mm\/"]}]},{"@type":"ImageObject","inLanguage":"en-US","@id":"https:\/\/velarogverkfaeri.is\/verkfaeralausnir\/handverkfaeri\/skralllyklar\/product\/usag-skralllykill-6mm\/#primaryimage","url":"https:\/\/velarogverkfaeri.is\/wp-content\/uploads\/2024\/09\/27de148b-bc24-46f1-b7d3-7b85cd715cfb.png","contentUrl":"https:\/\/velarogverkfaeri.is\/wp-content\/uploads\/2024\/09\/27de148b-bc24-46f1-b7d3-7b85cd715cfb.png","width":861,"height":863},{"@type":"BreadcrumbList","@id":"https:\/\/velarogverkfaeri.is\/verkfaeralausnir\/handverkfaeri\/skralllyklar\/product\/usag-skralllykill-6mm\/#breadcrumb","itemListElement":[{"@type":"ListItem","position":1,"name":"Home","item":"https:\/\/velarogverkfaeri.is\/"},{"@type":"ListItem","position":2,"name":"Vefverslun","item":"https:\/\/velarogverkfaeri.is\/vefverslun\/"},{"@type":"ListItem","position":3,"name":"USAG Skralllykill 6mm"}]},{"@type":"WebSite","@id":"https:\/\/velarogverkfaeri.is\/en\/#website","url":"https:\/\/velarogverkfaeri.is\/en\/","name":"V\u00e9lar & Verkf\u00e6ri","description":"Umbo\u00f0s- og heildverslun fr\u00e1 \u00e1rinu 1919","publisher":{"@id":"https:\/\/velarogverkfaeri.is\/en\/#organization"},"potentialAction":[{"@type":"SearchAction","target":{"@type":"EntryPoint","urlTemplate":"https:\/\/velarogverkfaeri.is\/en\/?s={search_term_string}"},"query-input":{"@type":"PropertyValueSpecification","valueRequired":true,"valueName":"search_term_string"}}],"inLanguage":"en-US"},{"@type":"Organization","@id":"https:\/\/velarogverkfaeri.is\/en\/#organization","name":"V\u00e9lar & Verkf\u00e6ri","url":"https:\/\/velarogverkfaeri.is\/en\/","logo":{"@type":"ImageObject","inLanguage":"en-US","@id":"https:\/\/velarogverkfaeri.is\/en\/#\/schema\/logo\/image\/","url":"https:\/\/velarogverkfaeri.is\/wp-content\/uploads\/2021\/10\/vv_logo_350x100.png","contentUrl":"https:\/\/velarogverkfaeri.is\/wp-content\/uploads\/2021\/10\/vv_logo_350x100.png","width":350,"height":100,"caption":"V\u00e9lar & Verkf\u00e6ri"},"image":{"@id":"https:\/\/velarogverkfaeri.is\/en\/#\/schema\/logo\/image\/"},"sameAs":["https:\/\/www.facebook.com\/VelarOgVerkfaeri"]}]}},"_links":{"self":[{"href":"https:\/\/velarogverkfaeri.is\/en\/wp-json\/wp\/v2\/product\/60074","targetHints":{"allow":["GET"]}}],"collection":[{"href":"https:\/\/velarogverkfaeri.is\/en\/wp-json\/wp\/v2\/product"}],"about":[{"href":"https:\/\/velarogverkfaeri.is\/en\/wp-json\/wp\/v2\/types\/product"}],"replies":[{"embeddable":true,"href":"https:\/\/velarogverkfaeri.is\/en\/wp-json\/wp\/v2\/comments?post=60074"}],"wp:featuredmedia":[{"embeddable":true,"href":"https:\/\/velarogverkfaeri.is\/en\/wp-json\/wp\/v2\/media\/65845"}],"wp:attachment":[{"href":"https:\/\/velarogverkfaeri.is\/en\/wp-json\/wp\/v2\/media?parent=60074"}],"wp:term":[{"taxonomy":"product_brand","embeddable":true,"href":"https:\/\/velarogverkfaeri.is\/en\/wp-json\/wp\/v2\/product_brand?post=60074"},{"taxonomy":"product_cat","embeddable":true,"href":"https:\/\/velarogverkfaeri.is\/en\/wp-json\/wp\/v2\/product_cat?post=60074"},{"taxonomy":"product_tag","embeddable":true,"href":"https:\/\/velarogverkfaeri.is\/en\/wp-json\/wp\/v2\/product_tag?post=60074"}],"curies":[{"name":"wp","href":"https:\/\/api.w.org\/{rel}","templated":true}]}}