{"id":59955,"date":"2024-04-24T12:28:33","date_gmt":"2024-04-24T12:28:33","guid":{"rendered":"https:\/\/velarogverkfaeri.is\/?post_type=product&#038;p=59955"},"modified":"2025-12-30T11:32:20","modified_gmt":"2025-12-30T11:32:20","slug":"led-lenser-hf6r-work-hofudljos","status":"publish","type":"product","link":"https:\/\/velarogverkfaeri.is\/en\/lykillausnir\/utivistarvorur\/hofudljos\/product\/led-lenser-hf6r-work-hofudljos\/","title":{"rendered":"LED LENSER HF6R Work H\u00f6fu\u00f0lj\u00f3s"},"content":{"rendered":"<p>Ledlenser HF6R Work er grannt h\u00f6fu\u00f0lj\u00f3s fyrir venjulega i\u00f0na\u00f0ar- og verslunarnotkun. <br \/>Hann kemur me\u00f0 h\u00e1g\u00e6\u00f0a \u00e1lh\u00fasi, \u00feremur birtustigum og rau\u00f0u framlj\u00f3si. <br \/>\u00dear fyrir utan er HF6R Work \u00fatb\u00fainn me\u00f0 h\u00e1um litabirg\u00f0av\u00edsit\u00f6lu fyrir vinnu \u00ed n\u00e1v\u00edgi. <br \/>\u00de\u00f6kk s\u00e9 stafr\u00e6nu h\u00e1\u00fer\u00f3a\u00f0a f\u00f3kuskerfinu okkar sem hefur fengi\u00f0 einkaleyfi, gerir HF6R Work n\u00e1nast \u00f3a\u00f0finnanlega f\u00f3kus. H\u00e6gt er a\u00f0 nota stafr\u00e6na AFS inns\u00e6i me\u00f0 f\u00f3kushj\u00f3li. Hl\u00edf\u00f0ar\u00fe\u00e6ttir a\u00f0 framan undirb\u00faa lampann fyrir krefjandi notkun \u2013 \u00fe\u00f6kk s\u00e9 \u00f6flugri rafhl\u00f6\u00f0u er h\u00e6gt a\u00f0 nota HF6R Work \u00ed allt a\u00f0 \u00e1tta klukkustundir \u00e1 me\u00f0alstyrkleika. <br \/>\u00de\u00fa getur au\u00f0veldlega hla\u00f0i\u00f0 innbygg\u00f0u rafhl\u00f6\u00f0una me\u00f0 segulhle\u00f0slukerfi. <br \/>A\u00f0rir snjallir eiginleikar eru me\u00f0al annars vegghaldarinn sem og \u00fdmsar uppsetningarm\u00f6guleikar \u00e1 hj\u00e1lma.<\/p>\n<p>\u00deunnt, endurhla\u00f0anlegt h\u00f6fu\u00f0lj\u00f3s me\u00f0 \u00feremur birtustigum auk rau\u00f0s framlj\u00f3ss<\/p>\n<p>N\u00e1nast \u00f3a\u00f0finnanlegur f\u00f3kus \u00fe\u00f6kk s\u00e9 einkaleyfi Digital Advanced Focus System okkar; F\u00f3kushj\u00f3l sem er lei\u00f0andi \u00ed notkun<\/p>\n<p>Hl\u00edf\u00f0ar\u00fe\u00e6ttir a\u00f0 framan fyrir mikla h\u00f6gg\u00feol; hentugur fyrir st\u00f6\u00f0uga d\u00fdfingu \u00ed vatni (IP68)<\/p>\n<p>\u00d6flug rafhla\u00f0a; Au\u00f0velt a\u00f0 endurhla\u00f0a me\u00f0 segulhle\u00f0slukerfi, me\u00f0 rafhl\u00f6\u00f0ust\u00f6\u00f0uv\u00edsi<\/p>\n<p>Sveigjanlegur \u00fe\u00f6kk s\u00e9 g\u00famm\u00edh\u00fa\u00f0u\u00f0u h\u00f6fu\u00f0bandi og vi\u00f0b\u00f3tar hj\u00e1lmfestingu og veggfestingu<\/p>","protected":false},"excerpt":{"rendered":"<p>Tegund:&nbsp;4058205031875<\/p>","protected":false},"featured_media":61649,"comment_status":"closed","ping_status":"closed","template":"","meta":[],"product_brand":[],"product_cat":[695,517,601],"product_tag":[1095],"class_list":{"0":"post-59955","1":"product","2":"type-product","3":"status-publish","4":"has-post-thumbnail","6":"product_cat-hofudljos","7":"product_cat-lykillausnir","8":"product_cat-utivistarvorur","9":"product_tag-hofudljos","11":"first","12":"instock","13":"taxable","14":"shipping-taxable","15":"purchasable","16":"product-type-simple"},"yoast_head":"<!-- This site is optimized with the Yoast SEO plugin v27.3 - https:\/\/yoast.com\/product\/yoast-seo-wordpress\/ -->\n<title>LED LENSER HF6R Work H\u00f6fu\u00f0lj\u00f3s - V\u00e9lar &amp; Verkf\u00e6ri<\/title>\n<meta name=\"robots\" content=\"index, follow, max-snippet:-1, max-image-preview:large, max-video-preview:-1\" \/>\n<link rel=\"canonical\" href=\"https:\/\/velarogverkfaeri.is\/en\/lykillausnir\/utivistarvorur\/hofudljos\/product\/led-lenser-hf6r-work-hofudljos\/\" \/>\n<meta property=\"og:locale\" content=\"en_US\" \/>\n<meta property=\"og:type\" content=\"article\" \/>\n<meta property=\"og:title\" content=\"LED LENSER HF6R Work H\u00f6fu\u00f0lj\u00f3s - V\u00e9lar &amp; Verkf\u00e6ri\" \/>\n<meta property=\"og:description\" content=\"Tegund:&nbsp;4058205031875\" \/>\n<meta property=\"og:url\" content=\"https:\/\/velarogverkfaeri.is\/en\/lykillausnir\/utivistarvorur\/hofudljos\/product\/led-lenser-hf6r-work-hofudljos\/\" \/>\n<meta property=\"og:site_name\" content=\"V\u00e9lar &amp; Verkf\u00e6ri\" \/>\n<meta property=\"article:publisher\" content=\"https:\/\/www.facebook.com\/VelarOgVerkfaeri\" \/>\n<meta property=\"article:modified_time\" content=\"2025-12-30T11:32:20+00:00\" \/>\n<meta property=\"og:image\" content=\"https:\/\/velarogverkfaeri.is\/wp-content\/uploads\/2024\/06\/fecca32f-adf5-403a-acf2-91af1f6d782b.png\" \/>\n\t<meta property=\"og:image:width\" content=\"800\" \/>\n\t<meta property=\"og:image:height\" content=\"534\" \/>\n\t<meta property=\"og:image:type\" content=\"image\/png\" \/>\n<meta name=\"twitter:card\" content=\"summary_large_image\" \/>\n<meta name=\"twitter:label1\" content=\"Est. reading time\" \/>\n\t<meta name=\"twitter:data1\" content=\"1 minute\" \/>\n<script type=\"application\/ld+json\" class=\"yoast-schema-graph\">{\"@context\":\"https:\\\/\\\/schema.org\",\"@graph\":[{\"@type\":\"WebPage\",\"@id\":\"https:\\\/\\\/velarogverkfaeri.is\\\/lykillausnir\\\/utivistarvorur\\\/hofudljos\\\/product\\\/led-lenser-hf6r-work-hofudljos\\\/\",\"url\":\"https:\\\/\\\/velarogverkfaeri.is\\\/lykillausnir\\\/utivistarvorur\\\/hofudljos\\\/product\\\/led-lenser-hf6r-work-hofudljos\\\/\",\"name\":\"LED LENSER HF6R Work H\u00f6fu\u00f0lj\u00f3s - V\u00e9lar &amp; Verkf\u00e6ri\",\"isPartOf\":{\"@id\":\"https:\\\/\\\/velarogverkfaeri.is\\\/en\\\/#website\"},\"primaryImageOfPage\":{\"@id\":\"https:\\\/\\\/velarogverkfaeri.is\\\/lykillausnir\\\/utivistarvorur\\\/hofudljos\\\/product\\\/led-lenser-hf6r-work-hofudljos\\\/#primaryimage\"},\"image\":{\"@id\":\"https:\\\/\\\/velarogverkfaeri.is\\\/lykillausnir\\\/utivistarvorur\\\/hofudljos\\\/product\\\/led-lenser-hf6r-work-hofudljos\\\/#primaryimage\"},\"thumbnailUrl\":\"https:\\\/\\\/velarogverkfaeri.is\\\/wp-content\\\/uploads\\\/2024\\\/06\\\/fecca32f-adf5-403a-acf2-91af1f6d782b.png\",\"datePublished\":\"2024-04-24T12:28:33+00:00\",\"dateModified\":\"2025-12-30T11:32:20+00:00\",\"breadcrumb\":{\"@id\":\"https:\\\/\\\/velarogverkfaeri.is\\\/lykillausnir\\\/utivistarvorur\\\/hofudljos\\\/product\\\/led-lenser-hf6r-work-hofudljos\\\/#breadcrumb\"},\"inLanguage\":\"en-US\",\"potentialAction\":[{\"@type\":\"ReadAction\",\"target\":[\"https:\\\/\\\/velarogverkfaeri.is\\\/lykillausnir\\\/utivistarvorur\\\/hofudljos\\\/product\\\/led-lenser-hf6r-work-hofudljos\\\/\"]}]},{\"@type\":\"ImageObject\",\"inLanguage\":\"en-US\",\"@id\":\"https:\\\/\\\/velarogverkfaeri.is\\\/lykillausnir\\\/utivistarvorur\\\/hofudljos\\\/product\\\/led-lenser-hf6r-work-hofudljos\\\/#primaryimage\",\"url\":\"https:\\\/\\\/velarogverkfaeri.is\\\/wp-content\\\/uploads\\\/2024\\\/06\\\/fecca32f-adf5-403a-acf2-91af1f6d782b.png\",\"contentUrl\":\"https:\\\/\\\/velarogverkfaeri.is\\\/wp-content\\\/uploads\\\/2024\\\/06\\\/fecca32f-adf5-403a-acf2-91af1f6d782b.png\",\"width\":800,\"height\":534},{\"@type\":\"BreadcrumbList\",\"@id\":\"https:\\\/\\\/velarogverkfaeri.is\\\/lykillausnir\\\/utivistarvorur\\\/hofudljos\\\/product\\\/led-lenser-hf6r-work-hofudljos\\\/#breadcrumb\",\"itemListElement\":[{\"@type\":\"ListItem\",\"position\":1,\"name\":\"Home\",\"item\":\"https:\\\/\\\/velarogverkfaeri.is\\\/\"},{\"@type\":\"ListItem\",\"position\":2,\"name\":\"Vefverslun\",\"item\":\"https:\\\/\\\/velarogverkfaeri.is\\\/vefverslun\\\/\"},{\"@type\":\"ListItem\",\"position\":3,\"name\":\"LED LENSER HF6R Work H\u00f6fu\u00f0lj\u00f3s\"}]},{\"@type\":\"WebSite\",\"@id\":\"https:\\\/\\\/velarogverkfaeri.is\\\/en\\\/#website\",\"url\":\"https:\\\/\\\/velarogverkfaeri.is\\\/en\\\/\",\"name\":\"V\u00e9lar & Verkf\u00e6ri\",\"description\":\"Umbo\u00f0s- og heildverslun fr\u00e1 \u00e1rinu 1919\",\"publisher\":{\"@id\":\"https:\\\/\\\/velarogverkfaeri.is\\\/en\\\/#organization\"},\"potentialAction\":[{\"@type\":\"SearchAction\",\"target\":{\"@type\":\"EntryPoint\",\"urlTemplate\":\"https:\\\/\\\/velarogverkfaeri.is\\\/en\\\/?s={search_term_string}\"},\"query-input\":{\"@type\":\"PropertyValueSpecification\",\"valueRequired\":true,\"valueName\":\"search_term_string\"}}],\"inLanguage\":\"en-US\"},{\"@type\":\"Organization\",\"@id\":\"https:\\\/\\\/velarogverkfaeri.is\\\/en\\\/#organization\",\"name\":\"V\u00e9lar & Verkf\u00e6ri\",\"url\":\"https:\\\/\\\/velarogverkfaeri.is\\\/en\\\/\",\"logo\":{\"@type\":\"ImageObject\",\"inLanguage\":\"en-US\",\"@id\":\"https:\\\/\\\/velarogverkfaeri.is\\\/en\\\/#\\\/schema\\\/logo\\\/image\\\/\",\"url\":\"https:\\\/\\\/velarogverkfaeri.is\\\/wp-content\\\/uploads\\\/2021\\\/10\\\/vv_logo_350x100.png\",\"contentUrl\":\"https:\\\/\\\/velarogverkfaeri.is\\\/wp-content\\\/uploads\\\/2021\\\/10\\\/vv_logo_350x100.png\",\"width\":350,\"height\":100,\"caption\":\"V\u00e9lar & Verkf\u00e6ri\"},\"image\":{\"@id\":\"https:\\\/\\\/velarogverkfaeri.is\\\/en\\\/#\\\/schema\\\/logo\\\/image\\\/\"},\"sameAs\":[\"https:\\\/\\\/www.facebook.com\\\/VelarOgVerkfaeri\"]}]}<\/script>\n<!-- \/ Yoast SEO plugin. -->","yoast_head_json":{"title":"LED LENSER HF6R Work H\u00f6fu\u00f0lj\u00f3s - V\u00e9lar &amp; Verkf\u00e6ri","robots":{"index":"index","follow":"follow","max-snippet":"max-snippet:-1","max-image-preview":"max-image-preview:large","max-video-preview":"max-video-preview:-1"},"canonical":"https:\/\/velarogverkfaeri.is\/en\/lykillausnir\/utivistarvorur\/hofudljos\/product\/led-lenser-hf6r-work-hofudljos\/","og_locale":"en_US","og_type":"article","og_title":"LED LENSER HF6R Work H\u00f6fu\u00f0lj\u00f3s - V\u00e9lar &amp; Verkf\u00e6ri","og_description":"Tegund:&nbsp;4058205031875","og_url":"https:\/\/velarogverkfaeri.is\/en\/lykillausnir\/utivistarvorur\/hofudljos\/product\/led-lenser-hf6r-work-hofudljos\/","og_site_name":"V\u00e9lar &amp; Verkf\u00e6ri","article_publisher":"https:\/\/www.facebook.com\/VelarOgVerkfaeri","article_modified_time":"2025-12-30T11:32:20+00:00","og_image":[{"width":800,"height":534,"url":"https:\/\/velarogverkfaeri.is\/wp-content\/uploads\/2024\/06\/fecca32f-adf5-403a-acf2-91af1f6d782b.png","type":"image\/png"}],"twitter_card":"summary_large_image","twitter_misc":{"Est. reading time":"1 minute"},"schema":{"@context":"https:\/\/schema.org","@graph":[{"@type":"WebPage","@id":"https:\/\/velarogverkfaeri.is\/lykillausnir\/utivistarvorur\/hofudljos\/product\/led-lenser-hf6r-work-hofudljos\/","url":"https:\/\/velarogverkfaeri.is\/lykillausnir\/utivistarvorur\/hofudljos\/product\/led-lenser-hf6r-work-hofudljos\/","name":"LED LENSER HF6R Work H\u00f6fu\u00f0lj\u00f3s - V\u00e9lar &amp; Verkf\u00e6ri","isPartOf":{"@id":"https:\/\/velarogverkfaeri.is\/en\/#website"},"primaryImageOfPage":{"@id":"https:\/\/velarogverkfaeri.is\/lykillausnir\/utivistarvorur\/hofudljos\/product\/led-lenser-hf6r-work-hofudljos\/#primaryimage"},"image":{"@id":"https:\/\/velarogverkfaeri.is\/lykillausnir\/utivistarvorur\/hofudljos\/product\/led-lenser-hf6r-work-hofudljos\/#primaryimage"},"thumbnailUrl":"https:\/\/velarogverkfaeri.is\/wp-content\/uploads\/2024\/06\/fecca32f-adf5-403a-acf2-91af1f6d782b.png","datePublished":"2024-04-24T12:28:33+00:00","dateModified":"2025-12-30T11:32:20+00:00","breadcrumb":{"@id":"https:\/\/velarogverkfaeri.is\/lykillausnir\/utivistarvorur\/hofudljos\/product\/led-lenser-hf6r-work-hofudljos\/#breadcrumb"},"inLanguage":"en-US","potentialAction":[{"@type":"ReadAction","target":["https:\/\/velarogverkfaeri.is\/lykillausnir\/utivistarvorur\/hofudljos\/product\/led-lenser-hf6r-work-hofudljos\/"]}]},{"@type":"ImageObject","inLanguage":"en-US","@id":"https:\/\/velarogverkfaeri.is\/lykillausnir\/utivistarvorur\/hofudljos\/product\/led-lenser-hf6r-work-hofudljos\/#primaryimage","url":"https:\/\/velarogverkfaeri.is\/wp-content\/uploads\/2024\/06\/fecca32f-adf5-403a-acf2-91af1f6d782b.png","contentUrl":"https:\/\/velarogverkfaeri.is\/wp-content\/uploads\/2024\/06\/fecca32f-adf5-403a-acf2-91af1f6d782b.png","width":800,"height":534},{"@type":"BreadcrumbList","@id":"https:\/\/velarogverkfaeri.is\/lykillausnir\/utivistarvorur\/hofudljos\/product\/led-lenser-hf6r-work-hofudljos\/#breadcrumb","itemListElement":[{"@type":"ListItem","position":1,"name":"Home","item":"https:\/\/velarogverkfaeri.is\/"},{"@type":"ListItem","position":2,"name":"Vefverslun","item":"https:\/\/velarogverkfaeri.is\/vefverslun\/"},{"@type":"ListItem","position":3,"name":"LED LENSER HF6R Work H\u00f6fu\u00f0lj\u00f3s"}]},{"@type":"WebSite","@id":"https:\/\/velarogverkfaeri.is\/en\/#website","url":"https:\/\/velarogverkfaeri.is\/en\/","name":"V\u00e9lar & Verkf\u00e6ri","description":"Umbo\u00f0s- og heildverslun fr\u00e1 \u00e1rinu 1919","publisher":{"@id":"https:\/\/velarogverkfaeri.is\/en\/#organization"},"potentialAction":[{"@type":"SearchAction","target":{"@type":"EntryPoint","urlTemplate":"https:\/\/velarogverkfaeri.is\/en\/?s={search_term_string}"},"query-input":{"@type":"PropertyValueSpecification","valueRequired":true,"valueName":"search_term_string"}}],"inLanguage":"en-US"},{"@type":"Organization","@id":"https:\/\/velarogverkfaeri.is\/en\/#organization","name":"V\u00e9lar & Verkf\u00e6ri","url":"https:\/\/velarogverkfaeri.is\/en\/","logo":{"@type":"ImageObject","inLanguage":"en-US","@id":"https:\/\/velarogverkfaeri.is\/en\/#\/schema\/logo\/image\/","url":"https:\/\/velarogverkfaeri.is\/wp-content\/uploads\/2021\/10\/vv_logo_350x100.png","contentUrl":"https:\/\/velarogverkfaeri.is\/wp-content\/uploads\/2021\/10\/vv_logo_350x100.png","width":350,"height":100,"caption":"V\u00e9lar & Verkf\u00e6ri"},"image":{"@id":"https:\/\/velarogverkfaeri.is\/en\/#\/schema\/logo\/image\/"},"sameAs":["https:\/\/www.facebook.com\/VelarOgVerkfaeri"]}]}},"_links":{"self":[{"href":"https:\/\/velarogverkfaeri.is\/en\/wp-json\/wp\/v2\/product\/59955","targetHints":{"allow":["GET"]}}],"collection":[{"href":"https:\/\/velarogverkfaeri.is\/en\/wp-json\/wp\/v2\/product"}],"about":[{"href":"https:\/\/velarogverkfaeri.is\/en\/wp-json\/wp\/v2\/types\/product"}],"replies":[{"embeddable":true,"href":"https:\/\/velarogverkfaeri.is\/en\/wp-json\/wp\/v2\/comments?post=59955"}],"wp:featuredmedia":[{"embeddable":true,"href":"https:\/\/velarogverkfaeri.is\/en\/wp-json\/wp\/v2\/media\/61649"}],"wp:attachment":[{"href":"https:\/\/velarogverkfaeri.is\/en\/wp-json\/wp\/v2\/media?parent=59955"}],"wp:term":[{"taxonomy":"product_brand","embeddable":true,"href":"https:\/\/velarogverkfaeri.is\/en\/wp-json\/wp\/v2\/product_brand?post=59955"},{"taxonomy":"product_cat","embeddable":true,"href":"https:\/\/velarogverkfaeri.is\/en\/wp-json\/wp\/v2\/product_cat?post=59955"},{"taxonomy":"product_tag","embeddable":true,"href":"https:\/\/velarogverkfaeri.is\/en\/wp-json\/wp\/v2\/product_tag?post=59955"}],"curies":[{"name":"wp","href":"https:\/\/api.w.org\/{rel}","templated":true}]}}