{"id":59942,"date":"2024-04-24T11:57:32","date_gmt":"2024-04-24T11:57:32","guid":{"rendered":"https:\/\/velarogverkfaeri.is\/?post_type=product&#038;p=59942"},"modified":"2025-11-06T12:46:39","modified_gmt":"2025-11-06T12:46:39","slug":"energizer-sportpack-hofudljos-vision-bluearmband","status":"publish","type":"product","link":"https:\/\/velarogverkfaeri.is\/en\/lykillausnir\/utivistarvorur\/hofudljos\/product\/energizer-sportpack-hofudljos-vision-bluearmband\/","title":{"rendered":"ENERGIZER Sportpack H\u00f6fu\u00f0lj\u00f3s Vision BLUE+Armband"},"content":{"rendered":"<p>Haltu lausum h\u00f6ndum og nj\u00f3ttu hvers \u00e6vint\u00fdra til hins \u00fdtrasta me\u00f0 \u00feessum \u00ed\u00fer\u00f3ttagjafapakka. Me\u00f0 Energizer Vision h\u00f6fu\u00f0lj\u00f3sinu og LED armbandi er \u00fea\u00f0 tilvalin gj\u00f6f fyrir virkt f\u00f3lk. \u00dea\u00f0 mun l\u00fdsa \u00fe\u00e9r \u00ed hva\u00f0a skemmtifer\u00f0 sem er \u00ed myrkri, hvort sem \u00fe\u00fa ert a\u00f0 hlaupa, hj\u00f3la e\u00f0a bara ganga me\u00f0 hundinn \u00feinn. \u00deetta 200 lumen LED h\u00f6fu\u00f0lj\u00f3s l\u00fdsir upp jafnvel dimmustu r\u00fdmi og sk\u00edn allt a\u00f0 50 metra \u00ed h\u00e1um stillingum &#8211; gefur \u00fe\u00e9r n\u00f3g af lj\u00f3si n\u00e1kv\u00e6mlega \u00fear sem \u00fe\u00fa \u00fearft \u00e1 \u00fev\u00ed a\u00f0 halda. Nota\u00f0u \u00fea\u00f0 me\u00f0 rau\u00f0a LED fl\u00farlj\u00f3mandi armbandinu til a\u00f0 vera s\u00fdnilegt vi\u00f0 litla birtu. \u00de\u00e6gileg handfrj\u00e1ls h\u00f6nnun og endingarg\u00f3\u00f0 sm\u00ed\u00f0i bj\u00f3\u00f0a upp \u00e1 bestu \u00fe\u00e6gindi og fj\u00f6lh\u00e6fni. Sn\u00faningshaus h\u00f6fu\u00f0lj\u00f3ssins, stillanlegt band og splintlaus linsa \u00e1 armbandinu gera \u00fea\u00f0 a\u00f0 tilvalinni gj\u00f6f fyrir hlaupara, g\u00f6nguf\u00f3lk og hundaeigendur. Energizer gerir \u00fea\u00f0 au\u00f0velt a\u00f0 l\u00fdsa \u00fe\u00e9r lei\u00f0.<\/p>\n<p><b>Framlj\u00f3s me\u00f0 tveimur hv\u00edtum LED lj\u00f3sum:<\/b><\/p>\n<p>H\u00e1r-200 l\u00famen og l\u00e1g-(20lm) lj\u00f3safk\u00f6st<\/p>\n<p>Rennirofi til a\u00f0 kveikja\/sl\u00f6kkva \u00e1<\/p>\n<p>Stillanlegt teygjanlegt h\u00f6fu\u00f0band<\/p>\n<p>Sprungaheld linsa<\/p>\n<p>\u00deolir fall \u00far 1 metra h\u00e6\u00f0<\/p>\n<p>Hanna\u00f0 fyrir endingart\u00edma upp \u00e1 15 \u00e1r<\/p>\n<p>\u00derj\u00e1r AAA alkaline rafhl\u00f6\u00f0ur fylgja me\u00f0<\/p>\n<p><b><br \/>LED ARMBAND:<\/b><\/p>\n<p>Fj\u00f3rar rau\u00f0ar LED \u00e1 endurskinsarmbandi fyrir besta s\u00fdnileika<\/p>\n<p>Blikkandi og st\u00f6\u00f0ugt lj\u00f3s stillanlegt<\/p>\n<p>Velcro festing til a\u00f0 au\u00f0velda a\u00f0 setja \u00ed og \u200b\u200b\u00far<\/p>\n<p>1x CR2032 rafhla\u00f0a fylgir<\/p>","protected":false},"excerpt":{"rendered":"<p>Tegund:&nbsp;7638900426403<\/p>","protected":false},"featured_media":61597,"comment_status":"closed","ping_status":"closed","template":"","meta":[],"product_brand":[],"product_cat":[695,517,601],"product_tag":[1095],"class_list":{"0":"post-59942","1":"product","2":"type-product","3":"status-publish","4":"has-post-thumbnail","6":"product_cat-hofudljos","7":"product_cat-lykillausnir","8":"product_cat-utivistarvorur","9":"product_tag-hofudljos","11":"first","12":"instock","13":"taxable","14":"shipping-taxable","15":"purchasable","16":"product-type-simple"},"yoast_head":"<!-- This site is optimized with the Yoast SEO plugin v27.3 - https:\/\/yoast.com\/product\/yoast-seo-wordpress\/ -->\n<title>ENERGIZER Sportpack H\u00f6fu\u00f0lj\u00f3s Vision BLUE+Armband - V\u00e9lar &amp; Verkf\u00e6ri<\/title>\n<meta name=\"robots\" content=\"index, follow, max-snippet:-1, max-image-preview:large, max-video-preview:-1\" \/>\n<link rel=\"canonical\" href=\"https:\/\/velarogverkfaeri.is\/en\/lykillausnir\/utivistarvorur\/hofudljos\/product\/energizer-sportpack-hofudljos-vision-bluearmband\/\" \/>\n<meta property=\"og:locale\" content=\"en_US\" \/>\n<meta property=\"og:type\" content=\"article\" \/>\n<meta property=\"og:title\" content=\"ENERGIZER Sportpack H\u00f6fu\u00f0lj\u00f3s Vision BLUE+Armband - V\u00e9lar &amp; Verkf\u00e6ri\" \/>\n<meta property=\"og:description\" content=\"Tegund:&nbsp;7638900426403\" \/>\n<meta property=\"og:url\" content=\"https:\/\/velarogverkfaeri.is\/en\/lykillausnir\/utivistarvorur\/hofudljos\/product\/energizer-sportpack-hofudljos-vision-bluearmband\/\" \/>\n<meta property=\"og:site_name\" content=\"V\u00e9lar &amp; Verkf\u00e6ri\" \/>\n<meta property=\"article:publisher\" content=\"https:\/\/www.facebook.com\/VelarOgVerkfaeri\" \/>\n<meta property=\"article:modified_time\" content=\"2025-11-06T12:46:39+00:00\" \/>\n<meta property=\"og:image\" content=\"https:\/\/velarogverkfaeri.is\/wp-content\/uploads\/2024\/06\/f74ddcb3-7755-440a-9b36-d64cfd295d8b.jpg\" \/>\n\t<meta property=\"og:image:width\" content=\"800\" \/>\n\t<meta property=\"og:image:height\" content=\"800\" \/>\n\t<meta property=\"og:image:type\" content=\"image\/jpeg\" \/>\n<meta name=\"twitter:card\" content=\"summary_large_image\" \/>\n<meta name=\"twitter:label1\" content=\"Est. reading time\" \/>\n\t<meta name=\"twitter:data1\" content=\"1 minute\" \/>\n<script type=\"application\/ld+json\" class=\"yoast-schema-graph\">{\"@context\":\"https:\\\/\\\/schema.org\",\"@graph\":[{\"@type\":\"WebPage\",\"@id\":\"https:\\\/\\\/velarogverkfaeri.is\\\/lykillausnir\\\/utivistarvorur\\\/hofudljos\\\/product\\\/energizer-sportpack-hofudljos-vision-bluearmband\\\/\",\"url\":\"https:\\\/\\\/velarogverkfaeri.is\\\/lykillausnir\\\/utivistarvorur\\\/hofudljos\\\/product\\\/energizer-sportpack-hofudljos-vision-bluearmband\\\/\",\"name\":\"ENERGIZER Sportpack H\u00f6fu\u00f0lj\u00f3s Vision BLUE+Armband - V\u00e9lar &amp; Verkf\u00e6ri\",\"isPartOf\":{\"@id\":\"https:\\\/\\\/velarogverkfaeri.is\\\/en\\\/#website\"},\"primaryImageOfPage\":{\"@id\":\"https:\\\/\\\/velarogverkfaeri.is\\\/lykillausnir\\\/utivistarvorur\\\/hofudljos\\\/product\\\/energizer-sportpack-hofudljos-vision-bluearmband\\\/#primaryimage\"},\"image\":{\"@id\":\"https:\\\/\\\/velarogverkfaeri.is\\\/lykillausnir\\\/utivistarvorur\\\/hofudljos\\\/product\\\/energizer-sportpack-hofudljos-vision-bluearmband\\\/#primaryimage\"},\"thumbnailUrl\":\"https:\\\/\\\/velarogverkfaeri.is\\\/wp-content\\\/uploads\\\/2024\\\/06\\\/f74ddcb3-7755-440a-9b36-d64cfd295d8b.jpg\",\"datePublished\":\"2024-04-24T11:57:32+00:00\",\"dateModified\":\"2025-11-06T12:46:39+00:00\",\"breadcrumb\":{\"@id\":\"https:\\\/\\\/velarogverkfaeri.is\\\/lykillausnir\\\/utivistarvorur\\\/hofudljos\\\/product\\\/energizer-sportpack-hofudljos-vision-bluearmband\\\/#breadcrumb\"},\"inLanguage\":\"en-US\",\"potentialAction\":[{\"@type\":\"ReadAction\",\"target\":[\"https:\\\/\\\/velarogverkfaeri.is\\\/lykillausnir\\\/utivistarvorur\\\/hofudljos\\\/product\\\/energizer-sportpack-hofudljos-vision-bluearmband\\\/\"]}]},{\"@type\":\"ImageObject\",\"inLanguage\":\"en-US\",\"@id\":\"https:\\\/\\\/velarogverkfaeri.is\\\/lykillausnir\\\/utivistarvorur\\\/hofudljos\\\/product\\\/energizer-sportpack-hofudljos-vision-bluearmband\\\/#primaryimage\",\"url\":\"https:\\\/\\\/velarogverkfaeri.is\\\/wp-content\\\/uploads\\\/2024\\\/06\\\/f74ddcb3-7755-440a-9b36-d64cfd295d8b.jpg\",\"contentUrl\":\"https:\\\/\\\/velarogverkfaeri.is\\\/wp-content\\\/uploads\\\/2024\\\/06\\\/f74ddcb3-7755-440a-9b36-d64cfd295d8b.jpg\",\"width\":800,\"height\":800},{\"@type\":\"BreadcrumbList\",\"@id\":\"https:\\\/\\\/velarogverkfaeri.is\\\/lykillausnir\\\/utivistarvorur\\\/hofudljos\\\/product\\\/energizer-sportpack-hofudljos-vision-bluearmband\\\/#breadcrumb\",\"itemListElement\":[{\"@type\":\"ListItem\",\"position\":1,\"name\":\"Home\",\"item\":\"https:\\\/\\\/velarogverkfaeri.is\\\/\"},{\"@type\":\"ListItem\",\"position\":2,\"name\":\"Vefverslun\",\"item\":\"https:\\\/\\\/velarogverkfaeri.is\\\/vefverslun\\\/\"},{\"@type\":\"ListItem\",\"position\":3,\"name\":\"ENERGIZER Sportpack H\u00f6fu\u00f0lj\u00f3s Vision BLUE+Armband\"}]},{\"@type\":\"WebSite\",\"@id\":\"https:\\\/\\\/velarogverkfaeri.is\\\/en\\\/#website\",\"url\":\"https:\\\/\\\/velarogverkfaeri.is\\\/en\\\/\",\"name\":\"V\u00e9lar & Verkf\u00e6ri\",\"description\":\"Umbo\u00f0s- og heildverslun fr\u00e1 \u00e1rinu 1919\",\"publisher\":{\"@id\":\"https:\\\/\\\/velarogverkfaeri.is\\\/en\\\/#organization\"},\"potentialAction\":[{\"@type\":\"SearchAction\",\"target\":{\"@type\":\"EntryPoint\",\"urlTemplate\":\"https:\\\/\\\/velarogverkfaeri.is\\\/en\\\/?s={search_term_string}\"},\"query-input\":{\"@type\":\"PropertyValueSpecification\",\"valueRequired\":true,\"valueName\":\"search_term_string\"}}],\"inLanguage\":\"en-US\"},{\"@type\":\"Organization\",\"@id\":\"https:\\\/\\\/velarogverkfaeri.is\\\/en\\\/#organization\",\"name\":\"V\u00e9lar & Verkf\u00e6ri\",\"url\":\"https:\\\/\\\/velarogverkfaeri.is\\\/en\\\/\",\"logo\":{\"@type\":\"ImageObject\",\"inLanguage\":\"en-US\",\"@id\":\"https:\\\/\\\/velarogverkfaeri.is\\\/en\\\/#\\\/schema\\\/logo\\\/image\\\/\",\"url\":\"https:\\\/\\\/velarogverkfaeri.is\\\/wp-content\\\/uploads\\\/2021\\\/10\\\/vv_logo_350x100.png\",\"contentUrl\":\"https:\\\/\\\/velarogverkfaeri.is\\\/wp-content\\\/uploads\\\/2021\\\/10\\\/vv_logo_350x100.png\",\"width\":350,\"height\":100,\"caption\":\"V\u00e9lar & Verkf\u00e6ri\"},\"image\":{\"@id\":\"https:\\\/\\\/velarogverkfaeri.is\\\/en\\\/#\\\/schema\\\/logo\\\/image\\\/\"},\"sameAs\":[\"https:\\\/\\\/www.facebook.com\\\/VelarOgVerkfaeri\"]}]}<\/script>\n<!-- \/ Yoast SEO plugin. -->","yoast_head_json":{"title":"ENERGIZER Sportpack H\u00f6fu\u00f0lj\u00f3s Vision BLUE+Armband - V\u00e9lar &amp; Verkf\u00e6ri","robots":{"index":"index","follow":"follow","max-snippet":"max-snippet:-1","max-image-preview":"max-image-preview:large","max-video-preview":"max-video-preview:-1"},"canonical":"https:\/\/velarogverkfaeri.is\/en\/lykillausnir\/utivistarvorur\/hofudljos\/product\/energizer-sportpack-hofudljos-vision-bluearmband\/","og_locale":"en_US","og_type":"article","og_title":"ENERGIZER Sportpack H\u00f6fu\u00f0lj\u00f3s Vision BLUE+Armband - V\u00e9lar &amp; Verkf\u00e6ri","og_description":"Tegund:&nbsp;7638900426403","og_url":"https:\/\/velarogverkfaeri.is\/en\/lykillausnir\/utivistarvorur\/hofudljos\/product\/energizer-sportpack-hofudljos-vision-bluearmband\/","og_site_name":"V\u00e9lar &amp; Verkf\u00e6ri","article_publisher":"https:\/\/www.facebook.com\/VelarOgVerkfaeri","article_modified_time":"2025-11-06T12:46:39+00:00","og_image":[{"width":800,"height":800,"url":"https:\/\/velarogverkfaeri.is\/wp-content\/uploads\/2024\/06\/f74ddcb3-7755-440a-9b36-d64cfd295d8b.jpg","type":"image\/jpeg"}],"twitter_card":"summary_large_image","twitter_misc":{"Est. reading time":"1 minute"},"schema":{"@context":"https:\/\/schema.org","@graph":[{"@type":"WebPage","@id":"https:\/\/velarogverkfaeri.is\/lykillausnir\/utivistarvorur\/hofudljos\/product\/energizer-sportpack-hofudljos-vision-bluearmband\/","url":"https:\/\/velarogverkfaeri.is\/lykillausnir\/utivistarvorur\/hofudljos\/product\/energizer-sportpack-hofudljos-vision-bluearmband\/","name":"ENERGIZER Sportpack H\u00f6fu\u00f0lj\u00f3s Vision BLUE+Armband - V\u00e9lar &amp; Verkf\u00e6ri","isPartOf":{"@id":"https:\/\/velarogverkfaeri.is\/en\/#website"},"primaryImageOfPage":{"@id":"https:\/\/velarogverkfaeri.is\/lykillausnir\/utivistarvorur\/hofudljos\/product\/energizer-sportpack-hofudljos-vision-bluearmband\/#primaryimage"},"image":{"@id":"https:\/\/velarogverkfaeri.is\/lykillausnir\/utivistarvorur\/hofudljos\/product\/energizer-sportpack-hofudljos-vision-bluearmband\/#primaryimage"},"thumbnailUrl":"https:\/\/velarogverkfaeri.is\/wp-content\/uploads\/2024\/06\/f74ddcb3-7755-440a-9b36-d64cfd295d8b.jpg","datePublished":"2024-04-24T11:57:32+00:00","dateModified":"2025-11-06T12:46:39+00:00","breadcrumb":{"@id":"https:\/\/velarogverkfaeri.is\/lykillausnir\/utivistarvorur\/hofudljos\/product\/energizer-sportpack-hofudljos-vision-bluearmband\/#breadcrumb"},"inLanguage":"en-US","potentialAction":[{"@type":"ReadAction","target":["https:\/\/velarogverkfaeri.is\/lykillausnir\/utivistarvorur\/hofudljos\/product\/energizer-sportpack-hofudljos-vision-bluearmband\/"]}]},{"@type":"ImageObject","inLanguage":"en-US","@id":"https:\/\/velarogverkfaeri.is\/lykillausnir\/utivistarvorur\/hofudljos\/product\/energizer-sportpack-hofudljos-vision-bluearmband\/#primaryimage","url":"https:\/\/velarogverkfaeri.is\/wp-content\/uploads\/2024\/06\/f74ddcb3-7755-440a-9b36-d64cfd295d8b.jpg","contentUrl":"https:\/\/velarogverkfaeri.is\/wp-content\/uploads\/2024\/06\/f74ddcb3-7755-440a-9b36-d64cfd295d8b.jpg","width":800,"height":800},{"@type":"BreadcrumbList","@id":"https:\/\/velarogverkfaeri.is\/lykillausnir\/utivistarvorur\/hofudljos\/product\/energizer-sportpack-hofudljos-vision-bluearmband\/#breadcrumb","itemListElement":[{"@type":"ListItem","position":1,"name":"Home","item":"https:\/\/velarogverkfaeri.is\/"},{"@type":"ListItem","position":2,"name":"Vefverslun","item":"https:\/\/velarogverkfaeri.is\/vefverslun\/"},{"@type":"ListItem","position":3,"name":"ENERGIZER Sportpack H\u00f6fu\u00f0lj\u00f3s Vision BLUE+Armband"}]},{"@type":"WebSite","@id":"https:\/\/velarogverkfaeri.is\/en\/#website","url":"https:\/\/velarogverkfaeri.is\/en\/","name":"V\u00e9lar & Verkf\u00e6ri","description":"Umbo\u00f0s- og heildverslun fr\u00e1 \u00e1rinu 1919","publisher":{"@id":"https:\/\/velarogverkfaeri.is\/en\/#organization"},"potentialAction":[{"@type":"SearchAction","target":{"@type":"EntryPoint","urlTemplate":"https:\/\/velarogverkfaeri.is\/en\/?s={search_term_string}"},"query-input":{"@type":"PropertyValueSpecification","valueRequired":true,"valueName":"search_term_string"}}],"inLanguage":"en-US"},{"@type":"Organization","@id":"https:\/\/velarogverkfaeri.is\/en\/#organization","name":"V\u00e9lar & Verkf\u00e6ri","url":"https:\/\/velarogverkfaeri.is\/en\/","logo":{"@type":"ImageObject","inLanguage":"en-US","@id":"https:\/\/velarogverkfaeri.is\/en\/#\/schema\/logo\/image\/","url":"https:\/\/velarogverkfaeri.is\/wp-content\/uploads\/2021\/10\/vv_logo_350x100.png","contentUrl":"https:\/\/velarogverkfaeri.is\/wp-content\/uploads\/2021\/10\/vv_logo_350x100.png","width":350,"height":100,"caption":"V\u00e9lar & Verkf\u00e6ri"},"image":{"@id":"https:\/\/velarogverkfaeri.is\/en\/#\/schema\/logo\/image\/"},"sameAs":["https:\/\/www.facebook.com\/VelarOgVerkfaeri"]}]}},"_links":{"self":[{"href":"https:\/\/velarogverkfaeri.is\/en\/wp-json\/wp\/v2\/product\/59942","targetHints":{"allow":["GET"]}}],"collection":[{"href":"https:\/\/velarogverkfaeri.is\/en\/wp-json\/wp\/v2\/product"}],"about":[{"href":"https:\/\/velarogverkfaeri.is\/en\/wp-json\/wp\/v2\/types\/product"}],"replies":[{"embeddable":true,"href":"https:\/\/velarogverkfaeri.is\/en\/wp-json\/wp\/v2\/comments?post=59942"}],"wp:featuredmedia":[{"embeddable":true,"href":"https:\/\/velarogverkfaeri.is\/en\/wp-json\/wp\/v2\/media\/61597"}],"wp:attachment":[{"href":"https:\/\/velarogverkfaeri.is\/en\/wp-json\/wp\/v2\/media?parent=59942"}],"wp:term":[{"taxonomy":"product_brand","embeddable":true,"href":"https:\/\/velarogverkfaeri.is\/en\/wp-json\/wp\/v2\/product_brand?post=59942"},{"taxonomy":"product_cat","embeddable":true,"href":"https:\/\/velarogverkfaeri.is\/en\/wp-json\/wp\/v2\/product_cat?post=59942"},{"taxonomy":"product_tag","embeddable":true,"href":"https:\/\/velarogverkfaeri.is\/en\/wp-json\/wp\/v2\/product_tag?post=59942"}],"curies":[{"name":"wp","href":"https:\/\/api.w.org\/{rel}","templated":true}]}}