{"id":59939,"date":"2024-04-24T11:42:43","date_gmt":"2024-04-24T11:42:43","guid":{"rendered":"https:\/\/velarogverkfaeri.is\/?post_type=product&#038;p=59939"},"modified":"2025-04-25T19:10:54","modified_gmt":"2025-04-25T19:10:54","slug":"energizer-tactical-hladanlegt-vasaljos","status":"publish","type":"product","link":"https:\/\/velarogverkfaeri.is\/en\/lykillausnir\/utivistarvorur\/vasaljos-utivistarvorur\/product\/energizer-tactical-hladanlegt-vasaljos\/","title":{"rendered":"ENERGIZER Tactical Hla\u00f0anlegt Vasalj\u00f3s"},"content":{"rendered":"<p>Energizer Rechargeable Tatical 1.200 skilar miklum afk\u00f6stum \u00ed endingarg\u00f3\u00f0ri og \u00e1rei\u00f0anlegri byggingu. Me\u00f0 h\u00f6nnunareiginleikum \u00fear \u00e1 me\u00f0al; \u00fer\u00fdstihnappur a\u00f0 aftan, ney\u00f0arlj\u00f3sstillingu og endingargott flugv\u00e9la\u00e1l, \u00feetta takt\u00edska lj\u00f3s er fr\u00e1b\u00e6rt fyrsta val til a\u00f0 koma \u00f6ryggi \u00ed allar myrkur a\u00f0st\u00e6\u00f0ur. \u00d6flug birta hennar og ney\u00f0arlj\u00f3s mun hj\u00e1lpa \u00fe\u00e9r a\u00f0 takast \u00e1 vi\u00f0 ney\u00f0artilvik. \u00dea\u00f0 er h\u00e6gt a\u00f0 endurhla\u00f0a \u00ed gegnum USB tengi og einnig hla\u00f0a \u00f6nnur t\u00e6ki eins og snjalls\u00edma, \u00feannig a\u00f0 \u00fe\u00fa ver\u00f0ur aldrei orkulaus.<\/p>\n<p><\/p>\n<p>Endurhla\u00f0anlegt st\u00f3rsni\u00f0i\u00f0 takt\u00edskt m\u00e1lmlj\u00f3s<\/p>\n<p>Hle\u00f0st me\u00f0 USB sn\u00faru (fylgir)<\/p>\n<p>Hle\u00f0ur \u00f6nnur t\u00e6ki (USB tengi \u00fat)<\/p>\n<p>Strike Bezel Head<\/p>\n<p>\u00der\u00fdstihnappur a\u00f0 aftan til a\u00f0 nota einn handar<\/p>\n<p>L\u00famen: 1200 (h\u00e1tt) \/ 250 (l\u00e1gt)<\/p>\n<p>Aksturst\u00edmi: 4 klukkustundir (h\u00e1r) \/ 15 klukkustundir (l\u00e1gur)<\/p>\n<p>Geisla fjarl\u00e6g\u00f0: 200 (h\u00e1) \/ 100 (l\u00e1g)<\/p>\n<p>Ve\u00f0urheldur: IPX4<\/p>\n<p>H\u00f6gg\u00feol: 1m<\/p>\n<p>x2 hle\u00f0slurafhl\u00f6\u00f0ur fylgja me\u00f0<\/p>","protected":false},"excerpt":{"rendered":"<p>Tegund:&nbsp;7638900433807<\/p>","protected":false},"featured_media":61589,"comment_status":"closed","ping_status":"closed","template":"","meta":[],"product_brand":[],"product_cat":[517,601,697],"product_tag":[],"class_list":{"0":"post-59939","1":"product","2":"type-product","3":"status-publish","4":"has-post-thumbnail","6":"product_cat-lykillausnir","7":"product_cat-utivistarvorur","8":"product_cat-vasaljos-utivistarvorur","10":"first","11":"instock","12":"taxable","13":"shipping-taxable","14":"purchasable","15":"product-type-simple"},"yoast_head":"<!-- This site is optimized with the Yoast SEO plugin v27.3 - https:\/\/yoast.com\/product\/yoast-seo-wordpress\/ -->\n<title>ENERGIZER Tactical Hla\u00f0anlegt Vasalj\u00f3s - V\u00e9lar &amp; Verkf\u00e6ri<\/title>\n<meta name=\"robots\" content=\"index, follow, max-snippet:-1, max-image-preview:large, max-video-preview:-1\" \/>\n<link rel=\"canonical\" href=\"https:\/\/velarogverkfaeri.is\/en\/lykillausnir\/utivistarvorur\/vasaljos-utivistarvorur\/product\/energizer-tactical-hladanlegt-vasaljos\/\" \/>\n<meta property=\"og:locale\" content=\"en_US\" \/>\n<meta property=\"og:type\" content=\"article\" \/>\n<meta property=\"og:title\" content=\"ENERGIZER Tactical Hla\u00f0anlegt Vasalj\u00f3s - V\u00e9lar &amp; Verkf\u00e6ri\" \/>\n<meta property=\"og:description\" content=\"Tegund:&nbsp;7638900433807\" \/>\n<meta property=\"og:url\" content=\"https:\/\/velarogverkfaeri.is\/en\/lykillausnir\/utivistarvorur\/vasaljos-utivistarvorur\/product\/energizer-tactical-hladanlegt-vasaljos\/\" \/>\n<meta property=\"og:site_name\" content=\"V\u00e9lar &amp; Verkf\u00e6ri\" \/>\n<meta property=\"article:publisher\" content=\"https:\/\/www.facebook.com\/VelarOgVerkfaeri\" \/>\n<meta property=\"article:modified_time\" content=\"2025-04-25T19:10:54+00:00\" \/>\n<meta property=\"og:image\" content=\"https:\/\/velarogverkfaeri.is\/wp-content\/uploads\/2024\/06\/d8c82ae5-33fa-4344-a41b-90e428f3f89b.jpg\" \/>\n\t<meta property=\"og:image:width\" content=\"600\" \/>\n\t<meta property=\"og:image:height\" content=\"600\" \/>\n\t<meta property=\"og:image:type\" content=\"image\/jpeg\" \/>\n<meta name=\"twitter:card\" content=\"summary_large_image\" \/>\n<meta name=\"twitter:label1\" content=\"Est. reading time\" \/>\n\t<meta name=\"twitter:data1\" content=\"1 minute\" \/>\n<script type=\"application\/ld+json\" class=\"yoast-schema-graph\">{\"@context\":\"https:\\\/\\\/schema.org\",\"@graph\":[{\"@type\":\"WebPage\",\"@id\":\"https:\\\/\\\/velarogverkfaeri.is\\\/lykillausnir\\\/utivistarvorur\\\/vasaljos-utivistarvorur\\\/product\\\/energizer-tactical-hladanlegt-vasaljos\\\/\",\"url\":\"https:\\\/\\\/velarogverkfaeri.is\\\/lykillausnir\\\/utivistarvorur\\\/vasaljos-utivistarvorur\\\/product\\\/energizer-tactical-hladanlegt-vasaljos\\\/\",\"name\":\"ENERGIZER Tactical Hla\u00f0anlegt Vasalj\u00f3s - V\u00e9lar &amp; Verkf\u00e6ri\",\"isPartOf\":{\"@id\":\"https:\\\/\\\/velarogverkfaeri.is\\\/en\\\/#website\"},\"primaryImageOfPage\":{\"@id\":\"https:\\\/\\\/velarogverkfaeri.is\\\/lykillausnir\\\/utivistarvorur\\\/vasaljos-utivistarvorur\\\/product\\\/energizer-tactical-hladanlegt-vasaljos\\\/#primaryimage\"},\"image\":{\"@id\":\"https:\\\/\\\/velarogverkfaeri.is\\\/lykillausnir\\\/utivistarvorur\\\/vasaljos-utivistarvorur\\\/product\\\/energizer-tactical-hladanlegt-vasaljos\\\/#primaryimage\"},\"thumbnailUrl\":\"https:\\\/\\\/velarogverkfaeri.is\\\/wp-content\\\/uploads\\\/2024\\\/06\\\/d8c82ae5-33fa-4344-a41b-90e428f3f89b.jpg\",\"datePublished\":\"2024-04-24T11:42:43+00:00\",\"dateModified\":\"2025-04-25T19:10:54+00:00\",\"breadcrumb\":{\"@id\":\"https:\\\/\\\/velarogverkfaeri.is\\\/lykillausnir\\\/utivistarvorur\\\/vasaljos-utivistarvorur\\\/product\\\/energizer-tactical-hladanlegt-vasaljos\\\/#breadcrumb\"},\"inLanguage\":\"en-US\",\"potentialAction\":[{\"@type\":\"ReadAction\",\"target\":[\"https:\\\/\\\/velarogverkfaeri.is\\\/lykillausnir\\\/utivistarvorur\\\/vasaljos-utivistarvorur\\\/product\\\/energizer-tactical-hladanlegt-vasaljos\\\/\"]}]},{\"@type\":\"ImageObject\",\"inLanguage\":\"en-US\",\"@id\":\"https:\\\/\\\/velarogverkfaeri.is\\\/lykillausnir\\\/utivistarvorur\\\/vasaljos-utivistarvorur\\\/product\\\/energizer-tactical-hladanlegt-vasaljos\\\/#primaryimage\",\"url\":\"https:\\\/\\\/velarogverkfaeri.is\\\/wp-content\\\/uploads\\\/2024\\\/06\\\/d8c82ae5-33fa-4344-a41b-90e428f3f89b.jpg\",\"contentUrl\":\"https:\\\/\\\/velarogverkfaeri.is\\\/wp-content\\\/uploads\\\/2024\\\/06\\\/d8c82ae5-33fa-4344-a41b-90e428f3f89b.jpg\",\"width\":600,\"height\":600},{\"@type\":\"BreadcrumbList\",\"@id\":\"https:\\\/\\\/velarogverkfaeri.is\\\/lykillausnir\\\/utivistarvorur\\\/vasaljos-utivistarvorur\\\/product\\\/energizer-tactical-hladanlegt-vasaljos\\\/#breadcrumb\",\"itemListElement\":[{\"@type\":\"ListItem\",\"position\":1,\"name\":\"Home\",\"item\":\"https:\\\/\\\/velarogverkfaeri.is\\\/\"},{\"@type\":\"ListItem\",\"position\":2,\"name\":\"Vefverslun\",\"item\":\"https:\\\/\\\/velarogverkfaeri.is\\\/vefverslun\\\/\"},{\"@type\":\"ListItem\",\"position\":3,\"name\":\"ENERGIZER Tactical Hla\u00f0anlegt Vasalj\u00f3s\"}]},{\"@type\":\"WebSite\",\"@id\":\"https:\\\/\\\/velarogverkfaeri.is\\\/en\\\/#website\",\"url\":\"https:\\\/\\\/velarogverkfaeri.is\\\/en\\\/\",\"name\":\"V\u00e9lar & Verkf\u00e6ri\",\"description\":\"Umbo\u00f0s- og heildverslun fr\u00e1 \u00e1rinu 1919\",\"publisher\":{\"@id\":\"https:\\\/\\\/velarogverkfaeri.is\\\/en\\\/#organization\"},\"potentialAction\":[{\"@type\":\"SearchAction\",\"target\":{\"@type\":\"EntryPoint\",\"urlTemplate\":\"https:\\\/\\\/velarogverkfaeri.is\\\/en\\\/?s={search_term_string}\"},\"query-input\":{\"@type\":\"PropertyValueSpecification\",\"valueRequired\":true,\"valueName\":\"search_term_string\"}}],\"inLanguage\":\"en-US\"},{\"@type\":\"Organization\",\"@id\":\"https:\\\/\\\/velarogverkfaeri.is\\\/en\\\/#organization\",\"name\":\"V\u00e9lar & Verkf\u00e6ri\",\"url\":\"https:\\\/\\\/velarogverkfaeri.is\\\/en\\\/\",\"logo\":{\"@type\":\"ImageObject\",\"inLanguage\":\"en-US\",\"@id\":\"https:\\\/\\\/velarogverkfaeri.is\\\/en\\\/#\\\/schema\\\/logo\\\/image\\\/\",\"url\":\"https:\\\/\\\/velarogverkfaeri.is\\\/wp-content\\\/uploads\\\/2021\\\/10\\\/vv_logo_350x100.png\",\"contentUrl\":\"https:\\\/\\\/velarogverkfaeri.is\\\/wp-content\\\/uploads\\\/2021\\\/10\\\/vv_logo_350x100.png\",\"width\":350,\"height\":100,\"caption\":\"V\u00e9lar & Verkf\u00e6ri\"},\"image\":{\"@id\":\"https:\\\/\\\/velarogverkfaeri.is\\\/en\\\/#\\\/schema\\\/logo\\\/image\\\/\"},\"sameAs\":[\"https:\\\/\\\/www.facebook.com\\\/VelarOgVerkfaeri\"]}]}<\/script>\n<!-- \/ Yoast SEO plugin. -->","yoast_head_json":{"title":"ENERGIZER Tactical Hla\u00f0anlegt Vasalj\u00f3s - V\u00e9lar &amp; Verkf\u00e6ri","robots":{"index":"index","follow":"follow","max-snippet":"max-snippet:-1","max-image-preview":"max-image-preview:large","max-video-preview":"max-video-preview:-1"},"canonical":"https:\/\/velarogverkfaeri.is\/en\/lykillausnir\/utivistarvorur\/vasaljos-utivistarvorur\/product\/energizer-tactical-hladanlegt-vasaljos\/","og_locale":"en_US","og_type":"article","og_title":"ENERGIZER Tactical Hla\u00f0anlegt Vasalj\u00f3s - V\u00e9lar &amp; Verkf\u00e6ri","og_description":"Tegund:&nbsp;7638900433807","og_url":"https:\/\/velarogverkfaeri.is\/en\/lykillausnir\/utivistarvorur\/vasaljos-utivistarvorur\/product\/energizer-tactical-hladanlegt-vasaljos\/","og_site_name":"V\u00e9lar &amp; Verkf\u00e6ri","article_publisher":"https:\/\/www.facebook.com\/VelarOgVerkfaeri","article_modified_time":"2025-04-25T19:10:54+00:00","og_image":[{"width":600,"height":600,"url":"https:\/\/velarogverkfaeri.is\/wp-content\/uploads\/2024\/06\/d8c82ae5-33fa-4344-a41b-90e428f3f89b.jpg","type":"image\/jpeg"}],"twitter_card":"summary_large_image","twitter_misc":{"Est. reading time":"1 minute"},"schema":{"@context":"https:\/\/schema.org","@graph":[{"@type":"WebPage","@id":"https:\/\/velarogverkfaeri.is\/lykillausnir\/utivistarvorur\/vasaljos-utivistarvorur\/product\/energizer-tactical-hladanlegt-vasaljos\/","url":"https:\/\/velarogverkfaeri.is\/lykillausnir\/utivistarvorur\/vasaljos-utivistarvorur\/product\/energizer-tactical-hladanlegt-vasaljos\/","name":"ENERGIZER Tactical Hla\u00f0anlegt Vasalj\u00f3s - V\u00e9lar &amp; Verkf\u00e6ri","isPartOf":{"@id":"https:\/\/velarogverkfaeri.is\/en\/#website"},"primaryImageOfPage":{"@id":"https:\/\/velarogverkfaeri.is\/lykillausnir\/utivistarvorur\/vasaljos-utivistarvorur\/product\/energizer-tactical-hladanlegt-vasaljos\/#primaryimage"},"image":{"@id":"https:\/\/velarogverkfaeri.is\/lykillausnir\/utivistarvorur\/vasaljos-utivistarvorur\/product\/energizer-tactical-hladanlegt-vasaljos\/#primaryimage"},"thumbnailUrl":"https:\/\/velarogverkfaeri.is\/wp-content\/uploads\/2024\/06\/d8c82ae5-33fa-4344-a41b-90e428f3f89b.jpg","datePublished":"2024-04-24T11:42:43+00:00","dateModified":"2025-04-25T19:10:54+00:00","breadcrumb":{"@id":"https:\/\/velarogverkfaeri.is\/lykillausnir\/utivistarvorur\/vasaljos-utivistarvorur\/product\/energizer-tactical-hladanlegt-vasaljos\/#breadcrumb"},"inLanguage":"en-US","potentialAction":[{"@type":"ReadAction","target":["https:\/\/velarogverkfaeri.is\/lykillausnir\/utivistarvorur\/vasaljos-utivistarvorur\/product\/energizer-tactical-hladanlegt-vasaljos\/"]}]},{"@type":"ImageObject","inLanguage":"en-US","@id":"https:\/\/velarogverkfaeri.is\/lykillausnir\/utivistarvorur\/vasaljos-utivistarvorur\/product\/energizer-tactical-hladanlegt-vasaljos\/#primaryimage","url":"https:\/\/velarogverkfaeri.is\/wp-content\/uploads\/2024\/06\/d8c82ae5-33fa-4344-a41b-90e428f3f89b.jpg","contentUrl":"https:\/\/velarogverkfaeri.is\/wp-content\/uploads\/2024\/06\/d8c82ae5-33fa-4344-a41b-90e428f3f89b.jpg","width":600,"height":600},{"@type":"BreadcrumbList","@id":"https:\/\/velarogverkfaeri.is\/lykillausnir\/utivistarvorur\/vasaljos-utivistarvorur\/product\/energizer-tactical-hladanlegt-vasaljos\/#breadcrumb","itemListElement":[{"@type":"ListItem","position":1,"name":"Home","item":"https:\/\/velarogverkfaeri.is\/"},{"@type":"ListItem","position":2,"name":"Vefverslun","item":"https:\/\/velarogverkfaeri.is\/vefverslun\/"},{"@type":"ListItem","position":3,"name":"ENERGIZER Tactical Hla\u00f0anlegt Vasalj\u00f3s"}]},{"@type":"WebSite","@id":"https:\/\/velarogverkfaeri.is\/en\/#website","url":"https:\/\/velarogverkfaeri.is\/en\/","name":"V\u00e9lar & Verkf\u00e6ri","description":"Umbo\u00f0s- og heildverslun fr\u00e1 \u00e1rinu 1919","publisher":{"@id":"https:\/\/velarogverkfaeri.is\/en\/#organization"},"potentialAction":[{"@type":"SearchAction","target":{"@type":"EntryPoint","urlTemplate":"https:\/\/velarogverkfaeri.is\/en\/?s={search_term_string}"},"query-input":{"@type":"PropertyValueSpecification","valueRequired":true,"valueName":"search_term_string"}}],"inLanguage":"en-US"},{"@type":"Organization","@id":"https:\/\/velarogverkfaeri.is\/en\/#organization","name":"V\u00e9lar & Verkf\u00e6ri","url":"https:\/\/velarogverkfaeri.is\/en\/","logo":{"@type":"ImageObject","inLanguage":"en-US","@id":"https:\/\/velarogverkfaeri.is\/en\/#\/schema\/logo\/image\/","url":"https:\/\/velarogverkfaeri.is\/wp-content\/uploads\/2021\/10\/vv_logo_350x100.png","contentUrl":"https:\/\/velarogverkfaeri.is\/wp-content\/uploads\/2021\/10\/vv_logo_350x100.png","width":350,"height":100,"caption":"V\u00e9lar & Verkf\u00e6ri"},"image":{"@id":"https:\/\/velarogverkfaeri.is\/en\/#\/schema\/logo\/image\/"},"sameAs":["https:\/\/www.facebook.com\/VelarOgVerkfaeri"]}]}},"_links":{"self":[{"href":"https:\/\/velarogverkfaeri.is\/en\/wp-json\/wp\/v2\/product\/59939","targetHints":{"allow":["GET"]}}],"collection":[{"href":"https:\/\/velarogverkfaeri.is\/en\/wp-json\/wp\/v2\/product"}],"about":[{"href":"https:\/\/velarogverkfaeri.is\/en\/wp-json\/wp\/v2\/types\/product"}],"replies":[{"embeddable":true,"href":"https:\/\/velarogverkfaeri.is\/en\/wp-json\/wp\/v2\/comments?post=59939"}],"wp:featuredmedia":[{"embeddable":true,"href":"https:\/\/velarogverkfaeri.is\/en\/wp-json\/wp\/v2\/media\/61589"}],"wp:attachment":[{"href":"https:\/\/velarogverkfaeri.is\/en\/wp-json\/wp\/v2\/media?parent=59939"}],"wp:term":[{"taxonomy":"product_brand","embeddable":true,"href":"https:\/\/velarogverkfaeri.is\/en\/wp-json\/wp\/v2\/product_brand?post=59939"},{"taxonomy":"product_cat","embeddable":true,"href":"https:\/\/velarogverkfaeri.is\/en\/wp-json\/wp\/v2\/product_cat?post=59939"},{"taxonomy":"product_tag","embeddable":true,"href":"https:\/\/velarogverkfaeri.is\/en\/wp-json\/wp\/v2\/product_tag?post=59939"}],"curies":[{"name":"wp","href":"https:\/\/api.w.org\/{rel}","templated":true}]}}