{"id":59938,"date":"2024-04-24T11:42:43","date_gmt":"2024-04-24T11:42:43","guid":{"rendered":"https:\/\/velarogverkfaeri.is\/?post_type=product&#038;p=59938"},"modified":"2026-01-05T17:16:18","modified_gmt":"2026-01-05T17:16:18","slug":"energizer-mini-sporting-hladanlegt-hofudljos","status":"publish","type":"product","link":"https:\/\/velarogverkfaeri.is\/en\/lykillausnir\/utivistarvorur\/hofudljos\/product\/energizer-mini-sporting-hladanlegt-hofudljos\/","title":{"rendered":"ENERGIZER Mini Sporting Hla\u00f0anlegt H\u00f6fu\u00f0lj\u00f3s"},"content":{"rendered":"<p>Energizer framlj\u00f3s eru me\u00f0 n\u00fdjustu LED t\u00e6kni. \u00de\u00e6gileg, \u00f6rugg og endingarg\u00f3\u00f0, \u00feau eru fullkomin lausn fyrir \u00feau st\u00f6rf og athafnir sem krefjast notkunar beggja handa.<\/p>\n<p><b>Energizer Mini Sporting endurhla\u00f0anlegt h\u00f6fu\u00f0lj\u00f3s:<\/b><\/p>\n<p>L\u00edti\u00f0, nett og l\u00e9tt &#8211; fullkominn fyrir langa notkun<\/p>\n<p>Allt a\u00f0 15x bjartari en venjuleg LED t\u00e6kni<\/p>\n<p>Fimm lj\u00f3sstillingar: h\u00e1tt, mi\u00f0lungs, l\u00e1gt, rautt, rautt blikkandi<\/p>\n<p>H\u00e1 stilling: 200 l\u00famen birta og 2 klst keyrslut\u00edmi<\/p>\n<p>L\u00e1g stilling: 25 l\u00famen birta og 10 klst keyrslut\u00edmi<\/p>\n<p>60m geisla fjarl\u00e6g\u00f0 \u00ed h\u00e1um ham<\/p>\n<p>\u00c1kj\u00f3sanlegur geisli fyrir hlaup og a\u00f0rar \u00ed\u00fer\u00f3ttir<\/p>\n<p>L\u00fdsir upp alla lei\u00f0ina fyrir framan \u00feig, \u00fear me\u00f0 tali\u00f0 beint fyrir framan f\u00e6turna \u00fe\u00edna<\/p>\n<p>\u00deunnt, stillanlegt og s\u00e9rstaklega \u00fe\u00e6gilegt band<\/p>\n<p>Endurskins \u00f6ryggisspj\u00f6ld \u00e1 hli\u00f0 bandsins til a\u00f0 \u00fe\u00fa \u201esj\u00e1ist\u201c<\/p>\n<p>Bandl\u00e6sing opnast svo \u00fe\u00fa getir \u00fevegi\u00f0 bandi\u00f0<\/p>\n<p>Kr\u00f3kur til a\u00f0 au\u00f0velda geymslu \u00e1 framlj\u00f3sum<\/p>\n<p>Au\u00f0velt a\u00f0 nota \u00fer\u00fdstihnapp<\/p>\n<p>Kn\u00fai\u00f0 af 680mAh Lithium Ion \u00f3afneganleg endurhla\u00f0anleg rafhla\u00f0a<\/p>\n<p>Endurhla\u00f0a me\u00f0 USB sn\u00faru (sn\u00fara fylgir)<\/p>\n<p>IPX4 vatnsheldur einkunn<\/p>\n<p>1m fall\u00feol<\/p>\n<p>M\u00e1l: 56 x 33 x 35 mm<\/p>\n<p>\u00deyngd: 59g<\/p>","protected":false},"excerpt":{"rendered":"<p>Tegund:&nbsp;7638900433760<\/p>","protected":false},"featured_media":61565,"comment_status":"closed","ping_status":"closed","template":"","meta":[],"product_brand":[],"product_cat":[695,517,601],"product_tag":[1095],"class_list":{"0":"post-59938","1":"product","2":"type-product","3":"status-publish","4":"has-post-thumbnail","6":"product_cat-hofudljos","7":"product_cat-lykillausnir","8":"product_cat-utivistarvorur","9":"product_tag-hofudljos","11":"first","12":"instock","13":"taxable","14":"shipping-taxable","15":"purchasable","16":"product-type-simple"},"yoast_head":"<!-- This site is optimized with the Yoast SEO plugin v27.3 - https:\/\/yoast.com\/product\/yoast-seo-wordpress\/ -->\n<title>ENERGIZER Mini Sporting Hla\u00f0anlegt H\u00f6fu\u00f0lj\u00f3s - V\u00e9lar &amp; Verkf\u00e6ri<\/title>\n<meta name=\"robots\" content=\"index, follow, max-snippet:-1, max-image-preview:large, max-video-preview:-1\" \/>\n<link rel=\"canonical\" href=\"https:\/\/velarogverkfaeri.is\/en\/lykillausnir\/utivistarvorur\/hofudljos\/product\/energizer-mini-sporting-hladanlegt-hofudljos\/\" \/>\n<meta property=\"og:locale\" content=\"en_US\" \/>\n<meta property=\"og:type\" content=\"article\" \/>\n<meta property=\"og:title\" content=\"ENERGIZER Mini Sporting Hla\u00f0anlegt H\u00f6fu\u00f0lj\u00f3s - V\u00e9lar &amp; Verkf\u00e6ri\" \/>\n<meta property=\"og:description\" content=\"Tegund:&nbsp;7638900433760\" \/>\n<meta property=\"og:url\" content=\"https:\/\/velarogverkfaeri.is\/en\/lykillausnir\/utivistarvorur\/hofudljos\/product\/energizer-mini-sporting-hladanlegt-hofudljos\/\" \/>\n<meta property=\"og:site_name\" content=\"V\u00e9lar &amp; Verkf\u00e6ri\" \/>\n<meta property=\"article:publisher\" content=\"https:\/\/www.facebook.com\/VelarOgVerkfaeri\" \/>\n<meta property=\"article:modified_time\" content=\"2026-01-05T17:16:18+00:00\" \/>\n<meta property=\"og:image\" content=\"https:\/\/velarogverkfaeri.is\/wp-content\/uploads\/2024\/06\/ec29b764-c894-4265-ab8b-c95459a60136.jpg\" \/>\n\t<meta property=\"og:image:width\" content=\"600\" \/>\n\t<meta property=\"og:image:height\" content=\"600\" \/>\n\t<meta property=\"og:image:type\" content=\"image\/jpeg\" \/>\n<meta name=\"twitter:card\" content=\"summary_large_image\" \/>\n<meta name=\"twitter:label1\" content=\"Est. reading time\" \/>\n\t<meta name=\"twitter:data1\" content=\"1 minute\" \/>\n<script type=\"application\/ld+json\" class=\"yoast-schema-graph\">{\"@context\":\"https:\\\/\\\/schema.org\",\"@graph\":[{\"@type\":\"WebPage\",\"@id\":\"https:\\\/\\\/velarogverkfaeri.is\\\/lykillausnir\\\/utivistarvorur\\\/hofudljos\\\/product\\\/energizer-mini-sporting-hladanlegt-hofudljos\\\/\",\"url\":\"https:\\\/\\\/velarogverkfaeri.is\\\/lykillausnir\\\/utivistarvorur\\\/hofudljos\\\/product\\\/energizer-mini-sporting-hladanlegt-hofudljos\\\/\",\"name\":\"ENERGIZER Mini Sporting Hla\u00f0anlegt H\u00f6fu\u00f0lj\u00f3s - V\u00e9lar &amp; Verkf\u00e6ri\",\"isPartOf\":{\"@id\":\"https:\\\/\\\/velarogverkfaeri.is\\\/en\\\/#website\"},\"primaryImageOfPage\":{\"@id\":\"https:\\\/\\\/velarogverkfaeri.is\\\/lykillausnir\\\/utivistarvorur\\\/hofudljos\\\/product\\\/energizer-mini-sporting-hladanlegt-hofudljos\\\/#primaryimage\"},\"image\":{\"@id\":\"https:\\\/\\\/velarogverkfaeri.is\\\/lykillausnir\\\/utivistarvorur\\\/hofudljos\\\/product\\\/energizer-mini-sporting-hladanlegt-hofudljos\\\/#primaryimage\"},\"thumbnailUrl\":\"https:\\\/\\\/velarogverkfaeri.is\\\/wp-content\\\/uploads\\\/2024\\\/06\\\/ec29b764-c894-4265-ab8b-c95459a60136.jpg\",\"datePublished\":\"2024-04-24T11:42:43+00:00\",\"dateModified\":\"2026-01-05T17:16:18+00:00\",\"breadcrumb\":{\"@id\":\"https:\\\/\\\/velarogverkfaeri.is\\\/lykillausnir\\\/utivistarvorur\\\/hofudljos\\\/product\\\/energizer-mini-sporting-hladanlegt-hofudljos\\\/#breadcrumb\"},\"inLanguage\":\"en-US\",\"potentialAction\":[{\"@type\":\"ReadAction\",\"target\":[\"https:\\\/\\\/velarogverkfaeri.is\\\/lykillausnir\\\/utivistarvorur\\\/hofudljos\\\/product\\\/energizer-mini-sporting-hladanlegt-hofudljos\\\/\"]}]},{\"@type\":\"ImageObject\",\"inLanguage\":\"en-US\",\"@id\":\"https:\\\/\\\/velarogverkfaeri.is\\\/lykillausnir\\\/utivistarvorur\\\/hofudljos\\\/product\\\/energizer-mini-sporting-hladanlegt-hofudljos\\\/#primaryimage\",\"url\":\"https:\\\/\\\/velarogverkfaeri.is\\\/wp-content\\\/uploads\\\/2024\\\/06\\\/ec29b764-c894-4265-ab8b-c95459a60136.jpg\",\"contentUrl\":\"https:\\\/\\\/velarogverkfaeri.is\\\/wp-content\\\/uploads\\\/2024\\\/06\\\/ec29b764-c894-4265-ab8b-c95459a60136.jpg\",\"width\":600,\"height\":600},{\"@type\":\"BreadcrumbList\",\"@id\":\"https:\\\/\\\/velarogverkfaeri.is\\\/lykillausnir\\\/utivistarvorur\\\/hofudljos\\\/product\\\/energizer-mini-sporting-hladanlegt-hofudljos\\\/#breadcrumb\",\"itemListElement\":[{\"@type\":\"ListItem\",\"position\":1,\"name\":\"Home\",\"item\":\"https:\\\/\\\/velarogverkfaeri.is\\\/\"},{\"@type\":\"ListItem\",\"position\":2,\"name\":\"Vefverslun\",\"item\":\"https:\\\/\\\/velarogverkfaeri.is\\\/vefverslun\\\/\"},{\"@type\":\"ListItem\",\"position\":3,\"name\":\"ENERGIZER Mini Sporting Hla\u00f0anlegt H\u00f6fu\u00f0lj\u00f3s\"}]},{\"@type\":\"WebSite\",\"@id\":\"https:\\\/\\\/velarogverkfaeri.is\\\/en\\\/#website\",\"url\":\"https:\\\/\\\/velarogverkfaeri.is\\\/en\\\/\",\"name\":\"V\u00e9lar & Verkf\u00e6ri\",\"description\":\"Umbo\u00f0s- og heildverslun fr\u00e1 \u00e1rinu 1919\",\"publisher\":{\"@id\":\"https:\\\/\\\/velarogverkfaeri.is\\\/en\\\/#organization\"},\"potentialAction\":[{\"@type\":\"SearchAction\",\"target\":{\"@type\":\"EntryPoint\",\"urlTemplate\":\"https:\\\/\\\/velarogverkfaeri.is\\\/en\\\/?s={search_term_string}\"},\"query-input\":{\"@type\":\"PropertyValueSpecification\",\"valueRequired\":true,\"valueName\":\"search_term_string\"}}],\"inLanguage\":\"en-US\"},{\"@type\":\"Organization\",\"@id\":\"https:\\\/\\\/velarogverkfaeri.is\\\/en\\\/#organization\",\"name\":\"V\u00e9lar & Verkf\u00e6ri\",\"url\":\"https:\\\/\\\/velarogverkfaeri.is\\\/en\\\/\",\"logo\":{\"@type\":\"ImageObject\",\"inLanguage\":\"en-US\",\"@id\":\"https:\\\/\\\/velarogverkfaeri.is\\\/en\\\/#\\\/schema\\\/logo\\\/image\\\/\",\"url\":\"https:\\\/\\\/velarogverkfaeri.is\\\/wp-content\\\/uploads\\\/2021\\\/10\\\/vv_logo_350x100.png\",\"contentUrl\":\"https:\\\/\\\/velarogverkfaeri.is\\\/wp-content\\\/uploads\\\/2021\\\/10\\\/vv_logo_350x100.png\",\"width\":350,\"height\":100,\"caption\":\"V\u00e9lar & Verkf\u00e6ri\"},\"image\":{\"@id\":\"https:\\\/\\\/velarogverkfaeri.is\\\/en\\\/#\\\/schema\\\/logo\\\/image\\\/\"},\"sameAs\":[\"https:\\\/\\\/www.facebook.com\\\/VelarOgVerkfaeri\"]}]}<\/script>\n<!-- \/ Yoast SEO plugin. -->","yoast_head_json":{"title":"ENERGIZER Mini Sporting Hla\u00f0anlegt H\u00f6fu\u00f0lj\u00f3s - V\u00e9lar &amp; Verkf\u00e6ri","robots":{"index":"index","follow":"follow","max-snippet":"max-snippet:-1","max-image-preview":"max-image-preview:large","max-video-preview":"max-video-preview:-1"},"canonical":"https:\/\/velarogverkfaeri.is\/en\/lykillausnir\/utivistarvorur\/hofudljos\/product\/energizer-mini-sporting-hladanlegt-hofudljos\/","og_locale":"en_US","og_type":"article","og_title":"ENERGIZER Mini Sporting Hla\u00f0anlegt H\u00f6fu\u00f0lj\u00f3s - V\u00e9lar &amp; Verkf\u00e6ri","og_description":"Tegund:&nbsp;7638900433760","og_url":"https:\/\/velarogverkfaeri.is\/en\/lykillausnir\/utivistarvorur\/hofudljos\/product\/energizer-mini-sporting-hladanlegt-hofudljos\/","og_site_name":"V\u00e9lar &amp; Verkf\u00e6ri","article_publisher":"https:\/\/www.facebook.com\/VelarOgVerkfaeri","article_modified_time":"2026-01-05T17:16:18+00:00","og_image":[{"width":600,"height":600,"url":"https:\/\/velarogverkfaeri.is\/wp-content\/uploads\/2024\/06\/ec29b764-c894-4265-ab8b-c95459a60136.jpg","type":"image\/jpeg"}],"twitter_card":"summary_large_image","twitter_misc":{"Est. reading time":"1 minute"},"schema":{"@context":"https:\/\/schema.org","@graph":[{"@type":"WebPage","@id":"https:\/\/velarogverkfaeri.is\/lykillausnir\/utivistarvorur\/hofudljos\/product\/energizer-mini-sporting-hladanlegt-hofudljos\/","url":"https:\/\/velarogverkfaeri.is\/lykillausnir\/utivistarvorur\/hofudljos\/product\/energizer-mini-sporting-hladanlegt-hofudljos\/","name":"ENERGIZER Mini Sporting Hla\u00f0anlegt H\u00f6fu\u00f0lj\u00f3s - V\u00e9lar &amp; Verkf\u00e6ri","isPartOf":{"@id":"https:\/\/velarogverkfaeri.is\/en\/#website"},"primaryImageOfPage":{"@id":"https:\/\/velarogverkfaeri.is\/lykillausnir\/utivistarvorur\/hofudljos\/product\/energizer-mini-sporting-hladanlegt-hofudljos\/#primaryimage"},"image":{"@id":"https:\/\/velarogverkfaeri.is\/lykillausnir\/utivistarvorur\/hofudljos\/product\/energizer-mini-sporting-hladanlegt-hofudljos\/#primaryimage"},"thumbnailUrl":"https:\/\/velarogverkfaeri.is\/wp-content\/uploads\/2024\/06\/ec29b764-c894-4265-ab8b-c95459a60136.jpg","datePublished":"2024-04-24T11:42:43+00:00","dateModified":"2026-01-05T17:16:18+00:00","breadcrumb":{"@id":"https:\/\/velarogverkfaeri.is\/lykillausnir\/utivistarvorur\/hofudljos\/product\/energizer-mini-sporting-hladanlegt-hofudljos\/#breadcrumb"},"inLanguage":"en-US","potentialAction":[{"@type":"ReadAction","target":["https:\/\/velarogverkfaeri.is\/lykillausnir\/utivistarvorur\/hofudljos\/product\/energizer-mini-sporting-hladanlegt-hofudljos\/"]}]},{"@type":"ImageObject","inLanguage":"en-US","@id":"https:\/\/velarogverkfaeri.is\/lykillausnir\/utivistarvorur\/hofudljos\/product\/energizer-mini-sporting-hladanlegt-hofudljos\/#primaryimage","url":"https:\/\/velarogverkfaeri.is\/wp-content\/uploads\/2024\/06\/ec29b764-c894-4265-ab8b-c95459a60136.jpg","contentUrl":"https:\/\/velarogverkfaeri.is\/wp-content\/uploads\/2024\/06\/ec29b764-c894-4265-ab8b-c95459a60136.jpg","width":600,"height":600},{"@type":"BreadcrumbList","@id":"https:\/\/velarogverkfaeri.is\/lykillausnir\/utivistarvorur\/hofudljos\/product\/energizer-mini-sporting-hladanlegt-hofudljos\/#breadcrumb","itemListElement":[{"@type":"ListItem","position":1,"name":"Home","item":"https:\/\/velarogverkfaeri.is\/"},{"@type":"ListItem","position":2,"name":"Vefverslun","item":"https:\/\/velarogverkfaeri.is\/vefverslun\/"},{"@type":"ListItem","position":3,"name":"ENERGIZER Mini Sporting Hla\u00f0anlegt H\u00f6fu\u00f0lj\u00f3s"}]},{"@type":"WebSite","@id":"https:\/\/velarogverkfaeri.is\/en\/#website","url":"https:\/\/velarogverkfaeri.is\/en\/","name":"V\u00e9lar & Verkf\u00e6ri","description":"Umbo\u00f0s- og heildverslun fr\u00e1 \u00e1rinu 1919","publisher":{"@id":"https:\/\/velarogverkfaeri.is\/en\/#organization"},"potentialAction":[{"@type":"SearchAction","target":{"@type":"EntryPoint","urlTemplate":"https:\/\/velarogverkfaeri.is\/en\/?s={search_term_string}"},"query-input":{"@type":"PropertyValueSpecification","valueRequired":true,"valueName":"search_term_string"}}],"inLanguage":"en-US"},{"@type":"Organization","@id":"https:\/\/velarogverkfaeri.is\/en\/#organization","name":"V\u00e9lar & Verkf\u00e6ri","url":"https:\/\/velarogverkfaeri.is\/en\/","logo":{"@type":"ImageObject","inLanguage":"en-US","@id":"https:\/\/velarogverkfaeri.is\/en\/#\/schema\/logo\/image\/","url":"https:\/\/velarogverkfaeri.is\/wp-content\/uploads\/2021\/10\/vv_logo_350x100.png","contentUrl":"https:\/\/velarogverkfaeri.is\/wp-content\/uploads\/2021\/10\/vv_logo_350x100.png","width":350,"height":100,"caption":"V\u00e9lar & Verkf\u00e6ri"},"image":{"@id":"https:\/\/velarogverkfaeri.is\/en\/#\/schema\/logo\/image\/"},"sameAs":["https:\/\/www.facebook.com\/VelarOgVerkfaeri"]}]}},"_links":{"self":[{"href":"https:\/\/velarogverkfaeri.is\/en\/wp-json\/wp\/v2\/product\/59938","targetHints":{"allow":["GET"]}}],"collection":[{"href":"https:\/\/velarogverkfaeri.is\/en\/wp-json\/wp\/v2\/product"}],"about":[{"href":"https:\/\/velarogverkfaeri.is\/en\/wp-json\/wp\/v2\/types\/product"}],"replies":[{"embeddable":true,"href":"https:\/\/velarogverkfaeri.is\/en\/wp-json\/wp\/v2\/comments?post=59938"}],"wp:featuredmedia":[{"embeddable":true,"href":"https:\/\/velarogverkfaeri.is\/en\/wp-json\/wp\/v2\/media\/61565"}],"wp:attachment":[{"href":"https:\/\/velarogverkfaeri.is\/en\/wp-json\/wp\/v2\/media?parent=59938"}],"wp:term":[{"taxonomy":"product_brand","embeddable":true,"href":"https:\/\/velarogverkfaeri.is\/en\/wp-json\/wp\/v2\/product_brand?post=59938"},{"taxonomy":"product_cat","embeddable":true,"href":"https:\/\/velarogverkfaeri.is\/en\/wp-json\/wp\/v2\/product_cat?post=59938"},{"taxonomy":"product_tag","embeddable":true,"href":"https:\/\/velarogverkfaeri.is\/en\/wp-json\/wp\/v2\/product_tag?post=59938"}],"curies":[{"name":"wp","href":"https:\/\/api.w.org\/{rel}","templated":true}]}}