{"id":59922,"date":"2023-04-28T17:41:26","date_gmt":"2023-04-28T17:41:26","guid":{"rendered":"https:\/\/velarogverkfaeri.is\/uncategorized\/product\/bahco-rortong-horn-2-443-b-nippiltong-1\/"},"modified":"2026-03-25T15:00:13","modified_gmt":"2026-03-25T15:00:13","slug":"bahco-rortong-horn-2-443-b-nippiltong-1","status":"publish","type":"product","link":"https:\/\/velarogverkfaeri.is\/en\/verkfaeralausnir\/handverkfaeri\/pipulagningarverkfaeri\/product\/bahco-rortong-horn-2-443-b-nippiltong-1\/","title":{"rendered":"BAHCO R\u00f6rt\u00f6ng horn 2&#8243; 443 B Nippilt\u00f6ng 45\u00b0"},"content":{"rendered":"<p><img decoding=\"async\" src=\"data:image\/png;base64,iVBORw0KGgoAAAANSUhEUgAAAd0AAAEaCAYAAABU0I1iAAAAAXNSR0IArs4c6QAAAARnQU1BAACxjwv8YQUAAAAJcEhZcwAADsMAAA7DAcdvqGQAACAVSURBVHhe7d3db1TV4v\/xj7+\/wZaD7S+gNBMIT+ccD4qRHC8gLUnVyElMDekvxAmc3nzBC3JqiJQ0FENs4oXUC0f4jiG\/htCYyDdKE9rAhSc1csTjsaWEZlK1xFbs1Hsu+a6199oze576IDOrpX2\/kq37cR6StfZnr4cpTzw0BAAAau7\/uP8DAIAaI3QBAPCE0AUAwBNCFwAATwhdAAA8IXQBAPCE0AUAwBNCFwAATwhdAAA8qRC6d5Q68IZerbikNebOHEuF+1KjbseiZDX4tr3ulAazbteiuc+WuuO2Fyk7rE573dvDmnW7ws+e\/y4AANTS\/C3dRFLnr1zW5yVLUjuCE7L6+cdgRT9MLyU95zSdsf\/PaPp+sKP27k9rwv4\/M50LXQAAfHrE7uV6tb4XBnFva73btxhb1eECvGOn21VrO5NFDwwAAPjFmC4AAJ48cujODp4qHZsdTQfjvOWWaOy3ZDw1uCbcjsaJw2WRY67RmG3F6xY5Fpz77PHri8e4i75v8N7hvvhnX9o4NwBgtat+S9eGVvewNh8+57pzz6kjER6y++bvTh7WSRNW\/Y3u2lRSm+2+2OSncoLg70hLufe8rDP77WstcaKWDU\/z2bW\/y7yG64YOArVHg7nxbft9Mkp1FL+23feGTspeG34Gb13nAIDHwvyhm0nrSK5155aFAnB6KpiAdTw3xluv1uM2PKVNjQuP+7Z2x8aH65t1\/LBJ7MyIvq0Ynnf0PxcyQaDHx5V3dITh+OWtxaauac2a4J6w4dqx1e0zzGfotSH6XrPWhTvc9ynz2jas49cCABAzf+iWm72cC5\/y1jVuDML6f2Jdq7O3RjShhBrXux1LELzefEb\/pUHzv4kLxwofDg4cUypj9k\/PhefNy\/6EybVmF\/h+gfoGbXKrcZsb69waAAClqt+9vNMEl2mdDnbnA\/CIaYm2dp\/WkiY4L5FtIRc8HETLgi1P2w1tAzqhjuOVA7dwnNkEtNsPAMBiVT90g+5eqSNVGH41G99c3xh0Xf9+zTqTG6ctM2nLTaw6ec2Ecu47danVHQYAYLFqMJHKdvd6\/KMXrqt38NL8Y83zs783tkFqW72FwTt2c9h1s9e2pQ4AWP1q0L38cjBbOd69HC2dS5pKvFhb1dHdHE76ik3yCn\/KtJT3tH+wwwVv7HXWNdqJXLEx6mg2s9sEAGCx5g\/dcrOXg6Xyb2fHUseUUvEErPBnQxMXPlzaT3gWy\/61KfvzotjnDceRL+v4LnfOopjgzb1O+JOgda3\/VfgQ8b50PPYzKAAAFuuJh4ZbrwL7RyR6JBN2JWO4we93p0yo0U0LAFibqty9XCfbGzvYXfSHI9wfzND+NgIXALBmVbmlG7I\/rzl5zW04tquXv9AEAFjLahK6AACgVA1+pwsAAMohdAEA8ITQBQDAE0IXAABPCF0AADwhdAEA8ITQBQDAE0IXAABPCF0AADwhdAEA8ITQBQDAE0IXAABPCF0AADwhdAEA8ITQBQDAE0IXAABPCF0AADwhdAEA8ITQBQDAkyceGm4958GDB24NAABUCy1dAAA8IXQBAPCE0AUAwBNCFwAATwhdAAA8IXQBAPCE0AUAwBNCFwAATwhdAAA8IXQBAPCE0AUAwBNCFwAATwhdAAA8IXQBAPCkJv+0X3boXR29OOm2jH2dGkhucRt3lU5Lydw2sHqNp99Uz1S7+k7vVb3bp9v9ajt7w21ILSc+UXK72wCwqlW\/pWtuKEcvblDXpU80ECy9Sk59pqG56Pi\/NeRWq83e4NoO2uVddZ16U125NwX8sw+fPVNNSrjtwNwNdZ29p+QHUf3olM6+qfRtdxzAqlb10B2\/ZZ7g9z2rbW5bqlPL6XfUUhduZX+5F67UwLbkJ+o71GTWJpUxDe2nn3JvCvgWPXy+vkEZt8sa\/6JfOvT3XH2QtuhlU2aHPr2hrNsDYPWqeujWN5jQux5r2cbYlmjQ7Xy9N2yRpu+6I3MaMi3TsJXqWqi2ReC22w72a9ydaVsP9rpcq\/ZU\/GY1p+xTfw9bEB+066ez+esAb3Kt2fbYw6d1V99cL30YrP\/zbiUmb+o\/RXWmpKwH9aCwruRbyHeVPviuhm7n601Qj2xXttsurCsAlkP1Q7flb2oxLc30W66i54I11hK1Y7w2GN247ni6UzOv57vbnr7Yqba3bmpP1AV3QuqJ3zBMaH+zyx3LjZXZm1Gnes6aa+37fiHtabqhb+i2g1cm\/N7q19Mn8r07hZrU8Ae3uhixst536J56Dsbqyom9Gip4sDT17lPpaLwefbpefcF2r5LqVx9DLsCyqsHs5S1KukrfYjeDVu38LU4bxvmJJFv03D7zv30mvKOb1vZn1RJvCTS16+WCiSdh4KY3ujC3y677SptG9U+\/cJOBP+PpXv10yARctSZGxcp6\/VMbzH\/36rnotf+wXgnd00ysiLe8Hj2EPinb6ZR4cYfbrlPDRikz81uwBWB51CB0I\/HwXbjFme9Ce1M9182OqAs6WHrnn3w1N6aRySYlX4nNiN7eri4b3oAvczc0YMpuxrYwo7JrZylP9uuoWQ+7gic182twNoA1qIahGwmfuCsLx6gGGnpzrVQblgnTWsi1WoOlUnddJXOamWIyFTyq26uegjJrlhN7g9aq7eJNbg97cYp7X7Lf3VSmabf+RFEFVr0qh24YoAU\/f7g9pPRkrEusxG+aKZhpHE42yVz8uGAyVnZunm5ic7Nr2zep9Bf58eOF3xfwb9sr7VJB2b6rqxcnY93CAFaz6obu3G9qeN3OGo66hW33mtR1KT+LM5ipGXUdB5Oj3E8mctf8W8\/ZFsIHuzUSTcYyS1\/fUNkZ0ZFtSft74FiXdNH7AiuCbQ2f2JCfaHiwV+KPYwBrRk3+IhUAACjlYUwXAABYhC4AAJ4QugAAeELoAgDgCaELAIAnhC4AAJ4QugAAeELoAgDgCaELAIAnhC4AAJ4QugAAeELoAgDgCaELAIAnhC4AAJ6U\/af9AABA9dHSBQDAE0IXAABPCF0AADwhdAEA8ITQBQDAE0IXAABPCF0AADwhdAEA8ITQBQDAE0IXAABPCF0AADwhdAEA8ITQBQDAE0IXAABPahK6s4On9OqBN\/JL6o47Yt1RqmAbWGWyw+qMlf\/Owaw7UGgs5Y6NpvXq28OadfsBrF7VD11zAzlyYaPOXLmsz4PlnDp+HFDuvjP6Lw261WqzN7HwRndKnW9XvtkBNWMDt2NEL6Wi8t+lTReOURYBBKoeumM3h6X9z2uH25bq1freabXWh1uz01PhSg3s6Lis84cTZi2jiYy0qdG9KeDJ7K0RTexvy5V3aateM2VyYnrObeeta0yEZXR9ozY\/06B1bj+A1euJh4ZbrwrbtXzkgtSRygdtxLZET15zG9b+Ln3esdWsZDX49jGlTFBamw+fU++u702LIa2JYE+zaTkngyAPXn+6TWfUE75WIqnz7zW7G1ZWY6MmfHeaNw5aHNNqd9cByyUo94rKOoC1rOqhG4zZHujJdyHngjUUhWZ8n70pfb37sjp22q3o+kQ+uO2Y16XGIFwVhHpGrd3R+ZHC4Nb+pDp+TGv6YPF5gEfBw19am0rKK4C1qAYTqbaqw41ltdrNaz169UBaY8Gx8my3cP6GtFUv7Df\/i3fR7XxerZkRfRsNi5nW7WvlAvcZE\/DRWPLu6SCAf5hmLA3LxTxAmsDV4XMELoBADX8yFA\/fYX096nZXkJ8E5bqgg7CO9sVazuVkv9eXGdMyPhDrvtuZ1Bkb3sCycD02+7vUWzzOAmDNqmHoRurUaOc2VWRbqW+ov\/FcrpVqw9KO6+ZarcFSOkY8v6x+\/pHJVFgO+cBlHBdAXJVDNwzQVLxVO3pVqUyzXqjYvTan6YKZxnf0tWnpTlz4MP8zI2M2O083cX2z2vdnlLoS+\/3vgu8L1AKBC6Cy6k6kyt7R2P0Z9XdHs46t\/MzjgJtYEhx3M4+jyVEhd378PGNzolkvHU\/qL7fMuf\/cE5uxHCmaSFX8vkDNFZfBOMojgJrMXgYAAOV4GNMFAAAWoQsAgCeELgAAnhC6AAB4QugCAOAJoQsAgCeELgAAnhC6AAB4QugCAOAJoQsAgCeELgAAnhC6AAB4QugCAOAJoQsAgCdl\/2m\/Bw8euDUAAFAttHQBAPCE0AUAwBNCFwAATwhdAAA8IXQBAPCE0AUAwBNCFwAATwhdAAA8IXQBAPCE0AUAwBNCFwAATwhdAAA8IXQBAPCE0AUAwJPqh+7tfrUd7Ne421wu4+k31Za+67aA5RGUw1M3lHXbgbkb6jpo9kdL8XHdVTp+nHIMrBq0dIEayQ69q56pJiXcdsAG7lv9evrEJxq4ZJdeJdWvo7lgndPQqV79dKjXHf9EXeoleIFVgtAFauG2CdKLG9T1+gZl3C4r+91NZfZ1Krnd7VCd\/vRikzT1S9javT2ktNp1tKUuOGpte6VdieufaWjO7QDw2PIeuvbpP9dtFu+GDrrczHbQPV3meHGXm1u6ojtR0XXfhHsB\/2xZPntPyQ\/atc3titS3vKOB5Ba3Zc3pP19NquX1vao3W+O3bkgbnwrWc+p2aE\/TpEa+K0zdoC6ZFnDQhe3K\/XjQUo6231T6tjs5qD\/vauh2vms7qDvxelPSzQ2g2ryGrr1JBE\/\/rtts4ITUU1DRb6jn1rP5brcms+261cbTRV1u+6SE2e6xLYLgJndDLbkuu2el68FlgGcm3ILu43cUa6yWEYVjp0ZeNGU91\/I15brhSbe2CNd79c2usNz3HbqnHvN6M6+7enBir4bOxh9cJ5X+VDoa1JFOPX2xU22frldfsB12c\/fRnAZqymPouif6E7Gn\/+0tpqLf1H9y9bxJyVeiVkC8221OM1NudxmlXXZb9JwJZcC36OEwHqLl1anldBh2e74y4fd7x2yb2vWye6\/6pzaY\/+7Vc9F7\/2G9ErqnmViORi1q6Uk1mOqVeHGH265Tw0YpM\/NbsAWgNjyG7m+amZR58nZdWcHSqfTkpGZ+dadUZG9Q7ubkru2Zyo97Ze0LA8tt7oYGrpvgsi3IqIyfvWEamP06atbzXb1xpmybINT1f+dapAQfsHp5DN3wyTrfBZxfFm4V2K7pj4NuuNx1p6MndmCFqNurnli5DpYTJlBNa9R24Sa3h13KuXkIZWzbZc6PJlVF5sY0MtmkPX+et78awGPAY+iG3cVDnxZO1sjOLW4Mqf7Pu6V4C8Iubjw4uFHFZ3e6FgewsoSt2szFj2MzkU0QmzqRONQSDrsEQy6FY6vjX\/Qrs+9vC4wRA3gc1Ch0b6gnHo5msU\/3duZm34s3g662aH9f39AifgphJ6fcV1tBK6JTLZP9umq77LablsQhmXPc6\/ZJbYdMsxpYaUxZHTixIV9W3USqYEJgwA6luElOro70qLNoxjOAx9UTDw23nvPgwQO3tkLY2clv3dSeD2IzQoN9NohLf5YBAMBK9HiErmV\/T2gnpeTsVReBCwB4jDw+oQsAwGPO40QqAADWNkIXAABPCF0AADwhdAEA8ITQBQDAE0IXAABPCF0AADwhdAEA8ITQBQDAE0IXAABPCF0AADwhdAEA8KTsP3gAAACqj5YuAACeELoAAHhC6AIA4AmhCwCAJ4QuAACeELoAAHhC6AIA4AmhCwCAJ4QuAACeELoAAHhC6AIA4AmhCwCAJ4QuAACeELoAAHhS09AdS72hVw+c0mDW7SiQ1eDb9rhZUnfcvgqyw0qVfxFgRQvqwNvDmnXb1uzgqbDcx5bUqDsYZ8p9Z3TOvHUkVpfmPf+OUu54Z1SfRtPumkr1dJHK1lHzfgvVbWCtsf+ebm2MP\/zota6H\/+hse\/iPq7NuX96vV7sevvLRuNuanz233GvMZ\/SjtoevvGaXyp8BqKWgjHfa8jf08Fe3z7Jl86Pv3UZFsw+vmmujYlvxmu\/\/OyjnxeU7LP\/56y27r\/C8sI5Wo2qUraP2sy2yjgNrRc1aurODAxpM7NHxg82auHBVY25\/ZHY6o82NdW5rfvbcpdrRcVnnDyfMWkYT5vJNjfXhAcAH04I8cmGjzhzcqAm3K5TVzz8m1LjebVY0p2nt0V9csd2xu1k\/TJdpSXYPa\/Phc+ptLSzftvyf2Z9R6v2olW3ft6geZGf0gzbq\/1ahapSro7PTU24NQOQJm7xuvYpsd9cxTR+8rI6d8fX8sVSsjoY3DRXuTyR1\/r0\/6tuy55q7hO0WMzecSGt39PqRrMZGzc1npznXdtN1TKv9SlI77KEFrwUeQVDeRvRS6rRa75uydqnRlOVmrQsO2i7eATXaY\/OGna0nH0rHw\/NsN\/XXu4vKaVCOpTNRuS6W+xxtmu7o0aDbbbX+v2YN\/v98HZCaw9eZp27YbvEjF6LK6M6vUJ\/bp4\/p5DW3w9rfpc87troNYA0L2rvVNjv08B+v\/ffDUbcZdrOVdrHFu6NKzpkdfzjqDpfvFsu\/fvH7hV1zUfeyWT4aCrbD7rmFrgUehS1fsa5g28VaUK5teYuVzfi5JcLXCstwaTdtuXpVKP5ZwjpR8F4lZb\/osxuj34fvG7xX\/Nyi71VaR901dC8DBWrSvTx2Ja2J\/c\/nnr7XtbapNTOibxeaqJGZzk84qd+qHRVbAlvVEX+6r2\/QJk3p5+D13ZP3M+bJ+srlcNk9HTyJh91z810LPJqxVI9+MC29ij0n9c3qjcqlXVJJ\/dBdYSJVUFbdeR5bifFu7B077ftm9e0\/M6bVG6s3O19WhxZRpwEUqEHo3tHXtlvpWk9+JuUB27WV0Ze3KtfQda2n9Xm3dLJ4dmVF+ZmY4es72e\/1ZSahjgOxm9TOpM7sd+uBCtcCjyI7rH5T9icuHHNlyyy2qzaT1hGzXjZYTQi3m7I5eHPps3zXNW4sfFAtFozZLmb8OGJD\/pxe+mf0+dNuLsac7JDtoHk4yH2vA7ZLOaPp+8EJABap6qEbTqBK6nz8ad4u3eUnVBUw4Rie36VN5sZV\/unfsGNVwbhY9PpdanWHyotNIlnytcAiFbdi7WLKfTA\/waxXfd7AzudN2TVBX+EBNehxSuQnYy1OvVrfCz\/7+cNTOhn83KlOjYlwfLfgu9XiOwGrXJVDN+yG2vzXP7pJIzHuBvF1pSAdvVMUyPM8od+fLryZjP4r31oNWg4Zpa7EWg6jV81TebNesDeI+a4Fam00XfgwabZPXivqmVk00zJNJSXzgFrcM2QnXgWvezyawLUYdvJhUYA\/02Cur9df\/prQ4KWi3xtnF+qNAlCsqrOXw9mNMjeC8jMzwxtBOOtRZr2\/Mf9ThzFzbf+FTO7nFQU\/g4jPqAxmQdYVzpjcn1THjyO5mZ725lE4ozKaaWkVHSu5FqgiW3Zzs5dN2Ru8qukLw7EHvXjZ\/L1KZxCXzhYOz8n\/isDuKprVn72j1Ps9Gixbb4pnL5s6mmjWS8eTYb0pqaPmvYPXN61tuy\/4NcJSHgCA1alGPxkCAADFavbHMQAAQCFCFwAATwhdAAA8IXQBAPCE0AUAwBNCFwAATwhdAAA8IXQBAPCE0AUAwBNCFwAATwhdAAA8IXQBAPCE0AUAwBNCFwAAT8r+034PHjxwawAAoFpo6QIA4AmhCwCAJ4QuAACeELoAAHhC6AIA4AmhCwCAJ4QuAACeELoAAHhC6AIA4AmhCwCAJ4QuAACeELoAAHhC6AIA4AmhCwCAJ7UL3bkb6jr4ptriy6kbyrrDwKpUrtwffFdDc+64M562+\/s17s7vKj6hrLtKp++69cichk6Z17J163Z\/8H7p2+5QtQSfsfQ7yL1fW8ln+j3KfTdg9anJv6drbyg915uU\/OAdtdS5nUZ26F0d\/Wq3+k7vVb3bt2T2BvBWvzJmNdHUpMzkBnVdate28CiwvILyeVN7YmU\/KPcXq1BObcjdelYDyS1uhydlvlNUD3WoVz3xSv57Ldd3AzyrfkvXVJ5ygWvVt7yjgUcJXKtur3oudarFrGYmJ6Wm9Y\/2ekCN1bf8zZTXG\/rmEVug2V\/uubXlZlrXfebBd19ndQLXWDnfDaitqrd0g1auOhf3xBprtVotJz5Rcrtdu6v0wc\/UcGK3Rs6Gx\/PHjNt3Nb59S9BqsO830FClp23gUZVrFQbluVeKleGw9WseGp14+Q7LdKf2fNWrtD3FhFuXTBm\/Hh4PmH1RHQt7loJVI\/7AW1qPCo8XX+s0tRf2RhV9p+CaqaJzLNtaPXvDbSzwnYyEayWXfIbYdwNWmyq3dOc0M2UqU8OTbnseLnCfNhVz4JJdOqWz8XGjSaU\/lY4Gx+KBayu2qaxurGymYa8yX40xVowVazzdqyETZC8XBK7tbnZl\/4N2\/XS2cCw2c\/EzU\/jdcRNA25KfqO9QUxhIbp+VC8DotU5sUPqtyvWoa5\/Z7nNzK2yvVMG1e0sDt4j97D3X96qr5BwT8GdV9J36Ne6OWgXfybxX5uLHwees9N2A1cjP7GUbsEFIugkfZlf2u5tB91QuTLVFLx+SRr7Lz9Zoeb3ck\/Q986TuKu6lv0tfmSfryfuELlYQE2xvufJulqDnJxdSc\/rPV5OmFRgb363bq7Z90tCt2ESifX8rGZ4pdVff2KGco7F6sr1FyabJivVo2y4TrK6+LK1LN\/xOtnWeONRSZmx6i5LxMeu6p\/S07mkm\/zEKv9P2Z9ViXnPmV7cNrBFVDt06NWw0T7Qzv7ltJxiHDZ9uI9mZSel6b+7GZBdboUuujRm\/ZQK24GZUp5aj7Uq4LWBlsF249qGw1wSg25Xzm2zRL1bfYE6c+mVpD49zv+gnt5pXoQ6WYedY9L14U0ejOmgfaOMBXsB9J9OC1cXOCrOtbXd2VJ9N697tBZBX9ZZu8CR9\/bPSnxcUCW4yUXdSfFlq19Kv95VhMhVWJPdQaB4u813HT8oW\/WLBQ+jGp5ZWjoPWZLGlDfH02V8T5Opf6eTHEvYBulzwBr1Zn6kh1wsVTnYEUKj63cvb28Nxo4JxpVC8O6v+z7vNzagonOfm5n3S3\/aKvYHFr5nT0Kc3lHhxB6GLlcmG1Im9GsrNV6jTn15sMtux8U4TWAPXpZZdSx3L3KLn4mO01u0hpSebtOfPC\/ZNm4+yQ3vUn2\/pBkuZ3+MWKxe8wcPvbv0petvb\/6alC5RRkzFdOzFi4IPdGomNa9klmDwSjW0FFbfonL6PdXW+Gh\/cwOxEkeiaTo28yMxlrHC5B9FwslTQrXvonpsMaBY3oTA\/v6G88EHVDcm4uRG2rnVtjAVnMOdhES1WYzzdqZnXo5ZpuASf84tF\/JGKWPAGn8WOJccD\/Nb6Ml3rlZX7bsBqVJM\/jgFgpbN\/yar4oTXcZ4N4oQcAAL8PoQusWeHvh+PdwAW\/hwdQdYQuAACe+PmdLgAAIHQBAPCF0AUAwBNCFwAATwhdAAA8IXQBAPCE0AUAwBNCFwAATwhdAAA8IXQBAPCE0AUAwBNCFwAAT8r+gwcAAKD6aOkCAOAJoQsAgCeELgAAnhC6AAB4QugCAOAJoQsAgCeELgAAnhC6AAB4QugCAOAJoQsAgCeELgAAnhC6AAB4QugCAOAJoQsAgCfVD93ssDoPnNJg1m0vp5X0WbDmjKXe0KtvD2vWbecE5dIcc0tnSQHNavDt\/PFXS8rwHaVi17+auuP2A1jpaOkCVReG5slrbjPOBm7HiF5KXdbnV+zSpU0XjsWC1157TKlnutzxyzp\/WEp1pDWWO96jHw6fyx0\/ox6CF3hM1Ch0M+YmEXsSp7WJNcO2Ql1odje7fXmzt0Y0sb9NrfVuh7bqtcMJTUzPhZvZ7\/VlpllnOraG28a6XXu0WVP62dah0atKKanj+RfQjgNJbb42QB0DHgM1Ct2EOnJP8mbp3mhC2Aav6zYrfiofTZtgDp\/kbZdc5+Cdgu61ePfb7OCp3P78Em8F5Pd3XpkO9gLeZOv0mi3zsdCMW9d6uuTY7HTGrRn1zeq9ktQOt2nFg3rs5rD0TIPWuWOB+j\/qpURGX94qTd2gi7ugrpilXJc3AC\/8dC\/vfFkdwU1Baj1e\/FRugvLSsFq78zeaiQsD0vEosJvN9ofh+dlhvX9ho85EYZ4yryXTKnA3qbGUaWGYVsB5d\/x445QmglcEPKmvLwzEhZgy3X\/N1IvdpSEdPWAe+ecenY8F9ebGOre2APMwe\/LHfH0IWt4Js\/1e89I+I4Cq8T+ma57k2\/fHnsptd1mmWS\/sDDcD8e63nc+rVRlN3zfr96fnCdE7+vqaaWEfz99Qwm45YKW6E4zV6vA5dcTLvxO0ik1Ynv\/riI7kenMWb3Z6yq0BWCm8hO7s4IcmWBN6aVeYpDt229br1bA7+eawNh9+uaA7raKdSfO0Lp2MusnMDWtT1ELOzuiH4CTgcWDHfns0uL9LvbHx2XLWtZqHUA3r69FwOzf+uwAb2mFgu\/rSPVXwUArAPy8TqY4EXcKnY61X2908rP5UWv3XTMt3gZtOnrlRmdDNdS+bpVwLAVjZ8oFbMr5ru5TnGXO1D6z6cabweDD5Kv9Qm2OHY2zXdK6+xOoggGXhZyJV0cQQqV6tB01r99qwtNhWbmCrXtg\/nG\/puiVlWwBuMknqSn6S1tiVNGO6WGEqB64VtGozab1fMHlwQIOJpF6zD5j2gVWFx4NyXjAj2rF1wpyba+kGC78kAJbTEw8Nt14dud8hLvRUbW8+A2osOs\/Otjyp+A0pvEmp+7Jemz6l9\/VfBd1xtmUQTDQJJoe4G5o71trdZa4rfQ+gloIyeSE2I9kKJjD9Ud\/a3+AWHQrlJwTmgjlYN0omPxUdrxDgti59vbuwN6i0fgHwqfqhu0jBjWm6bUmVv9wNw+7rbzy34LgYsLaEf2Tjy7\/G60a4b\/ogwzLAclme0LW\/y7WTOpbcAg1vGvGWwubDBC5QXlGL2GjtJnCB5bRsLV0AANYa\/7\/TBQBgjSJ0AQDwhNAFAMATQhcAAE8IXQAAPCF0AQDwhNAFAMATQhcAAC+k\/wVdG4mmEv41UQAAAABJRU5ErkJggg==\" alt=\"\"><\/p>","protected":false},"excerpt":{"rendered":"<p><span style=\"color: rgb(77, 80, 87); font-family: Lato, Arial; font-size: 16px;\">Tveggja handfanga t\u00f6ng 45\u00b0.<\/span><br style=\"margin: 0px; outline: none; padding: 0px; color: rgb(77, 80, 87); font-family: Lato, Arial; font-size: 16px;\"><span style=\"color: rgb(77, 80, 87); font-family: Lato, Arial; font-size: 16px;\">Lengd: 430mm<\/span><br style=\"margin: 0px; outline: none; padding: 0px; color: rgb(77, 80, 87); font-family: Lato, Arial; font-size: 16px;\"><span style=\"color: rgb(77, 80, 87); font-family: Lato, Arial; font-size: 16px;\">Geta: 65mm<\/span><\/p>","protected":false},"featured_media":59921,"comment_status":"closed","ping_status":"closed","template":"","meta":[],"product_brand":[],"product_cat":[588,774,515],"product_tag":[1024,1090],"class_list":{"0":"post-59922","1":"product","2":"type-product","3":"status-publish","4":"has-post-thumbnail","6":"product_cat-handverkfaeri","7":"product_cat-pipulagningarverkfaeri","8":"product_cat-verkfaeralausnir","9":"product_tag-bahco","10":"product_tag-tong","12":"first","13":"instock","14":"taxable","15":"shipping-taxable","16":"purchasable","17":"product-type-simple"},"yoast_head":"<!-- This site is optimized with the Yoast SEO plugin v27.3 - https:\/\/yoast.com\/product\/yoast-seo-wordpress\/ -->\n<title>BAHCO R\u00f6rt\u00f6ng horn 2&quot; 443 B Nippilt\u00f6ng 45\u00b0 - V\u00e9lar &amp; Verkf\u00e6ri<\/title>\n<meta name=\"robots\" content=\"index, follow, max-snippet:-1, max-image-preview:large, max-video-preview:-1\" \/>\n<link rel=\"canonical\" href=\"https:\/\/velarogverkfaeri.is\/en\/verkfaeralausnir\/handverkfaeri\/pipulagningarverkfaeri\/product\/bahco-rortong-horn-2-443-b-nippiltong-1\/\" \/>\n<meta property=\"og:locale\" content=\"en_US\" \/>\n<meta property=\"og:type\" content=\"article\" \/>\n<meta property=\"og:title\" content=\"BAHCO R\u00f6rt\u00f6ng horn 2&quot; 443 B Nippilt\u00f6ng 45\u00b0 - V\u00e9lar &amp; Verkf\u00e6ri\" \/>\n<meta property=\"og:description\" content=\"Tveggja handfanga t\u00f6ng 45\u00b0.Lengd: 430mmGeta: 65mm\" \/>\n<meta property=\"og:url\" content=\"https:\/\/velarogverkfaeri.is\/en\/verkfaeralausnir\/handverkfaeri\/pipulagningarverkfaeri\/product\/bahco-rortong-horn-2-443-b-nippiltong-1\/\" \/>\n<meta property=\"og:site_name\" content=\"V\u00e9lar &amp; Verkf\u00e6ri\" \/>\n<meta property=\"article:publisher\" content=\"https:\/\/www.facebook.com\/VelarOgVerkfaeri\" \/>\n<meta property=\"article:modified_time\" content=\"2026-03-25T15:00:13+00:00\" \/>\n<meta property=\"og:image\" content=\"https:\/\/velarogverkfaeri.is\/wp-content\/uploads\/2024\/04\/3daab714-f65e-466b-890f-d0db28d50fad.jpg\" \/>\n\t<meta property=\"og:image:width\" content=\"679\" \/>\n\t<meta property=\"og:image:height\" content=\"462\" \/>\n\t<meta property=\"og:image:type\" content=\"image\/jpeg\" \/>\n<meta name=\"twitter:card\" content=\"summary_large_image\" \/>\n<script type=\"application\/ld+json\" class=\"yoast-schema-graph\">{\"@context\":\"https:\\\/\\\/schema.org\",\"@graph\":[{\"@type\":\"WebPage\",\"@id\":\"https:\\\/\\\/velarogverkfaeri.is\\\/verkfaeralausnir\\\/handverkfaeri\\\/pipulagningarverkfaeri\\\/product\\\/bahco-rortong-horn-2-443-b-nippiltong-1\\\/\",\"url\":\"https:\\\/\\\/velarogverkfaeri.is\\\/verkfaeralausnir\\\/handverkfaeri\\\/pipulagningarverkfaeri\\\/product\\\/bahco-rortong-horn-2-443-b-nippiltong-1\\\/\",\"name\":\"BAHCO R\u00f6rt\u00f6ng horn 2\\\" 443 B Nippilt\u00f6ng 45\u00b0 - V\u00e9lar &amp; Verkf\u00e6ri\",\"isPartOf\":{\"@id\":\"https:\\\/\\\/velarogverkfaeri.is\\\/en\\\/#website\"},\"primaryImageOfPage\":{\"@id\":\"https:\\\/\\\/velarogverkfaeri.is\\\/verkfaeralausnir\\\/handverkfaeri\\\/pipulagningarverkfaeri\\\/product\\\/bahco-rortong-horn-2-443-b-nippiltong-1\\\/#primaryimage\"},\"image\":{\"@id\":\"https:\\\/\\\/velarogverkfaeri.is\\\/verkfaeralausnir\\\/handverkfaeri\\\/pipulagningarverkfaeri\\\/product\\\/bahco-rortong-horn-2-443-b-nippiltong-1\\\/#primaryimage\"},\"thumbnailUrl\":\"https:\\\/\\\/velarogverkfaeri.is\\\/wp-content\\\/uploads\\\/2024\\\/04\\\/3daab714-f65e-466b-890f-d0db28d50fad.jpg\",\"datePublished\":\"2023-04-28T17:41:26+00:00\",\"dateModified\":\"2026-03-25T15:00:13+00:00\",\"breadcrumb\":{\"@id\":\"https:\\\/\\\/velarogverkfaeri.is\\\/verkfaeralausnir\\\/handverkfaeri\\\/pipulagningarverkfaeri\\\/product\\\/bahco-rortong-horn-2-443-b-nippiltong-1\\\/#breadcrumb\"},\"inLanguage\":\"en-US\",\"potentialAction\":[{\"@type\":\"ReadAction\",\"target\":[\"https:\\\/\\\/velarogverkfaeri.is\\\/verkfaeralausnir\\\/handverkfaeri\\\/pipulagningarverkfaeri\\\/product\\\/bahco-rortong-horn-2-443-b-nippiltong-1\\\/\"]}]},{\"@type\":\"ImageObject\",\"inLanguage\":\"en-US\",\"@id\":\"https:\\\/\\\/velarogverkfaeri.is\\\/verkfaeralausnir\\\/handverkfaeri\\\/pipulagningarverkfaeri\\\/product\\\/bahco-rortong-horn-2-443-b-nippiltong-1\\\/#primaryimage\",\"url\":\"https:\\\/\\\/velarogverkfaeri.is\\\/wp-content\\\/uploads\\\/2024\\\/04\\\/3daab714-f65e-466b-890f-d0db28d50fad.jpg\",\"contentUrl\":\"https:\\\/\\\/velarogverkfaeri.is\\\/wp-content\\\/uploads\\\/2024\\\/04\\\/3daab714-f65e-466b-890f-d0db28d50fad.jpg\",\"width\":679,\"height\":462},{\"@type\":\"BreadcrumbList\",\"@id\":\"https:\\\/\\\/velarogverkfaeri.is\\\/verkfaeralausnir\\\/handverkfaeri\\\/pipulagningarverkfaeri\\\/product\\\/bahco-rortong-horn-2-443-b-nippiltong-1\\\/#breadcrumb\",\"itemListElement\":[{\"@type\":\"ListItem\",\"position\":1,\"name\":\"Home\",\"item\":\"https:\\\/\\\/velarogverkfaeri.is\\\/\"},{\"@type\":\"ListItem\",\"position\":2,\"name\":\"Vefverslun\",\"item\":\"https:\\\/\\\/velarogverkfaeri.is\\\/vefverslun\\\/\"},{\"@type\":\"ListItem\",\"position\":3,\"name\":\"BAHCO R\u00f6rt\u00f6ng horn 2&#8243; 443 B Nippilt\u00f6ng 45\u00b0\"}]},{\"@type\":\"WebSite\",\"@id\":\"https:\\\/\\\/velarogverkfaeri.is\\\/en\\\/#website\",\"url\":\"https:\\\/\\\/velarogverkfaeri.is\\\/en\\\/\",\"name\":\"V\u00e9lar & Verkf\u00e6ri\",\"description\":\"Umbo\u00f0s- og heildverslun fr\u00e1 \u00e1rinu 1919\",\"publisher\":{\"@id\":\"https:\\\/\\\/velarogverkfaeri.is\\\/en\\\/#organization\"},\"potentialAction\":[{\"@type\":\"SearchAction\",\"target\":{\"@type\":\"EntryPoint\",\"urlTemplate\":\"https:\\\/\\\/velarogverkfaeri.is\\\/en\\\/?s={search_term_string}\"},\"query-input\":{\"@type\":\"PropertyValueSpecification\",\"valueRequired\":true,\"valueName\":\"search_term_string\"}}],\"inLanguage\":\"en-US\"},{\"@type\":\"Organization\",\"@id\":\"https:\\\/\\\/velarogverkfaeri.is\\\/en\\\/#organization\",\"name\":\"V\u00e9lar & Verkf\u00e6ri\",\"url\":\"https:\\\/\\\/velarogverkfaeri.is\\\/en\\\/\",\"logo\":{\"@type\":\"ImageObject\",\"inLanguage\":\"en-US\",\"@id\":\"https:\\\/\\\/velarogverkfaeri.is\\\/en\\\/#\\\/schema\\\/logo\\\/image\\\/\",\"url\":\"https:\\\/\\\/velarogverkfaeri.is\\\/wp-content\\\/uploads\\\/2021\\\/10\\\/vv_logo_350x100.png\",\"contentUrl\":\"https:\\\/\\\/velarogverkfaeri.is\\\/wp-content\\\/uploads\\\/2021\\\/10\\\/vv_logo_350x100.png\",\"width\":350,\"height\":100,\"caption\":\"V\u00e9lar & Verkf\u00e6ri\"},\"image\":{\"@id\":\"https:\\\/\\\/velarogverkfaeri.is\\\/en\\\/#\\\/schema\\\/logo\\\/image\\\/\"},\"sameAs\":[\"https:\\\/\\\/www.facebook.com\\\/VelarOgVerkfaeri\"]}]}<\/script>\n<!-- \/ Yoast SEO plugin. -->","yoast_head_json":{"title":"BAHCO R\u00f6rt\u00f6ng horn 2\" 443 B Nippilt\u00f6ng 45\u00b0 - V\u00e9lar &amp; Verkf\u00e6ri","robots":{"index":"index","follow":"follow","max-snippet":"max-snippet:-1","max-image-preview":"max-image-preview:large","max-video-preview":"max-video-preview:-1"},"canonical":"https:\/\/velarogverkfaeri.is\/en\/verkfaeralausnir\/handverkfaeri\/pipulagningarverkfaeri\/product\/bahco-rortong-horn-2-443-b-nippiltong-1\/","og_locale":"en_US","og_type":"article","og_title":"BAHCO R\u00f6rt\u00f6ng horn 2\" 443 B Nippilt\u00f6ng 45\u00b0 - V\u00e9lar &amp; Verkf\u00e6ri","og_description":"Tveggja handfanga t\u00f6ng 45\u00b0.Lengd: 430mmGeta: 65mm","og_url":"https:\/\/velarogverkfaeri.is\/en\/verkfaeralausnir\/handverkfaeri\/pipulagningarverkfaeri\/product\/bahco-rortong-horn-2-443-b-nippiltong-1\/","og_site_name":"V\u00e9lar &amp; Verkf\u00e6ri","article_publisher":"https:\/\/www.facebook.com\/VelarOgVerkfaeri","article_modified_time":"2026-03-25T15:00:13+00:00","og_image":[{"width":679,"height":462,"url":"https:\/\/velarogverkfaeri.is\/wp-content\/uploads\/2024\/04\/3daab714-f65e-466b-890f-d0db28d50fad.jpg","type":"image\/jpeg"}],"twitter_card":"summary_large_image","schema":{"@context":"https:\/\/schema.org","@graph":[{"@type":"WebPage","@id":"https:\/\/velarogverkfaeri.is\/verkfaeralausnir\/handverkfaeri\/pipulagningarverkfaeri\/product\/bahco-rortong-horn-2-443-b-nippiltong-1\/","url":"https:\/\/velarogverkfaeri.is\/verkfaeralausnir\/handverkfaeri\/pipulagningarverkfaeri\/product\/bahco-rortong-horn-2-443-b-nippiltong-1\/","name":"BAHCO R\u00f6rt\u00f6ng horn 2\" 443 B Nippilt\u00f6ng 45\u00b0 - V\u00e9lar &amp; Verkf\u00e6ri","isPartOf":{"@id":"https:\/\/velarogverkfaeri.is\/en\/#website"},"primaryImageOfPage":{"@id":"https:\/\/velarogverkfaeri.is\/verkfaeralausnir\/handverkfaeri\/pipulagningarverkfaeri\/product\/bahco-rortong-horn-2-443-b-nippiltong-1\/#primaryimage"},"image":{"@id":"https:\/\/velarogverkfaeri.is\/verkfaeralausnir\/handverkfaeri\/pipulagningarverkfaeri\/product\/bahco-rortong-horn-2-443-b-nippiltong-1\/#primaryimage"},"thumbnailUrl":"https:\/\/velarogverkfaeri.is\/wp-content\/uploads\/2024\/04\/3daab714-f65e-466b-890f-d0db28d50fad.jpg","datePublished":"2023-04-28T17:41:26+00:00","dateModified":"2026-03-25T15:00:13+00:00","breadcrumb":{"@id":"https:\/\/velarogverkfaeri.is\/verkfaeralausnir\/handverkfaeri\/pipulagningarverkfaeri\/product\/bahco-rortong-horn-2-443-b-nippiltong-1\/#breadcrumb"},"inLanguage":"en-US","potentialAction":[{"@type":"ReadAction","target":["https:\/\/velarogverkfaeri.is\/verkfaeralausnir\/handverkfaeri\/pipulagningarverkfaeri\/product\/bahco-rortong-horn-2-443-b-nippiltong-1\/"]}]},{"@type":"ImageObject","inLanguage":"en-US","@id":"https:\/\/velarogverkfaeri.is\/verkfaeralausnir\/handverkfaeri\/pipulagningarverkfaeri\/product\/bahco-rortong-horn-2-443-b-nippiltong-1\/#primaryimage","url":"https:\/\/velarogverkfaeri.is\/wp-content\/uploads\/2024\/04\/3daab714-f65e-466b-890f-d0db28d50fad.jpg","contentUrl":"https:\/\/velarogverkfaeri.is\/wp-content\/uploads\/2024\/04\/3daab714-f65e-466b-890f-d0db28d50fad.jpg","width":679,"height":462},{"@type":"BreadcrumbList","@id":"https:\/\/velarogverkfaeri.is\/verkfaeralausnir\/handverkfaeri\/pipulagningarverkfaeri\/product\/bahco-rortong-horn-2-443-b-nippiltong-1\/#breadcrumb","itemListElement":[{"@type":"ListItem","position":1,"name":"Home","item":"https:\/\/velarogverkfaeri.is\/"},{"@type":"ListItem","position":2,"name":"Vefverslun","item":"https:\/\/velarogverkfaeri.is\/vefverslun\/"},{"@type":"ListItem","position":3,"name":"BAHCO R\u00f6rt\u00f6ng horn 2&#8243; 443 B Nippilt\u00f6ng 45\u00b0"}]},{"@type":"WebSite","@id":"https:\/\/velarogverkfaeri.is\/en\/#website","url":"https:\/\/velarogverkfaeri.is\/en\/","name":"V\u00e9lar & Verkf\u00e6ri","description":"Umbo\u00f0s- og heildverslun fr\u00e1 \u00e1rinu 1919","publisher":{"@id":"https:\/\/velarogverkfaeri.is\/en\/#organization"},"potentialAction":[{"@type":"SearchAction","target":{"@type":"EntryPoint","urlTemplate":"https:\/\/velarogverkfaeri.is\/en\/?s={search_term_string}"},"query-input":{"@type":"PropertyValueSpecification","valueRequired":true,"valueName":"search_term_string"}}],"inLanguage":"en-US"},{"@type":"Organization","@id":"https:\/\/velarogverkfaeri.is\/en\/#organization","name":"V\u00e9lar & Verkf\u00e6ri","url":"https:\/\/velarogverkfaeri.is\/en\/","logo":{"@type":"ImageObject","inLanguage":"en-US","@id":"https:\/\/velarogverkfaeri.is\/en\/#\/schema\/logo\/image\/","url":"https:\/\/velarogverkfaeri.is\/wp-content\/uploads\/2021\/10\/vv_logo_350x100.png","contentUrl":"https:\/\/velarogverkfaeri.is\/wp-content\/uploads\/2021\/10\/vv_logo_350x100.png","width":350,"height":100,"caption":"V\u00e9lar & Verkf\u00e6ri"},"image":{"@id":"https:\/\/velarogverkfaeri.is\/en\/#\/schema\/logo\/image\/"},"sameAs":["https:\/\/www.facebook.com\/VelarOgVerkfaeri"]}]}},"_links":{"self":[{"href":"https:\/\/velarogverkfaeri.is\/en\/wp-json\/wp\/v2\/product\/59922","targetHints":{"allow":["GET"]}}],"collection":[{"href":"https:\/\/velarogverkfaeri.is\/en\/wp-json\/wp\/v2\/product"}],"about":[{"href":"https:\/\/velarogverkfaeri.is\/en\/wp-json\/wp\/v2\/types\/product"}],"replies":[{"embeddable":true,"href":"https:\/\/velarogverkfaeri.is\/en\/wp-json\/wp\/v2\/comments?post=59922"}],"wp:featuredmedia":[{"embeddable":true,"href":"https:\/\/velarogverkfaeri.is\/en\/wp-json\/wp\/v2\/media\/59921"}],"wp:attachment":[{"href":"https:\/\/velarogverkfaeri.is\/en\/wp-json\/wp\/v2\/media?parent=59922"}],"wp:term":[{"taxonomy":"product_brand","embeddable":true,"href":"https:\/\/velarogverkfaeri.is\/en\/wp-json\/wp\/v2\/product_brand?post=59922"},{"taxonomy":"product_cat","embeddable":true,"href":"https:\/\/velarogverkfaeri.is\/en\/wp-json\/wp\/v2\/product_cat?post=59922"},{"taxonomy":"product_tag","embeddable":true,"href":"https:\/\/velarogverkfaeri.is\/en\/wp-json\/wp\/v2\/product_tag?post=59922"}],"curies":[{"name":"wp","href":"https:\/\/api.w.org\/{rel}","templated":true}]}}