{"id":59916,"date":"2024-04-23T10:27:58","date_gmt":"2024-04-23T10:27:58","guid":{"rendered":"https:\/\/velarogverkfaeri.is\/?post_type=product&#038;p=59916"},"modified":"2026-02-17T14:18:38","modified_gmt":"2026-02-17T14:18:38","slug":"line-18-blinlok-f-profil","status":"publish","type":"product","link":"https:\/\/velarogverkfaeri.is\/en\/lykillausnir\/hurdabunadur-lykillausnir\/blindlok\/product\/line-18-blinlok-f-profil\/","title":{"rendered":"LINE 18 Blinlok f. pr\u00f3f\u00edl"},"content":{"rendered":"<p><img decoding=\"async\" src=\"data:image\/png;base64,iVBORw0KGgoAAAANSUhEUgAAApcAAADuCAYAAABs3iyxAAAAAXNSR0IArs4c6QAAAARnQU1BAACxjwv8YQUAAAAJcEhZcwAADsMAAA7DAcdvqGQAACuoSURBVHhe7d1\/VFV1vv\/xl99pLY+rvoKrWQG3DLHBH0yIdhOSb8kSyb5pMN9AvV1lnFuUrVFoVgHdUbC5M4CtBqxvCs03kul+SW1GAtdA0Y1KF9ZXAloS2vgjJ5GoK8ebV\/DW8rRus\/jufc4+cA7y6+B20jvPx1ofOXvvz\/7sfTZ\/+PK9P3s74fz5830CAAAAbPDfrJ8AAADAJSNcAgAAwDaESwAAANiGcAkAAADbEC4BAABgG8IlAAAAbEO4BAAAgG0IlwAAALAN4RIAAAC2IVwCAADANoRLAAAA2IZwCQAAANsQLgEAAGAbwiUAAABsQ7gEAACAbQiXAAAAsE3A4bLz7WJl3jdfkZMna7LVohfnqcFpdbhEzrfztHyuOW6kMutsGhQAAGAkbduU5M4f3hap+felK+fFRjm\/tfoYnHsyjG3FarGWL0lrsSZHFqvdWhzVySqlX3SOmSp+rV29VhftLzDW56ihf4Uvp6p+Yuz3y0b3kqupeNB3jlbST3JUvv\/S8ldA4bL3zRwlpb0lxwMlev1El7q6PO39mie1MMTqdEmc2r9jm5wr6nSi60MV3W3LoAAAACNyftqslpO5es3KNl0nXlfZz5ZoYt3Dirxn20AA\/PM31gebGDluzCOePaXakwnK\/cPhgXN8dKbaC+\/S7U80eAJmTJzWqlyNB13uXfz0tqt5j7Q2dq5n8Yt2\/+\/88Q49Fu9SXUakkp5p0RAjjElA4fL4oXI5739UuekJmhkSpKCggeaw+lyaTp0yvnT4zFkKMce1Z1AAAIAxcCjYm21CZir27jUqemGzUlp3a\/8hq8t3LkizZoQPnGNylrZvzZW2\/16NZsExKEZx90u7Wy4+YdfBRiN2pihuTpC1xuTznW+OUcqjpaqqzNU3RRtVecTqEqCAwuXE62KkT4+p82trxRCcr6Vr8tpaM4gP+KJK6ZMzVGutdPdJK1D5MxmaHzlZxa29ql1nlmOTVGBsr30o0l2ezdhj7uBUw4Zkdz9vyXb5E5Vq9zuHXrU8nzlQ2o2cr5w3B86gt2mbMhdHe7bNTVLm8y0D5WMAAIARdcv1Z+vjIO0vJvvcWo7U\/IeK1fiZtdHil0PMPk80+Ockr89qlWmMFb3BqkKOkeOWWYpTlY67jxui2EUJctY1X3S7\/VDLbunuJYq90VoxDMeCFK2c06K6lk5rTWACCpcx\/ytXa74qVtL\/yDTS7Ahf+5uhCrzf6BufOQt62\/hXgP6nyt7tUta8IKW8cF5nul6Tkb2VsrXVXZ599l7ztniIFv58h9750FOyPfHhFsV1Zmr5Pw1c+PayNCXVOrTmJatM\/OE72rTIc0vd1VastHv+IMeDFTpsbDv80ho5apOUVjbmGQ4AAOCv0dedanj5RdXOX6sls611g8Sk71B1o\/e28k5lBdcq+cFyHbe269A2vxzS1fWh3vnFQiPdDPJ1i4ofTNdbsRV6\/ekl8q0tjupstzqVomnWoOG3LVHMoQa1n\/Qse7Sruc6phOQEhVtrhheq0FukRueQEXhUgT3Qc2OKShvfU0lMozLvuF3JG4yUPN4S4P1Pacs\/rlDszUFyXONZ5QgK9txevy7YU561bos7vOVao4XMWKKszCw5X2z3\/OJcjdq9oUVZ+YVaM98qE\/fv61JzTYFaHn1ShemxCjfWh89fo8L8LLVs2K3G8U4mAAAA\/wUVKMldXbRaWLSWH7hHdbtzFTPcVL1rBzJK0M2xWpP5iBJa9+vQF+ZGlxqr8tTys039OcTTd\/Bgnap6fLXKJ23SzudWjCH8ebnU+1mjiou2qvuBlVp4s7V6TpxSQhrVcNAnHH72iZoPxWjJbWMffbwCC5emoBit\/b+HdeL1xxT0Zobm356s4qa\/7E1mhxE++509407rc28Z6rfeqzOfSSl\/O9NvTqjjlrnGHp06c9ZaAQAAIJ+HW4x24sPXtCm4XA9vqDJSwxhNnORTdbRyyA+njfBsilONz2Qo49O12vn7XMVea60eVq0yZnsD8A2aemummmds1uvPpfhUQ+co9gGj54GBp8h7\/9is2hBzvqW14jIKPFxaQhZmacf\/a1Xp3adUcM96VbkT+uXhnqvg+\/qjxebMzEG+Z\/0cQu1a7zwHq92aYfxqAAAAfPk83GI0825p7tObNOt3G7W7zeoyiOuTKuX9JEnR3owxe4iMcc3w0VIqV0FRi1IeXDmGYGlKUekHAwH4zPnDeq1ghWb67evQ3Pi10vZm6\/a8Sx8dKJceiDVi5+U37nDpdu1MrXm2VFnGZfyXlvHdlx\/VkXKl3bNbjuU+rz+qNmdmDjLMRFuTdw6nfytT8igTWgEAwF+56bMUaz5+4\/vciFdvg\/KXZeh41GPa8bGVLz4oNeLfIN+ONA8vVxW\/XaHmdRnaNsYn0if5BODhYmtQ7EKtUYOa3WMeUsvvpLXxc0eooPrqVvenUkLIRTNDx+TSwqXpm2\/c72ea4vA53Z4L43430kW+7pWR57XyH3xefxTsc6zrb1C4EW4\/+nSoIwbphpul2i96+38Jvm1sFxgAAPzV+uQjI4fEyDHRWvb1Va+6nSn6u\/QUxdzszReTrI0mK4f88dQIucih8OVl2pkn5T1erJYR3sgTkOvjlHB\/uxoOdhrZslm1xnn6v4JoeK6mWu0+FKvk2PHNzwwsXBrJu7e3t785P2lUZeGvVR6SpeSFnhMOiVqo2H2Vqny709PvsxZVbf+9mt1bx2Giw\/iVvqW36o7L2evU8dZalb\/8lrXR4EjQyqdjta0wX5Wt1jHN5v4tOhSXukmxz2xUzo4WdXq3uZtt8RcAAPyX4FKPNyc4j6ulrlyZP83RsQdytXKo+8nXBSnUSDj\/8ronY3QeahiUeRxKWFGk2OcLlO+XQwZnEIdi\/7FCFbeUa\/XjAczvHJHnlUSNdW+ptqlB7cO+gsjnO3\/WrtoXM7ViTbEm5m3WmiirS4ACC5eHK5WeeqemTp3qbpHLclT755Wqe79ICd57\/VFrVPbbOLXnRht9blfSukqd+v5MzdJETbSeCnebONQ\/ASbKYfzyJvrOn5zziEqLZ6lx03xFTk3S+pePKzQ2zu8R\/pj11XonxaXKR8xjGud2e5IK9nlu0zvm5ar6rZVS3XolWec9NSFN6Y\/tHnhNAAAA+KsWckucEqIqtdybFSLv0\/oXDynowTq9\/8LAwzKOa0PN3GYkFkPQEmX9fqV6X16taCPzLC9q0LkfJijO3dMyJ8vIIT+S6+UMo485tpGNfrl\/4D2X3rEUrhXP7dTaTzOUsaV96Eqnu+A2duF3Zynrm2Kll0i5P\/vRRU+hB90Yo9jpxQPf+dZ0bT3gUHLFCb3zj7HjvsM74fz5833WZwAAAOCSXPqcSwAAAMBCuAQAAIBtCJcAAACwDeESAAAAtiFcAgAAwDaESwAAANiGcAkAAADbEC4BAABgG8IlAAAAbEO4BAAAgG0IlwAAALAN4RIAAAC2IVwCAADANoRLAAAA2IZwCQAAANsQLgEAAGAbwiUAAABsM6HPYH0GAAAALgmVSwAAANiGcAkAAADbEC4BAABgG8IlAAAAbEO4BAAAgG0IlwAAALAN4RIAAAC2IVwCAADANoRLAAAA2IZwCQAAANsQLgEAAGAbwiUAAABsQ7gEAACAbQiXAAAAsA3hEgAAALYhXAIAAMA2hEsAAADYJoBw2aaisAmaMGH4VvSB2a9bu1ZO0OqqbvdeQ2vTlnkTlPbqSH28xjIeAAAAAtXxysNavGD6QJ4Li9KydWVq+tLqMA4BhMt5yj56TufOedqR8lRjXZ7esJbNln27p6fJ9a31YQSOa6wPYzCW8a4uR1WWGDbGgA0AAGC\/KfNXKW9ztU5aWe7km4WK\/9xoyVvUZvUJVEC3xR3BwQq22pTrzDWTNMVn3djDohFU2\/q0c0WotfzXqEc9+wiWAADguxM8K1GJi+YpwspyEXNTlfdsoRI\/qNfBP1mdAnTZ5lx2vJmvhxOjFGaVWFcXNxlxymuIW91fHdWuJ5cpynvrPTJeZR9a2\/y41PT0YoWFLVbZx+ayZ6xlG8tU9NBia\/\/pWvZkvTrc\/b161FT8sOIjPeNPX\/Cwtrw\/cEb6qk0V65ZpurcsbIwRv6SsP7V3vF2k1dFh1rYJCoterJy64cOh69gu5aQMfP9lT+7S0a\/MLT2qecgcI175xlLNKs+Y\/RXMMV8HAACAy+CrHp1TsCY5rOUAXcYHemZr6eZqtZkl1l2r1fNsvHL2+IQ5w8Ct7h7VP5mo7GPxKtl32nObvbVeGXOtzT46Xs1Q6sYLytzzhtbfaq001Fftle7OU3WbcbymbAW\/skyZL3vjpUttTy9VfI1DGa+cNMY\/qZ1rHaq+a6m2fOTp0fZShh5um6fSDu9t\/oOq352heebGnnptWVIqPVav01bZ+Oh71cq\/e5jK6+c1yliUraMLSrT39Dmd3lei+GPZSjQCb4\/xy0r9bZ8unHtDeUbX1PIj7vEq7jfHGvt1AAAAsF1Pk4qeKNHpn2Zo6U3WukD1jdPpXal9UmHfAWt5wOm+nSvUl7rrtLXscWCT+vTTN\/rOuZcG9TmxvS9RiX3bT3gW\/Q30vdBU2LdAEX0Zu09a20xjON6Fd\/uyja+6vv6Ce5vHhb53c40+ue8an\/r6Dm4O7dOD1cZoQzhd3bdK8\/oKW63lUZwsT+zT3aV9R6xlt4u+44G+QuOc\/M57xOsAAABw+Zyuz+tLDFXfgqzqvpP\/aa0ch8tYufQXGpkqfdkjl7Xs58tu7dUCRf3AWh7K0Qpl3F+qiF3vavuKCGvl8PyOZ4zfoVTFz\/at7zoUEW30OdUts5467+\/LlPFemuJXbtHewXe7Q5cqc\/MUlSYvVs6rR939R9LdvVe64zbNtpbdfhBlfMO96h7p6auxXAcAAAA7mVPyHotX2ENNWvDb0zqwNVURATx0PdhfLFxOGvUkJ1k\/h1ZTkK9dwRnKSB49WJouPl6NVkdY8xitNn1NjbXNMC1V21uPqPCmeq0Om660YiMI9t+2d2jBhnfVtmupOp6K0uzEHO36eJSIWRDvdyxzjmWRtWlkI18HAAAA+3Ro17pEZZ9K08Gj76rw3kt\/2PovFi5Hd8H6ObTUF3aqMLhIq93zFsfDCI+HvfMpfVp5qvovY\/BsrXr2XR09XKiwmsWa91CNfIuYoYuyVX30tHbefVTZ0UtV9OGQdViPDW9cfCyj+b6uaWgjXwcAAAC79OwxstWJTNXsyta8YGvlJboywuX3Q5WoJh0Z6ZH34ETlvbpTiXsytP5V\/+fAR2WMH6EadfQMvDZpoF38KFTwratUWpyn7leqdWDwLfJrjHPdUKot9zep9O2j1kp\/oaGJ0rEenbvoWL6vazKOO\/gfB2O5DgAAALbo1t49FUpdt0oL3K+YtMeVES5\/kKbsnx5R\/hNFqj\/WrZ6eHne76MXp01apYk+mOlatVtEHI1QNB3PEa\/XmBSrKzVTFBx3947ub+\/VAhq981nUfVf2+NiP8RRiB0Nzo8tun44O9OmDk29tCh474Efeu16qmbGU+Xa+j3T7jGm3grMMUcZfxL4YvT3u2mRvGeh0AAABs4DLyx+zvT+nPHAMtgJw1yKWFy1B3\/W1IQ75Q3TFc72At\/fVebZl1QDmLwjRlyhRNmb9UFdZrgkze8Rx35GnnrgiV3p+hms8960wjH8+heRvqdWCVVPNIvGd8o912b5oyXvVUH4++mqGl8z3rp4QlKqc1QtvfzFeiOUTPXpWkxmu2td\/0H1fIlfquSh8cZv7nTamq2Fem+BOFWhZmjTk7XmkrS7S3\/55+qBIfzJZj622ec9lmvlFz9OsAAABgp6KlVlbxa0bOGv513iOaYD4ybn0GAAAALskV9EAPAAAArnaESwAAANiGcAkAAADbEC4BAABgG8IlAAAAbEO4BAAAgG0IlwAAALAN4RIAAAC2IVwCAADANoRLAAAA2IZwCQAAANsQLgEAAGAbwiUAAABsQ7gEAACAbQiXAAAAsA3hEgAAALYhXAIAAMA2E86fP99nfQYAAAAuCZVLAAAA2IZwCQAAANsQLgEAAGAbwiUAAABsQ7gEAACAbQiXAAAAsA3hEgAAALYhXAIAAMA2hEsAAADYhnAJAAAA2xAuAQAAYBvCJQAAAGxDuAQAAIBtCJcAAACwDeESAAAAtiFcAgAAwDaESwAAANgmgHDZqcq0yUr+505reQRtxYqcnKFap7nQrm13Tlb6a+6FYbSoePJkFbdai8NpLdbkyGJjRAAAAAzrZJUyf5Ss+ZGTNdnIWJMnRyvpJzkqb+q1OgzofLtYmYujPf3mJinzmQZ1fmttHIcAwmWIwqOkxi9GCokezk\/b5QyZpfAQa4Vh4vesD2PU+3aeoicXG7FzEOPw31gfbXOkXMmR6ar6wloGAAC4mgXN0YrsHJW9cUJdXV3q+niHHptzSsX33K6C\/S6rkxGr9mQoKa1SWlmq1hNdOvzSGjkalitpXa0ZucYlgHDpUHBojBHEOjVa7bLz01pp0UyFupdilPX+eVXc75M0x8DVO\/pxbPN1rxrHewUBAACuNNfPVMLCBMXOCFFQUJCCbo5RSvYWbVrkVGXrcatTu3ZvqVJoXoVKHk3QzJAghc9fo5LnihT6u2LtPmR1C1BAcy6nTY+T6k6NkmSd6v5UCpkZLk+cdKrqJ5OVscdnr6+Pq2rT8v5SbeQd62VkZo+2bYo21z1kBFQVKMldyvWtYDar8ol0Jc317BudlqeqTwYS+FB6m7b5l3ufb5G7KHy2VpnmusUFxkKtMmabYw5UMF2fVCnv7+Yr0n0OxrEWl3NLHgAAXLUmXWcks2+te8BffKJmI0AuWRgrh2eNx5yFSglpV\/Mn46u8BRQug24MV4wRrzq9t497G5TjDojRKm6z1qlbx\/dJC6d76pZe3\/zZ+mCEzdrH79PGT+JUZJVq3yl\/RAnWVs3L0uEzXWrdmmIs5Oo1s5TblaVYz1a3oPg12lJrrD\/xnp6a3qyMh14aNvS52oqVds8f5HiwQoeNsdzl3tokpZUZe1yfotJ\/P6Ou6lyjp\/H5A\/NYZUq+0Vg826D8ZRt1PLZIr58w13fp\/Zo1xvcHAAC4+vTu360X62K1ackcz4qz3eo08s8sM\/f4CdW0eKm5s9taDkxA4VLhMxWnWp36V8+i62CjykNylftop2oPWPGu1ymnM0Szpg1zG\/zkW3rpd7O06elcLbFKteFz5irc2uzmCFKwkazdt+LNUm6Qb56O04+WL1HMzcb6kBityHpUKYd2a\/+QpVuXmmsK1PLokypMj1W4eaz5a1SYn6WWDbvVaBY8r3EoKNgz\/iT3sYLc6b2zbpvKozZpS\/YSd5nYXVL2Ow8AAIArlefOsfuurdWm3leg8PKdyp1n5ZlvXJ7i3DDPxfRXOAMUWLgMCjGCoHTsc0+Z9FDLboUk36O18SvU3tDumSPZeVzNWqiZf+PucrGzTjUqVrOmW8uX6uZwzTQujWvI79+rM59JKX8706\/c67hlrpHTO3XmrLViCE5noxQ7yz\/0AgAAXBVClLzVc+fV0w7rneIV2r9po6qMbHQ5BRYuNU0zY6X9J80yabua65xaGTtHITEJStjXqHYjc7rOdqt90JPiF7O3AjjaaLVrrfmW3nZrhswZnaO6xvoJAABwlXFYd2Q9LVyxjz6mx0KqtLXOuts80eGZ7tc\/ddFfyDUTrU+BCTBcBinklhg5v3Cq1z0JNEVzZxjRbnqMlsypUvMRl5ydh6T4adaT4sMZ+QEcu6VsbfVJ7t5mza0cySW84wkAAODKEqrQW6T2r6zbvdeHKly1OnbRqxi7deqAFBc+cpobToDh0npivOW4PjrUrNpFSxTrDmgxiksO0e6WQzr1RaMU5X1SfAjXhyhBLTp20loezvfGl5b9BemGm6XaL3p9kvtA6694XmMWj\/2FhCQY3\/PYX+51SAAAAJdVt\/uNPgkhVuq5cYbi5kgNLYMeiz60X7VOI9vNGPE29LACDpfuJ8YPHVfVm+WKWRLTPydxTuxKOesqVXVESrllhJmK0+\/RIw8cU8GGYjV84lRvb696P7v4nZYhN80y\/nSq22ls7x1vpdOhuNRNin1mo3J2tKjTPFZ\/8xnzhmmKU6\/OnfFsM7eEJ2dp7ZECZW9p0HH3OQzaBwAA4Er1rcvKLp7m\/KRRlbnZynOu0CN3e3NajFZmr1D3puz+nNTZWqmcx\/PU\/UCuVloPlQcq4HCpGXFaMr1Slf8cq5V3DbyYx3FbgrK+Mta3JGhh1EhJN0Qpz72uzTOalbcsUlOnTtXUW3+lY4tSFHKt1cUUvUQlyxuVHWlsvz3H+q8kDcbQF9c0jZXDzI90zMtV9Vsrpbr1SjKPZbaENKU\/tlveV4jqxoVa87OJ2pZgbr9TL5mvVbp+iQrf2KyZLXm6zzwHY787UyuHfeURAADAFeOT3Vq\/Jl1Jt3syTOQyI0v9eaXq3q9Qis+0wJD7K\/RO9T1yvZyhaKNf9COVci15Te+8YOQyq0+gJpw\/f77P+gwAAABcksArlwAAAMAwCJcAAACwDeESAAAAtiFcAgAAwDaESwAAANiGcAkAAADbEC4BAABgG8IlAAAAbEO4BAAAgG0IlwAAALAN4RIAAAC2IVwCAADANoRLAAAA2IZwCQAAANsQLgEAAGAbwiUAAABsQ7gEAACAbSb0GazPAAAAwCWhcgkAAADbEC4BAABgG8IlAAAAbEO4BAAAgG0IlwAAALAN4RIAAAC2IVwCAADANoRLAAAA2IZwCQAAANsQLgEAAGAbwiUAAABsQ7gEAACAbQiXAAAAsA3hEgAAALYhXAIAAMA2hEsAAADYhnAJAAAA2wQWLj\/aotsmpGnX59ayrw+LFDZhtWq6reVR9ah+3QRNKGiylseiW7tWTtDqqjEfBAAA4K9Tz1HVFDys+Egjb00wW5iiEhcrc49\/jup4s0gPL5ju6RMZr4cL6tXxrbVxHAILly6X2qyPFzFOolsuuQI8mdBrHNansRv1GB+XaXHYMCE4IEYAfsK42AEFYAAAgO+Yq01F90ap5N8WKL\/qpM6dO2e0NlVvztPqecFWJyO7Va1W\/NIKadV2HTl9TidfyZCjfpniH6oxct34fIe3xYO19IU+nd4wz1q20Vc92mtLcdOlns87rM8AAABXh563K5TvKlHZ1gwtnRuh4OBgo4Vq9h2JWjDNW9hr087NuxT2q50qzUrU7NBgRdyRodLflCjslULt\/MjqFqDLGi5dx3YpJyVKYWaZNSxKy57cpaNfWRsNTQUTFPa0Ty20p00V65YpKsxbvvW2MBV9aPUxdLyZr4cTB8ZdXdykHnPDlzV62Fy3IN9YqNHqqea+I1QwvzqqXU96jxemqJQc7Trmcm9qKzbLw2FaXWUsPBVvfDb69Fcwe9RU7FNmNs4hs45b9QAA4MrQ8XG1tGC2IqzlIX1+VAeMALl00QL53Ueem6i00DYdODq+bHP5wuXnNcpYlK2jC0q09\/Q5nd5Xovhj2Up8st4TBC3d33rCnHs+5drblP95vArf9JRvT7ZVqzA5VPppmdbPtbq5zdbSzdVqM\/vsWq2eZ+OVs8cY9fup2v6fF3SuPs\/oY3w+bJaAK5R6k2cvf92qWZeo7GPxKtl3WudO71XJgqPKXpSj+i+lebkndeHcEW2\/3+i64Q1POfnxBe49255bqvgahzJescrMRw+o8G7jPAEAAK4Arm+NYNhWpgxvMc5oYdHLlPPq0YEc9uVpdRh5KeqinBSmiLukA6dOW8uBGUe49FYEBzV3tXBAx5tl2hWdr5INS91l1tBZS5X3bKGifrNF1X+yOvnpUEeVlPFknlKt8m3E3FTlPZkh\/eaojl5jdTNE3LtaqXfMVqjZZ1Ge8h+RKt4+4LlY1zgUPGWSu98kdwk42D+Ne\/3pDZW9EqX8X+dp6axQBYcagXVDqQqjy7Rlj+dWuCN4iiaZx500xVNOvs747NqrnU80KftXJcq4w1tmNlrgU0cBAAAun6mJyrCKcefOnVTNE7PV9kSUlj5n3TX2Pkvjk7F8DRQAAzOOcOmtCA5q7mrhgO7uvdIdt2m2tez2gygt0F51f2kt+wlV6L3S3vp6dXhvnbu6VV9vjDPXMXRAtIRGphrpu0cBXYIvu40zWaDbZlnLbhGKusM4h+4RysDGfmbKvy2SNAkAAK5g0fFaahXjgoMjtODBEm3\/VaKafl0\/\/APaNhjXbXFvRdCvWdVCPwXWXMX+Fq8ia9PFwhS1YJ46qjIV\/9+t\/pPCtKwqTKUvr9dIj\/24q4vjUqR4v\/OboPgCa9Noxn1MAACAv4D\/uHBR4S0iOtGcGehZ73B48tUwb+EZzxt9TJf1gZ7+uYqDWvbt1nY\/bdr7lEP5e07q9AVv3wvqO1Gt9XMvV5UwT28MOjd3s+ZWjugS3v8EAABw2Z3q9nvOxeT6j3PWJ8P3wxShGh256MHn0+p4T4qfFmYtB+ayhcvQUCMZH+vRuSGqnI4hq37ztPTXk1QYHaaolfkq2bNXHYOvyFgZ44\/6eM33Q5Woo+rpufj83HMrLUao92fsZ\/4iDp4Y3zwEAACAy2323PVS1QEd9HlLj1mvPLBvp7QiwvMU+U2zFT9Xqm8adJP8o72q7p6n+Nnje1j5soXLiHvXa1VTtjKfrtfR7h4jxA20YWPZtxekH+er8O8j1PNmidIiJikserXKPgowyIVGKN7I6ues4w659w+Waf2PDyj7sSLVHzOSvc\/59fTvEKqwSOPHv51Wt7ne\/AU5ErX62QXa8lSOKj7oGGIfAACA71bw3RkqvKNMGausnNN9VPXFq\/Xw0xEqfCLVKsLN0+qNq3T6yfXKfLlJHUae6figQpk\/zdFpI4+t9ntTz9gFFi699+aH4q4WOgaqkjelqmJfmeJPFGpZ2BRNmWK02fFKW1mivUNVJF0HtHNjhzLXrVfq32erdPcBnfzPc6pf51LmvYXa6xPehqx8+pYYb0pURq5DW+abx71NZT7vyBwQqtQX9qpsfocKk8M85zfFSPCpaSrZN3CC85JLtWrfeoUZ22c\/5nlb\/bzH63Ug1aWKH0\/v\/175b4\/vXVAAAAC2c8xT3psHVXjTAeUsMnJOWKJy3gtT9nv1yrtjIDOFrtipA\/XL5CpfrelGppn+4wq5lr6hA7\/1BtDATegzWJ+\/W901Wh1WqNvaDirbNyn\/qUKLI+uV0VWtVUO+rxIAAABXisv7QE8gQucp8d42lTxVpJqPPLebu4\/tVcXWCu29I16zCZYAAABXvCsnXCpCGbuOaMusgypZ4bndHLYoUzXfrtaBuuwRX0UEAACAK8OVc1scAAAAV70rqHIJAACAqx3hEgAAALYhXAIAAMA2hEsAAADYhnAJAAAA2xAuAQAAYBvCJQAAAGxDuAQAAIBtCJcAAACwDeESAAAAtiFcAgAAwDaESwAAANiGcAkAAADbEC4BAABgmwnnz5\/vsz4DAAAAl4TKJQAAAGxDuAQAAIBtCJcAAACwDeESAAAAtiFcAgAAwDaESwAAANiGcAkAAADbEC4BAABgG8IlAAAAbEO4BAAAgG0IlwAAALAN4RIAAAC2IVwCAADANoRLAAAA2IZwCQAAANsQLgEAAGAbwiUAAABsM45w6dLxumJlLo7W5MmT3S16cbKSX2y3tl+tWlRsfJfiVmvx0DbdNTldVV9YywAAAFcrI9ckmbntmRZrheVbpxqfz1TyHZHuTBd5x3LlvNiiXmvzeAQYLl1q33Kf5j\/RrJCfVuhwV5e6jPZ+zQ7tSI+x+tjkSLmSI7\/rcDdRE6+xPo7quMrvi1T6a05r+erW+3aeoicXG5EbAABc1VztKn48b4i\/03vV8OSdSq51aMWvX9cJI9O9sy1F2p2kNCOEuqxegQosXJ5t0Eu\/7FRW+Q5tWh6r8KAgBXnbtVYfu3zdq8bvMqfNydJ75yuUEmItj6pXvfv\/awRLk6u3U53WZwAAcLVyqb0sW+W3VKg021rl9UWDKreHqui5Eq1ZOFMhRp4Ln79GJc8V6ZuiraobZ4EvoHDZ27JflVqpJQsc1pqh9TZtG7htPjdJmc\/7lledqvrJZC3\/ZbmK1yVrfqR5az1ayzc1eMLM2VplmvstLjAWapUx29zuU8H8+riqNi239ovU\/L\/LU9UnPtm6tViTI3NU\/GKOls+dPHwl0W8cswy83vhuPr6oUvrkDNV6d\/+6XZVPLFe0eW7uFq2kH5Wr3fhmtevM5SS5z\/ghT1nZc1ynGjZ4v6Nnn+VPVKr9a\/eIhlGuRb9etTyfqSTj+7jHiZyvnDcHvtfI13so\/uNFL87UtiZrj7Zt7u8Y+VCtsVDgKaH7VDD9jmVe\/ycajG8BAACuRC7j7\/Xs\/xOuzfkrNGtwfPvXU0bSWqg5M6xlrzlxWmJsOfWv1nKAAgqXrq+7jT+DNWmEbOlqK1baPX+Q40HPbfPDL62RozZJaWX+czIb9uyXEnO0432jz7tZCvrdcmXvMCLV9Skq\/fcz6qrONXoZnz8wb72XKflGcy+nah+\/Txs\/iVPRGyfUdeJ1FcUe18Zl+Wo4a263OP+g\/X+cobW7T6jsvqFKj4PGMcvA5Y8owdo64Bt9863nU\/s\/ZyqzPUZbPvZMBejqel\/VlWsUoyClvHBeZ7pek\/uMt7a6t3uOG6KFP9+hdz707HPiwy2K68zU8n9q8At\/w14LS3tZmpJqHVrz0mHPsT98R5sWeb7XWK\/3AHNqg+94h1XxoEN\/uCdN2w4Zm+dl6fCZLrVuTTEWcvWa+7tmKdbc9dA2v2N1dX2od36x0PiWAADgiuNq17accoU\/\/ZRW3Gytu0i3eoeoSJlRr71zfOWjcTzQMxKXmmsK1PLokypM99w2N8urhflZatmwW40+BcaU\/C3KXZ6gmSFmn7V69B+MkHXwuCd0XeNQULAnwU6ybru7l06+pZd+N0u5BblaMiNEQSEztSR7izZFlWtbnW+tb602bV3r6TNUELbG2fS0NY55nnPmKtzaPCSXEaxnxijmZp+pAD6DO4KCPed4XbBnm7XJ0d83SCEzligrM0vOF9t13LPZbcRr4WrU7g0tysov1Jr54f1jecYf+\/Xu52rW7l+2aO3PveOFKza9UJt+1qK8qkbP\/ApHkIKvc39QsPt45sFcaqzKU8vPNvUfy3MuA9cAAABcKVxqed68Hb5ZTy0fJuFExyo3pEpbS6rUftYbGlxG2Ozx5IFxsjlc9urMZ0ZY+tuZnqBlcdwyVynq1Bnf6uIgIbekSGd7R\/4yZ51qVKzm+pVvwzUrVmp0BpCurXFmTbeWxyBmxRatOZCupJ9su6S5oA4jfI7G71qcPWNcuRTNvWWoEDeO622NFzfTbw9N+6FxzM\/O+FVU\/VnH+uE0v2MBAIArj6t1mzZu99wOH7Z45khQ7hsVijv5K90VcYM15e0GTb190FTBANkcLj1q1w68psjdbs2QOYNvJI4xP5VdbM0DHGhJz1ibAhJgRLo5RaWNrXrqbxr0cGS00p9vlNO6ZT4S9xzF++Yr0nu+7rmkIxvyWnzP+jmEwK93rTJu9elvtOi1o\/2GLNcQLQEAuLIdV+XPCxRaMNLtcA\/HjBUqqj6s86c9U\/i6us7o\/ImdWmtsmzhC9hhJQOHScW2o8WePLoxSK\/XOO\/Rv3nmTl8o7D3BQy3TPCgzAOAq+QTO14uk6ffjBUwqtTdad62pHfpjlSLnS7tktx\/ISvX7COk\/3XNJx+LP1cwiBX2\/vXNZBbWvy6PMnv72UQjkAALj8etXbenHxKanI2FSU5P7c\/15vr2t9pru5LhhpT5p10\/ieqggoXAbFLtQa7VZD03ABI0g3GAm59ote6wT9W0A1r2vMx2EGuT5ECUYa7+29eOyAXoXkHqdFx05aywEKilqhksJcOX\/3BzX3p8uJF5\/w173GUVK08h888ynd52nNJR2z629QuGr10adDXfNxXG9rvM6hrqHv\/MnvGd\/Hj3WsP566pHkYAADgcotV1uACUlerSpONTdmvuZez5nl6DsXVst9Ie2sVM\/gp8jEK7Lb49Uv0yC\/CtW3tCuXtaDECipGMvc39eh2H4lI3KfaZjcoZvL03wEhywzTFGcn73BnP\/u69p9+jRx5o1sbcYjV84vQZ22iBDO8e55gKNviM89ko73U0gmL\/sZzH1bC\/3QiT04xAZm1XqKbFG\/9WOGs+dWWdz0SHYvSW3qo7LmevU8dba1X+8lue7mPlSNDKp2O1rTBfla2dA+fg\/r7juN6OOK38RayK83P8xzNb\/yuSjK920yzjT6e6nd6xHEpYUaTY5wuU73esQC48AAD4S\/B9oNjTgjXJnHbn8Dx47JmC51JnU4MaW82cYv6d3qn2um16+LFihf\/ix1rYn3ECE+CcSyMsZb+u1mcXqvflDEVPnaqpZrs9Sek7PK++cczLVfVbK6W69Urybk9IU\/pju\/2ekB7yPv5En2rZjQu15mcTtS3BHONOvdRmrgxRynOva8ttnfr1ykjP2FNvV9LqdG19z+dRlBB3HXEEnnE2z2hW3jJrnFt\/pWOLUhQyTAX0eNV6pbnPxWiR9ynv4DSVVucqob\/YF6KF6Vma+Ju73H3uNP87zDmPqLR4lho3zVfk1CStf\/m4QmPjLipwjnYtYtZX650UlyofifYc37jeBfs8JdOxXu8B5u\/QGM\/YpTYrydPfPN\/UdK2v8tkjeolKljcqO9I8Xo7nfZ9zsoxj\/Uiu\/t+9ce1\/uZ\/3XAIAcBXwjVke3+jU\/kqVZN1n5BTz7\/Vopf\/vZoXmvKfq7BgjMYzPhPPnz\/dZnwEAAIBLclmeFgcAAMBfJ8IlAAAAbEO4BAAAgG0IlwAAALAN4RIAAAC2IVwCAADANoRLAAAA2IZwCQAAANsQLgEAAGAbwiUAAABsQ7gEAACAbQiXAAAAsA3hEgAAALYhXAIAAMA2hEsAAADYhnAJAAAAm0j\/H1vW7rbBWD1VAAAAAElFTkSuQmCC\" alt=\"\"><\/p>","protected":false},"excerpt":{"rendered":"<p>Tegund:&nbsp;7190.25<\/p>","protected":false},"featured_media":65860,"comment_status":"closed","ping_status":"closed","template":"","meta":[],"product_brand":[],"product_cat":[906,1131,518,545,597,517],"product_tag":[],"class_list":{"0":"post-59916","1":"product","2":"type-product","3":"status-publish","4":"has-post-thumbnail","6":"product_cat-blindlok","7":"product_cat-blindlok-hurdabunadur","8":"product_cat-honnunarlausnir","9":"product_cat-hurdabunadur","10":"product_cat-hurdabunadur-lykillausnir","11":"product_cat-lykillausnir","13":"first","14":"instock","15":"taxable","16":"shipping-taxable","17":"purchasable","18":"product-type-simple"},"yoast_head":"<!-- This site is optimized with the Yoast SEO plugin v27.3 - https:\/\/yoast.com\/product\/yoast-seo-wordpress\/ -->\n<title>LINE 18 Blinlok f. pr\u00f3f\u00edl - V\u00e9lar &amp; Verkf\u00e6ri<\/title>\n<meta name=\"robots\" content=\"index, follow, max-snippet:-1, max-image-preview:large, max-video-preview:-1\" \/>\n<link rel=\"canonical\" href=\"https:\/\/velarogverkfaeri.is\/en\/lykillausnir\/hurdabunadur-lykillausnir\/blindlok\/product\/line-18-blinlok-f-profil\/\" \/>\n<meta property=\"og:locale\" content=\"en_US\" \/>\n<meta property=\"og:type\" content=\"article\" \/>\n<meta property=\"og:title\" content=\"LINE 18 Blinlok f. pr\u00f3f\u00edl - V\u00e9lar &amp; Verkf\u00e6ri\" \/>\n<meta property=\"og:description\" content=\"Tegund:&nbsp;7190.25\" \/>\n<meta property=\"og:url\" content=\"https:\/\/velarogverkfaeri.is\/en\/lykillausnir\/hurdabunadur-lykillausnir\/blindlok\/product\/line-18-blinlok-f-profil\/\" \/>\n<meta property=\"og:site_name\" content=\"V\u00e9lar &amp; Verkf\u00e6ri\" \/>\n<meta property=\"article:publisher\" content=\"https:\/\/www.facebook.com\/VelarOgVerkfaeri\" \/>\n<meta property=\"article:modified_time\" content=\"2026-02-17T14:18:38+00:00\" \/>\n<meta property=\"og:image\" content=\"https:\/\/velarogverkfaeri.is\/wp-content\/uploads\/2024\/09\/fc25db0e-e67c-4640-9db4-a86e232e0f62.png\" \/>\n\t<meta property=\"og:image:width\" content=\"1076\" \/>\n\t<meta property=\"og:image:height\" content=\"738\" \/>\n\t<meta property=\"og:image:type\" content=\"image\/png\" \/>\n<meta name=\"twitter:card\" content=\"summary_large_image\" \/>\n<script type=\"application\/ld+json\" class=\"yoast-schema-graph\">{\"@context\":\"https:\\\/\\\/schema.org\",\"@graph\":[{\"@type\":\"WebPage\",\"@id\":\"https:\\\/\\\/velarogverkfaeri.is\\\/lykillausnir\\\/hurdabunadur-lykillausnir\\\/blindlok\\\/product\\\/line-18-blinlok-f-profil\\\/\",\"url\":\"https:\\\/\\\/velarogverkfaeri.is\\\/lykillausnir\\\/hurdabunadur-lykillausnir\\\/blindlok\\\/product\\\/line-18-blinlok-f-profil\\\/\",\"name\":\"LINE 18 Blinlok f. pr\u00f3f\u00edl - V\u00e9lar &amp; Verkf\u00e6ri\",\"isPartOf\":{\"@id\":\"https:\\\/\\\/velarogverkfaeri.is\\\/en\\\/#website\"},\"primaryImageOfPage\":{\"@id\":\"https:\\\/\\\/velarogverkfaeri.is\\\/lykillausnir\\\/hurdabunadur-lykillausnir\\\/blindlok\\\/product\\\/line-18-blinlok-f-profil\\\/#primaryimage\"},\"image\":{\"@id\":\"https:\\\/\\\/velarogverkfaeri.is\\\/lykillausnir\\\/hurdabunadur-lykillausnir\\\/blindlok\\\/product\\\/line-18-blinlok-f-profil\\\/#primaryimage\"},\"thumbnailUrl\":\"https:\\\/\\\/velarogverkfaeri.is\\\/wp-content\\\/uploads\\\/2024\\\/09\\\/fc25db0e-e67c-4640-9db4-a86e232e0f62.png\",\"datePublished\":\"2024-04-23T10:27:58+00:00\",\"dateModified\":\"2026-02-17T14:18:38+00:00\",\"breadcrumb\":{\"@id\":\"https:\\\/\\\/velarogverkfaeri.is\\\/lykillausnir\\\/hurdabunadur-lykillausnir\\\/blindlok\\\/product\\\/line-18-blinlok-f-profil\\\/#breadcrumb\"},\"inLanguage\":\"en-US\",\"potentialAction\":[{\"@type\":\"ReadAction\",\"target\":[\"https:\\\/\\\/velarogverkfaeri.is\\\/lykillausnir\\\/hurdabunadur-lykillausnir\\\/blindlok\\\/product\\\/line-18-blinlok-f-profil\\\/\"]}]},{\"@type\":\"ImageObject\",\"inLanguage\":\"en-US\",\"@id\":\"https:\\\/\\\/velarogverkfaeri.is\\\/lykillausnir\\\/hurdabunadur-lykillausnir\\\/blindlok\\\/product\\\/line-18-blinlok-f-profil\\\/#primaryimage\",\"url\":\"https:\\\/\\\/velarogverkfaeri.is\\\/wp-content\\\/uploads\\\/2024\\\/09\\\/fc25db0e-e67c-4640-9db4-a86e232e0f62.png\",\"contentUrl\":\"https:\\\/\\\/velarogverkfaeri.is\\\/wp-content\\\/uploads\\\/2024\\\/09\\\/fc25db0e-e67c-4640-9db4-a86e232e0f62.png\",\"width\":1076,\"height\":738},{\"@type\":\"BreadcrumbList\",\"@id\":\"https:\\\/\\\/velarogverkfaeri.is\\\/lykillausnir\\\/hurdabunadur-lykillausnir\\\/blindlok\\\/product\\\/line-18-blinlok-f-profil\\\/#breadcrumb\",\"itemListElement\":[{\"@type\":\"ListItem\",\"position\":1,\"name\":\"Home\",\"item\":\"https:\\\/\\\/velarogverkfaeri.is\\\/\"},{\"@type\":\"ListItem\",\"position\":2,\"name\":\"Vefverslun\",\"item\":\"https:\\\/\\\/velarogverkfaeri.is\\\/vefverslun\\\/\"},{\"@type\":\"ListItem\",\"position\":3,\"name\":\"LINE 18 Blinlok f. pr\u00f3f\u00edl\"}]},{\"@type\":\"WebSite\",\"@id\":\"https:\\\/\\\/velarogverkfaeri.is\\\/en\\\/#website\",\"url\":\"https:\\\/\\\/velarogverkfaeri.is\\\/en\\\/\",\"name\":\"V\u00e9lar & Verkf\u00e6ri\",\"description\":\"Umbo\u00f0s- og heildverslun fr\u00e1 \u00e1rinu 1919\",\"publisher\":{\"@id\":\"https:\\\/\\\/velarogverkfaeri.is\\\/en\\\/#organization\"},\"potentialAction\":[{\"@type\":\"SearchAction\",\"target\":{\"@type\":\"EntryPoint\",\"urlTemplate\":\"https:\\\/\\\/velarogverkfaeri.is\\\/en\\\/?s={search_term_string}\"},\"query-input\":{\"@type\":\"PropertyValueSpecification\",\"valueRequired\":true,\"valueName\":\"search_term_string\"}}],\"inLanguage\":\"en-US\"},{\"@type\":\"Organization\",\"@id\":\"https:\\\/\\\/velarogverkfaeri.is\\\/en\\\/#organization\",\"name\":\"V\u00e9lar & Verkf\u00e6ri\",\"url\":\"https:\\\/\\\/velarogverkfaeri.is\\\/en\\\/\",\"logo\":{\"@type\":\"ImageObject\",\"inLanguage\":\"en-US\",\"@id\":\"https:\\\/\\\/velarogverkfaeri.is\\\/en\\\/#\\\/schema\\\/logo\\\/image\\\/\",\"url\":\"https:\\\/\\\/velarogverkfaeri.is\\\/wp-content\\\/uploads\\\/2021\\\/10\\\/vv_logo_350x100.png\",\"contentUrl\":\"https:\\\/\\\/velarogverkfaeri.is\\\/wp-content\\\/uploads\\\/2021\\\/10\\\/vv_logo_350x100.png\",\"width\":350,\"height\":100,\"caption\":\"V\u00e9lar & Verkf\u00e6ri\"},\"image\":{\"@id\":\"https:\\\/\\\/velarogverkfaeri.is\\\/en\\\/#\\\/schema\\\/logo\\\/image\\\/\"},\"sameAs\":[\"https:\\\/\\\/www.facebook.com\\\/VelarOgVerkfaeri\"]}]}<\/script>\n<!-- \/ Yoast SEO plugin. -->","yoast_head_json":{"title":"LINE 18 Blinlok f. pr\u00f3f\u00edl - V\u00e9lar &amp; Verkf\u00e6ri","robots":{"index":"index","follow":"follow","max-snippet":"max-snippet:-1","max-image-preview":"max-image-preview:large","max-video-preview":"max-video-preview:-1"},"canonical":"https:\/\/velarogverkfaeri.is\/en\/lykillausnir\/hurdabunadur-lykillausnir\/blindlok\/product\/line-18-blinlok-f-profil\/","og_locale":"en_US","og_type":"article","og_title":"LINE 18 Blinlok f. pr\u00f3f\u00edl - V\u00e9lar &amp; Verkf\u00e6ri","og_description":"Tegund:&nbsp;7190.25","og_url":"https:\/\/velarogverkfaeri.is\/en\/lykillausnir\/hurdabunadur-lykillausnir\/blindlok\/product\/line-18-blinlok-f-profil\/","og_site_name":"V\u00e9lar &amp; Verkf\u00e6ri","article_publisher":"https:\/\/www.facebook.com\/VelarOgVerkfaeri","article_modified_time":"2026-02-17T14:18:38+00:00","og_image":[{"width":1076,"height":738,"url":"https:\/\/velarogverkfaeri.is\/wp-content\/uploads\/2024\/09\/fc25db0e-e67c-4640-9db4-a86e232e0f62.png","type":"image\/png"}],"twitter_card":"summary_large_image","schema":{"@context":"https:\/\/schema.org","@graph":[{"@type":"WebPage","@id":"https:\/\/velarogverkfaeri.is\/lykillausnir\/hurdabunadur-lykillausnir\/blindlok\/product\/line-18-blinlok-f-profil\/","url":"https:\/\/velarogverkfaeri.is\/lykillausnir\/hurdabunadur-lykillausnir\/blindlok\/product\/line-18-blinlok-f-profil\/","name":"LINE 18 Blinlok f. pr\u00f3f\u00edl - V\u00e9lar &amp; Verkf\u00e6ri","isPartOf":{"@id":"https:\/\/velarogverkfaeri.is\/en\/#website"},"primaryImageOfPage":{"@id":"https:\/\/velarogverkfaeri.is\/lykillausnir\/hurdabunadur-lykillausnir\/blindlok\/product\/line-18-blinlok-f-profil\/#primaryimage"},"image":{"@id":"https:\/\/velarogverkfaeri.is\/lykillausnir\/hurdabunadur-lykillausnir\/blindlok\/product\/line-18-blinlok-f-profil\/#primaryimage"},"thumbnailUrl":"https:\/\/velarogverkfaeri.is\/wp-content\/uploads\/2024\/09\/fc25db0e-e67c-4640-9db4-a86e232e0f62.png","datePublished":"2024-04-23T10:27:58+00:00","dateModified":"2026-02-17T14:18:38+00:00","breadcrumb":{"@id":"https:\/\/velarogverkfaeri.is\/lykillausnir\/hurdabunadur-lykillausnir\/blindlok\/product\/line-18-blinlok-f-profil\/#breadcrumb"},"inLanguage":"en-US","potentialAction":[{"@type":"ReadAction","target":["https:\/\/velarogverkfaeri.is\/lykillausnir\/hurdabunadur-lykillausnir\/blindlok\/product\/line-18-blinlok-f-profil\/"]}]},{"@type":"ImageObject","inLanguage":"en-US","@id":"https:\/\/velarogverkfaeri.is\/lykillausnir\/hurdabunadur-lykillausnir\/blindlok\/product\/line-18-blinlok-f-profil\/#primaryimage","url":"https:\/\/velarogverkfaeri.is\/wp-content\/uploads\/2024\/09\/fc25db0e-e67c-4640-9db4-a86e232e0f62.png","contentUrl":"https:\/\/velarogverkfaeri.is\/wp-content\/uploads\/2024\/09\/fc25db0e-e67c-4640-9db4-a86e232e0f62.png","width":1076,"height":738},{"@type":"BreadcrumbList","@id":"https:\/\/velarogverkfaeri.is\/lykillausnir\/hurdabunadur-lykillausnir\/blindlok\/product\/line-18-blinlok-f-profil\/#breadcrumb","itemListElement":[{"@type":"ListItem","position":1,"name":"Home","item":"https:\/\/velarogverkfaeri.is\/"},{"@type":"ListItem","position":2,"name":"Vefverslun","item":"https:\/\/velarogverkfaeri.is\/vefverslun\/"},{"@type":"ListItem","position":3,"name":"LINE 18 Blinlok f. pr\u00f3f\u00edl"}]},{"@type":"WebSite","@id":"https:\/\/velarogverkfaeri.is\/en\/#website","url":"https:\/\/velarogverkfaeri.is\/en\/","name":"V\u00e9lar & Verkf\u00e6ri","description":"Umbo\u00f0s- og heildverslun fr\u00e1 \u00e1rinu 1919","publisher":{"@id":"https:\/\/velarogverkfaeri.is\/en\/#organization"},"potentialAction":[{"@type":"SearchAction","target":{"@type":"EntryPoint","urlTemplate":"https:\/\/velarogverkfaeri.is\/en\/?s={search_term_string}"},"query-input":{"@type":"PropertyValueSpecification","valueRequired":true,"valueName":"search_term_string"}}],"inLanguage":"en-US"},{"@type":"Organization","@id":"https:\/\/velarogverkfaeri.is\/en\/#organization","name":"V\u00e9lar & Verkf\u00e6ri","url":"https:\/\/velarogverkfaeri.is\/en\/","logo":{"@type":"ImageObject","inLanguage":"en-US","@id":"https:\/\/velarogverkfaeri.is\/en\/#\/schema\/logo\/image\/","url":"https:\/\/velarogverkfaeri.is\/wp-content\/uploads\/2021\/10\/vv_logo_350x100.png","contentUrl":"https:\/\/velarogverkfaeri.is\/wp-content\/uploads\/2021\/10\/vv_logo_350x100.png","width":350,"height":100,"caption":"V\u00e9lar & Verkf\u00e6ri"},"image":{"@id":"https:\/\/velarogverkfaeri.is\/en\/#\/schema\/logo\/image\/"},"sameAs":["https:\/\/www.facebook.com\/VelarOgVerkfaeri"]}]}},"_links":{"self":[{"href":"https:\/\/velarogverkfaeri.is\/en\/wp-json\/wp\/v2\/product\/59916","targetHints":{"allow":["GET"]}}],"collection":[{"href":"https:\/\/velarogverkfaeri.is\/en\/wp-json\/wp\/v2\/product"}],"about":[{"href":"https:\/\/velarogverkfaeri.is\/en\/wp-json\/wp\/v2\/types\/product"}],"replies":[{"embeddable":true,"href":"https:\/\/velarogverkfaeri.is\/en\/wp-json\/wp\/v2\/comments?post=59916"}],"wp:featuredmedia":[{"embeddable":true,"href":"https:\/\/velarogverkfaeri.is\/en\/wp-json\/wp\/v2\/media\/65860"}],"wp:attachment":[{"href":"https:\/\/velarogverkfaeri.is\/en\/wp-json\/wp\/v2\/media?parent=59916"}],"wp:term":[{"taxonomy":"product_brand","embeddable":true,"href":"https:\/\/velarogverkfaeri.is\/en\/wp-json\/wp\/v2\/product_brand?post=59916"},{"taxonomy":"product_cat","embeddable":true,"href":"https:\/\/velarogverkfaeri.is\/en\/wp-json\/wp\/v2\/product_cat?post=59916"},{"taxonomy":"product_tag","embeddable":true,"href":"https:\/\/velarogverkfaeri.is\/en\/wp-json\/wp\/v2\/product_tag?post=59916"}],"curies":[{"name":"wp","href":"https:\/\/api.w.org\/{rel}","templated":true}]}}