{"id":59766,"date":"2024-04-16T12:43:31","date_gmt":"2024-04-16T12:43:31","guid":{"rendered":"https:\/\/velarogverkfaeri.is\/?post_type=product&#038;p=59766"},"modified":"2026-03-23T10:15:31","modified_gmt":"2026-03-23T10:15:31","slug":"technosafe-byssuskapur-f-10-stk","status":"publish","type":"product","link":"https:\/\/velarogverkfaeri.is\/en\/lykillausnir\/oryggisvorur\/byssuskapar\/product\/technosafe-byssuskapur-f-10-stk\/","title":{"rendered":"TECHNOSAFE Byssusk\u00e1pur f. 10 stk"},"content":{"rendered":"<p><b>Tv\u00f6faldur bita lyklabyssusk\u00e1pur<\/b><\/p>\n<p>Einblokkarbygging \u00far 2 mm \u00feykku st\u00e1li.<\/p>\n<p>Hur\u00f0ar\u00feykkt 3 mm.<\/p>\n<p>Heildar\u00feykkt hur\u00f0ar 55 mm.<\/p>\n<p>\u00d6ryggisl\u00e1s me\u00f0 tv\u00edbita lykli me\u00f0 6 st\u00f6ngum.<\/p>\n<p>Lykill fastur \u00ed \u00feegar boltarnir eru dregnir inn.<\/p>\n<p>4 framboltar \u00far nikkelh\u00fa\u00f0u\u00f0u st\u00e1li me\u00f0 \u00feverm\u00e1l \u00d8 20 mm.<\/p>\n<p>G\u00famm\u00edgrind og motta \u00e1 botninum.<\/p>\n<p>Innri skotf\u00e6rahaldari me\u00f0 strokkal\u00e1s.<\/p>\n<p>Festingarg\u00f6t \u00e1 botni og aftan (2+2).<\/p>\n<p>Epox\u00fd dufth\u00fa\u00f0.<\/p>\n<p>Fyrir 5 riffla<\/p>\n<p><\/p>\n<p><b>Ytri m\u00e1l:<\/b><\/p>\n<p>H\u00e6\u00f0: 1450 mm<\/p>\n<p>Breidd: 535 mm<\/p>\n<p>D\u00fdpt: 320 mm<\/p>\n<p><b>Innri m\u00e1l:<\/b><\/p>\n<p>H\u00e6\u00f0: 1300 mm Fyrir utan h\u00e6\u00f0 innri kassans<\/p>\n<p>Breidd: 530 mm<\/p>\n<p>D\u00fdpt: 285 mm<\/p>\n<p><b>Hur\u00f0arst\u00e6r\u00f0:<\/b><\/p>\n<p>H\u00e6\u00f0: 1325 mm<\/p>\n<p>Breidd: 460 mm<\/p>\n<p>\u00deyngd 74 kg<\/p>\n<p>R\u00famtak: 218 l\u00edtrar<\/p>","protected":false},"excerpt":{"rendered":"<p>Tegund:&nbsp;TCH\/10<\/p>\n<p>Vara ekki send \u00ed p\u00f3sti, \u00fearf a\u00f0 s\u00e6kja \u00e1 lager okkar.<\/p>","protected":false},"featured_media":64059,"comment_status":"closed","ping_status":"closed","template":"","meta":[],"product_brand":[],"product_cat":[949,517,602],"product_tag":[1065],"class_list":{"0":"post-59766","1":"product","2":"type-product","3":"status-publish","4":"has-post-thumbnail","6":"product_cat-byssuskapar","7":"product_cat-lykillausnir","8":"product_cat-oryggisvorur","9":"product_tag-technosafe","11":"first","12":"instock","13":"taxable","14":"shipping-taxable","15":"purchasable","16":"product-type-simple"},"yoast_head":"<!-- This site is optimized with the Yoast SEO plugin v27.3 - https:\/\/yoast.com\/product\/yoast-seo-wordpress\/ -->\n<title>TECHNOSAFE Byssusk\u00e1pur f. 10 stk - V\u00e9lar &amp; Verkf\u00e6ri<\/title>\n<meta name=\"robots\" content=\"index, follow, max-snippet:-1, max-image-preview:large, max-video-preview:-1\" \/>\n<link rel=\"canonical\" href=\"https:\/\/velarogverkfaeri.is\/en\/lykillausnir\/oryggisvorur\/byssuskapar\/product\/technosafe-byssuskapur-f-10-stk\/\" \/>\n<meta property=\"og:locale\" content=\"en_US\" \/>\n<meta property=\"og:type\" content=\"article\" \/>\n<meta property=\"og:title\" content=\"TECHNOSAFE Byssusk\u00e1pur f. 10 stk - V\u00e9lar &amp; Verkf\u00e6ri\" \/>\n<meta property=\"og:description\" content=\"Tegund:&nbsp;TCH\/10Vara ekki send \u00ed p\u00f3sti, \u00fearf a\u00f0 s\u00e6kja \u00e1 lager okkar.\" \/>\n<meta property=\"og:url\" content=\"https:\/\/velarogverkfaeri.is\/en\/lykillausnir\/oryggisvorur\/byssuskapar\/product\/technosafe-byssuskapur-f-10-stk\/\" \/>\n<meta property=\"og:site_name\" content=\"V\u00e9lar &amp; Verkf\u00e6ri\" \/>\n<meta property=\"article:publisher\" content=\"https:\/\/www.facebook.com\/VelarOgVerkfaeri\" \/>\n<meta property=\"article:modified_time\" content=\"2026-03-23T10:15:31+00:00\" \/>\n<meta property=\"og:image\" content=\"https:\/\/velarogverkfaeri.is\/wp-content\/uploads\/2024\/08\/7a8843e7-2f52-4765-a5fe-cd3d9d64f9b5.jpg\" \/>\n\t<meta property=\"og:image:width\" content=\"640\" \/>\n\t<meta property=\"og:image:height\" content=\"640\" \/>\n\t<meta property=\"og:image:type\" content=\"image\/jpeg\" \/>\n<meta name=\"twitter:card\" content=\"summary_large_image\" \/>\n<script type=\"application\/ld+json\" class=\"yoast-schema-graph\">{\"@context\":\"https:\\\/\\\/schema.org\",\"@graph\":[{\"@type\":\"WebPage\",\"@id\":\"https:\\\/\\\/velarogverkfaeri.is\\\/lykillausnir\\\/oryggisvorur\\\/byssuskapar\\\/product\\\/technosafe-byssuskapur-f-10-stk\\\/\",\"url\":\"https:\\\/\\\/velarogverkfaeri.is\\\/lykillausnir\\\/oryggisvorur\\\/byssuskapar\\\/product\\\/technosafe-byssuskapur-f-10-stk\\\/\",\"name\":\"TECHNOSAFE Byssusk\u00e1pur f. 10 stk - V\u00e9lar &amp; Verkf\u00e6ri\",\"isPartOf\":{\"@id\":\"https:\\\/\\\/velarogverkfaeri.is\\\/en\\\/#website\"},\"primaryImageOfPage\":{\"@id\":\"https:\\\/\\\/velarogverkfaeri.is\\\/lykillausnir\\\/oryggisvorur\\\/byssuskapar\\\/product\\\/technosafe-byssuskapur-f-10-stk\\\/#primaryimage\"},\"image\":{\"@id\":\"https:\\\/\\\/velarogverkfaeri.is\\\/lykillausnir\\\/oryggisvorur\\\/byssuskapar\\\/product\\\/technosafe-byssuskapur-f-10-stk\\\/#primaryimage\"},\"thumbnailUrl\":\"https:\\\/\\\/velarogverkfaeri.is\\\/wp-content\\\/uploads\\\/2024\\\/08\\\/7a8843e7-2f52-4765-a5fe-cd3d9d64f9b5.jpg\",\"datePublished\":\"2024-04-16T12:43:31+00:00\",\"dateModified\":\"2026-03-23T10:15:31+00:00\",\"breadcrumb\":{\"@id\":\"https:\\\/\\\/velarogverkfaeri.is\\\/lykillausnir\\\/oryggisvorur\\\/byssuskapar\\\/product\\\/technosafe-byssuskapur-f-10-stk\\\/#breadcrumb\"},\"inLanguage\":\"en-US\",\"potentialAction\":[{\"@type\":\"ReadAction\",\"target\":[\"https:\\\/\\\/velarogverkfaeri.is\\\/lykillausnir\\\/oryggisvorur\\\/byssuskapar\\\/product\\\/technosafe-byssuskapur-f-10-stk\\\/\"]}]},{\"@type\":\"ImageObject\",\"inLanguage\":\"en-US\",\"@id\":\"https:\\\/\\\/velarogverkfaeri.is\\\/lykillausnir\\\/oryggisvorur\\\/byssuskapar\\\/product\\\/technosafe-byssuskapur-f-10-stk\\\/#primaryimage\",\"url\":\"https:\\\/\\\/velarogverkfaeri.is\\\/wp-content\\\/uploads\\\/2024\\\/08\\\/7a8843e7-2f52-4765-a5fe-cd3d9d64f9b5.jpg\",\"contentUrl\":\"https:\\\/\\\/velarogverkfaeri.is\\\/wp-content\\\/uploads\\\/2024\\\/08\\\/7a8843e7-2f52-4765-a5fe-cd3d9d64f9b5.jpg\",\"width\":640,\"height\":640},{\"@type\":\"BreadcrumbList\",\"@id\":\"https:\\\/\\\/velarogverkfaeri.is\\\/lykillausnir\\\/oryggisvorur\\\/byssuskapar\\\/product\\\/technosafe-byssuskapur-f-10-stk\\\/#breadcrumb\",\"itemListElement\":[{\"@type\":\"ListItem\",\"position\":1,\"name\":\"Home\",\"item\":\"https:\\\/\\\/velarogverkfaeri.is\\\/\"},{\"@type\":\"ListItem\",\"position\":2,\"name\":\"Vefverslun\",\"item\":\"https:\\\/\\\/velarogverkfaeri.is\\\/vefverslun\\\/\"},{\"@type\":\"ListItem\",\"position\":3,\"name\":\"TECHNOSAFE Byssusk\u00e1pur f. 10 stk\"}]},{\"@type\":\"WebSite\",\"@id\":\"https:\\\/\\\/velarogverkfaeri.is\\\/en\\\/#website\",\"url\":\"https:\\\/\\\/velarogverkfaeri.is\\\/en\\\/\",\"name\":\"V\u00e9lar & Verkf\u00e6ri\",\"description\":\"Umbo\u00f0s- og heildverslun fr\u00e1 \u00e1rinu 1919\",\"publisher\":{\"@id\":\"https:\\\/\\\/velarogverkfaeri.is\\\/en\\\/#organization\"},\"potentialAction\":[{\"@type\":\"SearchAction\",\"target\":{\"@type\":\"EntryPoint\",\"urlTemplate\":\"https:\\\/\\\/velarogverkfaeri.is\\\/en\\\/?s={search_term_string}\"},\"query-input\":{\"@type\":\"PropertyValueSpecification\",\"valueRequired\":true,\"valueName\":\"search_term_string\"}}],\"inLanguage\":\"en-US\"},{\"@type\":\"Organization\",\"@id\":\"https:\\\/\\\/velarogverkfaeri.is\\\/en\\\/#organization\",\"name\":\"V\u00e9lar & Verkf\u00e6ri\",\"url\":\"https:\\\/\\\/velarogverkfaeri.is\\\/en\\\/\",\"logo\":{\"@type\":\"ImageObject\",\"inLanguage\":\"en-US\",\"@id\":\"https:\\\/\\\/velarogverkfaeri.is\\\/en\\\/#\\\/schema\\\/logo\\\/image\\\/\",\"url\":\"https:\\\/\\\/velarogverkfaeri.is\\\/wp-content\\\/uploads\\\/2021\\\/10\\\/vv_logo_350x100.png\",\"contentUrl\":\"https:\\\/\\\/velarogverkfaeri.is\\\/wp-content\\\/uploads\\\/2021\\\/10\\\/vv_logo_350x100.png\",\"width\":350,\"height\":100,\"caption\":\"V\u00e9lar & Verkf\u00e6ri\"},\"image\":{\"@id\":\"https:\\\/\\\/velarogverkfaeri.is\\\/en\\\/#\\\/schema\\\/logo\\\/image\\\/\"},\"sameAs\":[\"https:\\\/\\\/www.facebook.com\\\/VelarOgVerkfaeri\"]}]}<\/script>\n<!-- \/ Yoast SEO plugin. -->","yoast_head_json":{"title":"TECHNOSAFE Byssusk\u00e1pur f. 10 stk - V\u00e9lar &amp; Verkf\u00e6ri","robots":{"index":"index","follow":"follow","max-snippet":"max-snippet:-1","max-image-preview":"max-image-preview:large","max-video-preview":"max-video-preview:-1"},"canonical":"https:\/\/velarogverkfaeri.is\/en\/lykillausnir\/oryggisvorur\/byssuskapar\/product\/technosafe-byssuskapur-f-10-stk\/","og_locale":"en_US","og_type":"article","og_title":"TECHNOSAFE Byssusk\u00e1pur f. 10 stk - V\u00e9lar &amp; Verkf\u00e6ri","og_description":"Tegund:&nbsp;TCH\/10Vara ekki send \u00ed p\u00f3sti, \u00fearf a\u00f0 s\u00e6kja \u00e1 lager okkar.","og_url":"https:\/\/velarogverkfaeri.is\/en\/lykillausnir\/oryggisvorur\/byssuskapar\/product\/technosafe-byssuskapur-f-10-stk\/","og_site_name":"V\u00e9lar &amp; Verkf\u00e6ri","article_publisher":"https:\/\/www.facebook.com\/VelarOgVerkfaeri","article_modified_time":"2026-03-23T10:15:31+00:00","og_image":[{"width":640,"height":640,"url":"https:\/\/velarogverkfaeri.is\/wp-content\/uploads\/2024\/08\/7a8843e7-2f52-4765-a5fe-cd3d9d64f9b5.jpg","type":"image\/jpeg"}],"twitter_card":"summary_large_image","schema":{"@context":"https:\/\/schema.org","@graph":[{"@type":"WebPage","@id":"https:\/\/velarogverkfaeri.is\/lykillausnir\/oryggisvorur\/byssuskapar\/product\/technosafe-byssuskapur-f-10-stk\/","url":"https:\/\/velarogverkfaeri.is\/lykillausnir\/oryggisvorur\/byssuskapar\/product\/technosafe-byssuskapur-f-10-stk\/","name":"TECHNOSAFE Byssusk\u00e1pur f. 10 stk - V\u00e9lar &amp; Verkf\u00e6ri","isPartOf":{"@id":"https:\/\/velarogverkfaeri.is\/en\/#website"},"primaryImageOfPage":{"@id":"https:\/\/velarogverkfaeri.is\/lykillausnir\/oryggisvorur\/byssuskapar\/product\/technosafe-byssuskapur-f-10-stk\/#primaryimage"},"image":{"@id":"https:\/\/velarogverkfaeri.is\/lykillausnir\/oryggisvorur\/byssuskapar\/product\/technosafe-byssuskapur-f-10-stk\/#primaryimage"},"thumbnailUrl":"https:\/\/velarogverkfaeri.is\/wp-content\/uploads\/2024\/08\/7a8843e7-2f52-4765-a5fe-cd3d9d64f9b5.jpg","datePublished":"2024-04-16T12:43:31+00:00","dateModified":"2026-03-23T10:15:31+00:00","breadcrumb":{"@id":"https:\/\/velarogverkfaeri.is\/lykillausnir\/oryggisvorur\/byssuskapar\/product\/technosafe-byssuskapur-f-10-stk\/#breadcrumb"},"inLanguage":"en-US","potentialAction":[{"@type":"ReadAction","target":["https:\/\/velarogverkfaeri.is\/lykillausnir\/oryggisvorur\/byssuskapar\/product\/technosafe-byssuskapur-f-10-stk\/"]}]},{"@type":"ImageObject","inLanguage":"en-US","@id":"https:\/\/velarogverkfaeri.is\/lykillausnir\/oryggisvorur\/byssuskapar\/product\/technosafe-byssuskapur-f-10-stk\/#primaryimage","url":"https:\/\/velarogverkfaeri.is\/wp-content\/uploads\/2024\/08\/7a8843e7-2f52-4765-a5fe-cd3d9d64f9b5.jpg","contentUrl":"https:\/\/velarogverkfaeri.is\/wp-content\/uploads\/2024\/08\/7a8843e7-2f52-4765-a5fe-cd3d9d64f9b5.jpg","width":640,"height":640},{"@type":"BreadcrumbList","@id":"https:\/\/velarogverkfaeri.is\/lykillausnir\/oryggisvorur\/byssuskapar\/product\/technosafe-byssuskapur-f-10-stk\/#breadcrumb","itemListElement":[{"@type":"ListItem","position":1,"name":"Home","item":"https:\/\/velarogverkfaeri.is\/"},{"@type":"ListItem","position":2,"name":"Vefverslun","item":"https:\/\/velarogverkfaeri.is\/vefverslun\/"},{"@type":"ListItem","position":3,"name":"TECHNOSAFE Byssusk\u00e1pur f. 10 stk"}]},{"@type":"WebSite","@id":"https:\/\/velarogverkfaeri.is\/en\/#website","url":"https:\/\/velarogverkfaeri.is\/en\/","name":"V\u00e9lar & Verkf\u00e6ri","description":"Umbo\u00f0s- og heildverslun fr\u00e1 \u00e1rinu 1919","publisher":{"@id":"https:\/\/velarogverkfaeri.is\/en\/#organization"},"potentialAction":[{"@type":"SearchAction","target":{"@type":"EntryPoint","urlTemplate":"https:\/\/velarogverkfaeri.is\/en\/?s={search_term_string}"},"query-input":{"@type":"PropertyValueSpecification","valueRequired":true,"valueName":"search_term_string"}}],"inLanguage":"en-US"},{"@type":"Organization","@id":"https:\/\/velarogverkfaeri.is\/en\/#organization","name":"V\u00e9lar & Verkf\u00e6ri","url":"https:\/\/velarogverkfaeri.is\/en\/","logo":{"@type":"ImageObject","inLanguage":"en-US","@id":"https:\/\/velarogverkfaeri.is\/en\/#\/schema\/logo\/image\/","url":"https:\/\/velarogverkfaeri.is\/wp-content\/uploads\/2021\/10\/vv_logo_350x100.png","contentUrl":"https:\/\/velarogverkfaeri.is\/wp-content\/uploads\/2021\/10\/vv_logo_350x100.png","width":350,"height":100,"caption":"V\u00e9lar & Verkf\u00e6ri"},"image":{"@id":"https:\/\/velarogverkfaeri.is\/en\/#\/schema\/logo\/image\/"},"sameAs":["https:\/\/www.facebook.com\/VelarOgVerkfaeri"]}]}},"_links":{"self":[{"href":"https:\/\/velarogverkfaeri.is\/en\/wp-json\/wp\/v2\/product\/59766","targetHints":{"allow":["GET"]}}],"collection":[{"href":"https:\/\/velarogverkfaeri.is\/en\/wp-json\/wp\/v2\/product"}],"about":[{"href":"https:\/\/velarogverkfaeri.is\/en\/wp-json\/wp\/v2\/types\/product"}],"replies":[{"embeddable":true,"href":"https:\/\/velarogverkfaeri.is\/en\/wp-json\/wp\/v2\/comments?post=59766"}],"wp:featuredmedia":[{"embeddable":true,"href":"https:\/\/velarogverkfaeri.is\/en\/wp-json\/wp\/v2\/media\/64059"}],"wp:attachment":[{"href":"https:\/\/velarogverkfaeri.is\/en\/wp-json\/wp\/v2\/media?parent=59766"}],"wp:term":[{"taxonomy":"product_brand","embeddable":true,"href":"https:\/\/velarogverkfaeri.is\/en\/wp-json\/wp\/v2\/product_brand?post=59766"},{"taxonomy":"product_cat","embeddable":true,"href":"https:\/\/velarogverkfaeri.is\/en\/wp-json\/wp\/v2\/product_cat?post=59766"},{"taxonomy":"product_tag","embeddable":true,"href":"https:\/\/velarogverkfaeri.is\/en\/wp-json\/wp\/v2\/product_tag?post=59766"}],"curies":[{"name":"wp","href":"https:\/\/api.w.org\/{rel}","templated":true}]}}