{"id":59690,"date":"2024-04-10T10:43:55","date_gmt":"2024-04-10T10:43:55","guid":{"rendered":"https:\/\/velarogverkfaeri.is\/?post_type=product&#038;p=59690"},"modified":"2025-05-05T13:31:36","modified_gmt":"2025-05-05T13:31:36","slug":"habo-klosettrulluhaldari-1368","status":"publish","type":"product","link":"https:\/\/velarogverkfaeri.is\/en\/lykillausnir\/badherbergi-lykillausnir\/salernirsrulluhaldarar\/product\/habo-klosettrulluhaldari-1368\/","title":{"rendered":"HABO Kl\u00f3settr\u00falluhaldari 1368"},"content":{"rendered":"<p><img decoding=\"async\" src=\"data:image\/png;base64,iVBORw0KGgoAAAANSUhEUgAAAV8AAADRCAYAAABreLGdAAAAAXNSR0IArs4c6QAAAARnQU1BAACxjwv8YQUAAAAJcEhZcwAADsMAAA7DAcdvqGQAACYwSURBVHhe7d0HfBRFwwbwJ410Qiot1CSAImBBLKAiqK\/iq\/SO0kEEBXn9LPQiItUCWEDpHRQrIBBEpEmVkkCABCSU9IT0ft\/MZBMSCHehXCH3\/H+uuZ3bS45k97nZ2dkZm\/z8fB2IiMikbLWvRERkQgxfIiIzYPgSEZkBw5eIyAwYvkREZsDwJSIyA4YvEZEZMHyJiMyA4UtEZAYMXyIiM2D4EhGZAcOXiMgMGL5ERGbA8CUiMgOGLxGRGTB8iYjMgOFLRGQGDF8iIjNg+BIRmQHDl4jIDBi+RERmcM\/NXmxjY6M9unV5nKeZyGTsbv9QtQoMXypXsjIyEBcfB534W3t5ecLF1U2V60RBYkI8UtPS4ezkCG9vH9ja2annyDgYvvoxfKncyMrMRI\/uXZGTnQ07e3sVuN9v+Al2ImS3\/r4ZkydPQt2AAISHh+Pdkf9D2w4dtVeSMTB89WObL1kcGZqXL0YiLjpaK9Go8ouIj4tVj693\/tw58X8d1v\/wI9Z\/vwEN778Pm379WT23YvkyTPtkGhYvWYbFixZj4cLvkJebq567gfjekZEXkJqSolZzc3PE944Q2+eo9UKi4oJ\/xc9U5eI1yUmJuHL5kvYskX6s+ZJFiYmKwrixY5AogiwjIwMPPfQQxo6bgKTERLwz4m3kiMDMyEjH4489jg9Hj5U7hPZKIPLff\/HG4IFYsnQ5HJ2c8P67I9G3bz\/c36gxOnVsh42btxbtP6\/16I4xY8ag\/v0N1bqUfDUJHTq0x4ONGyM2Lh7RUVfw2muvY+NvvyA7Nw8uLi5Y8O1CnD1zGiPeGYGa1asjPTNLvZ+BAwdh9epViI6OQatnW+L9UWO072q9WPPVjzVfsijLli6Bt7cX1qz7Hj\/9\/CviYuNw4thRzPn8UzQRIbpqzTqsWLkGISEhyBShV1x1EYZPNW+Btu1exYsvvgB7ezs8IkJahqqzswuKZ4G7uxsuiXC9Xoqo7Xbp3FkE+DK88J8XRQ16HZavXoe1639ARno6\/jl4QG2XlJSECZMmi\/eyCpXcK2LVyhVYLEJ\/yZIl2Pz7ZrUNkT4MX7IooSEn0KlzV\/XYxtYWc7\/8Eg0faIQ9e\/dg8NBhqubq5u6OpStWwUkEanF79+7GX7t3YePGTdi2bTuyc\/KweMF86HT5BRsUqyXL71NYXJyTqDE3e7KF2ta3cmXUr9dAbSsXLy8vpKVnFG3nX7OWKn\/o0abo3K4tbMX79fL2Qa6oJRMZwvAli5KXnw87u2u7pY2tHWRrUX5evgq6QjLoZEAWt37NaowZMw4elTzh7OKCESNHYuWaVXBzq4jMTBGaxdqJU1JT4V+1irZ2je1137Oka8\/Z2WqP5fZisSn2nonKgnsMWZSAgEBsDw5Wj+WFt7eGDMZff+5Aw4YNsfm3X1W57NXQ97UeuBwZqdYL1RWv3bNnl6jRiiqteG3YqZOo7FcZ7hUrws\/XD\/v27FbbRZ4\/h6SEBNQNqqfWicyB4UsWpUePntix4w8Mf2soevfqgazsbDz1TEu8+977+G7RQlXer29vVPTwRDV\/f+1VBV7r0w979\/2NQQP6YfjbwzB\/\/nzMmv2par7o1Lkzxk8Yh9GjPkCfPr3Ru09fOFSooL2SyPTY24EsjqzxnjkZCjdRY63mX0MrLSBrsx6ivEq16lrJjf49F4GcnBwE1quvlRTIykjHybAwNBDlTi4l24vp7mNvB\/0YvkRkFAxf\/djsQERkBqz5kknk5GQjPj4BCfHxSEhIQLPHHkMFK21zPR0WhtTUVHh5e8PL0xMVPTy0Z8oX1nz1Y\/iSkehwPiICwcHbcfDgQRw7dhTZOQW358qxFoYMGgwXV1e1bm22BQfj8JHD6rHcn6tWqYJmzZqhds1a6NqjO+wdyseHEsNXP4YvGc3BfXsREFRPjR6WmZWFuJgYnDhxHKdOnsRbw0fAzc1d29Ka6PDjhg3iLCAO991\/P+rVqwcnJ2c4OjoiLjYGVapWhaNYLw8YvvoxfIkshOzlofbuO9jHLQnDVz9ecCOjSUm+ivw83mpbVnnidyUDmKwDw5eM5sTRo8iQt\/VSmcRGRyE7O1tbo\/KO4UvGxYocUanY5ktGk5qSDBcXV07XU0ZZWVlwcHAoGDSoHGCbr34MXyIyCoavfmx2IKM5dvgQMtNLDnhON5cQH6fmnyPrwPAlo0lLSxNnG6WMWE6lkkNlijNRbY3KO4YvGY2vnx\/s7ey1NTLE0dGp3LT3kmFs8yUio2Cbr378mCWjSb569ebTs9MNsrOy2OxgRRi+ZDSnToYijRfcyiw+LpYX3KwIw5eIyAzY5ktGI2cMrlDBkReRyig3N1cNt3kn+7glYZuvfjwqyGhU8JaTIDGF8hS8ZBhrvmQ0B\/btRf37G6JixYpaCelz5dIlNbuFo5OTVmKZ0tPTEBsdg\/TUVHFAaoVCUP0GsHdw0NZY8zWE4UtGs1+EbwOGb5lduXRRhK+PZYevToc+vXoiKSkJVatV0woLzJj9Kdzcrw2Qz\/DVj+FLRnPp4kX4+vqigqOjVkL6pImapJP4XdkVqz1aGnkX3vChb2LO11\/DwcB0Rwxf\/djmS0ZT3d+fwXsLXN3cLDp4JTndkZ2drfqgoDvDmi8ZTUxUFDy9vOBgpbMU36q01BQ1n5udvSXfkq3D6uXLsXTJEjSoX7\/E8Thx6tQS8\/Kx5qsfw5eMhm2+t+ZeafP974v\/weu9eyMwMEgckFq50PjBh3jB7Raw2YGMRn5Q8vgrOxsbyz8cc3JyEBgUiC49euDhZs3w8KPXluLBS4ax5ktGcfnSJSTGx6tZLGT3KT8\/P9jwZoubkk00sbGxSE1Nga+vH2rVqYNcEXT\/HDmsnndzc0PDRo3V48MHD0AnglrevNKkSRP19d\/z55GQmKieDwoMVL0O0tNSEXb6jCpzc3VBUL36aoLO48eOIU8bQ6Lw9eFnziA5NRUO4u9VNyAALq6uql337JnTqFGzpqqRF9Dhg3ffRevnnkeTBx8scQONl49PiXXWfPVj+NJdIQ\/qyH\/\/xYH9+0VgHBGnoA\/C1dlZ1YZiYmMQER6BRx55BI+I2lKVKlW0V1m3mOho\/LXzT+zZvRveItxq1KgBt4ru6nd14cIFPCiCsdVzz6FmrVo3TCmflZ6uBuFxFiEpy3OyskSttGBcCFkma9E68XxGepoqs7N3KGrOyBChqtMm13PR2mizMjOQJ8I+Q3zfSuK9yHbnvLxc7BPvL+FqMl5p115tJ5sdenbtguSUFLVa\/Ghctmo1PCpV0tYYvoYwfOmOyeCdNWM6HnigEV5s85IoKfgblWjzFdvI7b5bMF\/V7F5t3\/6O\/pb3Nh02\/vobfvxxA76YO091L5OuXJY3WWhtvuJ3JW83nv\/118jIyMA7orZZvFZpKr\/9\/DMuRF7AkKHDCgrE+yr+IVCSPMCuPcfw1Y\/hS3dEjsI1berH6D9w0A2d7ku74KbT5YuaXTjWiFrSex98YJXthFMmT8Kzz7bCky2ai7Vr+3OpF9xE2EVGRuLrL+dh7ISJcDLxxbgZ06YiKTERUz6ZrpUAV8X6jj+2qwlSi7\/\/jl27qt4ahRi++rERjm6bnG136pQpGPb28BuCV6pTNwDO14WFPB0OCAxEr9dfx7o1awpqUtZC\/FtnzZyhBW8LUVAynTy9vNXsxSWIyoZscx30xhDMnPaJ+vAypfPnzuPs2bPF\/k46DH1jMHbv2oUr0TGIio4uWvLzOBbxrWDNVx+xw8lTZTkguKqhiZ9duC7Z2trA1kKmyZEDccv3Zkq7du7EA40aoXLVqlrJLRDvdcvvv8PNzRWPNH1UKyzPdIgRYXXgwAF06NhR7Uu3av++fTh9+jQ6d+ks1m7vOLCztYV9BRnwhl8v96cunTuqi6dbt21XF+Fk2\/CIYUPx1YLvDP4bWPPVj+Grj9j5\/vpzB85fuIA2L70Eb18\/RF2+jC3btqqna\/r7o2Wr1iL4MvHt\/G9UmauzC3oPGKh23KULv1WDict33Ltff7HzuuH4kcP4a9dfatsWzVug8cOPqKvSixeKnVnw9PRE916vi1pEHuZ\/8akI+jyR8jYY8k5Bm9\/mn37AqZAQ8Zp0+NWoiZCQUDUIt5+oecqfI38\/hR288gvDWJQVnuKoMvG0rbbN7crOzoKLi6s4Hf1EK7lRxNkzqFbdH07O105FSxDv5YP33lO\/q\/JO\/hv37NuL7X\/8oUZ7K01cbAw8KnrAQc9dgYMHDICruxscbvNDPyYmGouWLFX7hCHyPU+bPEnUaqMwdvwEePtVlqUY2KcPZn72Gdzlxbpi30e1SRdbZ\/jqx\/DVQ\/xu8NHECRg3caJYM\/OeJA4E+X6WL1uKuLh4tG3bVnwY+KouSPamviNKvBd5sejRR5upW4hvpiw3WQSLD7KG992PKtWrayXl0xlRYz0iar1devbUSm5UlpssIiIiVM+G+vfdp5XcmvGjR2PilCnammHJSYmIunIF9cTfSBF\/++9EReOH77+He7FBdKT5ixaJv7WHtsbwNYRtvnokJyUhJDRUWzMjscNv3boFy5YswdPPtMTId99FQFAQKlWqZPrglcQHYF5OLqqV0s5bnKuo6Rt6f40aNcbGjRu1tfIrKioKnXt019ZK5yTOmmS\/aH0q+\/nhm6++UvvE7bmzulaeOCPb+NtveGv4CNUDo\/jiLN4\/lR3DV4+LFy+K07QYs05qKE\/vFy9cCBdx6t67X1\/UrlNHe8a85A0Thm6aaNioEVxc9B+QPr4+OP\/veW2t\/Lp44YL4zNL\/+1LjYBj4sJLtrqdOhxXdJGFq+fl5qFmzJl5s0waPPfFkieWGi4WkF8NXj\/DwcNVmK0+7zEEO3\/f5p5+iS\/fuaP7U06LEQs7jRK2rLM0\/2dnZYlP9NS1bWzvkZpX3SSN1OB160mBtVd7RZuj3JX\/t8gYIeU3AHOQwkrIysmXzZsTFxSI+Lq5oMWcl5V7E8NXj1KlT6mA4dPCQVmJC4ucuXrQQbw4dZrD2aHJaABgKk6NHDiO1DEMP2pf3Uc\/Er6lmndoGPztjY6LVB5Z+NurmC1s78x268u67jyZPQpcOHcTSvmhJTr6qbUFlwfDVo127dujbu4+6\/93U1q5ZgxYtnlJjvFqi7IyMgmqYHo2bPAg3efurHrIDf+Uq8ip6OSZ+T3UDA1UI6+NXuYrB8Y8zxdlQFb\/KsBNnDGYh\/uQr1qzFpi1b8cvGTfi52OLhce1iGxnG8NVDXlGuX78+atYWtRYTUgNV6\/JVm6llEkegrS0S4uO19dLJq\/Z624VFzTk05ASef\/55raD88vXzVTcm6DtbkGcThppz4mJjMeTNIQY\/+IzHRrU7y0rB9cu9MCqbJWFXMwOCt2xB6xde0NaMTzZzjBs9Wt16616GcXBTkpMRHx+HtJQU5ObkmuyglMEbcvIkhr311h38TB2+mjcPTz7xhHhsrjAxDdme+\/6HH2CzqDHedg8VsW\/MnD4dzZs3v72mKPH6devX46OpH4sVw79vuS+uXblcNYW81re\/Vlp27GqmH8PXAFOHb3paGg78\/TeeadVKK7kJcWCsX7sWYafD8PbbwwtuZDBlbUj8\/M0bf8OLbV6+zZkqdDh+9CjOnTuPl15+WSsr3y5FRuKq+JBs0kQODXmLfyvx+z4lPuxkd8MJkyff9t9aHj9lDX8Zvq\/37I4a\/v74ePpMrbTsGL768TzBwpw9cwb33a91aL8JOVTg1Ckf4eGmTTF67Di4e3ioAJRdfUy2iJ\/X6rkXMErU0OWtzbdEHNQ52TnYv\/8A2vz3v6V\/\/3K41KpdG0sXLcTpU2Hqd1BmYls5jsaaNWsw4aOP7uhvfSu1bhnU1atXRzX\/GlqJDlGXLxUMUyne08mQEMwQteh1q1epLpF0axi+FkTWNL6cOwc+vr5aSWl0mPP55+jbfwDqBtTVyszD1c0VH4wahW8XLECKGuGqbBISEvDFZ5+hU+fO5rlJxExk+\/e0GTOxetUqnDhxXCs1TDbxfDxlCvr07aMC1JTkNY+qVaoiMyMDYz\/4EMOHDUPPrl3V7fTjRo9CRY9KOHTgACaMGaP2Xyo7hq8FkcMzygtZ+u5yunL5Cvwq+2kDkpv\/vM7bx0eEQl98JwI45PhxvX09Ze1t3949+OrLeXh7xIgSA29bC3sHe4wWQfXzjz\/hl59+RFJSwewTpZHj+O7ZsxuTJk3EUBF6tWqb+AYbEaaPPPwIqvtXQ4j4sLh85TJWrF2Hz+fMxbq1a\/HZnDkY\/OYQfDJrlrpIfD4iXHshlQXDVy\/tk9xEn+gpKSlo\/az+tt5LFy+iW\/cet93mZwzy6veId0aq4O3dsye2bfldBYfsj5qbm4PMzAysW7MaI4e\/Df9q1TF67FgrntHYRvVqGDV2DJ56+mn079MHo95\/H\/8cOqQubMkP4LOnwvD57Fno2KE9nERNd9bs2fARH3KF5C2+cpYJuRSSv\/vCssIaqPxaWCbvTCt07fXXyuTzBeV5114vlmr+\/qgkareyi9vDDz2szlT8a9VCFVEBqFpdjush90MbVRkonN2CyoYX3AzYvmUrWr1gmq5QEeFn1ShmQeJU72bWi1PWTt26yV+EVmJZ5J1X8s6n5ORkdaDK41ge2B7iAPby8jI4doE1SoiPQ0JCopqcUu6i9na24nTeA16enkXd+WT\/38J51GKuXEG+Nq5v5arV1DEhBzjPyEhXZd4+vurDTbbFy+8tyW5\/crxgKVrUYAsDtvD1iWK7LPHzJTmlkWzekKP1xccniL+bp7rLc1D\/\/hgwYCBOhJzA0X+O4Iknm+P\/PvgQB\/btxWxR+128fAWci\/XC4AU3\/Ri+BpgyfOUFDDlTQZ2AAK3kRnNFLWjYyHfEI+7ZZFoH9\/+NTb\/9ispVquLl\/76C+V9\/pcYYlhfl3hg6FE0fe1zbsgDDVz+GrwGmDN9ToaFwdnRCLT0X0uZ9+imGviPDl8iyMXz1Y5svEZEZMHyJyCB5J6VsFtO3yAusVHZsdjCAzQ5EwPmICLw5eBDs7GxRp7QxpcWx9fGMmXArNrsFmx30Y\/gaECzCtzXDl6ydToeLkZEY1L8fvvn2O9SoVUt7ohjZg6LY8cnw1Y\/NDvqIncnewa5gpyKyZiJU\/WvUQM9evbB92zZRUMoxcQcVI2vE8NVH7Ezq9lfuVETqOOjx2uvo1ae3VkB3guFLRGUmx6ewU9PWs0Jypxi+RERmwPAlIjIDhi8RkRlYcfjKq7U6NfjI1cSEoiU58eZD\/BER3S1WG766fB0mjhmDV9u8hEEDBhQtQ+XkhMWxlxkRGYHVhq8c9jAsLAy\/bNqENd9\/L5Yf1LJs1WptiwIF2csEJqK7y2rD19XVDZ6enrCzl9Oy3LzbjK3q48tuNUR0d1lt+Mqpt1u1bo0hA\/rjq88\/x1dfFCwLvpynbUFEZDxWG75Z2VlYt24tqlf3R76o2BZcfmMDAxGZhtWGb2JcPHy8fTBu0iQMfXs43tSWQW8O1bYgIjIeqw1fPzX7r5zGPF5NWijnz5JLrjaPFRGRMVlt+MqBn9VMwJ06oUuH9ujSvp1aenbtqm1BRGQ8Vjuer\/h3I\/T4cfW1ODlwSKMmTbQ1YPdff6H5Uy3EI+P3eOB4vlSecDxf\/ay25msrQrZq9eq4mnwVsbExRUtcbKy2RYE8NTUK9yIiurusNnzz8\/LwzlvDMG\/OHCxdsqRoWbliubZFgYLwJSK6u6w2fGV7r5u7G1auWYMlK1YWLQsWLda2ICIyHqsN3yrVqsLO1g45rNkSkRlYbfg6ODjgwYceQo8unTHq\/97F6Pf+Ty3jR32obUFEZDxWG75pqan46ccNeOWVtmjZqhWeefZZtTzdsqW2BRGR8Vht+KaK8A2qVx99+vfHCy+1KVpav\/AfbQsiIuOx2vD186sMV1cXBG\/5XSshIjIdqw3f3NwcnDsbjulTp+LFVi3RptWzamn30ovaFgU40A4RGYMVX3BzxLK16\/D7jj+xefsObNz+h1p+3LRZ26IAw5eIjMFqw5c3rRGROVlv+BIRmRHDl4jIDBi+kk6Hv\/fsQVpqilZARGRcVhe+OTnZiImOLrFER0dh5ozpOBkSitiYGG1LIiLjsbrxfMPPnMaAvn3Vp44cVrJQVm4uHOzs4OzkhF+3btNKgeCtW9H6+ee1NePieL5UnnA8X\/2sruZbNzAI877+GnUCAtB\/8GBs3blTdTerVq0avl28uETwSnYqoNnhjIjuLqsLX1lzvr\/hA\/hszlyEnz2LMR98gKTEBO3ZG9mK2jD7pRHR3WZ14auIAHZ1d8fo8ePxTMuW6NOrFxITbh7ARER3m3WGr1DQdmyD5198Cau\/\/wHdevZEpUqeBU8SWQg5x+CkiRMw\/O23ihZ5kZjufVYZvhlpaVi1bCn+DA5WU8V\/+\/VX2LVzJ6ZMmoTzEeHaVkTml5WVie3bg9GxUyd0695dLe4VK2rP0r3M6no7pCQno3fPHmqG4pioKFXbzcvPQ4eOnXD2zBls27YFi5YtFz+n4HNp544dJhvjl70d6HopKSlo\/+rL2BK8o0TvnOv9uOEHBAUGIjh4G\/Ly8tCnTz8cP34Mu3fvRu3atURo91THzrq1a\/Dwww9jww8\/wMnZGd179MCB\/ftx6PBh3NegAdq2aw87e3vtu94Z9nbQz+pqvucjItC0aVNM\/GgKps2ajRMhJzBt5iw83rw5evXpg8CAQMTGlJzBmMhcIs9FoGb16ni9Rzc836olvp43V4VrcTqdToXqlCmT4eXljcuXLmHY0CH47ddfVPB+++23CDsZqq51rFy+DGPHjEbdgADs\/3sfhgweiF1\/7UTdunUwa\/YshBw\/rm46IuOzuvCVbWiq9qx2MB10Yr2IKMvMzIQNu5aRhVi1cjmcXV2xZMUq\/PTzr9ggarh\/bC19DOpOHTuj1+u98f6oMQg\/dw7jJ0xC956voe3LbUQtWISq5r333keHTp0xWmyXl5uHyR9\/ImrAvRBQuzaiYqJVSJPxWV34BgQFYfeePRjUry8G9uunasGv9+yBn8VOPXnCeERHR8PXr3LBxiKMZa2CNQEyl0kfT8OcL7+BnZ0dXNzcMGPmbMyYPq1kpUHj7e2tPZJsYOdQ0Hzg6OiovhaqXKWq+urs7gZPz0oFlRHhbjU3UNlYXfi6ubtj2YqVaNehA0b+712MHj9BPT544AB8fX3x0dRPrn3yi69qx2RNgMzks09n4dLFi9oakJ6WCk\/ZK6eUfdJWu06hqKdL32\/v5LoJ3T1WF76Sp6ghtHnlVTz25JNwqFABHTt3FjWMj\/HG0GGoXLWgVkBkCSqI2ujYMR8i7NQpHPvnCCZOnIDxkz9igJYDVhm+N5I7sli4Q5OFGTLsbdQLDMKQIYPxv\/+NxMBBg3Bfwwe0Z69xF2d0Dg4O6rHsFVHJw6Oo3uvk5FzU9CC7qRX2mpBf5ZlgIXc3d1RwqKCtkbFZXVezW8WuZmR2Oh2ys7NhI8LSQbbL3iOVBHY10481XyJLJ8K2gqi5qpotz87KDYYvEZEZMHyJ7lGnT53En9uDERl5AQnxcUhPS0NeXq72LFR3tKzMTFxNTER01BUcOXQQu\/7Yzq6TFoJtvgbs2L4dLVs9Kx4Z\/3SPbb5UZiJA5S3FUz6eoi6cySYJd1dXNGxQH3Vq1lTHSXxCIo6JfSomLk61Gcvb6Fs82RyzP\/vCJM0XbPPVj+FrQPCWrWj9AmeyIMtzKTISVy5fhpe3Fzw9vRAWGoLHWzxVIlhPHDuKqtWqIz09HYmJCaIKYYNGTRqLZxi+5sZmB6J7VHV\/fzR9rJmanUX2XX\/8qadvqNE+0LiJuvOthqgNN27yoBpQyhTBS4YxfC3I9QOmEOmlgvZakMoR+64n24Hz2cZrkRi+FiQlJZlD+tBt27Nzh\/bomqP\/HFGDRZHlYfhakIoVr92VRHR3cI+yVAxfC6JvsGwiQ1q0lL1ySmrcpAmcnJy0NbIkPNotiLwiDTY80G2KjLyIH9atw4b164uWLZs3Iyc7W9uCLAnD1yARhia6YJGdnSX+z9NEuj1Hjx1Dh86d0b5Tp6LF08sT8fHx2hZkSRi+Bqh+xXfQt5iIqDQMXwvi4VFJe0R0d9ja2mmPyNIwfC3Indy9R1Qa7lOWi+FrQeQ04UR3k5qDkCwSw9eCFB+RiuhuyM\/nXZOWiuFrQWxsbZCdqz+A1bQvrM1QmbHZwVIxfC1I7ToBiLpySVsrXWD9+tojIsM4HbzlYvgaoi5YmKam6eriguDg7dpa6bx9fPDvhX+1NSIDeJZksRi+Bsip5U116hZx9gxCT4bqPWDqiZrv\/438H3Ky5A0ZRPrlGWjGIvNh+Bpgyhaz\/Px89O\/XXw16fTNy\/IfFS5di9uxZyM3J0UqJSmfLZgeLxfC1IC4urnj8ySdx6eJFraR0Lq6ueL13Hyz87jvs2rkT2awF002oygObHiwSpxEyQIZbi6ef1taMT9Z+3x35DmbMnFWGiyU6hJ4Iwbp162AvtrW1lZPEmLKuTpYkPiEBXbp0QYP77kMFxwpISkrC75s24fy586igms9kDuvw4ejR8kBS68bEaYT0Y\/gaYOrwla5cvoTQ0FC0fu4W5o4rrN3wjibrJfaBBBHAS5csQUREBJ5\/7jm0+e\/LsLMTH+JyvxDPjx8zGhOnTBEbM3zNjc0OeiTExeGfI0ewd9cuVWMwttATx9VXOeFhyPETSC1lWpibkgcXg9e6ib+\/l7c3RowciS\/mzsUr7dqJsyeHa\/tF0f7B\/cQSMHz1kLf7Llm2FN8smG+S3bV42+2AQQOxaNFCbY2IyhuGrx6Vq1SBk6MjqlWtapJapaubW1HzgYurG15t2w6zpk9ndyG6u0xwFkeGMXz1kNOv1KxZE4EBgVqJcQXVb1Ai5GvVro3+Awdi+NtvITMjQ5TwoKE7o3LXBBUJMozhq4\/YRwODgtC0aVOtwPQqeXpi2owZWPDNN9i548+Co4c1F7pNzF3LwfDVywa1a9VGYL162rpxnTj6j\/aoJFdXN7w1YjicnZ3x7YL52PL778jJkfNyMYSJ7lXsambAH8HbUMXPD7UDAuHs4oL0tDRcOBehnqtYqRKq+ddAfl4eTsvbggXZNzeowX3q8dlTp5Cbm6OqG7JJQT6XGB+HqCtXYGNrh8qVK8PT21vdqXb27BnxPU6i0YMPok7dAFW7PR0WhnxdvvgIsEG9Bg3Uv\/3ShQvYt28vgrdtw6PNmqlmESdnFzgWzVDLnr50cyuWLcXsL77Q1oyLXc30Y\/iWiXxhKT9Xnv5f\/36Kl5X2fHHXPX9GhHWQHLWsTK8RX8V\/6m2Jr4lxccjLz0ee+CAovDkjO1O2E4vTGxtb2Ds6qsdyTAj5O7TXOt2TFRH7zqkTx9GiVWv9+9hdwvDVj+FLZE0MVQjuIoavfmzztSA5HCiHjOxs2CntEZkbw9eChBw7qj0iMo6Y6CjtEZkbw5fIilSWNwyRRWD4WhAfX9+CNjkiIwkI4jRUloLha0H8a9Yy2cUQsk4njh7RHpG5MXwtSFpqqvaIyDiSr17VHpG5MXwtyBleiSYjC6zHZgdLwfAlsiJ+Vatpj8jcGL4WpEatWtojIuM49Pde7RGZG8PXgnj7+GqPiIwjKzNTe0TmxtuLLUhqSgrc3N21NaK7T05N5VaxorZmXLy9WD\/WfC3I2dNh2iMi43B2dWVfcgvB8CWyIgf37mFfcgvB8LUgterU0R4RGYcce5osA9t8iayIDF9bOzttzbjY5qsfa74WJCU5WXtUIDc3F2lpaUiIjy8xrTyRPrk5ubialISMjAyIypVWWoDDlloO1nwtyJGDB5Calo4D+\/fj2PFjuBIVhezsbORk56Bbt254umVLbUuimzsTFobPv\/gcDg4OqFChAuoFBuGhRx5Bw\/vvR+T5CHTo2k1sZfxqKWu++jF8LUiOCNqLFyORmJikxl09ffoMwiPCcTIkBP379cfTzz6rbUl0c2EnQzFn7lwEBASiQYMGqFOnDjy9vODt7Q1nJyf4+Mn+5Axfc2P4kkmdDA2Bl7ePmjz0eocPHVITgqqhNYuRp8+HDx3EE088abL2SrpzDF\/92OZLpqHTqX7MQ98cggsX\/tUKr4mNjsbId4bjpDYLdHGrVy7H5MmTkMsr9VSOMHzJJBZ9twD9+\/eFi3PhFPfXZKSno1u3LqWeCMt28DWrV2trNyGCPSMtDceOHlWzN0tXLl\/CufDwazcUaF+vJiTg9KmTal2Xn4+w0FAkJyao54hMic0OZHwi6H775Wc0e\/xxTBw\/Dr379cejjzbTngRmz5iGevWCsHrNWgx+YwieevoZ9Zrc3BwM6NcX\/fr2w8fTPsHPv\/ymLiAV98sP67Fm\/XpximsLT28vnD59Gg206ffPiMeNGjUSr52ByRPHI+JsOFxcXRAbFwc\/X1915d\/Lxwd\/\/vknpk2bXvBz6a5hs4N+rPmS8YkgfPnVtvD1u7Gdd+eOPxAeHiGeb1\/ig1V2kRo7ehQ6d+4C\/5o1tdLSZaRnYP53CzFj5mxR881H00cfxexPP8es2Z+qYC3spuctgnbe1\/OxaMlSHD12DAMHDsLUqdMweMAA7AjeprYhMhWGL5lNQnwcvvpyHj4cPRqpqakqOGWQZmdnYe+e3UhOTkaLZ55RfZ1lGKekpNzQb1WqV78eHJ2cYGdvLxY7BAQGqsB3cXVFnthepzU5BAUFqa+urm5icUXDBx5Q29WuXRuZmexHTabF8CWz2bR5EyLOn0fHjh3wXOtncebsGYwdNwarli\/DtOnTcPDwYbzw\/HMYMHAAEhMT0eal\/+DyxYvaq69xEKFbnM1NulFdvx2ROTF8yWzat++IX3\/dWLQEBgRg7Nhx6Ny1OxYtXlpUPm\/uPHh6emLDhh9RtRpnYqDygeFLZuPi4gJfP7+ixV7UTD08PFRzgbwhoLDcy8sLtra28PH1U00LROUBezsQkVGwt4N+rPkSEZkBw5eIyAwYvkREZmBVbb5ERJaCNV8iIjNg+BIRmQHDl4jIDBi+RERmwPAlIjIDhi8RkRkwfImIzIDhS0RkBgxfIiIzuOfucCMiKg9Y8yUiMjng\/wHAIKJePzavAAAAAABJRU5ErkJggg==\" alt=\"\"><\/p>","protected":false},"excerpt":{"rendered":"<p>Tegund: 18002&nbsp;&nbsp;&nbsp;&nbsp;<\/p>","protected":false},"featured_media":65877,"comment_status":"closed","ping_status":"closed","template":"","meta":[],"product_brand":[],"product_cat":[580,618,517],"product_tag":[],"class_list":{"0":"post-59690","1":"product","2":"type-product","3":"status-publish","4":"has-post-thumbnail","6":"product_cat-badherbergi-lykillausnir","7":"product_cat-salernirsrulluhaldarar","8":"product_cat-lykillausnir","10":"first","11":"instock","12":"taxable","13":"shipping-taxable","14":"purchasable","15":"product-type-simple"},"yoast_head":"<!-- This site is optimized with the Yoast SEO plugin v27.3 - https:\/\/yoast.com\/product\/yoast-seo-wordpress\/ -->\n<title>HABO Kl\u00f3settr\u00falluhaldari 1368 - V\u00e9lar &amp; Verkf\u00e6ri<\/title>\n<meta name=\"robots\" content=\"index, follow, max-snippet:-1, max-image-preview:large, max-video-preview:-1\" \/>\n<link rel=\"canonical\" href=\"https:\/\/velarogverkfaeri.is\/en\/lykillausnir\/badherbergi-lykillausnir\/salernirsrulluhaldarar\/product\/habo-klosettrulluhaldari-1368\/\" \/>\n<meta property=\"og:locale\" content=\"en_US\" \/>\n<meta property=\"og:type\" content=\"article\" \/>\n<meta property=\"og:title\" content=\"HABO Kl\u00f3settr\u00falluhaldari 1368 - V\u00e9lar &amp; Verkf\u00e6ri\" \/>\n<meta property=\"og:description\" content=\"Tegund: 18002&nbsp;&nbsp;&nbsp;&nbsp;\" \/>\n<meta property=\"og:url\" content=\"https:\/\/velarogverkfaeri.is\/en\/lykillausnir\/badherbergi-lykillausnir\/salernirsrulluhaldarar\/product\/habo-klosettrulluhaldari-1368\/\" \/>\n<meta property=\"og:site_name\" content=\"V\u00e9lar &amp; Verkf\u00e6ri\" \/>\n<meta property=\"article:publisher\" content=\"https:\/\/www.facebook.com\/VelarOgVerkfaeri\" \/>\n<meta property=\"article:modified_time\" content=\"2025-05-05T13:31:36+00:00\" \/>\n<meta property=\"og:image\" content=\"https:\/\/velarogverkfaeri.is\/wp-content\/uploads\/2024\/09\/762f1d0a-036f-4dba-89fa-6df54f267675.jpg\" \/>\n\t<meta property=\"og:image:width\" content=\"1129\" \/>\n\t<meta property=\"og:image:height\" content=\"800\" \/>\n\t<meta property=\"og:image:type\" content=\"image\/jpeg\" \/>\n<meta name=\"twitter:card\" content=\"summary_large_image\" \/>\n<script type=\"application\/ld+json\" class=\"yoast-schema-graph\">{\"@context\":\"https:\\\/\\\/schema.org\",\"@graph\":[{\"@type\":\"WebPage\",\"@id\":\"https:\\\/\\\/velarogverkfaeri.is\\\/lykillausnir\\\/badherbergi-lykillausnir\\\/salernirsrulluhaldarar\\\/product\\\/habo-klosettrulluhaldari-1368\\\/\",\"url\":\"https:\\\/\\\/velarogverkfaeri.is\\\/lykillausnir\\\/badherbergi-lykillausnir\\\/salernirsrulluhaldarar\\\/product\\\/habo-klosettrulluhaldari-1368\\\/\",\"name\":\"HABO Kl\u00f3settr\u00falluhaldari 1368 - V\u00e9lar &amp; Verkf\u00e6ri\",\"isPartOf\":{\"@id\":\"https:\\\/\\\/velarogverkfaeri.is\\\/en\\\/#website\"},\"primaryImageOfPage\":{\"@id\":\"https:\\\/\\\/velarogverkfaeri.is\\\/lykillausnir\\\/badherbergi-lykillausnir\\\/salernirsrulluhaldarar\\\/product\\\/habo-klosettrulluhaldari-1368\\\/#primaryimage\"},\"image\":{\"@id\":\"https:\\\/\\\/velarogverkfaeri.is\\\/lykillausnir\\\/badherbergi-lykillausnir\\\/salernirsrulluhaldarar\\\/product\\\/habo-klosettrulluhaldari-1368\\\/#primaryimage\"},\"thumbnailUrl\":\"https:\\\/\\\/velarogverkfaeri.is\\\/wp-content\\\/uploads\\\/2024\\\/09\\\/762f1d0a-036f-4dba-89fa-6df54f267675.jpg\",\"datePublished\":\"2024-04-10T10:43:55+00:00\",\"dateModified\":\"2025-05-05T13:31:36+00:00\",\"breadcrumb\":{\"@id\":\"https:\\\/\\\/velarogverkfaeri.is\\\/lykillausnir\\\/badherbergi-lykillausnir\\\/salernirsrulluhaldarar\\\/product\\\/habo-klosettrulluhaldari-1368\\\/#breadcrumb\"},\"inLanguage\":\"en-US\",\"potentialAction\":[{\"@type\":\"ReadAction\",\"target\":[\"https:\\\/\\\/velarogverkfaeri.is\\\/lykillausnir\\\/badherbergi-lykillausnir\\\/salernirsrulluhaldarar\\\/product\\\/habo-klosettrulluhaldari-1368\\\/\"]}]},{\"@type\":\"ImageObject\",\"inLanguage\":\"en-US\",\"@id\":\"https:\\\/\\\/velarogverkfaeri.is\\\/lykillausnir\\\/badherbergi-lykillausnir\\\/salernirsrulluhaldarar\\\/product\\\/habo-klosettrulluhaldari-1368\\\/#primaryimage\",\"url\":\"https:\\\/\\\/velarogverkfaeri.is\\\/wp-content\\\/uploads\\\/2024\\\/09\\\/762f1d0a-036f-4dba-89fa-6df54f267675.jpg\",\"contentUrl\":\"https:\\\/\\\/velarogverkfaeri.is\\\/wp-content\\\/uploads\\\/2024\\\/09\\\/762f1d0a-036f-4dba-89fa-6df54f267675.jpg\",\"width\":1129,\"height\":800},{\"@type\":\"BreadcrumbList\",\"@id\":\"https:\\\/\\\/velarogverkfaeri.is\\\/lykillausnir\\\/badherbergi-lykillausnir\\\/salernirsrulluhaldarar\\\/product\\\/habo-klosettrulluhaldari-1368\\\/#breadcrumb\",\"itemListElement\":[{\"@type\":\"ListItem\",\"position\":1,\"name\":\"Home\",\"item\":\"https:\\\/\\\/velarogverkfaeri.is\\\/\"},{\"@type\":\"ListItem\",\"position\":2,\"name\":\"Vefverslun\",\"item\":\"https:\\\/\\\/velarogverkfaeri.is\\\/vefverslun\\\/\"},{\"@type\":\"ListItem\",\"position\":3,\"name\":\"HABO Kl\u00f3settr\u00falluhaldari 1368\"}]},{\"@type\":\"WebSite\",\"@id\":\"https:\\\/\\\/velarogverkfaeri.is\\\/en\\\/#website\",\"url\":\"https:\\\/\\\/velarogverkfaeri.is\\\/en\\\/\",\"name\":\"V\u00e9lar & Verkf\u00e6ri\",\"description\":\"Umbo\u00f0s- og heildverslun fr\u00e1 \u00e1rinu 1919\",\"publisher\":{\"@id\":\"https:\\\/\\\/velarogverkfaeri.is\\\/en\\\/#organization\"},\"potentialAction\":[{\"@type\":\"SearchAction\",\"target\":{\"@type\":\"EntryPoint\",\"urlTemplate\":\"https:\\\/\\\/velarogverkfaeri.is\\\/en\\\/?s={search_term_string}\"},\"query-input\":{\"@type\":\"PropertyValueSpecification\",\"valueRequired\":true,\"valueName\":\"search_term_string\"}}],\"inLanguage\":\"en-US\"},{\"@type\":\"Organization\",\"@id\":\"https:\\\/\\\/velarogverkfaeri.is\\\/en\\\/#organization\",\"name\":\"V\u00e9lar & Verkf\u00e6ri\",\"url\":\"https:\\\/\\\/velarogverkfaeri.is\\\/en\\\/\",\"logo\":{\"@type\":\"ImageObject\",\"inLanguage\":\"en-US\",\"@id\":\"https:\\\/\\\/velarogverkfaeri.is\\\/en\\\/#\\\/schema\\\/logo\\\/image\\\/\",\"url\":\"https:\\\/\\\/velarogverkfaeri.is\\\/wp-content\\\/uploads\\\/2021\\\/10\\\/vv_logo_350x100.png\",\"contentUrl\":\"https:\\\/\\\/velarogverkfaeri.is\\\/wp-content\\\/uploads\\\/2021\\\/10\\\/vv_logo_350x100.png\",\"width\":350,\"height\":100,\"caption\":\"V\u00e9lar & Verkf\u00e6ri\"},\"image\":{\"@id\":\"https:\\\/\\\/velarogverkfaeri.is\\\/en\\\/#\\\/schema\\\/logo\\\/image\\\/\"},\"sameAs\":[\"https:\\\/\\\/www.facebook.com\\\/VelarOgVerkfaeri\"]}]}<\/script>\n<!-- \/ Yoast SEO plugin. -->","yoast_head_json":{"title":"HABO Kl\u00f3settr\u00falluhaldari 1368 - V\u00e9lar &amp; Verkf\u00e6ri","robots":{"index":"index","follow":"follow","max-snippet":"max-snippet:-1","max-image-preview":"max-image-preview:large","max-video-preview":"max-video-preview:-1"},"canonical":"https:\/\/velarogverkfaeri.is\/en\/lykillausnir\/badherbergi-lykillausnir\/salernirsrulluhaldarar\/product\/habo-klosettrulluhaldari-1368\/","og_locale":"en_US","og_type":"article","og_title":"HABO Kl\u00f3settr\u00falluhaldari 1368 - V\u00e9lar &amp; Verkf\u00e6ri","og_description":"Tegund: 18002&nbsp;&nbsp;&nbsp;&nbsp;","og_url":"https:\/\/velarogverkfaeri.is\/en\/lykillausnir\/badherbergi-lykillausnir\/salernirsrulluhaldarar\/product\/habo-klosettrulluhaldari-1368\/","og_site_name":"V\u00e9lar &amp; Verkf\u00e6ri","article_publisher":"https:\/\/www.facebook.com\/VelarOgVerkfaeri","article_modified_time":"2025-05-05T13:31:36+00:00","og_image":[{"width":1129,"height":800,"url":"https:\/\/velarogverkfaeri.is\/wp-content\/uploads\/2024\/09\/762f1d0a-036f-4dba-89fa-6df54f267675.jpg","type":"image\/jpeg"}],"twitter_card":"summary_large_image","schema":{"@context":"https:\/\/schema.org","@graph":[{"@type":"WebPage","@id":"https:\/\/velarogverkfaeri.is\/lykillausnir\/badherbergi-lykillausnir\/salernirsrulluhaldarar\/product\/habo-klosettrulluhaldari-1368\/","url":"https:\/\/velarogverkfaeri.is\/lykillausnir\/badherbergi-lykillausnir\/salernirsrulluhaldarar\/product\/habo-klosettrulluhaldari-1368\/","name":"HABO Kl\u00f3settr\u00falluhaldari 1368 - V\u00e9lar &amp; Verkf\u00e6ri","isPartOf":{"@id":"https:\/\/velarogverkfaeri.is\/en\/#website"},"primaryImageOfPage":{"@id":"https:\/\/velarogverkfaeri.is\/lykillausnir\/badherbergi-lykillausnir\/salernirsrulluhaldarar\/product\/habo-klosettrulluhaldari-1368\/#primaryimage"},"image":{"@id":"https:\/\/velarogverkfaeri.is\/lykillausnir\/badherbergi-lykillausnir\/salernirsrulluhaldarar\/product\/habo-klosettrulluhaldari-1368\/#primaryimage"},"thumbnailUrl":"https:\/\/velarogverkfaeri.is\/wp-content\/uploads\/2024\/09\/762f1d0a-036f-4dba-89fa-6df54f267675.jpg","datePublished":"2024-04-10T10:43:55+00:00","dateModified":"2025-05-05T13:31:36+00:00","breadcrumb":{"@id":"https:\/\/velarogverkfaeri.is\/lykillausnir\/badherbergi-lykillausnir\/salernirsrulluhaldarar\/product\/habo-klosettrulluhaldari-1368\/#breadcrumb"},"inLanguage":"en-US","potentialAction":[{"@type":"ReadAction","target":["https:\/\/velarogverkfaeri.is\/lykillausnir\/badherbergi-lykillausnir\/salernirsrulluhaldarar\/product\/habo-klosettrulluhaldari-1368\/"]}]},{"@type":"ImageObject","inLanguage":"en-US","@id":"https:\/\/velarogverkfaeri.is\/lykillausnir\/badherbergi-lykillausnir\/salernirsrulluhaldarar\/product\/habo-klosettrulluhaldari-1368\/#primaryimage","url":"https:\/\/velarogverkfaeri.is\/wp-content\/uploads\/2024\/09\/762f1d0a-036f-4dba-89fa-6df54f267675.jpg","contentUrl":"https:\/\/velarogverkfaeri.is\/wp-content\/uploads\/2024\/09\/762f1d0a-036f-4dba-89fa-6df54f267675.jpg","width":1129,"height":800},{"@type":"BreadcrumbList","@id":"https:\/\/velarogverkfaeri.is\/lykillausnir\/badherbergi-lykillausnir\/salernirsrulluhaldarar\/product\/habo-klosettrulluhaldari-1368\/#breadcrumb","itemListElement":[{"@type":"ListItem","position":1,"name":"Home","item":"https:\/\/velarogverkfaeri.is\/"},{"@type":"ListItem","position":2,"name":"Vefverslun","item":"https:\/\/velarogverkfaeri.is\/vefverslun\/"},{"@type":"ListItem","position":3,"name":"HABO Kl\u00f3settr\u00falluhaldari 1368"}]},{"@type":"WebSite","@id":"https:\/\/velarogverkfaeri.is\/en\/#website","url":"https:\/\/velarogverkfaeri.is\/en\/","name":"V\u00e9lar & Verkf\u00e6ri","description":"Umbo\u00f0s- og heildverslun fr\u00e1 \u00e1rinu 1919","publisher":{"@id":"https:\/\/velarogverkfaeri.is\/en\/#organization"},"potentialAction":[{"@type":"SearchAction","target":{"@type":"EntryPoint","urlTemplate":"https:\/\/velarogverkfaeri.is\/en\/?s={search_term_string}"},"query-input":{"@type":"PropertyValueSpecification","valueRequired":true,"valueName":"search_term_string"}}],"inLanguage":"en-US"},{"@type":"Organization","@id":"https:\/\/velarogverkfaeri.is\/en\/#organization","name":"V\u00e9lar & Verkf\u00e6ri","url":"https:\/\/velarogverkfaeri.is\/en\/","logo":{"@type":"ImageObject","inLanguage":"en-US","@id":"https:\/\/velarogverkfaeri.is\/en\/#\/schema\/logo\/image\/","url":"https:\/\/velarogverkfaeri.is\/wp-content\/uploads\/2021\/10\/vv_logo_350x100.png","contentUrl":"https:\/\/velarogverkfaeri.is\/wp-content\/uploads\/2021\/10\/vv_logo_350x100.png","width":350,"height":100,"caption":"V\u00e9lar & Verkf\u00e6ri"},"image":{"@id":"https:\/\/velarogverkfaeri.is\/en\/#\/schema\/logo\/image\/"},"sameAs":["https:\/\/www.facebook.com\/VelarOgVerkfaeri"]}]}},"_links":{"self":[{"href":"https:\/\/velarogverkfaeri.is\/en\/wp-json\/wp\/v2\/product\/59690","targetHints":{"allow":["GET"]}}],"collection":[{"href":"https:\/\/velarogverkfaeri.is\/en\/wp-json\/wp\/v2\/product"}],"about":[{"href":"https:\/\/velarogverkfaeri.is\/en\/wp-json\/wp\/v2\/types\/product"}],"replies":[{"embeddable":true,"href":"https:\/\/velarogverkfaeri.is\/en\/wp-json\/wp\/v2\/comments?post=59690"}],"wp:featuredmedia":[{"embeddable":true,"href":"https:\/\/velarogverkfaeri.is\/en\/wp-json\/wp\/v2\/media\/65877"}],"wp:attachment":[{"href":"https:\/\/velarogverkfaeri.is\/en\/wp-json\/wp\/v2\/media?parent=59690"}],"wp:term":[{"taxonomy":"product_brand","embeddable":true,"href":"https:\/\/velarogverkfaeri.is\/en\/wp-json\/wp\/v2\/product_brand?post=59690"},{"taxonomy":"product_cat","embeddable":true,"href":"https:\/\/velarogverkfaeri.is\/en\/wp-json\/wp\/v2\/product_cat?post=59690"},{"taxonomy":"product_tag","embeddable":true,"href":"https:\/\/velarogverkfaeri.is\/en\/wp-json\/wp\/v2\/product_tag?post=59690"}],"curies":[{"name":"wp","href":"https:\/\/api.w.org\/{rel}","templated":true}]}}