{"id":59380,"date":"2024-04-06T17:27:34","date_gmt":"2024-04-06T17:27:34","guid":{"rendered":"https:\/\/velarogverkfaeri.is\/?post_type=product&#038;p=59380"},"modified":"2026-03-23T09:16:02","modified_gmt":"2026-03-23T09:16:02","slug":"energizer-thradlaust-hledslutaeki-wcp109","status":"publish","type":"product","link":"https:\/\/velarogverkfaeri.is\/en\/lykillausnir\/snjallheimili\/thradlaus-hledslutaeki\/product\/energizer-thradlaust-hledslutaeki-wcp109\/","title":{"rendered":"ENERGIZER \u00der\u00e1\u00f0laust hle\u00f0slut\u00e6ki WCP109"},"content":{"rendered":"<p>Fyrir snjalls\u00edma<\/p>\n<p>Upplif\u00f0u \u00fer\u00e1\u00f0lausa h\u00e1hra\u00f0a hle\u00f0slu me\u00f0 Energizer WCP109 sem veitir hra\u00f0hle\u00f0slu s\u00edmans allt a\u00f0 15W. <\/p>\n<p>Sterk segulfesting hennar er samh\u00e6f vi\u00f0 iPhone segulmagna\u00f0ir eiginleikar og a\u00f0ra snjalls\u00edma me\u00f0 samh\u00e6fum segulhylki, sem sty\u00f0ur b\u00e6\u00f0i l\u00e1r\u00e9tta og l\u00f3\u00f0r\u00e9tta hle\u00f0slustefnu.<\/p>\n<p>Bakkaeiginleikinn tryggir st\u00f6\u00f0ugleika fyrir s\u00edma sem ekki eru segulmagna\u00f0ir me\u00f0an \u00e1 hle\u00f0slu stendur. <\/p>\n<p>Energizer PowerSafe Management b\u00fd\u00f0ur upp \u00e1 vernd gegn ofstraumi og ofhle\u00f0slu, sem tryggir \u00f6rugga og skilvirka hle\u00f0sluupplifun.<\/p>","protected":false},"excerpt":{"rendered":"<p>Tegund:&nbsp;WCP109&nbsp;<\/p>","protected":false},"featured_media":62737,"comment_status":"closed","ping_status":"closed","template":"","meta":[],"product_brand":[],"product_cat":[517,853,939],"product_tag":[],"class_list":{"0":"post-59380","1":"product","2":"type-product","3":"status-publish","4":"has-post-thumbnail","6":"product_cat-lykillausnir","7":"product_cat-snjallheimili","8":"product_cat-thradlaus-hledslutaeki","10":"first","11":"instock","12":"taxable","13":"shipping-taxable","14":"purchasable","15":"product-type-simple"},"yoast_head":"<!-- This site is optimized with the Yoast SEO plugin v27.3 - https:\/\/yoast.com\/product\/yoast-seo-wordpress\/ -->\n<title>ENERGIZER \u00der\u00e1\u00f0laust hle\u00f0slut\u00e6ki WCP109 - V\u00e9lar &amp; Verkf\u00e6ri<\/title>\n<meta name=\"robots\" content=\"index, follow, max-snippet:-1, max-image-preview:large, max-video-preview:-1\" \/>\n<link rel=\"canonical\" href=\"https:\/\/velarogverkfaeri.is\/en\/lykillausnir\/snjallheimili\/thradlaus-hledslutaeki\/product\/energizer-thradlaust-hledslutaeki-wcp109\/\" \/>\n<meta property=\"og:locale\" content=\"en_US\" \/>\n<meta property=\"og:type\" content=\"article\" \/>\n<meta property=\"og:title\" content=\"ENERGIZER \u00der\u00e1\u00f0laust hle\u00f0slut\u00e6ki WCP109 - V\u00e9lar &amp; Verkf\u00e6ri\" \/>\n<meta property=\"og:description\" content=\"Tegund:&nbsp;WCP109&nbsp;\" \/>\n<meta property=\"og:url\" content=\"https:\/\/velarogverkfaeri.is\/en\/lykillausnir\/snjallheimili\/thradlaus-hledslutaeki\/product\/energizer-thradlaust-hledslutaeki-wcp109\/\" \/>\n<meta property=\"og:site_name\" content=\"V\u00e9lar &amp; Verkf\u00e6ri\" \/>\n<meta property=\"article:publisher\" content=\"https:\/\/www.facebook.com\/VelarOgVerkfaeri\" \/>\n<meta property=\"article:modified_time\" content=\"2026-03-23T09:16:02+00:00\" \/>\n<meta property=\"og:image\" content=\"https:\/\/velarogverkfaeri.is\/wp-content\/uploads\/2024\/07\/febd5f42-3876-4939-9f7d-ba50c941cbf7.jpg\" \/>\n\t<meta property=\"og:image:width\" content=\"1500\" \/>\n\t<meta property=\"og:image:height\" content=\"1500\" \/>\n\t<meta property=\"og:image:type\" content=\"image\/jpeg\" \/>\n<meta name=\"twitter:card\" content=\"summary_large_image\" \/>\n<script type=\"application\/ld+json\" class=\"yoast-schema-graph\">{\"@context\":\"https:\\\/\\\/schema.org\",\"@graph\":[{\"@type\":\"WebPage\",\"@id\":\"https:\\\/\\\/velarogverkfaeri.is\\\/lykillausnir\\\/snjallheimili\\\/thradlaus-hledslutaeki\\\/product\\\/energizer-thradlaust-hledslutaeki-wcp109\\\/\",\"url\":\"https:\\\/\\\/velarogverkfaeri.is\\\/lykillausnir\\\/snjallheimili\\\/thradlaus-hledslutaeki\\\/product\\\/energizer-thradlaust-hledslutaeki-wcp109\\\/\",\"name\":\"ENERGIZER \u00der\u00e1\u00f0laust hle\u00f0slut\u00e6ki WCP109 - V\u00e9lar &amp; Verkf\u00e6ri\",\"isPartOf\":{\"@id\":\"https:\\\/\\\/velarogverkfaeri.is\\\/en\\\/#website\"},\"primaryImageOfPage\":{\"@id\":\"https:\\\/\\\/velarogverkfaeri.is\\\/lykillausnir\\\/snjallheimili\\\/thradlaus-hledslutaeki\\\/product\\\/energizer-thradlaust-hledslutaeki-wcp109\\\/#primaryimage\"},\"image\":{\"@id\":\"https:\\\/\\\/velarogverkfaeri.is\\\/lykillausnir\\\/snjallheimili\\\/thradlaus-hledslutaeki\\\/product\\\/energizer-thradlaust-hledslutaeki-wcp109\\\/#primaryimage\"},\"thumbnailUrl\":\"https:\\\/\\\/velarogverkfaeri.is\\\/wp-content\\\/uploads\\\/2024\\\/07\\\/febd5f42-3876-4939-9f7d-ba50c941cbf7.jpg\",\"datePublished\":\"2024-04-06T17:27:34+00:00\",\"dateModified\":\"2026-03-23T09:16:02+00:00\",\"breadcrumb\":{\"@id\":\"https:\\\/\\\/velarogverkfaeri.is\\\/lykillausnir\\\/snjallheimili\\\/thradlaus-hledslutaeki\\\/product\\\/energizer-thradlaust-hledslutaeki-wcp109\\\/#breadcrumb\"},\"inLanguage\":\"en-US\",\"potentialAction\":[{\"@type\":\"ReadAction\",\"target\":[\"https:\\\/\\\/velarogverkfaeri.is\\\/lykillausnir\\\/snjallheimili\\\/thradlaus-hledslutaeki\\\/product\\\/energizer-thradlaust-hledslutaeki-wcp109\\\/\"]}]},{\"@type\":\"ImageObject\",\"inLanguage\":\"en-US\",\"@id\":\"https:\\\/\\\/velarogverkfaeri.is\\\/lykillausnir\\\/snjallheimili\\\/thradlaus-hledslutaeki\\\/product\\\/energizer-thradlaust-hledslutaeki-wcp109\\\/#primaryimage\",\"url\":\"https:\\\/\\\/velarogverkfaeri.is\\\/wp-content\\\/uploads\\\/2024\\\/07\\\/febd5f42-3876-4939-9f7d-ba50c941cbf7.jpg\",\"contentUrl\":\"https:\\\/\\\/velarogverkfaeri.is\\\/wp-content\\\/uploads\\\/2024\\\/07\\\/febd5f42-3876-4939-9f7d-ba50c941cbf7.jpg\",\"width\":1500,\"height\":1500},{\"@type\":\"BreadcrumbList\",\"@id\":\"https:\\\/\\\/velarogverkfaeri.is\\\/lykillausnir\\\/snjallheimili\\\/thradlaus-hledslutaeki\\\/product\\\/energizer-thradlaust-hledslutaeki-wcp109\\\/#breadcrumb\",\"itemListElement\":[{\"@type\":\"ListItem\",\"position\":1,\"name\":\"Home\",\"item\":\"https:\\\/\\\/velarogverkfaeri.is\\\/\"},{\"@type\":\"ListItem\",\"position\":2,\"name\":\"Vefverslun\",\"item\":\"https:\\\/\\\/velarogverkfaeri.is\\\/vefverslun\\\/\"},{\"@type\":\"ListItem\",\"position\":3,\"name\":\"ENERGIZER \u00der\u00e1\u00f0laust hle\u00f0slut\u00e6ki WCP109\"}]},{\"@type\":\"WebSite\",\"@id\":\"https:\\\/\\\/velarogverkfaeri.is\\\/en\\\/#website\",\"url\":\"https:\\\/\\\/velarogverkfaeri.is\\\/en\\\/\",\"name\":\"V\u00e9lar & Verkf\u00e6ri\",\"description\":\"Umbo\u00f0s- og heildverslun fr\u00e1 \u00e1rinu 1919\",\"publisher\":{\"@id\":\"https:\\\/\\\/velarogverkfaeri.is\\\/en\\\/#organization\"},\"potentialAction\":[{\"@type\":\"SearchAction\",\"target\":{\"@type\":\"EntryPoint\",\"urlTemplate\":\"https:\\\/\\\/velarogverkfaeri.is\\\/en\\\/?s={search_term_string}\"},\"query-input\":{\"@type\":\"PropertyValueSpecification\",\"valueRequired\":true,\"valueName\":\"search_term_string\"}}],\"inLanguage\":\"en-US\"},{\"@type\":\"Organization\",\"@id\":\"https:\\\/\\\/velarogverkfaeri.is\\\/en\\\/#organization\",\"name\":\"V\u00e9lar & Verkf\u00e6ri\",\"url\":\"https:\\\/\\\/velarogverkfaeri.is\\\/en\\\/\",\"logo\":{\"@type\":\"ImageObject\",\"inLanguage\":\"en-US\",\"@id\":\"https:\\\/\\\/velarogverkfaeri.is\\\/en\\\/#\\\/schema\\\/logo\\\/image\\\/\",\"url\":\"https:\\\/\\\/velarogverkfaeri.is\\\/wp-content\\\/uploads\\\/2021\\\/10\\\/vv_logo_350x100.png\",\"contentUrl\":\"https:\\\/\\\/velarogverkfaeri.is\\\/wp-content\\\/uploads\\\/2021\\\/10\\\/vv_logo_350x100.png\",\"width\":350,\"height\":100,\"caption\":\"V\u00e9lar & Verkf\u00e6ri\"},\"image\":{\"@id\":\"https:\\\/\\\/velarogverkfaeri.is\\\/en\\\/#\\\/schema\\\/logo\\\/image\\\/\"},\"sameAs\":[\"https:\\\/\\\/www.facebook.com\\\/VelarOgVerkfaeri\"]}]}<\/script>\n<!-- \/ Yoast SEO plugin. -->","yoast_head_json":{"title":"ENERGIZER \u00der\u00e1\u00f0laust hle\u00f0slut\u00e6ki WCP109 - V\u00e9lar &amp; Verkf\u00e6ri","robots":{"index":"index","follow":"follow","max-snippet":"max-snippet:-1","max-image-preview":"max-image-preview:large","max-video-preview":"max-video-preview:-1"},"canonical":"https:\/\/velarogverkfaeri.is\/en\/lykillausnir\/snjallheimili\/thradlaus-hledslutaeki\/product\/energizer-thradlaust-hledslutaeki-wcp109\/","og_locale":"en_US","og_type":"article","og_title":"ENERGIZER \u00der\u00e1\u00f0laust hle\u00f0slut\u00e6ki WCP109 - V\u00e9lar &amp; Verkf\u00e6ri","og_description":"Tegund:&nbsp;WCP109&nbsp;","og_url":"https:\/\/velarogverkfaeri.is\/en\/lykillausnir\/snjallheimili\/thradlaus-hledslutaeki\/product\/energizer-thradlaust-hledslutaeki-wcp109\/","og_site_name":"V\u00e9lar &amp; Verkf\u00e6ri","article_publisher":"https:\/\/www.facebook.com\/VelarOgVerkfaeri","article_modified_time":"2026-03-23T09:16:02+00:00","og_image":[{"width":1500,"height":1500,"url":"https:\/\/velarogverkfaeri.is\/wp-content\/uploads\/2024\/07\/febd5f42-3876-4939-9f7d-ba50c941cbf7.jpg","type":"image\/jpeg"}],"twitter_card":"summary_large_image","schema":{"@context":"https:\/\/schema.org","@graph":[{"@type":"WebPage","@id":"https:\/\/velarogverkfaeri.is\/lykillausnir\/snjallheimili\/thradlaus-hledslutaeki\/product\/energizer-thradlaust-hledslutaeki-wcp109\/","url":"https:\/\/velarogverkfaeri.is\/lykillausnir\/snjallheimili\/thradlaus-hledslutaeki\/product\/energizer-thradlaust-hledslutaeki-wcp109\/","name":"ENERGIZER \u00der\u00e1\u00f0laust hle\u00f0slut\u00e6ki WCP109 - V\u00e9lar &amp; Verkf\u00e6ri","isPartOf":{"@id":"https:\/\/velarogverkfaeri.is\/en\/#website"},"primaryImageOfPage":{"@id":"https:\/\/velarogverkfaeri.is\/lykillausnir\/snjallheimili\/thradlaus-hledslutaeki\/product\/energizer-thradlaust-hledslutaeki-wcp109\/#primaryimage"},"image":{"@id":"https:\/\/velarogverkfaeri.is\/lykillausnir\/snjallheimili\/thradlaus-hledslutaeki\/product\/energizer-thradlaust-hledslutaeki-wcp109\/#primaryimage"},"thumbnailUrl":"https:\/\/velarogverkfaeri.is\/wp-content\/uploads\/2024\/07\/febd5f42-3876-4939-9f7d-ba50c941cbf7.jpg","datePublished":"2024-04-06T17:27:34+00:00","dateModified":"2026-03-23T09:16:02+00:00","breadcrumb":{"@id":"https:\/\/velarogverkfaeri.is\/lykillausnir\/snjallheimili\/thradlaus-hledslutaeki\/product\/energizer-thradlaust-hledslutaeki-wcp109\/#breadcrumb"},"inLanguage":"en-US","potentialAction":[{"@type":"ReadAction","target":["https:\/\/velarogverkfaeri.is\/lykillausnir\/snjallheimili\/thradlaus-hledslutaeki\/product\/energizer-thradlaust-hledslutaeki-wcp109\/"]}]},{"@type":"ImageObject","inLanguage":"en-US","@id":"https:\/\/velarogverkfaeri.is\/lykillausnir\/snjallheimili\/thradlaus-hledslutaeki\/product\/energizer-thradlaust-hledslutaeki-wcp109\/#primaryimage","url":"https:\/\/velarogverkfaeri.is\/wp-content\/uploads\/2024\/07\/febd5f42-3876-4939-9f7d-ba50c941cbf7.jpg","contentUrl":"https:\/\/velarogverkfaeri.is\/wp-content\/uploads\/2024\/07\/febd5f42-3876-4939-9f7d-ba50c941cbf7.jpg","width":1500,"height":1500},{"@type":"BreadcrumbList","@id":"https:\/\/velarogverkfaeri.is\/lykillausnir\/snjallheimili\/thradlaus-hledslutaeki\/product\/energizer-thradlaust-hledslutaeki-wcp109\/#breadcrumb","itemListElement":[{"@type":"ListItem","position":1,"name":"Home","item":"https:\/\/velarogverkfaeri.is\/"},{"@type":"ListItem","position":2,"name":"Vefverslun","item":"https:\/\/velarogverkfaeri.is\/vefverslun\/"},{"@type":"ListItem","position":3,"name":"ENERGIZER \u00der\u00e1\u00f0laust hle\u00f0slut\u00e6ki WCP109"}]},{"@type":"WebSite","@id":"https:\/\/velarogverkfaeri.is\/en\/#website","url":"https:\/\/velarogverkfaeri.is\/en\/","name":"V\u00e9lar & Verkf\u00e6ri","description":"Umbo\u00f0s- og heildverslun fr\u00e1 \u00e1rinu 1919","publisher":{"@id":"https:\/\/velarogverkfaeri.is\/en\/#organization"},"potentialAction":[{"@type":"SearchAction","target":{"@type":"EntryPoint","urlTemplate":"https:\/\/velarogverkfaeri.is\/en\/?s={search_term_string}"},"query-input":{"@type":"PropertyValueSpecification","valueRequired":true,"valueName":"search_term_string"}}],"inLanguage":"en-US"},{"@type":"Organization","@id":"https:\/\/velarogverkfaeri.is\/en\/#organization","name":"V\u00e9lar & Verkf\u00e6ri","url":"https:\/\/velarogverkfaeri.is\/en\/","logo":{"@type":"ImageObject","inLanguage":"en-US","@id":"https:\/\/velarogverkfaeri.is\/en\/#\/schema\/logo\/image\/","url":"https:\/\/velarogverkfaeri.is\/wp-content\/uploads\/2021\/10\/vv_logo_350x100.png","contentUrl":"https:\/\/velarogverkfaeri.is\/wp-content\/uploads\/2021\/10\/vv_logo_350x100.png","width":350,"height":100,"caption":"V\u00e9lar & Verkf\u00e6ri"},"image":{"@id":"https:\/\/velarogverkfaeri.is\/en\/#\/schema\/logo\/image\/"},"sameAs":["https:\/\/www.facebook.com\/VelarOgVerkfaeri"]}]}},"_links":{"self":[{"href":"https:\/\/velarogverkfaeri.is\/en\/wp-json\/wp\/v2\/product\/59380","targetHints":{"allow":["GET"]}}],"collection":[{"href":"https:\/\/velarogverkfaeri.is\/en\/wp-json\/wp\/v2\/product"}],"about":[{"href":"https:\/\/velarogverkfaeri.is\/en\/wp-json\/wp\/v2\/types\/product"}],"replies":[{"embeddable":true,"href":"https:\/\/velarogverkfaeri.is\/en\/wp-json\/wp\/v2\/comments?post=59380"}],"wp:featuredmedia":[{"embeddable":true,"href":"https:\/\/velarogverkfaeri.is\/en\/wp-json\/wp\/v2\/media\/62737"}],"wp:attachment":[{"href":"https:\/\/velarogverkfaeri.is\/en\/wp-json\/wp\/v2\/media?parent=59380"}],"wp:term":[{"taxonomy":"product_brand","embeddable":true,"href":"https:\/\/velarogverkfaeri.is\/en\/wp-json\/wp\/v2\/product_brand?post=59380"},{"taxonomy":"product_cat","embeddable":true,"href":"https:\/\/velarogverkfaeri.is\/en\/wp-json\/wp\/v2\/product_cat?post=59380"},{"taxonomy":"product_tag","embeddable":true,"href":"https:\/\/velarogverkfaeri.is\/en\/wp-json\/wp\/v2\/product_tag?post=59380"}],"curies":[{"name":"wp","href":"https:\/\/api.w.org\/{rel}","templated":true}]}}