{"id":59371,"date":"2024-04-06T17:12:22","date_gmt":"2024-04-06T17:12:22","guid":{"rendered":"https:\/\/velarogverkfaeri.is\/?post_type=product&#038;p=59371"},"modified":"2025-10-16T14:17:13","modified_gmt":"2025-10-16T14:17:13","slug":"energizer-hledslubanki-ue30050c","status":"publish","type":"product","link":"https:\/\/velarogverkfaeri.is\/en\/lykillausnir\/utivistarvorur\/ferdahledslubankar\/product\/energizer-hledslubanki-ue30050c\/","title":{"rendered":"ENERGIZER Hle\u00f0slubanki UE30050C"},"content":{"rendered":"<p><b>Fyrir snjalls\u00edma, spjaldt\u00f6lvur og fleira<\/b><\/p>\n<p>Energizer UE30050C skilar 30.000mAh ofurh\u00e1rri getu, me\u00f0 \u00ferefaldri \u00fattaksh\u00f6nnun, \u00fear \u00e1 me\u00f0al 2 USB-C tengi og 1 USB-A tengi. <\/p>\n<p>\u00deetta gerir samt\u00edmis hle\u00f0slu fyrir allt a\u00f0 \u00ferj\u00fa t\u00e6ki, sem tryggir a\u00f0 nau\u00f0synleg t\u00e6ki \u00fe\u00edn s\u00e9u alltaf hla\u00f0in. Me\u00f0 hra\u00f0hle\u00f0slugetu \u00e1 2,1A getur\u00f0u hla\u00f0i\u00f0 t\u00e6kin \u00fe\u00edn \u00e1 skilvirkan h\u00e1tt hven\u00e6r sem er og hvar sem er! <\/p>\n<p>LED rafhl\u00f6\u00f0uendingarv\u00edsirinn veitir flj\u00f3tlega og au\u00f0velda lei\u00f0 til a\u00f0 athuga rafhl\u00f6\u00f0ust\u00f6\u00f0u og framvindu hle\u00f0slu. <\/p>\n<p>Energizer PowerSafe stj\u00f3rnunarkerfi, sem b\u00fd\u00f0ur upp \u00e1 vernd gegn skammhlaupi, ofstraumi og ofhle\u00f0slu.<\/p>\n<p> \u00deetta tryggir \u00f6ryggi b\u00e6\u00f0i rafmagnsbankans og t\u00e6kjanna \u00feinna.<\/p>","protected":false},"excerpt":{"rendered":"<p>Tegund:&nbsp;UE30050C<\/p>","protected":false},"featured_media":62715,"comment_status":"closed","ping_status":"closed","template":"","meta":[],"product_brand":[],"product_cat":[688,750,938,517,591,600,601,515],"product_tag":[1027],"class_list":{"0":"post-59371","1":"product","2":"type-product","3":"status-publish","4":"has-post-thumbnail","6":"product_cat-ferdahledslubatteri","7":"product_cat-ferdahledslubatteri-rafhlodur","8":"product_cat-ferdahledslubankar","9":"product_cat-lykillausnir","10":"product_cat-rafhlodur","11":"product_cat-rafhlodur-lykillausnir","12":"product_cat-utivistarvorur","13":"product_cat-verkfaeralausnir","14":"product_tag-3dagar","16":"first","17":"instock","18":"taxable","19":"shipping-taxable","20":"purchasable","21":"product-type-simple"},"yoast_head":"<!-- This site is optimized with the Yoast SEO plugin v27.3 - https:\/\/yoast.com\/product\/yoast-seo-wordpress\/ -->\n<title>ENERGIZER Hle\u00f0slubanki UE30050C - V\u00e9lar &amp; Verkf\u00e6ri<\/title>\n<meta name=\"robots\" content=\"index, follow, max-snippet:-1, max-image-preview:large, max-video-preview:-1\" \/>\n<link rel=\"canonical\" href=\"https:\/\/velarogverkfaeri.is\/en\/lykillausnir\/utivistarvorur\/ferdahledslubankar\/product\/energizer-hledslubanki-ue30050c\/\" \/>\n<meta property=\"og:locale\" content=\"en_US\" \/>\n<meta property=\"og:type\" content=\"article\" \/>\n<meta property=\"og:title\" content=\"ENERGIZER Hle\u00f0slubanki UE30050C - V\u00e9lar &amp; Verkf\u00e6ri\" \/>\n<meta property=\"og:description\" content=\"Tegund:&nbsp;UE30050C\" \/>\n<meta property=\"og:url\" content=\"https:\/\/velarogverkfaeri.is\/en\/lykillausnir\/utivistarvorur\/ferdahledslubankar\/product\/energizer-hledslubanki-ue30050c\/\" \/>\n<meta property=\"og:site_name\" content=\"V\u00e9lar &amp; Verkf\u00e6ri\" \/>\n<meta property=\"article:publisher\" content=\"https:\/\/www.facebook.com\/VelarOgVerkfaeri\" \/>\n<meta property=\"article:modified_time\" content=\"2025-10-16T14:17:13+00:00\" \/>\n<meta property=\"og:image\" content=\"https:\/\/velarogverkfaeri.is\/wp-content\/uploads\/2024\/07\/5f16368f-f0a9-4b63-96f0-89eba0507729.png\" \/>\n\t<meta property=\"og:image:width\" content=\"3000\" \/>\n\t<meta property=\"og:image:height\" content=\"3000\" \/>\n\t<meta property=\"og:image:type\" content=\"image\/png\" \/>\n<meta name=\"twitter:card\" content=\"summary_large_image\" \/>\n<meta name=\"twitter:label1\" content=\"Est. reading time\" \/>\n\t<meta name=\"twitter:data1\" content=\"1 minute\" \/>\n<script type=\"application\/ld+json\" class=\"yoast-schema-graph\">{\"@context\":\"https:\\\/\\\/schema.org\",\"@graph\":[{\"@type\":\"WebPage\",\"@id\":\"https:\\\/\\\/velarogverkfaeri.is\\\/lykillausnir\\\/utivistarvorur\\\/ferdahledslubankar\\\/product\\\/energizer-hledslubanki-ue30050c\\\/\",\"url\":\"https:\\\/\\\/velarogverkfaeri.is\\\/lykillausnir\\\/utivistarvorur\\\/ferdahledslubankar\\\/product\\\/energizer-hledslubanki-ue30050c\\\/\",\"name\":\"ENERGIZER Hle\u00f0slubanki UE30050C - V\u00e9lar &amp; Verkf\u00e6ri\",\"isPartOf\":{\"@id\":\"https:\\\/\\\/velarogverkfaeri.is\\\/en\\\/#website\"},\"primaryImageOfPage\":{\"@id\":\"https:\\\/\\\/velarogverkfaeri.is\\\/lykillausnir\\\/utivistarvorur\\\/ferdahledslubankar\\\/product\\\/energizer-hledslubanki-ue30050c\\\/#primaryimage\"},\"image\":{\"@id\":\"https:\\\/\\\/velarogverkfaeri.is\\\/lykillausnir\\\/utivistarvorur\\\/ferdahledslubankar\\\/product\\\/energizer-hledslubanki-ue30050c\\\/#primaryimage\"},\"thumbnailUrl\":\"https:\\\/\\\/velarogverkfaeri.is\\\/wp-content\\\/uploads\\\/2024\\\/07\\\/5f16368f-f0a9-4b63-96f0-89eba0507729.png\",\"datePublished\":\"2024-04-06T17:12:22+00:00\",\"dateModified\":\"2025-10-16T14:17:13+00:00\",\"breadcrumb\":{\"@id\":\"https:\\\/\\\/velarogverkfaeri.is\\\/lykillausnir\\\/utivistarvorur\\\/ferdahledslubankar\\\/product\\\/energizer-hledslubanki-ue30050c\\\/#breadcrumb\"},\"inLanguage\":\"en-US\",\"potentialAction\":[{\"@type\":\"ReadAction\",\"target\":[\"https:\\\/\\\/velarogverkfaeri.is\\\/lykillausnir\\\/utivistarvorur\\\/ferdahledslubankar\\\/product\\\/energizer-hledslubanki-ue30050c\\\/\"]}]},{\"@type\":\"ImageObject\",\"inLanguage\":\"en-US\",\"@id\":\"https:\\\/\\\/velarogverkfaeri.is\\\/lykillausnir\\\/utivistarvorur\\\/ferdahledslubankar\\\/product\\\/energizer-hledslubanki-ue30050c\\\/#primaryimage\",\"url\":\"https:\\\/\\\/velarogverkfaeri.is\\\/wp-content\\\/uploads\\\/2024\\\/07\\\/5f16368f-f0a9-4b63-96f0-89eba0507729.png\",\"contentUrl\":\"https:\\\/\\\/velarogverkfaeri.is\\\/wp-content\\\/uploads\\\/2024\\\/07\\\/5f16368f-f0a9-4b63-96f0-89eba0507729.png\",\"width\":3000,\"height\":3000},{\"@type\":\"BreadcrumbList\",\"@id\":\"https:\\\/\\\/velarogverkfaeri.is\\\/lykillausnir\\\/utivistarvorur\\\/ferdahledslubankar\\\/product\\\/energizer-hledslubanki-ue30050c\\\/#breadcrumb\",\"itemListElement\":[{\"@type\":\"ListItem\",\"position\":1,\"name\":\"Home\",\"item\":\"https:\\\/\\\/velarogverkfaeri.is\\\/\"},{\"@type\":\"ListItem\",\"position\":2,\"name\":\"Vefverslun\",\"item\":\"https:\\\/\\\/velarogverkfaeri.is\\\/vefverslun\\\/\"},{\"@type\":\"ListItem\",\"position\":3,\"name\":\"ENERGIZER Hle\u00f0slubanki UE30050C\"}]},{\"@type\":\"WebSite\",\"@id\":\"https:\\\/\\\/velarogverkfaeri.is\\\/en\\\/#website\",\"url\":\"https:\\\/\\\/velarogverkfaeri.is\\\/en\\\/\",\"name\":\"V\u00e9lar & Verkf\u00e6ri\",\"description\":\"Umbo\u00f0s- og heildverslun fr\u00e1 \u00e1rinu 1919\",\"publisher\":{\"@id\":\"https:\\\/\\\/velarogverkfaeri.is\\\/en\\\/#organization\"},\"potentialAction\":[{\"@type\":\"SearchAction\",\"target\":{\"@type\":\"EntryPoint\",\"urlTemplate\":\"https:\\\/\\\/velarogverkfaeri.is\\\/en\\\/?s={search_term_string}\"},\"query-input\":{\"@type\":\"PropertyValueSpecification\",\"valueRequired\":true,\"valueName\":\"search_term_string\"}}],\"inLanguage\":\"en-US\"},{\"@type\":\"Organization\",\"@id\":\"https:\\\/\\\/velarogverkfaeri.is\\\/en\\\/#organization\",\"name\":\"V\u00e9lar & Verkf\u00e6ri\",\"url\":\"https:\\\/\\\/velarogverkfaeri.is\\\/en\\\/\",\"logo\":{\"@type\":\"ImageObject\",\"inLanguage\":\"en-US\",\"@id\":\"https:\\\/\\\/velarogverkfaeri.is\\\/en\\\/#\\\/schema\\\/logo\\\/image\\\/\",\"url\":\"https:\\\/\\\/velarogverkfaeri.is\\\/wp-content\\\/uploads\\\/2021\\\/10\\\/vv_logo_350x100.png\",\"contentUrl\":\"https:\\\/\\\/velarogverkfaeri.is\\\/wp-content\\\/uploads\\\/2021\\\/10\\\/vv_logo_350x100.png\",\"width\":350,\"height\":100,\"caption\":\"V\u00e9lar & Verkf\u00e6ri\"},\"image\":{\"@id\":\"https:\\\/\\\/velarogverkfaeri.is\\\/en\\\/#\\\/schema\\\/logo\\\/image\\\/\"},\"sameAs\":[\"https:\\\/\\\/www.facebook.com\\\/VelarOgVerkfaeri\"]}]}<\/script>\n<!-- \/ Yoast SEO plugin. -->","yoast_head_json":{"title":"ENERGIZER Hle\u00f0slubanki UE30050C - V\u00e9lar &amp; Verkf\u00e6ri","robots":{"index":"index","follow":"follow","max-snippet":"max-snippet:-1","max-image-preview":"max-image-preview:large","max-video-preview":"max-video-preview:-1"},"canonical":"https:\/\/velarogverkfaeri.is\/en\/lykillausnir\/utivistarvorur\/ferdahledslubankar\/product\/energizer-hledslubanki-ue30050c\/","og_locale":"en_US","og_type":"article","og_title":"ENERGIZER Hle\u00f0slubanki UE30050C - V\u00e9lar &amp; Verkf\u00e6ri","og_description":"Tegund:&nbsp;UE30050C","og_url":"https:\/\/velarogverkfaeri.is\/en\/lykillausnir\/utivistarvorur\/ferdahledslubankar\/product\/energizer-hledslubanki-ue30050c\/","og_site_name":"V\u00e9lar &amp; Verkf\u00e6ri","article_publisher":"https:\/\/www.facebook.com\/VelarOgVerkfaeri","article_modified_time":"2025-10-16T14:17:13+00:00","og_image":[{"width":3000,"height":3000,"url":"https:\/\/velarogverkfaeri.is\/wp-content\/uploads\/2024\/07\/5f16368f-f0a9-4b63-96f0-89eba0507729.png","type":"image\/png"}],"twitter_card":"summary_large_image","twitter_misc":{"Est. reading time":"1 minute"},"schema":{"@context":"https:\/\/schema.org","@graph":[{"@type":"WebPage","@id":"https:\/\/velarogverkfaeri.is\/lykillausnir\/utivistarvorur\/ferdahledslubankar\/product\/energizer-hledslubanki-ue30050c\/","url":"https:\/\/velarogverkfaeri.is\/lykillausnir\/utivistarvorur\/ferdahledslubankar\/product\/energizer-hledslubanki-ue30050c\/","name":"ENERGIZER Hle\u00f0slubanki UE30050C - V\u00e9lar &amp; Verkf\u00e6ri","isPartOf":{"@id":"https:\/\/velarogverkfaeri.is\/en\/#website"},"primaryImageOfPage":{"@id":"https:\/\/velarogverkfaeri.is\/lykillausnir\/utivistarvorur\/ferdahledslubankar\/product\/energizer-hledslubanki-ue30050c\/#primaryimage"},"image":{"@id":"https:\/\/velarogverkfaeri.is\/lykillausnir\/utivistarvorur\/ferdahledslubankar\/product\/energizer-hledslubanki-ue30050c\/#primaryimage"},"thumbnailUrl":"https:\/\/velarogverkfaeri.is\/wp-content\/uploads\/2024\/07\/5f16368f-f0a9-4b63-96f0-89eba0507729.png","datePublished":"2024-04-06T17:12:22+00:00","dateModified":"2025-10-16T14:17:13+00:00","breadcrumb":{"@id":"https:\/\/velarogverkfaeri.is\/lykillausnir\/utivistarvorur\/ferdahledslubankar\/product\/energizer-hledslubanki-ue30050c\/#breadcrumb"},"inLanguage":"en-US","potentialAction":[{"@type":"ReadAction","target":["https:\/\/velarogverkfaeri.is\/lykillausnir\/utivistarvorur\/ferdahledslubankar\/product\/energizer-hledslubanki-ue30050c\/"]}]},{"@type":"ImageObject","inLanguage":"en-US","@id":"https:\/\/velarogverkfaeri.is\/lykillausnir\/utivistarvorur\/ferdahledslubankar\/product\/energizer-hledslubanki-ue30050c\/#primaryimage","url":"https:\/\/velarogverkfaeri.is\/wp-content\/uploads\/2024\/07\/5f16368f-f0a9-4b63-96f0-89eba0507729.png","contentUrl":"https:\/\/velarogverkfaeri.is\/wp-content\/uploads\/2024\/07\/5f16368f-f0a9-4b63-96f0-89eba0507729.png","width":3000,"height":3000},{"@type":"BreadcrumbList","@id":"https:\/\/velarogverkfaeri.is\/lykillausnir\/utivistarvorur\/ferdahledslubankar\/product\/energizer-hledslubanki-ue30050c\/#breadcrumb","itemListElement":[{"@type":"ListItem","position":1,"name":"Home","item":"https:\/\/velarogverkfaeri.is\/"},{"@type":"ListItem","position":2,"name":"Vefverslun","item":"https:\/\/velarogverkfaeri.is\/vefverslun\/"},{"@type":"ListItem","position":3,"name":"ENERGIZER Hle\u00f0slubanki UE30050C"}]},{"@type":"WebSite","@id":"https:\/\/velarogverkfaeri.is\/en\/#website","url":"https:\/\/velarogverkfaeri.is\/en\/","name":"V\u00e9lar & Verkf\u00e6ri","description":"Umbo\u00f0s- og heildverslun fr\u00e1 \u00e1rinu 1919","publisher":{"@id":"https:\/\/velarogverkfaeri.is\/en\/#organization"},"potentialAction":[{"@type":"SearchAction","target":{"@type":"EntryPoint","urlTemplate":"https:\/\/velarogverkfaeri.is\/en\/?s={search_term_string}"},"query-input":{"@type":"PropertyValueSpecification","valueRequired":true,"valueName":"search_term_string"}}],"inLanguage":"en-US"},{"@type":"Organization","@id":"https:\/\/velarogverkfaeri.is\/en\/#organization","name":"V\u00e9lar & Verkf\u00e6ri","url":"https:\/\/velarogverkfaeri.is\/en\/","logo":{"@type":"ImageObject","inLanguage":"en-US","@id":"https:\/\/velarogverkfaeri.is\/en\/#\/schema\/logo\/image\/","url":"https:\/\/velarogverkfaeri.is\/wp-content\/uploads\/2021\/10\/vv_logo_350x100.png","contentUrl":"https:\/\/velarogverkfaeri.is\/wp-content\/uploads\/2021\/10\/vv_logo_350x100.png","width":350,"height":100,"caption":"V\u00e9lar & Verkf\u00e6ri"},"image":{"@id":"https:\/\/velarogverkfaeri.is\/en\/#\/schema\/logo\/image\/"},"sameAs":["https:\/\/www.facebook.com\/VelarOgVerkfaeri"]}]}},"_links":{"self":[{"href":"https:\/\/velarogverkfaeri.is\/en\/wp-json\/wp\/v2\/product\/59371","targetHints":{"allow":["GET"]}}],"collection":[{"href":"https:\/\/velarogverkfaeri.is\/en\/wp-json\/wp\/v2\/product"}],"about":[{"href":"https:\/\/velarogverkfaeri.is\/en\/wp-json\/wp\/v2\/types\/product"}],"replies":[{"embeddable":true,"href":"https:\/\/velarogverkfaeri.is\/en\/wp-json\/wp\/v2\/comments?post=59371"}],"wp:featuredmedia":[{"embeddable":true,"href":"https:\/\/velarogverkfaeri.is\/en\/wp-json\/wp\/v2\/media\/62715"}],"wp:attachment":[{"href":"https:\/\/velarogverkfaeri.is\/en\/wp-json\/wp\/v2\/media?parent=59371"}],"wp:term":[{"taxonomy":"product_brand","embeddable":true,"href":"https:\/\/velarogverkfaeri.is\/en\/wp-json\/wp\/v2\/product_brand?post=59371"},{"taxonomy":"product_cat","embeddable":true,"href":"https:\/\/velarogverkfaeri.is\/en\/wp-json\/wp\/v2\/product_cat?post=59371"},{"taxonomy":"product_tag","embeddable":true,"href":"https:\/\/velarogverkfaeri.is\/en\/wp-json\/wp\/v2\/product_tag?post=59371"}],"curies":[{"name":"wp","href":"https:\/\/api.w.org\/{rel}","templated":true}]}}