{"id":59354,"date":"2024-04-06T15:42:46","date_gmt":"2024-04-06T15:42:46","guid":{"rendered":"https:\/\/velarogverkfaeri.is\/?post_type=product&#038;p=59354"},"modified":"2025-04-25T19:07:49","modified_gmt":"2025-04-25T19:07:49","slug":"diager-booster-plus-borasett-sds-7-stk-6-10mmx110mm-6-12mmx160mm","status":"publish","type":"product","link":"https:\/\/velarogverkfaeri.is\/en\/verkfaeralausnir\/borar\/borasett\/product\/diager-booster-plus-borasett-sds-7-stk-6-10mmx110mm-6-12mmx160mm\/","title":{"rendered":"DIAGER BOOSTER Plus Borasett SDS+ 7 stk 6-10mmx110mm \/ 6-12mmx160mm"},"content":{"rendered":"<p><img decoding=\"async\" src=\"data:image\/png;base64,iVBORw0KGgoAAAANSUhEUgAAAQ4AAAARCAYAAAAsRkJfAAAAAXNSR0IArs4c6QAAAARnQU1BAACxjwv8YQUAAAAJcEhZcwAADsMAAA7DAcdvqGQAAAb+SURBVHhe7VvhcZw6EN735rWgdzMugVxyJZzHoQcPTVCB+UUFpgiT9ICdcwn3bFOCZ2yKuPftSoDgACHHvvgH34wTIwmxq119uyslfx0AWrBgwQIP\/G3+XrBgwYLZWIhjwYIF3liIY8GCBd6wzjgqus8yeg5TigLdMo6S8qSgszimrTJNNcqckuKM4nhLnS5uz0vzoCgceveU6MijEUQpbR4SKlYxxedauGqXUXZbye8MHjO5PtU9ZVmB1dRQ39u5XJBvvYSUXtof0HYp6gnXUa\/fxoRd+hix07S+PrKcAj15GCqkOCLKs2cK04i0dP1xAUVN3zDKnwnlj+ZhxvgWIzZ4s\/+P7Mvf8LN3AROHxuthd311uHkyj6N4OtxcXR2urq4Pu1fTVOPpBu3ou95hNguvu8O1PV7G3WCmP4OnHyx\/7\/siI9p\/WK0ipyV3X48j6LW5\/tUoKs\/uNcXUv6712tnfB0TWpk3bqJ2\/D\/7elHwGY3Zy6OsnywfD2Kv\/fW3b7hpIm6WrrHVfdwvaFq1\/uMa3GNkbb\/Z\/vcZsq44PGd3btvl+9l74x\/DHLNQsrNYBqUeb5pllc\/ypKFgrKl9Ms0F5B2ZEdGoYNggpVBntQcABWJTnLVYRbf7LTVTQjKzuWtZvGFWYFtGEo0rN4Bz5LiqLgSciBJg\/fzzur572+t3Hgu4vAsgKpi+gEb7byK22FKdb8zCAqsIcijZfGkVpsyYqXjFzMBINmsgRYO0qrKEF9BWPvBa1pIq2YUAF5KrOexndLEzZyaGvSxZPu9TZVURsD+mU7CZ8tTKe0YwGsuYF0VGULWkvc1VU3JW05Xcbudv1UucxpefmYQDVC76\/Dhv\/UF82pG6fRYexNR\/fG+hz+P8QmswP8wVVxyu0ryKzajOQgMLvirIHPaHv2nrtPwO\/M44V0sA0pfjizDS0OMPEaRpTuDINDbCZ4KBqZS+5wjMEZkUNqls4ApRLMX+EDVRkumTg5xQrxP3taGyAh43ui0MYCmmgpKb8PmRQJRW7rvFqyDfXm8YpBCATKRHk3Yr2T3gXxtpXNgnMgIJe0FfeF2hHVv9Oz7ERvWE489ygYmfFnJ2lO8Mm3VM5rJ4To3Zy6TtLFk+7oH\/\/lfvgU3D8Mk+MHer3QeJDeg7Kyik9lwh4l3fUI+TiVtlksPe0CToQXzXvM\/Qc0NU8D2J0b8zz\/2NssB2gy+WRV2ji65eYTHY2PNfWb\/95EkcwGuUQoR31VX\/zdBcSAMPXjBx85W0NFq3nDHijwwCNomBEZAX6V0R1DFPf6wiBaPoN27e\/kIIBI3Kk5Fpf2FcbtH2XiQD9SUKJ\/GTDjtyAI2oM5s7MeO3Indq0D0T17WR\/z2GFnN4Kl50c+jpl8bQLoiaSFv0rR\/Wj9yt6HjTjMYmVP\/kcwGRLIqflL2xvRGGtE36ye\/SOQzYmZ05mvGy4\/pldD+N7Q8Pp\/z0ozDflFh3UWVW9dgzftfXaf5\/5VsXF8D24ovowECE5ItppbMeg6M+ZiDUTp5ECE0+QB5MQNhsfZMn4NKRnMHc2kv18PnjqOwN+dumSwVxwas7RsSHoPqEh+uZI3LVNQOSrAuXTOHlw6i4Hx2Z8jPGJlHifEFIictlmlUKD8Fxbx\/47GXFUXOdbGM4IPhpYvCajwCZJ9rTpn3WgryUPZBB2pJHaVJci7KxNBMMPl\/V17VkzvbzfpHn8vXa8K+o1kOhqQc5RPgrj+gpOKssErIyC7cCk0DnrELmsjYJ63u4PLpCqmxJLSKKxC5OkLi+D0Aom51FTZg3ZfQ5G\/V+CjSXDTw96akjjxDcqwAmIw96sNWAAlAw6JTot5Jtce0sZ0TtANSmf1M4StbRzDkHSWRORJIo5VeEyph3vSn0F\/ZSbwZvXs2afBYe+J5XFBZNqcx3OZUR\/0+jDSE6vMZQzHvjemFrBpWUTlJnTURvzedvd4f9yAG3JMPd6m693QRoqQkZ0YtJgnCTjEIa3D2PKgooKxp+5Ru+KIKJobX63cZTy8Uk1UZFbmYHIPX6AKLVkhTFN0ODUn28q2hN6L8CpQj6ouqsnNDcf3wI36XjDoe9JZXFB0TaCT5knG\/p2AyRdb0DOmqig3CoXhVhGCQ9+Cf8oi3Ydqh3fNlg1vyfe3f\/ZV+FXzn9T9IE4uo7l09fE\/F7jtwVkVo2ewZAJTCgNct3zJ3Rmx+LT5niVgShqeRgsU9qJOBxdYsI4ZCemReQejUqsZ0wyb7OGfO31GxEhuIwpzDg9Ng3O+cyJuHnScMht4NLXX5YPgmwcPouJqEgQec2VoYBlSm3PAsloo1ByWzchS5nI+DgLieAn3XUYud6fg3f2fyE+\/F3196rR6xRY\/nfsggULvPF5b1UWLFjwabEQx4IFCzxB9D\/PEP49BAofwAAAAABJRU5ErkJggg==\" alt=\"\"><\/p>","protected":false},"excerpt":{"rendered":"<p>Tegund:&nbsp;113D<\/p>\n<p>St\u00e6r\u00f0ir: 6\/8\/10 x 110mm&nbsp; &nbsp; 6\/8\/10\/12 x 160mm<\/p>","protected":false},"featured_media":65190,"comment_status":"closed","ping_status":"closed","template":"","meta":[],"product_brand":[],"product_cat":[585,806,515],"product_tag":[],"class_list":{"0":"post-59354","1":"product","2":"type-product","3":"status-publish","4":"has-post-thumbnail","6":"product_cat-borar","7":"product_cat-borasett","8":"product_cat-verkfaeralausnir","10":"first","11":"instock","12":"taxable","13":"shipping-taxable","14":"purchasable","15":"product-type-simple"},"yoast_head":"<!-- This site is optimized with the Yoast SEO plugin v27.3 - https:\/\/yoast.com\/product\/yoast-seo-wordpress\/ -->\n<title>DIAGER BOOSTER Plus Borasett SDS+ 7 stk 6-10mmx110mm \/ 6-12mmx160mm - V\u00e9lar &amp; Verkf\u00e6ri<\/title>\n<meta name=\"robots\" content=\"index, follow, max-snippet:-1, max-image-preview:large, max-video-preview:-1\" \/>\n<link rel=\"canonical\" href=\"https:\/\/velarogverkfaeri.is\/en\/verkfaeralausnir\/borar\/borasett\/product\/diager-booster-plus-borasett-sds-7-stk-6-10mmx110mm-6-12mmx160mm\/\" \/>\n<meta property=\"og:locale\" content=\"en_US\" \/>\n<meta property=\"og:type\" content=\"article\" \/>\n<meta property=\"og:title\" content=\"DIAGER BOOSTER Plus Borasett SDS+ 7 stk 6-10mmx110mm \/ 6-12mmx160mm - V\u00e9lar &amp; Verkf\u00e6ri\" \/>\n<meta property=\"og:description\" content=\"Tegund:&nbsp;113DSt\u00e6r\u00f0ir: 6\/8\/10 x 110mm&nbsp; &nbsp; 6\/8\/10\/12 x 160mm\" \/>\n<meta property=\"og:url\" content=\"https:\/\/velarogverkfaeri.is\/en\/verkfaeralausnir\/borar\/borasett\/product\/diager-booster-plus-borasett-sds-7-stk-6-10mmx110mm-6-12mmx160mm\/\" \/>\n<meta property=\"og:site_name\" content=\"V\u00e9lar &amp; Verkf\u00e6ri\" \/>\n<meta property=\"article:publisher\" content=\"https:\/\/www.facebook.com\/VelarOgVerkfaeri\" \/>\n<meta property=\"article:modified_time\" content=\"2025-04-25T19:07:49+00:00\" \/>\n<meta property=\"og:image\" content=\"https:\/\/velarogverkfaeri.is\/wp-content\/uploads\/2024\/09\/d885b4dd-6625-4197-ba01-5f8fbfcea888-scaled.jpeg\" \/>\n\t<meta property=\"og:image:width\" content=\"1417\" \/>\n\t<meta property=\"og:image:height\" content=\"2560\" \/>\n\t<meta property=\"og:image:type\" content=\"image\/jpeg\" \/>\n<meta name=\"twitter:card\" content=\"summary_large_image\" \/>\n<script type=\"application\/ld+json\" class=\"yoast-schema-graph\">{\"@context\":\"https:\\\/\\\/schema.org\",\"@graph\":[{\"@type\":\"WebPage\",\"@id\":\"https:\\\/\\\/velarogverkfaeri.is\\\/verkfaeralausnir\\\/borar\\\/borasett\\\/product\\\/diager-booster-plus-borasett-sds-7-stk-6-10mmx110mm-6-12mmx160mm\\\/\",\"url\":\"https:\\\/\\\/velarogverkfaeri.is\\\/verkfaeralausnir\\\/borar\\\/borasett\\\/product\\\/diager-booster-plus-borasett-sds-7-stk-6-10mmx110mm-6-12mmx160mm\\\/\",\"name\":\"DIAGER BOOSTER Plus Borasett SDS+ 7 stk 6-10mmx110mm \\\/ 6-12mmx160mm - V\u00e9lar &amp; Verkf\u00e6ri\",\"isPartOf\":{\"@id\":\"https:\\\/\\\/velarogverkfaeri.is\\\/en\\\/#website\"},\"primaryImageOfPage\":{\"@id\":\"https:\\\/\\\/velarogverkfaeri.is\\\/verkfaeralausnir\\\/borar\\\/borasett\\\/product\\\/diager-booster-plus-borasett-sds-7-stk-6-10mmx110mm-6-12mmx160mm\\\/#primaryimage\"},\"image\":{\"@id\":\"https:\\\/\\\/velarogverkfaeri.is\\\/verkfaeralausnir\\\/borar\\\/borasett\\\/product\\\/diager-booster-plus-borasett-sds-7-stk-6-10mmx110mm-6-12mmx160mm\\\/#primaryimage\"},\"thumbnailUrl\":\"https:\\\/\\\/velarogverkfaeri.is\\\/wp-content\\\/uploads\\\/2024\\\/09\\\/d885b4dd-6625-4197-ba01-5f8fbfcea888-scaled.jpeg\",\"datePublished\":\"2024-04-06T15:42:46+00:00\",\"dateModified\":\"2025-04-25T19:07:49+00:00\",\"breadcrumb\":{\"@id\":\"https:\\\/\\\/velarogverkfaeri.is\\\/verkfaeralausnir\\\/borar\\\/borasett\\\/product\\\/diager-booster-plus-borasett-sds-7-stk-6-10mmx110mm-6-12mmx160mm\\\/#breadcrumb\"},\"inLanguage\":\"en-US\",\"potentialAction\":[{\"@type\":\"ReadAction\",\"target\":[\"https:\\\/\\\/velarogverkfaeri.is\\\/verkfaeralausnir\\\/borar\\\/borasett\\\/product\\\/diager-booster-plus-borasett-sds-7-stk-6-10mmx110mm-6-12mmx160mm\\\/\"]}]},{\"@type\":\"ImageObject\",\"inLanguage\":\"en-US\",\"@id\":\"https:\\\/\\\/velarogverkfaeri.is\\\/verkfaeralausnir\\\/borar\\\/borasett\\\/product\\\/diager-booster-plus-borasett-sds-7-stk-6-10mmx110mm-6-12mmx160mm\\\/#primaryimage\",\"url\":\"https:\\\/\\\/velarogverkfaeri.is\\\/wp-content\\\/uploads\\\/2024\\\/09\\\/d885b4dd-6625-4197-ba01-5f8fbfcea888-scaled.jpeg\",\"contentUrl\":\"https:\\\/\\\/velarogverkfaeri.is\\\/wp-content\\\/uploads\\\/2024\\\/09\\\/d885b4dd-6625-4197-ba01-5f8fbfcea888-scaled.jpeg\",\"width\":1417,\"height\":2560},{\"@type\":\"BreadcrumbList\",\"@id\":\"https:\\\/\\\/velarogverkfaeri.is\\\/verkfaeralausnir\\\/borar\\\/borasett\\\/product\\\/diager-booster-plus-borasett-sds-7-stk-6-10mmx110mm-6-12mmx160mm\\\/#breadcrumb\",\"itemListElement\":[{\"@type\":\"ListItem\",\"position\":1,\"name\":\"Home\",\"item\":\"https:\\\/\\\/velarogverkfaeri.is\\\/\"},{\"@type\":\"ListItem\",\"position\":2,\"name\":\"Vefverslun\",\"item\":\"https:\\\/\\\/velarogverkfaeri.is\\\/vefverslun\\\/\"},{\"@type\":\"ListItem\",\"position\":3,\"name\":\"DIAGER BOOSTER Plus Borasett SDS+ 7 stk 6-10mmx110mm \\\/ 6-12mmx160mm\"}]},{\"@type\":\"WebSite\",\"@id\":\"https:\\\/\\\/velarogverkfaeri.is\\\/en\\\/#website\",\"url\":\"https:\\\/\\\/velarogverkfaeri.is\\\/en\\\/\",\"name\":\"V\u00e9lar & Verkf\u00e6ri\",\"description\":\"Umbo\u00f0s- og heildverslun fr\u00e1 \u00e1rinu 1919\",\"publisher\":{\"@id\":\"https:\\\/\\\/velarogverkfaeri.is\\\/en\\\/#organization\"},\"potentialAction\":[{\"@type\":\"SearchAction\",\"target\":{\"@type\":\"EntryPoint\",\"urlTemplate\":\"https:\\\/\\\/velarogverkfaeri.is\\\/en\\\/?s={search_term_string}\"},\"query-input\":{\"@type\":\"PropertyValueSpecification\",\"valueRequired\":true,\"valueName\":\"search_term_string\"}}],\"inLanguage\":\"en-US\"},{\"@type\":\"Organization\",\"@id\":\"https:\\\/\\\/velarogverkfaeri.is\\\/en\\\/#organization\",\"name\":\"V\u00e9lar & Verkf\u00e6ri\",\"url\":\"https:\\\/\\\/velarogverkfaeri.is\\\/en\\\/\",\"logo\":{\"@type\":\"ImageObject\",\"inLanguage\":\"en-US\",\"@id\":\"https:\\\/\\\/velarogverkfaeri.is\\\/en\\\/#\\\/schema\\\/logo\\\/image\\\/\",\"url\":\"https:\\\/\\\/velarogverkfaeri.is\\\/wp-content\\\/uploads\\\/2021\\\/10\\\/vv_logo_350x100.png\",\"contentUrl\":\"https:\\\/\\\/velarogverkfaeri.is\\\/wp-content\\\/uploads\\\/2021\\\/10\\\/vv_logo_350x100.png\",\"width\":350,\"height\":100,\"caption\":\"V\u00e9lar & Verkf\u00e6ri\"},\"image\":{\"@id\":\"https:\\\/\\\/velarogverkfaeri.is\\\/en\\\/#\\\/schema\\\/logo\\\/image\\\/\"},\"sameAs\":[\"https:\\\/\\\/www.facebook.com\\\/VelarOgVerkfaeri\"]}]}<\/script>\n<!-- \/ Yoast SEO plugin. -->","yoast_head_json":{"title":"DIAGER BOOSTER Plus Borasett SDS+ 7 stk 6-10mmx110mm \/ 6-12mmx160mm - V\u00e9lar &amp; Verkf\u00e6ri","robots":{"index":"index","follow":"follow","max-snippet":"max-snippet:-1","max-image-preview":"max-image-preview:large","max-video-preview":"max-video-preview:-1"},"canonical":"https:\/\/velarogverkfaeri.is\/en\/verkfaeralausnir\/borar\/borasett\/product\/diager-booster-plus-borasett-sds-7-stk-6-10mmx110mm-6-12mmx160mm\/","og_locale":"en_US","og_type":"article","og_title":"DIAGER BOOSTER Plus Borasett SDS+ 7 stk 6-10mmx110mm \/ 6-12mmx160mm - V\u00e9lar &amp; Verkf\u00e6ri","og_description":"Tegund:&nbsp;113DSt\u00e6r\u00f0ir: 6\/8\/10 x 110mm&nbsp; &nbsp; 6\/8\/10\/12 x 160mm","og_url":"https:\/\/velarogverkfaeri.is\/en\/verkfaeralausnir\/borar\/borasett\/product\/diager-booster-plus-borasett-sds-7-stk-6-10mmx110mm-6-12mmx160mm\/","og_site_name":"V\u00e9lar &amp; Verkf\u00e6ri","article_publisher":"https:\/\/www.facebook.com\/VelarOgVerkfaeri","article_modified_time":"2025-04-25T19:07:49+00:00","og_image":[{"width":1417,"height":2560,"url":"https:\/\/velarogverkfaeri.is\/wp-content\/uploads\/2024\/09\/d885b4dd-6625-4197-ba01-5f8fbfcea888-scaled.jpeg","type":"image\/jpeg"}],"twitter_card":"summary_large_image","schema":{"@context":"https:\/\/schema.org","@graph":[{"@type":"WebPage","@id":"https:\/\/velarogverkfaeri.is\/verkfaeralausnir\/borar\/borasett\/product\/diager-booster-plus-borasett-sds-7-stk-6-10mmx110mm-6-12mmx160mm\/","url":"https:\/\/velarogverkfaeri.is\/verkfaeralausnir\/borar\/borasett\/product\/diager-booster-plus-borasett-sds-7-stk-6-10mmx110mm-6-12mmx160mm\/","name":"DIAGER BOOSTER Plus Borasett SDS+ 7 stk 6-10mmx110mm \/ 6-12mmx160mm - V\u00e9lar &amp; Verkf\u00e6ri","isPartOf":{"@id":"https:\/\/velarogverkfaeri.is\/en\/#website"},"primaryImageOfPage":{"@id":"https:\/\/velarogverkfaeri.is\/verkfaeralausnir\/borar\/borasett\/product\/diager-booster-plus-borasett-sds-7-stk-6-10mmx110mm-6-12mmx160mm\/#primaryimage"},"image":{"@id":"https:\/\/velarogverkfaeri.is\/verkfaeralausnir\/borar\/borasett\/product\/diager-booster-plus-borasett-sds-7-stk-6-10mmx110mm-6-12mmx160mm\/#primaryimage"},"thumbnailUrl":"https:\/\/velarogverkfaeri.is\/wp-content\/uploads\/2024\/09\/d885b4dd-6625-4197-ba01-5f8fbfcea888-scaled.jpeg","datePublished":"2024-04-06T15:42:46+00:00","dateModified":"2025-04-25T19:07:49+00:00","breadcrumb":{"@id":"https:\/\/velarogverkfaeri.is\/verkfaeralausnir\/borar\/borasett\/product\/diager-booster-plus-borasett-sds-7-stk-6-10mmx110mm-6-12mmx160mm\/#breadcrumb"},"inLanguage":"en-US","potentialAction":[{"@type":"ReadAction","target":["https:\/\/velarogverkfaeri.is\/verkfaeralausnir\/borar\/borasett\/product\/diager-booster-plus-borasett-sds-7-stk-6-10mmx110mm-6-12mmx160mm\/"]}]},{"@type":"ImageObject","inLanguage":"en-US","@id":"https:\/\/velarogverkfaeri.is\/verkfaeralausnir\/borar\/borasett\/product\/diager-booster-plus-borasett-sds-7-stk-6-10mmx110mm-6-12mmx160mm\/#primaryimage","url":"https:\/\/velarogverkfaeri.is\/wp-content\/uploads\/2024\/09\/d885b4dd-6625-4197-ba01-5f8fbfcea888-scaled.jpeg","contentUrl":"https:\/\/velarogverkfaeri.is\/wp-content\/uploads\/2024\/09\/d885b4dd-6625-4197-ba01-5f8fbfcea888-scaled.jpeg","width":1417,"height":2560},{"@type":"BreadcrumbList","@id":"https:\/\/velarogverkfaeri.is\/verkfaeralausnir\/borar\/borasett\/product\/diager-booster-plus-borasett-sds-7-stk-6-10mmx110mm-6-12mmx160mm\/#breadcrumb","itemListElement":[{"@type":"ListItem","position":1,"name":"Home","item":"https:\/\/velarogverkfaeri.is\/"},{"@type":"ListItem","position":2,"name":"Vefverslun","item":"https:\/\/velarogverkfaeri.is\/vefverslun\/"},{"@type":"ListItem","position":3,"name":"DIAGER BOOSTER Plus Borasett SDS+ 7 stk 6-10mmx110mm \/ 6-12mmx160mm"}]},{"@type":"WebSite","@id":"https:\/\/velarogverkfaeri.is\/en\/#website","url":"https:\/\/velarogverkfaeri.is\/en\/","name":"V\u00e9lar & Verkf\u00e6ri","description":"Umbo\u00f0s- og heildverslun fr\u00e1 \u00e1rinu 1919","publisher":{"@id":"https:\/\/velarogverkfaeri.is\/en\/#organization"},"potentialAction":[{"@type":"SearchAction","target":{"@type":"EntryPoint","urlTemplate":"https:\/\/velarogverkfaeri.is\/en\/?s={search_term_string}"},"query-input":{"@type":"PropertyValueSpecification","valueRequired":true,"valueName":"search_term_string"}}],"inLanguage":"en-US"},{"@type":"Organization","@id":"https:\/\/velarogverkfaeri.is\/en\/#organization","name":"V\u00e9lar & Verkf\u00e6ri","url":"https:\/\/velarogverkfaeri.is\/en\/","logo":{"@type":"ImageObject","inLanguage":"en-US","@id":"https:\/\/velarogverkfaeri.is\/en\/#\/schema\/logo\/image\/","url":"https:\/\/velarogverkfaeri.is\/wp-content\/uploads\/2021\/10\/vv_logo_350x100.png","contentUrl":"https:\/\/velarogverkfaeri.is\/wp-content\/uploads\/2021\/10\/vv_logo_350x100.png","width":350,"height":100,"caption":"V\u00e9lar & Verkf\u00e6ri"},"image":{"@id":"https:\/\/velarogverkfaeri.is\/en\/#\/schema\/logo\/image\/"},"sameAs":["https:\/\/www.facebook.com\/VelarOgVerkfaeri"]}]}},"_links":{"self":[{"href":"https:\/\/velarogverkfaeri.is\/en\/wp-json\/wp\/v2\/product\/59354","targetHints":{"allow":["GET"]}}],"collection":[{"href":"https:\/\/velarogverkfaeri.is\/en\/wp-json\/wp\/v2\/product"}],"about":[{"href":"https:\/\/velarogverkfaeri.is\/en\/wp-json\/wp\/v2\/types\/product"}],"replies":[{"embeddable":true,"href":"https:\/\/velarogverkfaeri.is\/en\/wp-json\/wp\/v2\/comments?post=59354"}],"wp:featuredmedia":[{"embeddable":true,"href":"https:\/\/velarogverkfaeri.is\/en\/wp-json\/wp\/v2\/media\/65190"}],"wp:attachment":[{"href":"https:\/\/velarogverkfaeri.is\/en\/wp-json\/wp\/v2\/media?parent=59354"}],"wp:term":[{"taxonomy":"product_brand","embeddable":true,"href":"https:\/\/velarogverkfaeri.is\/en\/wp-json\/wp\/v2\/product_brand?post=59354"},{"taxonomy":"product_cat","embeddable":true,"href":"https:\/\/velarogverkfaeri.is\/en\/wp-json\/wp\/v2\/product_cat?post=59354"},{"taxonomy":"product_tag","embeddable":true,"href":"https:\/\/velarogverkfaeri.is\/en\/wp-json\/wp\/v2\/product_tag?post=59354"}],"curies":[{"name":"wp","href":"https:\/\/api.w.org\/{rel}","templated":true}]}}