{"id":59353,"date":"2024-04-06T15:42:46","date_gmt":"2024-04-06T15:42:46","guid":{"rendered":"https:\/\/velarogverkfaeri.is\/?post_type=product&#038;p=59353"},"modified":"2025-10-23T09:49:14","modified_gmt":"2025-10-23T09:49:14","slug":"diager-booster-plus-borasett-sds-10-stk-6-14mmx160mm","status":"publish","type":"product","link":"https:\/\/velarogverkfaeri.is\/en\/verkfaeralausnir\/borar\/borasett\/product\/diager-booster-plus-borasett-sds-10-stk-6-14mmx160mm\/","title":{"rendered":"DIAGER BOOSTER Plus Borasett SDS+ 10 stk 6-14mmx160mm"},"content":{"rendered":"<p><img decoding=\"async\" src=\"data:image\/png;base64,iVBORw0KGgoAAAANSUhEUgAAAP8AAAATCAYAAABfjtszAAAAAXNSR0IArs4c6QAAAARnQU1BAACxjwv8YQUAAAAJcEhZcwAADsMAAA7DAcdvqGQAAAjrSURBVHhe7Vo9b9tGGH6bdDM8shY8GR4ZOdpqtIsDmWOLjAbHFl3LX2ADBbxktXatUZ3R0ChH8pQa7aJE1lSk6GJAZtElrZGp7vPeB3l3JCVRVZO04gMoMb\/u3nve7yM\/ugOoQoUKK4d76v8KFSqsGCrnr1BhRVE5f4UKK4rK+StUWFFUzl+hwoqicv4KFVYUxqu+mC5aLboOjin05ZlijKlz1KPNKKI9T50S4PMd\/KvgBRRFe5TcMu7QUUdf9SjIPP+OYckj4YfH1Hh1RL2NiKJHUrh40KLWeSz+ZvA9NkdFfOTB5sgci+fpUJjMW4j4glqtHjQm4e2nsiYQ91xTcBzSLHVa67N0xrIOqTHHGAmY096mrXfA5tCnMDNmCQ6nrH9uDhPkz2vLW8ZWZ\/uRGPtlI8PROwc7v8TN3eDk8O7plTosxNXd08PDu8PDk7vBjTolIJ8\/\/D4d4Op74\/hmcHdiPnP1FGM8xWjvB0I2d34ho70GKacht7sOgMeazRtDcnfSVw9nxmIOXV5dOGOoY3v+ecaRuOmfWDxYOmPw+s3jaRBc4fmTASQw4OhazOncMzeHSkfpve7651+7fta1ZZeT+W1V+UBGHwa0jbkcvQfc\/w6QYeCWfr28pDfbTdopCEfj0yNqnY6I6j6t3dxSbXeXttb0xTNqX3oUfttMoplXb1KzLo\/G3TZdfvKYvvpUXfVqdH\/UpZ\/X5Xw8due3Gr09a1G726d+f0T3d3bptstz8nGfRvd2aJcn5Mj\/5AWt10bIAM\/EtX5co+bGGOfb1OXj\/oRqzZ38yIrs1HoOWZ3sE\/94Rv1fboluJmLurTVE8U6X3nz2DR08UAtd26LdprFuyNL5YZsef7FFfEpyZM7NmaVFfZb99gU9G3n0+OtdeW1tjd6O+jTU68IIW+uvqX32O+3syvEyiMfUv3xDjS+bSgaP7sfg5iM9BsC6+PNzybXgCtwnc+AUMs+T9mvIWKNfz\/pYX0hfqGvevQn1nxvys56et+mF0lM+5BqfwTT8+hrFf9ZoN5Ffc5jOsba1TpPuC3orOOZb5udwO+5R\/4\/PKVT38vpr90bUfb2ubG0ODoFiW47pJ4cT11bzIDnt0+ttn\/wbVAw7efeCi3aP\/tq2ORLPXq5T7QoVgbL1Sa0pjp+0u6l9a18q4ytTUK7n30BJeHxMUXNTnUgxfoVCtt4oKA9jiifgcMNkw8Oxek4hPu8RPJKOMUdYj6nXkuU3Hx+jhuLr6d0wiFcNeS0KyBuh3BRlLj8fUeCNqTfQZZuNXFk5IEwC9WxMwys8C0cbxh41HhRoHBg\/h8wPfWWkMP4De+7xKUr8uipD\/RDjGwEnb3wfcsVDGueLDtrAG\/gU8glgDNiw94keAwbWG5O\/o2bx9igyuWNHOyeUsSyHR3sR9GmUyFluPPIfepae8rCJ0ltwB53aiOkaoqbyMTza1BwDZTj0HmEet6WYOGTN4pBRaMtZTvQapqMB04XtHTTUcRbxoEPDh2EORwDsd7gjbT\/aB98dOLKwR23fPbowZCjnK\/ko5fz+o+k9Cjs3R6WjI\/U7tae3DUDeb6EeJH2VNF6fAq0EVigHkYQA9GFNbeA+NXCbtx8oo5UGmzEKgZxAxNmR+9QDfloGpfRZdjZc12tCBkqVoMZyDHsvYPI7dAFld0bob8W4JjiTYSz0rbQfOr2k7RhZcL8cUeNlS8nD\/arZX7Kh8hjqkOEHwpk6pxfIwnlz4ilkHx4vT16xvhGcSR1n4dOe5SwuHHmY08QBFuVQAbrroZpKbEFgFoeQeIYtm4gHcCQPHBaIwPAw3pTLAILZOeQs4skY33vQYIYc+3YCUClfycdSd\/vj81YSvUQWmCAbOwGgFLzNuRXEcIPLfIBTcMVgZBM7KOF6h4OsWlfoIcrqAJDjaAxkeBGNz5GBw7zNMnZgOV4wgdNZHLnBxwEHKgQg3lCSPAd0jajf0lUONB7zGJZMcKZQZo8eBRTmGKDIqDxetEk9K8ABQg+zjWkxLMohwFwUBNCpHJaA2JzjSin8Z5tzXL1Q0Tpy4epwBkr6CmOpzs+7rmkGktHbzBgx90IGlqGc8jANgzPwMLObzdfSAABHNctMkUV1W8CONh3uml2IqO1k1WRu4ei64sAPQSK+GlJsZSHIZ5X119NlmnVdZRkra4pWQ8Kq7NwgUQi3bJbZXv65IIeJ4+e86QA0h7qi0T\/n5c5UJI5v7vTn6GQm0FLyG4jUNz4MLM35mexiZ86LxNIAkt70HUI6HKoSUTI70RjK5TJS9OGqvy7MeIZTWGBlc6kqnBKlq3peGGLrYraxa564X1cVgvgVlb4mcjMAb7rJDCnLf22wHPzmcAjDQf0DQx5Ud277kIXM6rYDy2yfcpyDAg4FcI1bJg89b57jMzSHSUWjfvM6oNgQRJnOLZa1xgV0IvZLhL3JgCFeIcY9BBHjtfh7wPKc\/xH6bSwwNSS58aQ3j\/yms2kxRgkaI8vMqYylQpSU6m8TmTISfdQ+Ua9jOKyQW2\/Syd7SzmrcJqhSVZeu6nnBEZTOtEjIe9O9CoYMinbrkUL0g9PGyAlYvNEky3305qL813ri9XlYUro+cS\/0YvWmolrAuPkizYDu39MNKNlDwy7EeOU4FDoS16Y58nQOZ4GDtAg8Zb5vmAI7YMoNPfE9xZLGXxQfq\/8T8C7jkfpbYzrRGpIssZGlzlA9TCOj2HW+RsQ+giGKE6Kceh+L56jOexPRBsq6RB4Gy3RsRXrOHBHhPlQJ6oxRBsIhUNEMOasJS0bAayGas2LVwvwDKBgRvjPwkaXAURSIOTVH2Q90jKyYB+YxImsMwXMyhuFMfIrfYiDT+LpnxfPh\/hAOBDnZ+LC+cIJslKwva\/Qia9fNAFUScOBonznUEvMcupUqx2EwkR\/3xK6d8v1JezaDw6ngjTkxg7BlE7kfU\/2Xod73V1gU4qONeT4AmRNlPqopAo+xtI9Iynw0syA+RA5XAEvd8FtJIJMG9TENkzL8n4Bbpdh5bbUAeFOSZrznnhfc5mykr5X+FXyIHP7vQfQ3wNp1BN2vqPIAAAAASUVORK5CYII=\" alt=\"\"><\/p>","protected":false},"excerpt":{"rendered":"<p>Tegund:&nbsp;072B&nbsp;<\/p>\n<p>St\u00e6r\u00f0ir:&nbsp;6(X3)\/8(X3)\/10(X2)\/12\/14 mm x 160mm<\/p>","protected":false},"featured_media":65187,"comment_status":"closed","ping_status":"closed","template":"","meta":[],"product_brand":[],"product_cat":[585,806,515],"product_tag":[],"class_list":{"0":"post-59353","1":"product","2":"type-product","3":"status-publish","4":"has-post-thumbnail","6":"product_cat-borar","7":"product_cat-borasett","8":"product_cat-verkfaeralausnir","10":"first","11":"instock","12":"taxable","13":"shipping-taxable","14":"purchasable","15":"product-type-simple"},"yoast_head":"<!-- This site is optimized with the Yoast SEO plugin v27.3 - https:\/\/yoast.com\/product\/yoast-seo-wordpress\/ -->\n<title>DIAGER BOOSTER Plus Borasett SDS+ 10 stk 6-14mmx160mm - V\u00e9lar &amp; Verkf\u00e6ri<\/title>\n<meta name=\"robots\" content=\"index, follow, max-snippet:-1, max-image-preview:large, max-video-preview:-1\" \/>\n<link rel=\"canonical\" href=\"https:\/\/velarogverkfaeri.is\/en\/verkfaeralausnir\/borar\/borasett\/product\/diager-booster-plus-borasett-sds-10-stk-6-14mmx160mm\/\" \/>\n<meta property=\"og:locale\" content=\"en_US\" \/>\n<meta property=\"og:type\" content=\"article\" \/>\n<meta property=\"og:title\" content=\"DIAGER BOOSTER Plus Borasett SDS+ 10 stk 6-14mmx160mm - V\u00e9lar &amp; Verkf\u00e6ri\" \/>\n<meta property=\"og:description\" content=\"Tegund:&nbsp;072B&nbsp;St\u00e6r\u00f0ir:&nbsp;6(X3)\/8(X3)\/10(X2)\/12\/14 mm x 160mm\" \/>\n<meta property=\"og:url\" content=\"https:\/\/velarogverkfaeri.is\/en\/verkfaeralausnir\/borar\/borasett\/product\/diager-booster-plus-borasett-sds-10-stk-6-14mmx160mm\/\" \/>\n<meta property=\"og:site_name\" content=\"V\u00e9lar &amp; Verkf\u00e6ri\" \/>\n<meta property=\"article:publisher\" content=\"https:\/\/www.facebook.com\/VelarOgVerkfaeri\" \/>\n<meta property=\"article:modified_time\" content=\"2025-10-23T09:49:14+00:00\" \/>\n<meta property=\"og:image\" content=\"https:\/\/velarogverkfaeri.is\/wp-content\/uploads\/2024\/09\/3da988ee-8717-4171-bdfa-682b8ec91335-scaled.jpeg\" \/>\n\t<meta property=\"og:image:width\" content=\"2560\" \/>\n\t<meta property=\"og:image:height\" content=\"2251\" \/>\n\t<meta property=\"og:image:type\" content=\"image\/jpeg\" \/>\n<meta name=\"twitter:card\" content=\"summary_large_image\" \/>\n<script type=\"application\/ld+json\" class=\"yoast-schema-graph\">{\"@context\":\"https:\\\/\\\/schema.org\",\"@graph\":[{\"@type\":\"WebPage\",\"@id\":\"https:\\\/\\\/velarogverkfaeri.is\\\/verkfaeralausnir\\\/borar\\\/borasett\\\/product\\\/diager-booster-plus-borasett-sds-10-stk-6-14mmx160mm\\\/\",\"url\":\"https:\\\/\\\/velarogverkfaeri.is\\\/verkfaeralausnir\\\/borar\\\/borasett\\\/product\\\/diager-booster-plus-borasett-sds-10-stk-6-14mmx160mm\\\/\",\"name\":\"DIAGER BOOSTER Plus Borasett SDS+ 10 stk 6-14mmx160mm - V\u00e9lar &amp; Verkf\u00e6ri\",\"isPartOf\":{\"@id\":\"https:\\\/\\\/velarogverkfaeri.is\\\/en\\\/#website\"},\"primaryImageOfPage\":{\"@id\":\"https:\\\/\\\/velarogverkfaeri.is\\\/verkfaeralausnir\\\/borar\\\/borasett\\\/product\\\/diager-booster-plus-borasett-sds-10-stk-6-14mmx160mm\\\/#primaryimage\"},\"image\":{\"@id\":\"https:\\\/\\\/velarogverkfaeri.is\\\/verkfaeralausnir\\\/borar\\\/borasett\\\/product\\\/diager-booster-plus-borasett-sds-10-stk-6-14mmx160mm\\\/#primaryimage\"},\"thumbnailUrl\":\"https:\\\/\\\/velarogverkfaeri.is\\\/wp-content\\\/uploads\\\/2024\\\/09\\\/3da988ee-8717-4171-bdfa-682b8ec91335-scaled.jpeg\",\"datePublished\":\"2024-04-06T15:42:46+00:00\",\"dateModified\":\"2025-10-23T09:49:14+00:00\",\"breadcrumb\":{\"@id\":\"https:\\\/\\\/velarogverkfaeri.is\\\/verkfaeralausnir\\\/borar\\\/borasett\\\/product\\\/diager-booster-plus-borasett-sds-10-stk-6-14mmx160mm\\\/#breadcrumb\"},\"inLanguage\":\"en-US\",\"potentialAction\":[{\"@type\":\"ReadAction\",\"target\":[\"https:\\\/\\\/velarogverkfaeri.is\\\/verkfaeralausnir\\\/borar\\\/borasett\\\/product\\\/diager-booster-plus-borasett-sds-10-stk-6-14mmx160mm\\\/\"]}]},{\"@type\":\"ImageObject\",\"inLanguage\":\"en-US\",\"@id\":\"https:\\\/\\\/velarogverkfaeri.is\\\/verkfaeralausnir\\\/borar\\\/borasett\\\/product\\\/diager-booster-plus-borasett-sds-10-stk-6-14mmx160mm\\\/#primaryimage\",\"url\":\"https:\\\/\\\/velarogverkfaeri.is\\\/wp-content\\\/uploads\\\/2024\\\/09\\\/3da988ee-8717-4171-bdfa-682b8ec91335-scaled.jpeg\",\"contentUrl\":\"https:\\\/\\\/velarogverkfaeri.is\\\/wp-content\\\/uploads\\\/2024\\\/09\\\/3da988ee-8717-4171-bdfa-682b8ec91335-scaled.jpeg\",\"width\":2560,\"height\":2251},{\"@type\":\"BreadcrumbList\",\"@id\":\"https:\\\/\\\/velarogverkfaeri.is\\\/verkfaeralausnir\\\/borar\\\/borasett\\\/product\\\/diager-booster-plus-borasett-sds-10-stk-6-14mmx160mm\\\/#breadcrumb\",\"itemListElement\":[{\"@type\":\"ListItem\",\"position\":1,\"name\":\"Home\",\"item\":\"https:\\\/\\\/velarogverkfaeri.is\\\/\"},{\"@type\":\"ListItem\",\"position\":2,\"name\":\"Vefverslun\",\"item\":\"https:\\\/\\\/velarogverkfaeri.is\\\/vefverslun\\\/\"},{\"@type\":\"ListItem\",\"position\":3,\"name\":\"DIAGER BOOSTER Plus Borasett SDS+ 10 stk 6-14mmx160mm\"}]},{\"@type\":\"WebSite\",\"@id\":\"https:\\\/\\\/velarogverkfaeri.is\\\/en\\\/#website\",\"url\":\"https:\\\/\\\/velarogverkfaeri.is\\\/en\\\/\",\"name\":\"V\u00e9lar & Verkf\u00e6ri\",\"description\":\"Umbo\u00f0s- og heildverslun fr\u00e1 \u00e1rinu 1919\",\"publisher\":{\"@id\":\"https:\\\/\\\/velarogverkfaeri.is\\\/en\\\/#organization\"},\"potentialAction\":[{\"@type\":\"SearchAction\",\"target\":{\"@type\":\"EntryPoint\",\"urlTemplate\":\"https:\\\/\\\/velarogverkfaeri.is\\\/en\\\/?s={search_term_string}\"},\"query-input\":{\"@type\":\"PropertyValueSpecification\",\"valueRequired\":true,\"valueName\":\"search_term_string\"}}],\"inLanguage\":\"en-US\"},{\"@type\":\"Organization\",\"@id\":\"https:\\\/\\\/velarogverkfaeri.is\\\/en\\\/#organization\",\"name\":\"V\u00e9lar & Verkf\u00e6ri\",\"url\":\"https:\\\/\\\/velarogverkfaeri.is\\\/en\\\/\",\"logo\":{\"@type\":\"ImageObject\",\"inLanguage\":\"en-US\",\"@id\":\"https:\\\/\\\/velarogverkfaeri.is\\\/en\\\/#\\\/schema\\\/logo\\\/image\\\/\",\"url\":\"https:\\\/\\\/velarogverkfaeri.is\\\/wp-content\\\/uploads\\\/2021\\\/10\\\/vv_logo_350x100.png\",\"contentUrl\":\"https:\\\/\\\/velarogverkfaeri.is\\\/wp-content\\\/uploads\\\/2021\\\/10\\\/vv_logo_350x100.png\",\"width\":350,\"height\":100,\"caption\":\"V\u00e9lar & Verkf\u00e6ri\"},\"image\":{\"@id\":\"https:\\\/\\\/velarogverkfaeri.is\\\/en\\\/#\\\/schema\\\/logo\\\/image\\\/\"},\"sameAs\":[\"https:\\\/\\\/www.facebook.com\\\/VelarOgVerkfaeri\"]}]}<\/script>\n<!-- \/ Yoast SEO plugin. -->","yoast_head_json":{"title":"DIAGER BOOSTER Plus Borasett SDS+ 10 stk 6-14mmx160mm - V\u00e9lar &amp; Verkf\u00e6ri","robots":{"index":"index","follow":"follow","max-snippet":"max-snippet:-1","max-image-preview":"max-image-preview:large","max-video-preview":"max-video-preview:-1"},"canonical":"https:\/\/velarogverkfaeri.is\/en\/verkfaeralausnir\/borar\/borasett\/product\/diager-booster-plus-borasett-sds-10-stk-6-14mmx160mm\/","og_locale":"en_US","og_type":"article","og_title":"DIAGER BOOSTER Plus Borasett SDS+ 10 stk 6-14mmx160mm - V\u00e9lar &amp; Verkf\u00e6ri","og_description":"Tegund:&nbsp;072B&nbsp;St\u00e6r\u00f0ir:&nbsp;6(X3)\/8(X3)\/10(X2)\/12\/14 mm x 160mm","og_url":"https:\/\/velarogverkfaeri.is\/en\/verkfaeralausnir\/borar\/borasett\/product\/diager-booster-plus-borasett-sds-10-stk-6-14mmx160mm\/","og_site_name":"V\u00e9lar &amp; Verkf\u00e6ri","article_publisher":"https:\/\/www.facebook.com\/VelarOgVerkfaeri","article_modified_time":"2025-10-23T09:49:14+00:00","og_image":[{"width":2560,"height":2251,"url":"https:\/\/velarogverkfaeri.is\/wp-content\/uploads\/2024\/09\/3da988ee-8717-4171-bdfa-682b8ec91335-scaled.jpeg","type":"image\/jpeg"}],"twitter_card":"summary_large_image","schema":{"@context":"https:\/\/schema.org","@graph":[{"@type":"WebPage","@id":"https:\/\/velarogverkfaeri.is\/verkfaeralausnir\/borar\/borasett\/product\/diager-booster-plus-borasett-sds-10-stk-6-14mmx160mm\/","url":"https:\/\/velarogverkfaeri.is\/verkfaeralausnir\/borar\/borasett\/product\/diager-booster-plus-borasett-sds-10-stk-6-14mmx160mm\/","name":"DIAGER BOOSTER Plus Borasett SDS+ 10 stk 6-14mmx160mm - V\u00e9lar &amp; Verkf\u00e6ri","isPartOf":{"@id":"https:\/\/velarogverkfaeri.is\/en\/#website"},"primaryImageOfPage":{"@id":"https:\/\/velarogverkfaeri.is\/verkfaeralausnir\/borar\/borasett\/product\/diager-booster-plus-borasett-sds-10-stk-6-14mmx160mm\/#primaryimage"},"image":{"@id":"https:\/\/velarogverkfaeri.is\/verkfaeralausnir\/borar\/borasett\/product\/diager-booster-plus-borasett-sds-10-stk-6-14mmx160mm\/#primaryimage"},"thumbnailUrl":"https:\/\/velarogverkfaeri.is\/wp-content\/uploads\/2024\/09\/3da988ee-8717-4171-bdfa-682b8ec91335-scaled.jpeg","datePublished":"2024-04-06T15:42:46+00:00","dateModified":"2025-10-23T09:49:14+00:00","breadcrumb":{"@id":"https:\/\/velarogverkfaeri.is\/verkfaeralausnir\/borar\/borasett\/product\/diager-booster-plus-borasett-sds-10-stk-6-14mmx160mm\/#breadcrumb"},"inLanguage":"en-US","potentialAction":[{"@type":"ReadAction","target":["https:\/\/velarogverkfaeri.is\/verkfaeralausnir\/borar\/borasett\/product\/diager-booster-plus-borasett-sds-10-stk-6-14mmx160mm\/"]}]},{"@type":"ImageObject","inLanguage":"en-US","@id":"https:\/\/velarogverkfaeri.is\/verkfaeralausnir\/borar\/borasett\/product\/diager-booster-plus-borasett-sds-10-stk-6-14mmx160mm\/#primaryimage","url":"https:\/\/velarogverkfaeri.is\/wp-content\/uploads\/2024\/09\/3da988ee-8717-4171-bdfa-682b8ec91335-scaled.jpeg","contentUrl":"https:\/\/velarogverkfaeri.is\/wp-content\/uploads\/2024\/09\/3da988ee-8717-4171-bdfa-682b8ec91335-scaled.jpeg","width":2560,"height":2251},{"@type":"BreadcrumbList","@id":"https:\/\/velarogverkfaeri.is\/verkfaeralausnir\/borar\/borasett\/product\/diager-booster-plus-borasett-sds-10-stk-6-14mmx160mm\/#breadcrumb","itemListElement":[{"@type":"ListItem","position":1,"name":"Home","item":"https:\/\/velarogverkfaeri.is\/"},{"@type":"ListItem","position":2,"name":"Vefverslun","item":"https:\/\/velarogverkfaeri.is\/vefverslun\/"},{"@type":"ListItem","position":3,"name":"DIAGER BOOSTER Plus Borasett SDS+ 10 stk 6-14mmx160mm"}]},{"@type":"WebSite","@id":"https:\/\/velarogverkfaeri.is\/en\/#website","url":"https:\/\/velarogverkfaeri.is\/en\/","name":"V\u00e9lar & Verkf\u00e6ri","description":"Umbo\u00f0s- og heildverslun fr\u00e1 \u00e1rinu 1919","publisher":{"@id":"https:\/\/velarogverkfaeri.is\/en\/#organization"},"potentialAction":[{"@type":"SearchAction","target":{"@type":"EntryPoint","urlTemplate":"https:\/\/velarogverkfaeri.is\/en\/?s={search_term_string}"},"query-input":{"@type":"PropertyValueSpecification","valueRequired":true,"valueName":"search_term_string"}}],"inLanguage":"en-US"},{"@type":"Organization","@id":"https:\/\/velarogverkfaeri.is\/en\/#organization","name":"V\u00e9lar & Verkf\u00e6ri","url":"https:\/\/velarogverkfaeri.is\/en\/","logo":{"@type":"ImageObject","inLanguage":"en-US","@id":"https:\/\/velarogverkfaeri.is\/en\/#\/schema\/logo\/image\/","url":"https:\/\/velarogverkfaeri.is\/wp-content\/uploads\/2021\/10\/vv_logo_350x100.png","contentUrl":"https:\/\/velarogverkfaeri.is\/wp-content\/uploads\/2021\/10\/vv_logo_350x100.png","width":350,"height":100,"caption":"V\u00e9lar & Verkf\u00e6ri"},"image":{"@id":"https:\/\/velarogverkfaeri.is\/en\/#\/schema\/logo\/image\/"},"sameAs":["https:\/\/www.facebook.com\/VelarOgVerkfaeri"]}]}},"_links":{"self":[{"href":"https:\/\/velarogverkfaeri.is\/en\/wp-json\/wp\/v2\/product\/59353","targetHints":{"allow":["GET"]}}],"collection":[{"href":"https:\/\/velarogverkfaeri.is\/en\/wp-json\/wp\/v2\/product"}],"about":[{"href":"https:\/\/velarogverkfaeri.is\/en\/wp-json\/wp\/v2\/types\/product"}],"replies":[{"embeddable":true,"href":"https:\/\/velarogverkfaeri.is\/en\/wp-json\/wp\/v2\/comments?post=59353"}],"wp:featuredmedia":[{"embeddable":true,"href":"https:\/\/velarogverkfaeri.is\/en\/wp-json\/wp\/v2\/media\/65187"}],"wp:attachment":[{"href":"https:\/\/velarogverkfaeri.is\/en\/wp-json\/wp\/v2\/media?parent=59353"}],"wp:term":[{"taxonomy":"product_brand","embeddable":true,"href":"https:\/\/velarogverkfaeri.is\/en\/wp-json\/wp\/v2\/product_brand?post=59353"},{"taxonomy":"product_cat","embeddable":true,"href":"https:\/\/velarogverkfaeri.is\/en\/wp-json\/wp\/v2\/product_cat?post=59353"},{"taxonomy":"product_tag","embeddable":true,"href":"https:\/\/velarogverkfaeri.is\/en\/wp-json\/wp\/v2\/product_tag?post=59353"}],"curies":[{"name":"wp","href":"https:\/\/api.w.org\/{rel}","templated":true}]}}