{"id":58801,"date":"2023-04-28T17:50:08","date_gmt":"2023-04-28T17:50:08","guid":{"rendered":"https:\/\/velarogverkfaeri.is\/uncategorized\/product\/kletter-fix-brunastigi-n5-5-metra\/"},"modified":"2026-03-27T16:01:48","modified_gmt":"2026-03-27T16:01:48","slug":"kletter-fix-brunastigi-n5-5-metra","status":"publish","type":"product","link":"https:\/\/velarogverkfaeri.is\/en\/lykillausnir\/oryggisvorur\/eldvarnir-og-slokkvutaeki\/product\/kletter-fix-brunastigi-n5-5-metra\/","title":{"rendered":"Kletter-Fix Brunastigi N5 5 metra"},"content":{"rendered":"<p>Stiginn er <strong>GS-votta\u00f0ur samkv\u00e6mt DGUV 208-013<\/strong> og uppfyllir str\u00f6ngustu \u00f6ryggiskr\u00f6fur.<\/p>\n<p>Hann er \u00far <strong>st\u00e1lv\u00edr og l\u00e9ttum \u00e1lrimum<\/strong> og notar <strong>einkaleyfisvari\u00f0 fellingarkerfi<\/strong>, sem gerir hann a\u00f0 <strong>minnsta bj\u00f6rgunarstiga \u00ed heiminum<\/strong>&nbsp;\u00feannig a\u00f0 \u00fea\u00f0 fer ekki miki\u00f0 fyrir honum. Stiginn er <strong>vi\u00f0haldsfr\u00edr<\/strong>, endingarg\u00f3\u00f0ur og gerir&nbsp; f\u00f3lki kleift a\u00f0 <strong>komast \u00f6rugglega ni\u00f0ur \u00e1 innan vi\u00f0 3 m\u00edn\u00fatum<\/strong>.<\/p>\n<p>\u2714 GS-votta\u00f0ur bj\u00f6rgunarstigi<br \/>\u2714 Fyrirfer\u00f0arl\u00edtill \u2013 a\u00f0eins 33 cm \u00e1 breidd<br \/>\u2714 Fastur st\u00e1lkr\u00f3kur fyrir glugga e\u00f0a svalir<br \/>\u2714 Me\u00f0 bur\u00f0arkassa<br \/>\u2714 Framleiddur \u00ed \u00de\u00fdskalandi<\/p>","protected":false},"excerpt":{"rendered":"<p><strong style=\"color: rgb(0, 0, 0);\">Kletter-Fix KF N5 er&nbsp;<\/strong><span style=\"color: rgb(0, 0, 0);\">h\u00e1g\u00e6\u00f0a samanbrj\u00f3tanlegur bj\u00f6rgunarstigi sem tryggir \u00f6rugga r\u00fdming \u00ed ney\u00f0artilvikum.<\/span><\/p>","protected":false},"featured_media":58800,"comment_status":"closed","ping_status":"closed","template":"","meta":[],"product_brand":[],"product_cat":[699,517,602],"product_tag":[],"class_list":{"0":"post-58801","1":"product","2":"type-product","3":"status-publish","4":"has-post-thumbnail","6":"product_cat-eldvarnir-og-slokkvutaeki","7":"product_cat-lykillausnir","8":"product_cat-oryggisvorur","10":"first","11":"instock","12":"taxable","13":"shipping-taxable","14":"purchasable","15":"product-type-simple"},"yoast_head":"<!-- This site is optimized with the Yoast SEO plugin v27.3 - https:\/\/yoast.com\/product\/yoast-seo-wordpress\/ -->\n<title>Kletter-Fix Brunastigi N5 5 metra - V\u00e9lar &amp; Verkf\u00e6ri<\/title>\n<meta name=\"robots\" content=\"index, follow, max-snippet:-1, max-image-preview:large, max-video-preview:-1\" \/>\n<link rel=\"canonical\" href=\"https:\/\/velarogverkfaeri.is\/en\/lykillausnir\/oryggisvorur\/eldvarnir-og-slokkvutaeki\/product\/kletter-fix-brunastigi-n5-5-metra\/\" \/>\n<meta property=\"og:locale\" content=\"en_US\" \/>\n<meta property=\"og:type\" content=\"article\" \/>\n<meta property=\"og:title\" content=\"Kletter-Fix Brunastigi N5 5 metra - V\u00e9lar &amp; Verkf\u00e6ri\" \/>\n<meta property=\"og:description\" content=\"Kletter-Fix KF N5 er&nbsp;h\u00e1g\u00e6\u00f0a samanbrj\u00f3tanlegur bj\u00f6rgunarstigi sem tryggir \u00f6rugga r\u00fdming \u00ed ney\u00f0artilvikum.\" \/>\n<meta property=\"og:url\" content=\"https:\/\/velarogverkfaeri.is\/en\/lykillausnir\/oryggisvorur\/eldvarnir-og-slokkvutaeki\/product\/kletter-fix-brunastigi-n5-5-metra\/\" \/>\n<meta property=\"og:site_name\" content=\"V\u00e9lar &amp; Verkf\u00e6ri\" \/>\n<meta property=\"article:publisher\" content=\"https:\/\/www.facebook.com\/VelarOgVerkfaeri\" \/>\n<meta property=\"article:modified_time\" content=\"2026-03-27T16:01:48+00:00\" \/>\n<meta property=\"og:image\" content=\"https:\/\/velarogverkfaeri.is\/wp-content\/uploads\/2024\/03\/8296db7b-f559-4ec5-9136-4a205dafe9b5.jpeg\" \/>\n\t<meta property=\"og:image:width\" content=\"1000\" \/>\n\t<meta property=\"og:image:height\" content=\"744\" \/>\n\t<meta property=\"og:image:type\" content=\"image\/jpeg\" \/>\n<meta name=\"twitter:card\" content=\"summary_large_image\" \/>\n<script type=\"application\/ld+json\" class=\"yoast-schema-graph\">{\"@context\":\"https:\\\/\\\/schema.org\",\"@graph\":[{\"@type\":\"WebPage\",\"@id\":\"https:\\\/\\\/velarogverkfaeri.is\\\/lykillausnir\\\/oryggisvorur\\\/eldvarnir-og-slokkvutaeki\\\/product\\\/kletter-fix-brunastigi-n5-5-metra\\\/\",\"url\":\"https:\\\/\\\/velarogverkfaeri.is\\\/lykillausnir\\\/oryggisvorur\\\/eldvarnir-og-slokkvutaeki\\\/product\\\/kletter-fix-brunastigi-n5-5-metra\\\/\",\"name\":\"Kletter-Fix Brunastigi N5 5 metra - V\u00e9lar &amp; Verkf\u00e6ri\",\"isPartOf\":{\"@id\":\"https:\\\/\\\/velarogverkfaeri.is\\\/en\\\/#website\"},\"primaryImageOfPage\":{\"@id\":\"https:\\\/\\\/velarogverkfaeri.is\\\/lykillausnir\\\/oryggisvorur\\\/eldvarnir-og-slokkvutaeki\\\/product\\\/kletter-fix-brunastigi-n5-5-metra\\\/#primaryimage\"},\"image\":{\"@id\":\"https:\\\/\\\/velarogverkfaeri.is\\\/lykillausnir\\\/oryggisvorur\\\/eldvarnir-og-slokkvutaeki\\\/product\\\/kletter-fix-brunastigi-n5-5-metra\\\/#primaryimage\"},\"thumbnailUrl\":\"https:\\\/\\\/velarogverkfaeri.is\\\/wp-content\\\/uploads\\\/2024\\\/03\\\/8296db7b-f559-4ec5-9136-4a205dafe9b5.jpeg\",\"datePublished\":\"2023-04-28T17:50:08+00:00\",\"dateModified\":\"2026-03-27T16:01:48+00:00\",\"breadcrumb\":{\"@id\":\"https:\\\/\\\/velarogverkfaeri.is\\\/lykillausnir\\\/oryggisvorur\\\/eldvarnir-og-slokkvutaeki\\\/product\\\/kletter-fix-brunastigi-n5-5-metra\\\/#breadcrumb\"},\"inLanguage\":\"en-US\",\"potentialAction\":[{\"@type\":\"ReadAction\",\"target\":[\"https:\\\/\\\/velarogverkfaeri.is\\\/lykillausnir\\\/oryggisvorur\\\/eldvarnir-og-slokkvutaeki\\\/product\\\/kletter-fix-brunastigi-n5-5-metra\\\/\"]}]},{\"@type\":\"ImageObject\",\"inLanguage\":\"en-US\",\"@id\":\"https:\\\/\\\/velarogverkfaeri.is\\\/lykillausnir\\\/oryggisvorur\\\/eldvarnir-og-slokkvutaeki\\\/product\\\/kletter-fix-brunastigi-n5-5-metra\\\/#primaryimage\",\"url\":\"https:\\\/\\\/velarogverkfaeri.is\\\/wp-content\\\/uploads\\\/2024\\\/03\\\/8296db7b-f559-4ec5-9136-4a205dafe9b5.jpeg\",\"contentUrl\":\"https:\\\/\\\/velarogverkfaeri.is\\\/wp-content\\\/uploads\\\/2024\\\/03\\\/8296db7b-f559-4ec5-9136-4a205dafe9b5.jpeg\",\"width\":1000,\"height\":744},{\"@type\":\"BreadcrumbList\",\"@id\":\"https:\\\/\\\/velarogverkfaeri.is\\\/lykillausnir\\\/oryggisvorur\\\/eldvarnir-og-slokkvutaeki\\\/product\\\/kletter-fix-brunastigi-n5-5-metra\\\/#breadcrumb\",\"itemListElement\":[{\"@type\":\"ListItem\",\"position\":1,\"name\":\"Home\",\"item\":\"https:\\\/\\\/velarogverkfaeri.is\\\/\"},{\"@type\":\"ListItem\",\"position\":2,\"name\":\"Vefverslun\",\"item\":\"https:\\\/\\\/velarogverkfaeri.is\\\/vefverslun\\\/\"},{\"@type\":\"ListItem\",\"position\":3,\"name\":\"Kletter-Fix Brunastigi N5 5 metra\"}]},{\"@type\":\"WebSite\",\"@id\":\"https:\\\/\\\/velarogverkfaeri.is\\\/en\\\/#website\",\"url\":\"https:\\\/\\\/velarogverkfaeri.is\\\/en\\\/\",\"name\":\"V\u00e9lar & Verkf\u00e6ri\",\"description\":\"Umbo\u00f0s- og heildverslun fr\u00e1 \u00e1rinu 1919\",\"publisher\":{\"@id\":\"https:\\\/\\\/velarogverkfaeri.is\\\/en\\\/#organization\"},\"potentialAction\":[{\"@type\":\"SearchAction\",\"target\":{\"@type\":\"EntryPoint\",\"urlTemplate\":\"https:\\\/\\\/velarogverkfaeri.is\\\/en\\\/?s={search_term_string}\"},\"query-input\":{\"@type\":\"PropertyValueSpecification\",\"valueRequired\":true,\"valueName\":\"search_term_string\"}}],\"inLanguage\":\"en-US\"},{\"@type\":\"Organization\",\"@id\":\"https:\\\/\\\/velarogverkfaeri.is\\\/en\\\/#organization\",\"name\":\"V\u00e9lar & Verkf\u00e6ri\",\"url\":\"https:\\\/\\\/velarogverkfaeri.is\\\/en\\\/\",\"logo\":{\"@type\":\"ImageObject\",\"inLanguage\":\"en-US\",\"@id\":\"https:\\\/\\\/velarogverkfaeri.is\\\/en\\\/#\\\/schema\\\/logo\\\/image\\\/\",\"url\":\"https:\\\/\\\/velarogverkfaeri.is\\\/wp-content\\\/uploads\\\/2021\\\/10\\\/vv_logo_350x100.png\",\"contentUrl\":\"https:\\\/\\\/velarogverkfaeri.is\\\/wp-content\\\/uploads\\\/2021\\\/10\\\/vv_logo_350x100.png\",\"width\":350,\"height\":100,\"caption\":\"V\u00e9lar & Verkf\u00e6ri\"},\"image\":{\"@id\":\"https:\\\/\\\/velarogverkfaeri.is\\\/en\\\/#\\\/schema\\\/logo\\\/image\\\/\"},\"sameAs\":[\"https:\\\/\\\/www.facebook.com\\\/VelarOgVerkfaeri\"]}]}<\/script>\n<!-- \/ Yoast SEO plugin. -->","yoast_head_json":{"title":"Kletter-Fix Brunastigi N5 5 metra - V\u00e9lar &amp; Verkf\u00e6ri","robots":{"index":"index","follow":"follow","max-snippet":"max-snippet:-1","max-image-preview":"max-image-preview:large","max-video-preview":"max-video-preview:-1"},"canonical":"https:\/\/velarogverkfaeri.is\/en\/lykillausnir\/oryggisvorur\/eldvarnir-og-slokkvutaeki\/product\/kletter-fix-brunastigi-n5-5-metra\/","og_locale":"en_US","og_type":"article","og_title":"Kletter-Fix Brunastigi N5 5 metra - V\u00e9lar &amp; Verkf\u00e6ri","og_description":"Kletter-Fix KF N5 er&nbsp;h\u00e1g\u00e6\u00f0a samanbrj\u00f3tanlegur bj\u00f6rgunarstigi sem tryggir \u00f6rugga r\u00fdming \u00ed ney\u00f0artilvikum.","og_url":"https:\/\/velarogverkfaeri.is\/en\/lykillausnir\/oryggisvorur\/eldvarnir-og-slokkvutaeki\/product\/kletter-fix-brunastigi-n5-5-metra\/","og_site_name":"V\u00e9lar &amp; Verkf\u00e6ri","article_publisher":"https:\/\/www.facebook.com\/VelarOgVerkfaeri","article_modified_time":"2026-03-27T16:01:48+00:00","og_image":[{"width":1000,"height":744,"url":"https:\/\/velarogverkfaeri.is\/wp-content\/uploads\/2024\/03\/8296db7b-f559-4ec5-9136-4a205dafe9b5.jpeg","type":"image\/jpeg"}],"twitter_card":"summary_large_image","schema":{"@context":"https:\/\/schema.org","@graph":[{"@type":"WebPage","@id":"https:\/\/velarogverkfaeri.is\/lykillausnir\/oryggisvorur\/eldvarnir-og-slokkvutaeki\/product\/kletter-fix-brunastigi-n5-5-metra\/","url":"https:\/\/velarogverkfaeri.is\/lykillausnir\/oryggisvorur\/eldvarnir-og-slokkvutaeki\/product\/kletter-fix-brunastigi-n5-5-metra\/","name":"Kletter-Fix Brunastigi N5 5 metra - V\u00e9lar &amp; Verkf\u00e6ri","isPartOf":{"@id":"https:\/\/velarogverkfaeri.is\/en\/#website"},"primaryImageOfPage":{"@id":"https:\/\/velarogverkfaeri.is\/lykillausnir\/oryggisvorur\/eldvarnir-og-slokkvutaeki\/product\/kletter-fix-brunastigi-n5-5-metra\/#primaryimage"},"image":{"@id":"https:\/\/velarogverkfaeri.is\/lykillausnir\/oryggisvorur\/eldvarnir-og-slokkvutaeki\/product\/kletter-fix-brunastigi-n5-5-metra\/#primaryimage"},"thumbnailUrl":"https:\/\/velarogverkfaeri.is\/wp-content\/uploads\/2024\/03\/8296db7b-f559-4ec5-9136-4a205dafe9b5.jpeg","datePublished":"2023-04-28T17:50:08+00:00","dateModified":"2026-03-27T16:01:48+00:00","breadcrumb":{"@id":"https:\/\/velarogverkfaeri.is\/lykillausnir\/oryggisvorur\/eldvarnir-og-slokkvutaeki\/product\/kletter-fix-brunastigi-n5-5-metra\/#breadcrumb"},"inLanguage":"en-US","potentialAction":[{"@type":"ReadAction","target":["https:\/\/velarogverkfaeri.is\/lykillausnir\/oryggisvorur\/eldvarnir-og-slokkvutaeki\/product\/kletter-fix-brunastigi-n5-5-metra\/"]}]},{"@type":"ImageObject","inLanguage":"en-US","@id":"https:\/\/velarogverkfaeri.is\/lykillausnir\/oryggisvorur\/eldvarnir-og-slokkvutaeki\/product\/kletter-fix-brunastigi-n5-5-metra\/#primaryimage","url":"https:\/\/velarogverkfaeri.is\/wp-content\/uploads\/2024\/03\/8296db7b-f559-4ec5-9136-4a205dafe9b5.jpeg","contentUrl":"https:\/\/velarogverkfaeri.is\/wp-content\/uploads\/2024\/03\/8296db7b-f559-4ec5-9136-4a205dafe9b5.jpeg","width":1000,"height":744},{"@type":"BreadcrumbList","@id":"https:\/\/velarogverkfaeri.is\/lykillausnir\/oryggisvorur\/eldvarnir-og-slokkvutaeki\/product\/kletter-fix-brunastigi-n5-5-metra\/#breadcrumb","itemListElement":[{"@type":"ListItem","position":1,"name":"Home","item":"https:\/\/velarogverkfaeri.is\/"},{"@type":"ListItem","position":2,"name":"Vefverslun","item":"https:\/\/velarogverkfaeri.is\/vefverslun\/"},{"@type":"ListItem","position":3,"name":"Kletter-Fix Brunastigi N5 5 metra"}]},{"@type":"WebSite","@id":"https:\/\/velarogverkfaeri.is\/en\/#website","url":"https:\/\/velarogverkfaeri.is\/en\/","name":"V\u00e9lar & Verkf\u00e6ri","description":"Umbo\u00f0s- og heildverslun fr\u00e1 \u00e1rinu 1919","publisher":{"@id":"https:\/\/velarogverkfaeri.is\/en\/#organization"},"potentialAction":[{"@type":"SearchAction","target":{"@type":"EntryPoint","urlTemplate":"https:\/\/velarogverkfaeri.is\/en\/?s={search_term_string}"},"query-input":{"@type":"PropertyValueSpecification","valueRequired":true,"valueName":"search_term_string"}}],"inLanguage":"en-US"},{"@type":"Organization","@id":"https:\/\/velarogverkfaeri.is\/en\/#organization","name":"V\u00e9lar & Verkf\u00e6ri","url":"https:\/\/velarogverkfaeri.is\/en\/","logo":{"@type":"ImageObject","inLanguage":"en-US","@id":"https:\/\/velarogverkfaeri.is\/en\/#\/schema\/logo\/image\/","url":"https:\/\/velarogverkfaeri.is\/wp-content\/uploads\/2021\/10\/vv_logo_350x100.png","contentUrl":"https:\/\/velarogverkfaeri.is\/wp-content\/uploads\/2021\/10\/vv_logo_350x100.png","width":350,"height":100,"caption":"V\u00e9lar & Verkf\u00e6ri"},"image":{"@id":"https:\/\/velarogverkfaeri.is\/en\/#\/schema\/logo\/image\/"},"sameAs":["https:\/\/www.facebook.com\/VelarOgVerkfaeri"]}]}},"_links":{"self":[{"href":"https:\/\/velarogverkfaeri.is\/en\/wp-json\/wp\/v2\/product\/58801","targetHints":{"allow":["GET"]}}],"collection":[{"href":"https:\/\/velarogverkfaeri.is\/en\/wp-json\/wp\/v2\/product"}],"about":[{"href":"https:\/\/velarogverkfaeri.is\/en\/wp-json\/wp\/v2\/types\/product"}],"replies":[{"embeddable":true,"href":"https:\/\/velarogverkfaeri.is\/en\/wp-json\/wp\/v2\/comments?post=58801"}],"wp:featuredmedia":[{"embeddable":true,"href":"https:\/\/velarogverkfaeri.is\/en\/wp-json\/wp\/v2\/media\/58800"}],"wp:attachment":[{"href":"https:\/\/velarogverkfaeri.is\/en\/wp-json\/wp\/v2\/media?parent=58801"}],"wp:term":[{"taxonomy":"product_brand","embeddable":true,"href":"https:\/\/velarogverkfaeri.is\/en\/wp-json\/wp\/v2\/product_brand?post=58801"},{"taxonomy":"product_cat","embeddable":true,"href":"https:\/\/velarogverkfaeri.is\/en\/wp-json\/wp\/v2\/product_cat?post=58801"},{"taxonomy":"product_tag","embeddable":true,"href":"https:\/\/velarogverkfaeri.is\/en\/wp-json\/wp\/v2\/product_tag?post=58801"}],"curies":[{"name":"wp","href":"https:\/\/api.w.org\/{rel}","templated":true}]}}