{"id":58415,"date":"2024-03-11T15:02:13","date_gmt":"2024-03-11T15:02:13","guid":{"rendered":"https:\/\/velarogverkfaeri.is\/?post_type=product&#038;p=58415"},"modified":"2026-05-06T00:17:27","modified_gmt":"2026-05-06T00:17:27","slug":"yale-lyklabord-smart-keypad-2","status":"publish","type":"product","link":"https:\/\/velarogverkfaeri.is\/en\/lykillausnir\/snjallheimili\/laesingar\/product\/yale-lyklabord-smart-keypad-2\/","title":{"rendered":"YALE  Snjall Takkabor\u00f0  2"},"content":{"rendered":"<p><strong data-start=\"152\" data-end=\"175\">Yale Smart Keypad 2<\/strong> er n\u00fdjasta \u00fatg\u00e1fan af vins\u00e6la PIN-lyklabor\u00f0inu fr\u00e1 Yale, h\u00f6nnu\u00f0 til a\u00f0 veita flj\u00f3tlegan og \u00f6ruggan a\u00f0gang a\u00f0 Yale snjalll\u00e1sum \u2013 \u00e1n s\u00edma e\u00f0a lykils. Hvort sem \u00fea\u00f0 er fyrir fj\u00f6lskyldu, vini e\u00f0a gesti \u00e1 Airbnb, b\u00fd\u00f0ur Keypad 2 upp \u00e1 au\u00f0velda notkun og aukna stj\u00f3rn \u00e1 a\u00f0gangi.<\/p>\n<h3 data-start=\"454\" data-end=\"480\" class=\"\">\ud83d\udddd\ufe0f Helstu eiginleikar<\/h3>\n<\/p>\n<ul data-start=\"482\" data-end=\"916\">\n<li data-start=\"482\" data-end=\"558\" class=\"\">\n<p data-start=\"484\" data-end=\"558\" class=\"\"><strong data-start=\"484\" data-end=\"509\">A\u00f0gangur me\u00f0 PIN-k\u00f3\u00f0a<\/strong>: Opna\u00f0u hur\u00f0ina me\u00f0 4\u20136 stafa pers\u00f3nulegum k\u00f3\u00f0a.<\/p>\n<\/li>\n<li data-start=\"559\" data-end=\"640\" class=\"\">\n<p data-start=\"561\" data-end=\"640\" class=\"\"><strong data-start=\"561\" data-end=\"573\">Samh\u00e6fni<\/strong>: Virkar me\u00f0 Yale Linus\u00ae L2 og \u00f6\u00f0rum Yale Home studdum snjalll\u00e1sum.<\/p>\n<\/li>\n<li data-start=\"641\" data-end=\"705\" class=\"\">\n<p data-start=\"643\" data-end=\"705\" class=\"\"><strong data-start=\"643\" data-end=\"663\">\u00der\u00e1\u00f0laus tenging<\/strong>: Tengist snjalll\u00e1snum \u00ed gegnum Bluetooth.<\/p>\n<\/li>\n<li data-start=\"706\" data-end=\"758\" class=\"\">\n<p data-start=\"708\" data-end=\"758\" class=\"\"><strong data-start=\"708\" data-end=\"722\">Vatnsvari\u00f0<\/strong>: Hentar til \u00fatisetu (IP55 sta\u00f0all).<\/p>\n<\/li>\n<li data-start=\"759\" data-end=\"835\" class=\"\">\n<p data-start=\"761\" data-end=\"835\" class=\"\"><b>Fj\u00f6ldi notenda<\/b>: B\u00fa\u00f0u til allt a\u00f0 256 a\u00f0gangsk\u00f3\u00f0a \u00ed Yale Home appinu.<\/p>\n<\/li>\n<li data-start=\"836\" data-end=\"916\" class=\"\">\n<p data-start=\"838\" data-end=\"916\" class=\"\"><strong data-start=\"838\" data-end=\"860\">Lj\u00f3s og hlj\u00f3\u00f0merki<\/strong>: Tilkynningar \u00feegar k\u00f3\u00f0i er tekinn \u00ed notkun e\u00f0a hafna\u00f0.<\/p>\n<h3 data-start=\"923\" data-end=\"952\" class=\"\">\u2699\ufe0f T\u00e6knilegar uppl\u00fdsingar<\/h3>\n<p data-start=\"838\" data-end=\"916\" class=\"\">\n<ul data-start=\"954\" data-end=\"1136\">\n<li data-start=\"954\" data-end=\"999\" class=\"\">\n<p data-start=\"956\" data-end=\"999\" class=\"\"><strong data-start=\"956\" data-end=\"968\">Rafhla\u00f0a<\/strong>: 2x AAA rafhl\u00f6\u00f0ur (innifaldar)<\/p>\n<\/li>\n<li data-start=\"1000\" data-end=\"1029\" class=\"\">\n<p data-start=\"1002\" data-end=\"1029\" class=\"\"><strong data-start=\"1002\" data-end=\"1011\">St\u00e6r\u00f0<\/strong>: 38 \u00d7 102 \u00d7 24 mm<\/p>\n<\/li>\n<li data-start=\"1030\" data-end=\"1082\" class=\"\">\n<p data-start=\"1032\" data-end=\"1082\" class=\"\"><strong data-start=\"1032\" data-end=\"1041\">Litur<\/strong>: Matt svart<\/p>\n<\/li>\n<li data-start=\"1083\" data-end=\"1136\" class=\"\">\n<p data-start=\"1085\" data-end=\"1136\" class=\"\"><strong data-start=\"1085\" data-end=\"1099\">Uppsetning<\/strong>: Skr\u00fafa\u00f0 e\u00f0a l\u00edmt \u00e1 vegg vi\u00f0 inngang<\/p>\n<\/li>\n<\/ul>\n<\/li>\n<\/ul>","protected":false},"excerpt":{"rendered":"<p>\u00d6ruggur og \u00fe\u00e6gilegur a\u00f0gangur me\u00f0 PIN-k\u00f3\u00f0a e\u00f0a fingrafari.<\/p>","protected":false},"featured_media":71752,"comment_status":"closed","ping_status":"closed","template":"","meta":[],"product_brand":[],"product_cat":[861,517,853],"product_tag":[1144,875],"class_list":{"0":"post-58415","1":"product","2":"type-product","3":"status-publish","4":"has-post-thumbnail","6":"product_cat-laesingar","7":"product_cat-lykillausnir","8":"product_cat-snjallheimili","9":"product_tag-snjallvorudagar","10":"product_tag-yalehome","12":"first","13":"instock","14":"taxable","15":"shipping-taxable","16":"purchasable","17":"product-type-simple"},"yoast_head":"<!-- This site is optimized with the Yoast SEO plugin v27.3 - https:\/\/yoast.com\/product\/yoast-seo-wordpress\/ -->\n<title>YALE Snjall Takkabor\u00f0 2 - V\u00e9lar &amp; Verkf\u00e6ri<\/title>\n<meta name=\"robots\" content=\"index, follow, max-snippet:-1, max-image-preview:large, max-video-preview:-1\" \/>\n<link rel=\"canonical\" href=\"https:\/\/velarogverkfaeri.is\/en\/lykillausnir\/snjallheimili\/laesingar\/product\/yale-lyklabord-smart-keypad-2\/\" \/>\n<meta property=\"og:locale\" content=\"en_US\" \/>\n<meta property=\"og:type\" content=\"article\" \/>\n<meta property=\"og:title\" content=\"YALE Snjall Takkabor\u00f0 2 - V\u00e9lar &amp; Verkf\u00e6ri\" \/>\n<meta property=\"og:description\" content=\"\u00d6ruggur og \u00fe\u00e6gilegur a\u00f0gangur me\u00f0 PIN-k\u00f3\u00f0a e\u00f0a fingrafari.\" \/>\n<meta property=\"og:url\" content=\"https:\/\/velarogverkfaeri.is\/en\/lykillausnir\/snjallheimili\/laesingar\/product\/yale-lyklabord-smart-keypad-2\/\" \/>\n<meta property=\"og:site_name\" content=\"V\u00e9lar &amp; Verkf\u00e6ri\" \/>\n<meta property=\"article:publisher\" content=\"https:\/\/www.facebook.com\/VelarOgVerkfaeri\" \/>\n<meta property=\"article:modified_time\" content=\"2026-05-06T00:17:27+00:00\" \/>\n<meta property=\"og:image\" content=\"https:\/\/velarogverkfaeri.is\/wp-content\/uploads\/2025\/04\/b8a01f91-8ff5-4652-8a9f-9b887418e38b.png\" \/>\n\t<meta property=\"og:image:width\" content=\"359\" \/>\n\t<meta property=\"og:image:height\" content=\"491\" \/>\n\t<meta property=\"og:image:type\" content=\"image\/png\" \/>\n<meta name=\"twitter:card\" content=\"summary_large_image\" \/>\n<meta name=\"twitter:label1\" content=\"Est. reading time\" \/>\n\t<meta name=\"twitter:data1\" content=\"1 minute\" \/>\n<script type=\"application\/ld+json\" class=\"yoast-schema-graph\">{\"@context\":\"https:\\\/\\\/schema.org\",\"@graph\":[{\"@type\":\"WebPage\",\"@id\":\"https:\\\/\\\/velarogverkfaeri.is\\\/lykillausnir\\\/snjallheimili\\\/laesingar\\\/product\\\/yale-lyklabord-smart-keypad-2\\\/\",\"url\":\"https:\\\/\\\/velarogverkfaeri.is\\\/lykillausnir\\\/snjallheimili\\\/laesingar\\\/product\\\/yale-lyklabord-smart-keypad-2\\\/\",\"name\":\"YALE Snjall Takkabor\u00f0 2 - V\u00e9lar &amp; Verkf\u00e6ri\",\"isPartOf\":{\"@id\":\"https:\\\/\\\/velarogverkfaeri.is\\\/en\\\/#website\"},\"primaryImageOfPage\":{\"@id\":\"https:\\\/\\\/velarogverkfaeri.is\\\/lykillausnir\\\/snjallheimili\\\/laesingar\\\/product\\\/yale-lyklabord-smart-keypad-2\\\/#primaryimage\"},\"image\":{\"@id\":\"https:\\\/\\\/velarogverkfaeri.is\\\/lykillausnir\\\/snjallheimili\\\/laesingar\\\/product\\\/yale-lyklabord-smart-keypad-2\\\/#primaryimage\"},\"thumbnailUrl\":\"https:\\\/\\\/velarogverkfaeri.is\\\/wp-content\\\/uploads\\\/2025\\\/04\\\/b8a01f91-8ff5-4652-8a9f-9b887418e38b.png\",\"datePublished\":\"2024-03-11T15:02:13+00:00\",\"dateModified\":\"2026-05-06T00:17:27+00:00\",\"breadcrumb\":{\"@id\":\"https:\\\/\\\/velarogverkfaeri.is\\\/lykillausnir\\\/snjallheimili\\\/laesingar\\\/product\\\/yale-lyklabord-smart-keypad-2\\\/#breadcrumb\"},\"inLanguage\":\"en-US\",\"potentialAction\":[{\"@type\":\"ReadAction\",\"target\":[\"https:\\\/\\\/velarogverkfaeri.is\\\/lykillausnir\\\/snjallheimili\\\/laesingar\\\/product\\\/yale-lyklabord-smart-keypad-2\\\/\"]}]},{\"@type\":\"ImageObject\",\"inLanguage\":\"en-US\",\"@id\":\"https:\\\/\\\/velarogverkfaeri.is\\\/lykillausnir\\\/snjallheimili\\\/laesingar\\\/product\\\/yale-lyklabord-smart-keypad-2\\\/#primaryimage\",\"url\":\"https:\\\/\\\/velarogverkfaeri.is\\\/wp-content\\\/uploads\\\/2025\\\/04\\\/b8a01f91-8ff5-4652-8a9f-9b887418e38b.png\",\"contentUrl\":\"https:\\\/\\\/velarogverkfaeri.is\\\/wp-content\\\/uploads\\\/2025\\\/04\\\/b8a01f91-8ff5-4652-8a9f-9b887418e38b.png\",\"width\":359,\"height\":491},{\"@type\":\"BreadcrumbList\",\"@id\":\"https:\\\/\\\/velarogverkfaeri.is\\\/lykillausnir\\\/snjallheimili\\\/laesingar\\\/product\\\/yale-lyklabord-smart-keypad-2\\\/#breadcrumb\",\"itemListElement\":[{\"@type\":\"ListItem\",\"position\":1,\"name\":\"Home\",\"item\":\"https:\\\/\\\/velarogverkfaeri.is\\\/\"},{\"@type\":\"ListItem\",\"position\":2,\"name\":\"Vefverslun\",\"item\":\"https:\\\/\\\/velarogverkfaeri.is\\\/vefverslun\\\/\"},{\"@type\":\"ListItem\",\"position\":3,\"name\":\"YALE Snjall Takkabor\u00f0 2\"}]},{\"@type\":\"WebSite\",\"@id\":\"https:\\\/\\\/velarogverkfaeri.is\\\/en\\\/#website\",\"url\":\"https:\\\/\\\/velarogverkfaeri.is\\\/en\\\/\",\"name\":\"V\u00e9lar & Verkf\u00e6ri\",\"description\":\"Umbo\u00f0s- og heildverslun fr\u00e1 \u00e1rinu 1919\",\"publisher\":{\"@id\":\"https:\\\/\\\/velarogverkfaeri.is\\\/en\\\/#organization\"},\"potentialAction\":[{\"@type\":\"SearchAction\",\"target\":{\"@type\":\"EntryPoint\",\"urlTemplate\":\"https:\\\/\\\/velarogverkfaeri.is\\\/en\\\/?s={search_term_string}\"},\"query-input\":{\"@type\":\"PropertyValueSpecification\",\"valueRequired\":true,\"valueName\":\"search_term_string\"}}],\"inLanguage\":\"en-US\"},{\"@type\":\"Organization\",\"@id\":\"https:\\\/\\\/velarogverkfaeri.is\\\/en\\\/#organization\",\"name\":\"V\u00e9lar & Verkf\u00e6ri\",\"url\":\"https:\\\/\\\/velarogverkfaeri.is\\\/en\\\/\",\"logo\":{\"@type\":\"ImageObject\",\"inLanguage\":\"en-US\",\"@id\":\"https:\\\/\\\/velarogverkfaeri.is\\\/en\\\/#\\\/schema\\\/logo\\\/image\\\/\",\"url\":\"https:\\\/\\\/velarogverkfaeri.is\\\/wp-content\\\/uploads\\\/2021\\\/10\\\/vv_logo_350x100.png\",\"contentUrl\":\"https:\\\/\\\/velarogverkfaeri.is\\\/wp-content\\\/uploads\\\/2021\\\/10\\\/vv_logo_350x100.png\",\"width\":350,\"height\":100,\"caption\":\"V\u00e9lar & Verkf\u00e6ri\"},\"image\":{\"@id\":\"https:\\\/\\\/velarogverkfaeri.is\\\/en\\\/#\\\/schema\\\/logo\\\/image\\\/\"},\"sameAs\":[\"https:\\\/\\\/www.facebook.com\\\/VelarOgVerkfaeri\"]}]}<\/script>\n<!-- \/ Yoast SEO plugin. -->","yoast_head_json":{"title":"YALE Snjall Takkabor\u00f0 2 - V\u00e9lar &amp; Verkf\u00e6ri","robots":{"index":"index","follow":"follow","max-snippet":"max-snippet:-1","max-image-preview":"max-image-preview:large","max-video-preview":"max-video-preview:-1"},"canonical":"https:\/\/velarogverkfaeri.is\/en\/lykillausnir\/snjallheimili\/laesingar\/product\/yale-lyklabord-smart-keypad-2\/","og_locale":"en_US","og_type":"article","og_title":"YALE Snjall Takkabor\u00f0 2 - V\u00e9lar &amp; Verkf\u00e6ri","og_description":"\u00d6ruggur og \u00fe\u00e6gilegur a\u00f0gangur me\u00f0 PIN-k\u00f3\u00f0a e\u00f0a fingrafari.","og_url":"https:\/\/velarogverkfaeri.is\/en\/lykillausnir\/snjallheimili\/laesingar\/product\/yale-lyklabord-smart-keypad-2\/","og_site_name":"V\u00e9lar &amp; Verkf\u00e6ri","article_publisher":"https:\/\/www.facebook.com\/VelarOgVerkfaeri","article_modified_time":"2026-05-06T00:17:27+00:00","og_image":[{"width":359,"height":491,"url":"https:\/\/velarogverkfaeri.is\/wp-content\/uploads\/2025\/04\/b8a01f91-8ff5-4652-8a9f-9b887418e38b.png","type":"image\/png"}],"twitter_card":"summary_large_image","twitter_misc":{"Est. reading time":"1 minute"},"schema":{"@context":"https:\/\/schema.org","@graph":[{"@type":"WebPage","@id":"https:\/\/velarogverkfaeri.is\/lykillausnir\/snjallheimili\/laesingar\/product\/yale-lyklabord-smart-keypad-2\/","url":"https:\/\/velarogverkfaeri.is\/lykillausnir\/snjallheimili\/laesingar\/product\/yale-lyklabord-smart-keypad-2\/","name":"YALE Snjall Takkabor\u00f0 2 - V\u00e9lar &amp; Verkf\u00e6ri","isPartOf":{"@id":"https:\/\/velarogverkfaeri.is\/en\/#website"},"primaryImageOfPage":{"@id":"https:\/\/velarogverkfaeri.is\/lykillausnir\/snjallheimili\/laesingar\/product\/yale-lyklabord-smart-keypad-2\/#primaryimage"},"image":{"@id":"https:\/\/velarogverkfaeri.is\/lykillausnir\/snjallheimili\/laesingar\/product\/yale-lyklabord-smart-keypad-2\/#primaryimage"},"thumbnailUrl":"https:\/\/velarogverkfaeri.is\/wp-content\/uploads\/2025\/04\/b8a01f91-8ff5-4652-8a9f-9b887418e38b.png","datePublished":"2024-03-11T15:02:13+00:00","dateModified":"2026-05-06T00:17:27+00:00","breadcrumb":{"@id":"https:\/\/velarogverkfaeri.is\/lykillausnir\/snjallheimili\/laesingar\/product\/yale-lyklabord-smart-keypad-2\/#breadcrumb"},"inLanguage":"en-US","potentialAction":[{"@type":"ReadAction","target":["https:\/\/velarogverkfaeri.is\/lykillausnir\/snjallheimili\/laesingar\/product\/yale-lyklabord-smart-keypad-2\/"]}]},{"@type":"ImageObject","inLanguage":"en-US","@id":"https:\/\/velarogverkfaeri.is\/lykillausnir\/snjallheimili\/laesingar\/product\/yale-lyklabord-smart-keypad-2\/#primaryimage","url":"https:\/\/velarogverkfaeri.is\/wp-content\/uploads\/2025\/04\/b8a01f91-8ff5-4652-8a9f-9b887418e38b.png","contentUrl":"https:\/\/velarogverkfaeri.is\/wp-content\/uploads\/2025\/04\/b8a01f91-8ff5-4652-8a9f-9b887418e38b.png","width":359,"height":491},{"@type":"BreadcrumbList","@id":"https:\/\/velarogverkfaeri.is\/lykillausnir\/snjallheimili\/laesingar\/product\/yale-lyklabord-smart-keypad-2\/#breadcrumb","itemListElement":[{"@type":"ListItem","position":1,"name":"Home","item":"https:\/\/velarogverkfaeri.is\/"},{"@type":"ListItem","position":2,"name":"Vefverslun","item":"https:\/\/velarogverkfaeri.is\/vefverslun\/"},{"@type":"ListItem","position":3,"name":"YALE Snjall Takkabor\u00f0 2"}]},{"@type":"WebSite","@id":"https:\/\/velarogverkfaeri.is\/en\/#website","url":"https:\/\/velarogverkfaeri.is\/en\/","name":"V\u00e9lar & Verkf\u00e6ri","description":"Umbo\u00f0s- og heildverslun fr\u00e1 \u00e1rinu 1919","publisher":{"@id":"https:\/\/velarogverkfaeri.is\/en\/#organization"},"potentialAction":[{"@type":"SearchAction","target":{"@type":"EntryPoint","urlTemplate":"https:\/\/velarogverkfaeri.is\/en\/?s={search_term_string}"},"query-input":{"@type":"PropertyValueSpecification","valueRequired":true,"valueName":"search_term_string"}}],"inLanguage":"en-US"},{"@type":"Organization","@id":"https:\/\/velarogverkfaeri.is\/en\/#organization","name":"V\u00e9lar & Verkf\u00e6ri","url":"https:\/\/velarogverkfaeri.is\/en\/","logo":{"@type":"ImageObject","inLanguage":"en-US","@id":"https:\/\/velarogverkfaeri.is\/en\/#\/schema\/logo\/image\/","url":"https:\/\/velarogverkfaeri.is\/wp-content\/uploads\/2021\/10\/vv_logo_350x100.png","contentUrl":"https:\/\/velarogverkfaeri.is\/wp-content\/uploads\/2021\/10\/vv_logo_350x100.png","width":350,"height":100,"caption":"V\u00e9lar & Verkf\u00e6ri"},"image":{"@id":"https:\/\/velarogverkfaeri.is\/en\/#\/schema\/logo\/image\/"},"sameAs":["https:\/\/www.facebook.com\/VelarOgVerkfaeri"]}]}},"_links":{"self":[{"href":"https:\/\/velarogverkfaeri.is\/en\/wp-json\/wp\/v2\/product\/58415","targetHints":{"allow":["GET"]}}],"collection":[{"href":"https:\/\/velarogverkfaeri.is\/en\/wp-json\/wp\/v2\/product"}],"about":[{"href":"https:\/\/velarogverkfaeri.is\/en\/wp-json\/wp\/v2\/types\/product"}],"replies":[{"embeddable":true,"href":"https:\/\/velarogverkfaeri.is\/en\/wp-json\/wp\/v2\/comments?post=58415"}],"wp:featuredmedia":[{"embeddable":true,"href":"https:\/\/velarogverkfaeri.is\/en\/wp-json\/wp\/v2\/media\/71752"}],"wp:attachment":[{"href":"https:\/\/velarogverkfaeri.is\/en\/wp-json\/wp\/v2\/media?parent=58415"}],"wp:term":[{"taxonomy":"product_brand","embeddable":true,"href":"https:\/\/velarogverkfaeri.is\/en\/wp-json\/wp\/v2\/product_brand?post=58415"},{"taxonomy":"product_cat","embeddable":true,"href":"https:\/\/velarogverkfaeri.is\/en\/wp-json\/wp\/v2\/product_cat?post=58415"},{"taxonomy":"product_tag","embeddable":true,"href":"https:\/\/velarogverkfaeri.is\/en\/wp-json\/wp\/v2\/product_tag?post=58415"}],"curies":[{"name":"wp","href":"https:\/\/api.w.org\/{rel}","templated":true}]}}