{"id":58403,"date":"2024-03-11T14:17:14","date_gmt":"2024-03-11T14:17:14","guid":{"rendered":"https:\/\/velarogverkfaeri.is\/?post_type=product&#038;p=58403"},"modified":"2026-04-09T06:32:06","modified_gmt":"2026-04-09T06:32:06","slug":"yale-snjallt-thjofavarnarkerfi-startpakki","status":"publish","type":"product","link":"https:\/\/velarogverkfaeri.is\/en\/lykillausnir\/snjallheimili\/thjofavarnir-snjallheimili\/product\/yale-snjallt-thjofavarnarkerfi-startpakki\/","title":{"rendered":"YALE Snjallt \u00d6ryggiskerfi  grunnpakki"},"content":{"rendered":"<p>Setti\u00f0 inniheldur 5 hluti:<\/p>\n<ul>\n<li>Yale Smart Alarm Hub (1 stk)<\/li>\n<li>Yale hur\u00f0ar-\/gluggaskynjara (1 stk)<\/li>\n<li>Yale hreyfiskynjara (1 stk)<\/li>\n<li>Yale lyklabor\u00f0 (1 stk)<\/li>\n<li>Yale fjarst\u00fdring (1 stk)<\/li>\n<\/ul>\n<p><\/p>\n<p>H\u00e6gt er a\u00f0 nota pakkann me\u00f0 e\u00f0a \u00e1n \u00e1skriftar.<\/p>\n<p>H\u00e6gt er a\u00f0 nota hvort sem er allan pakkann e\u00f0a hluta af honum.<\/p>\n<p>H\u00e6gt er a\u00f0 skilgreina allt a\u00f0 4 \u00f6ryggissv\u00e6\u00f0i \u00ed Yale Home appinu.<\/p>\n<p>A\u00f0varanir berast \u00ed raunt\u00edma.<\/p>\n<p>Yale Horizon+-t\u00e6kni, 1 km dr\u00e6gni<\/p>\n<p>H\u00e6gt a\u00f0 b\u00e6ta vi\u00f0 allt a\u00f0 100 hlutum \u00ed kerfi\u00f0.<\/p>\n<p class=\"MsoNormal\"><b>Uppsetning \u00e1 Yale Home b\u00fana\u00f0i<\/b><o:p><\/o:p><\/p>\n<\/p>\n<p class=\"MsoNormal\">V\u00e9lar og verkf\u00e6ri bj\u00f3\u00f0a upp \u00e1 uppsetningu \u00e1 snj\u00f6llum \u00fej\u00f3favarnarkerfum fr\u00e1 Yale og<br \/>\n\u00f6\u00f0rum Yale Home b\u00fana\u00f0i. Grunngjald fyrir \u00feessa \u00fej\u00f3nustu er 19.840 kr. me\u00f0 vsk.<br \/>\nInnifali\u00f0 \u00ed \u00fev\u00ed er 30 m\u00edn\u00fatna vinna \u00e1 verksta\u00f0 en eftir \u00fea\u00f0 er rukka\u00f0<br \/>\nt\u00edmagjald. Til a\u00f0 panta \u00feessa \u00fej\u00f3nustu er best a\u00f0 senda t\u00f6lvup\u00f3st \u00e1&nbsp; lykillausnir@vv.is<o:p><\/o:p><\/p>","protected":false},"excerpt":{"rendered":"<p>Allt sem \u00fe\u00fa \u00fearft til a\u00f0 byrja a\u00f0 fylgjast me\u00f0 \u00fev\u00ed sem er a\u00f0 gerast heima hj\u00e1 \u00fe\u00e9r \u00far s\u00edmanum.<\/p>","protected":false},"featured_media":63865,"comment_status":"closed","ping_status":"closed","template":"","meta":[],"product_brand":[],"product_cat":[517,602,853,706,864],"product_tag":[1144,1029,875],"class_list":{"0":"post-58403","1":"product","2":"type-product","3":"status-publish","4":"has-post-thumbnail","6":"product_cat-lykillausnir","7":"product_cat-oryggisvorur","8":"product_cat-snjallheimili","9":"product_cat-thjofavarnir","10":"product_cat-thjofavarnir-snjallheimili","11":"product_tag-snjallvorudagar","12":"product_tag-sumaroryggi","13":"product_tag-yalehome","15":"first","16":"instock","17":"sale","18":"taxable","19":"shipping-taxable","20":"purchasable","21":"product-type-simple"},"yoast_head":"<!-- This site is optimized with the Yoast SEO plugin v27.3 - https:\/\/yoast.com\/product\/yoast-seo-wordpress\/ -->\n<title>YALE Snjallt \u00d6ryggiskerfi grunnpakki - V\u00e9lar &amp; Verkf\u00e6ri<\/title>\n<meta name=\"robots\" content=\"index, follow, max-snippet:-1, max-image-preview:large, max-video-preview:-1\" \/>\n<link rel=\"canonical\" href=\"https:\/\/velarogverkfaeri.is\/en\/lykillausnir\/snjallheimili\/thjofavarnir-snjallheimili\/product\/yale-snjallt-thjofavarnarkerfi-startpakki\/\" \/>\n<meta property=\"og:locale\" content=\"en_US\" \/>\n<meta property=\"og:type\" content=\"article\" \/>\n<meta property=\"og:title\" content=\"YALE Snjallt \u00d6ryggiskerfi grunnpakki - V\u00e9lar &amp; Verkf\u00e6ri\" \/>\n<meta property=\"og:description\" content=\"Allt sem \u00fe\u00fa \u00fearft til a\u00f0 byrja a\u00f0 fylgjast me\u00f0 \u00fev\u00ed sem er a\u00f0 gerast heima hj\u00e1 \u00fe\u00e9r \u00far s\u00edmanum.\" \/>\n<meta property=\"og:url\" content=\"https:\/\/velarogverkfaeri.is\/en\/lykillausnir\/snjallheimili\/thjofavarnir-snjallheimili\/product\/yale-snjallt-thjofavarnarkerfi-startpakki\/\" \/>\n<meta property=\"og:site_name\" content=\"V\u00e9lar &amp; Verkf\u00e6ri\" \/>\n<meta property=\"article:publisher\" content=\"https:\/\/www.facebook.com\/VelarOgVerkfaeri\" \/>\n<meta property=\"article:modified_time\" content=\"2026-04-09T06:32:06+00:00\" \/>\n<meta property=\"og:image\" content=\"https:\/\/velarogverkfaeri.is\/wp-content\/uploads\/2024\/08\/37cac8c0-18d9-4e81-8edd-8c82c3a39d4d.png\" \/>\n\t<meta property=\"og:image:width\" content=\"905\" \/>\n\t<meta property=\"og:image:height\" content=\"889\" \/>\n\t<meta property=\"og:image:type\" content=\"image\/png\" \/>\n<meta name=\"twitter:card\" content=\"summary_large_image\" \/>\n<meta name=\"twitter:label1\" content=\"Est. reading time\" \/>\n\t<meta name=\"twitter:data1\" content=\"1 minute\" \/>\n<script type=\"application\/ld+json\" class=\"yoast-schema-graph\">{\"@context\":\"https:\\\/\\\/schema.org\",\"@graph\":[{\"@type\":\"WebPage\",\"@id\":\"https:\\\/\\\/velarogverkfaeri.is\\\/lykillausnir\\\/snjallheimili\\\/thjofavarnir-snjallheimili\\\/product\\\/yale-snjallt-thjofavarnarkerfi-startpakki\\\/\",\"url\":\"https:\\\/\\\/velarogverkfaeri.is\\\/lykillausnir\\\/snjallheimili\\\/thjofavarnir-snjallheimili\\\/product\\\/yale-snjallt-thjofavarnarkerfi-startpakki\\\/\",\"name\":\"YALE Snjallt \u00d6ryggiskerfi grunnpakki - V\u00e9lar &amp; Verkf\u00e6ri\",\"isPartOf\":{\"@id\":\"https:\\\/\\\/velarogverkfaeri.is\\\/en\\\/#website\"},\"primaryImageOfPage\":{\"@id\":\"https:\\\/\\\/velarogverkfaeri.is\\\/lykillausnir\\\/snjallheimili\\\/thjofavarnir-snjallheimili\\\/product\\\/yale-snjallt-thjofavarnarkerfi-startpakki\\\/#primaryimage\"},\"image\":{\"@id\":\"https:\\\/\\\/velarogverkfaeri.is\\\/lykillausnir\\\/snjallheimili\\\/thjofavarnir-snjallheimili\\\/product\\\/yale-snjallt-thjofavarnarkerfi-startpakki\\\/#primaryimage\"},\"thumbnailUrl\":\"https:\\\/\\\/velarogverkfaeri.is\\\/wp-content\\\/uploads\\\/2024\\\/08\\\/37cac8c0-18d9-4e81-8edd-8c82c3a39d4d.png\",\"datePublished\":\"2024-03-11T14:17:14+00:00\",\"dateModified\":\"2026-04-09T06:32:06+00:00\",\"breadcrumb\":{\"@id\":\"https:\\\/\\\/velarogverkfaeri.is\\\/lykillausnir\\\/snjallheimili\\\/thjofavarnir-snjallheimili\\\/product\\\/yale-snjallt-thjofavarnarkerfi-startpakki\\\/#breadcrumb\"},\"inLanguage\":\"en-US\",\"potentialAction\":[{\"@type\":\"ReadAction\",\"target\":[\"https:\\\/\\\/velarogverkfaeri.is\\\/lykillausnir\\\/snjallheimili\\\/thjofavarnir-snjallheimili\\\/product\\\/yale-snjallt-thjofavarnarkerfi-startpakki\\\/\"]}]},{\"@type\":\"ImageObject\",\"inLanguage\":\"en-US\",\"@id\":\"https:\\\/\\\/velarogverkfaeri.is\\\/lykillausnir\\\/snjallheimili\\\/thjofavarnir-snjallheimili\\\/product\\\/yale-snjallt-thjofavarnarkerfi-startpakki\\\/#primaryimage\",\"url\":\"https:\\\/\\\/velarogverkfaeri.is\\\/wp-content\\\/uploads\\\/2024\\\/08\\\/37cac8c0-18d9-4e81-8edd-8c82c3a39d4d.png\",\"contentUrl\":\"https:\\\/\\\/velarogverkfaeri.is\\\/wp-content\\\/uploads\\\/2024\\\/08\\\/37cac8c0-18d9-4e81-8edd-8c82c3a39d4d.png\",\"width\":905,\"height\":889},{\"@type\":\"BreadcrumbList\",\"@id\":\"https:\\\/\\\/velarogverkfaeri.is\\\/lykillausnir\\\/snjallheimili\\\/thjofavarnir-snjallheimili\\\/product\\\/yale-snjallt-thjofavarnarkerfi-startpakki\\\/#breadcrumb\",\"itemListElement\":[{\"@type\":\"ListItem\",\"position\":1,\"name\":\"Home\",\"item\":\"https:\\\/\\\/velarogverkfaeri.is\\\/\"},{\"@type\":\"ListItem\",\"position\":2,\"name\":\"Vefverslun\",\"item\":\"https:\\\/\\\/velarogverkfaeri.is\\\/vefverslun\\\/\"},{\"@type\":\"ListItem\",\"position\":3,\"name\":\"YALE Snjallt \u00d6ryggiskerfi grunnpakki\"}]},{\"@type\":\"WebSite\",\"@id\":\"https:\\\/\\\/velarogverkfaeri.is\\\/en\\\/#website\",\"url\":\"https:\\\/\\\/velarogverkfaeri.is\\\/en\\\/\",\"name\":\"V\u00e9lar & Verkf\u00e6ri\",\"description\":\"Umbo\u00f0s- og heildverslun fr\u00e1 \u00e1rinu 1919\",\"publisher\":{\"@id\":\"https:\\\/\\\/velarogverkfaeri.is\\\/en\\\/#organization\"},\"potentialAction\":[{\"@type\":\"SearchAction\",\"target\":{\"@type\":\"EntryPoint\",\"urlTemplate\":\"https:\\\/\\\/velarogverkfaeri.is\\\/en\\\/?s={search_term_string}\"},\"query-input\":{\"@type\":\"PropertyValueSpecification\",\"valueRequired\":true,\"valueName\":\"search_term_string\"}}],\"inLanguage\":\"en-US\"},{\"@type\":\"Organization\",\"@id\":\"https:\\\/\\\/velarogverkfaeri.is\\\/en\\\/#organization\",\"name\":\"V\u00e9lar & Verkf\u00e6ri\",\"url\":\"https:\\\/\\\/velarogverkfaeri.is\\\/en\\\/\",\"logo\":{\"@type\":\"ImageObject\",\"inLanguage\":\"en-US\",\"@id\":\"https:\\\/\\\/velarogverkfaeri.is\\\/en\\\/#\\\/schema\\\/logo\\\/image\\\/\",\"url\":\"https:\\\/\\\/velarogverkfaeri.is\\\/wp-content\\\/uploads\\\/2021\\\/10\\\/vv_logo_350x100.png\",\"contentUrl\":\"https:\\\/\\\/velarogverkfaeri.is\\\/wp-content\\\/uploads\\\/2021\\\/10\\\/vv_logo_350x100.png\",\"width\":350,\"height\":100,\"caption\":\"V\u00e9lar & Verkf\u00e6ri\"},\"image\":{\"@id\":\"https:\\\/\\\/velarogverkfaeri.is\\\/en\\\/#\\\/schema\\\/logo\\\/image\\\/\"},\"sameAs\":[\"https:\\\/\\\/www.facebook.com\\\/VelarOgVerkfaeri\"]}]}<\/script>\n<!-- \/ Yoast SEO plugin. -->","yoast_head_json":{"title":"YALE Snjallt \u00d6ryggiskerfi grunnpakki - V\u00e9lar &amp; Verkf\u00e6ri","robots":{"index":"index","follow":"follow","max-snippet":"max-snippet:-1","max-image-preview":"max-image-preview:large","max-video-preview":"max-video-preview:-1"},"canonical":"https:\/\/velarogverkfaeri.is\/en\/lykillausnir\/snjallheimili\/thjofavarnir-snjallheimili\/product\/yale-snjallt-thjofavarnarkerfi-startpakki\/","og_locale":"en_US","og_type":"article","og_title":"YALE Snjallt \u00d6ryggiskerfi grunnpakki - V\u00e9lar &amp; Verkf\u00e6ri","og_description":"Allt sem \u00fe\u00fa \u00fearft til a\u00f0 byrja a\u00f0 fylgjast me\u00f0 \u00fev\u00ed sem er a\u00f0 gerast heima hj\u00e1 \u00fe\u00e9r \u00far s\u00edmanum.","og_url":"https:\/\/velarogverkfaeri.is\/en\/lykillausnir\/snjallheimili\/thjofavarnir-snjallheimili\/product\/yale-snjallt-thjofavarnarkerfi-startpakki\/","og_site_name":"V\u00e9lar &amp; Verkf\u00e6ri","article_publisher":"https:\/\/www.facebook.com\/VelarOgVerkfaeri","article_modified_time":"2026-04-09T06:32:06+00:00","og_image":[{"width":905,"height":889,"url":"https:\/\/velarogverkfaeri.is\/wp-content\/uploads\/2024\/08\/37cac8c0-18d9-4e81-8edd-8c82c3a39d4d.png","type":"image\/png"}],"twitter_card":"summary_large_image","twitter_misc":{"Est. reading time":"1 minute"},"schema":{"@context":"https:\/\/schema.org","@graph":[{"@type":"WebPage","@id":"https:\/\/velarogverkfaeri.is\/lykillausnir\/snjallheimili\/thjofavarnir-snjallheimili\/product\/yale-snjallt-thjofavarnarkerfi-startpakki\/","url":"https:\/\/velarogverkfaeri.is\/lykillausnir\/snjallheimili\/thjofavarnir-snjallheimili\/product\/yale-snjallt-thjofavarnarkerfi-startpakki\/","name":"YALE Snjallt \u00d6ryggiskerfi grunnpakki - V\u00e9lar &amp; Verkf\u00e6ri","isPartOf":{"@id":"https:\/\/velarogverkfaeri.is\/en\/#website"},"primaryImageOfPage":{"@id":"https:\/\/velarogverkfaeri.is\/lykillausnir\/snjallheimili\/thjofavarnir-snjallheimili\/product\/yale-snjallt-thjofavarnarkerfi-startpakki\/#primaryimage"},"image":{"@id":"https:\/\/velarogverkfaeri.is\/lykillausnir\/snjallheimili\/thjofavarnir-snjallheimili\/product\/yale-snjallt-thjofavarnarkerfi-startpakki\/#primaryimage"},"thumbnailUrl":"https:\/\/velarogverkfaeri.is\/wp-content\/uploads\/2024\/08\/37cac8c0-18d9-4e81-8edd-8c82c3a39d4d.png","datePublished":"2024-03-11T14:17:14+00:00","dateModified":"2026-04-09T06:32:06+00:00","breadcrumb":{"@id":"https:\/\/velarogverkfaeri.is\/lykillausnir\/snjallheimili\/thjofavarnir-snjallheimili\/product\/yale-snjallt-thjofavarnarkerfi-startpakki\/#breadcrumb"},"inLanguage":"en-US","potentialAction":[{"@type":"ReadAction","target":["https:\/\/velarogverkfaeri.is\/lykillausnir\/snjallheimili\/thjofavarnir-snjallheimili\/product\/yale-snjallt-thjofavarnarkerfi-startpakki\/"]}]},{"@type":"ImageObject","inLanguage":"en-US","@id":"https:\/\/velarogverkfaeri.is\/lykillausnir\/snjallheimili\/thjofavarnir-snjallheimili\/product\/yale-snjallt-thjofavarnarkerfi-startpakki\/#primaryimage","url":"https:\/\/velarogverkfaeri.is\/wp-content\/uploads\/2024\/08\/37cac8c0-18d9-4e81-8edd-8c82c3a39d4d.png","contentUrl":"https:\/\/velarogverkfaeri.is\/wp-content\/uploads\/2024\/08\/37cac8c0-18d9-4e81-8edd-8c82c3a39d4d.png","width":905,"height":889},{"@type":"BreadcrumbList","@id":"https:\/\/velarogverkfaeri.is\/lykillausnir\/snjallheimili\/thjofavarnir-snjallheimili\/product\/yale-snjallt-thjofavarnarkerfi-startpakki\/#breadcrumb","itemListElement":[{"@type":"ListItem","position":1,"name":"Home","item":"https:\/\/velarogverkfaeri.is\/"},{"@type":"ListItem","position":2,"name":"Vefverslun","item":"https:\/\/velarogverkfaeri.is\/vefverslun\/"},{"@type":"ListItem","position":3,"name":"YALE Snjallt \u00d6ryggiskerfi grunnpakki"}]},{"@type":"WebSite","@id":"https:\/\/velarogverkfaeri.is\/en\/#website","url":"https:\/\/velarogverkfaeri.is\/en\/","name":"V\u00e9lar & Verkf\u00e6ri","description":"Umbo\u00f0s- og heildverslun fr\u00e1 \u00e1rinu 1919","publisher":{"@id":"https:\/\/velarogverkfaeri.is\/en\/#organization"},"potentialAction":[{"@type":"SearchAction","target":{"@type":"EntryPoint","urlTemplate":"https:\/\/velarogverkfaeri.is\/en\/?s={search_term_string}"},"query-input":{"@type":"PropertyValueSpecification","valueRequired":true,"valueName":"search_term_string"}}],"inLanguage":"en-US"},{"@type":"Organization","@id":"https:\/\/velarogverkfaeri.is\/en\/#organization","name":"V\u00e9lar & Verkf\u00e6ri","url":"https:\/\/velarogverkfaeri.is\/en\/","logo":{"@type":"ImageObject","inLanguage":"en-US","@id":"https:\/\/velarogverkfaeri.is\/en\/#\/schema\/logo\/image\/","url":"https:\/\/velarogverkfaeri.is\/wp-content\/uploads\/2021\/10\/vv_logo_350x100.png","contentUrl":"https:\/\/velarogverkfaeri.is\/wp-content\/uploads\/2021\/10\/vv_logo_350x100.png","width":350,"height":100,"caption":"V\u00e9lar & Verkf\u00e6ri"},"image":{"@id":"https:\/\/velarogverkfaeri.is\/en\/#\/schema\/logo\/image\/"},"sameAs":["https:\/\/www.facebook.com\/VelarOgVerkfaeri"]}]}},"_links":{"self":[{"href":"https:\/\/velarogverkfaeri.is\/en\/wp-json\/wp\/v2\/product\/58403","targetHints":{"allow":["GET"]}}],"collection":[{"href":"https:\/\/velarogverkfaeri.is\/en\/wp-json\/wp\/v2\/product"}],"about":[{"href":"https:\/\/velarogverkfaeri.is\/en\/wp-json\/wp\/v2\/types\/product"}],"replies":[{"embeddable":true,"href":"https:\/\/velarogverkfaeri.is\/en\/wp-json\/wp\/v2\/comments?post=58403"}],"wp:featuredmedia":[{"embeddable":true,"href":"https:\/\/velarogverkfaeri.is\/en\/wp-json\/wp\/v2\/media\/63865"}],"wp:attachment":[{"href":"https:\/\/velarogverkfaeri.is\/en\/wp-json\/wp\/v2\/media?parent=58403"}],"wp:term":[{"taxonomy":"product_brand","embeddable":true,"href":"https:\/\/velarogverkfaeri.is\/en\/wp-json\/wp\/v2\/product_brand?post=58403"},{"taxonomy":"product_cat","embeddable":true,"href":"https:\/\/velarogverkfaeri.is\/en\/wp-json\/wp\/v2\/product_cat?post=58403"},{"taxonomy":"product_tag","embeddable":true,"href":"https:\/\/velarogverkfaeri.is\/en\/wp-json\/wp\/v2\/product_tag?post=58403"}],"curies":[{"name":"wp","href":"https:\/\/api.w.org\/{rel}","templated":true}]}}